{"id":132520,"date":"2025-06-25T08:47:52","date_gmt":"2025-06-25T08:47:52","guid":{"rendered":"https:\/\/gloopbaby.com\/?post_type=product&#038;p=132520"},"modified":"2026-04-20T13:59:51","modified_gmt":"2026-04-20T13:59:51","slug":"couverture-siege-auto-sleepy","status":"publish","type":"product","link":"https:\/\/gloopbaby.com\/fr\/produit\/on-the-go-fr\/accessoires-pour-poussette\/couverture-siege-auto\/couverture-siege-auto-sleepy\/","title":{"rendered":"Couverture si\u00e8ge auto Sleepy"},"content":{"rendered":"<pre id=\"tw-target-text\" class=\"tw-data-text tw-text-large tw-ta\" dir=\"ltr\" tabindex=\"-1\" role=\"text\" data-placeholder=\"Tradu\u00e7\u00e3o\" data-ved=\"2ahUKEwiPuqDOgvyTAxWxU6QEHf9VKDYQ3ewLegQIDRAV\" aria-label=\"Texto traduzido: La couverture pour si\u00e8ge auto gloop! allie confort et praticit\u00e9, vous permettant de sortir votre b\u00e9b\u00e9 de son si\u00e8ge auto sans le d\u00e9couvrir. Confectionn\u00e9e en coton 100 % biologique, elle est douce et respectueuse de la peau sensible de votre b\u00e9b\u00e9. Ses ouvertures pratiques facilitent l'installation et le retrait de votre b\u00e9b\u00e9, m\u00eame lorsqu'il dort. L'ext\u00e9rieur est en coton 100 % biologique certifi\u00e9 et l'int\u00e9rieur en polyester, garantissant r\u00e9sistance et durabilit\u00e9. Fabriqu\u00e9e au Portugal, cette couverture mesure 100 x 100 cm, une taille id\u00e9ale pour une poussette ou un si\u00e8ge auto. Un accessoire indispensable pour le quotidien de votre b\u00e9b\u00e9, alliant qualit\u00e9 et style.\"><span class=\"Y2IQFc\" lang=\"fr\">La couverture pour si\u00e8ge auto gloop! allie confort et praticit\u00e9, vous permettant de sortir votre b\u00e9b\u00e9 de son si\u00e8ge auto sans le d\u00e9couvrir. Confectionn\u00e9e en coton 100% biologique, elle est douce et respectueuse de la peau sensible de votre b\u00e9b\u00e9. Ses ouvertures pratiques facilitent l'installation et le retrait de votre b\u00e9b\u00e9, m\u00eame lorsqu'il dort. L'ext\u00e9rieur est en coton 100% biologique certifi\u00e9 et l'int\u00e9rieur en polyester, garantissant r\u00e9sistance et durabilit\u00e9. Fabriqu\u00e9e au Portugal, cette couverture mesure 100 x 100 cm, une taille id\u00e9ale pour une poussette ou un si\u00e8ge auto. Un accessoire indispensable pour le quotidien de votre b\u00e9b\u00e9, alliant qualit\u00e9 et style.<\/span><\/pre>\n","protected":false},"excerpt":{"rendered":"<p>La couverture pour si\u00e8ge auto gloop! allie confort et praticit\u00e9, vous permettant de sortir votre b\u00e9b\u00e9 de son si\u00e8ge auto sans le d\u00e9couvrir. Confectionn\u00e9e en coton 100% biologique, elle est douce et respectueuse de la peau sensible de votre b\u00e9b\u00e9. Ses ouvertures pratiques facilitent l&rsquo;installation et le retrait de votre b\u00e9b\u00e9, m\u00eame lorsqu&rsquo;il dort. L&rsquo;ext\u00e9rieur [&hellip;]<\/p>\n","protected":false},"featured_media":135121,"comment_status":"closed","ping_status":"closed","template":"","meta":{"_acf_changed":false},"product_brand":[],"product_cat":[1909,1582,1425,1424,1783],"product_tag":[],"class_list":{"0":"post-132520","1":"product","2":"type-product","3":"status-publish","4":"has-post-thumbnail","6":"product_cat-accessoires-pour-poussette","7":"product_cat-collections-fr","8":"product_cat-couverture-siege-auto","9":"product_cat-on-the-go-fr","10":"product_cat-sleepy-fr","12":"first","13":"instock","14":"sale","15":"taxable","16":"shipping-taxable","17":"purchasable","18":"product-type-simple"},"acf":[],"yoast_head":"<!-- This site is optimized with the Yoast SEO plugin v27.5 - https:\/\/yoast.com\/product\/yoast-seo-wordpress\/ -->\n<title>Couverture si\u00e8ge auto Sleepy - Gloop Baby<\/title>\n<meta name=\"robots\" content=\"index, follow, max-snippet:-1, max-image-preview:large, max-video-preview:-1\" \/>\n<link rel=\"canonical\" href=\"https:\/\/gloopbaby.com\/fr\/produit\/on-the-go-fr\/accessoires-pour-poussette\/couverture-siege-auto\/couverture-siege-auto-sleepy\/\" \/>\n<meta property=\"og:locale\" content=\"fr_FR\" \/>\n<meta property=\"og:type\" content=\"article\" \/>\n<meta property=\"og:title\" content=\"Couverture si\u00e8ge auto Sleepy - Gloop Baby\" \/>\n<meta property=\"og:description\" content=\"La couverture pour si\u00e8ge auto gloop! allie confort et praticit\u00e9, vous permettant de sortir votre b\u00e9b\u00e9 de son si\u00e8ge auto sans le d\u00e9couvrir. Confectionn\u00e9e en coton 100% biologique, elle est douce et respectueuse de la peau sensible de votre b\u00e9b\u00e9. Ses ouvertures pratiques facilitent l&#039;installation et le retrait de votre b\u00e9b\u00e9, m\u00eame lorsqu&#039;il dort. L&#039;ext\u00e9rieur [&hellip;]\" \/>\n<meta property=\"og:url\" content=\"https:\/\/gloopbaby.com\/fr\/produit\/on-the-go-fr\/accessoires-pour-poussette\/couverture-siege-auto\/couverture-siege-auto-sleepy\/\" \/>\n<meta property=\"og:site_name\" content=\"Gloop Baby\" \/>\n<meta property=\"article:modified_time\" content=\"2026-04-20T13:59:51+00:00\" \/>\n<meta property=\"og:image\" content=\"https:\/\/gloopbaby.com\/wp-content\/uploads\/2025\/06\/manta-ovo-56-2.jpg\" \/>\n\t<meta property=\"og:image:width\" content=\"600\" \/>\n\t<meta property=\"og:image:height\" content=\"900\" \/>\n\t<meta property=\"og:image:type\" content=\"image\/jpeg\" \/>\n<meta name=\"twitter:card\" content=\"summary_large_image\" \/>\n<meta name=\"twitter:label1\" content=\"Dur\u00e9e de lecture estim\u00e9e\" \/>\n\t<meta name=\"twitter:data1\" content=\"1 minute\" \/>\n<script type=\"application\/ld+json\" class=\"yoast-schema-graph\">{\"@context\":\"https:\\\/\\\/schema.org\",\"@graph\":[{\"@type\":\"WebPage\",\"@id\":\"https:\\\/\\\/gloopbaby.com\\\/fr\\\/produit\\\/on-the-go-fr\\\/accessoires-pour-poussette\\\/couverture-siege-auto\\\/couverture-siege-auto-sleepy\\\/\",\"url\":\"https:\\\/\\\/gloopbaby.com\\\/fr\\\/produit\\\/on-the-go-fr\\\/accessoires-pour-poussette\\\/couverture-siege-auto\\\/couverture-siege-auto-sleepy\\\/\",\"name\":\"Couverture si\u00e8ge auto Sleepy - Gloop Baby\",\"isPartOf\":{\"@id\":\"https:\\\/\\\/gloopbaby.com\\\/fr\\\/#website\"},\"primaryImageOfPage\":{\"@id\":\"https:\\\/\\\/gloopbaby.com\\\/fr\\\/produit\\\/on-the-go-fr\\\/accessoires-pour-poussette\\\/couverture-siege-auto\\\/couverture-siege-auto-sleepy\\\/#primaryimage\"},\"image\":{\"@id\":\"https:\\\/\\\/gloopbaby.com\\\/fr\\\/produit\\\/on-the-go-fr\\\/accessoires-pour-poussette\\\/couverture-siege-auto\\\/couverture-siege-auto-sleepy\\\/#primaryimage\"},\"thumbnailUrl\":\"https:\\\/\\\/gloopbaby.com\\\/wp-content\\\/uploads\\\/2025\\\/06\\\/manta-ovo-56-2.jpg\",\"datePublished\":\"2025-06-25T08:47:52+00:00\",\"dateModified\":\"2026-04-20T13:59:51+00:00\",\"breadcrumb\":{\"@id\":\"https:\\\/\\\/gloopbaby.com\\\/fr\\\/produit\\\/on-the-go-fr\\\/accessoires-pour-poussette\\\/couverture-siege-auto\\\/couverture-siege-auto-sleepy\\\/#breadcrumb\"},\"inLanguage\":\"fr-FR\",\"potentialAction\":[{\"@type\":\"ReadAction\",\"target\":[\"https:\\\/\\\/gloopbaby.com\\\/fr\\\/produit\\\/on-the-go-fr\\\/accessoires-pour-poussette\\\/couverture-siege-auto\\\/couverture-siege-auto-sleepy\\\/\"]}]},{\"@type\":\"ImageObject\",\"inLanguage\":\"fr-FR\",\"@id\":\"https:\\\/\\\/gloopbaby.com\\\/fr\\\/produit\\\/on-the-go-fr\\\/accessoires-pour-poussette\\\/couverture-siege-auto\\\/couverture-siege-auto-sleepy\\\/#primaryimage\",\"url\":\"https:\\\/\\\/gloopbaby.com\\\/wp-content\\\/uploads\\\/2025\\\/06\\\/manta-ovo-56-2.jpg\",\"contentUrl\":\"https:\\\/\\\/gloopbaby.com\\\/wp-content\\\/uploads\\\/2025\\\/06\\\/manta-ovo-56-2.jpg\",\"width\":600,\"height\":900,\"caption\":\"manta ovo em algod\u00e3o org\u00e2nico sleepy\"},{\"@type\":\"BreadcrumbList\",\"@id\":\"https:\\\/\\\/gloopbaby.com\\\/fr\\\/produit\\\/on-the-go-fr\\\/accessoires-pour-poussette\\\/couverture-siege-auto\\\/couverture-siege-auto-sleepy\\\/#breadcrumb\",\"itemListElement\":[{\"@type\":\"ListItem\",\"position\":1,\"name\":\"In\u00edcio\",\"item\":\"https:\\\/\\\/gloopbaby.com\\\/fr\\\/\"},{\"@type\":\"ListItem\",\"position\":2,\"name\":\"Shop\",\"item\":\"https:\\\/\\\/gloopbaby.com\\\/loja\\\/\"},{\"@type\":\"ListItem\",\"position\":3,\"name\":\"Couverture si\u00e8ge auto Sleepy\"}]},{\"@type\":\"WebSite\",\"@id\":\"https:\\\/\\\/gloopbaby.com\\\/fr\\\/#website\",\"url\":\"https:\\\/\\\/gloopbaby.com\\\/fr\\\/\",\"name\":\"Gloop Baby\",\"description\":\"\",\"publisher\":{\"@id\":\"https:\\\/\\\/gloopbaby.com\\\/fr\\\/#organization\"},\"potentialAction\":[{\"@type\":\"SearchAction\",\"target\":{\"@type\":\"EntryPoint\",\"urlTemplate\":\"https:\\\/\\\/gloopbaby.com\\\/fr\\\/?s={search_term_string}\"},\"query-input\":{\"@type\":\"PropertyValueSpecification\",\"valueRequired\":true,\"valueName\":\"search_term_string\"}}],\"inLanguage\":\"fr-FR\"},{\"@type\":\"Organization\",\"@id\":\"https:\\\/\\\/gloopbaby.com\\\/fr\\\/#organization\",\"name\":\"Gloop Baby\",\"url\":\"https:\\\/\\\/gloopbaby.com\\\/fr\\\/\",\"logo\":{\"@type\":\"ImageObject\",\"inLanguage\":\"fr-FR\",\"@id\":\"https:\\\/\\\/gloopbaby.com\\\/fr\\\/#\\\/schema\\\/logo\\\/image\\\/\",\"url\":\"https:\\\/\\\/gloopbaby.com\\\/wp-content\\\/uploads\\\/2023\\\/06\\\/gloop-logo.svg\",\"contentUrl\":\"https:\\\/\\\/gloopbaby.com\\\/wp-content\\\/uploads\\\/2023\\\/06\\\/gloop-logo.svg\",\"width\":100,\"height\":100,\"caption\":\"Gloop Baby\"},\"image\":{\"@id\":\"https:\\\/\\\/gloopbaby.com\\\/fr\\\/#\\\/schema\\\/logo\\\/image\\\/\"}}]}<\/script>\n<!-- \/ Yoast SEO plugin. -->","yoast_head_json":{"title":"Couverture si\u00e8ge auto Sleepy - Gloop Baby","robots":{"index":"index","follow":"follow","max-snippet":"max-snippet:-1","max-image-preview":"max-image-preview:large","max-video-preview":"max-video-preview:-1"},"canonical":"https:\/\/gloopbaby.com\/fr\/produit\/on-the-go-fr\/accessoires-pour-poussette\/couverture-siege-auto\/couverture-siege-auto-sleepy\/","og_locale":"fr_FR","og_type":"article","og_title":"Couverture si\u00e8ge auto Sleepy - Gloop Baby","og_description":"La couverture pour si\u00e8ge auto gloop! allie confort et praticit\u00e9, vous permettant de sortir votre b\u00e9b\u00e9 de son si\u00e8ge auto sans le d\u00e9couvrir. Confectionn\u00e9e en coton 100% biologique, elle est douce et respectueuse de la peau sensible de votre b\u00e9b\u00e9. Ses ouvertures pratiques facilitent l'installation et le retrait de votre b\u00e9b\u00e9, m\u00eame lorsqu'il dort. L'ext\u00e9rieur [&hellip;]","og_url":"https:\/\/gloopbaby.com\/fr\/produit\/on-the-go-fr\/accessoires-pour-poussette\/couverture-siege-auto\/couverture-siege-auto-sleepy\/","og_site_name":"Gloop Baby","article_modified_time":"2026-04-20T13:59:51+00:00","og_image":[{"width":600,"height":900,"url":"https:\/\/gloopbaby.com\/wp-content\/uploads\/2025\/06\/manta-ovo-56-2.jpg","type":"image\/jpeg"}],"twitter_card":"summary_large_image","twitter_misc":{"Dur\u00e9e de lecture estim\u00e9e":"1 minute"},"schema":{"@context":"https:\/\/schema.org","@graph":[{"@type":"WebPage","@id":"https:\/\/gloopbaby.com\/fr\/produit\/on-the-go-fr\/accessoires-pour-poussette\/couverture-siege-auto\/couverture-siege-auto-sleepy\/","url":"https:\/\/gloopbaby.com\/fr\/produit\/on-the-go-fr\/accessoires-pour-poussette\/couverture-siege-auto\/couverture-siege-auto-sleepy\/","name":"Couverture si\u00e8ge auto Sleepy - Gloop Baby","isPartOf":{"@id":"https:\/\/gloopbaby.com\/fr\/#website"},"primaryImageOfPage":{"@id":"https:\/\/gloopbaby.com\/fr\/produit\/on-the-go-fr\/accessoires-pour-poussette\/couverture-siege-auto\/couverture-siege-auto-sleepy\/#primaryimage"},"image":{"@id":"https:\/\/gloopbaby.com\/fr\/produit\/on-the-go-fr\/accessoires-pour-poussette\/couverture-siege-auto\/couverture-siege-auto-sleepy\/#primaryimage"},"thumbnailUrl":"https:\/\/gloopbaby.com\/wp-content\/uploads\/2025\/06\/manta-ovo-56-2.jpg","datePublished":"2025-06-25T08:47:52+00:00","dateModified":"2026-04-20T13:59:51+00:00","breadcrumb":{"@id":"https:\/\/gloopbaby.com\/fr\/produit\/on-the-go-fr\/accessoires-pour-poussette\/couverture-siege-auto\/couverture-siege-auto-sleepy\/#breadcrumb"},"inLanguage":"fr-FR","potentialAction":[{"@type":"ReadAction","target":["https:\/\/gloopbaby.com\/fr\/produit\/on-the-go-fr\/accessoires-pour-poussette\/couverture-siege-auto\/couverture-siege-auto-sleepy\/"]}]},{"@type":"ImageObject","inLanguage":"fr-FR","@id":"https:\/\/gloopbaby.com\/fr\/produit\/on-the-go-fr\/accessoires-pour-poussette\/couverture-siege-auto\/couverture-siege-auto-sleepy\/#primaryimage","url":"https:\/\/gloopbaby.com\/wp-content\/uploads\/2025\/06\/manta-ovo-56-2.jpg","contentUrl":"https:\/\/gloopbaby.com\/wp-content\/uploads\/2025\/06\/manta-ovo-56-2.jpg","width":600,"height":900,"caption":"manta ovo em algod\u00e3o org\u00e2nico sleepy"},{"@type":"BreadcrumbList","@id":"https:\/\/gloopbaby.com\/fr\/produit\/on-the-go-fr\/accessoires-pour-poussette\/couverture-siege-auto\/couverture-siege-auto-sleepy\/#breadcrumb","itemListElement":[{"@type":"ListItem","position":1,"name":"In\u00edcio","item":"https:\/\/gloopbaby.com\/fr\/"},{"@type":"ListItem","position":2,"name":"Shop","item":"https:\/\/gloopbaby.com\/loja\/"},{"@type":"ListItem","position":3,"name":"Couverture si\u00e8ge auto Sleepy"}]},{"@type":"WebSite","@id":"https:\/\/gloopbaby.com\/fr\/#website","url":"https:\/\/gloopbaby.com\/fr\/","name":"Gloop Baby","description":"","publisher":{"@id":"https:\/\/gloopbaby.com\/fr\/#organization"},"potentialAction":[{"@type":"SearchAction","target":{"@type":"EntryPoint","urlTemplate":"https:\/\/gloopbaby.com\/fr\/?s={search_term_string}"},"query-input":{"@type":"PropertyValueSpecification","valueRequired":true,"valueName":"search_term_string"}}],"inLanguage":"fr-FR"},{"@type":"Organization","@id":"https:\/\/gloopbaby.com\/fr\/#organization","name":"Gloop Baby","url":"https:\/\/gloopbaby.com\/fr\/","logo":{"@type":"ImageObject","inLanguage":"fr-FR","@id":"https:\/\/gloopbaby.com\/fr\/#\/schema\/logo\/image\/","url":"https:\/\/gloopbaby.com\/wp-content\/uploads\/2023\/06\/gloop-logo.svg","contentUrl":"https:\/\/gloopbaby.com\/wp-content\/uploads\/2023\/06\/gloop-logo.svg","width":100,"height":100,"caption":"Gloop Baby"},"image":{"@id":"https:\/\/gloopbaby.com\/fr\/#\/schema\/logo\/image\/"}}]}},"_links":{"self":[{"href":"https:\/\/gloopbaby.com\/fr\/wp-json\/wp\/v2\/product\/132520","targetHints":{"allow":["GET"]}}],"collection":[{"href":"https:\/\/gloopbaby.com\/fr\/wp-json\/wp\/v2\/product"}],"about":[{"href":"https:\/\/gloopbaby.com\/fr\/wp-json\/wp\/v2\/types\/product"}],"replies":[{"embeddable":true,"href":"https:\/\/gloopbaby.com\/fr\/wp-json\/wp\/v2\/comments?post=132520"}],"wp:featuredmedia":[{"embeddable":true,"href":"https:\/\/gloopbaby.com\/fr\/wp-json\/wp\/v2\/media\/135121"}],"wp:attachment":[{"href":"https:\/\/gloopbaby.com\/fr\/wp-json\/wp\/v2\/media?parent=132520"}],"wp:term":[{"taxonomy":"product_brand","embeddable":true,"href":"https:\/\/gloopbaby.com\/fr\/wp-json\/wp\/v2\/product_brand?post=132520"},{"taxonomy":"product_cat","embeddable":true,"href":"https:\/\/gloopbaby.com\/fr\/wp-json\/wp\/v2\/product_cat?post=132520"},{"taxonomy":"product_tag","embeddable":true,"href":"https:\/\/gloopbaby.com\/fr\/wp-json\/wp\/v2\/product_tag?post=132520"}],"curies":[{"name":"wp","href":"https:\/\/api.w.org\/{rel}","templated":true}]}}