{"id":131545,"date":"2025-05-09T13:42:36","date_gmt":"2025-05-09T13:42:36","guid":{"rendered":"https:\/\/gloopbaby.com\/?post_type=product&#038;p=131545"},"modified":"2025-05-09T13:50:22","modified_gmt":"2025-05-09T13:50:22","slug":"pax-bouteille-silicone-creme","status":"publish","type":"product","link":"https:\/\/gloopbaby.com\/fr\/produit\/nuuroo-brand-fr\/pax-bouteille-silicone-creme\/","title":{"rendered":"Pax bouteille silicone Creme"},"content":{"rendered":"<p>BOUTEILLE EN SILICONE 350ML<\/p>\n<p>Bouteille Pax orn\u00e9e d&rsquo;un adorable motif d&rsquo;\u00e9l\u00e9phant de cirque. Fabriqu\u00e9e en silicone 100% LFGB, sans produits chimiques nocifs et approuv\u00e9 pour un usage alimentaire, elle est \u00e9galement dot\u00e9e d&rsquo;un bouchon en plastique sans phtalates qui \u00e9pouse parfaitement la forme de la bouteille.<\/p>\n<p>\u00c0 PROPOS\u00a0:<\/p>\n<p>Couleur\u00a0: Cr\u00e8me<\/p>\n<p>Qualit\u00e9\u00a0: Silicone alimentaire (LFGB)<\/p>\n<p>Dimensions\u00a0: 350 ml<\/p>\n","protected":false},"excerpt":{"rendered":"<p>BOUTEILLE EN SILICONE 350ML Bouteille Pax orn\u00e9e d&rsquo;un adorable motif d&rsquo;\u00e9l\u00e9phant de cirque. Fabriqu\u00e9e en silicone 100% LFGB, sans produits chimiques nocifs et approuv\u00e9 pour un usage alimentaire, elle est \u00e9galement dot\u00e9e d&rsquo;un bouchon en plastique sans phtalates qui \u00e9pouse parfaitement la forme de la bouteille. \u00c0 PROPOS\u00a0: Couleur\u00a0: Cr\u00e8me Qualit\u00e9\u00a0: Silicone alimentaire (LFGB) Dimensions\u00a0: [&hellip;]<\/p>\n","protected":false},"featured_media":131548,"comment_status":"closed","ping_status":"closed","template":"","meta":{"_acf_changed":false},"product_brand":[],"product_cat":[1744],"product_tag":[],"class_list":{"0":"post-131545","1":"product","2":"type-product","3":"status-publish","4":"has-post-thumbnail","6":"product_cat-nuuroo-brand-fr","8":"first","9":"instock","10":"sale","11":"taxable","12":"shipping-taxable","13":"purchasable","14":"product-type-simple"},"acf":[],"yoast_head":"<!-- This site is optimized with the Yoast SEO plugin v27.3 - https:\/\/yoast.com\/product\/yoast-seo-wordpress\/ -->\n<title>Pax bouteille silicone Creme - Gloop Baby<\/title>\n<meta name=\"robots\" content=\"index, follow, max-snippet:-1, max-image-preview:large, max-video-preview:-1\" \/>\n<link rel=\"canonical\" href=\"https:\/\/gloopbaby.com\/fr\/produit\/nuuroo-brand-fr\/pax-bouteille-silicone-creme\/\" \/>\n<meta property=\"og:locale\" content=\"fr_FR\" \/>\n<meta property=\"og:type\" content=\"article\" \/>\n<meta property=\"og:title\" content=\"Pax bouteille silicone Creme - Gloop Baby\" \/>\n<meta property=\"og:description\" content=\"BOUTEILLE EN SILICONE 350ML Bouteille Pax orn\u00e9e d&rsquo;un adorable motif d&rsquo;\u00e9l\u00e9phant de cirque. Fabriqu\u00e9e en silicone 100% LFGB, sans produits chimiques nocifs et approuv\u00e9 pour un usage alimentaire, elle est \u00e9galement dot\u00e9e d&rsquo;un bouchon en plastique sans phtalates qui \u00e9pouse parfaitement la forme de la bouteille. \u00c0 PROPOS\u00a0: Couleur\u00a0: Cr\u00e8me Qualit\u00e9\u00a0: Silicone alimentaire (LFGB) Dimensions\u00a0: [&hellip;]\" \/>\n<meta property=\"og:url\" content=\"https:\/\/gloopbaby.com\/fr\/produit\/nuuroo-brand-fr\/pax-bouteille-silicone-creme\/\" \/>\n<meta property=\"og:site_name\" content=\"Gloop Baby\" \/>\n<meta property=\"article:modified_time\" content=\"2025-05-09T13:50:22+00:00\" \/>\n<meta property=\"og:image\" content=\"https:\/\/gloopbaby.com\/wp-content\/uploads\/2025\/05\/NU436.jpg\" \/>\n\t<meta property=\"og:image:width\" content=\"600\" \/>\n\t<meta property=\"og:image:height\" content=\"900\" \/>\n\t<meta property=\"og:image:type\" content=\"image\/jpeg\" \/>\n<meta name=\"twitter:card\" content=\"summary_large_image\" \/>\n<script type=\"application\/ld+json\" class=\"yoast-schema-graph\">{\"@context\":\"https:\\\/\\\/schema.org\",\"@graph\":[{\"@type\":\"WebPage\",\"@id\":\"https:\\\/\\\/gloopbaby.com\\\/fr\\\/produit\\\/nuuroo-brand-fr\\\/pax-bouteille-silicone-creme\\\/\",\"url\":\"https:\\\/\\\/gloopbaby.com\\\/fr\\\/produit\\\/nuuroo-brand-fr\\\/pax-bouteille-silicone-creme\\\/\",\"name\":\"Pax bouteille silicone Creme - Gloop Baby\",\"isPartOf\":{\"@id\":\"https:\\\/\\\/gloopbaby.com\\\/fr\\\/#website\"},\"primaryImageOfPage\":{\"@id\":\"https:\\\/\\\/gloopbaby.com\\\/fr\\\/produit\\\/nuuroo-brand-fr\\\/pax-bouteille-silicone-creme\\\/#primaryimage\"},\"image\":{\"@id\":\"https:\\\/\\\/gloopbaby.com\\\/fr\\\/produit\\\/nuuroo-brand-fr\\\/pax-bouteille-silicone-creme\\\/#primaryimage\"},\"thumbnailUrl\":\"https:\\\/\\\/gloopbaby.com\\\/wp-content\\\/uploads\\\/2025\\\/05\\\/NU436.jpg\",\"datePublished\":\"2025-05-09T13:42:36+00:00\",\"dateModified\":\"2025-05-09T13:50:22+00:00\",\"breadcrumb\":{\"@id\":\"https:\\\/\\\/gloopbaby.com\\\/fr\\\/produit\\\/nuuroo-brand-fr\\\/pax-bouteille-silicone-creme\\\/#breadcrumb\"},\"inLanguage\":\"fr-FR\",\"potentialAction\":[{\"@type\":\"ReadAction\",\"target\":[\"https:\\\/\\\/gloopbaby.com\\\/fr\\\/produit\\\/nuuroo-brand-fr\\\/pax-bouteille-silicone-creme\\\/\"]}]},{\"@type\":\"ImageObject\",\"inLanguage\":\"fr-FR\",\"@id\":\"https:\\\/\\\/gloopbaby.com\\\/fr\\\/produit\\\/nuuroo-brand-fr\\\/pax-bouteille-silicone-creme\\\/#primaryimage\",\"url\":\"https:\\\/\\\/gloopbaby.com\\\/wp-content\\\/uploads\\\/2025\\\/05\\\/NU436.jpg\",\"contentUrl\":\"https:\\\/\\\/gloopbaby.com\\\/wp-content\\\/uploads\\\/2025\\\/05\\\/NU436.jpg\",\"width\":600,\"height\":900},{\"@type\":\"BreadcrumbList\",\"@id\":\"https:\\\/\\\/gloopbaby.com\\\/fr\\\/produit\\\/nuuroo-brand-fr\\\/pax-bouteille-silicone-creme\\\/#breadcrumb\",\"itemListElement\":[{\"@type\":\"ListItem\",\"position\":1,\"name\":\"In\u00edcio\",\"item\":\"https:\\\/\\\/gloopbaby.com\\\/fr\\\/\"},{\"@type\":\"ListItem\",\"position\":2,\"name\":\"Shop\",\"item\":\"https:\\\/\\\/gloopbaby.com\\\/loja\\\/\"},{\"@type\":\"ListItem\",\"position\":3,\"name\":\"Pax bouteille silicone Creme\"}]},{\"@type\":\"WebSite\",\"@id\":\"https:\\\/\\\/gloopbaby.com\\\/fr\\\/#website\",\"url\":\"https:\\\/\\\/gloopbaby.com\\\/fr\\\/\",\"name\":\"Gloop Baby\",\"description\":\"\",\"publisher\":{\"@id\":\"https:\\\/\\\/gloopbaby.com\\\/fr\\\/#organization\"},\"potentialAction\":[{\"@type\":\"SearchAction\",\"target\":{\"@type\":\"EntryPoint\",\"urlTemplate\":\"https:\\\/\\\/gloopbaby.com\\\/fr\\\/?s={search_term_string}\"},\"query-input\":{\"@type\":\"PropertyValueSpecification\",\"valueRequired\":true,\"valueName\":\"search_term_string\"}}],\"inLanguage\":\"fr-FR\"},{\"@type\":\"Organization\",\"@id\":\"https:\\\/\\\/gloopbaby.com\\\/fr\\\/#organization\",\"name\":\"Gloop Baby\",\"url\":\"https:\\\/\\\/gloopbaby.com\\\/fr\\\/\",\"logo\":{\"@type\":\"ImageObject\",\"inLanguage\":\"fr-FR\",\"@id\":\"https:\\\/\\\/gloopbaby.com\\\/fr\\\/#\\\/schema\\\/logo\\\/image\\\/\",\"url\":\"https:\\\/\\\/gloopbaby.com\\\/wp-content\\\/uploads\\\/2023\\\/06\\\/gloop-logo.svg\",\"contentUrl\":\"https:\\\/\\\/gloopbaby.com\\\/wp-content\\\/uploads\\\/2023\\\/06\\\/gloop-logo.svg\",\"width\":100,\"height\":100,\"caption\":\"Gloop Baby\"},\"image\":{\"@id\":\"https:\\\/\\\/gloopbaby.com\\\/fr\\\/#\\\/schema\\\/logo\\\/image\\\/\"}}]}<\/script>\n<!-- \/ Yoast SEO plugin. -->","yoast_head_json":{"title":"Pax bouteille silicone Creme - Gloop Baby","robots":{"index":"index","follow":"follow","max-snippet":"max-snippet:-1","max-image-preview":"max-image-preview:large","max-video-preview":"max-video-preview:-1"},"canonical":"https:\/\/gloopbaby.com\/fr\/produit\/nuuroo-brand-fr\/pax-bouteille-silicone-creme\/","og_locale":"fr_FR","og_type":"article","og_title":"Pax bouteille silicone Creme - Gloop Baby","og_description":"BOUTEILLE EN SILICONE 350ML Bouteille Pax orn\u00e9e d&rsquo;un adorable motif d&rsquo;\u00e9l\u00e9phant de cirque. Fabriqu\u00e9e en silicone 100% LFGB, sans produits chimiques nocifs et approuv\u00e9 pour un usage alimentaire, elle est \u00e9galement dot\u00e9e d&rsquo;un bouchon en plastique sans phtalates qui \u00e9pouse parfaitement la forme de la bouteille. \u00c0 PROPOS\u00a0: Couleur\u00a0: Cr\u00e8me Qualit\u00e9\u00a0: Silicone alimentaire (LFGB) Dimensions\u00a0: [&hellip;]","og_url":"https:\/\/gloopbaby.com\/fr\/produit\/nuuroo-brand-fr\/pax-bouteille-silicone-creme\/","og_site_name":"Gloop Baby","article_modified_time":"2025-05-09T13:50:22+00:00","og_image":[{"width":600,"height":900,"url":"https:\/\/gloopbaby.com\/wp-content\/uploads\/2025\/05\/NU436.jpg","type":"image\/jpeg"}],"twitter_card":"summary_large_image","schema":{"@context":"https:\/\/schema.org","@graph":[{"@type":"WebPage","@id":"https:\/\/gloopbaby.com\/fr\/produit\/nuuroo-brand-fr\/pax-bouteille-silicone-creme\/","url":"https:\/\/gloopbaby.com\/fr\/produit\/nuuroo-brand-fr\/pax-bouteille-silicone-creme\/","name":"Pax bouteille silicone Creme - Gloop Baby","isPartOf":{"@id":"https:\/\/gloopbaby.com\/fr\/#website"},"primaryImageOfPage":{"@id":"https:\/\/gloopbaby.com\/fr\/produit\/nuuroo-brand-fr\/pax-bouteille-silicone-creme\/#primaryimage"},"image":{"@id":"https:\/\/gloopbaby.com\/fr\/produit\/nuuroo-brand-fr\/pax-bouteille-silicone-creme\/#primaryimage"},"thumbnailUrl":"https:\/\/gloopbaby.com\/wp-content\/uploads\/2025\/05\/NU436.jpg","datePublished":"2025-05-09T13:42:36+00:00","dateModified":"2025-05-09T13:50:22+00:00","breadcrumb":{"@id":"https:\/\/gloopbaby.com\/fr\/produit\/nuuroo-brand-fr\/pax-bouteille-silicone-creme\/#breadcrumb"},"inLanguage":"fr-FR","potentialAction":[{"@type":"ReadAction","target":["https:\/\/gloopbaby.com\/fr\/produit\/nuuroo-brand-fr\/pax-bouteille-silicone-creme\/"]}]},{"@type":"ImageObject","inLanguage":"fr-FR","@id":"https:\/\/gloopbaby.com\/fr\/produit\/nuuroo-brand-fr\/pax-bouteille-silicone-creme\/#primaryimage","url":"https:\/\/gloopbaby.com\/wp-content\/uploads\/2025\/05\/NU436.jpg","contentUrl":"https:\/\/gloopbaby.com\/wp-content\/uploads\/2025\/05\/NU436.jpg","width":600,"height":900},{"@type":"BreadcrumbList","@id":"https:\/\/gloopbaby.com\/fr\/produit\/nuuroo-brand-fr\/pax-bouteille-silicone-creme\/#breadcrumb","itemListElement":[{"@type":"ListItem","position":1,"name":"In\u00edcio","item":"https:\/\/gloopbaby.com\/fr\/"},{"@type":"ListItem","position":2,"name":"Shop","item":"https:\/\/gloopbaby.com\/loja\/"},{"@type":"ListItem","position":3,"name":"Pax bouteille silicone Creme"}]},{"@type":"WebSite","@id":"https:\/\/gloopbaby.com\/fr\/#website","url":"https:\/\/gloopbaby.com\/fr\/","name":"Gloop Baby","description":"","publisher":{"@id":"https:\/\/gloopbaby.com\/fr\/#organization"},"potentialAction":[{"@type":"SearchAction","target":{"@type":"EntryPoint","urlTemplate":"https:\/\/gloopbaby.com\/fr\/?s={search_term_string}"},"query-input":{"@type":"PropertyValueSpecification","valueRequired":true,"valueName":"search_term_string"}}],"inLanguage":"fr-FR"},{"@type":"Organization","@id":"https:\/\/gloopbaby.com\/fr\/#organization","name":"Gloop Baby","url":"https:\/\/gloopbaby.com\/fr\/","logo":{"@type":"ImageObject","inLanguage":"fr-FR","@id":"https:\/\/gloopbaby.com\/fr\/#\/schema\/logo\/image\/","url":"https:\/\/gloopbaby.com\/wp-content\/uploads\/2023\/06\/gloop-logo.svg","contentUrl":"https:\/\/gloopbaby.com\/wp-content\/uploads\/2023\/06\/gloop-logo.svg","width":100,"height":100,"caption":"Gloop Baby"},"image":{"@id":"https:\/\/gloopbaby.com\/fr\/#\/schema\/logo\/image\/"}}]}},"_links":{"self":[{"href":"https:\/\/gloopbaby.com\/fr\/wp-json\/wp\/v2\/product\/131545","targetHints":{"allow":["GET"]}}],"collection":[{"href":"https:\/\/gloopbaby.com\/fr\/wp-json\/wp\/v2\/product"}],"about":[{"href":"https:\/\/gloopbaby.com\/fr\/wp-json\/wp\/v2\/types\/product"}],"replies":[{"embeddable":true,"href":"https:\/\/gloopbaby.com\/fr\/wp-json\/wp\/v2\/comments?post=131545"}],"wp:featuredmedia":[{"embeddable":true,"href":"https:\/\/gloopbaby.com\/fr\/wp-json\/wp\/v2\/media\/131548"}],"wp:attachment":[{"href":"https:\/\/gloopbaby.com\/fr\/wp-json\/wp\/v2\/media?parent=131545"}],"wp:term":[{"taxonomy":"product_brand","embeddable":true,"href":"https:\/\/gloopbaby.com\/fr\/wp-json\/wp\/v2\/product_brand?post=131545"},{"taxonomy":"product_cat","embeddable":true,"href":"https:\/\/gloopbaby.com\/fr\/wp-json\/wp\/v2\/product_cat?post=131545"},{"taxonomy":"product_tag","embeddable":true,"href":"https:\/\/gloopbaby.com\/fr\/wp-json\/wp\/v2\/product_tag?post=131545"}],"curies":[{"name":"wp","href":"https:\/\/api.w.org\/{rel}","templated":true}]}}