{"id":131475,"date":"2025-05-09T11:05:05","date_gmt":"2025-05-09T11:05:05","guid":{"rendered":"https:\/\/gloopbaby.com\/?post_type=product&#038;p=131475"},"modified":"2025-05-09T11:13:55","modified_gmt":"2025-05-09T11:13:55","slug":"adita-verre-silicone-paille-cobblestone","status":"publish","type":"product","link":"https:\/\/gloopbaby.com\/fr\/produit\/nuuroo-brand-fr\/adita-verre-silicone-paille-cobblestone\/","title":{"rendered":"Adita verre silicone paille Cobblestone"},"content":{"rendered":"<p>VERRE EN SILICONE AVEC PAILLE<\/p>\n<p>Notre Verre en silicone Adita est dot\u00e9 d&rsquo;un couvercle amovible avec un petit bec verseur et une paille. Fabriqu\u00e9s en silicone LFGB souple, le verre et la paille sont sans danger pour votre enfant.<\/p>\n<p>Le silicone est de qualit\u00e9 alimentaire et passe au lave-vaisselle et au micro-ondes.<\/p>\n<p>\u00c0 PROPOS\u00a0:<\/p>\n<p>Couleur : Cobblestone<\/p>\n<p>Qualit\u00e9\u00a0: Silicone alimentaire (LFGB)<\/p>\n<p>Dimensions\u00a0: 7,5 x 16,5 cm &#8211; 230 ml.<\/p>\n","protected":false},"excerpt":{"rendered":"<p>VERRE EN SILICONE AVEC PAILLE Notre Verre en silicone Adita est dot\u00e9 d&rsquo;un couvercle amovible avec un petit bec verseur et une paille. Fabriqu\u00e9s en silicone LFGB souple, le verre et la paille sont sans danger pour votre enfant. Le silicone est de qualit\u00e9 alimentaire et passe au lave-vaisselle et au micro-ondes. \u00c0 PROPOS\u00a0: Couleur [&hellip;]<\/p>\n","protected":false},"featured_media":131488,"comment_status":"closed","ping_status":"closed","template":"","meta":{"_acf_changed":false},"product_brand":[],"product_cat":[1744],"product_tag":[],"class_list":{"0":"post-131475","1":"product","2":"type-product","3":"status-publish","4":"has-post-thumbnail","6":"product_cat-nuuroo-brand-fr","8":"first","9":"instock","10":"sale","11":"taxable","12":"shipping-taxable","13":"purchasable","14":"product-type-simple"},"acf":[],"yoast_head":"<!-- This site is optimized with the Yoast SEO plugin v27.3 - https:\/\/yoast.com\/product\/yoast-seo-wordpress\/ -->\n<title>Adita verre silicone paille Cobblestone - Gloop Baby<\/title>\n<meta name=\"robots\" content=\"index, follow, max-snippet:-1, max-image-preview:large, max-video-preview:-1\" \/>\n<link rel=\"canonical\" href=\"https:\/\/gloopbaby.com\/fr\/produit\/nuuroo-brand-fr\/adita-verre-silicone-paille-cobblestone\/\" \/>\n<meta property=\"og:locale\" content=\"fr_FR\" \/>\n<meta property=\"og:type\" content=\"article\" \/>\n<meta property=\"og:title\" content=\"Adita verre silicone paille Cobblestone - Gloop Baby\" \/>\n<meta property=\"og:description\" content=\"VERRE EN SILICONE AVEC PAILLE Notre Verre en silicone Adita est dot\u00e9 d&rsquo;un couvercle amovible avec un petit bec verseur et une paille. Fabriqu\u00e9s en silicone LFGB souple, le verre et la paille sont sans danger pour votre enfant. Le silicone est de qualit\u00e9 alimentaire et passe au lave-vaisselle et au micro-ondes. \u00c0 PROPOS\u00a0: Couleur [&hellip;]\" \/>\n<meta property=\"og:url\" content=\"https:\/\/gloopbaby.com\/fr\/produit\/nuuroo-brand-fr\/adita-verre-silicone-paille-cobblestone\/\" \/>\n<meta property=\"og:site_name\" content=\"Gloop Baby\" \/>\n<meta property=\"article:modified_time\" content=\"2025-05-09T11:13:55+00:00\" \/>\n<meta property=\"og:image\" content=\"https:\/\/gloopbaby.com\/wp-content\/uploads\/2025\/05\/NU114_4.jpg\" \/>\n\t<meta property=\"og:image:width\" content=\"600\" \/>\n\t<meta property=\"og:image:height\" content=\"900\" \/>\n\t<meta property=\"og:image:type\" content=\"image\/jpeg\" \/>\n<meta name=\"twitter:card\" content=\"summary_large_image\" \/>\n<script type=\"application\/ld+json\" class=\"yoast-schema-graph\">{\"@context\":\"https:\\\/\\\/schema.org\",\"@graph\":[{\"@type\":\"WebPage\",\"@id\":\"https:\\\/\\\/gloopbaby.com\\\/fr\\\/produit\\\/nuuroo-brand-fr\\\/adita-verre-silicone-paille-cobblestone\\\/\",\"url\":\"https:\\\/\\\/gloopbaby.com\\\/fr\\\/produit\\\/nuuroo-brand-fr\\\/adita-verre-silicone-paille-cobblestone\\\/\",\"name\":\"Adita verre silicone paille Cobblestone - Gloop Baby\",\"isPartOf\":{\"@id\":\"https:\\\/\\\/gloopbaby.com\\\/fr\\\/#website\"},\"primaryImageOfPage\":{\"@id\":\"https:\\\/\\\/gloopbaby.com\\\/fr\\\/produit\\\/nuuroo-brand-fr\\\/adita-verre-silicone-paille-cobblestone\\\/#primaryimage\"},\"image\":{\"@id\":\"https:\\\/\\\/gloopbaby.com\\\/fr\\\/produit\\\/nuuroo-brand-fr\\\/adita-verre-silicone-paille-cobblestone\\\/#primaryimage\"},\"thumbnailUrl\":\"https:\\\/\\\/gloopbaby.com\\\/wp-content\\\/uploads\\\/2025\\\/05\\\/NU114_4.jpg\",\"datePublished\":\"2025-05-09T11:05:05+00:00\",\"dateModified\":\"2025-05-09T11:13:55+00:00\",\"breadcrumb\":{\"@id\":\"https:\\\/\\\/gloopbaby.com\\\/fr\\\/produit\\\/nuuroo-brand-fr\\\/adita-verre-silicone-paille-cobblestone\\\/#breadcrumb\"},\"inLanguage\":\"fr-FR\",\"potentialAction\":[{\"@type\":\"ReadAction\",\"target\":[\"https:\\\/\\\/gloopbaby.com\\\/fr\\\/produit\\\/nuuroo-brand-fr\\\/adita-verre-silicone-paille-cobblestone\\\/\"]}]},{\"@type\":\"ImageObject\",\"inLanguage\":\"fr-FR\",\"@id\":\"https:\\\/\\\/gloopbaby.com\\\/fr\\\/produit\\\/nuuroo-brand-fr\\\/adita-verre-silicone-paille-cobblestone\\\/#primaryimage\",\"url\":\"https:\\\/\\\/gloopbaby.com\\\/wp-content\\\/uploads\\\/2025\\\/05\\\/NU114_4.jpg\",\"contentUrl\":\"https:\\\/\\\/gloopbaby.com\\\/wp-content\\\/uploads\\\/2025\\\/05\\\/NU114_4.jpg\",\"width\":600,\"height\":900},{\"@type\":\"BreadcrumbList\",\"@id\":\"https:\\\/\\\/gloopbaby.com\\\/fr\\\/produit\\\/nuuroo-brand-fr\\\/adita-verre-silicone-paille-cobblestone\\\/#breadcrumb\",\"itemListElement\":[{\"@type\":\"ListItem\",\"position\":1,\"name\":\"In\u00edcio\",\"item\":\"https:\\\/\\\/gloopbaby.com\\\/fr\\\/\"},{\"@type\":\"ListItem\",\"position\":2,\"name\":\"Shop\",\"item\":\"https:\\\/\\\/gloopbaby.com\\\/loja\\\/\"},{\"@type\":\"ListItem\",\"position\":3,\"name\":\"Adita verre silicone paille Cobblestone\"}]},{\"@type\":\"WebSite\",\"@id\":\"https:\\\/\\\/gloopbaby.com\\\/fr\\\/#website\",\"url\":\"https:\\\/\\\/gloopbaby.com\\\/fr\\\/\",\"name\":\"Gloop Baby\",\"description\":\"\",\"publisher\":{\"@id\":\"https:\\\/\\\/gloopbaby.com\\\/fr\\\/#organization\"},\"potentialAction\":[{\"@type\":\"SearchAction\",\"target\":{\"@type\":\"EntryPoint\",\"urlTemplate\":\"https:\\\/\\\/gloopbaby.com\\\/fr\\\/?s={search_term_string}\"},\"query-input\":{\"@type\":\"PropertyValueSpecification\",\"valueRequired\":true,\"valueName\":\"search_term_string\"}}],\"inLanguage\":\"fr-FR\"},{\"@type\":\"Organization\",\"@id\":\"https:\\\/\\\/gloopbaby.com\\\/fr\\\/#organization\",\"name\":\"Gloop Baby\",\"url\":\"https:\\\/\\\/gloopbaby.com\\\/fr\\\/\",\"logo\":{\"@type\":\"ImageObject\",\"inLanguage\":\"fr-FR\",\"@id\":\"https:\\\/\\\/gloopbaby.com\\\/fr\\\/#\\\/schema\\\/logo\\\/image\\\/\",\"url\":\"https:\\\/\\\/gloopbaby.com\\\/wp-content\\\/uploads\\\/2023\\\/06\\\/gloop-logo.svg\",\"contentUrl\":\"https:\\\/\\\/gloopbaby.com\\\/wp-content\\\/uploads\\\/2023\\\/06\\\/gloop-logo.svg\",\"width\":100,\"height\":100,\"caption\":\"Gloop Baby\"},\"image\":{\"@id\":\"https:\\\/\\\/gloopbaby.com\\\/fr\\\/#\\\/schema\\\/logo\\\/image\\\/\"}}]}<\/script>\n<!-- \/ Yoast SEO plugin. -->","yoast_head_json":{"title":"Adita verre silicone paille Cobblestone - Gloop Baby","robots":{"index":"index","follow":"follow","max-snippet":"max-snippet:-1","max-image-preview":"max-image-preview:large","max-video-preview":"max-video-preview:-1"},"canonical":"https:\/\/gloopbaby.com\/fr\/produit\/nuuroo-brand-fr\/adita-verre-silicone-paille-cobblestone\/","og_locale":"fr_FR","og_type":"article","og_title":"Adita verre silicone paille Cobblestone - Gloop Baby","og_description":"VERRE EN SILICONE AVEC PAILLE Notre Verre en silicone Adita est dot\u00e9 d&rsquo;un couvercle amovible avec un petit bec verseur et une paille. Fabriqu\u00e9s en silicone LFGB souple, le verre et la paille sont sans danger pour votre enfant. Le silicone est de qualit\u00e9 alimentaire et passe au lave-vaisselle et au micro-ondes. \u00c0 PROPOS\u00a0: Couleur [&hellip;]","og_url":"https:\/\/gloopbaby.com\/fr\/produit\/nuuroo-brand-fr\/adita-verre-silicone-paille-cobblestone\/","og_site_name":"Gloop Baby","article_modified_time":"2025-05-09T11:13:55+00:00","og_image":[{"width":600,"height":900,"url":"https:\/\/gloopbaby.com\/wp-content\/uploads\/2025\/05\/NU114_4.jpg","type":"image\/jpeg"}],"twitter_card":"summary_large_image","schema":{"@context":"https:\/\/schema.org","@graph":[{"@type":"WebPage","@id":"https:\/\/gloopbaby.com\/fr\/produit\/nuuroo-brand-fr\/adita-verre-silicone-paille-cobblestone\/","url":"https:\/\/gloopbaby.com\/fr\/produit\/nuuroo-brand-fr\/adita-verre-silicone-paille-cobblestone\/","name":"Adita verre silicone paille Cobblestone - Gloop Baby","isPartOf":{"@id":"https:\/\/gloopbaby.com\/fr\/#website"},"primaryImageOfPage":{"@id":"https:\/\/gloopbaby.com\/fr\/produit\/nuuroo-brand-fr\/adita-verre-silicone-paille-cobblestone\/#primaryimage"},"image":{"@id":"https:\/\/gloopbaby.com\/fr\/produit\/nuuroo-brand-fr\/adita-verre-silicone-paille-cobblestone\/#primaryimage"},"thumbnailUrl":"https:\/\/gloopbaby.com\/wp-content\/uploads\/2025\/05\/NU114_4.jpg","datePublished":"2025-05-09T11:05:05+00:00","dateModified":"2025-05-09T11:13:55+00:00","breadcrumb":{"@id":"https:\/\/gloopbaby.com\/fr\/produit\/nuuroo-brand-fr\/adita-verre-silicone-paille-cobblestone\/#breadcrumb"},"inLanguage":"fr-FR","potentialAction":[{"@type":"ReadAction","target":["https:\/\/gloopbaby.com\/fr\/produit\/nuuroo-brand-fr\/adita-verre-silicone-paille-cobblestone\/"]}]},{"@type":"ImageObject","inLanguage":"fr-FR","@id":"https:\/\/gloopbaby.com\/fr\/produit\/nuuroo-brand-fr\/adita-verre-silicone-paille-cobblestone\/#primaryimage","url":"https:\/\/gloopbaby.com\/wp-content\/uploads\/2025\/05\/NU114_4.jpg","contentUrl":"https:\/\/gloopbaby.com\/wp-content\/uploads\/2025\/05\/NU114_4.jpg","width":600,"height":900},{"@type":"BreadcrumbList","@id":"https:\/\/gloopbaby.com\/fr\/produit\/nuuroo-brand-fr\/adita-verre-silicone-paille-cobblestone\/#breadcrumb","itemListElement":[{"@type":"ListItem","position":1,"name":"In\u00edcio","item":"https:\/\/gloopbaby.com\/fr\/"},{"@type":"ListItem","position":2,"name":"Shop","item":"https:\/\/gloopbaby.com\/loja\/"},{"@type":"ListItem","position":3,"name":"Adita verre silicone paille Cobblestone"}]},{"@type":"WebSite","@id":"https:\/\/gloopbaby.com\/fr\/#website","url":"https:\/\/gloopbaby.com\/fr\/","name":"Gloop Baby","description":"","publisher":{"@id":"https:\/\/gloopbaby.com\/fr\/#organization"},"potentialAction":[{"@type":"SearchAction","target":{"@type":"EntryPoint","urlTemplate":"https:\/\/gloopbaby.com\/fr\/?s={search_term_string}"},"query-input":{"@type":"PropertyValueSpecification","valueRequired":true,"valueName":"search_term_string"}}],"inLanguage":"fr-FR"},{"@type":"Organization","@id":"https:\/\/gloopbaby.com\/fr\/#organization","name":"Gloop Baby","url":"https:\/\/gloopbaby.com\/fr\/","logo":{"@type":"ImageObject","inLanguage":"fr-FR","@id":"https:\/\/gloopbaby.com\/fr\/#\/schema\/logo\/image\/","url":"https:\/\/gloopbaby.com\/wp-content\/uploads\/2023\/06\/gloop-logo.svg","contentUrl":"https:\/\/gloopbaby.com\/wp-content\/uploads\/2023\/06\/gloop-logo.svg","width":100,"height":100,"caption":"Gloop Baby"},"image":{"@id":"https:\/\/gloopbaby.com\/fr\/#\/schema\/logo\/image\/"}}]}},"_links":{"self":[{"href":"https:\/\/gloopbaby.com\/fr\/wp-json\/wp\/v2\/product\/131475","targetHints":{"allow":["GET"]}}],"collection":[{"href":"https:\/\/gloopbaby.com\/fr\/wp-json\/wp\/v2\/product"}],"about":[{"href":"https:\/\/gloopbaby.com\/fr\/wp-json\/wp\/v2\/types\/product"}],"replies":[{"embeddable":true,"href":"https:\/\/gloopbaby.com\/fr\/wp-json\/wp\/v2\/comments?post=131475"}],"wp:featuredmedia":[{"embeddable":true,"href":"https:\/\/gloopbaby.com\/fr\/wp-json\/wp\/v2\/media\/131488"}],"wp:attachment":[{"href":"https:\/\/gloopbaby.com\/fr\/wp-json\/wp\/v2\/media?parent=131475"}],"wp:term":[{"taxonomy":"product_brand","embeddable":true,"href":"https:\/\/gloopbaby.com\/fr\/wp-json\/wp\/v2\/product_brand?post=131475"},{"taxonomy":"product_cat","embeddable":true,"href":"https:\/\/gloopbaby.com\/fr\/wp-json\/wp\/v2\/product_cat?post=131475"},{"taxonomy":"product_tag","embeddable":true,"href":"https:\/\/gloopbaby.com\/fr\/wp-json\/wp\/v2\/product_tag?post=131475"}],"curies":[{"name":"wp","href":"https:\/\/api.w.org\/{rel}","templated":true}]}}