{"id":131453,"date":"2025-05-09T10:41:59","date_gmt":"2025-05-09T10:41:59","guid":{"rendered":"https:\/\/gloopbaby.com\/?post_type=product&#038;p=131453"},"modified":"2025-05-09T10:51:04","modified_gmt":"2025-05-09T10:51:04","slug":"luna-bavoir-avec-manches-sand-panda","status":"publish","type":"product","link":"https:\/\/gloopbaby.com\/fr\/produit\/nuuroo-brand-fr\/luna-bavoir-avec-manches-sand-panda\/","title":{"rendered":"Luna bavoir avec manches sand panda"},"content":{"rendered":"<p>BAVOIR AVEC MANCHES LONGUES<\/p>\n<p>Bavoir pratique \u00e0 manches longues pour les enfants qui apprennent \u00e0 manger. Il couvre le ventre et les deux bras de b\u00e9b\u00e9, \u00e9vitant ainsi les taches de nourriture sur les v\u00eatements. Gr\u00e2ce \u00e0 son polyester recycl\u00e9, il est facile \u00e0 nettoyer d&rsquo;un simple coup de chiffon, pr\u00eat pour le prochain repas. Un indispensable pour les familles avec b\u00e9b\u00e9s et jeunes enfants.<\/p>\n<p>\u00c0 PROPOS\u00a0:<\/p>\n<p>Couleur : Sand &#8211; Panda<\/p>\n<p>Qualit\u00e9\u00a0: 68\u00a0% polyester recycl\u00e9 \/ 32\u00a0% polyur\u00e9thane<\/p>\n<p>Dimensions\u00a0: Dimensions ext\u00e9rieures\u00a0: 78\u00a0cm x H\u00a0: 42\u00a0cm<\/p>\n","protected":false},"excerpt":{"rendered":"<p>BAVOIR AVEC MANCHES LONGUES Bavoir pratique \u00e0 manches longues pour les enfants qui apprennent \u00e0 manger. Il couvre le ventre et les deux bras de b\u00e9b\u00e9, \u00e9vitant ainsi les taches de nourriture sur les v\u00eatements. Gr\u00e2ce \u00e0 son polyester recycl\u00e9, il est facile \u00e0 nettoyer d&rsquo;un simple coup de chiffon, pr\u00eat pour le prochain repas. [&hellip;]<\/p>\n","protected":false},"featured_media":131461,"comment_status":"closed","ping_status":"closed","template":"","meta":{"_acf_changed":false},"product_brand":[],"product_cat":[1744],"product_tag":[],"class_list":{"0":"post-131453","1":"product","2":"type-product","3":"status-publish","4":"has-post-thumbnail","6":"product_cat-nuuroo-brand-fr","8":"first","9":"instock","10":"sale","11":"taxable","12":"shipping-taxable","13":"purchasable","14":"product-type-simple"},"acf":[],"yoast_head":"<!-- This site is optimized with the Yoast SEO plugin v27.3 - https:\/\/yoast.com\/product\/yoast-seo-wordpress\/ -->\n<title>Luna bavoir avec manches sand panda - Gloop Baby<\/title>\n<meta name=\"robots\" content=\"index, follow, max-snippet:-1, max-image-preview:large, max-video-preview:-1\" \/>\n<link rel=\"canonical\" href=\"https:\/\/gloopbaby.com\/fr\/produit\/nuuroo-brand-fr\/luna-bavoir-avec-manches-sand-panda\/\" \/>\n<meta property=\"og:locale\" content=\"fr_FR\" \/>\n<meta property=\"og:type\" content=\"article\" \/>\n<meta property=\"og:title\" content=\"Luna bavoir avec manches sand panda - Gloop Baby\" \/>\n<meta property=\"og:description\" content=\"BAVOIR AVEC MANCHES LONGUES Bavoir pratique \u00e0 manches longues pour les enfants qui apprennent \u00e0 manger. Il couvre le ventre et les deux bras de b\u00e9b\u00e9, \u00e9vitant ainsi les taches de nourriture sur les v\u00eatements. Gr\u00e2ce \u00e0 son polyester recycl\u00e9, il est facile \u00e0 nettoyer d&rsquo;un simple coup de chiffon, pr\u00eat pour le prochain repas. [&hellip;]\" \/>\n<meta property=\"og:url\" content=\"https:\/\/gloopbaby.com\/fr\/produit\/nuuroo-brand-fr\/luna-bavoir-avec-manches-sand-panda\/\" \/>\n<meta property=\"og:site_name\" content=\"Gloop Baby\" \/>\n<meta property=\"article:modified_time\" content=\"2025-05-09T10:51:04+00:00\" \/>\n<meta property=\"og:image\" content=\"https:\/\/gloopbaby.com\/wp-content\/uploads\/2025\/05\/NU214.jpg\" \/>\n\t<meta property=\"og:image:width\" content=\"600\" \/>\n\t<meta property=\"og:image:height\" content=\"900\" \/>\n\t<meta property=\"og:image:type\" content=\"image\/jpeg\" \/>\n<meta name=\"twitter:card\" content=\"summary_large_image\" \/>\n<script type=\"application\/ld+json\" class=\"yoast-schema-graph\">{\"@context\":\"https:\\\/\\\/schema.org\",\"@graph\":[{\"@type\":\"WebPage\",\"@id\":\"https:\\\/\\\/gloopbaby.com\\\/fr\\\/produit\\\/nuuroo-brand-fr\\\/luna-bavoir-avec-manches-sand-panda\\\/\",\"url\":\"https:\\\/\\\/gloopbaby.com\\\/fr\\\/produit\\\/nuuroo-brand-fr\\\/luna-bavoir-avec-manches-sand-panda\\\/\",\"name\":\"Luna bavoir avec manches sand panda - Gloop Baby\",\"isPartOf\":{\"@id\":\"https:\\\/\\\/gloopbaby.com\\\/fr\\\/#website\"},\"primaryImageOfPage\":{\"@id\":\"https:\\\/\\\/gloopbaby.com\\\/fr\\\/produit\\\/nuuroo-brand-fr\\\/luna-bavoir-avec-manches-sand-panda\\\/#primaryimage\"},\"image\":{\"@id\":\"https:\\\/\\\/gloopbaby.com\\\/fr\\\/produit\\\/nuuroo-brand-fr\\\/luna-bavoir-avec-manches-sand-panda\\\/#primaryimage\"},\"thumbnailUrl\":\"https:\\\/\\\/gloopbaby.com\\\/wp-content\\\/uploads\\\/2025\\\/05\\\/NU214.jpg\",\"datePublished\":\"2025-05-09T10:41:59+00:00\",\"dateModified\":\"2025-05-09T10:51:04+00:00\",\"breadcrumb\":{\"@id\":\"https:\\\/\\\/gloopbaby.com\\\/fr\\\/produit\\\/nuuroo-brand-fr\\\/luna-bavoir-avec-manches-sand-panda\\\/#breadcrumb\"},\"inLanguage\":\"fr-FR\",\"potentialAction\":[{\"@type\":\"ReadAction\",\"target\":[\"https:\\\/\\\/gloopbaby.com\\\/fr\\\/produit\\\/nuuroo-brand-fr\\\/luna-bavoir-avec-manches-sand-panda\\\/\"]}]},{\"@type\":\"ImageObject\",\"inLanguage\":\"fr-FR\",\"@id\":\"https:\\\/\\\/gloopbaby.com\\\/fr\\\/produit\\\/nuuroo-brand-fr\\\/luna-bavoir-avec-manches-sand-panda\\\/#primaryimage\",\"url\":\"https:\\\/\\\/gloopbaby.com\\\/wp-content\\\/uploads\\\/2025\\\/05\\\/NU214.jpg\",\"contentUrl\":\"https:\\\/\\\/gloopbaby.com\\\/wp-content\\\/uploads\\\/2025\\\/05\\\/NU214.jpg\",\"width\":600,\"height\":900},{\"@type\":\"BreadcrumbList\",\"@id\":\"https:\\\/\\\/gloopbaby.com\\\/fr\\\/produit\\\/nuuroo-brand-fr\\\/luna-bavoir-avec-manches-sand-panda\\\/#breadcrumb\",\"itemListElement\":[{\"@type\":\"ListItem\",\"position\":1,\"name\":\"In\u00edcio\",\"item\":\"https:\\\/\\\/gloopbaby.com\\\/fr\\\/\"},{\"@type\":\"ListItem\",\"position\":2,\"name\":\"Shop\",\"item\":\"https:\\\/\\\/gloopbaby.com\\\/loja\\\/\"},{\"@type\":\"ListItem\",\"position\":3,\"name\":\"Luna bavoir avec manches sand panda\"}]},{\"@type\":\"WebSite\",\"@id\":\"https:\\\/\\\/gloopbaby.com\\\/fr\\\/#website\",\"url\":\"https:\\\/\\\/gloopbaby.com\\\/fr\\\/\",\"name\":\"Gloop Baby\",\"description\":\"\",\"publisher\":{\"@id\":\"https:\\\/\\\/gloopbaby.com\\\/fr\\\/#organization\"},\"potentialAction\":[{\"@type\":\"SearchAction\",\"target\":{\"@type\":\"EntryPoint\",\"urlTemplate\":\"https:\\\/\\\/gloopbaby.com\\\/fr\\\/?s={search_term_string}\"},\"query-input\":{\"@type\":\"PropertyValueSpecification\",\"valueRequired\":true,\"valueName\":\"search_term_string\"}}],\"inLanguage\":\"fr-FR\"},{\"@type\":\"Organization\",\"@id\":\"https:\\\/\\\/gloopbaby.com\\\/fr\\\/#organization\",\"name\":\"Gloop Baby\",\"url\":\"https:\\\/\\\/gloopbaby.com\\\/fr\\\/\",\"logo\":{\"@type\":\"ImageObject\",\"inLanguage\":\"fr-FR\",\"@id\":\"https:\\\/\\\/gloopbaby.com\\\/fr\\\/#\\\/schema\\\/logo\\\/image\\\/\",\"url\":\"https:\\\/\\\/gloopbaby.com\\\/wp-content\\\/uploads\\\/2023\\\/06\\\/gloop-logo.svg\",\"contentUrl\":\"https:\\\/\\\/gloopbaby.com\\\/wp-content\\\/uploads\\\/2023\\\/06\\\/gloop-logo.svg\",\"width\":100,\"height\":100,\"caption\":\"Gloop Baby\"},\"image\":{\"@id\":\"https:\\\/\\\/gloopbaby.com\\\/fr\\\/#\\\/schema\\\/logo\\\/image\\\/\"}}]}<\/script>\n<!-- \/ Yoast SEO plugin. -->","yoast_head_json":{"title":"Luna bavoir avec manches sand panda - Gloop Baby","robots":{"index":"index","follow":"follow","max-snippet":"max-snippet:-1","max-image-preview":"max-image-preview:large","max-video-preview":"max-video-preview:-1"},"canonical":"https:\/\/gloopbaby.com\/fr\/produit\/nuuroo-brand-fr\/luna-bavoir-avec-manches-sand-panda\/","og_locale":"fr_FR","og_type":"article","og_title":"Luna bavoir avec manches sand panda - Gloop Baby","og_description":"BAVOIR AVEC MANCHES LONGUES Bavoir pratique \u00e0 manches longues pour les enfants qui apprennent \u00e0 manger. Il couvre le ventre et les deux bras de b\u00e9b\u00e9, \u00e9vitant ainsi les taches de nourriture sur les v\u00eatements. Gr\u00e2ce \u00e0 son polyester recycl\u00e9, il est facile \u00e0 nettoyer d&rsquo;un simple coup de chiffon, pr\u00eat pour le prochain repas. [&hellip;]","og_url":"https:\/\/gloopbaby.com\/fr\/produit\/nuuroo-brand-fr\/luna-bavoir-avec-manches-sand-panda\/","og_site_name":"Gloop Baby","article_modified_time":"2025-05-09T10:51:04+00:00","og_image":[{"width":600,"height":900,"url":"https:\/\/gloopbaby.com\/wp-content\/uploads\/2025\/05\/NU214.jpg","type":"image\/jpeg"}],"twitter_card":"summary_large_image","schema":{"@context":"https:\/\/schema.org","@graph":[{"@type":"WebPage","@id":"https:\/\/gloopbaby.com\/fr\/produit\/nuuroo-brand-fr\/luna-bavoir-avec-manches-sand-panda\/","url":"https:\/\/gloopbaby.com\/fr\/produit\/nuuroo-brand-fr\/luna-bavoir-avec-manches-sand-panda\/","name":"Luna bavoir avec manches sand panda - Gloop Baby","isPartOf":{"@id":"https:\/\/gloopbaby.com\/fr\/#website"},"primaryImageOfPage":{"@id":"https:\/\/gloopbaby.com\/fr\/produit\/nuuroo-brand-fr\/luna-bavoir-avec-manches-sand-panda\/#primaryimage"},"image":{"@id":"https:\/\/gloopbaby.com\/fr\/produit\/nuuroo-brand-fr\/luna-bavoir-avec-manches-sand-panda\/#primaryimage"},"thumbnailUrl":"https:\/\/gloopbaby.com\/wp-content\/uploads\/2025\/05\/NU214.jpg","datePublished":"2025-05-09T10:41:59+00:00","dateModified":"2025-05-09T10:51:04+00:00","breadcrumb":{"@id":"https:\/\/gloopbaby.com\/fr\/produit\/nuuroo-brand-fr\/luna-bavoir-avec-manches-sand-panda\/#breadcrumb"},"inLanguage":"fr-FR","potentialAction":[{"@type":"ReadAction","target":["https:\/\/gloopbaby.com\/fr\/produit\/nuuroo-brand-fr\/luna-bavoir-avec-manches-sand-panda\/"]}]},{"@type":"ImageObject","inLanguage":"fr-FR","@id":"https:\/\/gloopbaby.com\/fr\/produit\/nuuroo-brand-fr\/luna-bavoir-avec-manches-sand-panda\/#primaryimage","url":"https:\/\/gloopbaby.com\/wp-content\/uploads\/2025\/05\/NU214.jpg","contentUrl":"https:\/\/gloopbaby.com\/wp-content\/uploads\/2025\/05\/NU214.jpg","width":600,"height":900},{"@type":"BreadcrumbList","@id":"https:\/\/gloopbaby.com\/fr\/produit\/nuuroo-brand-fr\/luna-bavoir-avec-manches-sand-panda\/#breadcrumb","itemListElement":[{"@type":"ListItem","position":1,"name":"In\u00edcio","item":"https:\/\/gloopbaby.com\/fr\/"},{"@type":"ListItem","position":2,"name":"Shop","item":"https:\/\/gloopbaby.com\/loja\/"},{"@type":"ListItem","position":3,"name":"Luna bavoir avec manches sand panda"}]},{"@type":"WebSite","@id":"https:\/\/gloopbaby.com\/fr\/#website","url":"https:\/\/gloopbaby.com\/fr\/","name":"Gloop Baby","description":"","publisher":{"@id":"https:\/\/gloopbaby.com\/fr\/#organization"},"potentialAction":[{"@type":"SearchAction","target":{"@type":"EntryPoint","urlTemplate":"https:\/\/gloopbaby.com\/fr\/?s={search_term_string}"},"query-input":{"@type":"PropertyValueSpecification","valueRequired":true,"valueName":"search_term_string"}}],"inLanguage":"fr-FR"},{"@type":"Organization","@id":"https:\/\/gloopbaby.com\/fr\/#organization","name":"Gloop Baby","url":"https:\/\/gloopbaby.com\/fr\/","logo":{"@type":"ImageObject","inLanguage":"fr-FR","@id":"https:\/\/gloopbaby.com\/fr\/#\/schema\/logo\/image\/","url":"https:\/\/gloopbaby.com\/wp-content\/uploads\/2023\/06\/gloop-logo.svg","contentUrl":"https:\/\/gloopbaby.com\/wp-content\/uploads\/2023\/06\/gloop-logo.svg","width":100,"height":100,"caption":"Gloop Baby"},"image":{"@id":"https:\/\/gloopbaby.com\/fr\/#\/schema\/logo\/image\/"}}]}},"_links":{"self":[{"href":"https:\/\/gloopbaby.com\/fr\/wp-json\/wp\/v2\/product\/131453","targetHints":{"allow":["GET"]}}],"collection":[{"href":"https:\/\/gloopbaby.com\/fr\/wp-json\/wp\/v2\/product"}],"about":[{"href":"https:\/\/gloopbaby.com\/fr\/wp-json\/wp\/v2\/types\/product"}],"replies":[{"embeddable":true,"href":"https:\/\/gloopbaby.com\/fr\/wp-json\/wp\/v2\/comments?post=131453"}],"wp:featuredmedia":[{"embeddable":true,"href":"https:\/\/gloopbaby.com\/fr\/wp-json\/wp\/v2\/media\/131461"}],"wp:attachment":[{"href":"https:\/\/gloopbaby.com\/fr\/wp-json\/wp\/v2\/media?parent=131453"}],"wp:term":[{"taxonomy":"product_brand","embeddable":true,"href":"https:\/\/gloopbaby.com\/fr\/wp-json\/wp\/v2\/product_brand?post=131453"},{"taxonomy":"product_cat","embeddable":true,"href":"https:\/\/gloopbaby.com\/fr\/wp-json\/wp\/v2\/product_cat?post=131453"},{"taxonomy":"product_tag","embeddable":true,"href":"https:\/\/gloopbaby.com\/fr\/wp-json\/wp\/v2\/product_tag?post=131453"}],"curies":[{"name":"wp","href":"https:\/\/api.w.org\/{rel}","templated":true}]}}