{"id":131301,"date":"2025-05-09T07:57:24","date_gmt":"2025-05-09T07:57:24","guid":{"rendered":"https:\/\/gloopbaby.com\/?post_type=product&#038;p=131301"},"modified":"2025-05-09T08:07:39","modified_gmt":"2025-05-09T08:07:39","slug":"bera-ligne-de-lit-bebe-creme-cirque","status":"publish","type":"product","link":"https:\/\/gloopbaby.com\/fr\/produit\/nuuroo-brand-fr\/bera-ligne-de-lit-bebe-creme-cirque\/","title":{"rendered":"Bera ligne de lit beb\u00e9 cr\u00e8me cirque"},"content":{"rendered":"<pre id=\"tw-target-text\" class=\"tw-data-text tw-text-large tw-ta\" dir=\"ltr\" data-placeholder=\"Tradu\u00e7\u00e3o\" data-ved=\"2ahUKEwievvOe-ZWNAxU-QvEDHcXTHNQQ3ewLegQICRAV\" aria-label=\"Texto traduzido: LINGE DE LIT BIOLOGIQUE - JUNIOR\r\nLe linge de lit Bera Junior est confectionn\u00e9 en percale de coton biologique exclusive. La percale est un tissage unique qui rend le linge de lit plus respirant et plus doux. La parure se ferme gr\u00e2ce \u00e0 une fermeture \u00e9clair invisible.\r\n\r\n\u00c0 PROPOS\u00a0:\r\n\r\nCouleur\u00a0: Sable - Abeille fleurie\r\nQualit\u00e9\u00a0: 100\u00a0% coton biologique\r\nDimensions\u00a0: 100\u00a0x\u00a0140\u00a0+\u00a040\u00a0x\u00a045\u00a0cm\"><span class=\"Y2IQFc\" lang=\"fr\">LINGE DE LIT BIOLOGIQUE - JUNIOR\r\nLe linge de lit Bera Junior est confectionn\u00e9 en percale de coton biologique exclusive. La percale est un tissage unique qui rend le linge de lit plus respirant et plus doux. La parure se ferme gr\u00e2ce \u00e0 une fermeture \u00e9clair invisible.\r\n\r\n\u00c0 PROPOS :\r\n\r\nCouleur : Cream - Circus\r\nQualit\u00e9 : 100 % coton biologique\r\nDimensions : 100 x 140 + 40 x 45 cm<\/span><\/pre>\n","protected":false},"excerpt":{"rendered":"<p>LINGE DE LIT BIOLOGIQUE &#8211; JUNIOR Le linge de lit Bera Junior est confectionn\u00e9 en percale de coton biologique exclusive. La percale est un tissage unique qui rend le linge de lit plus respirant et plus doux. La parure se ferme gr\u00e2ce \u00e0 une fermeture \u00e9clair invisible. \u00c0 PROPOS : Couleur : Cream &#8211; Circus [&hellip;]<\/p>\n","protected":false},"featured_media":131309,"comment_status":"closed","ping_status":"closed","template":"","meta":{"_acf_changed":false},"product_brand":[],"product_cat":[1744],"product_tag":[],"class_list":{"0":"post-131301","1":"product","2":"type-product","3":"status-publish","4":"has-post-thumbnail","6":"product_cat-nuuroo-brand-fr","8":"first","9":"instock","10":"sale","11":"taxable","12":"shipping-taxable","13":"purchasable","14":"product-type-simple"},"acf":[],"yoast_head":"<!-- This site is optimized with the Yoast SEO plugin v27.3 - https:\/\/yoast.com\/product\/yoast-seo-wordpress\/ -->\n<title>Bera ligne de lit beb\u00e9 cr\u00e8me cirque - Gloop Baby<\/title>\n<meta name=\"robots\" content=\"index, follow, max-snippet:-1, max-image-preview:large, max-video-preview:-1\" \/>\n<link rel=\"canonical\" href=\"https:\/\/gloopbaby.com\/fr\/produit\/nuuroo-brand-fr\/bera-ligne-de-lit-bebe-creme-cirque\/\" \/>\n<meta property=\"og:locale\" content=\"fr_FR\" \/>\n<meta property=\"og:type\" content=\"article\" \/>\n<meta property=\"og:title\" content=\"Bera ligne de lit beb\u00e9 cr\u00e8me cirque - Gloop Baby\" \/>\n<meta property=\"og:description\" content=\"LINGE DE LIT BIOLOGIQUE - JUNIOR Le linge de lit Bera Junior est confectionn\u00e9 en percale de coton biologique exclusive. La percale est un tissage unique qui rend le linge de lit plus respirant et plus doux. La parure se ferme gr\u00e2ce \u00e0 une fermeture \u00e9clair invisible. \u00c0 PROPOS : Couleur : Cream - Circus [&hellip;]\" \/>\n<meta property=\"og:url\" content=\"https:\/\/gloopbaby.com\/fr\/produit\/nuuroo-brand-fr\/bera-ligne-de-lit-bebe-creme-cirque\/\" \/>\n<meta property=\"og:site_name\" content=\"Gloop Baby\" \/>\n<meta property=\"article:modified_time\" content=\"2025-05-09T08:07:39+00:00\" \/>\n<meta property=\"og:image\" content=\"https:\/\/gloopbaby.com\/wp-content\/uploads\/2025\/05\/NU226.jpg\" \/>\n\t<meta property=\"og:image:width\" content=\"600\" \/>\n\t<meta property=\"og:image:height\" content=\"900\" \/>\n\t<meta property=\"og:image:type\" content=\"image\/jpeg\" \/>\n<meta name=\"twitter:card\" content=\"summary_large_image\" \/>\n<script type=\"application\/ld+json\" class=\"yoast-schema-graph\">{\"@context\":\"https:\\\/\\\/schema.org\",\"@graph\":[{\"@type\":\"WebPage\",\"@id\":\"https:\\\/\\\/gloopbaby.com\\\/fr\\\/produit\\\/nuuroo-brand-fr\\\/bera-ligne-de-lit-bebe-creme-cirque\\\/\",\"url\":\"https:\\\/\\\/gloopbaby.com\\\/fr\\\/produit\\\/nuuroo-brand-fr\\\/bera-ligne-de-lit-bebe-creme-cirque\\\/\",\"name\":\"Bera ligne de lit beb\u00e9 cr\u00e8me cirque - Gloop Baby\",\"isPartOf\":{\"@id\":\"https:\\\/\\\/gloopbaby.com\\\/fr\\\/#website\"},\"primaryImageOfPage\":{\"@id\":\"https:\\\/\\\/gloopbaby.com\\\/fr\\\/produit\\\/nuuroo-brand-fr\\\/bera-ligne-de-lit-bebe-creme-cirque\\\/#primaryimage\"},\"image\":{\"@id\":\"https:\\\/\\\/gloopbaby.com\\\/fr\\\/produit\\\/nuuroo-brand-fr\\\/bera-ligne-de-lit-bebe-creme-cirque\\\/#primaryimage\"},\"thumbnailUrl\":\"https:\\\/\\\/gloopbaby.com\\\/wp-content\\\/uploads\\\/2025\\\/05\\\/NU226.jpg\",\"datePublished\":\"2025-05-09T07:57:24+00:00\",\"dateModified\":\"2025-05-09T08:07:39+00:00\",\"breadcrumb\":{\"@id\":\"https:\\\/\\\/gloopbaby.com\\\/fr\\\/produit\\\/nuuroo-brand-fr\\\/bera-ligne-de-lit-bebe-creme-cirque\\\/#breadcrumb\"},\"inLanguage\":\"fr-FR\",\"potentialAction\":[{\"@type\":\"ReadAction\",\"target\":[\"https:\\\/\\\/gloopbaby.com\\\/fr\\\/produit\\\/nuuroo-brand-fr\\\/bera-ligne-de-lit-bebe-creme-cirque\\\/\"]}]},{\"@type\":\"ImageObject\",\"inLanguage\":\"fr-FR\",\"@id\":\"https:\\\/\\\/gloopbaby.com\\\/fr\\\/produit\\\/nuuroo-brand-fr\\\/bera-ligne-de-lit-bebe-creme-cirque\\\/#primaryimage\",\"url\":\"https:\\\/\\\/gloopbaby.com\\\/wp-content\\\/uploads\\\/2025\\\/05\\\/NU226.jpg\",\"contentUrl\":\"https:\\\/\\\/gloopbaby.com\\\/wp-content\\\/uploads\\\/2025\\\/05\\\/NU226.jpg\",\"width\":600,\"height\":900},{\"@type\":\"BreadcrumbList\",\"@id\":\"https:\\\/\\\/gloopbaby.com\\\/fr\\\/produit\\\/nuuroo-brand-fr\\\/bera-ligne-de-lit-bebe-creme-cirque\\\/#breadcrumb\",\"itemListElement\":[{\"@type\":\"ListItem\",\"position\":1,\"name\":\"In\u00edcio\",\"item\":\"https:\\\/\\\/gloopbaby.com\\\/fr\\\/\"},{\"@type\":\"ListItem\",\"position\":2,\"name\":\"Shop\",\"item\":\"https:\\\/\\\/gloopbaby.com\\\/loja\\\/\"},{\"@type\":\"ListItem\",\"position\":3,\"name\":\"Bera ligne de lit beb\u00e9 cr\u00e8me cirque\"}]},{\"@type\":\"WebSite\",\"@id\":\"https:\\\/\\\/gloopbaby.com\\\/fr\\\/#website\",\"url\":\"https:\\\/\\\/gloopbaby.com\\\/fr\\\/\",\"name\":\"Gloop Baby\",\"description\":\"\",\"publisher\":{\"@id\":\"https:\\\/\\\/gloopbaby.com\\\/fr\\\/#organization\"},\"potentialAction\":[{\"@type\":\"SearchAction\",\"target\":{\"@type\":\"EntryPoint\",\"urlTemplate\":\"https:\\\/\\\/gloopbaby.com\\\/fr\\\/?s={search_term_string}\"},\"query-input\":{\"@type\":\"PropertyValueSpecification\",\"valueRequired\":true,\"valueName\":\"search_term_string\"}}],\"inLanguage\":\"fr-FR\"},{\"@type\":\"Organization\",\"@id\":\"https:\\\/\\\/gloopbaby.com\\\/fr\\\/#organization\",\"name\":\"Gloop Baby\",\"url\":\"https:\\\/\\\/gloopbaby.com\\\/fr\\\/\",\"logo\":{\"@type\":\"ImageObject\",\"inLanguage\":\"fr-FR\",\"@id\":\"https:\\\/\\\/gloopbaby.com\\\/fr\\\/#\\\/schema\\\/logo\\\/image\\\/\",\"url\":\"https:\\\/\\\/gloopbaby.com\\\/wp-content\\\/uploads\\\/2023\\\/06\\\/gloop-logo.svg\",\"contentUrl\":\"https:\\\/\\\/gloopbaby.com\\\/wp-content\\\/uploads\\\/2023\\\/06\\\/gloop-logo.svg\",\"width\":100,\"height\":100,\"caption\":\"Gloop Baby\"},\"image\":{\"@id\":\"https:\\\/\\\/gloopbaby.com\\\/fr\\\/#\\\/schema\\\/logo\\\/image\\\/\"}}]}<\/script>\n<!-- \/ Yoast SEO plugin. -->","yoast_head_json":{"title":"Bera ligne de lit beb\u00e9 cr\u00e8me cirque - Gloop Baby","robots":{"index":"index","follow":"follow","max-snippet":"max-snippet:-1","max-image-preview":"max-image-preview:large","max-video-preview":"max-video-preview:-1"},"canonical":"https:\/\/gloopbaby.com\/fr\/produit\/nuuroo-brand-fr\/bera-ligne-de-lit-bebe-creme-cirque\/","og_locale":"fr_FR","og_type":"article","og_title":"Bera ligne de lit beb\u00e9 cr\u00e8me cirque - Gloop Baby","og_description":"LINGE DE LIT BIOLOGIQUE - JUNIOR Le linge de lit Bera Junior est confectionn\u00e9 en percale de coton biologique exclusive. La percale est un tissage unique qui rend le linge de lit plus respirant et plus doux. La parure se ferme gr\u00e2ce \u00e0 une fermeture \u00e9clair invisible. \u00c0 PROPOS : Couleur : Cream - Circus [&hellip;]","og_url":"https:\/\/gloopbaby.com\/fr\/produit\/nuuroo-brand-fr\/bera-ligne-de-lit-bebe-creme-cirque\/","og_site_name":"Gloop Baby","article_modified_time":"2025-05-09T08:07:39+00:00","og_image":[{"width":600,"height":900,"url":"https:\/\/gloopbaby.com\/wp-content\/uploads\/2025\/05\/NU226.jpg","type":"image\/jpeg"}],"twitter_card":"summary_large_image","schema":{"@context":"https:\/\/schema.org","@graph":[{"@type":"WebPage","@id":"https:\/\/gloopbaby.com\/fr\/produit\/nuuroo-brand-fr\/bera-ligne-de-lit-bebe-creme-cirque\/","url":"https:\/\/gloopbaby.com\/fr\/produit\/nuuroo-brand-fr\/bera-ligne-de-lit-bebe-creme-cirque\/","name":"Bera ligne de lit beb\u00e9 cr\u00e8me cirque - Gloop Baby","isPartOf":{"@id":"https:\/\/gloopbaby.com\/fr\/#website"},"primaryImageOfPage":{"@id":"https:\/\/gloopbaby.com\/fr\/produit\/nuuroo-brand-fr\/bera-ligne-de-lit-bebe-creme-cirque\/#primaryimage"},"image":{"@id":"https:\/\/gloopbaby.com\/fr\/produit\/nuuroo-brand-fr\/bera-ligne-de-lit-bebe-creme-cirque\/#primaryimage"},"thumbnailUrl":"https:\/\/gloopbaby.com\/wp-content\/uploads\/2025\/05\/NU226.jpg","datePublished":"2025-05-09T07:57:24+00:00","dateModified":"2025-05-09T08:07:39+00:00","breadcrumb":{"@id":"https:\/\/gloopbaby.com\/fr\/produit\/nuuroo-brand-fr\/bera-ligne-de-lit-bebe-creme-cirque\/#breadcrumb"},"inLanguage":"fr-FR","potentialAction":[{"@type":"ReadAction","target":["https:\/\/gloopbaby.com\/fr\/produit\/nuuroo-brand-fr\/bera-ligne-de-lit-bebe-creme-cirque\/"]}]},{"@type":"ImageObject","inLanguage":"fr-FR","@id":"https:\/\/gloopbaby.com\/fr\/produit\/nuuroo-brand-fr\/bera-ligne-de-lit-bebe-creme-cirque\/#primaryimage","url":"https:\/\/gloopbaby.com\/wp-content\/uploads\/2025\/05\/NU226.jpg","contentUrl":"https:\/\/gloopbaby.com\/wp-content\/uploads\/2025\/05\/NU226.jpg","width":600,"height":900},{"@type":"BreadcrumbList","@id":"https:\/\/gloopbaby.com\/fr\/produit\/nuuroo-brand-fr\/bera-ligne-de-lit-bebe-creme-cirque\/#breadcrumb","itemListElement":[{"@type":"ListItem","position":1,"name":"In\u00edcio","item":"https:\/\/gloopbaby.com\/fr\/"},{"@type":"ListItem","position":2,"name":"Shop","item":"https:\/\/gloopbaby.com\/loja\/"},{"@type":"ListItem","position":3,"name":"Bera ligne de lit beb\u00e9 cr\u00e8me cirque"}]},{"@type":"WebSite","@id":"https:\/\/gloopbaby.com\/fr\/#website","url":"https:\/\/gloopbaby.com\/fr\/","name":"Gloop Baby","description":"","publisher":{"@id":"https:\/\/gloopbaby.com\/fr\/#organization"},"potentialAction":[{"@type":"SearchAction","target":{"@type":"EntryPoint","urlTemplate":"https:\/\/gloopbaby.com\/fr\/?s={search_term_string}"},"query-input":{"@type":"PropertyValueSpecification","valueRequired":true,"valueName":"search_term_string"}}],"inLanguage":"fr-FR"},{"@type":"Organization","@id":"https:\/\/gloopbaby.com\/fr\/#organization","name":"Gloop Baby","url":"https:\/\/gloopbaby.com\/fr\/","logo":{"@type":"ImageObject","inLanguage":"fr-FR","@id":"https:\/\/gloopbaby.com\/fr\/#\/schema\/logo\/image\/","url":"https:\/\/gloopbaby.com\/wp-content\/uploads\/2023\/06\/gloop-logo.svg","contentUrl":"https:\/\/gloopbaby.com\/wp-content\/uploads\/2023\/06\/gloop-logo.svg","width":100,"height":100,"caption":"Gloop Baby"},"image":{"@id":"https:\/\/gloopbaby.com\/fr\/#\/schema\/logo\/image\/"}}]}},"_links":{"self":[{"href":"https:\/\/gloopbaby.com\/fr\/wp-json\/wp\/v2\/product\/131301","targetHints":{"allow":["GET"]}}],"collection":[{"href":"https:\/\/gloopbaby.com\/fr\/wp-json\/wp\/v2\/product"}],"about":[{"href":"https:\/\/gloopbaby.com\/fr\/wp-json\/wp\/v2\/types\/product"}],"replies":[{"embeddable":true,"href":"https:\/\/gloopbaby.com\/fr\/wp-json\/wp\/v2\/comments?post=131301"}],"wp:featuredmedia":[{"embeddable":true,"href":"https:\/\/gloopbaby.com\/fr\/wp-json\/wp\/v2\/media\/131309"}],"wp:attachment":[{"href":"https:\/\/gloopbaby.com\/fr\/wp-json\/wp\/v2\/media?parent=131301"}],"wp:term":[{"taxonomy":"product_brand","embeddable":true,"href":"https:\/\/gloopbaby.com\/fr\/wp-json\/wp\/v2\/product_brand?post=131301"},{"taxonomy":"product_cat","embeddable":true,"href":"https:\/\/gloopbaby.com\/fr\/wp-json\/wp\/v2\/product_cat?post=131301"},{"taxonomy":"product_tag","embeddable":true,"href":"https:\/\/gloopbaby.com\/fr\/wp-json\/wp\/v2\/product_tag?post=131301"}],"curies":[{"name":"wp","href":"https:\/\/api.w.org\/{rel}","templated":true}]}}