{"id":131280,"date":"2025-05-08T14:56:12","date_gmt":"2025-05-08T14:56:12","guid":{"rendered":"https:\/\/gloopbaby.com\/?post_type=product&#038;p=131280"},"modified":"2025-05-08T15:07:39","modified_gmt":"2025-05-08T15:07:39","slug":"bera-ligne-de-lit-senior-koala","status":"publish","type":"product","link":"https:\/\/gloopbaby.com\/fr\/produit\/nuuroo-brand-fr\/bera-ligne-de-lit-senior-koala\/","title":{"rendered":"Bera ligne de lit s\u00e9nior koala"},"content":{"rendered":"<p>LINGE DE LIT BIO &#8211; ADULTE<\/p>\n<p>Le linge de lit Bera est confectionn\u00e9 en percale de coton biologique exclusive. La percale est le seul tissage qui rend cette ligne de literie plus respirante et plus douce. La parure se ferme gr\u00e2ce \u00e0 une fermeture \u00e9clair invisible.<\/p>\n<p>\u00c0 PROPOS\u00a0:<\/p>\n<p>Couleur\u00a0: Koala<\/p>\n<p>Qualit\u00e9\u00a0: 100\u00a0% coton biologique<\/p>\n<p>Dimensions\u00a0: 140\u00a0x\u00a0200\u00a0+\u00a060\u00a0x\u00a063\u00a0cm<\/p>\n","protected":false},"excerpt":{"rendered":"<p>LINGE DE LIT BIO &#8211; ADULTE Le linge de lit Bera est confectionn\u00e9 en percale de coton biologique exclusive. La percale est le seul tissage qui rend cette ligne de literie plus respirante et plus douce. La parure se ferme gr\u00e2ce \u00e0 une fermeture \u00e9clair invisible. \u00c0 PROPOS\u00a0: Couleur\u00a0: Koala Qualit\u00e9\u00a0: 100\u00a0% coton biologique Dimensions\u00a0: [&hellip;]<\/p>\n","protected":false},"featured_media":131288,"comment_status":"closed","ping_status":"closed","template":"","meta":{"_acf_changed":false},"product_brand":[],"product_cat":[1744],"product_tag":[],"class_list":{"0":"post-131280","1":"product","2":"type-product","3":"status-publish","4":"has-post-thumbnail","6":"product_cat-nuuroo-brand-fr","8":"first","9":"instock","10":"sale","11":"taxable","12":"shipping-taxable","13":"purchasable","14":"product-type-simple"},"acf":[],"yoast_head":"<!-- This site is optimized with the Yoast SEO plugin v27.3 - https:\/\/yoast.com\/product\/yoast-seo-wordpress\/ -->\n<title>Bera ligne de lit s\u00e9nior koala - Gloop Baby<\/title>\n<meta name=\"robots\" content=\"index, follow, max-snippet:-1, max-image-preview:large, max-video-preview:-1\" \/>\n<link rel=\"canonical\" href=\"https:\/\/gloopbaby.com\/fr\/produit\/nuuroo-brand-fr\/bera-ligne-de-lit-senior-koala\/\" \/>\n<meta property=\"og:locale\" content=\"fr_FR\" \/>\n<meta property=\"og:type\" content=\"article\" \/>\n<meta property=\"og:title\" content=\"Bera ligne de lit s\u00e9nior koala - Gloop Baby\" \/>\n<meta property=\"og:description\" content=\"LINGE DE LIT BIO &#8211; ADULTE Le linge de lit Bera est confectionn\u00e9 en percale de coton biologique exclusive. La percale est le seul tissage qui rend cette ligne de literie plus respirante et plus douce. La parure se ferme gr\u00e2ce \u00e0 une fermeture \u00e9clair invisible. \u00c0 PROPOS\u00a0: Couleur\u00a0: Koala Qualit\u00e9\u00a0: 100\u00a0% coton biologique Dimensions\u00a0: [&hellip;]\" \/>\n<meta property=\"og:url\" content=\"https:\/\/gloopbaby.com\/fr\/produit\/nuuroo-brand-fr\/bera-ligne-de-lit-senior-koala\/\" \/>\n<meta property=\"og:site_name\" content=\"Gloop Baby\" \/>\n<meta property=\"article:modified_time\" content=\"2025-05-08T15:07:39+00:00\" \/>\n<meta property=\"og:image\" content=\"https:\/\/gloopbaby.com\/wp-content\/uploads\/2025\/05\/NU105.jpg\" \/>\n\t<meta property=\"og:image:width\" content=\"600\" \/>\n\t<meta property=\"og:image:height\" content=\"900\" \/>\n\t<meta property=\"og:image:type\" content=\"image\/jpeg\" \/>\n<meta name=\"twitter:card\" content=\"summary_large_image\" \/>\n<script type=\"application\/ld+json\" class=\"yoast-schema-graph\">{\"@context\":\"https:\\\/\\\/schema.org\",\"@graph\":[{\"@type\":\"WebPage\",\"@id\":\"https:\\\/\\\/gloopbaby.com\\\/fr\\\/produit\\\/nuuroo-brand-fr\\\/bera-ligne-de-lit-senior-koala\\\/\",\"url\":\"https:\\\/\\\/gloopbaby.com\\\/fr\\\/produit\\\/nuuroo-brand-fr\\\/bera-ligne-de-lit-senior-koala\\\/\",\"name\":\"Bera ligne de lit s\u00e9nior koala - Gloop Baby\",\"isPartOf\":{\"@id\":\"https:\\\/\\\/gloopbaby.com\\\/fr\\\/#website\"},\"primaryImageOfPage\":{\"@id\":\"https:\\\/\\\/gloopbaby.com\\\/fr\\\/produit\\\/nuuroo-brand-fr\\\/bera-ligne-de-lit-senior-koala\\\/#primaryimage\"},\"image\":{\"@id\":\"https:\\\/\\\/gloopbaby.com\\\/fr\\\/produit\\\/nuuroo-brand-fr\\\/bera-ligne-de-lit-senior-koala\\\/#primaryimage\"},\"thumbnailUrl\":\"https:\\\/\\\/gloopbaby.com\\\/wp-content\\\/uploads\\\/2025\\\/05\\\/NU105.jpg\",\"datePublished\":\"2025-05-08T14:56:12+00:00\",\"dateModified\":\"2025-05-08T15:07:39+00:00\",\"breadcrumb\":{\"@id\":\"https:\\\/\\\/gloopbaby.com\\\/fr\\\/produit\\\/nuuroo-brand-fr\\\/bera-ligne-de-lit-senior-koala\\\/#breadcrumb\"},\"inLanguage\":\"fr-FR\",\"potentialAction\":[{\"@type\":\"ReadAction\",\"target\":[\"https:\\\/\\\/gloopbaby.com\\\/fr\\\/produit\\\/nuuroo-brand-fr\\\/bera-ligne-de-lit-senior-koala\\\/\"]}]},{\"@type\":\"ImageObject\",\"inLanguage\":\"fr-FR\",\"@id\":\"https:\\\/\\\/gloopbaby.com\\\/fr\\\/produit\\\/nuuroo-brand-fr\\\/bera-ligne-de-lit-senior-koala\\\/#primaryimage\",\"url\":\"https:\\\/\\\/gloopbaby.com\\\/wp-content\\\/uploads\\\/2025\\\/05\\\/NU105.jpg\",\"contentUrl\":\"https:\\\/\\\/gloopbaby.com\\\/wp-content\\\/uploads\\\/2025\\\/05\\\/NU105.jpg\",\"width\":600,\"height\":900},{\"@type\":\"BreadcrumbList\",\"@id\":\"https:\\\/\\\/gloopbaby.com\\\/fr\\\/produit\\\/nuuroo-brand-fr\\\/bera-ligne-de-lit-senior-koala\\\/#breadcrumb\",\"itemListElement\":[{\"@type\":\"ListItem\",\"position\":1,\"name\":\"In\u00edcio\",\"item\":\"https:\\\/\\\/gloopbaby.com\\\/fr\\\/\"},{\"@type\":\"ListItem\",\"position\":2,\"name\":\"Shop\",\"item\":\"https:\\\/\\\/gloopbaby.com\\\/loja\\\/\"},{\"@type\":\"ListItem\",\"position\":3,\"name\":\"Bera ligne de lit s\u00e9nior koala\"}]},{\"@type\":\"WebSite\",\"@id\":\"https:\\\/\\\/gloopbaby.com\\\/fr\\\/#website\",\"url\":\"https:\\\/\\\/gloopbaby.com\\\/fr\\\/\",\"name\":\"Gloop Baby\",\"description\":\"\",\"publisher\":{\"@id\":\"https:\\\/\\\/gloopbaby.com\\\/fr\\\/#organization\"},\"potentialAction\":[{\"@type\":\"SearchAction\",\"target\":{\"@type\":\"EntryPoint\",\"urlTemplate\":\"https:\\\/\\\/gloopbaby.com\\\/fr\\\/?s={search_term_string}\"},\"query-input\":{\"@type\":\"PropertyValueSpecification\",\"valueRequired\":true,\"valueName\":\"search_term_string\"}}],\"inLanguage\":\"fr-FR\"},{\"@type\":\"Organization\",\"@id\":\"https:\\\/\\\/gloopbaby.com\\\/fr\\\/#organization\",\"name\":\"Gloop Baby\",\"url\":\"https:\\\/\\\/gloopbaby.com\\\/fr\\\/\",\"logo\":{\"@type\":\"ImageObject\",\"inLanguage\":\"fr-FR\",\"@id\":\"https:\\\/\\\/gloopbaby.com\\\/fr\\\/#\\\/schema\\\/logo\\\/image\\\/\",\"url\":\"https:\\\/\\\/gloopbaby.com\\\/wp-content\\\/uploads\\\/2023\\\/06\\\/gloop-logo.svg\",\"contentUrl\":\"https:\\\/\\\/gloopbaby.com\\\/wp-content\\\/uploads\\\/2023\\\/06\\\/gloop-logo.svg\",\"width\":100,\"height\":100,\"caption\":\"Gloop Baby\"},\"image\":{\"@id\":\"https:\\\/\\\/gloopbaby.com\\\/fr\\\/#\\\/schema\\\/logo\\\/image\\\/\"}}]}<\/script>\n<!-- \/ Yoast SEO plugin. -->","yoast_head_json":{"title":"Bera ligne de lit s\u00e9nior koala - Gloop Baby","robots":{"index":"index","follow":"follow","max-snippet":"max-snippet:-1","max-image-preview":"max-image-preview:large","max-video-preview":"max-video-preview:-1"},"canonical":"https:\/\/gloopbaby.com\/fr\/produit\/nuuroo-brand-fr\/bera-ligne-de-lit-senior-koala\/","og_locale":"fr_FR","og_type":"article","og_title":"Bera ligne de lit s\u00e9nior koala - Gloop Baby","og_description":"LINGE DE LIT BIO &#8211; ADULTE Le linge de lit Bera est confectionn\u00e9 en percale de coton biologique exclusive. La percale est le seul tissage qui rend cette ligne de literie plus respirante et plus douce. La parure se ferme gr\u00e2ce \u00e0 une fermeture \u00e9clair invisible. \u00c0 PROPOS\u00a0: Couleur\u00a0: Koala Qualit\u00e9\u00a0: 100\u00a0% coton biologique Dimensions\u00a0: [&hellip;]","og_url":"https:\/\/gloopbaby.com\/fr\/produit\/nuuroo-brand-fr\/bera-ligne-de-lit-senior-koala\/","og_site_name":"Gloop Baby","article_modified_time":"2025-05-08T15:07:39+00:00","og_image":[{"width":600,"height":900,"url":"https:\/\/gloopbaby.com\/wp-content\/uploads\/2025\/05\/NU105.jpg","type":"image\/jpeg"}],"twitter_card":"summary_large_image","schema":{"@context":"https:\/\/schema.org","@graph":[{"@type":"WebPage","@id":"https:\/\/gloopbaby.com\/fr\/produit\/nuuroo-brand-fr\/bera-ligne-de-lit-senior-koala\/","url":"https:\/\/gloopbaby.com\/fr\/produit\/nuuroo-brand-fr\/bera-ligne-de-lit-senior-koala\/","name":"Bera ligne de lit s\u00e9nior koala - Gloop Baby","isPartOf":{"@id":"https:\/\/gloopbaby.com\/fr\/#website"},"primaryImageOfPage":{"@id":"https:\/\/gloopbaby.com\/fr\/produit\/nuuroo-brand-fr\/bera-ligne-de-lit-senior-koala\/#primaryimage"},"image":{"@id":"https:\/\/gloopbaby.com\/fr\/produit\/nuuroo-brand-fr\/bera-ligne-de-lit-senior-koala\/#primaryimage"},"thumbnailUrl":"https:\/\/gloopbaby.com\/wp-content\/uploads\/2025\/05\/NU105.jpg","datePublished":"2025-05-08T14:56:12+00:00","dateModified":"2025-05-08T15:07:39+00:00","breadcrumb":{"@id":"https:\/\/gloopbaby.com\/fr\/produit\/nuuroo-brand-fr\/bera-ligne-de-lit-senior-koala\/#breadcrumb"},"inLanguage":"fr-FR","potentialAction":[{"@type":"ReadAction","target":["https:\/\/gloopbaby.com\/fr\/produit\/nuuroo-brand-fr\/bera-ligne-de-lit-senior-koala\/"]}]},{"@type":"ImageObject","inLanguage":"fr-FR","@id":"https:\/\/gloopbaby.com\/fr\/produit\/nuuroo-brand-fr\/bera-ligne-de-lit-senior-koala\/#primaryimage","url":"https:\/\/gloopbaby.com\/wp-content\/uploads\/2025\/05\/NU105.jpg","contentUrl":"https:\/\/gloopbaby.com\/wp-content\/uploads\/2025\/05\/NU105.jpg","width":600,"height":900},{"@type":"BreadcrumbList","@id":"https:\/\/gloopbaby.com\/fr\/produit\/nuuroo-brand-fr\/bera-ligne-de-lit-senior-koala\/#breadcrumb","itemListElement":[{"@type":"ListItem","position":1,"name":"In\u00edcio","item":"https:\/\/gloopbaby.com\/fr\/"},{"@type":"ListItem","position":2,"name":"Shop","item":"https:\/\/gloopbaby.com\/loja\/"},{"@type":"ListItem","position":3,"name":"Bera ligne de lit s\u00e9nior koala"}]},{"@type":"WebSite","@id":"https:\/\/gloopbaby.com\/fr\/#website","url":"https:\/\/gloopbaby.com\/fr\/","name":"Gloop Baby","description":"","publisher":{"@id":"https:\/\/gloopbaby.com\/fr\/#organization"},"potentialAction":[{"@type":"SearchAction","target":{"@type":"EntryPoint","urlTemplate":"https:\/\/gloopbaby.com\/fr\/?s={search_term_string}"},"query-input":{"@type":"PropertyValueSpecification","valueRequired":true,"valueName":"search_term_string"}}],"inLanguage":"fr-FR"},{"@type":"Organization","@id":"https:\/\/gloopbaby.com\/fr\/#organization","name":"Gloop Baby","url":"https:\/\/gloopbaby.com\/fr\/","logo":{"@type":"ImageObject","inLanguage":"fr-FR","@id":"https:\/\/gloopbaby.com\/fr\/#\/schema\/logo\/image\/","url":"https:\/\/gloopbaby.com\/wp-content\/uploads\/2023\/06\/gloop-logo.svg","contentUrl":"https:\/\/gloopbaby.com\/wp-content\/uploads\/2023\/06\/gloop-logo.svg","width":100,"height":100,"caption":"Gloop Baby"},"image":{"@id":"https:\/\/gloopbaby.com\/fr\/#\/schema\/logo\/image\/"}}]}},"_links":{"self":[{"href":"https:\/\/gloopbaby.com\/fr\/wp-json\/wp\/v2\/product\/131280","targetHints":{"allow":["GET"]}}],"collection":[{"href":"https:\/\/gloopbaby.com\/fr\/wp-json\/wp\/v2\/product"}],"about":[{"href":"https:\/\/gloopbaby.com\/fr\/wp-json\/wp\/v2\/types\/product"}],"replies":[{"embeddable":true,"href":"https:\/\/gloopbaby.com\/fr\/wp-json\/wp\/v2\/comments?post=131280"}],"wp:featuredmedia":[{"embeddable":true,"href":"https:\/\/gloopbaby.com\/fr\/wp-json\/wp\/v2\/media\/131288"}],"wp:attachment":[{"href":"https:\/\/gloopbaby.com\/fr\/wp-json\/wp\/v2\/media?parent=131280"}],"wp:term":[{"taxonomy":"product_brand","embeddable":true,"href":"https:\/\/gloopbaby.com\/fr\/wp-json\/wp\/v2\/product_brand?post=131280"},{"taxonomy":"product_cat","embeddable":true,"href":"https:\/\/gloopbaby.com\/fr\/wp-json\/wp\/v2\/product_cat?post=131280"},{"taxonomy":"product_tag","embeddable":true,"href":"https:\/\/gloopbaby.com\/fr\/wp-json\/wp\/v2\/product_tag?post=131280"}],"curies":[{"name":"wp","href":"https:\/\/api.w.org\/{rel}","templated":true}]}}