{"id":131109,"date":"2025-05-07T08:20:35","date_gmt":"2025-05-07T08:20:35","guid":{"rendered":"https:\/\/gloopbaby.com\/?post_type=product&#038;p=131109"},"modified":"2025-05-07T08:26:18","modified_gmt":"2025-05-07T08:26:18","slug":"set-de-7-langes-mousseline-de-coton-50x50cm-neutral","status":"publish","type":"product","link":"https:\/\/gloopbaby.com\/fr\/produit\/outlet-fr\/mousseline-fr\/set-de-7-langes-mousseline-de-coton-50x50cm-neutral\/","title":{"rendered":"Set de 7 Langes Mousseline de Coton 50x50cm Neutral"},"content":{"rendered":"<p>Set de 7 Langes Mousseline de Coton 50x50cm &#8211; collections \u00c9toiles, Natural, \u00c9l\u00e9phants, Nordic Gris, Plumes and Little Dots. Indispensable pour maman les langes gloop! vous accompagneront \u00e0 travers tous vos moments de vie avec b\u00e9b\u00e9. Nos langes sont certifi\u00e9s 100% bio et \u00e9cologique. Fabriqu\u00e9 au Portugal ils sont non allerg\u00e8nes et sans m\u00e9taux lourds. Conseil utilisation : A chaque lavage plus de douceur! Nous vous conseillons de les laver avant une premi\u00e8re utilisation.<\/p>\n","protected":false},"excerpt":{"rendered":"<p>Set de 7 Langes Mousseline de Coton 50x50cm &#8211; collections \u00c9toiles, Natural, \u00c9l\u00e9phants, Nordic Gris, Plumes and Little Dots. Indispensable pour maman les langes gloop! vous accompagneront \u00e0 travers tous vos moments de vie avec b\u00e9b\u00e9. Nos langes sont certifi\u00e9s 100% bio et \u00e9cologique. Fabriqu\u00e9 au Portugal ils sont non allerg\u00e8nes et sans m\u00e9taux lourds. [&hellip;]<\/p>\n","protected":false},"featured_media":131136,"comment_status":"closed","ping_status":"closed","template":"","meta":{"_acf_changed":false},"product_brand":[],"product_cat":[1356,1350],"product_tag":[],"class_list":{"0":"post-131109","1":"product","2":"type-product","3":"status-publish","4":"has-post-thumbnail","6":"product_cat-mousseline-fr","7":"product_cat-outlet-fr","9":"first","10":"instock","11":"sale","12":"taxable","13":"shipping-taxable","14":"purchasable","15":"product-type-simple"},"acf":[],"yoast_head":"<!-- This site is optimized with the Yoast SEO plugin v27.3 - https:\/\/yoast.com\/product\/yoast-seo-wordpress\/ -->\n<title>Set de 7 Langes Mousseline de Coton 50x50cm Neutral - Gloop Baby<\/title>\n<meta name=\"robots\" content=\"index, follow, max-snippet:-1, max-image-preview:large, max-video-preview:-1\" \/>\n<link rel=\"canonical\" href=\"https:\/\/gloopbaby.com\/fr\/produit\/outlet-fr\/mousseline-fr\/set-de-7-langes-mousseline-de-coton-50x50cm-neutral\/\" \/>\n<meta property=\"og:locale\" content=\"fr_FR\" \/>\n<meta property=\"og:type\" content=\"article\" \/>\n<meta property=\"og:title\" content=\"Set de 7 Langes Mousseline de Coton 50x50cm Neutral - Gloop Baby\" \/>\n<meta property=\"og:description\" content=\"Set de 7 Langes Mousseline de Coton 50x50cm &#8211; collections \u00c9toiles, Natural, \u00c9l\u00e9phants, Nordic Gris, Plumes and Little Dots. Indispensable pour maman les langes gloop! vous accompagneront \u00e0 travers tous vos moments de vie avec b\u00e9b\u00e9. Nos langes sont certifi\u00e9s 100% bio et \u00e9cologique. Fabriqu\u00e9 au Portugal ils sont non allerg\u00e8nes et sans m\u00e9taux lourds. [&hellip;]\" \/>\n<meta property=\"og:url\" content=\"https:\/\/gloopbaby.com\/fr\/produit\/outlet-fr\/mousseline-fr\/set-de-7-langes-mousseline-de-coton-50x50cm-neutral\/\" \/>\n<meta property=\"og:site_name\" content=\"Gloop Baby\" \/>\n<meta property=\"article:modified_time\" content=\"2025-05-07T08:26:18+00:00\" \/>\n<meta property=\"og:image\" content=\"https:\/\/gloopbaby.com\/wp-content\/uploads\/2025\/05\/5600913326096_11.jpg\" \/>\n\t<meta property=\"og:image:width\" content=\"600\" \/>\n\t<meta property=\"og:image:height\" content=\"900\" \/>\n\t<meta property=\"og:image:type\" content=\"image\/jpeg\" \/>\n<meta name=\"twitter:card\" content=\"summary_large_image\" \/>\n<script type=\"application\/ld+json\" class=\"yoast-schema-graph\">{\"@context\":\"https:\\\/\\\/schema.org\",\"@graph\":[{\"@type\":\"WebPage\",\"@id\":\"https:\\\/\\\/gloopbaby.com\\\/fr\\\/produit\\\/outlet-fr\\\/mousseline-fr\\\/set-de-7-langes-mousseline-de-coton-50x50cm-neutral\\\/\",\"url\":\"https:\\\/\\\/gloopbaby.com\\\/fr\\\/produit\\\/outlet-fr\\\/mousseline-fr\\\/set-de-7-langes-mousseline-de-coton-50x50cm-neutral\\\/\",\"name\":\"Set de 7 Langes Mousseline de Coton 50x50cm Neutral - Gloop Baby\",\"isPartOf\":{\"@id\":\"https:\\\/\\\/gloopbaby.com\\\/fr\\\/#website\"},\"primaryImageOfPage\":{\"@id\":\"https:\\\/\\\/gloopbaby.com\\\/fr\\\/produit\\\/outlet-fr\\\/mousseline-fr\\\/set-de-7-langes-mousseline-de-coton-50x50cm-neutral\\\/#primaryimage\"},\"image\":{\"@id\":\"https:\\\/\\\/gloopbaby.com\\\/fr\\\/produit\\\/outlet-fr\\\/mousseline-fr\\\/set-de-7-langes-mousseline-de-coton-50x50cm-neutral\\\/#primaryimage\"},\"thumbnailUrl\":\"https:\\\/\\\/gloopbaby.com\\\/wp-content\\\/uploads\\\/2025\\\/05\\\/5600913326096_11.jpg\",\"datePublished\":\"2025-05-07T08:20:35+00:00\",\"dateModified\":\"2025-05-07T08:26:18+00:00\",\"breadcrumb\":{\"@id\":\"https:\\\/\\\/gloopbaby.com\\\/fr\\\/produit\\\/outlet-fr\\\/mousseline-fr\\\/set-de-7-langes-mousseline-de-coton-50x50cm-neutral\\\/#breadcrumb\"},\"inLanguage\":\"fr-FR\",\"potentialAction\":[{\"@type\":\"ReadAction\",\"target\":[\"https:\\\/\\\/gloopbaby.com\\\/fr\\\/produit\\\/outlet-fr\\\/mousseline-fr\\\/set-de-7-langes-mousseline-de-coton-50x50cm-neutral\\\/\"]}]},{\"@type\":\"ImageObject\",\"inLanguage\":\"fr-FR\",\"@id\":\"https:\\\/\\\/gloopbaby.com\\\/fr\\\/produit\\\/outlet-fr\\\/mousseline-fr\\\/set-de-7-langes-mousseline-de-coton-50x50cm-neutral\\\/#primaryimage\",\"url\":\"https:\\\/\\\/gloopbaby.com\\\/wp-content\\\/uploads\\\/2025\\\/05\\\/5600913326096_11.jpg\",\"contentUrl\":\"https:\\\/\\\/gloopbaby.com\\\/wp-content\\\/uploads\\\/2025\\\/05\\\/5600913326096_11.jpg\",\"width\":600,\"height\":900},{\"@type\":\"BreadcrumbList\",\"@id\":\"https:\\\/\\\/gloopbaby.com\\\/fr\\\/produit\\\/outlet-fr\\\/mousseline-fr\\\/set-de-7-langes-mousseline-de-coton-50x50cm-neutral\\\/#breadcrumb\",\"itemListElement\":[{\"@type\":\"ListItem\",\"position\":1,\"name\":\"In\u00edcio\",\"item\":\"https:\\\/\\\/gloopbaby.com\\\/fr\\\/\"},{\"@type\":\"ListItem\",\"position\":2,\"name\":\"Shop\",\"item\":\"https:\\\/\\\/gloopbaby.com\\\/loja\\\/\"},{\"@type\":\"ListItem\",\"position\":3,\"name\":\"Set de 7 Langes Mousseline de Coton 50x50cm Neutral\"}]},{\"@type\":\"WebSite\",\"@id\":\"https:\\\/\\\/gloopbaby.com\\\/fr\\\/#website\",\"url\":\"https:\\\/\\\/gloopbaby.com\\\/fr\\\/\",\"name\":\"Gloop Baby\",\"description\":\"\",\"publisher\":{\"@id\":\"https:\\\/\\\/gloopbaby.com\\\/fr\\\/#organization\"},\"potentialAction\":[{\"@type\":\"SearchAction\",\"target\":{\"@type\":\"EntryPoint\",\"urlTemplate\":\"https:\\\/\\\/gloopbaby.com\\\/fr\\\/?s={search_term_string}\"},\"query-input\":{\"@type\":\"PropertyValueSpecification\",\"valueRequired\":true,\"valueName\":\"search_term_string\"}}],\"inLanguage\":\"fr-FR\"},{\"@type\":\"Organization\",\"@id\":\"https:\\\/\\\/gloopbaby.com\\\/fr\\\/#organization\",\"name\":\"Gloop Baby\",\"url\":\"https:\\\/\\\/gloopbaby.com\\\/fr\\\/\",\"logo\":{\"@type\":\"ImageObject\",\"inLanguage\":\"fr-FR\",\"@id\":\"https:\\\/\\\/gloopbaby.com\\\/fr\\\/#\\\/schema\\\/logo\\\/image\\\/\",\"url\":\"https:\\\/\\\/gloopbaby.com\\\/wp-content\\\/uploads\\\/2023\\\/06\\\/gloop-logo.svg\",\"contentUrl\":\"https:\\\/\\\/gloopbaby.com\\\/wp-content\\\/uploads\\\/2023\\\/06\\\/gloop-logo.svg\",\"width\":100,\"height\":100,\"caption\":\"Gloop Baby\"},\"image\":{\"@id\":\"https:\\\/\\\/gloopbaby.com\\\/fr\\\/#\\\/schema\\\/logo\\\/image\\\/\"}}]}<\/script>\n<!-- \/ Yoast SEO plugin. -->","yoast_head_json":{"title":"Set de 7 Langes Mousseline de Coton 50x50cm Neutral - Gloop Baby","robots":{"index":"index","follow":"follow","max-snippet":"max-snippet:-1","max-image-preview":"max-image-preview:large","max-video-preview":"max-video-preview:-1"},"canonical":"https:\/\/gloopbaby.com\/fr\/produit\/outlet-fr\/mousseline-fr\/set-de-7-langes-mousseline-de-coton-50x50cm-neutral\/","og_locale":"fr_FR","og_type":"article","og_title":"Set de 7 Langes Mousseline de Coton 50x50cm Neutral - Gloop Baby","og_description":"Set de 7 Langes Mousseline de Coton 50x50cm &#8211; collections \u00c9toiles, Natural, \u00c9l\u00e9phants, Nordic Gris, Plumes and Little Dots. Indispensable pour maman les langes gloop! vous accompagneront \u00e0 travers tous vos moments de vie avec b\u00e9b\u00e9. Nos langes sont certifi\u00e9s 100% bio et \u00e9cologique. Fabriqu\u00e9 au Portugal ils sont non allerg\u00e8nes et sans m\u00e9taux lourds. [&hellip;]","og_url":"https:\/\/gloopbaby.com\/fr\/produit\/outlet-fr\/mousseline-fr\/set-de-7-langes-mousseline-de-coton-50x50cm-neutral\/","og_site_name":"Gloop Baby","article_modified_time":"2025-05-07T08:26:18+00:00","og_image":[{"width":600,"height":900,"url":"https:\/\/gloopbaby.com\/wp-content\/uploads\/2025\/05\/5600913326096_11.jpg","type":"image\/jpeg"}],"twitter_card":"summary_large_image","schema":{"@context":"https:\/\/schema.org","@graph":[{"@type":"WebPage","@id":"https:\/\/gloopbaby.com\/fr\/produit\/outlet-fr\/mousseline-fr\/set-de-7-langes-mousseline-de-coton-50x50cm-neutral\/","url":"https:\/\/gloopbaby.com\/fr\/produit\/outlet-fr\/mousseline-fr\/set-de-7-langes-mousseline-de-coton-50x50cm-neutral\/","name":"Set de 7 Langes Mousseline de Coton 50x50cm Neutral - Gloop Baby","isPartOf":{"@id":"https:\/\/gloopbaby.com\/fr\/#website"},"primaryImageOfPage":{"@id":"https:\/\/gloopbaby.com\/fr\/produit\/outlet-fr\/mousseline-fr\/set-de-7-langes-mousseline-de-coton-50x50cm-neutral\/#primaryimage"},"image":{"@id":"https:\/\/gloopbaby.com\/fr\/produit\/outlet-fr\/mousseline-fr\/set-de-7-langes-mousseline-de-coton-50x50cm-neutral\/#primaryimage"},"thumbnailUrl":"https:\/\/gloopbaby.com\/wp-content\/uploads\/2025\/05\/5600913326096_11.jpg","datePublished":"2025-05-07T08:20:35+00:00","dateModified":"2025-05-07T08:26:18+00:00","breadcrumb":{"@id":"https:\/\/gloopbaby.com\/fr\/produit\/outlet-fr\/mousseline-fr\/set-de-7-langes-mousseline-de-coton-50x50cm-neutral\/#breadcrumb"},"inLanguage":"fr-FR","potentialAction":[{"@type":"ReadAction","target":["https:\/\/gloopbaby.com\/fr\/produit\/outlet-fr\/mousseline-fr\/set-de-7-langes-mousseline-de-coton-50x50cm-neutral\/"]}]},{"@type":"ImageObject","inLanguage":"fr-FR","@id":"https:\/\/gloopbaby.com\/fr\/produit\/outlet-fr\/mousseline-fr\/set-de-7-langes-mousseline-de-coton-50x50cm-neutral\/#primaryimage","url":"https:\/\/gloopbaby.com\/wp-content\/uploads\/2025\/05\/5600913326096_11.jpg","contentUrl":"https:\/\/gloopbaby.com\/wp-content\/uploads\/2025\/05\/5600913326096_11.jpg","width":600,"height":900},{"@type":"BreadcrumbList","@id":"https:\/\/gloopbaby.com\/fr\/produit\/outlet-fr\/mousseline-fr\/set-de-7-langes-mousseline-de-coton-50x50cm-neutral\/#breadcrumb","itemListElement":[{"@type":"ListItem","position":1,"name":"In\u00edcio","item":"https:\/\/gloopbaby.com\/fr\/"},{"@type":"ListItem","position":2,"name":"Shop","item":"https:\/\/gloopbaby.com\/loja\/"},{"@type":"ListItem","position":3,"name":"Set de 7 Langes Mousseline de Coton 50x50cm Neutral"}]},{"@type":"WebSite","@id":"https:\/\/gloopbaby.com\/fr\/#website","url":"https:\/\/gloopbaby.com\/fr\/","name":"Gloop Baby","description":"","publisher":{"@id":"https:\/\/gloopbaby.com\/fr\/#organization"},"potentialAction":[{"@type":"SearchAction","target":{"@type":"EntryPoint","urlTemplate":"https:\/\/gloopbaby.com\/fr\/?s={search_term_string}"},"query-input":{"@type":"PropertyValueSpecification","valueRequired":true,"valueName":"search_term_string"}}],"inLanguage":"fr-FR"},{"@type":"Organization","@id":"https:\/\/gloopbaby.com\/fr\/#organization","name":"Gloop Baby","url":"https:\/\/gloopbaby.com\/fr\/","logo":{"@type":"ImageObject","inLanguage":"fr-FR","@id":"https:\/\/gloopbaby.com\/fr\/#\/schema\/logo\/image\/","url":"https:\/\/gloopbaby.com\/wp-content\/uploads\/2023\/06\/gloop-logo.svg","contentUrl":"https:\/\/gloopbaby.com\/wp-content\/uploads\/2023\/06\/gloop-logo.svg","width":100,"height":100,"caption":"Gloop Baby"},"image":{"@id":"https:\/\/gloopbaby.com\/fr\/#\/schema\/logo\/image\/"}}]}},"_links":{"self":[{"href":"https:\/\/gloopbaby.com\/fr\/wp-json\/wp\/v2\/product\/131109","targetHints":{"allow":["GET"]}}],"collection":[{"href":"https:\/\/gloopbaby.com\/fr\/wp-json\/wp\/v2\/product"}],"about":[{"href":"https:\/\/gloopbaby.com\/fr\/wp-json\/wp\/v2\/types\/product"}],"replies":[{"embeddable":true,"href":"https:\/\/gloopbaby.com\/fr\/wp-json\/wp\/v2\/comments?post=131109"}],"wp:featuredmedia":[{"embeddable":true,"href":"https:\/\/gloopbaby.com\/fr\/wp-json\/wp\/v2\/media\/131136"}],"wp:attachment":[{"href":"https:\/\/gloopbaby.com\/fr\/wp-json\/wp\/v2\/media?parent=131109"}],"wp:term":[{"taxonomy":"product_brand","embeddable":true,"href":"https:\/\/gloopbaby.com\/fr\/wp-json\/wp\/v2\/product_brand?post=131109"},{"taxonomy":"product_cat","embeddable":true,"href":"https:\/\/gloopbaby.com\/fr\/wp-json\/wp\/v2\/product_cat?post=131109"},{"taxonomy":"product_tag","embeddable":true,"href":"https:\/\/gloopbaby.com\/fr\/wp-json\/wp\/v2\/product_tag?post=131109"}],"curies":[{"name":"wp","href":"https:\/\/api.w.org\/{rel}","templated":true}]}}