{"id":123187,"date":"2024-09-17T10:55:12","date_gmt":"2024-09-17T10:55:12","guid":{"rendered":"https:\/\/gloopbaby.com\/?post_type=product&#038;p=123187"},"modified":"2024-10-14T13:10:38","modified_gmt":"2024-10-14T13:10:38","slug":"peignoir-de-bain-colorful-stars-12-24-mois","status":"publish","type":"product","link":"https:\/\/gloopbaby.com\/fr\/produit\/collections-fr\/colorful-stars-fr\/peignoir-de-bain-colorful-stars-12-24-mois\/","title":{"rendered":"Peignoir de Bain Colorful Stars 12-24 mois"},"content":{"rendered":"<p>Elegant, et pratique cette robe de bain sera l&rsquo;accessoire indispensable pour enmitoufler b\u00e9b\u00e9 \u00e0 la sortie du bain. Plac\u00e9 juste apr\u00e8s la douche, le peignoir de bain gloop! il s\u00e8che et caresse le b\u00e9b\u00e9 avec son mat\u00e9riau super absorbant.100% coton biologique et \u00e9cologique et fabriqu\u00e9 au Portugal. Taille: 55x86cm<\/p>\n","protected":false},"excerpt":{"rendered":"<p>Elegant, et pratique cette robe de bain sera l&rsquo;accessoire indispensable pour enmitoufler b\u00e9b\u00e9 \u00e0 la sortie du bain. Plac\u00e9 juste apr\u00e8s la douche, le peignoir de bain gloop! il s\u00e8che et caresse le b\u00e9b\u00e9 avec son mat\u00e9riau super absorbant.100% coton biologique et \u00e9cologique et fabriqu\u00e9 au Portugal. Taille: 55x86cm<\/p>\n","protected":false},"featured_media":124470,"comment_status":"closed","ping_status":"closed","template":"","meta":{"_acf_changed":false},"product_brand":[],"product_cat":[1468,1404,1582,1716,1469,1470],"product_tag":[],"class_list":{"0":"post-123187","1":"product","2":"type-product","3":"status-publish","4":"has-post-thumbnail","6":"product_cat-bain-fr","7":"product_cat-bain-et-nursery-fr","8":"product_cat-collections-fr","9":"product_cat-colorful-stars-fr","10":"product_cat-peignoir-de-bain-fr","11":"product_cat-peignoir-de-bain-12-24m-fr","13":"first","14":"instock","15":"taxable","16":"shipping-taxable","17":"purchasable","18":"product-type-simple"},"acf":[],"yoast_head":"<!-- This site is optimized with the Yoast SEO plugin v27.3 - https:\/\/yoast.com\/product\/yoast-seo-wordpress\/ -->\n<title>Peignoir de Bain Colorful Stars 12-24 mois - Gloop Baby<\/title>\n<meta name=\"robots\" content=\"index, follow, max-snippet:-1, max-image-preview:large, max-video-preview:-1\" \/>\n<link rel=\"canonical\" href=\"https:\/\/gloopbaby.com\/fr\/produit\/collections-fr\/colorful-stars-fr\/peignoir-de-bain-colorful-stars-12-24-mois\/\" \/>\n<meta property=\"og:locale\" content=\"fr_FR\" \/>\n<meta property=\"og:type\" content=\"article\" \/>\n<meta property=\"og:title\" content=\"Peignoir de Bain Colorful Stars 12-24 mois - Gloop Baby\" \/>\n<meta property=\"og:description\" content=\"Elegant, et pratique cette robe de bain sera l&rsquo;accessoire indispensable pour enmitoufler b\u00e9b\u00e9 \u00e0 la sortie du bain. Plac\u00e9 juste apr\u00e8s la douche, le peignoir de bain gloop! il s\u00e8che et caresse le b\u00e9b\u00e9 avec son mat\u00e9riau super absorbant.100% coton biologique et \u00e9cologique et fabriqu\u00e9 au Portugal. Taille: 55x86cm\" \/>\n<meta property=\"og:url\" content=\"https:\/\/gloopbaby.com\/fr\/produit\/collections-fr\/colorful-stars-fr\/peignoir-de-bain-colorful-stars-12-24-mois\/\" \/>\n<meta property=\"og:site_name\" content=\"Gloop Baby\" \/>\n<meta property=\"article:modified_time\" content=\"2024-10-14T13:10:38+00:00\" \/>\n<meta property=\"og:image\" content=\"https:\/\/gloopbaby.com\/wp-content\/uploads\/2024\/09\/robe-55-4.jpg\" \/>\n\t<meta property=\"og:image:width\" content=\"600\" \/>\n\t<meta property=\"og:image:height\" content=\"900\" \/>\n\t<meta property=\"og:image:type\" content=\"image\/jpeg\" \/>\n<meta name=\"twitter:card\" content=\"summary_large_image\" \/>\n<script type=\"application\/ld+json\" class=\"yoast-schema-graph\">{\"@context\":\"https:\\\/\\\/schema.org\",\"@graph\":[{\"@type\":\"WebPage\",\"@id\":\"https:\\\/\\\/gloopbaby.com\\\/fr\\\/produit\\\/collections-fr\\\/colorful-stars-fr\\\/peignoir-de-bain-colorful-stars-12-24-mois\\\/\",\"url\":\"https:\\\/\\\/gloopbaby.com\\\/fr\\\/produit\\\/collections-fr\\\/colorful-stars-fr\\\/peignoir-de-bain-colorful-stars-12-24-mois\\\/\",\"name\":\"Peignoir de Bain Colorful Stars 12-24 mois - Gloop Baby\",\"isPartOf\":{\"@id\":\"https:\\\/\\\/gloopbaby.com\\\/fr\\\/#website\"},\"primaryImageOfPage\":{\"@id\":\"https:\\\/\\\/gloopbaby.com\\\/fr\\\/produit\\\/collections-fr\\\/colorful-stars-fr\\\/peignoir-de-bain-colorful-stars-12-24-mois\\\/#primaryimage\"},\"image\":{\"@id\":\"https:\\\/\\\/gloopbaby.com\\\/fr\\\/produit\\\/collections-fr\\\/colorful-stars-fr\\\/peignoir-de-bain-colorful-stars-12-24-mois\\\/#primaryimage\"},\"thumbnailUrl\":\"https:\\\/\\\/gloopbaby.com\\\/wp-content\\\/uploads\\\/2024\\\/09\\\/robe-55-4.jpg\",\"datePublished\":\"2024-09-17T10:55:12+00:00\",\"dateModified\":\"2024-10-14T13:10:38+00:00\",\"breadcrumb\":{\"@id\":\"https:\\\/\\\/gloopbaby.com\\\/fr\\\/produit\\\/collections-fr\\\/colorful-stars-fr\\\/peignoir-de-bain-colorful-stars-12-24-mois\\\/#breadcrumb\"},\"inLanguage\":\"fr-FR\",\"potentialAction\":[{\"@type\":\"ReadAction\",\"target\":[\"https:\\\/\\\/gloopbaby.com\\\/fr\\\/produit\\\/collections-fr\\\/colorful-stars-fr\\\/peignoir-de-bain-colorful-stars-12-24-mois\\\/\"]}]},{\"@type\":\"ImageObject\",\"inLanguage\":\"fr-FR\",\"@id\":\"https:\\\/\\\/gloopbaby.com\\\/fr\\\/produit\\\/collections-fr\\\/colorful-stars-fr\\\/peignoir-de-bain-colorful-stars-12-24-mois\\\/#primaryimage\",\"url\":\"https:\\\/\\\/gloopbaby.com\\\/wp-content\\\/uploads\\\/2024\\\/09\\\/robe-55-4.jpg\",\"contentUrl\":\"https:\\\/\\\/gloopbaby.com\\\/wp-content\\\/uploads\\\/2024\\\/09\\\/robe-55-4.jpg\",\"width\":600,\"height\":900,\"caption\":\"robe para beb\u00e9 em algod\u00e3o org\u00e2nico Colorful Stars\"},{\"@type\":\"BreadcrumbList\",\"@id\":\"https:\\\/\\\/gloopbaby.com\\\/fr\\\/produit\\\/collections-fr\\\/colorful-stars-fr\\\/peignoir-de-bain-colorful-stars-12-24-mois\\\/#breadcrumb\",\"itemListElement\":[{\"@type\":\"ListItem\",\"position\":1,\"name\":\"In\u00edcio\",\"item\":\"https:\\\/\\\/gloopbaby.com\\\/fr\\\/\"},{\"@type\":\"ListItem\",\"position\":2,\"name\":\"Shop\",\"item\":\"https:\\\/\\\/gloopbaby.com\\\/loja\\\/\"},{\"@type\":\"ListItem\",\"position\":3,\"name\":\"Peignoir de Bain Colorful Stars 12-24 mois\"}]},{\"@type\":\"WebSite\",\"@id\":\"https:\\\/\\\/gloopbaby.com\\\/fr\\\/#website\",\"url\":\"https:\\\/\\\/gloopbaby.com\\\/fr\\\/\",\"name\":\"Gloop Baby\",\"description\":\"\",\"publisher\":{\"@id\":\"https:\\\/\\\/gloopbaby.com\\\/fr\\\/#organization\"},\"potentialAction\":[{\"@type\":\"SearchAction\",\"target\":{\"@type\":\"EntryPoint\",\"urlTemplate\":\"https:\\\/\\\/gloopbaby.com\\\/fr\\\/?s={search_term_string}\"},\"query-input\":{\"@type\":\"PropertyValueSpecification\",\"valueRequired\":true,\"valueName\":\"search_term_string\"}}],\"inLanguage\":\"fr-FR\"},{\"@type\":\"Organization\",\"@id\":\"https:\\\/\\\/gloopbaby.com\\\/fr\\\/#organization\",\"name\":\"Gloop Baby\",\"url\":\"https:\\\/\\\/gloopbaby.com\\\/fr\\\/\",\"logo\":{\"@type\":\"ImageObject\",\"inLanguage\":\"fr-FR\",\"@id\":\"https:\\\/\\\/gloopbaby.com\\\/fr\\\/#\\\/schema\\\/logo\\\/image\\\/\",\"url\":\"https:\\\/\\\/gloopbaby.com\\\/wp-content\\\/uploads\\\/2023\\\/06\\\/gloop-logo.svg\",\"contentUrl\":\"https:\\\/\\\/gloopbaby.com\\\/wp-content\\\/uploads\\\/2023\\\/06\\\/gloop-logo.svg\",\"width\":100,\"height\":100,\"caption\":\"Gloop Baby\"},\"image\":{\"@id\":\"https:\\\/\\\/gloopbaby.com\\\/fr\\\/#\\\/schema\\\/logo\\\/image\\\/\"}}]}<\/script>\n<!-- \/ Yoast SEO plugin. -->","yoast_head_json":{"title":"Peignoir de Bain Colorful Stars 12-24 mois - Gloop Baby","robots":{"index":"index","follow":"follow","max-snippet":"max-snippet:-1","max-image-preview":"max-image-preview:large","max-video-preview":"max-video-preview:-1"},"canonical":"https:\/\/gloopbaby.com\/fr\/produit\/collections-fr\/colorful-stars-fr\/peignoir-de-bain-colorful-stars-12-24-mois\/","og_locale":"fr_FR","og_type":"article","og_title":"Peignoir de Bain Colorful Stars 12-24 mois - Gloop Baby","og_description":"Elegant, et pratique cette robe de bain sera l&rsquo;accessoire indispensable pour enmitoufler b\u00e9b\u00e9 \u00e0 la sortie du bain. Plac\u00e9 juste apr\u00e8s la douche, le peignoir de bain gloop! il s\u00e8che et caresse le b\u00e9b\u00e9 avec son mat\u00e9riau super absorbant.100% coton biologique et \u00e9cologique et fabriqu\u00e9 au Portugal. Taille: 55x86cm","og_url":"https:\/\/gloopbaby.com\/fr\/produit\/collections-fr\/colorful-stars-fr\/peignoir-de-bain-colorful-stars-12-24-mois\/","og_site_name":"Gloop Baby","article_modified_time":"2024-10-14T13:10:38+00:00","og_image":[{"width":600,"height":900,"url":"https:\/\/gloopbaby.com\/wp-content\/uploads\/2024\/09\/robe-55-4.jpg","type":"image\/jpeg"}],"twitter_card":"summary_large_image","schema":{"@context":"https:\/\/schema.org","@graph":[{"@type":"WebPage","@id":"https:\/\/gloopbaby.com\/fr\/produit\/collections-fr\/colorful-stars-fr\/peignoir-de-bain-colorful-stars-12-24-mois\/","url":"https:\/\/gloopbaby.com\/fr\/produit\/collections-fr\/colorful-stars-fr\/peignoir-de-bain-colorful-stars-12-24-mois\/","name":"Peignoir de Bain Colorful Stars 12-24 mois - Gloop Baby","isPartOf":{"@id":"https:\/\/gloopbaby.com\/fr\/#website"},"primaryImageOfPage":{"@id":"https:\/\/gloopbaby.com\/fr\/produit\/collections-fr\/colorful-stars-fr\/peignoir-de-bain-colorful-stars-12-24-mois\/#primaryimage"},"image":{"@id":"https:\/\/gloopbaby.com\/fr\/produit\/collections-fr\/colorful-stars-fr\/peignoir-de-bain-colorful-stars-12-24-mois\/#primaryimage"},"thumbnailUrl":"https:\/\/gloopbaby.com\/wp-content\/uploads\/2024\/09\/robe-55-4.jpg","datePublished":"2024-09-17T10:55:12+00:00","dateModified":"2024-10-14T13:10:38+00:00","breadcrumb":{"@id":"https:\/\/gloopbaby.com\/fr\/produit\/collections-fr\/colorful-stars-fr\/peignoir-de-bain-colorful-stars-12-24-mois\/#breadcrumb"},"inLanguage":"fr-FR","potentialAction":[{"@type":"ReadAction","target":["https:\/\/gloopbaby.com\/fr\/produit\/collections-fr\/colorful-stars-fr\/peignoir-de-bain-colorful-stars-12-24-mois\/"]}]},{"@type":"ImageObject","inLanguage":"fr-FR","@id":"https:\/\/gloopbaby.com\/fr\/produit\/collections-fr\/colorful-stars-fr\/peignoir-de-bain-colorful-stars-12-24-mois\/#primaryimage","url":"https:\/\/gloopbaby.com\/wp-content\/uploads\/2024\/09\/robe-55-4.jpg","contentUrl":"https:\/\/gloopbaby.com\/wp-content\/uploads\/2024\/09\/robe-55-4.jpg","width":600,"height":900,"caption":"robe para beb\u00e9 em algod\u00e3o org\u00e2nico Colorful Stars"},{"@type":"BreadcrumbList","@id":"https:\/\/gloopbaby.com\/fr\/produit\/collections-fr\/colorful-stars-fr\/peignoir-de-bain-colorful-stars-12-24-mois\/#breadcrumb","itemListElement":[{"@type":"ListItem","position":1,"name":"In\u00edcio","item":"https:\/\/gloopbaby.com\/fr\/"},{"@type":"ListItem","position":2,"name":"Shop","item":"https:\/\/gloopbaby.com\/loja\/"},{"@type":"ListItem","position":3,"name":"Peignoir de Bain Colorful Stars 12-24 mois"}]},{"@type":"WebSite","@id":"https:\/\/gloopbaby.com\/fr\/#website","url":"https:\/\/gloopbaby.com\/fr\/","name":"Gloop Baby","description":"","publisher":{"@id":"https:\/\/gloopbaby.com\/fr\/#organization"},"potentialAction":[{"@type":"SearchAction","target":{"@type":"EntryPoint","urlTemplate":"https:\/\/gloopbaby.com\/fr\/?s={search_term_string}"},"query-input":{"@type":"PropertyValueSpecification","valueRequired":true,"valueName":"search_term_string"}}],"inLanguage":"fr-FR"},{"@type":"Organization","@id":"https:\/\/gloopbaby.com\/fr\/#organization","name":"Gloop Baby","url":"https:\/\/gloopbaby.com\/fr\/","logo":{"@type":"ImageObject","inLanguage":"fr-FR","@id":"https:\/\/gloopbaby.com\/fr\/#\/schema\/logo\/image\/","url":"https:\/\/gloopbaby.com\/wp-content\/uploads\/2023\/06\/gloop-logo.svg","contentUrl":"https:\/\/gloopbaby.com\/wp-content\/uploads\/2023\/06\/gloop-logo.svg","width":100,"height":100,"caption":"Gloop Baby"},"image":{"@id":"https:\/\/gloopbaby.com\/fr\/#\/schema\/logo\/image\/"}}]}},"_links":{"self":[{"href":"https:\/\/gloopbaby.com\/fr\/wp-json\/wp\/v2\/product\/123187","targetHints":{"allow":["GET"]}}],"collection":[{"href":"https:\/\/gloopbaby.com\/fr\/wp-json\/wp\/v2\/product"}],"about":[{"href":"https:\/\/gloopbaby.com\/fr\/wp-json\/wp\/v2\/types\/product"}],"replies":[{"embeddable":true,"href":"https:\/\/gloopbaby.com\/fr\/wp-json\/wp\/v2\/comments?post=123187"}],"wp:featuredmedia":[{"embeddable":true,"href":"https:\/\/gloopbaby.com\/fr\/wp-json\/wp\/v2\/media\/124470"}],"wp:attachment":[{"href":"https:\/\/gloopbaby.com\/fr\/wp-json\/wp\/v2\/media?parent=123187"}],"wp:term":[{"taxonomy":"product_brand","embeddable":true,"href":"https:\/\/gloopbaby.com\/fr\/wp-json\/wp\/v2\/product_brand?post=123187"},{"taxonomy":"product_cat","embeddable":true,"href":"https:\/\/gloopbaby.com\/fr\/wp-json\/wp\/v2\/product_cat?post=123187"},{"taxonomy":"product_tag","embeddable":true,"href":"https:\/\/gloopbaby.com\/fr\/wp-json\/wp\/v2\/product_tag?post=123187"}],"curies":[{"name":"wp","href":"https:\/\/api.w.org\/{rel}","templated":true}]}}