{"id":123151,"date":"2024-09-17T10:09:08","date_gmt":"2024-09-17T10:09:08","guid":{"rendered":"https:\/\/gloopbaby.com\/?post_type=product&#038;p=123151"},"modified":"2024-10-25T07:44:51","modified_gmt":"2024-10-25T07:44:51","slug":"bavoir-bandana-little-deer","status":"publish","type":"product","link":"https:\/\/gloopbaby.com\/fr\/produit\/outlet-fr\/bavoirs-fr-2\/bavoir-bandana-little-deer\/","title":{"rendered":"Bavoir Bandana Little Deer"},"content":{"rendered":"<p>Le Bavoir Bandana gloop! doux, pratique et super-absorbant qui facilitera l&rsquo;alimentation de votre b\u00e9b\u00e9. 100% coton biologique et fabriqu\u00e9 au Portugal. Nos bavoirs sont non allerg\u00e8nes et sans m\u00e9taux lourds. Conseil utilisation: A chaque lavage plus de douceur! Nous vous conseillons de les laver avant une premi\u00e8re utilisation. Taille: 40x17cm\u2063<\/p>\n","protected":false},"excerpt":{"rendered":"<p>Le Bavoir Bandana gloop! doux, pratique et super-absorbant qui facilitera l&rsquo;alimentation de votre b\u00e9b\u00e9. 100% coton biologique et fabriqu\u00e9 au Portugal. Nos bavoirs sont non allerg\u00e8nes et sans m\u00e9taux lourds. Conseil utilisation: A chaque lavage plus de douceur! Nous vous conseillons de les laver avant une premi\u00e8re utilisation. Taille: 40x17cm\u2063<\/p>\n","protected":false},"featured_media":125808,"comment_status":"closed","ping_status":"closed","template":"","meta":{"_acf_changed":false},"product_brand":[],"product_cat":[1364,1350],"product_tag":[],"class_list":{"0":"post-123151","1":"product","2":"type-product","3":"status-publish","4":"has-post-thumbnail","6":"product_cat-bavoirs-fr-2","7":"product_cat-outlet-fr","9":"first","10":"instock","11":"sale","12":"taxable","13":"shipping-taxable","14":"purchasable","15":"product-type-simple"},"acf":[],"yoast_head":"<!-- This site is optimized with the Yoast SEO plugin v27.3 - https:\/\/yoast.com\/product\/yoast-seo-wordpress\/ -->\n<title>Bavoir Bandana Little Deer - Gloop Baby<\/title>\n<meta name=\"robots\" content=\"index, follow, max-snippet:-1, max-image-preview:large, max-video-preview:-1\" \/>\n<link rel=\"canonical\" href=\"https:\/\/gloopbaby.com\/fr\/produit\/outlet-fr\/bavoirs-fr-2\/bavoir-bandana-little-deer\/\" \/>\n<meta property=\"og:locale\" content=\"fr_FR\" \/>\n<meta property=\"og:type\" content=\"article\" \/>\n<meta property=\"og:title\" content=\"Bavoir Bandana Little Deer - Gloop Baby\" \/>\n<meta property=\"og:description\" content=\"Le Bavoir Bandana gloop! doux, pratique et super-absorbant qui facilitera l&rsquo;alimentation de votre b\u00e9b\u00e9. 100% coton biologique et fabriqu\u00e9 au Portugal. Nos bavoirs sont non allerg\u00e8nes et sans m\u00e9taux lourds. Conseil utilisation: A chaque lavage plus de douceur! Nous vous conseillons de les laver avant une premi\u00e8re utilisation. Taille: 40x17cm\u2063\" \/>\n<meta property=\"og:url\" content=\"https:\/\/gloopbaby.com\/fr\/produit\/outlet-fr\/bavoirs-fr-2\/bavoir-bandana-little-deer\/\" \/>\n<meta property=\"og:site_name\" content=\"Gloop Baby\" \/>\n<meta property=\"article:modified_time\" content=\"2024-10-25T07:44:51+00:00\" \/>\n<meta property=\"og:image\" content=\"https:\/\/gloopbaby.com\/wp-content\/uploads\/2024\/09\/babete-triang-54-2.jpg\" \/>\n\t<meta property=\"og:image:width\" content=\"600\" \/>\n\t<meta property=\"og:image:height\" content=\"900\" \/>\n\t<meta property=\"og:image:type\" content=\"image\/jpeg\" \/>\n<meta name=\"twitter:card\" content=\"summary_large_image\" \/>\n<script type=\"application\/ld+json\" class=\"yoast-schema-graph\">{\"@context\":\"https:\\\/\\\/schema.org\",\"@graph\":[{\"@type\":\"WebPage\",\"@id\":\"https:\\\/\\\/gloopbaby.com\\\/fr\\\/produit\\\/outlet-fr\\\/bavoirs-fr-2\\\/bavoir-bandana-little-deer\\\/\",\"url\":\"https:\\\/\\\/gloopbaby.com\\\/fr\\\/produit\\\/outlet-fr\\\/bavoirs-fr-2\\\/bavoir-bandana-little-deer\\\/\",\"name\":\"Bavoir Bandana Little Deer - Gloop Baby\",\"isPartOf\":{\"@id\":\"https:\\\/\\\/gloopbaby.com\\\/fr\\\/#website\"},\"primaryImageOfPage\":{\"@id\":\"https:\\\/\\\/gloopbaby.com\\\/fr\\\/produit\\\/outlet-fr\\\/bavoirs-fr-2\\\/bavoir-bandana-little-deer\\\/#primaryimage\"},\"image\":{\"@id\":\"https:\\\/\\\/gloopbaby.com\\\/fr\\\/produit\\\/outlet-fr\\\/bavoirs-fr-2\\\/bavoir-bandana-little-deer\\\/#primaryimage\"},\"thumbnailUrl\":\"https:\\\/\\\/gloopbaby.com\\\/wp-content\\\/uploads\\\/2024\\\/09\\\/babete-triang-54-2.jpg\",\"datePublished\":\"2024-09-17T10:09:08+00:00\",\"dateModified\":\"2024-10-25T07:44:51+00:00\",\"breadcrumb\":{\"@id\":\"https:\\\/\\\/gloopbaby.com\\\/fr\\\/produit\\\/outlet-fr\\\/bavoirs-fr-2\\\/bavoir-bandana-little-deer\\\/#breadcrumb\"},\"inLanguage\":\"fr-FR\",\"potentialAction\":[{\"@type\":\"ReadAction\",\"target\":[\"https:\\\/\\\/gloopbaby.com\\\/fr\\\/produit\\\/outlet-fr\\\/bavoirs-fr-2\\\/bavoir-bandana-little-deer\\\/\"]}]},{\"@type\":\"ImageObject\",\"inLanguage\":\"fr-FR\",\"@id\":\"https:\\\/\\\/gloopbaby.com\\\/fr\\\/produit\\\/outlet-fr\\\/bavoirs-fr-2\\\/bavoir-bandana-little-deer\\\/#primaryimage\",\"url\":\"https:\\\/\\\/gloopbaby.com\\\/wp-content\\\/uploads\\\/2024\\\/09\\\/babete-triang-54-2.jpg\",\"contentUrl\":\"https:\\\/\\\/gloopbaby.com\\\/wp-content\\\/uploads\\\/2024\\\/09\\\/babete-triang-54-2.jpg\",\"width\":600,\"height\":900,\"caption\":\"babete tri\u00e2ngulo para beb\u00e9 em algod\u00e3o org\u00e2nico little deer\"},{\"@type\":\"BreadcrumbList\",\"@id\":\"https:\\\/\\\/gloopbaby.com\\\/fr\\\/produit\\\/outlet-fr\\\/bavoirs-fr-2\\\/bavoir-bandana-little-deer\\\/#breadcrumb\",\"itemListElement\":[{\"@type\":\"ListItem\",\"position\":1,\"name\":\"In\u00edcio\",\"item\":\"https:\\\/\\\/gloopbaby.com\\\/fr\\\/\"},{\"@type\":\"ListItem\",\"position\":2,\"name\":\"Shop\",\"item\":\"https:\\\/\\\/gloopbaby.com\\\/loja\\\/\"},{\"@type\":\"ListItem\",\"position\":3,\"name\":\"Bavoir Bandana Little Deer\"}]},{\"@type\":\"WebSite\",\"@id\":\"https:\\\/\\\/gloopbaby.com\\\/fr\\\/#website\",\"url\":\"https:\\\/\\\/gloopbaby.com\\\/fr\\\/\",\"name\":\"Gloop Baby\",\"description\":\"\",\"publisher\":{\"@id\":\"https:\\\/\\\/gloopbaby.com\\\/fr\\\/#organization\"},\"potentialAction\":[{\"@type\":\"SearchAction\",\"target\":{\"@type\":\"EntryPoint\",\"urlTemplate\":\"https:\\\/\\\/gloopbaby.com\\\/fr\\\/?s={search_term_string}\"},\"query-input\":{\"@type\":\"PropertyValueSpecification\",\"valueRequired\":true,\"valueName\":\"search_term_string\"}}],\"inLanguage\":\"fr-FR\"},{\"@type\":\"Organization\",\"@id\":\"https:\\\/\\\/gloopbaby.com\\\/fr\\\/#organization\",\"name\":\"Gloop Baby\",\"url\":\"https:\\\/\\\/gloopbaby.com\\\/fr\\\/\",\"logo\":{\"@type\":\"ImageObject\",\"inLanguage\":\"fr-FR\",\"@id\":\"https:\\\/\\\/gloopbaby.com\\\/fr\\\/#\\\/schema\\\/logo\\\/image\\\/\",\"url\":\"https:\\\/\\\/gloopbaby.com\\\/wp-content\\\/uploads\\\/2023\\\/06\\\/gloop-logo.svg\",\"contentUrl\":\"https:\\\/\\\/gloopbaby.com\\\/wp-content\\\/uploads\\\/2023\\\/06\\\/gloop-logo.svg\",\"width\":100,\"height\":100,\"caption\":\"Gloop Baby\"},\"image\":{\"@id\":\"https:\\\/\\\/gloopbaby.com\\\/fr\\\/#\\\/schema\\\/logo\\\/image\\\/\"}}]}<\/script>\n<!-- \/ Yoast SEO plugin. -->","yoast_head_json":{"title":"Bavoir Bandana Little Deer - Gloop Baby","robots":{"index":"index","follow":"follow","max-snippet":"max-snippet:-1","max-image-preview":"max-image-preview:large","max-video-preview":"max-video-preview:-1"},"canonical":"https:\/\/gloopbaby.com\/fr\/produit\/outlet-fr\/bavoirs-fr-2\/bavoir-bandana-little-deer\/","og_locale":"fr_FR","og_type":"article","og_title":"Bavoir Bandana Little Deer - Gloop Baby","og_description":"Le Bavoir Bandana gloop! doux, pratique et super-absorbant qui facilitera l&rsquo;alimentation de votre b\u00e9b\u00e9. 100% coton biologique et fabriqu\u00e9 au Portugal. Nos bavoirs sont non allerg\u00e8nes et sans m\u00e9taux lourds. Conseil utilisation: A chaque lavage plus de douceur! Nous vous conseillons de les laver avant une premi\u00e8re utilisation. Taille: 40x17cm\u2063","og_url":"https:\/\/gloopbaby.com\/fr\/produit\/outlet-fr\/bavoirs-fr-2\/bavoir-bandana-little-deer\/","og_site_name":"Gloop Baby","article_modified_time":"2024-10-25T07:44:51+00:00","og_image":[{"width":600,"height":900,"url":"https:\/\/gloopbaby.com\/wp-content\/uploads\/2024\/09\/babete-triang-54-2.jpg","type":"image\/jpeg"}],"twitter_card":"summary_large_image","schema":{"@context":"https:\/\/schema.org","@graph":[{"@type":"WebPage","@id":"https:\/\/gloopbaby.com\/fr\/produit\/outlet-fr\/bavoirs-fr-2\/bavoir-bandana-little-deer\/","url":"https:\/\/gloopbaby.com\/fr\/produit\/outlet-fr\/bavoirs-fr-2\/bavoir-bandana-little-deer\/","name":"Bavoir Bandana Little Deer - Gloop Baby","isPartOf":{"@id":"https:\/\/gloopbaby.com\/fr\/#website"},"primaryImageOfPage":{"@id":"https:\/\/gloopbaby.com\/fr\/produit\/outlet-fr\/bavoirs-fr-2\/bavoir-bandana-little-deer\/#primaryimage"},"image":{"@id":"https:\/\/gloopbaby.com\/fr\/produit\/outlet-fr\/bavoirs-fr-2\/bavoir-bandana-little-deer\/#primaryimage"},"thumbnailUrl":"https:\/\/gloopbaby.com\/wp-content\/uploads\/2024\/09\/babete-triang-54-2.jpg","datePublished":"2024-09-17T10:09:08+00:00","dateModified":"2024-10-25T07:44:51+00:00","breadcrumb":{"@id":"https:\/\/gloopbaby.com\/fr\/produit\/outlet-fr\/bavoirs-fr-2\/bavoir-bandana-little-deer\/#breadcrumb"},"inLanguage":"fr-FR","potentialAction":[{"@type":"ReadAction","target":["https:\/\/gloopbaby.com\/fr\/produit\/outlet-fr\/bavoirs-fr-2\/bavoir-bandana-little-deer\/"]}]},{"@type":"ImageObject","inLanguage":"fr-FR","@id":"https:\/\/gloopbaby.com\/fr\/produit\/outlet-fr\/bavoirs-fr-2\/bavoir-bandana-little-deer\/#primaryimage","url":"https:\/\/gloopbaby.com\/wp-content\/uploads\/2024\/09\/babete-triang-54-2.jpg","contentUrl":"https:\/\/gloopbaby.com\/wp-content\/uploads\/2024\/09\/babete-triang-54-2.jpg","width":600,"height":900,"caption":"babete tri\u00e2ngulo para beb\u00e9 em algod\u00e3o org\u00e2nico little deer"},{"@type":"BreadcrumbList","@id":"https:\/\/gloopbaby.com\/fr\/produit\/outlet-fr\/bavoirs-fr-2\/bavoir-bandana-little-deer\/#breadcrumb","itemListElement":[{"@type":"ListItem","position":1,"name":"In\u00edcio","item":"https:\/\/gloopbaby.com\/fr\/"},{"@type":"ListItem","position":2,"name":"Shop","item":"https:\/\/gloopbaby.com\/loja\/"},{"@type":"ListItem","position":3,"name":"Bavoir Bandana Little Deer"}]},{"@type":"WebSite","@id":"https:\/\/gloopbaby.com\/fr\/#website","url":"https:\/\/gloopbaby.com\/fr\/","name":"Gloop Baby","description":"","publisher":{"@id":"https:\/\/gloopbaby.com\/fr\/#organization"},"potentialAction":[{"@type":"SearchAction","target":{"@type":"EntryPoint","urlTemplate":"https:\/\/gloopbaby.com\/fr\/?s={search_term_string}"},"query-input":{"@type":"PropertyValueSpecification","valueRequired":true,"valueName":"search_term_string"}}],"inLanguage":"fr-FR"},{"@type":"Organization","@id":"https:\/\/gloopbaby.com\/fr\/#organization","name":"Gloop Baby","url":"https:\/\/gloopbaby.com\/fr\/","logo":{"@type":"ImageObject","inLanguage":"fr-FR","@id":"https:\/\/gloopbaby.com\/fr\/#\/schema\/logo\/image\/","url":"https:\/\/gloopbaby.com\/wp-content\/uploads\/2023\/06\/gloop-logo.svg","contentUrl":"https:\/\/gloopbaby.com\/wp-content\/uploads\/2023\/06\/gloop-logo.svg","width":100,"height":100,"caption":"Gloop Baby"},"image":{"@id":"https:\/\/gloopbaby.com\/fr\/#\/schema\/logo\/image\/"}}]}},"_links":{"self":[{"href":"https:\/\/gloopbaby.com\/fr\/wp-json\/wp\/v2\/product\/123151","targetHints":{"allow":["GET"]}}],"collection":[{"href":"https:\/\/gloopbaby.com\/fr\/wp-json\/wp\/v2\/product"}],"about":[{"href":"https:\/\/gloopbaby.com\/fr\/wp-json\/wp\/v2\/types\/product"}],"replies":[{"embeddable":true,"href":"https:\/\/gloopbaby.com\/fr\/wp-json\/wp\/v2\/comments?post=123151"}],"wp:featuredmedia":[{"embeddable":true,"href":"https:\/\/gloopbaby.com\/fr\/wp-json\/wp\/v2\/media\/125808"}],"wp:attachment":[{"href":"https:\/\/gloopbaby.com\/fr\/wp-json\/wp\/v2\/media?parent=123151"}],"wp:term":[{"taxonomy":"product_brand","embeddable":true,"href":"https:\/\/gloopbaby.com\/fr\/wp-json\/wp\/v2\/product_brand?post=123151"},{"taxonomy":"product_cat","embeddable":true,"href":"https:\/\/gloopbaby.com\/fr\/wp-json\/wp\/v2\/product_cat?post=123151"},{"taxonomy":"product_tag","embeddable":true,"href":"https:\/\/gloopbaby.com\/fr\/wp-json\/wp\/v2\/product_tag?post=123151"}],"curies":[{"name":"wp","href":"https:\/\/api.w.org\/{rel}","templated":true}]}}