{"id":122974,"date":"2024-09-16T13:39:47","date_gmt":"2024-09-16T13:39:47","guid":{"rendered":"https:\/\/gloopbaby.com\/?post_type=product&#038;p=122974"},"modified":"2025-10-09T09:57:57","modified_gmt":"2025-10-09T09:57:57","slug":"sweety-bed-colorful-stars","status":"publish","type":"product","link":"https:\/\/gloopbaby.com\/fr\/produit\/collections-fr\/colorful-stars-fr\/sweety-bed-colorful-stars\/","title":{"rendered":"Sweety Bed Colorful Stars"},"content":{"rendered":"<p>\u00c2ge : 0-6M<\/p>\n<p>Taille : 450 mm de large, 770-870 mm (750 mm ferm\u00e9 et 870 ouvert)<\/p>\n<p>Mat\u00e9riaux<br \/>\nHousse : 100% coton biologique certifi\u00e9<br \/>\nRembourrage : 100 % polyester<\/p>\n<p><strong>La description<\/strong><br \/>\nLe Sweety Bed est l\u2019accessoire dont tous les parents r\u00e9cents ont besoin pour \u00eatre \u00e0 l\u2019aise et en s\u00e9curit\u00e9 lors de nombreuses activit\u00e9s de leur b\u00e9b\u00e9. Le Sweety Bed offre au b\u00e9b\u00e9 un endroit s\u00fbr et confortable o\u00f9 il peut dormir, co-dormir, jouer et changer de couche.<\/p>\n<p>Le petit lit doux est facile \u00e0 transporter, la caract\u00e9ristique portable et sa l\u00e9g\u00e8ret\u00e9 permettent un transport facile, facile \u00e0 voyager, de pi\u00e8ce en pi\u00e8ce, chez grand-m\u00e8re ou en vacances.<\/p>\n<p>Pour acheter uniquement la housse, s\u00e9lectionnez simplement l&rsquo;option \u201cSans remplissage (housse seule)\u201d.<\/p>\n<p><strong> Consignes de s\u00e9curit\u00e9<br \/>\n<\/strong>\u2022 Doit toujours \u00eatre utilis\u00e9 dans un environnement s\u00e9curis\u00e9 et supervis\u00e9 pour les enfants<\/p>\n<p>\u2022 La t\u00eate de l\u2019enfant doit \u00eatre plac\u00e9e \u00e0 la t\u00eate du Sweety bed<\/p>\n<p>\u2022 Assurez-vous toujours que le lit Sweety Bed est plac\u00e9 enti\u00e8rement soutenu sur son dos sur une surface plane, ferme et stable<\/p>\n<p>\u2022 Utilisez le Sweety bed sur une surface sur\u00e9lev\u00e9e.<\/p>\n<p>\u2022 Placez toujours l\u2019enfant sur le dos pour dormir et se reposer.<\/p>\n<p>\u2022 Le temps pass\u00e9 sur le ventre doit \u00eatre strictement supervis\u00e9<\/p>\n<p>\u2022 Gardez les oreillers et autres objets mous, tels que les peluches, hors de l\u2019environnement de sommeil\/repos de l\u2019enfant.<\/p>\n<p>\u2022 Sweety Bed n\u2019abrite pas de chaleur. Habillez l\u2019enfant en fonction de la temp\u00e9rature ambiante. Utilisez gloop! mousselines pour emmailloter.<\/p>\n<p>\u2022 Les couvertures et couettes doivent toujours \u00eatre s\u00e9curis\u00e9es, par ex. ranger la nacelle en toute s\u00e9curit\u00e9.<\/p>\n<p>\u2022 V\u00e9rifiez r\u00e9guli\u00e8rement le Sweety bed pour les coutures endommag\u00e9es et similaires. Les dommages doivent \u00eatre r\u00e9par\u00e9s imm\u00e9diatement.<\/p>\n<p><strong>Conseils d\u2019entretien<\/strong><br \/>\nLaver avec des couleurs similaires. Utilisez toujours un sac de lavage pour la housse et le tube.<br \/>\nLe tube a rarement besoin d\u2019\u00eatre lav\u00e9, secou\u00e9 et ventil\u00e9, c\u2019est g\u00e9n\u00e9ralement suffisant. Si vous lavez le tube, utilisez un sac de lavage. Lorsqu\u2019il est mouill\u00e9, le tube doit \u00eatre s\u00e9ch\u00e9 au s\u00e8che-linge \u00e0 feu doux ou moyen. Puis peluchez\/secouez-le \u00e0 la main pour qu\u2019il reprenne sa forme. S\u2019il est encore un peu humide, s\u00e9chez-le \u00e0 plat. V\u00e9rifiez r\u00e9guli\u00e8rement les coutures endommag\u00e9es.<\/p>\n<p>&nbsp;<\/p>\n","protected":false},"excerpt":{"rendered":"<p>\u00c2ge : 0-6M Taille : 450 mm de large, 770-870 mm (750 mm ferm\u00e9 et 870 ouvert) Mat\u00e9riaux Housse : 100% coton biologique certifi\u00e9 Rembourrage : 100 % polyester La description Le Sweety Bed est l\u2019accessoire dont tous les parents r\u00e9cents ont besoin pour \u00eatre \u00e0 l\u2019aise et en s\u00e9curit\u00e9 lors de nombreuses activit\u00e9s de [&hellip;]<\/p>\n","protected":false},"featured_media":124640,"comment_status":"closed","ping_status":"closed","template":"","meta":{"_acf_changed":false},"product_brand":[],"product_cat":[1582,1716,1478,1510],"product_tag":[],"class_list":{"0":"post-122974","1":"product","2":"type-product","3":"status-publish","4":"has-post-thumbnail","6":"product_cat-collections-fr","7":"product_cat-colorful-stars-fr","8":"product_cat-home-and-sleep-fr","9":"product_cat-sweety-bed","11":"first","12":"instock","13":"taxable","14":"shipping-taxable","15":"purchasable","16":"product-type-variable"},"acf":[],"yoast_head":"<!-- This site is optimized with the Yoast SEO plugin v27.3 - https:\/\/yoast.com\/product\/yoast-seo-wordpress\/ -->\n<title>Sweety Bed Colorful Stars - Gloop Baby<\/title>\n<meta name=\"robots\" content=\"index, follow, max-snippet:-1, max-image-preview:large, max-video-preview:-1\" \/>\n<link rel=\"canonical\" href=\"https:\/\/gloopbaby.com\/fr\/produit\/collections-fr\/colorful-stars-fr\/sweety-bed-colorful-stars\/\" \/>\n<meta property=\"og:locale\" content=\"fr_FR\" \/>\n<meta property=\"og:type\" content=\"article\" \/>\n<meta property=\"og:title\" content=\"Sweety Bed Colorful Stars - Gloop Baby\" \/>\n<meta property=\"og:description\" content=\"\u00c2ge : 0-6M Taille : 450 mm de large, 770-870 mm (750 mm ferm\u00e9 et 870 ouvert) Mat\u00e9riaux Housse : 100% coton biologique certifi\u00e9 Rembourrage : 100 % polyester La description Le Sweety Bed est l\u2019accessoire dont tous les parents r\u00e9cents ont besoin pour \u00eatre \u00e0 l\u2019aise et en s\u00e9curit\u00e9 lors de nombreuses activit\u00e9s de [&hellip;]\" \/>\n<meta property=\"og:url\" content=\"https:\/\/gloopbaby.com\/fr\/produit\/collections-fr\/colorful-stars-fr\/sweety-bed-colorful-stars\/\" \/>\n<meta property=\"og:site_name\" content=\"Gloop Baby\" \/>\n<meta property=\"article:modified_time\" content=\"2025-10-09T09:57:57+00:00\" \/>\n<meta property=\"og:image\" content=\"https:\/\/gloopbaby.com\/wp-content\/uploads\/2024\/09\/cama-ninho-55-4.jpg\" \/>\n\t<meta property=\"og:image:width\" content=\"600\" \/>\n\t<meta property=\"og:image:height\" content=\"900\" \/>\n\t<meta property=\"og:image:type\" content=\"image\/jpeg\" \/>\n<meta name=\"twitter:card\" content=\"summary_large_image\" \/>\n<meta name=\"twitter:label1\" content=\"Dur\u00e9e de lecture estim\u00e9e\" \/>\n\t<meta name=\"twitter:data1\" content=\"3 minutes\" \/>\n<script type=\"application\/ld+json\" class=\"yoast-schema-graph\">{\"@context\":\"https:\\\/\\\/schema.org\",\"@graph\":[{\"@type\":\"WebPage\",\"@id\":\"https:\\\/\\\/gloopbaby.com\\\/fr\\\/produit\\\/collections-fr\\\/colorful-stars-fr\\\/sweety-bed-colorful-stars\\\/\",\"url\":\"https:\\\/\\\/gloopbaby.com\\\/fr\\\/produit\\\/collections-fr\\\/colorful-stars-fr\\\/sweety-bed-colorful-stars\\\/\",\"name\":\"Sweety Bed Colorful Stars - Gloop Baby\",\"isPartOf\":{\"@id\":\"https:\\\/\\\/gloopbaby.com\\\/fr\\\/#website\"},\"primaryImageOfPage\":{\"@id\":\"https:\\\/\\\/gloopbaby.com\\\/fr\\\/produit\\\/collections-fr\\\/colorful-stars-fr\\\/sweety-bed-colorful-stars\\\/#primaryimage\"},\"image\":{\"@id\":\"https:\\\/\\\/gloopbaby.com\\\/fr\\\/produit\\\/collections-fr\\\/colorful-stars-fr\\\/sweety-bed-colorful-stars\\\/#primaryimage\"},\"thumbnailUrl\":\"https:\\\/\\\/gloopbaby.com\\\/wp-content\\\/uploads\\\/2024\\\/09\\\/cama-ninho-55-4.jpg\",\"datePublished\":\"2024-09-16T13:39:47+00:00\",\"dateModified\":\"2025-10-09T09:57:57+00:00\",\"breadcrumb\":{\"@id\":\"https:\\\/\\\/gloopbaby.com\\\/fr\\\/produit\\\/collections-fr\\\/colorful-stars-fr\\\/sweety-bed-colorful-stars\\\/#breadcrumb\"},\"inLanguage\":\"fr-FR\",\"potentialAction\":[{\"@type\":\"ReadAction\",\"target\":[\"https:\\\/\\\/gloopbaby.com\\\/fr\\\/produit\\\/collections-fr\\\/colorful-stars-fr\\\/sweety-bed-colorful-stars\\\/\"]}]},{\"@type\":\"ImageObject\",\"inLanguage\":\"fr-FR\",\"@id\":\"https:\\\/\\\/gloopbaby.com\\\/fr\\\/produit\\\/collections-fr\\\/colorful-stars-fr\\\/sweety-bed-colorful-stars\\\/#primaryimage\",\"url\":\"https:\\\/\\\/gloopbaby.com\\\/wp-content\\\/uploads\\\/2024\\\/09\\\/cama-ninho-55-4.jpg\",\"contentUrl\":\"https:\\\/\\\/gloopbaby.com\\\/wp-content\\\/uploads\\\/2024\\\/09\\\/cama-ninho-55-4.jpg\",\"width\":600,\"height\":900,\"caption\":\"cama ninho Colorful Stars\"},{\"@type\":\"BreadcrumbList\",\"@id\":\"https:\\\/\\\/gloopbaby.com\\\/fr\\\/produit\\\/collections-fr\\\/colorful-stars-fr\\\/sweety-bed-colorful-stars\\\/#breadcrumb\",\"itemListElement\":[{\"@type\":\"ListItem\",\"position\":1,\"name\":\"In\u00edcio\",\"item\":\"https:\\\/\\\/gloopbaby.com\\\/fr\\\/\"},{\"@type\":\"ListItem\",\"position\":2,\"name\":\"Shop\",\"item\":\"https:\\\/\\\/gloopbaby.com\\\/loja\\\/\"},{\"@type\":\"ListItem\",\"position\":3,\"name\":\"Sweety Bed Colorful Stars\"}]},{\"@type\":\"WebSite\",\"@id\":\"https:\\\/\\\/gloopbaby.com\\\/fr\\\/#website\",\"url\":\"https:\\\/\\\/gloopbaby.com\\\/fr\\\/\",\"name\":\"Gloop Baby\",\"description\":\"\",\"publisher\":{\"@id\":\"https:\\\/\\\/gloopbaby.com\\\/fr\\\/#organization\"},\"potentialAction\":[{\"@type\":\"SearchAction\",\"target\":{\"@type\":\"EntryPoint\",\"urlTemplate\":\"https:\\\/\\\/gloopbaby.com\\\/fr\\\/?s={search_term_string}\"},\"query-input\":{\"@type\":\"PropertyValueSpecification\",\"valueRequired\":true,\"valueName\":\"search_term_string\"}}],\"inLanguage\":\"fr-FR\"},{\"@type\":\"Organization\",\"@id\":\"https:\\\/\\\/gloopbaby.com\\\/fr\\\/#organization\",\"name\":\"Gloop Baby\",\"url\":\"https:\\\/\\\/gloopbaby.com\\\/fr\\\/\",\"logo\":{\"@type\":\"ImageObject\",\"inLanguage\":\"fr-FR\",\"@id\":\"https:\\\/\\\/gloopbaby.com\\\/fr\\\/#\\\/schema\\\/logo\\\/image\\\/\",\"url\":\"https:\\\/\\\/gloopbaby.com\\\/wp-content\\\/uploads\\\/2023\\\/06\\\/gloop-logo.svg\",\"contentUrl\":\"https:\\\/\\\/gloopbaby.com\\\/wp-content\\\/uploads\\\/2023\\\/06\\\/gloop-logo.svg\",\"width\":100,\"height\":100,\"caption\":\"Gloop Baby\"},\"image\":{\"@id\":\"https:\\\/\\\/gloopbaby.com\\\/fr\\\/#\\\/schema\\\/logo\\\/image\\\/\"}}]}<\/script>\n<!-- \/ Yoast SEO plugin. -->","yoast_head_json":{"title":"Sweety Bed Colorful Stars - Gloop Baby","robots":{"index":"index","follow":"follow","max-snippet":"max-snippet:-1","max-image-preview":"max-image-preview:large","max-video-preview":"max-video-preview:-1"},"canonical":"https:\/\/gloopbaby.com\/fr\/produit\/collections-fr\/colorful-stars-fr\/sweety-bed-colorful-stars\/","og_locale":"fr_FR","og_type":"article","og_title":"Sweety Bed Colorful Stars - Gloop Baby","og_description":"\u00c2ge : 0-6M Taille : 450 mm de large, 770-870 mm (750 mm ferm\u00e9 et 870 ouvert) Mat\u00e9riaux Housse : 100% coton biologique certifi\u00e9 Rembourrage : 100 % polyester La description Le Sweety Bed est l\u2019accessoire dont tous les parents r\u00e9cents ont besoin pour \u00eatre \u00e0 l\u2019aise et en s\u00e9curit\u00e9 lors de nombreuses activit\u00e9s de [&hellip;]","og_url":"https:\/\/gloopbaby.com\/fr\/produit\/collections-fr\/colorful-stars-fr\/sweety-bed-colorful-stars\/","og_site_name":"Gloop Baby","article_modified_time":"2025-10-09T09:57:57+00:00","og_image":[{"width":600,"height":900,"url":"https:\/\/gloopbaby.com\/wp-content\/uploads\/2024\/09\/cama-ninho-55-4.jpg","type":"image\/jpeg"}],"twitter_card":"summary_large_image","twitter_misc":{"Dur\u00e9e de lecture estim\u00e9e":"3 minutes"},"schema":{"@context":"https:\/\/schema.org","@graph":[{"@type":"WebPage","@id":"https:\/\/gloopbaby.com\/fr\/produit\/collections-fr\/colorful-stars-fr\/sweety-bed-colorful-stars\/","url":"https:\/\/gloopbaby.com\/fr\/produit\/collections-fr\/colorful-stars-fr\/sweety-bed-colorful-stars\/","name":"Sweety Bed Colorful Stars - Gloop Baby","isPartOf":{"@id":"https:\/\/gloopbaby.com\/fr\/#website"},"primaryImageOfPage":{"@id":"https:\/\/gloopbaby.com\/fr\/produit\/collections-fr\/colorful-stars-fr\/sweety-bed-colorful-stars\/#primaryimage"},"image":{"@id":"https:\/\/gloopbaby.com\/fr\/produit\/collections-fr\/colorful-stars-fr\/sweety-bed-colorful-stars\/#primaryimage"},"thumbnailUrl":"https:\/\/gloopbaby.com\/wp-content\/uploads\/2024\/09\/cama-ninho-55-4.jpg","datePublished":"2024-09-16T13:39:47+00:00","dateModified":"2025-10-09T09:57:57+00:00","breadcrumb":{"@id":"https:\/\/gloopbaby.com\/fr\/produit\/collections-fr\/colorful-stars-fr\/sweety-bed-colorful-stars\/#breadcrumb"},"inLanguage":"fr-FR","potentialAction":[{"@type":"ReadAction","target":["https:\/\/gloopbaby.com\/fr\/produit\/collections-fr\/colorful-stars-fr\/sweety-bed-colorful-stars\/"]}]},{"@type":"ImageObject","inLanguage":"fr-FR","@id":"https:\/\/gloopbaby.com\/fr\/produit\/collections-fr\/colorful-stars-fr\/sweety-bed-colorful-stars\/#primaryimage","url":"https:\/\/gloopbaby.com\/wp-content\/uploads\/2024\/09\/cama-ninho-55-4.jpg","contentUrl":"https:\/\/gloopbaby.com\/wp-content\/uploads\/2024\/09\/cama-ninho-55-4.jpg","width":600,"height":900,"caption":"cama ninho Colorful Stars"},{"@type":"BreadcrumbList","@id":"https:\/\/gloopbaby.com\/fr\/produit\/collections-fr\/colorful-stars-fr\/sweety-bed-colorful-stars\/#breadcrumb","itemListElement":[{"@type":"ListItem","position":1,"name":"In\u00edcio","item":"https:\/\/gloopbaby.com\/fr\/"},{"@type":"ListItem","position":2,"name":"Shop","item":"https:\/\/gloopbaby.com\/loja\/"},{"@type":"ListItem","position":3,"name":"Sweety Bed Colorful Stars"}]},{"@type":"WebSite","@id":"https:\/\/gloopbaby.com\/fr\/#website","url":"https:\/\/gloopbaby.com\/fr\/","name":"Gloop Baby","description":"","publisher":{"@id":"https:\/\/gloopbaby.com\/fr\/#organization"},"potentialAction":[{"@type":"SearchAction","target":{"@type":"EntryPoint","urlTemplate":"https:\/\/gloopbaby.com\/fr\/?s={search_term_string}"},"query-input":{"@type":"PropertyValueSpecification","valueRequired":true,"valueName":"search_term_string"}}],"inLanguage":"fr-FR"},{"@type":"Organization","@id":"https:\/\/gloopbaby.com\/fr\/#organization","name":"Gloop Baby","url":"https:\/\/gloopbaby.com\/fr\/","logo":{"@type":"ImageObject","inLanguage":"fr-FR","@id":"https:\/\/gloopbaby.com\/fr\/#\/schema\/logo\/image\/","url":"https:\/\/gloopbaby.com\/wp-content\/uploads\/2023\/06\/gloop-logo.svg","contentUrl":"https:\/\/gloopbaby.com\/wp-content\/uploads\/2023\/06\/gloop-logo.svg","width":100,"height":100,"caption":"Gloop Baby"},"image":{"@id":"https:\/\/gloopbaby.com\/fr\/#\/schema\/logo\/image\/"}}]}},"_links":{"self":[{"href":"https:\/\/gloopbaby.com\/fr\/wp-json\/wp\/v2\/product\/122974","targetHints":{"allow":["GET"]}}],"collection":[{"href":"https:\/\/gloopbaby.com\/fr\/wp-json\/wp\/v2\/product"}],"about":[{"href":"https:\/\/gloopbaby.com\/fr\/wp-json\/wp\/v2\/types\/product"}],"replies":[{"embeddable":true,"href":"https:\/\/gloopbaby.com\/fr\/wp-json\/wp\/v2\/comments?post=122974"}],"wp:featuredmedia":[{"embeddable":true,"href":"https:\/\/gloopbaby.com\/fr\/wp-json\/wp\/v2\/media\/124640"}],"wp:attachment":[{"href":"https:\/\/gloopbaby.com\/fr\/wp-json\/wp\/v2\/media?parent=122974"}],"wp:term":[{"taxonomy":"product_brand","embeddable":true,"href":"https:\/\/gloopbaby.com\/fr\/wp-json\/wp\/v2\/product_brand?post=122974"},{"taxonomy":"product_cat","embeddable":true,"href":"https:\/\/gloopbaby.com\/fr\/wp-json\/wp\/v2\/product_cat?post=122974"},{"taxonomy":"product_tag","embeddable":true,"href":"https:\/\/gloopbaby.com\/fr\/wp-json\/wp\/v2\/product_tag?post=122974"}],"curies":[{"name":"wp","href":"https:\/\/api.w.org\/{rel}","templated":true}]}}