{"id":122797,"date":"2024-09-13T15:27:50","date_gmt":"2024-09-13T15:27:50","guid":{"rendered":"https:\/\/gloopbaby.com\/?post_type=product&#038;p=122797"},"modified":"2024-10-11T07:25:58","modified_gmt":"2024-10-11T07:25:58","slug":"organisateur-de-berceau-colorful-stars","status":"publish","type":"product","link":"https:\/\/gloopbaby.com\/fr\/produit\/collections-fr\/colorful-stars-fr\/organisateur-de-berceau-colorful-stars\/","title":{"rendered":"Organisateur de berceau Colorful Stars"},"content":{"rendered":"<p>Le Organisateur de berceau gloop! est dot\u00e9 de trois poches pour garder \u00e0 porter de main les lingettes b\u00e9b\u00e9, les couches ou encore les t\u00e9tines.<br \/>\nVous pourrez ajuster parfaitement l\u2019organisateur de berceau gr\u00e2ce aux deux ficelles. Le coton est certifi\u00e9s 100 % Bio et \u00e9cologique. Fabriqu\u00e9 au Portugal. Taille: 60x30cm<\/p>\n","protected":false},"excerpt":{"rendered":"<p>Le Organisateur de berceau gloop! est dot\u00e9 de trois poches pour garder \u00e0 porter de main les lingettes b\u00e9b\u00e9, les couches ou encore les t\u00e9tines. Vous pourrez ajuster parfaitement l\u2019organisateur de berceau gr\u00e2ce aux deux ficelles. Le coton est certifi\u00e9s 100 % Bio et \u00e9cologique. Fabriqu\u00e9 au Portugal. Taille: 60x30cm<\/p>\n","protected":false},"featured_media":124831,"comment_status":"closed","ping_status":"closed","template":"","meta":{"_acf_changed":false},"product_brand":[],"product_cat":[1582,1716,1512,1478,1532],"product_tag":[],"class_list":{"0":"post-122797","1":"product","2":"type-product","3":"status-publish","4":"has-post-thumbnail","6":"product_cat-collections-fr","7":"product_cat-colorful-stars-fr","8":"product_cat-lit-fr","9":"product_cat-home-and-sleep-fr","10":"product_cat-organisateur-de-berceau-fr","12":"first","13":"instock","14":"taxable","15":"shipping-taxable","16":"purchasable","17":"product-type-simple"},"acf":[],"yoast_head":"<!-- This site is optimized with the Yoast SEO plugin v27.3 - https:\/\/yoast.com\/product\/yoast-seo-wordpress\/ -->\n<title>Organisateur de berceau Colorful Stars - Gloop Baby<\/title>\n<meta name=\"robots\" content=\"index, follow, max-snippet:-1, max-image-preview:large, max-video-preview:-1\" \/>\n<link rel=\"canonical\" href=\"https:\/\/gloopbaby.com\/fr\/produit\/collections-fr\/colorful-stars-fr\/organisateur-de-berceau-colorful-stars\/\" \/>\n<meta property=\"og:locale\" content=\"fr_FR\" \/>\n<meta property=\"og:type\" content=\"article\" \/>\n<meta property=\"og:title\" content=\"Organisateur de berceau Colorful Stars - Gloop Baby\" \/>\n<meta property=\"og:description\" content=\"Le Organisateur de berceau gloop! est dot\u00e9 de trois poches pour garder \u00e0 porter de main les lingettes b\u00e9b\u00e9, les couches ou encore les t\u00e9tines. Vous pourrez ajuster parfaitement l\u2019organisateur de berceau gr\u00e2ce aux deux ficelles. Le coton est certifi\u00e9s 100 % Bio et \u00e9cologique. Fabriqu\u00e9 au Portugal. Taille: 60x30cm\" \/>\n<meta property=\"og:url\" content=\"https:\/\/gloopbaby.com\/fr\/produit\/collections-fr\/colorful-stars-fr\/organisateur-de-berceau-colorful-stars\/\" \/>\n<meta property=\"og:site_name\" content=\"Gloop Baby\" \/>\n<meta property=\"article:modified_time\" content=\"2024-10-11T07:25:58+00:00\" \/>\n<meta property=\"og:image\" content=\"https:\/\/gloopbaby.com\/wp-content\/uploads\/2024\/09\/organizador-55.jpg\" \/>\n\t<meta property=\"og:image:width\" content=\"600\" \/>\n\t<meta property=\"og:image:height\" content=\"900\" \/>\n\t<meta property=\"og:image:type\" content=\"image\/jpeg\" \/>\n<meta name=\"twitter:card\" content=\"summary_large_image\" \/>\n<script type=\"application\/ld+json\" class=\"yoast-schema-graph\">{\"@context\":\"https:\\\/\\\/schema.org\",\"@graph\":[{\"@type\":\"WebPage\",\"@id\":\"https:\\\/\\\/gloopbaby.com\\\/fr\\\/produit\\\/collections-fr\\\/colorful-stars-fr\\\/organisateur-de-berceau-colorful-stars\\\/\",\"url\":\"https:\\\/\\\/gloopbaby.com\\\/fr\\\/produit\\\/collections-fr\\\/colorful-stars-fr\\\/organisateur-de-berceau-colorful-stars\\\/\",\"name\":\"Organisateur de berceau Colorful Stars - Gloop Baby\",\"isPartOf\":{\"@id\":\"https:\\\/\\\/gloopbaby.com\\\/fr\\\/#website\"},\"primaryImageOfPage\":{\"@id\":\"https:\\\/\\\/gloopbaby.com\\\/fr\\\/produit\\\/collections-fr\\\/colorful-stars-fr\\\/organisateur-de-berceau-colorful-stars\\\/#primaryimage\"},\"image\":{\"@id\":\"https:\\\/\\\/gloopbaby.com\\\/fr\\\/produit\\\/collections-fr\\\/colorful-stars-fr\\\/organisateur-de-berceau-colorful-stars\\\/#primaryimage\"},\"thumbnailUrl\":\"https:\\\/\\\/gloopbaby.com\\\/wp-content\\\/uploads\\\/2024\\\/09\\\/organizador-55.jpg\",\"datePublished\":\"2024-09-13T15:27:50+00:00\",\"dateModified\":\"2024-10-11T07:25:58+00:00\",\"breadcrumb\":{\"@id\":\"https:\\\/\\\/gloopbaby.com\\\/fr\\\/produit\\\/collections-fr\\\/colorful-stars-fr\\\/organisateur-de-berceau-colorful-stars\\\/#breadcrumb\"},\"inLanguage\":\"fr-FR\",\"potentialAction\":[{\"@type\":\"ReadAction\",\"target\":[\"https:\\\/\\\/gloopbaby.com\\\/fr\\\/produit\\\/collections-fr\\\/colorful-stars-fr\\\/organisateur-de-berceau-colorful-stars\\\/\"]}]},{\"@type\":\"ImageObject\",\"inLanguage\":\"fr-FR\",\"@id\":\"https:\\\/\\\/gloopbaby.com\\\/fr\\\/produit\\\/collections-fr\\\/colorful-stars-fr\\\/organisateur-de-berceau-colorful-stars\\\/#primaryimage\",\"url\":\"https:\\\/\\\/gloopbaby.com\\\/wp-content\\\/uploads\\\/2024\\\/09\\\/organizador-55.jpg\",\"contentUrl\":\"https:\\\/\\\/gloopbaby.com\\\/wp-content\\\/uploads\\\/2024\\\/09\\\/organizador-55.jpg\",\"width\":600,\"height\":900,\"caption\":\"Organizador de ber\u00e7o Gloop em algod\u00e3o biol\u00f3gico com 3 bolsos\"},{\"@type\":\"BreadcrumbList\",\"@id\":\"https:\\\/\\\/gloopbaby.com\\\/fr\\\/produit\\\/collections-fr\\\/colorful-stars-fr\\\/organisateur-de-berceau-colorful-stars\\\/#breadcrumb\",\"itemListElement\":[{\"@type\":\"ListItem\",\"position\":1,\"name\":\"In\u00edcio\",\"item\":\"https:\\\/\\\/gloopbaby.com\\\/fr\\\/\"},{\"@type\":\"ListItem\",\"position\":2,\"name\":\"Shop\",\"item\":\"https:\\\/\\\/gloopbaby.com\\\/loja\\\/\"},{\"@type\":\"ListItem\",\"position\":3,\"name\":\"Organisateur de berceau Colorful Stars\"}]},{\"@type\":\"WebSite\",\"@id\":\"https:\\\/\\\/gloopbaby.com\\\/fr\\\/#website\",\"url\":\"https:\\\/\\\/gloopbaby.com\\\/fr\\\/\",\"name\":\"Gloop Baby\",\"description\":\"\",\"publisher\":{\"@id\":\"https:\\\/\\\/gloopbaby.com\\\/fr\\\/#organization\"},\"potentialAction\":[{\"@type\":\"SearchAction\",\"target\":{\"@type\":\"EntryPoint\",\"urlTemplate\":\"https:\\\/\\\/gloopbaby.com\\\/fr\\\/?s={search_term_string}\"},\"query-input\":{\"@type\":\"PropertyValueSpecification\",\"valueRequired\":true,\"valueName\":\"search_term_string\"}}],\"inLanguage\":\"fr-FR\"},{\"@type\":\"Organization\",\"@id\":\"https:\\\/\\\/gloopbaby.com\\\/fr\\\/#organization\",\"name\":\"Gloop Baby\",\"url\":\"https:\\\/\\\/gloopbaby.com\\\/fr\\\/\",\"logo\":{\"@type\":\"ImageObject\",\"inLanguage\":\"fr-FR\",\"@id\":\"https:\\\/\\\/gloopbaby.com\\\/fr\\\/#\\\/schema\\\/logo\\\/image\\\/\",\"url\":\"https:\\\/\\\/gloopbaby.com\\\/wp-content\\\/uploads\\\/2023\\\/06\\\/gloop-logo.svg\",\"contentUrl\":\"https:\\\/\\\/gloopbaby.com\\\/wp-content\\\/uploads\\\/2023\\\/06\\\/gloop-logo.svg\",\"width\":100,\"height\":100,\"caption\":\"Gloop Baby\"},\"image\":{\"@id\":\"https:\\\/\\\/gloopbaby.com\\\/fr\\\/#\\\/schema\\\/logo\\\/image\\\/\"}}]}<\/script>\n<!-- \/ Yoast SEO plugin. -->","yoast_head_json":{"title":"Organisateur de berceau Colorful Stars - Gloop Baby","robots":{"index":"index","follow":"follow","max-snippet":"max-snippet:-1","max-image-preview":"max-image-preview:large","max-video-preview":"max-video-preview:-1"},"canonical":"https:\/\/gloopbaby.com\/fr\/produit\/collections-fr\/colorful-stars-fr\/organisateur-de-berceau-colorful-stars\/","og_locale":"fr_FR","og_type":"article","og_title":"Organisateur de berceau Colorful Stars - Gloop Baby","og_description":"Le Organisateur de berceau gloop! est dot\u00e9 de trois poches pour garder \u00e0 porter de main les lingettes b\u00e9b\u00e9, les couches ou encore les t\u00e9tines. Vous pourrez ajuster parfaitement l\u2019organisateur de berceau gr\u00e2ce aux deux ficelles. Le coton est certifi\u00e9s 100 % Bio et \u00e9cologique. Fabriqu\u00e9 au Portugal. Taille: 60x30cm","og_url":"https:\/\/gloopbaby.com\/fr\/produit\/collections-fr\/colorful-stars-fr\/organisateur-de-berceau-colorful-stars\/","og_site_name":"Gloop Baby","article_modified_time":"2024-10-11T07:25:58+00:00","og_image":[{"width":600,"height":900,"url":"https:\/\/gloopbaby.com\/wp-content\/uploads\/2024\/09\/organizador-55.jpg","type":"image\/jpeg"}],"twitter_card":"summary_large_image","schema":{"@context":"https:\/\/schema.org","@graph":[{"@type":"WebPage","@id":"https:\/\/gloopbaby.com\/fr\/produit\/collections-fr\/colorful-stars-fr\/organisateur-de-berceau-colorful-stars\/","url":"https:\/\/gloopbaby.com\/fr\/produit\/collections-fr\/colorful-stars-fr\/organisateur-de-berceau-colorful-stars\/","name":"Organisateur de berceau Colorful Stars - Gloop Baby","isPartOf":{"@id":"https:\/\/gloopbaby.com\/fr\/#website"},"primaryImageOfPage":{"@id":"https:\/\/gloopbaby.com\/fr\/produit\/collections-fr\/colorful-stars-fr\/organisateur-de-berceau-colorful-stars\/#primaryimage"},"image":{"@id":"https:\/\/gloopbaby.com\/fr\/produit\/collections-fr\/colorful-stars-fr\/organisateur-de-berceau-colorful-stars\/#primaryimage"},"thumbnailUrl":"https:\/\/gloopbaby.com\/wp-content\/uploads\/2024\/09\/organizador-55.jpg","datePublished":"2024-09-13T15:27:50+00:00","dateModified":"2024-10-11T07:25:58+00:00","breadcrumb":{"@id":"https:\/\/gloopbaby.com\/fr\/produit\/collections-fr\/colorful-stars-fr\/organisateur-de-berceau-colorful-stars\/#breadcrumb"},"inLanguage":"fr-FR","potentialAction":[{"@type":"ReadAction","target":["https:\/\/gloopbaby.com\/fr\/produit\/collections-fr\/colorful-stars-fr\/organisateur-de-berceau-colorful-stars\/"]}]},{"@type":"ImageObject","inLanguage":"fr-FR","@id":"https:\/\/gloopbaby.com\/fr\/produit\/collections-fr\/colorful-stars-fr\/organisateur-de-berceau-colorful-stars\/#primaryimage","url":"https:\/\/gloopbaby.com\/wp-content\/uploads\/2024\/09\/organizador-55.jpg","contentUrl":"https:\/\/gloopbaby.com\/wp-content\/uploads\/2024\/09\/organizador-55.jpg","width":600,"height":900,"caption":"Organizador de ber\u00e7o Gloop em algod\u00e3o biol\u00f3gico com 3 bolsos"},{"@type":"BreadcrumbList","@id":"https:\/\/gloopbaby.com\/fr\/produit\/collections-fr\/colorful-stars-fr\/organisateur-de-berceau-colorful-stars\/#breadcrumb","itemListElement":[{"@type":"ListItem","position":1,"name":"In\u00edcio","item":"https:\/\/gloopbaby.com\/fr\/"},{"@type":"ListItem","position":2,"name":"Shop","item":"https:\/\/gloopbaby.com\/loja\/"},{"@type":"ListItem","position":3,"name":"Organisateur de berceau Colorful Stars"}]},{"@type":"WebSite","@id":"https:\/\/gloopbaby.com\/fr\/#website","url":"https:\/\/gloopbaby.com\/fr\/","name":"Gloop Baby","description":"","publisher":{"@id":"https:\/\/gloopbaby.com\/fr\/#organization"},"potentialAction":[{"@type":"SearchAction","target":{"@type":"EntryPoint","urlTemplate":"https:\/\/gloopbaby.com\/fr\/?s={search_term_string}"},"query-input":{"@type":"PropertyValueSpecification","valueRequired":true,"valueName":"search_term_string"}}],"inLanguage":"fr-FR"},{"@type":"Organization","@id":"https:\/\/gloopbaby.com\/fr\/#organization","name":"Gloop Baby","url":"https:\/\/gloopbaby.com\/fr\/","logo":{"@type":"ImageObject","inLanguage":"fr-FR","@id":"https:\/\/gloopbaby.com\/fr\/#\/schema\/logo\/image\/","url":"https:\/\/gloopbaby.com\/wp-content\/uploads\/2023\/06\/gloop-logo.svg","contentUrl":"https:\/\/gloopbaby.com\/wp-content\/uploads\/2023\/06\/gloop-logo.svg","width":100,"height":100,"caption":"Gloop Baby"},"image":{"@id":"https:\/\/gloopbaby.com\/fr\/#\/schema\/logo\/image\/"}}]}},"_links":{"self":[{"href":"https:\/\/gloopbaby.com\/fr\/wp-json\/wp\/v2\/product\/122797","targetHints":{"allow":["GET"]}}],"collection":[{"href":"https:\/\/gloopbaby.com\/fr\/wp-json\/wp\/v2\/product"}],"about":[{"href":"https:\/\/gloopbaby.com\/fr\/wp-json\/wp\/v2\/types\/product"}],"replies":[{"embeddable":true,"href":"https:\/\/gloopbaby.com\/fr\/wp-json\/wp\/v2\/comments?post=122797"}],"wp:featuredmedia":[{"embeddable":true,"href":"https:\/\/gloopbaby.com\/fr\/wp-json\/wp\/v2\/media\/124831"}],"wp:attachment":[{"href":"https:\/\/gloopbaby.com\/fr\/wp-json\/wp\/v2\/media?parent=122797"}],"wp:term":[{"taxonomy":"product_brand","embeddable":true,"href":"https:\/\/gloopbaby.com\/fr\/wp-json\/wp\/v2\/product_brand?post=122797"},{"taxonomy":"product_cat","embeddable":true,"href":"https:\/\/gloopbaby.com\/fr\/wp-json\/wp\/v2\/product_cat?post=122797"},{"taxonomy":"product_tag","embeddable":true,"href":"https:\/\/gloopbaby.com\/fr\/wp-json\/wp\/v2\/product_tag?post=122797"}],"curies":[{"name":"wp","href":"https:\/\/api.w.org\/{rel}","templated":true}]}}