{"id":122188,"date":"2024-09-06T14:28:38","date_gmt":"2024-09-06T14:28:38","guid":{"rendered":"https:\/\/gloopbaby.com\/?post_type=product&#038;p=122188"},"modified":"2024-09-06T14:34:14","modified_gmt":"2024-09-06T14:34:14","slug":"set-de-2-bavoirs-pink-chevron","status":"publish","type":"product","link":"https:\/\/gloopbaby.com\/fr\/produit\/outlet-fr\/bavoirs-fr-2\/set-de-2-bavoirs-pink-chevron\/","title":{"rendered":"Set de 2 Bavoirs Pink Chevron"},"content":{"rendered":"<p>Tout doux, tout pratique ce joli set de 2 bavoirs fera le bonheur de b\u00e9b\u00e9 et respectera sa peau gr\u00e2ce \u00e0 une confection 100% Bio! Fabriqu\u00e9 au Portugal nos bavoirs sont non allerg\u00e8nes et sans m\u00e9taux lourds. Conseil utilisation: A chaque lavage plus de douceur! Nous vous conseillons de les laver avant une premi\u00e8re utilisation. 30x23cm<\/p>\n","protected":false},"excerpt":{"rendered":"<p>Tout doux, tout pratique ce joli set de 2 bavoirs fera le bonheur de b\u00e9b\u00e9 et respectera sa peau gr\u00e2ce \u00e0 une confection 100% Bio! Fabriqu\u00e9 au Portugal nos bavoirs sont non allerg\u00e8nes et sans m\u00e9taux lourds. Conseil utilisation: A chaque lavage plus de douceur! Nous vous conseillons de les laver avant une premi\u00e8re utilisation. [&hellip;]<\/p>\n","protected":false},"featured_media":122196,"comment_status":"closed","ping_status":"closed","template":"","meta":{"_acf_changed":false},"product_brand":[],"product_cat":[1364,1350],"product_tag":[],"class_list":{"0":"post-122188","1":"product","2":"type-product","3":"status-publish","4":"has-post-thumbnail","6":"product_cat-bavoirs-fr-2","7":"product_cat-outlet-fr","9":"first","10":"instock","11":"sale","12":"taxable","13":"shipping-taxable","14":"purchasable","15":"product-type-simple"},"acf":[],"yoast_head":"<!-- This site is optimized with the Yoast SEO plugin v27.3 - https:\/\/yoast.com\/product\/yoast-seo-wordpress\/ -->\n<title>Set de 2 Bavoirs Pink Chevron - Gloop Baby<\/title>\n<meta name=\"robots\" content=\"index, follow, max-snippet:-1, max-image-preview:large, max-video-preview:-1\" \/>\n<link rel=\"canonical\" href=\"https:\/\/gloopbaby.com\/fr\/produit\/outlet-fr\/bavoirs-fr-2\/set-de-2-bavoirs-pink-chevron\/\" \/>\n<meta property=\"og:locale\" content=\"fr_FR\" \/>\n<meta property=\"og:type\" content=\"article\" \/>\n<meta property=\"og:title\" content=\"Set de 2 Bavoirs Pink Chevron - Gloop Baby\" \/>\n<meta property=\"og:description\" content=\"Tout doux, tout pratique ce joli set de 2 bavoirs fera le bonheur de b\u00e9b\u00e9 et respectera sa peau gr\u00e2ce \u00e0 une confection 100% Bio! Fabriqu\u00e9 au Portugal nos bavoirs sont non allerg\u00e8nes et sans m\u00e9taux lourds. Conseil utilisation: A chaque lavage plus de douceur! Nous vous conseillons de les laver avant une premi\u00e8re utilisation. [&hellip;]\" \/>\n<meta property=\"og:url\" content=\"https:\/\/gloopbaby.com\/fr\/produit\/outlet-fr\/bavoirs-fr-2\/set-de-2-bavoirs-pink-chevron\/\" \/>\n<meta property=\"og:site_name\" content=\"Gloop Baby\" \/>\n<meta property=\"article:modified_time\" content=\"2024-09-06T14:34:14+00:00\" \/>\n<meta property=\"og:image\" content=\"https:\/\/gloopbaby.com\/wp-content\/uploads\/2024\/09\/pack-babete-13.jpg\" \/>\n\t<meta property=\"og:image:width\" content=\"600\" \/>\n\t<meta property=\"og:image:height\" content=\"900\" \/>\n\t<meta property=\"og:image:type\" content=\"image\/jpeg\" \/>\n<meta name=\"twitter:card\" content=\"summary_large_image\" \/>\n<script type=\"application\/ld+json\" class=\"yoast-schema-graph\">{\"@context\":\"https:\\\/\\\/schema.org\",\"@graph\":[{\"@type\":\"WebPage\",\"@id\":\"https:\\\/\\\/gloopbaby.com\\\/fr\\\/produit\\\/outlet-fr\\\/bavoirs-fr-2\\\/set-de-2-bavoirs-pink-chevron\\\/\",\"url\":\"https:\\\/\\\/gloopbaby.com\\\/fr\\\/produit\\\/outlet-fr\\\/bavoirs-fr-2\\\/set-de-2-bavoirs-pink-chevron\\\/\",\"name\":\"Set de 2 Bavoirs Pink Chevron - Gloop Baby\",\"isPartOf\":{\"@id\":\"https:\\\/\\\/gloopbaby.com\\\/fr\\\/#website\"},\"primaryImageOfPage\":{\"@id\":\"https:\\\/\\\/gloopbaby.com\\\/fr\\\/produit\\\/outlet-fr\\\/bavoirs-fr-2\\\/set-de-2-bavoirs-pink-chevron\\\/#primaryimage\"},\"image\":{\"@id\":\"https:\\\/\\\/gloopbaby.com\\\/fr\\\/produit\\\/outlet-fr\\\/bavoirs-fr-2\\\/set-de-2-bavoirs-pink-chevron\\\/#primaryimage\"},\"thumbnailUrl\":\"https:\\\/\\\/gloopbaby.com\\\/wp-content\\\/uploads\\\/2024\\\/09\\\/pack-babete-13.jpg\",\"datePublished\":\"2024-09-06T14:28:38+00:00\",\"dateModified\":\"2024-09-06T14:34:14+00:00\",\"breadcrumb\":{\"@id\":\"https:\\\/\\\/gloopbaby.com\\\/fr\\\/produit\\\/outlet-fr\\\/bavoirs-fr-2\\\/set-de-2-bavoirs-pink-chevron\\\/#breadcrumb\"},\"inLanguage\":\"fr-FR\",\"potentialAction\":[{\"@type\":\"ReadAction\",\"target\":[\"https:\\\/\\\/gloopbaby.com\\\/fr\\\/produit\\\/outlet-fr\\\/bavoirs-fr-2\\\/set-de-2-bavoirs-pink-chevron\\\/\"]}]},{\"@type\":\"ImageObject\",\"inLanguage\":\"fr-FR\",\"@id\":\"https:\\\/\\\/gloopbaby.com\\\/fr\\\/produit\\\/outlet-fr\\\/bavoirs-fr-2\\\/set-de-2-bavoirs-pink-chevron\\\/#primaryimage\",\"url\":\"https:\\\/\\\/gloopbaby.com\\\/wp-content\\\/uploads\\\/2024\\\/09\\\/pack-babete-13.jpg\",\"contentUrl\":\"https:\\\/\\\/gloopbaby.com\\\/wp-content\\\/uploads\\\/2024\\\/09\\\/pack-babete-13.jpg\",\"width\":600,\"height\":900},{\"@type\":\"BreadcrumbList\",\"@id\":\"https:\\\/\\\/gloopbaby.com\\\/fr\\\/produit\\\/outlet-fr\\\/bavoirs-fr-2\\\/set-de-2-bavoirs-pink-chevron\\\/#breadcrumb\",\"itemListElement\":[{\"@type\":\"ListItem\",\"position\":1,\"name\":\"In\u00edcio\",\"item\":\"https:\\\/\\\/gloopbaby.com\\\/fr\\\/\"},{\"@type\":\"ListItem\",\"position\":2,\"name\":\"Shop\",\"item\":\"https:\\\/\\\/gloopbaby.com\\\/loja\\\/\"},{\"@type\":\"ListItem\",\"position\":3,\"name\":\"Set de 2 Bavoirs Pink Chevron\"}]},{\"@type\":\"WebSite\",\"@id\":\"https:\\\/\\\/gloopbaby.com\\\/fr\\\/#website\",\"url\":\"https:\\\/\\\/gloopbaby.com\\\/fr\\\/\",\"name\":\"Gloop Baby\",\"description\":\"\",\"publisher\":{\"@id\":\"https:\\\/\\\/gloopbaby.com\\\/fr\\\/#organization\"},\"potentialAction\":[{\"@type\":\"SearchAction\",\"target\":{\"@type\":\"EntryPoint\",\"urlTemplate\":\"https:\\\/\\\/gloopbaby.com\\\/fr\\\/?s={search_term_string}\"},\"query-input\":{\"@type\":\"PropertyValueSpecification\",\"valueRequired\":true,\"valueName\":\"search_term_string\"}}],\"inLanguage\":\"fr-FR\"},{\"@type\":\"Organization\",\"@id\":\"https:\\\/\\\/gloopbaby.com\\\/fr\\\/#organization\",\"name\":\"Gloop Baby\",\"url\":\"https:\\\/\\\/gloopbaby.com\\\/fr\\\/\",\"logo\":{\"@type\":\"ImageObject\",\"inLanguage\":\"fr-FR\",\"@id\":\"https:\\\/\\\/gloopbaby.com\\\/fr\\\/#\\\/schema\\\/logo\\\/image\\\/\",\"url\":\"https:\\\/\\\/gloopbaby.com\\\/wp-content\\\/uploads\\\/2023\\\/06\\\/gloop-logo.svg\",\"contentUrl\":\"https:\\\/\\\/gloopbaby.com\\\/wp-content\\\/uploads\\\/2023\\\/06\\\/gloop-logo.svg\",\"width\":100,\"height\":100,\"caption\":\"Gloop Baby\"},\"image\":{\"@id\":\"https:\\\/\\\/gloopbaby.com\\\/fr\\\/#\\\/schema\\\/logo\\\/image\\\/\"}}]}<\/script>\n<!-- \/ Yoast SEO plugin. -->","yoast_head_json":{"title":"Set de 2 Bavoirs Pink Chevron - Gloop Baby","robots":{"index":"index","follow":"follow","max-snippet":"max-snippet:-1","max-image-preview":"max-image-preview:large","max-video-preview":"max-video-preview:-1"},"canonical":"https:\/\/gloopbaby.com\/fr\/produit\/outlet-fr\/bavoirs-fr-2\/set-de-2-bavoirs-pink-chevron\/","og_locale":"fr_FR","og_type":"article","og_title":"Set de 2 Bavoirs Pink Chevron - Gloop Baby","og_description":"Tout doux, tout pratique ce joli set de 2 bavoirs fera le bonheur de b\u00e9b\u00e9 et respectera sa peau gr\u00e2ce \u00e0 une confection 100% Bio! Fabriqu\u00e9 au Portugal nos bavoirs sont non allerg\u00e8nes et sans m\u00e9taux lourds. Conseil utilisation: A chaque lavage plus de douceur! Nous vous conseillons de les laver avant une premi\u00e8re utilisation. [&hellip;]","og_url":"https:\/\/gloopbaby.com\/fr\/produit\/outlet-fr\/bavoirs-fr-2\/set-de-2-bavoirs-pink-chevron\/","og_site_name":"Gloop Baby","article_modified_time":"2024-09-06T14:34:14+00:00","og_image":[{"width":600,"height":900,"url":"https:\/\/gloopbaby.com\/wp-content\/uploads\/2024\/09\/pack-babete-13.jpg","type":"image\/jpeg"}],"twitter_card":"summary_large_image","schema":{"@context":"https:\/\/schema.org","@graph":[{"@type":"WebPage","@id":"https:\/\/gloopbaby.com\/fr\/produit\/outlet-fr\/bavoirs-fr-2\/set-de-2-bavoirs-pink-chevron\/","url":"https:\/\/gloopbaby.com\/fr\/produit\/outlet-fr\/bavoirs-fr-2\/set-de-2-bavoirs-pink-chevron\/","name":"Set de 2 Bavoirs Pink Chevron - Gloop Baby","isPartOf":{"@id":"https:\/\/gloopbaby.com\/fr\/#website"},"primaryImageOfPage":{"@id":"https:\/\/gloopbaby.com\/fr\/produit\/outlet-fr\/bavoirs-fr-2\/set-de-2-bavoirs-pink-chevron\/#primaryimage"},"image":{"@id":"https:\/\/gloopbaby.com\/fr\/produit\/outlet-fr\/bavoirs-fr-2\/set-de-2-bavoirs-pink-chevron\/#primaryimage"},"thumbnailUrl":"https:\/\/gloopbaby.com\/wp-content\/uploads\/2024\/09\/pack-babete-13.jpg","datePublished":"2024-09-06T14:28:38+00:00","dateModified":"2024-09-06T14:34:14+00:00","breadcrumb":{"@id":"https:\/\/gloopbaby.com\/fr\/produit\/outlet-fr\/bavoirs-fr-2\/set-de-2-bavoirs-pink-chevron\/#breadcrumb"},"inLanguage":"fr-FR","potentialAction":[{"@type":"ReadAction","target":["https:\/\/gloopbaby.com\/fr\/produit\/outlet-fr\/bavoirs-fr-2\/set-de-2-bavoirs-pink-chevron\/"]}]},{"@type":"ImageObject","inLanguage":"fr-FR","@id":"https:\/\/gloopbaby.com\/fr\/produit\/outlet-fr\/bavoirs-fr-2\/set-de-2-bavoirs-pink-chevron\/#primaryimage","url":"https:\/\/gloopbaby.com\/wp-content\/uploads\/2024\/09\/pack-babete-13.jpg","contentUrl":"https:\/\/gloopbaby.com\/wp-content\/uploads\/2024\/09\/pack-babete-13.jpg","width":600,"height":900},{"@type":"BreadcrumbList","@id":"https:\/\/gloopbaby.com\/fr\/produit\/outlet-fr\/bavoirs-fr-2\/set-de-2-bavoirs-pink-chevron\/#breadcrumb","itemListElement":[{"@type":"ListItem","position":1,"name":"In\u00edcio","item":"https:\/\/gloopbaby.com\/fr\/"},{"@type":"ListItem","position":2,"name":"Shop","item":"https:\/\/gloopbaby.com\/loja\/"},{"@type":"ListItem","position":3,"name":"Set de 2 Bavoirs Pink Chevron"}]},{"@type":"WebSite","@id":"https:\/\/gloopbaby.com\/fr\/#website","url":"https:\/\/gloopbaby.com\/fr\/","name":"Gloop Baby","description":"","publisher":{"@id":"https:\/\/gloopbaby.com\/fr\/#organization"},"potentialAction":[{"@type":"SearchAction","target":{"@type":"EntryPoint","urlTemplate":"https:\/\/gloopbaby.com\/fr\/?s={search_term_string}"},"query-input":{"@type":"PropertyValueSpecification","valueRequired":true,"valueName":"search_term_string"}}],"inLanguage":"fr-FR"},{"@type":"Organization","@id":"https:\/\/gloopbaby.com\/fr\/#organization","name":"Gloop Baby","url":"https:\/\/gloopbaby.com\/fr\/","logo":{"@type":"ImageObject","inLanguage":"fr-FR","@id":"https:\/\/gloopbaby.com\/fr\/#\/schema\/logo\/image\/","url":"https:\/\/gloopbaby.com\/wp-content\/uploads\/2023\/06\/gloop-logo.svg","contentUrl":"https:\/\/gloopbaby.com\/wp-content\/uploads\/2023\/06\/gloop-logo.svg","width":100,"height":100,"caption":"Gloop Baby"},"image":{"@id":"https:\/\/gloopbaby.com\/fr\/#\/schema\/logo\/image\/"}}]}},"_links":{"self":[{"href":"https:\/\/gloopbaby.com\/fr\/wp-json\/wp\/v2\/product\/122188","targetHints":{"allow":["GET"]}}],"collection":[{"href":"https:\/\/gloopbaby.com\/fr\/wp-json\/wp\/v2\/product"}],"about":[{"href":"https:\/\/gloopbaby.com\/fr\/wp-json\/wp\/v2\/types\/product"}],"replies":[{"embeddable":true,"href":"https:\/\/gloopbaby.com\/fr\/wp-json\/wp\/v2\/comments?post=122188"}],"wp:featuredmedia":[{"embeddable":true,"href":"https:\/\/gloopbaby.com\/fr\/wp-json\/wp\/v2\/media\/122196"}],"wp:attachment":[{"href":"https:\/\/gloopbaby.com\/fr\/wp-json\/wp\/v2\/media?parent=122188"}],"wp:term":[{"taxonomy":"product_brand","embeddable":true,"href":"https:\/\/gloopbaby.com\/fr\/wp-json\/wp\/v2\/product_brand?post=122188"},{"taxonomy":"product_cat","embeddable":true,"href":"https:\/\/gloopbaby.com\/fr\/wp-json\/wp\/v2\/product_cat?post=122188"},{"taxonomy":"product_tag","embeddable":true,"href":"https:\/\/gloopbaby.com\/fr\/wp-json\/wp\/v2\/product_tag?post=122188"}],"curies":[{"name":"wp","href":"https:\/\/api.w.org\/{rel}","templated":true}]}}