{"id":110453,"date":"2024-03-18T08:29:31","date_gmt":"2024-03-18T08:29:31","guid":{"rendered":"https:\/\/gloopbaby.com\/?post_type=product&#038;p=110453"},"modified":"2024-07-04T09:58:16","modified_gmt":"2024-07-04T09:58:16","slug":"bavoir-en-silicone-burlywood","status":"publish","type":"product","link":"https:\/\/gloopbaby.com\/fr\/produit\/mealtime-fr\/bavoir-en-silicone-fr\/bavoir-en-silicone-burlywood\/","title":{"rendered":"BAVOIR EN SILICONE Burlywood"},"content":{"rendered":"<p>Gardez votre b\u00e9b\u00e9 confortable et propre avec nos bavoirs en silicone. Fabriqu\u00e9s avec du silicone pour l&rsquo;industrie alimentaire, ils sont sans BPA et sans phtalates. Ils ont une poche avant, ce qui vous permet de garder votre b\u00e9b\u00e9 propre, ainsi que la zone autour de lui. Facile \u00e0 nettoyer, r\u00e9sistant aux taches et imperm\u00e9able.<\/p>\n","protected":false},"excerpt":{"rendered":"<p>Gardez votre b\u00e9b\u00e9 confortable et propre avec nos bavoirs en silicone. Fabriqu\u00e9s avec du silicone pour l&rsquo;industrie alimentaire, ils sont sans BPA et sans phtalates. Ils ont une poche avant, ce qui vous permet de garder votre b\u00e9b\u00e9 propre, ainsi que la zone autour de lui. Facile \u00e0 nettoyer, r\u00e9sistant aux taches et imperm\u00e9able.<\/p>\n","protected":false},"featured_media":38635,"comment_status":"closed","ping_status":"closed","template":"","meta":{"_acf_changed":false},"product_brand":[],"product_cat":[1604,1456],"product_tag":[],"class_list":{"0":"post-110453","1":"product","2":"type-product","3":"status-publish","4":"has-post-thumbnail","6":"product_cat-bavoir-en-silicone-fr","7":"product_cat-mealtime-fr","9":"first","10":"instock","11":"sale","12":"taxable","13":"shipping-taxable","14":"purchasable","15":"product-type-simple"},"acf":[],"yoast_head":"<!-- This site is optimized with the Yoast SEO plugin v27.4 - https:\/\/yoast.com\/product\/yoast-seo-wordpress\/ -->\n<title>BAVOIR EN SILICONE Burlywood - Gloop Baby<\/title>\n<meta name=\"robots\" content=\"index, follow, max-snippet:-1, max-image-preview:large, max-video-preview:-1\" \/>\n<link rel=\"canonical\" href=\"https:\/\/gloopbaby.com\/fr\/produit\/mealtime-fr\/bavoir-en-silicone-fr\/bavoir-en-silicone-burlywood\/\" \/>\n<meta property=\"og:locale\" content=\"fr_FR\" \/>\n<meta property=\"og:type\" content=\"article\" \/>\n<meta property=\"og:title\" content=\"BAVOIR EN SILICONE Burlywood - Gloop Baby\" \/>\n<meta property=\"og:description\" content=\"Gardez votre b\u00e9b\u00e9 confortable et propre avec nos bavoirs en silicone. Fabriqu\u00e9s avec du silicone pour l&rsquo;industrie alimentaire, ils sont sans BPA et sans phtalates. Ils ont une poche avant, ce qui vous permet de garder votre b\u00e9b\u00e9 propre, ainsi que la zone autour de lui. Facile \u00e0 nettoyer, r\u00e9sistant aux taches et imperm\u00e9able.\" \/>\n<meta property=\"og:url\" content=\"https:\/\/gloopbaby.com\/fr\/produit\/mealtime-fr\/bavoir-en-silicone-fr\/bavoir-en-silicone-burlywood\/\" \/>\n<meta property=\"og:site_name\" content=\"Gloop Baby\" \/>\n<meta property=\"article:modified_time\" content=\"2024-07-04T09:58:16+00:00\" \/>\n<meta property=\"og:image\" content=\"https:\/\/gloopbaby.com\/wp-content\/uploads\/2023\/06\/5600913308443_2.jpg\" \/>\n\t<meta property=\"og:image:width\" content=\"696\" \/>\n\t<meta property=\"og:image:height\" content=\"1044\" \/>\n\t<meta property=\"og:image:type\" content=\"image\/jpeg\" \/>\n<meta name=\"twitter:card\" content=\"summary_large_image\" \/>\n<script type=\"application\/ld+json\" class=\"yoast-schema-graph\">{\"@context\":\"https:\\\/\\\/schema.org\",\"@graph\":[{\"@type\":\"WebPage\",\"@id\":\"https:\\\/\\\/gloopbaby.com\\\/fr\\\/produit\\\/mealtime-fr\\\/bavoir-en-silicone-fr\\\/bavoir-en-silicone-burlywood\\\/\",\"url\":\"https:\\\/\\\/gloopbaby.com\\\/fr\\\/produit\\\/mealtime-fr\\\/bavoir-en-silicone-fr\\\/bavoir-en-silicone-burlywood\\\/\",\"name\":\"BAVOIR EN SILICONE Burlywood - Gloop Baby\",\"isPartOf\":{\"@id\":\"https:\\\/\\\/gloopbaby.com\\\/fr\\\/#website\"},\"primaryImageOfPage\":{\"@id\":\"https:\\\/\\\/gloopbaby.com\\\/fr\\\/produit\\\/mealtime-fr\\\/bavoir-en-silicone-fr\\\/bavoir-en-silicone-burlywood\\\/#primaryimage\"},\"image\":{\"@id\":\"https:\\\/\\\/gloopbaby.com\\\/fr\\\/produit\\\/mealtime-fr\\\/bavoir-en-silicone-fr\\\/bavoir-en-silicone-burlywood\\\/#primaryimage\"},\"thumbnailUrl\":\"https:\\\/\\\/gloopbaby.com\\\/wp-content\\\/uploads\\\/2023\\\/06\\\/5600913308443_2.jpg\",\"datePublished\":\"2024-03-18T08:29:31+00:00\",\"dateModified\":\"2024-07-04T09:58:16+00:00\",\"breadcrumb\":{\"@id\":\"https:\\\/\\\/gloopbaby.com\\\/fr\\\/produit\\\/mealtime-fr\\\/bavoir-en-silicone-fr\\\/bavoir-en-silicone-burlywood\\\/#breadcrumb\"},\"inLanguage\":\"fr-FR\",\"potentialAction\":[{\"@type\":\"ReadAction\",\"target\":[\"https:\\\/\\\/gloopbaby.com\\\/fr\\\/produit\\\/mealtime-fr\\\/bavoir-en-silicone-fr\\\/bavoir-en-silicone-burlywood\\\/\"]}]},{\"@type\":\"ImageObject\",\"inLanguage\":\"fr-FR\",\"@id\":\"https:\\\/\\\/gloopbaby.com\\\/fr\\\/produit\\\/mealtime-fr\\\/bavoir-en-silicone-fr\\\/bavoir-en-silicone-burlywood\\\/#primaryimage\",\"url\":\"https:\\\/\\\/gloopbaby.com\\\/wp-content\\\/uploads\\\/2023\\\/06\\\/5600913308443_2.jpg\",\"contentUrl\":\"https:\\\/\\\/gloopbaby.com\\\/wp-content\\\/uploads\\\/2023\\\/06\\\/5600913308443_2.jpg\",\"width\":696,\"height\":1044},{\"@type\":\"BreadcrumbList\",\"@id\":\"https:\\\/\\\/gloopbaby.com\\\/fr\\\/produit\\\/mealtime-fr\\\/bavoir-en-silicone-fr\\\/bavoir-en-silicone-burlywood\\\/#breadcrumb\",\"itemListElement\":[{\"@type\":\"ListItem\",\"position\":1,\"name\":\"In\u00edcio\",\"item\":\"https:\\\/\\\/gloopbaby.com\\\/fr\\\/\"},{\"@type\":\"ListItem\",\"position\":2,\"name\":\"Shop\",\"item\":\"https:\\\/\\\/gloopbaby.com\\\/loja\\\/\"},{\"@type\":\"ListItem\",\"position\":3,\"name\":\"BAVOIR EN SILICONE Burlywood\"}]},{\"@type\":\"WebSite\",\"@id\":\"https:\\\/\\\/gloopbaby.com\\\/fr\\\/#website\",\"url\":\"https:\\\/\\\/gloopbaby.com\\\/fr\\\/\",\"name\":\"Gloop Baby\",\"description\":\"\",\"publisher\":{\"@id\":\"https:\\\/\\\/gloopbaby.com\\\/fr\\\/#organization\"},\"potentialAction\":[{\"@type\":\"SearchAction\",\"target\":{\"@type\":\"EntryPoint\",\"urlTemplate\":\"https:\\\/\\\/gloopbaby.com\\\/fr\\\/?s={search_term_string}\"},\"query-input\":{\"@type\":\"PropertyValueSpecification\",\"valueRequired\":true,\"valueName\":\"search_term_string\"}}],\"inLanguage\":\"fr-FR\"},{\"@type\":\"Organization\",\"@id\":\"https:\\\/\\\/gloopbaby.com\\\/fr\\\/#organization\",\"name\":\"Gloop Baby\",\"url\":\"https:\\\/\\\/gloopbaby.com\\\/fr\\\/\",\"logo\":{\"@type\":\"ImageObject\",\"inLanguage\":\"fr-FR\",\"@id\":\"https:\\\/\\\/gloopbaby.com\\\/fr\\\/#\\\/schema\\\/logo\\\/image\\\/\",\"url\":\"https:\\\/\\\/gloopbaby.com\\\/wp-content\\\/uploads\\\/2023\\\/06\\\/gloop-logo.svg\",\"contentUrl\":\"https:\\\/\\\/gloopbaby.com\\\/wp-content\\\/uploads\\\/2023\\\/06\\\/gloop-logo.svg\",\"width\":100,\"height\":100,\"caption\":\"Gloop Baby\"},\"image\":{\"@id\":\"https:\\\/\\\/gloopbaby.com\\\/fr\\\/#\\\/schema\\\/logo\\\/image\\\/\"}}]}<\/script>\n<!-- \/ Yoast SEO plugin. -->","yoast_head_json":{"title":"BAVOIR EN SILICONE Burlywood - Gloop Baby","robots":{"index":"index","follow":"follow","max-snippet":"max-snippet:-1","max-image-preview":"max-image-preview:large","max-video-preview":"max-video-preview:-1"},"canonical":"https:\/\/gloopbaby.com\/fr\/produit\/mealtime-fr\/bavoir-en-silicone-fr\/bavoir-en-silicone-burlywood\/","og_locale":"fr_FR","og_type":"article","og_title":"BAVOIR EN SILICONE Burlywood - Gloop Baby","og_description":"Gardez votre b\u00e9b\u00e9 confortable et propre avec nos bavoirs en silicone. Fabriqu\u00e9s avec du silicone pour l&rsquo;industrie alimentaire, ils sont sans BPA et sans phtalates. Ils ont une poche avant, ce qui vous permet de garder votre b\u00e9b\u00e9 propre, ainsi que la zone autour de lui. Facile \u00e0 nettoyer, r\u00e9sistant aux taches et imperm\u00e9able.","og_url":"https:\/\/gloopbaby.com\/fr\/produit\/mealtime-fr\/bavoir-en-silicone-fr\/bavoir-en-silicone-burlywood\/","og_site_name":"Gloop Baby","article_modified_time":"2024-07-04T09:58:16+00:00","og_image":[{"width":696,"height":1044,"url":"https:\/\/gloopbaby.com\/wp-content\/uploads\/2023\/06\/5600913308443_2.jpg","type":"image\/jpeg"}],"twitter_card":"summary_large_image","schema":{"@context":"https:\/\/schema.org","@graph":[{"@type":"WebPage","@id":"https:\/\/gloopbaby.com\/fr\/produit\/mealtime-fr\/bavoir-en-silicone-fr\/bavoir-en-silicone-burlywood\/","url":"https:\/\/gloopbaby.com\/fr\/produit\/mealtime-fr\/bavoir-en-silicone-fr\/bavoir-en-silicone-burlywood\/","name":"BAVOIR EN SILICONE Burlywood - Gloop Baby","isPartOf":{"@id":"https:\/\/gloopbaby.com\/fr\/#website"},"primaryImageOfPage":{"@id":"https:\/\/gloopbaby.com\/fr\/produit\/mealtime-fr\/bavoir-en-silicone-fr\/bavoir-en-silicone-burlywood\/#primaryimage"},"image":{"@id":"https:\/\/gloopbaby.com\/fr\/produit\/mealtime-fr\/bavoir-en-silicone-fr\/bavoir-en-silicone-burlywood\/#primaryimage"},"thumbnailUrl":"https:\/\/gloopbaby.com\/wp-content\/uploads\/2023\/06\/5600913308443_2.jpg","datePublished":"2024-03-18T08:29:31+00:00","dateModified":"2024-07-04T09:58:16+00:00","breadcrumb":{"@id":"https:\/\/gloopbaby.com\/fr\/produit\/mealtime-fr\/bavoir-en-silicone-fr\/bavoir-en-silicone-burlywood\/#breadcrumb"},"inLanguage":"fr-FR","potentialAction":[{"@type":"ReadAction","target":["https:\/\/gloopbaby.com\/fr\/produit\/mealtime-fr\/bavoir-en-silicone-fr\/bavoir-en-silicone-burlywood\/"]}]},{"@type":"ImageObject","inLanguage":"fr-FR","@id":"https:\/\/gloopbaby.com\/fr\/produit\/mealtime-fr\/bavoir-en-silicone-fr\/bavoir-en-silicone-burlywood\/#primaryimage","url":"https:\/\/gloopbaby.com\/wp-content\/uploads\/2023\/06\/5600913308443_2.jpg","contentUrl":"https:\/\/gloopbaby.com\/wp-content\/uploads\/2023\/06\/5600913308443_2.jpg","width":696,"height":1044},{"@type":"BreadcrumbList","@id":"https:\/\/gloopbaby.com\/fr\/produit\/mealtime-fr\/bavoir-en-silicone-fr\/bavoir-en-silicone-burlywood\/#breadcrumb","itemListElement":[{"@type":"ListItem","position":1,"name":"In\u00edcio","item":"https:\/\/gloopbaby.com\/fr\/"},{"@type":"ListItem","position":2,"name":"Shop","item":"https:\/\/gloopbaby.com\/loja\/"},{"@type":"ListItem","position":3,"name":"BAVOIR EN SILICONE Burlywood"}]},{"@type":"WebSite","@id":"https:\/\/gloopbaby.com\/fr\/#website","url":"https:\/\/gloopbaby.com\/fr\/","name":"Gloop Baby","description":"","publisher":{"@id":"https:\/\/gloopbaby.com\/fr\/#organization"},"potentialAction":[{"@type":"SearchAction","target":{"@type":"EntryPoint","urlTemplate":"https:\/\/gloopbaby.com\/fr\/?s={search_term_string}"},"query-input":{"@type":"PropertyValueSpecification","valueRequired":true,"valueName":"search_term_string"}}],"inLanguage":"fr-FR"},{"@type":"Organization","@id":"https:\/\/gloopbaby.com\/fr\/#organization","name":"Gloop Baby","url":"https:\/\/gloopbaby.com\/fr\/","logo":{"@type":"ImageObject","inLanguage":"fr-FR","@id":"https:\/\/gloopbaby.com\/fr\/#\/schema\/logo\/image\/","url":"https:\/\/gloopbaby.com\/wp-content\/uploads\/2023\/06\/gloop-logo.svg","contentUrl":"https:\/\/gloopbaby.com\/wp-content\/uploads\/2023\/06\/gloop-logo.svg","width":100,"height":100,"caption":"Gloop Baby"},"image":{"@id":"https:\/\/gloopbaby.com\/fr\/#\/schema\/logo\/image\/"}}]}},"_links":{"self":[{"href":"https:\/\/gloopbaby.com\/fr\/wp-json\/wp\/v2\/product\/110453","targetHints":{"allow":["GET"]}}],"collection":[{"href":"https:\/\/gloopbaby.com\/fr\/wp-json\/wp\/v2\/product"}],"about":[{"href":"https:\/\/gloopbaby.com\/fr\/wp-json\/wp\/v2\/types\/product"}],"replies":[{"embeddable":true,"href":"https:\/\/gloopbaby.com\/fr\/wp-json\/wp\/v2\/comments?post=110453"}],"wp:featuredmedia":[{"embeddable":true,"href":"https:\/\/gloopbaby.com\/fr\/wp-json\/wp\/v2\/media\/38635"}],"wp:attachment":[{"href":"https:\/\/gloopbaby.com\/fr\/wp-json\/wp\/v2\/media?parent=110453"}],"wp:term":[{"taxonomy":"product_brand","embeddable":true,"href":"https:\/\/gloopbaby.com\/fr\/wp-json\/wp\/v2\/product_brand?post=110453"},{"taxonomy":"product_cat","embeddable":true,"href":"https:\/\/gloopbaby.com\/fr\/wp-json\/wp\/v2\/product_cat?post=110453"},{"taxonomy":"product_tag","embeddable":true,"href":"https:\/\/gloopbaby.com\/fr\/wp-json\/wp\/v2\/product_tag?post=110453"}],"curies":[{"name":"wp","href":"https:\/\/api.w.org\/{rel}","templated":true}]}}