{"id":108592,"date":"2024-02-16T11:40:04","date_gmt":"2024-02-16T11:40:04","guid":{"rendered":"https:\/\/gloopbaby.com\/?post_type=product&#038;p=108592"},"modified":"2026-04-15T11:25:08","modified_gmt":"2026-04-15T11:25:08","slug":"necessaire-zebra","status":"publish","type":"product","link":"https:\/\/gloopbaby.com\/fr\/produit\/on-the-go-fr\/promenade\/trousse-de-toilette-fr\/necessaire-zebra\/","title":{"rendered":"N\u00e9cessaire Zebra"},"content":{"rendered":"<p><span class=\"Y2IQFc\" lang=\"fr\">Notre N\u00e9cessaire gloop! en coton biologique est id\u00e9ale pour prendre soin de b\u00e9b\u00e9. Son ext\u00e9rieur est 100% coton biologique et son int\u00e9rieur est dot\u00e9 d&rsquo;une doublure imperm\u00e9able, gardant les produits de b\u00e9b\u00e9 bien rang\u00e9s et au sec, que ce soit en voyage ou au quotidien. Compacte, r\u00e9sistante et imperm\u00e9able, cette trousse de toilette est le choix id\u00e9al pour ceux qui recherchent praticit\u00e9 et respect de l&rsquo;environnement. Fabriqu\u00e9e au Portugal, sa taille compacte (23 x 14 x 11 cm) la rend facile \u00e0 emporter partout. <\/span><\/p>\n<p><span class=\"Y2IQFc\" lang=\"fr\"><strong>Caract\u00e9ristiques principales:<\/strong> <\/span><\/p>\n<p><span class=\"Y2IQFc\" lang=\"fr\">Doublure imperm\u00e9able. <\/span><\/p>\n<p><span class=\"Y2IQFc\" lang=\"fr\">Dimensions: 23x14x11cm. <\/span><\/p>\n<p><span class=\"Y2IQFc\" lang=\"fr\">Ext\u00e9rieur: 100% coton biologique certifi\u00e9. <\/span><\/p>\n<p><span class=\"Y2IQFc\" lang=\"fr\">Int\u00e9rieur: 100% Polyester. <\/span><\/p>\n<p><span class=\"Y2IQFc\" lang=\"fr\">Fabriqu\u00e9e au Portugal. <\/span><\/p>\n<p><span class=\"Y2IQFc\" lang=\"fr\">Un accessoire indispensable et polyvalent pour la trousse de naissance de votre b\u00e9b\u00e9, alliant design exclusif, qualit\u00e9 et durabilit\u00e9. Produit \u00e9cologique, sans produits chimiques nocifs. <\/span><\/p>\n<p><span class=\"Y2IQFc\" lang=\"fr\">Id\u00e9al pour les parents soucieux du bien-\u00eatre de leur b\u00e9b\u00e9 et de la plan\u00e8te.<\/span><\/p>\n","protected":false},"excerpt":{"rendered":"<p>Notre N\u00e9cessaire gloop! en coton biologique est id\u00e9ale pour prendre soin de b\u00e9b\u00e9. Son ext\u00e9rieur est 100% coton biologique et son int\u00e9rieur est dot\u00e9 d&rsquo;une doublure imperm\u00e9able, gardant les produits de b\u00e9b\u00e9 bien rang\u00e9s et au sec, que ce soit en voyage ou au quotidien. Compacte, r\u00e9sistante et imperm\u00e9able, cette trousse de toilette est le [&hellip;]<\/p>\n","protected":false},"featured_media":109182,"comment_status":"closed","ping_status":"closed","template":"","meta":{"_acf_changed":false},"product_brand":[],"product_cat":[1582,1906,1424,1442,1693],"product_tag":[],"class_list":{"0":"post-108592","1":"product","2":"type-product","3":"status-publish","4":"has-post-thumbnail","6":"product_cat-collections-fr","7":"product_cat-promenade","8":"product_cat-on-the-go-fr","9":"product_cat-trousse-de-toilette-fr","10":"product_cat-zebra-fr","12":"first","13":"instock","14":"sale","15":"taxable","16":"shipping-taxable","17":"purchasable","18":"product-type-simple"},"acf":[],"yoast_head":"<!-- This site is optimized with the Yoast SEO plugin v27.5 - https:\/\/yoast.com\/product\/yoast-seo-wordpress\/ -->\n<title>N\u00e9cessaire Zebra - Gloop Baby<\/title>\n<meta name=\"robots\" content=\"index, follow, max-snippet:-1, max-image-preview:large, max-video-preview:-1\" \/>\n<link rel=\"canonical\" href=\"https:\/\/gloopbaby.com\/fr\/produit\/on-the-go-fr\/promenade\/trousse-de-toilette-fr\/necessaire-zebra\/\" \/>\n<meta property=\"og:locale\" content=\"fr_FR\" \/>\n<meta property=\"og:type\" content=\"article\" \/>\n<meta property=\"og:title\" content=\"N\u00e9cessaire Zebra - Gloop Baby\" \/>\n<meta property=\"og:description\" content=\"Notre N\u00e9cessaire gloop! en coton biologique est id\u00e9ale pour prendre soin de b\u00e9b\u00e9. Son ext\u00e9rieur est 100% coton biologique et son int\u00e9rieur est dot\u00e9 d&rsquo;une doublure imperm\u00e9able, gardant les produits de b\u00e9b\u00e9 bien rang\u00e9s et au sec, que ce soit en voyage ou au quotidien. Compacte, r\u00e9sistante et imperm\u00e9able, cette trousse de toilette est le [&hellip;]\" \/>\n<meta property=\"og:url\" content=\"https:\/\/gloopbaby.com\/fr\/produit\/on-the-go-fr\/promenade\/trousse-de-toilette-fr\/necessaire-zebra\/\" \/>\n<meta property=\"og:site_name\" content=\"Gloop Baby\" \/>\n<meta property=\"article:modified_time\" content=\"2026-04-15T11:25:08+00:00\" \/>\n<meta property=\"og:image\" content=\"https:\/\/gloopbaby.com\/wp-content\/uploads\/2024\/02\/Gloop-SS24-0394-jpg.webp\" \/>\n\t<meta property=\"og:image:width\" content=\"1075\" \/>\n\t<meta property=\"og:image:height\" content=\"1613\" \/>\n\t<meta property=\"og:image:type\" content=\"image\/jpeg\" \/>\n<meta name=\"twitter:card\" content=\"summary_large_image\" \/>\n<meta name=\"twitter:label1\" content=\"Dur\u00e9e de lecture estim\u00e9e\" \/>\n\t<meta name=\"twitter:data1\" content=\"1 minute\" \/>\n<script type=\"application\/ld+json\" class=\"yoast-schema-graph\">{\"@context\":\"https:\\\/\\\/schema.org\",\"@graph\":[{\"@type\":\"WebPage\",\"@id\":\"https:\\\/\\\/gloopbaby.com\\\/fr\\\/produit\\\/on-the-go-fr\\\/promenade\\\/trousse-de-toilette-fr\\\/necessaire-zebra\\\/\",\"url\":\"https:\\\/\\\/gloopbaby.com\\\/fr\\\/produit\\\/on-the-go-fr\\\/promenade\\\/trousse-de-toilette-fr\\\/necessaire-zebra\\\/\",\"name\":\"N\u00e9cessaire Zebra - Gloop Baby\",\"isPartOf\":{\"@id\":\"https:\\\/\\\/gloopbaby.com\\\/fr\\\/#website\"},\"primaryImageOfPage\":{\"@id\":\"https:\\\/\\\/gloopbaby.com\\\/fr\\\/produit\\\/on-the-go-fr\\\/promenade\\\/trousse-de-toilette-fr\\\/necessaire-zebra\\\/#primaryimage\"},\"image\":{\"@id\":\"https:\\\/\\\/gloopbaby.com\\\/fr\\\/produit\\\/on-the-go-fr\\\/promenade\\\/trousse-de-toilette-fr\\\/necessaire-zebra\\\/#primaryimage\"},\"thumbnailUrl\":\"https:\\\/\\\/gloopbaby.com\\\/wp-content\\\/uploads\\\/2024\\\/02\\\/Gloop-SS24-0394-jpg.webp\",\"datePublished\":\"2024-02-16T11:40:04+00:00\",\"dateModified\":\"2026-04-15T11:25:08+00:00\",\"breadcrumb\":{\"@id\":\"https:\\\/\\\/gloopbaby.com\\\/fr\\\/produit\\\/on-the-go-fr\\\/promenade\\\/trousse-de-toilette-fr\\\/necessaire-zebra\\\/#breadcrumb\"},\"inLanguage\":\"fr-FR\",\"potentialAction\":[{\"@type\":\"ReadAction\",\"target\":[\"https:\\\/\\\/gloopbaby.com\\\/fr\\\/produit\\\/on-the-go-fr\\\/promenade\\\/trousse-de-toilette-fr\\\/necessaire-zebra\\\/\"]}]},{\"@type\":\"ImageObject\",\"inLanguage\":\"fr-FR\",\"@id\":\"https:\\\/\\\/gloopbaby.com\\\/fr\\\/produit\\\/on-the-go-fr\\\/promenade\\\/trousse-de-toilette-fr\\\/necessaire-zebra\\\/#primaryimage\",\"url\":\"https:\\\/\\\/gloopbaby.com\\\/wp-content\\\/uploads\\\/2024\\\/02\\\/Gloop-SS24-0394-jpg.webp\",\"contentUrl\":\"https:\\\/\\\/gloopbaby.com\\\/wp-content\\\/uploads\\\/2024\\\/02\\\/Gloop-SS24-0394-jpg.webp\",\"width\":1075,\"height\":1613,\"caption\":\"Necessaire em algod\u00e3o org\u00e2nico Zebra\"},{\"@type\":\"BreadcrumbList\",\"@id\":\"https:\\\/\\\/gloopbaby.com\\\/fr\\\/produit\\\/on-the-go-fr\\\/promenade\\\/trousse-de-toilette-fr\\\/necessaire-zebra\\\/#breadcrumb\",\"itemListElement\":[{\"@type\":\"ListItem\",\"position\":1,\"name\":\"In\u00edcio\",\"item\":\"https:\\\/\\\/gloopbaby.com\\\/fr\\\/\"},{\"@type\":\"ListItem\",\"position\":2,\"name\":\"Shop\",\"item\":\"https:\\\/\\\/gloopbaby.com\\\/loja\\\/\"},{\"@type\":\"ListItem\",\"position\":3,\"name\":\"N\u00e9cessaire Zebra\"}]},{\"@type\":\"WebSite\",\"@id\":\"https:\\\/\\\/gloopbaby.com\\\/fr\\\/#website\",\"url\":\"https:\\\/\\\/gloopbaby.com\\\/fr\\\/\",\"name\":\"Gloop Baby\",\"description\":\"\",\"publisher\":{\"@id\":\"https:\\\/\\\/gloopbaby.com\\\/fr\\\/#organization\"},\"potentialAction\":[{\"@type\":\"SearchAction\",\"target\":{\"@type\":\"EntryPoint\",\"urlTemplate\":\"https:\\\/\\\/gloopbaby.com\\\/fr\\\/?s={search_term_string}\"},\"query-input\":{\"@type\":\"PropertyValueSpecification\",\"valueRequired\":true,\"valueName\":\"search_term_string\"}}],\"inLanguage\":\"fr-FR\"},{\"@type\":\"Organization\",\"@id\":\"https:\\\/\\\/gloopbaby.com\\\/fr\\\/#organization\",\"name\":\"Gloop Baby\",\"url\":\"https:\\\/\\\/gloopbaby.com\\\/fr\\\/\",\"logo\":{\"@type\":\"ImageObject\",\"inLanguage\":\"fr-FR\",\"@id\":\"https:\\\/\\\/gloopbaby.com\\\/fr\\\/#\\\/schema\\\/logo\\\/image\\\/\",\"url\":\"https:\\\/\\\/gloopbaby.com\\\/wp-content\\\/uploads\\\/2023\\\/06\\\/gloop-logo.svg\",\"contentUrl\":\"https:\\\/\\\/gloopbaby.com\\\/wp-content\\\/uploads\\\/2023\\\/06\\\/gloop-logo.svg\",\"width\":100,\"height\":100,\"caption\":\"Gloop Baby\"},\"image\":{\"@id\":\"https:\\\/\\\/gloopbaby.com\\\/fr\\\/#\\\/schema\\\/logo\\\/image\\\/\"}}]}<\/script>\n<!-- \/ Yoast SEO plugin. -->","yoast_head_json":{"title":"N\u00e9cessaire Zebra - Gloop Baby","robots":{"index":"index","follow":"follow","max-snippet":"max-snippet:-1","max-image-preview":"max-image-preview:large","max-video-preview":"max-video-preview:-1"},"canonical":"https:\/\/gloopbaby.com\/fr\/produit\/on-the-go-fr\/promenade\/trousse-de-toilette-fr\/necessaire-zebra\/","og_locale":"fr_FR","og_type":"article","og_title":"N\u00e9cessaire Zebra - Gloop Baby","og_description":"Notre N\u00e9cessaire gloop! en coton biologique est id\u00e9ale pour prendre soin de b\u00e9b\u00e9. Son ext\u00e9rieur est 100% coton biologique et son int\u00e9rieur est dot\u00e9 d&rsquo;une doublure imperm\u00e9able, gardant les produits de b\u00e9b\u00e9 bien rang\u00e9s et au sec, que ce soit en voyage ou au quotidien. Compacte, r\u00e9sistante et imperm\u00e9able, cette trousse de toilette est le [&hellip;]","og_url":"https:\/\/gloopbaby.com\/fr\/produit\/on-the-go-fr\/promenade\/trousse-de-toilette-fr\/necessaire-zebra\/","og_site_name":"Gloop Baby","article_modified_time":"2026-04-15T11:25:08+00:00","og_image":[{"width":1075,"height":1613,"url":"https:\/\/gloopbaby.com\/wp-content\/uploads\/2024\/02\/Gloop-SS24-0394-jpg.webp","type":"image\/jpeg"}],"twitter_card":"summary_large_image","twitter_misc":{"Dur\u00e9e de lecture estim\u00e9e":"1 minute"},"schema":{"@context":"https:\/\/schema.org","@graph":[{"@type":"WebPage","@id":"https:\/\/gloopbaby.com\/fr\/produit\/on-the-go-fr\/promenade\/trousse-de-toilette-fr\/necessaire-zebra\/","url":"https:\/\/gloopbaby.com\/fr\/produit\/on-the-go-fr\/promenade\/trousse-de-toilette-fr\/necessaire-zebra\/","name":"N\u00e9cessaire Zebra - Gloop Baby","isPartOf":{"@id":"https:\/\/gloopbaby.com\/fr\/#website"},"primaryImageOfPage":{"@id":"https:\/\/gloopbaby.com\/fr\/produit\/on-the-go-fr\/promenade\/trousse-de-toilette-fr\/necessaire-zebra\/#primaryimage"},"image":{"@id":"https:\/\/gloopbaby.com\/fr\/produit\/on-the-go-fr\/promenade\/trousse-de-toilette-fr\/necessaire-zebra\/#primaryimage"},"thumbnailUrl":"https:\/\/gloopbaby.com\/wp-content\/uploads\/2024\/02\/Gloop-SS24-0394-jpg.webp","datePublished":"2024-02-16T11:40:04+00:00","dateModified":"2026-04-15T11:25:08+00:00","breadcrumb":{"@id":"https:\/\/gloopbaby.com\/fr\/produit\/on-the-go-fr\/promenade\/trousse-de-toilette-fr\/necessaire-zebra\/#breadcrumb"},"inLanguage":"fr-FR","potentialAction":[{"@type":"ReadAction","target":["https:\/\/gloopbaby.com\/fr\/produit\/on-the-go-fr\/promenade\/trousse-de-toilette-fr\/necessaire-zebra\/"]}]},{"@type":"ImageObject","inLanguage":"fr-FR","@id":"https:\/\/gloopbaby.com\/fr\/produit\/on-the-go-fr\/promenade\/trousse-de-toilette-fr\/necessaire-zebra\/#primaryimage","url":"https:\/\/gloopbaby.com\/wp-content\/uploads\/2024\/02\/Gloop-SS24-0394-jpg.webp","contentUrl":"https:\/\/gloopbaby.com\/wp-content\/uploads\/2024\/02\/Gloop-SS24-0394-jpg.webp","width":1075,"height":1613,"caption":"Necessaire em algod\u00e3o org\u00e2nico Zebra"},{"@type":"BreadcrumbList","@id":"https:\/\/gloopbaby.com\/fr\/produit\/on-the-go-fr\/promenade\/trousse-de-toilette-fr\/necessaire-zebra\/#breadcrumb","itemListElement":[{"@type":"ListItem","position":1,"name":"In\u00edcio","item":"https:\/\/gloopbaby.com\/fr\/"},{"@type":"ListItem","position":2,"name":"Shop","item":"https:\/\/gloopbaby.com\/loja\/"},{"@type":"ListItem","position":3,"name":"N\u00e9cessaire Zebra"}]},{"@type":"WebSite","@id":"https:\/\/gloopbaby.com\/fr\/#website","url":"https:\/\/gloopbaby.com\/fr\/","name":"Gloop Baby","description":"","publisher":{"@id":"https:\/\/gloopbaby.com\/fr\/#organization"},"potentialAction":[{"@type":"SearchAction","target":{"@type":"EntryPoint","urlTemplate":"https:\/\/gloopbaby.com\/fr\/?s={search_term_string}"},"query-input":{"@type":"PropertyValueSpecification","valueRequired":true,"valueName":"search_term_string"}}],"inLanguage":"fr-FR"},{"@type":"Organization","@id":"https:\/\/gloopbaby.com\/fr\/#organization","name":"Gloop Baby","url":"https:\/\/gloopbaby.com\/fr\/","logo":{"@type":"ImageObject","inLanguage":"fr-FR","@id":"https:\/\/gloopbaby.com\/fr\/#\/schema\/logo\/image\/","url":"https:\/\/gloopbaby.com\/wp-content\/uploads\/2023\/06\/gloop-logo.svg","contentUrl":"https:\/\/gloopbaby.com\/wp-content\/uploads\/2023\/06\/gloop-logo.svg","width":100,"height":100,"caption":"Gloop Baby"},"image":{"@id":"https:\/\/gloopbaby.com\/fr\/#\/schema\/logo\/image\/"}}]}},"_links":{"self":[{"href":"https:\/\/gloopbaby.com\/fr\/wp-json\/wp\/v2\/product\/108592","targetHints":{"allow":["GET"]}}],"collection":[{"href":"https:\/\/gloopbaby.com\/fr\/wp-json\/wp\/v2\/product"}],"about":[{"href":"https:\/\/gloopbaby.com\/fr\/wp-json\/wp\/v2\/types\/product"}],"replies":[{"embeddable":true,"href":"https:\/\/gloopbaby.com\/fr\/wp-json\/wp\/v2\/comments?post=108592"}],"wp:featuredmedia":[{"embeddable":true,"href":"https:\/\/gloopbaby.com\/fr\/wp-json\/wp\/v2\/media\/109182"}],"wp:attachment":[{"href":"https:\/\/gloopbaby.com\/fr\/wp-json\/wp\/v2\/media?parent=108592"}],"wp:term":[{"taxonomy":"product_brand","embeddable":true,"href":"https:\/\/gloopbaby.com\/fr\/wp-json\/wp\/v2\/product_brand?post=108592"},{"taxonomy":"product_cat","embeddable":true,"href":"https:\/\/gloopbaby.com\/fr\/wp-json\/wp\/v2\/product_cat?post=108592"},{"taxonomy":"product_tag","embeddable":true,"href":"https:\/\/gloopbaby.com\/fr\/wp-json\/wp\/v2\/product_tag?post=108592"}],"curies":[{"name":"wp","href":"https:\/\/api.w.org\/{rel}","templated":true}]}}