{"id":108476,"date":"2024-02-15T16:14:15","date_gmt":"2024-02-15T16:14:15","guid":{"rendered":"https:\/\/gloopbaby.com\/?post_type=product&#038;p=108476"},"modified":"2026-01-14T08:52:07","modified_gmt":"2026-01-14T08:52:07","slug":"set-de-2-gloop-lange-mousseline-de-coton-110x110cm-zebra","status":"publish","type":"product","link":"https:\/\/gloopbaby.com\/fr\/produit\/collections-fr\/zebra-fr\/set-de-2-gloop-lange-mousseline-de-coton-110x110cm-zebra\/","title":{"rendered":"Set de 2 gloop! Lange Mousseline de coton 100x100cm Zebra"},"content":{"rendered":"<p>Indispensable pour maman les langes gloop! 100x100cm vous accompagneront \u00e0 travers tous vos moments de vie avec b\u00e9b\u00e9. Nos langes sont certifi\u00e9s 100% bio et \u00e9cologique. Fabriqu\u00e9 au Portugal ils sont non allerg\u00e8nes et sans m\u00e9taux lourds. Conseil utilisation : A chaque lavage plus de douceur! Nous vous conseillons de les laver avant une premi\u00e8re utilisation.<\/p>\n","protected":false},"excerpt":{"rendered":"<p>Indispensable pour maman les langes gloop! 100x100cm vous accompagneront \u00e0 travers tous vos moments de vie avec b\u00e9b\u00e9. Nos langes sont certifi\u00e9s 100% bio et \u00e9cologique. Fabriqu\u00e9 au Portugal ils sont non allerg\u00e8nes et sans m\u00e9taux lourds. Conseil utilisation : A chaque lavage plus de douceur! Nous vous conseillons de les laver avant une premi\u00e8re [&hellip;]<\/p>\n","protected":false},"featured_media":109323,"comment_status":"closed","ping_status":"closed","template":"","meta":{"_acf_changed":false},"product_brand":[],"product_cat":[1404,1582,1406,1405,1693],"product_tag":[],"class_list":{"0":"post-108476","1":"product","2":"type-product","3":"status-publish","4":"has-post-thumbnail","6":"product_cat-bain-et-nursery-fr","7":"product_cat-collections-fr","8":"product_cat-lange-mousseline-de-cotton-110x110cm-fr","9":"product_cat-lange-mousseline-de-cotton-fr","10":"product_cat-zebra-fr","12":"first","13":"instock","14":"taxable","15":"shipping-taxable","16":"purchasable","17":"product-type-simple"},"acf":[],"yoast_head":"<!-- This site is optimized with the Yoast SEO plugin v27.3 - https:\/\/yoast.com\/product\/yoast-seo-wordpress\/ -->\n<title>Set de 2 gloop! Lange Mousseline de coton 100x100cm Zebra - Gloop Baby<\/title>\n<meta name=\"robots\" content=\"index, follow, max-snippet:-1, max-image-preview:large, max-video-preview:-1\" \/>\n<link rel=\"canonical\" href=\"https:\/\/gloopbaby.com\/fr\/produit\/collections-fr\/zebra-fr\/set-de-2-gloop-lange-mousseline-de-coton-110x110cm-zebra\/\" \/>\n<meta property=\"og:locale\" content=\"fr_FR\" \/>\n<meta property=\"og:type\" content=\"article\" \/>\n<meta property=\"og:title\" content=\"Set de 2 gloop! Lange Mousseline de coton 100x100cm Zebra - Gloop Baby\" \/>\n<meta property=\"og:description\" content=\"Indispensable pour maman les langes gloop! 100x100cm vous accompagneront \u00e0 travers tous vos moments de vie avec b\u00e9b\u00e9. Nos langes sont certifi\u00e9s 100% bio et \u00e9cologique. Fabriqu\u00e9 au Portugal ils sont non allerg\u00e8nes et sans m\u00e9taux lourds. Conseil utilisation : A chaque lavage plus de douceur! Nous vous conseillons de les laver avant une premi\u00e8re [&hellip;]\" \/>\n<meta property=\"og:url\" content=\"https:\/\/gloopbaby.com\/fr\/produit\/collections-fr\/zebra-fr\/set-de-2-gloop-lange-mousseline-de-coton-110x110cm-zebra\/\" \/>\n<meta property=\"og:site_name\" content=\"Gloop Baby\" \/>\n<meta property=\"article:modified_time\" content=\"2026-01-14T08:52:07+00:00\" \/>\n<meta property=\"og:image\" content=\"https:\/\/gloopbaby.com\/wp-content\/uploads\/2024\/02\/Gloop-SS24-0545-jpg.webp\" \/>\n\t<meta property=\"og:image:width\" content=\"1075\" \/>\n\t<meta property=\"og:image:height\" content=\"1613\" \/>\n\t<meta property=\"og:image:type\" content=\"image\/jpeg\" \/>\n<meta name=\"twitter:card\" content=\"summary_large_image\" \/>\n<meta name=\"twitter:label1\" content=\"Dur\u00e9e de lecture estim\u00e9e\" \/>\n\t<meta name=\"twitter:data1\" content=\"1 minute\" \/>\n<script type=\"application\/ld+json\" class=\"yoast-schema-graph\">{\"@context\":\"https:\\\/\\\/schema.org\",\"@graph\":[{\"@type\":\"WebPage\",\"@id\":\"https:\\\/\\\/gloopbaby.com\\\/fr\\\/produit\\\/collections-fr\\\/zebra-fr\\\/set-de-2-gloop-lange-mousseline-de-coton-110x110cm-zebra\\\/\",\"url\":\"https:\\\/\\\/gloopbaby.com\\\/fr\\\/produit\\\/collections-fr\\\/zebra-fr\\\/set-de-2-gloop-lange-mousseline-de-coton-110x110cm-zebra\\\/\",\"name\":\"Set de 2 gloop! Lange Mousseline de coton 100x100cm Zebra - Gloop Baby\",\"isPartOf\":{\"@id\":\"https:\\\/\\\/gloopbaby.com\\\/fr\\\/#website\"},\"primaryImageOfPage\":{\"@id\":\"https:\\\/\\\/gloopbaby.com\\\/fr\\\/produit\\\/collections-fr\\\/zebra-fr\\\/set-de-2-gloop-lange-mousseline-de-coton-110x110cm-zebra\\\/#primaryimage\"},\"image\":{\"@id\":\"https:\\\/\\\/gloopbaby.com\\\/fr\\\/produit\\\/collections-fr\\\/zebra-fr\\\/set-de-2-gloop-lange-mousseline-de-coton-110x110cm-zebra\\\/#primaryimage\"},\"thumbnailUrl\":\"https:\\\/\\\/gloopbaby.com\\\/wp-content\\\/uploads\\\/2024\\\/02\\\/Gloop-SS24-0545-jpg.webp\",\"datePublished\":\"2024-02-15T16:14:15+00:00\",\"dateModified\":\"2026-01-14T08:52:07+00:00\",\"breadcrumb\":{\"@id\":\"https:\\\/\\\/gloopbaby.com\\\/fr\\\/produit\\\/collections-fr\\\/zebra-fr\\\/set-de-2-gloop-lange-mousseline-de-coton-110x110cm-zebra\\\/#breadcrumb\"},\"inLanguage\":\"fr-FR\",\"potentialAction\":[{\"@type\":\"ReadAction\",\"target\":[\"https:\\\/\\\/gloopbaby.com\\\/fr\\\/produit\\\/collections-fr\\\/zebra-fr\\\/set-de-2-gloop-lange-mousseline-de-coton-110x110cm-zebra\\\/\"]}]},{\"@type\":\"ImageObject\",\"inLanguage\":\"fr-FR\",\"@id\":\"https:\\\/\\\/gloopbaby.com\\\/fr\\\/produit\\\/collections-fr\\\/zebra-fr\\\/set-de-2-gloop-lange-mousseline-de-coton-110x110cm-zebra\\\/#primaryimage\",\"url\":\"https:\\\/\\\/gloopbaby.com\\\/wp-content\\\/uploads\\\/2024\\\/02\\\/Gloop-SS24-0545-jpg.webp\",\"contentUrl\":\"https:\\\/\\\/gloopbaby.com\\\/wp-content\\\/uploads\\\/2024\\\/02\\\/Gloop-SS24-0545-jpg.webp\",\"width\":1075,\"height\":1613,\"caption\":\"Fralda gloop zebra em algod\u00e3o org\u00e2nico\"},{\"@type\":\"BreadcrumbList\",\"@id\":\"https:\\\/\\\/gloopbaby.com\\\/fr\\\/produit\\\/collections-fr\\\/zebra-fr\\\/set-de-2-gloop-lange-mousseline-de-coton-110x110cm-zebra\\\/#breadcrumb\",\"itemListElement\":[{\"@type\":\"ListItem\",\"position\":1,\"name\":\"In\u00edcio\",\"item\":\"https:\\\/\\\/gloopbaby.com\\\/fr\\\/\"},{\"@type\":\"ListItem\",\"position\":2,\"name\":\"Shop\",\"item\":\"https:\\\/\\\/gloopbaby.com\\\/loja\\\/\"},{\"@type\":\"ListItem\",\"position\":3,\"name\":\"Set de 2 gloop! Lange Mousseline de coton 100x100cm Zebra\"}]},{\"@type\":\"WebSite\",\"@id\":\"https:\\\/\\\/gloopbaby.com\\\/fr\\\/#website\",\"url\":\"https:\\\/\\\/gloopbaby.com\\\/fr\\\/\",\"name\":\"Gloop Baby\",\"description\":\"\",\"publisher\":{\"@id\":\"https:\\\/\\\/gloopbaby.com\\\/fr\\\/#organization\"},\"potentialAction\":[{\"@type\":\"SearchAction\",\"target\":{\"@type\":\"EntryPoint\",\"urlTemplate\":\"https:\\\/\\\/gloopbaby.com\\\/fr\\\/?s={search_term_string}\"},\"query-input\":{\"@type\":\"PropertyValueSpecification\",\"valueRequired\":true,\"valueName\":\"search_term_string\"}}],\"inLanguage\":\"fr-FR\"},{\"@type\":\"Organization\",\"@id\":\"https:\\\/\\\/gloopbaby.com\\\/fr\\\/#organization\",\"name\":\"Gloop Baby\",\"url\":\"https:\\\/\\\/gloopbaby.com\\\/fr\\\/\",\"logo\":{\"@type\":\"ImageObject\",\"inLanguage\":\"fr-FR\",\"@id\":\"https:\\\/\\\/gloopbaby.com\\\/fr\\\/#\\\/schema\\\/logo\\\/image\\\/\",\"url\":\"https:\\\/\\\/gloopbaby.com\\\/wp-content\\\/uploads\\\/2023\\\/06\\\/gloop-logo.svg\",\"contentUrl\":\"https:\\\/\\\/gloopbaby.com\\\/wp-content\\\/uploads\\\/2023\\\/06\\\/gloop-logo.svg\",\"width\":100,\"height\":100,\"caption\":\"Gloop Baby\"},\"image\":{\"@id\":\"https:\\\/\\\/gloopbaby.com\\\/fr\\\/#\\\/schema\\\/logo\\\/image\\\/\"}}]}<\/script>\n<!-- \/ Yoast SEO plugin. -->","yoast_head_json":{"title":"Set de 2 gloop! Lange Mousseline de coton 100x100cm Zebra - Gloop Baby","robots":{"index":"index","follow":"follow","max-snippet":"max-snippet:-1","max-image-preview":"max-image-preview:large","max-video-preview":"max-video-preview:-1"},"canonical":"https:\/\/gloopbaby.com\/fr\/produit\/collections-fr\/zebra-fr\/set-de-2-gloop-lange-mousseline-de-coton-110x110cm-zebra\/","og_locale":"fr_FR","og_type":"article","og_title":"Set de 2 gloop! Lange Mousseline de coton 100x100cm Zebra - Gloop Baby","og_description":"Indispensable pour maman les langes gloop! 100x100cm vous accompagneront \u00e0 travers tous vos moments de vie avec b\u00e9b\u00e9. Nos langes sont certifi\u00e9s 100% bio et \u00e9cologique. Fabriqu\u00e9 au Portugal ils sont non allerg\u00e8nes et sans m\u00e9taux lourds. Conseil utilisation : A chaque lavage plus de douceur! Nous vous conseillons de les laver avant une premi\u00e8re [&hellip;]","og_url":"https:\/\/gloopbaby.com\/fr\/produit\/collections-fr\/zebra-fr\/set-de-2-gloop-lange-mousseline-de-coton-110x110cm-zebra\/","og_site_name":"Gloop Baby","article_modified_time":"2026-01-14T08:52:07+00:00","og_image":[{"width":1075,"height":1613,"url":"https:\/\/gloopbaby.com\/wp-content\/uploads\/2024\/02\/Gloop-SS24-0545-jpg.webp","type":"image\/jpeg"}],"twitter_card":"summary_large_image","twitter_misc":{"Dur\u00e9e de lecture estim\u00e9e":"1 minute"},"schema":{"@context":"https:\/\/schema.org","@graph":[{"@type":"WebPage","@id":"https:\/\/gloopbaby.com\/fr\/produit\/collections-fr\/zebra-fr\/set-de-2-gloop-lange-mousseline-de-coton-110x110cm-zebra\/","url":"https:\/\/gloopbaby.com\/fr\/produit\/collections-fr\/zebra-fr\/set-de-2-gloop-lange-mousseline-de-coton-110x110cm-zebra\/","name":"Set de 2 gloop! Lange Mousseline de coton 100x100cm Zebra - Gloop Baby","isPartOf":{"@id":"https:\/\/gloopbaby.com\/fr\/#website"},"primaryImageOfPage":{"@id":"https:\/\/gloopbaby.com\/fr\/produit\/collections-fr\/zebra-fr\/set-de-2-gloop-lange-mousseline-de-coton-110x110cm-zebra\/#primaryimage"},"image":{"@id":"https:\/\/gloopbaby.com\/fr\/produit\/collections-fr\/zebra-fr\/set-de-2-gloop-lange-mousseline-de-coton-110x110cm-zebra\/#primaryimage"},"thumbnailUrl":"https:\/\/gloopbaby.com\/wp-content\/uploads\/2024\/02\/Gloop-SS24-0545-jpg.webp","datePublished":"2024-02-15T16:14:15+00:00","dateModified":"2026-01-14T08:52:07+00:00","breadcrumb":{"@id":"https:\/\/gloopbaby.com\/fr\/produit\/collections-fr\/zebra-fr\/set-de-2-gloop-lange-mousseline-de-coton-110x110cm-zebra\/#breadcrumb"},"inLanguage":"fr-FR","potentialAction":[{"@type":"ReadAction","target":["https:\/\/gloopbaby.com\/fr\/produit\/collections-fr\/zebra-fr\/set-de-2-gloop-lange-mousseline-de-coton-110x110cm-zebra\/"]}]},{"@type":"ImageObject","inLanguage":"fr-FR","@id":"https:\/\/gloopbaby.com\/fr\/produit\/collections-fr\/zebra-fr\/set-de-2-gloop-lange-mousseline-de-coton-110x110cm-zebra\/#primaryimage","url":"https:\/\/gloopbaby.com\/wp-content\/uploads\/2024\/02\/Gloop-SS24-0545-jpg.webp","contentUrl":"https:\/\/gloopbaby.com\/wp-content\/uploads\/2024\/02\/Gloop-SS24-0545-jpg.webp","width":1075,"height":1613,"caption":"Fralda gloop zebra em algod\u00e3o org\u00e2nico"},{"@type":"BreadcrumbList","@id":"https:\/\/gloopbaby.com\/fr\/produit\/collections-fr\/zebra-fr\/set-de-2-gloop-lange-mousseline-de-coton-110x110cm-zebra\/#breadcrumb","itemListElement":[{"@type":"ListItem","position":1,"name":"In\u00edcio","item":"https:\/\/gloopbaby.com\/fr\/"},{"@type":"ListItem","position":2,"name":"Shop","item":"https:\/\/gloopbaby.com\/loja\/"},{"@type":"ListItem","position":3,"name":"Set de 2 gloop! Lange Mousseline de coton 100x100cm Zebra"}]},{"@type":"WebSite","@id":"https:\/\/gloopbaby.com\/fr\/#website","url":"https:\/\/gloopbaby.com\/fr\/","name":"Gloop Baby","description":"","publisher":{"@id":"https:\/\/gloopbaby.com\/fr\/#organization"},"potentialAction":[{"@type":"SearchAction","target":{"@type":"EntryPoint","urlTemplate":"https:\/\/gloopbaby.com\/fr\/?s={search_term_string}"},"query-input":{"@type":"PropertyValueSpecification","valueRequired":true,"valueName":"search_term_string"}}],"inLanguage":"fr-FR"},{"@type":"Organization","@id":"https:\/\/gloopbaby.com\/fr\/#organization","name":"Gloop Baby","url":"https:\/\/gloopbaby.com\/fr\/","logo":{"@type":"ImageObject","inLanguage":"fr-FR","@id":"https:\/\/gloopbaby.com\/fr\/#\/schema\/logo\/image\/","url":"https:\/\/gloopbaby.com\/wp-content\/uploads\/2023\/06\/gloop-logo.svg","contentUrl":"https:\/\/gloopbaby.com\/wp-content\/uploads\/2023\/06\/gloop-logo.svg","width":100,"height":100,"caption":"Gloop Baby"},"image":{"@id":"https:\/\/gloopbaby.com\/fr\/#\/schema\/logo\/image\/"}}]}},"_links":{"self":[{"href":"https:\/\/gloopbaby.com\/fr\/wp-json\/wp\/v2\/product\/108476","targetHints":{"allow":["GET"]}}],"collection":[{"href":"https:\/\/gloopbaby.com\/fr\/wp-json\/wp\/v2\/product"}],"about":[{"href":"https:\/\/gloopbaby.com\/fr\/wp-json\/wp\/v2\/types\/product"}],"replies":[{"embeddable":true,"href":"https:\/\/gloopbaby.com\/fr\/wp-json\/wp\/v2\/comments?post=108476"}],"wp:featuredmedia":[{"embeddable":true,"href":"https:\/\/gloopbaby.com\/fr\/wp-json\/wp\/v2\/media\/109323"}],"wp:attachment":[{"href":"https:\/\/gloopbaby.com\/fr\/wp-json\/wp\/v2\/media?parent=108476"}],"wp:term":[{"taxonomy":"product_brand","embeddable":true,"href":"https:\/\/gloopbaby.com\/fr\/wp-json\/wp\/v2\/product_brand?post=108476"},{"taxonomy":"product_cat","embeddable":true,"href":"https:\/\/gloopbaby.com\/fr\/wp-json\/wp\/v2\/product_cat?post=108476"},{"taxonomy":"product_tag","embeddable":true,"href":"https:\/\/gloopbaby.com\/fr\/wp-json\/wp\/v2\/product_tag?post=108476"}],"curies":[{"name":"wp","href":"https:\/\/api.w.org\/{rel}","templated":true}]}}