{"id":108456,"date":"2024-02-15T15:43:04","date_gmt":"2024-02-15T15:43:04","guid":{"rendered":"https:\/\/gloopbaby.com\/?post_type=product&#038;p=108456"},"modified":"2026-04-14T14:23:13","modified_gmt":"2026-04-14T14:23:13","slug":"panier-bebe-zebra","status":"publish","type":"product","link":"https:\/\/gloopbaby.com\/fr\/produit\/collections-fr\/zebra-fr\/panier-bebe-zebra\/","title":{"rendered":"Panier B\u00e9b\u00e9 Zebra"},"content":{"rendered":"<p><span class=\"Y2IQFc\" lang=\"fr\">Le panier de rangement pour b\u00e9b\u00e9 en coton biologique gloop! est id\u00e9al pour garder la chambre de b\u00e9b\u00e9 propre et bien rang\u00e9e. Parfait pour ranger cr\u00e8mes, couches et petits accessoires du quotidien, ce panier allie praticit\u00e9 et design. <\/span><\/p>\n<p><span class=\"Y2IQFc\" lang=\"fr\">L&rsquo;ext\u00e9rieur est en coton 100% biologique certifi\u00e9 et l&rsquo;int\u00e9rieur en polyester, pour une durabilit\u00e9 optimale. <\/span><\/p>\n<p><span class=\"Y2IQFc\" lang=\"fr\">Fabriqu\u00e9 au Portugal avec du coton 100% biologique certifi\u00e9, il est doux pour la peau sensible de b\u00e9b\u00e9 et respectueux de l&rsquo;environnement. <\/span><\/p>\n<p><span class=\"Y2IQFc\" lang=\"fr\"><strong>Caract\u00e9ristiques principales: <\/strong><\/span><\/p>\n<p><span class=\"Y2IQFc\" lang=\"fr\">Pratique <\/span><\/p>\n<p><span class=\"Y2IQFc\" lang=\"fr\">Dimensions: 20x25cm <\/span><\/p>\n<p><span class=\"Y2IQFc\" lang=\"fr\">Ext\u00e9rieur: 100% coton biologique certifi\u00e9<\/span><\/p>\n<p>Int\u00e9rieur: 100% polyester<\/p>\n<p>Fabriqu\u00e9 au Portugal<\/p>\n<p>D\u00e9couvrez l&rsquo;alliance parfaite de la qualit\u00e9, du confort et du d\u00e9veloppement durable.<\/p>\n<p>Produit \u00e9cologique, sans substances chimiques nocives. Id\u00e9al pour les parents soucieux du bien-\u00eatre de leur b\u00e9b\u00e9 et de la plan\u00e8te.<\/p>\n","protected":false},"excerpt":{"rendered":"<p>Le panier de rangement pour b\u00e9b\u00e9 en coton biologique gloop! est id\u00e9al pour garder la chambre de b\u00e9b\u00e9 propre et bien rang\u00e9e. Parfait pour ranger cr\u00e8mes, couches et petits accessoires du quotidien, ce panier allie praticit\u00e9 et design. L&rsquo;ext\u00e9rieur est en coton 100% biologique certifi\u00e9 et l&rsquo;int\u00e9rieur en polyester, pour une durabilit\u00e9 optimale. Fabriqu\u00e9 au [&hellip;]<\/p>\n","protected":false},"featured_media":109353,"comment_status":"closed","ping_status":"closed","template":"","meta":{"_acf_changed":false},"product_brand":[],"product_cat":[1404,1582,1500,1501,1693],"product_tag":[],"class_list":{"0":"post-108456","1":"product","2":"type-product","3":"status-publish","4":"has-post-thumbnail","6":"product_cat-bain-et-nursery-fr","7":"product_cat-collections-fr","8":"product_cat-matelas-a-langer","9":"product_cat-panier-rangement","10":"product_cat-zebra-fr","12":"first","13":"instock","14":"sale","15":"taxable","16":"shipping-taxable","17":"purchasable","18":"product-type-simple"},"acf":[],"yoast_head":"<!-- This site is optimized with the Yoast SEO plugin v27.4 - https:\/\/yoast.com\/product\/yoast-seo-wordpress\/ -->\n<title>Panier B\u00e9b\u00e9 Zebra - Gloop Baby<\/title>\n<meta name=\"robots\" content=\"index, follow, max-snippet:-1, max-image-preview:large, max-video-preview:-1\" \/>\n<link rel=\"canonical\" href=\"https:\/\/gloopbaby.com\/fr\/produit\/collections-fr\/zebra-fr\/panier-bebe-zebra\/\" \/>\n<meta property=\"og:locale\" content=\"fr_FR\" \/>\n<meta property=\"og:type\" content=\"article\" \/>\n<meta property=\"og:title\" content=\"Panier B\u00e9b\u00e9 Zebra - Gloop Baby\" \/>\n<meta property=\"og:description\" content=\"Le panier de rangement pour b\u00e9b\u00e9 en coton biologique gloop! est id\u00e9al pour garder la chambre de b\u00e9b\u00e9 propre et bien rang\u00e9e. Parfait pour ranger cr\u00e8mes, couches et petits accessoires du quotidien, ce panier allie praticit\u00e9 et design. L&rsquo;ext\u00e9rieur est en coton 100% biologique certifi\u00e9 et l&rsquo;int\u00e9rieur en polyester, pour une durabilit\u00e9 optimale. Fabriqu\u00e9 au [&hellip;]\" \/>\n<meta property=\"og:url\" content=\"https:\/\/gloopbaby.com\/fr\/produit\/collections-fr\/zebra-fr\/panier-bebe-zebra\/\" \/>\n<meta property=\"og:site_name\" content=\"Gloop Baby\" \/>\n<meta property=\"article:modified_time\" content=\"2026-04-14T14:23:13+00:00\" \/>\n<meta property=\"og:image\" content=\"https:\/\/gloopbaby.com\/wp-content\/uploads\/2024\/02\/Gloop-SS24-0562-jpg.webp\" \/>\n\t<meta property=\"og:image:width\" content=\"1075\" \/>\n\t<meta property=\"og:image:height\" content=\"1613\" \/>\n\t<meta property=\"og:image:type\" content=\"image\/jpeg\" \/>\n<meta name=\"twitter:card\" content=\"summary_large_image\" \/>\n<meta name=\"twitter:label1\" content=\"Dur\u00e9e de lecture estim\u00e9e\" \/>\n\t<meta name=\"twitter:data1\" content=\"1 minute\" \/>\n<script type=\"application\/ld+json\" class=\"yoast-schema-graph\">{\"@context\":\"https:\\\/\\\/schema.org\",\"@graph\":[{\"@type\":\"WebPage\",\"@id\":\"https:\\\/\\\/gloopbaby.com\\\/fr\\\/produit\\\/collections-fr\\\/zebra-fr\\\/panier-bebe-zebra\\\/\",\"url\":\"https:\\\/\\\/gloopbaby.com\\\/fr\\\/produit\\\/collections-fr\\\/zebra-fr\\\/panier-bebe-zebra\\\/\",\"name\":\"Panier B\u00e9b\u00e9 Zebra - Gloop Baby\",\"isPartOf\":{\"@id\":\"https:\\\/\\\/gloopbaby.com\\\/fr\\\/#website\"},\"primaryImageOfPage\":{\"@id\":\"https:\\\/\\\/gloopbaby.com\\\/fr\\\/produit\\\/collections-fr\\\/zebra-fr\\\/panier-bebe-zebra\\\/#primaryimage\"},\"image\":{\"@id\":\"https:\\\/\\\/gloopbaby.com\\\/fr\\\/produit\\\/collections-fr\\\/zebra-fr\\\/panier-bebe-zebra\\\/#primaryimage\"},\"thumbnailUrl\":\"https:\\\/\\\/gloopbaby.com\\\/wp-content\\\/uploads\\\/2024\\\/02\\\/Gloop-SS24-0562-jpg.webp\",\"datePublished\":\"2024-02-15T15:43:04+00:00\",\"dateModified\":\"2026-04-14T14:23:13+00:00\",\"breadcrumb\":{\"@id\":\"https:\\\/\\\/gloopbaby.com\\\/fr\\\/produit\\\/collections-fr\\\/zebra-fr\\\/panier-bebe-zebra\\\/#breadcrumb\"},\"inLanguage\":\"fr-FR\",\"potentialAction\":[{\"@type\":\"ReadAction\",\"target\":[\"https:\\\/\\\/gloopbaby.com\\\/fr\\\/produit\\\/collections-fr\\\/zebra-fr\\\/panier-bebe-zebra\\\/\"]}]},{\"@type\":\"ImageObject\",\"inLanguage\":\"fr-FR\",\"@id\":\"https:\\\/\\\/gloopbaby.com\\\/fr\\\/produit\\\/collections-fr\\\/zebra-fr\\\/panier-bebe-zebra\\\/#primaryimage\",\"url\":\"https:\\\/\\\/gloopbaby.com\\\/wp-content\\\/uploads\\\/2024\\\/02\\\/Gloop-SS24-0562-jpg.webp\",\"contentUrl\":\"https:\\\/\\\/gloopbaby.com\\\/wp-content\\\/uploads\\\/2024\\\/02\\\/Gloop-SS24-0562-jpg.webp\",\"width\":1075,\"height\":1613,\"caption\":\"Cesta organizadora zebra em algod\u00e3o org\u00e2nico\"},{\"@type\":\"BreadcrumbList\",\"@id\":\"https:\\\/\\\/gloopbaby.com\\\/fr\\\/produit\\\/collections-fr\\\/zebra-fr\\\/panier-bebe-zebra\\\/#breadcrumb\",\"itemListElement\":[{\"@type\":\"ListItem\",\"position\":1,\"name\":\"In\u00edcio\",\"item\":\"https:\\\/\\\/gloopbaby.com\\\/fr\\\/\"},{\"@type\":\"ListItem\",\"position\":2,\"name\":\"Shop\",\"item\":\"https:\\\/\\\/gloopbaby.com\\\/loja\\\/\"},{\"@type\":\"ListItem\",\"position\":3,\"name\":\"Panier B\u00e9b\u00e9 Zebra\"}]},{\"@type\":\"WebSite\",\"@id\":\"https:\\\/\\\/gloopbaby.com\\\/fr\\\/#website\",\"url\":\"https:\\\/\\\/gloopbaby.com\\\/fr\\\/\",\"name\":\"Gloop Baby\",\"description\":\"\",\"publisher\":{\"@id\":\"https:\\\/\\\/gloopbaby.com\\\/fr\\\/#organization\"},\"potentialAction\":[{\"@type\":\"SearchAction\",\"target\":{\"@type\":\"EntryPoint\",\"urlTemplate\":\"https:\\\/\\\/gloopbaby.com\\\/fr\\\/?s={search_term_string}\"},\"query-input\":{\"@type\":\"PropertyValueSpecification\",\"valueRequired\":true,\"valueName\":\"search_term_string\"}}],\"inLanguage\":\"fr-FR\"},{\"@type\":\"Organization\",\"@id\":\"https:\\\/\\\/gloopbaby.com\\\/fr\\\/#organization\",\"name\":\"Gloop Baby\",\"url\":\"https:\\\/\\\/gloopbaby.com\\\/fr\\\/\",\"logo\":{\"@type\":\"ImageObject\",\"inLanguage\":\"fr-FR\",\"@id\":\"https:\\\/\\\/gloopbaby.com\\\/fr\\\/#\\\/schema\\\/logo\\\/image\\\/\",\"url\":\"https:\\\/\\\/gloopbaby.com\\\/wp-content\\\/uploads\\\/2023\\\/06\\\/gloop-logo.svg\",\"contentUrl\":\"https:\\\/\\\/gloopbaby.com\\\/wp-content\\\/uploads\\\/2023\\\/06\\\/gloop-logo.svg\",\"width\":100,\"height\":100,\"caption\":\"Gloop Baby\"},\"image\":{\"@id\":\"https:\\\/\\\/gloopbaby.com\\\/fr\\\/#\\\/schema\\\/logo\\\/image\\\/\"}}]}<\/script>\n<!-- \/ Yoast SEO plugin. -->","yoast_head_json":{"title":"Panier B\u00e9b\u00e9 Zebra - Gloop Baby","robots":{"index":"index","follow":"follow","max-snippet":"max-snippet:-1","max-image-preview":"max-image-preview:large","max-video-preview":"max-video-preview:-1"},"canonical":"https:\/\/gloopbaby.com\/fr\/produit\/collections-fr\/zebra-fr\/panier-bebe-zebra\/","og_locale":"fr_FR","og_type":"article","og_title":"Panier B\u00e9b\u00e9 Zebra - Gloop Baby","og_description":"Le panier de rangement pour b\u00e9b\u00e9 en coton biologique gloop! est id\u00e9al pour garder la chambre de b\u00e9b\u00e9 propre et bien rang\u00e9e. Parfait pour ranger cr\u00e8mes, couches et petits accessoires du quotidien, ce panier allie praticit\u00e9 et design. L&rsquo;ext\u00e9rieur est en coton 100% biologique certifi\u00e9 et l&rsquo;int\u00e9rieur en polyester, pour une durabilit\u00e9 optimale. Fabriqu\u00e9 au [&hellip;]","og_url":"https:\/\/gloopbaby.com\/fr\/produit\/collections-fr\/zebra-fr\/panier-bebe-zebra\/","og_site_name":"Gloop Baby","article_modified_time":"2026-04-14T14:23:13+00:00","og_image":[{"width":1075,"height":1613,"url":"https:\/\/gloopbaby.com\/wp-content\/uploads\/2024\/02\/Gloop-SS24-0562-jpg.webp","type":"image\/jpeg"}],"twitter_card":"summary_large_image","twitter_misc":{"Dur\u00e9e de lecture estim\u00e9e":"1 minute"},"schema":{"@context":"https:\/\/schema.org","@graph":[{"@type":"WebPage","@id":"https:\/\/gloopbaby.com\/fr\/produit\/collections-fr\/zebra-fr\/panier-bebe-zebra\/","url":"https:\/\/gloopbaby.com\/fr\/produit\/collections-fr\/zebra-fr\/panier-bebe-zebra\/","name":"Panier B\u00e9b\u00e9 Zebra - Gloop Baby","isPartOf":{"@id":"https:\/\/gloopbaby.com\/fr\/#website"},"primaryImageOfPage":{"@id":"https:\/\/gloopbaby.com\/fr\/produit\/collections-fr\/zebra-fr\/panier-bebe-zebra\/#primaryimage"},"image":{"@id":"https:\/\/gloopbaby.com\/fr\/produit\/collections-fr\/zebra-fr\/panier-bebe-zebra\/#primaryimage"},"thumbnailUrl":"https:\/\/gloopbaby.com\/wp-content\/uploads\/2024\/02\/Gloop-SS24-0562-jpg.webp","datePublished":"2024-02-15T15:43:04+00:00","dateModified":"2026-04-14T14:23:13+00:00","breadcrumb":{"@id":"https:\/\/gloopbaby.com\/fr\/produit\/collections-fr\/zebra-fr\/panier-bebe-zebra\/#breadcrumb"},"inLanguage":"fr-FR","potentialAction":[{"@type":"ReadAction","target":["https:\/\/gloopbaby.com\/fr\/produit\/collections-fr\/zebra-fr\/panier-bebe-zebra\/"]}]},{"@type":"ImageObject","inLanguage":"fr-FR","@id":"https:\/\/gloopbaby.com\/fr\/produit\/collections-fr\/zebra-fr\/panier-bebe-zebra\/#primaryimage","url":"https:\/\/gloopbaby.com\/wp-content\/uploads\/2024\/02\/Gloop-SS24-0562-jpg.webp","contentUrl":"https:\/\/gloopbaby.com\/wp-content\/uploads\/2024\/02\/Gloop-SS24-0562-jpg.webp","width":1075,"height":1613,"caption":"Cesta organizadora zebra em algod\u00e3o org\u00e2nico"},{"@type":"BreadcrumbList","@id":"https:\/\/gloopbaby.com\/fr\/produit\/collections-fr\/zebra-fr\/panier-bebe-zebra\/#breadcrumb","itemListElement":[{"@type":"ListItem","position":1,"name":"In\u00edcio","item":"https:\/\/gloopbaby.com\/fr\/"},{"@type":"ListItem","position":2,"name":"Shop","item":"https:\/\/gloopbaby.com\/loja\/"},{"@type":"ListItem","position":3,"name":"Panier B\u00e9b\u00e9 Zebra"}]},{"@type":"WebSite","@id":"https:\/\/gloopbaby.com\/fr\/#website","url":"https:\/\/gloopbaby.com\/fr\/","name":"Gloop Baby","description":"","publisher":{"@id":"https:\/\/gloopbaby.com\/fr\/#organization"},"potentialAction":[{"@type":"SearchAction","target":{"@type":"EntryPoint","urlTemplate":"https:\/\/gloopbaby.com\/fr\/?s={search_term_string}"},"query-input":{"@type":"PropertyValueSpecification","valueRequired":true,"valueName":"search_term_string"}}],"inLanguage":"fr-FR"},{"@type":"Organization","@id":"https:\/\/gloopbaby.com\/fr\/#organization","name":"Gloop Baby","url":"https:\/\/gloopbaby.com\/fr\/","logo":{"@type":"ImageObject","inLanguage":"fr-FR","@id":"https:\/\/gloopbaby.com\/fr\/#\/schema\/logo\/image\/","url":"https:\/\/gloopbaby.com\/wp-content\/uploads\/2023\/06\/gloop-logo.svg","contentUrl":"https:\/\/gloopbaby.com\/wp-content\/uploads\/2023\/06\/gloop-logo.svg","width":100,"height":100,"caption":"Gloop Baby"},"image":{"@id":"https:\/\/gloopbaby.com\/fr\/#\/schema\/logo\/image\/"}}]}},"_links":{"self":[{"href":"https:\/\/gloopbaby.com\/fr\/wp-json\/wp\/v2\/product\/108456","targetHints":{"allow":["GET"]}}],"collection":[{"href":"https:\/\/gloopbaby.com\/fr\/wp-json\/wp\/v2\/product"}],"about":[{"href":"https:\/\/gloopbaby.com\/fr\/wp-json\/wp\/v2\/types\/product"}],"replies":[{"embeddable":true,"href":"https:\/\/gloopbaby.com\/fr\/wp-json\/wp\/v2\/comments?post=108456"}],"wp:featuredmedia":[{"embeddable":true,"href":"https:\/\/gloopbaby.com\/fr\/wp-json\/wp\/v2\/media\/109353"}],"wp:attachment":[{"href":"https:\/\/gloopbaby.com\/fr\/wp-json\/wp\/v2\/media?parent=108456"}],"wp:term":[{"taxonomy":"product_brand","embeddable":true,"href":"https:\/\/gloopbaby.com\/fr\/wp-json\/wp\/v2\/product_brand?post=108456"},{"taxonomy":"product_cat","embeddable":true,"href":"https:\/\/gloopbaby.com\/fr\/wp-json\/wp\/v2\/product_cat?post=108456"},{"taxonomy":"product_tag","embeddable":true,"href":"https:\/\/gloopbaby.com\/fr\/wp-json\/wp\/v2\/product_tag?post=108456"}],"curies":[{"name":"wp","href":"https:\/\/api.w.org\/{rel}","templated":true}]}}