{"id":108393,"date":"2024-02-15T10:22:54","date_gmt":"2024-02-15T10:22:54","guid":{"rendered":"https:\/\/gloopbaby.com\/?post_type=product&#038;p=108393"},"modified":"2026-04-14T11:00:08","modified_gmt":"2026-04-14T11:00:08","slug":"cape-de-bain-zebra","status":"publish","type":"product","link":"https:\/\/gloopbaby.com\/fr\/produit\/collections-fr\/zebra-fr\/cape-de-bain-zebra\/","title":{"rendered":"Cape de Bain Zebra"},"content":{"rendered":"<p><span class=\"Y2IQFc\" lang=\"fr\">La Cape de Bain en coton bio gloop! est pratique, douce et ultra-absorbante. Mesurant 90x90cm, elle enveloppe b\u00e9b\u00e9 apr\u00e8s le bain, le s\u00e9chant rapidement et le prot\u00e9geant du froid. <\/span><\/p>\n<p><span class=\"Y2IQFc\" lang=\"fr\">Fabriqu\u00e9e au Portugal en tissu \u00e9ponge certifi\u00e9 de 400 g\/m\u00b2 et 100% coton bio, elle garantit qualit\u00e9, confort et s\u00e9curit\u00e9 pour la peau sensible de votre b\u00e9b\u00e9. <\/span><\/p>\n<p><span class=\"Y2IQFc\" lang=\"fr\"><strong>Caract\u00e9ristiques principales:<\/strong> <\/span><\/p>\n<p><span class=\"Y2IQFc\" lang=\"fr\">Douce, ultra-absorbante et \u00e0 s\u00e9chage rapide <\/span><\/p>\n<p><span class=\"Y2IQFc\" lang=\"fr\">Taille id\u00e9ale pour envelopper b\u00e9b\u00e9 apr\u00e8s le bain Id\u00e9ale pour la peau sensible de b\u00e9b\u00e9 <\/span><\/p>\n<p><span class=\"Y2IQFc\" lang=\"fr\">Dimensions: 90x90cm <\/span><\/p>\n<p><span class=\"Y2IQFc\" lang=\"fr\">100% Coton bio certifi\u00e9 <\/span><\/p>\n<p><span class=\"Y2IQFc\" lang=\"fr\">Fabriqu\u00e9e au Portugal <\/span><\/p>\n<p><span class=\"Y2IQFc\" lang=\"fr\">Le choix parfait pour les parents \u00e0 la recherche d&rsquo;une serviette b\u00e9b\u00e9 \u00e9cologique, r\u00e9sistante et confortable.<\/span><\/p>\n","protected":false},"excerpt":{"rendered":"<p>La Cape de Bain en coton bio gloop! est pratique, douce et ultra-absorbante. Mesurant 90x90cm, elle enveloppe b\u00e9b\u00e9 apr\u00e8s le bain, le s\u00e9chant rapidement et le prot\u00e9geant du froid. Fabriqu\u00e9e au Portugal en tissu \u00e9ponge certifi\u00e9 de 400 g\/m\u00b2 et 100% coton bio, elle garantit qualit\u00e9, confort et s\u00e9curit\u00e9 pour la peau sensible de votre [&hellip;]<\/p>\n","protected":false},"featured_media":109483,"comment_status":"closed","ping_status":"closed","template":"","meta":{"_acf_changed":false},"product_brand":[],"product_cat":[1468,1404,1476,1582,1693],"product_tag":[],"class_list":{"0":"post-108393","1":"product","2":"type-product","3":"status-publish","4":"has-post-thumbnail","6":"product_cat-bain-fr","7":"product_cat-bain-et-nursery-fr","8":"product_cat-cape-de-bain-fr","9":"product_cat-collections-fr","10":"product_cat-zebra-fr","12":"first","13":"instock","14":"taxable","15":"shipping-taxable","16":"purchasable","17":"product-type-simple"},"acf":[],"yoast_head":"<!-- This site is optimized with the Yoast SEO plugin v27.4 - https:\/\/yoast.com\/product\/yoast-seo-wordpress\/ -->\n<title>Cape de Bain Zebra - Gloop Baby<\/title>\n<meta name=\"robots\" content=\"index, follow, max-snippet:-1, max-image-preview:large, max-video-preview:-1\" \/>\n<link rel=\"canonical\" href=\"https:\/\/gloopbaby.com\/fr\/produit\/collections-fr\/zebra-fr\/cape-de-bain-zebra\/\" \/>\n<meta property=\"og:locale\" content=\"fr_FR\" \/>\n<meta property=\"og:type\" content=\"article\" \/>\n<meta property=\"og:title\" content=\"Cape de Bain Zebra - Gloop Baby\" \/>\n<meta property=\"og:description\" content=\"La Cape de Bain en coton bio gloop! est pratique, douce et ultra-absorbante. Mesurant 90x90cm, elle enveloppe b\u00e9b\u00e9 apr\u00e8s le bain, le s\u00e9chant rapidement et le prot\u00e9geant du froid. Fabriqu\u00e9e au Portugal en tissu \u00e9ponge certifi\u00e9 de 400 g\/m\u00b2 et 100% coton bio, elle garantit qualit\u00e9, confort et s\u00e9curit\u00e9 pour la peau sensible de votre [&hellip;]\" \/>\n<meta property=\"og:url\" content=\"https:\/\/gloopbaby.com\/fr\/produit\/collections-fr\/zebra-fr\/cape-de-bain-zebra\/\" \/>\n<meta property=\"og:site_name\" content=\"Gloop Baby\" \/>\n<meta property=\"article:modified_time\" content=\"2026-04-14T11:00:08+00:00\" \/>\n<meta property=\"og:image\" content=\"https:\/\/gloopbaby.com\/wp-content\/uploads\/2024\/02\/Gloop-SS24-0526-jpg.webp\" \/>\n\t<meta property=\"og:image:width\" content=\"1075\" \/>\n\t<meta property=\"og:image:height\" content=\"1613\" \/>\n\t<meta property=\"og:image:type\" content=\"image\/jpeg\" \/>\n<meta name=\"twitter:card\" content=\"summary_large_image\" \/>\n<meta name=\"twitter:label1\" content=\"Dur\u00e9e de lecture estim\u00e9e\" \/>\n\t<meta name=\"twitter:data1\" content=\"1 minute\" \/>\n<script type=\"application\/ld+json\" class=\"yoast-schema-graph\">{\"@context\":\"https:\\\/\\\/schema.org\",\"@graph\":[{\"@type\":\"WebPage\",\"@id\":\"https:\\\/\\\/gloopbaby.com\\\/fr\\\/produit\\\/collections-fr\\\/zebra-fr\\\/cape-de-bain-zebra\\\/\",\"url\":\"https:\\\/\\\/gloopbaby.com\\\/fr\\\/produit\\\/collections-fr\\\/zebra-fr\\\/cape-de-bain-zebra\\\/\",\"name\":\"Cape de Bain Zebra - Gloop Baby\",\"isPartOf\":{\"@id\":\"https:\\\/\\\/gloopbaby.com\\\/fr\\\/#website\"},\"primaryImageOfPage\":{\"@id\":\"https:\\\/\\\/gloopbaby.com\\\/fr\\\/produit\\\/collections-fr\\\/zebra-fr\\\/cape-de-bain-zebra\\\/#primaryimage\"},\"image\":{\"@id\":\"https:\\\/\\\/gloopbaby.com\\\/fr\\\/produit\\\/collections-fr\\\/zebra-fr\\\/cape-de-bain-zebra\\\/#primaryimage\"},\"thumbnailUrl\":\"https:\\\/\\\/gloopbaby.com\\\/wp-content\\\/uploads\\\/2024\\\/02\\\/Gloop-SS24-0526-jpg.webp\",\"datePublished\":\"2024-02-15T10:22:54+00:00\",\"dateModified\":\"2026-04-14T11:00:08+00:00\",\"breadcrumb\":{\"@id\":\"https:\\\/\\\/gloopbaby.com\\\/fr\\\/produit\\\/collections-fr\\\/zebra-fr\\\/cape-de-bain-zebra\\\/#breadcrumb\"},\"inLanguage\":\"fr-FR\",\"potentialAction\":[{\"@type\":\"ReadAction\",\"target\":[\"https:\\\/\\\/gloopbaby.com\\\/fr\\\/produit\\\/collections-fr\\\/zebra-fr\\\/cape-de-bain-zebra\\\/\"]}]},{\"@type\":\"ImageObject\",\"inLanguage\":\"fr-FR\",\"@id\":\"https:\\\/\\\/gloopbaby.com\\\/fr\\\/produit\\\/collections-fr\\\/zebra-fr\\\/cape-de-bain-zebra\\\/#primaryimage\",\"url\":\"https:\\\/\\\/gloopbaby.com\\\/wp-content\\\/uploads\\\/2024\\\/02\\\/Gloop-SS24-0526-jpg.webp\",\"contentUrl\":\"https:\\\/\\\/gloopbaby.com\\\/wp-content\\\/uploads\\\/2024\\\/02\\\/Gloop-SS24-0526-jpg.webp\",\"width\":1075,\"height\":1613,\"caption\":\"toalha banho beb\u00e9 em algod\u00e3o org\u00e2nico zebra\"},{\"@type\":\"BreadcrumbList\",\"@id\":\"https:\\\/\\\/gloopbaby.com\\\/fr\\\/produit\\\/collections-fr\\\/zebra-fr\\\/cape-de-bain-zebra\\\/#breadcrumb\",\"itemListElement\":[{\"@type\":\"ListItem\",\"position\":1,\"name\":\"In\u00edcio\",\"item\":\"https:\\\/\\\/gloopbaby.com\\\/fr\\\/\"},{\"@type\":\"ListItem\",\"position\":2,\"name\":\"Shop\",\"item\":\"https:\\\/\\\/gloopbaby.com\\\/loja\\\/\"},{\"@type\":\"ListItem\",\"position\":3,\"name\":\"Cape de Bain Zebra\"}]},{\"@type\":\"WebSite\",\"@id\":\"https:\\\/\\\/gloopbaby.com\\\/fr\\\/#website\",\"url\":\"https:\\\/\\\/gloopbaby.com\\\/fr\\\/\",\"name\":\"Gloop Baby\",\"description\":\"\",\"publisher\":{\"@id\":\"https:\\\/\\\/gloopbaby.com\\\/fr\\\/#organization\"},\"potentialAction\":[{\"@type\":\"SearchAction\",\"target\":{\"@type\":\"EntryPoint\",\"urlTemplate\":\"https:\\\/\\\/gloopbaby.com\\\/fr\\\/?s={search_term_string}\"},\"query-input\":{\"@type\":\"PropertyValueSpecification\",\"valueRequired\":true,\"valueName\":\"search_term_string\"}}],\"inLanguage\":\"fr-FR\"},{\"@type\":\"Organization\",\"@id\":\"https:\\\/\\\/gloopbaby.com\\\/fr\\\/#organization\",\"name\":\"Gloop Baby\",\"url\":\"https:\\\/\\\/gloopbaby.com\\\/fr\\\/\",\"logo\":{\"@type\":\"ImageObject\",\"inLanguage\":\"fr-FR\",\"@id\":\"https:\\\/\\\/gloopbaby.com\\\/fr\\\/#\\\/schema\\\/logo\\\/image\\\/\",\"url\":\"https:\\\/\\\/gloopbaby.com\\\/wp-content\\\/uploads\\\/2023\\\/06\\\/gloop-logo.svg\",\"contentUrl\":\"https:\\\/\\\/gloopbaby.com\\\/wp-content\\\/uploads\\\/2023\\\/06\\\/gloop-logo.svg\",\"width\":100,\"height\":100,\"caption\":\"Gloop Baby\"},\"image\":{\"@id\":\"https:\\\/\\\/gloopbaby.com\\\/fr\\\/#\\\/schema\\\/logo\\\/image\\\/\"}}]}<\/script>\n<!-- \/ Yoast SEO plugin. -->","yoast_head_json":{"title":"Cape de Bain Zebra - Gloop Baby","robots":{"index":"index","follow":"follow","max-snippet":"max-snippet:-1","max-image-preview":"max-image-preview:large","max-video-preview":"max-video-preview:-1"},"canonical":"https:\/\/gloopbaby.com\/fr\/produit\/collections-fr\/zebra-fr\/cape-de-bain-zebra\/","og_locale":"fr_FR","og_type":"article","og_title":"Cape de Bain Zebra - Gloop Baby","og_description":"La Cape de Bain en coton bio gloop! est pratique, douce et ultra-absorbante. Mesurant 90x90cm, elle enveloppe b\u00e9b\u00e9 apr\u00e8s le bain, le s\u00e9chant rapidement et le prot\u00e9geant du froid. Fabriqu\u00e9e au Portugal en tissu \u00e9ponge certifi\u00e9 de 400 g\/m\u00b2 et 100% coton bio, elle garantit qualit\u00e9, confort et s\u00e9curit\u00e9 pour la peau sensible de votre [&hellip;]","og_url":"https:\/\/gloopbaby.com\/fr\/produit\/collections-fr\/zebra-fr\/cape-de-bain-zebra\/","og_site_name":"Gloop Baby","article_modified_time":"2026-04-14T11:00:08+00:00","og_image":[{"width":1075,"height":1613,"url":"https:\/\/gloopbaby.com\/wp-content\/uploads\/2024\/02\/Gloop-SS24-0526-jpg.webp","type":"image\/jpeg"}],"twitter_card":"summary_large_image","twitter_misc":{"Dur\u00e9e de lecture estim\u00e9e":"1 minute"},"schema":{"@context":"https:\/\/schema.org","@graph":[{"@type":"WebPage","@id":"https:\/\/gloopbaby.com\/fr\/produit\/collections-fr\/zebra-fr\/cape-de-bain-zebra\/","url":"https:\/\/gloopbaby.com\/fr\/produit\/collections-fr\/zebra-fr\/cape-de-bain-zebra\/","name":"Cape de Bain Zebra - Gloop Baby","isPartOf":{"@id":"https:\/\/gloopbaby.com\/fr\/#website"},"primaryImageOfPage":{"@id":"https:\/\/gloopbaby.com\/fr\/produit\/collections-fr\/zebra-fr\/cape-de-bain-zebra\/#primaryimage"},"image":{"@id":"https:\/\/gloopbaby.com\/fr\/produit\/collections-fr\/zebra-fr\/cape-de-bain-zebra\/#primaryimage"},"thumbnailUrl":"https:\/\/gloopbaby.com\/wp-content\/uploads\/2024\/02\/Gloop-SS24-0526-jpg.webp","datePublished":"2024-02-15T10:22:54+00:00","dateModified":"2026-04-14T11:00:08+00:00","breadcrumb":{"@id":"https:\/\/gloopbaby.com\/fr\/produit\/collections-fr\/zebra-fr\/cape-de-bain-zebra\/#breadcrumb"},"inLanguage":"fr-FR","potentialAction":[{"@type":"ReadAction","target":["https:\/\/gloopbaby.com\/fr\/produit\/collections-fr\/zebra-fr\/cape-de-bain-zebra\/"]}]},{"@type":"ImageObject","inLanguage":"fr-FR","@id":"https:\/\/gloopbaby.com\/fr\/produit\/collections-fr\/zebra-fr\/cape-de-bain-zebra\/#primaryimage","url":"https:\/\/gloopbaby.com\/wp-content\/uploads\/2024\/02\/Gloop-SS24-0526-jpg.webp","contentUrl":"https:\/\/gloopbaby.com\/wp-content\/uploads\/2024\/02\/Gloop-SS24-0526-jpg.webp","width":1075,"height":1613,"caption":"toalha banho beb\u00e9 em algod\u00e3o org\u00e2nico zebra"},{"@type":"BreadcrumbList","@id":"https:\/\/gloopbaby.com\/fr\/produit\/collections-fr\/zebra-fr\/cape-de-bain-zebra\/#breadcrumb","itemListElement":[{"@type":"ListItem","position":1,"name":"In\u00edcio","item":"https:\/\/gloopbaby.com\/fr\/"},{"@type":"ListItem","position":2,"name":"Shop","item":"https:\/\/gloopbaby.com\/loja\/"},{"@type":"ListItem","position":3,"name":"Cape de Bain Zebra"}]},{"@type":"WebSite","@id":"https:\/\/gloopbaby.com\/fr\/#website","url":"https:\/\/gloopbaby.com\/fr\/","name":"Gloop Baby","description":"","publisher":{"@id":"https:\/\/gloopbaby.com\/fr\/#organization"},"potentialAction":[{"@type":"SearchAction","target":{"@type":"EntryPoint","urlTemplate":"https:\/\/gloopbaby.com\/fr\/?s={search_term_string}"},"query-input":{"@type":"PropertyValueSpecification","valueRequired":true,"valueName":"search_term_string"}}],"inLanguage":"fr-FR"},{"@type":"Organization","@id":"https:\/\/gloopbaby.com\/fr\/#organization","name":"Gloop Baby","url":"https:\/\/gloopbaby.com\/fr\/","logo":{"@type":"ImageObject","inLanguage":"fr-FR","@id":"https:\/\/gloopbaby.com\/fr\/#\/schema\/logo\/image\/","url":"https:\/\/gloopbaby.com\/wp-content\/uploads\/2023\/06\/gloop-logo.svg","contentUrl":"https:\/\/gloopbaby.com\/wp-content\/uploads\/2023\/06\/gloop-logo.svg","width":100,"height":100,"caption":"Gloop Baby"},"image":{"@id":"https:\/\/gloopbaby.com\/fr\/#\/schema\/logo\/image\/"}}]}},"_links":{"self":[{"href":"https:\/\/gloopbaby.com\/fr\/wp-json\/wp\/v2\/product\/108393","targetHints":{"allow":["GET"]}}],"collection":[{"href":"https:\/\/gloopbaby.com\/fr\/wp-json\/wp\/v2\/product"}],"about":[{"href":"https:\/\/gloopbaby.com\/fr\/wp-json\/wp\/v2\/types\/product"}],"replies":[{"embeddable":true,"href":"https:\/\/gloopbaby.com\/fr\/wp-json\/wp\/v2\/comments?post=108393"}],"wp:featuredmedia":[{"embeddable":true,"href":"https:\/\/gloopbaby.com\/fr\/wp-json\/wp\/v2\/media\/109483"}],"wp:attachment":[{"href":"https:\/\/gloopbaby.com\/fr\/wp-json\/wp\/v2\/media?parent=108393"}],"wp:term":[{"taxonomy":"product_brand","embeddable":true,"href":"https:\/\/gloopbaby.com\/fr\/wp-json\/wp\/v2\/product_brand?post=108393"},{"taxonomy":"product_cat","embeddable":true,"href":"https:\/\/gloopbaby.com\/fr\/wp-json\/wp\/v2\/product_cat?post=108393"},{"taxonomy":"product_tag","embeddable":true,"href":"https:\/\/gloopbaby.com\/fr\/wp-json\/wp\/v2\/product_tag?post=108393"}],"curies":[{"name":"wp","href":"https:\/\/api.w.org\/{rel}","templated":true}]}}