{"id":108144,"date":"2024-02-08T09:43:50","date_gmt":"2024-02-08T09:43:50","guid":{"rendered":"https:\/\/gloopbaby.com\/?post_type=product&#038;p=108144"},"modified":"2026-04-13T10:33:24","modified_gmt":"2026-04-13T10:33:24","slug":"housse-de-couette-taie-doreiller-zebra","status":"publish","type":"product","link":"https:\/\/gloopbaby.com\/fr\/produit\/collections-fr\/zebra-fr\/housse-de-couette-taie-doreiller-zebra\/","title":{"rendered":"Housse de couette + Taie d\u2019oreiller Zebra"},"content":{"rendered":"<p><span class=\"Y2IQFc\" lang=\"fr\">La Housse de Couette et Taie d&rsquo;oreiller gloop! est id\u00e9ale pour assurer confort et bien-\u00eatre \u00e0 votre b\u00e9b\u00e9 pendant son sommeil. <\/span><\/p>\n<p><span class=\"Y2IQFc\" lang=\"fr\">Gr\u00e2ce \u00e0 ses dimensions adapt\u00e9es \u00e0 la plupart des couettes et oreillers pour enfants, c&rsquo;est un choix pratique et \u00e9l\u00e9gant pour sa chambre. <\/span><\/p>\n<p><span class=\"Y2IQFc\" lang=\"fr\">Confectionn\u00e9e en coton 100% biologique certifi\u00e9, cette parure est sp\u00e9cialement con\u00e7ue pour les peaux sensibles, offrant douceur, respirabilit\u00e9 et s\u00e9curit\u00e9. <\/span><span class=\"Y2IQFc\" lang=\"fr\">Son design fonctionnel facilite son utilisation quotidienne, assurant confort et protection \u00e0 votre b\u00e9b\u00e9. <\/span><\/p>\n<p><span class=\"Y2IQFc\" lang=\"fr\">Fabriqu\u00e9e au Portugal, dans le respect des plus hauts standards de qualit\u00e9 et de l&rsquo;environnement. <\/span><\/p>\n<p><span class=\"Y2IQFc\" lang=\"fr\"><strong>Inclus:<\/strong> <\/span><\/p>\n<p><span class=\"Y2IQFc\" lang=\"fr\">1 housse de couette: 100x140cm <\/span><\/p>\n<p><span class=\"Y2IQFc\" lang=\"fr\">1 taie d&rsquo;oreiller: 40x60cm <\/span><\/p>\n<p><span class=\"Y2IQFc\" lang=\"fr\"><strong>Caract\u00e9ristiques principales:<\/strong> <\/span><\/p>\n<p><span class=\"Y2IQFc\" lang=\"fr\">100% coton biologique certifi\u00e9 Doux, respirant et s\u00fbr pour les b\u00e9b\u00e9s <\/span><\/p>\n<p><span class=\"Y2IQFc\" lang=\"fr\">Compatible avec la plupart des couettes et oreillers <\/span><\/p>\n<p><span class=\"Y2IQFc\" lang=\"fr\">Fabriqu\u00e9e au Portugal <\/span><\/p>\n<p><span class=\"Y2IQFc\" lang=\"fr\">Offrez \u00e0 votre b\u00e9b\u00e9 des nuits paisibles et confortables avec cette parure naturelle et durable!<\/span><\/p>\n","protected":false},"excerpt":{"rendered":"<p>La Housse de Couette et Taie d&rsquo;oreiller gloop! est id\u00e9ale pour assurer confort et bien-\u00eatre \u00e0 votre b\u00e9b\u00e9 pendant son sommeil. Gr\u00e2ce \u00e0 ses dimensions adapt\u00e9es \u00e0 la plupart des couettes et oreillers pour enfants, c&rsquo;est un choix pratique et \u00e9l\u00e9gant pour sa chambre. Confectionn\u00e9e en coton 100% biologique certifi\u00e9, cette parure est sp\u00e9cialement con\u00e7ue [&hellip;]<\/p>\n","protected":false},"featured_media":109784,"comment_status":"closed","ping_status":"closed","template":"","meta":{"_acf_changed":false},"product_brand":[],"product_cat":[1582,1518,1522,1512,1478,1693],"product_tag":[],"class_list":{"0":"post-108144","1":"product","2":"type-product","3":"status-publish","4":"has-post-thumbnail","6":"product_cat-collections-fr","7":"product_cat-couette-fr","8":"product_cat-housse-de-couette-fr","9":"product_cat-lit-fr","10":"product_cat-home-and-sleep-fr","11":"product_cat-zebra-fr","13":"first","14":"instock","15":"taxable","16":"shipping-taxable","17":"purchasable","18":"product-type-simple"},"acf":[],"yoast_head":"<!-- This site is optimized with the Yoast SEO plugin v27.3 - https:\/\/yoast.com\/product\/yoast-seo-wordpress\/ -->\n<title>Housse de couette + Taie d\u2019oreiller Zebra - Gloop Baby<\/title>\n<meta name=\"robots\" content=\"index, follow, max-snippet:-1, max-image-preview:large, max-video-preview:-1\" \/>\n<link rel=\"canonical\" href=\"https:\/\/gloopbaby.com\/fr\/produit\/collections-fr\/zebra-fr\/housse-de-couette-taie-doreiller-zebra\/\" \/>\n<meta property=\"og:locale\" content=\"fr_FR\" \/>\n<meta property=\"og:type\" content=\"article\" \/>\n<meta property=\"og:title\" content=\"Housse de couette + Taie d\u2019oreiller Zebra - Gloop Baby\" \/>\n<meta property=\"og:description\" content=\"La Housse de Couette et Taie d&rsquo;oreiller gloop! est id\u00e9ale pour assurer confort et bien-\u00eatre \u00e0 votre b\u00e9b\u00e9 pendant son sommeil. Gr\u00e2ce \u00e0 ses dimensions adapt\u00e9es \u00e0 la plupart des couettes et oreillers pour enfants, c&rsquo;est un choix pratique et \u00e9l\u00e9gant pour sa chambre. Confectionn\u00e9e en coton 100% biologique certifi\u00e9, cette parure est sp\u00e9cialement con\u00e7ue [&hellip;]\" \/>\n<meta property=\"og:url\" content=\"https:\/\/gloopbaby.com\/fr\/produit\/collections-fr\/zebra-fr\/housse-de-couette-taie-doreiller-zebra\/\" \/>\n<meta property=\"og:site_name\" content=\"Gloop Baby\" \/>\n<meta property=\"article:modified_time\" content=\"2026-04-13T10:33:24+00:00\" \/>\n<meta property=\"og:image\" content=\"https:\/\/gloopbaby.com\/wp-content\/uploads\/2024\/02\/Gloop-SS24-0195-jpg.webp\" \/>\n\t<meta property=\"og:image:width\" content=\"1075\" \/>\n\t<meta property=\"og:image:height\" content=\"1613\" \/>\n\t<meta property=\"og:image:type\" content=\"image\/jpeg\" \/>\n<meta name=\"twitter:card\" content=\"summary_large_image\" \/>\n<meta name=\"twitter:label1\" content=\"Dur\u00e9e de lecture estim\u00e9e\" \/>\n\t<meta name=\"twitter:data1\" content=\"1 minute\" \/>\n<script type=\"application\/ld+json\" class=\"yoast-schema-graph\">{\"@context\":\"https:\\\/\\\/schema.org\",\"@graph\":[{\"@type\":\"WebPage\",\"@id\":\"https:\\\/\\\/gloopbaby.com\\\/fr\\\/produit\\\/collections-fr\\\/zebra-fr\\\/housse-de-couette-taie-doreiller-zebra\\\/\",\"url\":\"https:\\\/\\\/gloopbaby.com\\\/fr\\\/produit\\\/collections-fr\\\/zebra-fr\\\/housse-de-couette-taie-doreiller-zebra\\\/\",\"name\":\"Housse de couette + Taie d\u2019oreiller Zebra - Gloop Baby\",\"isPartOf\":{\"@id\":\"https:\\\/\\\/gloopbaby.com\\\/fr\\\/#website\"},\"primaryImageOfPage\":{\"@id\":\"https:\\\/\\\/gloopbaby.com\\\/fr\\\/produit\\\/collections-fr\\\/zebra-fr\\\/housse-de-couette-taie-doreiller-zebra\\\/#primaryimage\"},\"image\":{\"@id\":\"https:\\\/\\\/gloopbaby.com\\\/fr\\\/produit\\\/collections-fr\\\/zebra-fr\\\/housse-de-couette-taie-doreiller-zebra\\\/#primaryimage\"},\"thumbnailUrl\":\"https:\\\/\\\/gloopbaby.com\\\/wp-content\\\/uploads\\\/2024\\\/02\\\/Gloop-SS24-0195-jpg.webp\",\"datePublished\":\"2024-02-08T09:43:50+00:00\",\"dateModified\":\"2026-04-13T10:33:24+00:00\",\"breadcrumb\":{\"@id\":\"https:\\\/\\\/gloopbaby.com\\\/fr\\\/produit\\\/collections-fr\\\/zebra-fr\\\/housse-de-couette-taie-doreiller-zebra\\\/#breadcrumb\"},\"inLanguage\":\"fr-FR\",\"potentialAction\":[{\"@type\":\"ReadAction\",\"target\":[\"https:\\\/\\\/gloopbaby.com\\\/fr\\\/produit\\\/collections-fr\\\/zebra-fr\\\/housse-de-couette-taie-doreiller-zebra\\\/\"]}]},{\"@type\":\"ImageObject\",\"inLanguage\":\"fr-FR\",\"@id\":\"https:\\\/\\\/gloopbaby.com\\\/fr\\\/produit\\\/collections-fr\\\/zebra-fr\\\/housse-de-couette-taie-doreiller-zebra\\\/#primaryimage\",\"url\":\"https:\\\/\\\/gloopbaby.com\\\/wp-content\\\/uploads\\\/2024\\\/02\\\/Gloop-SS24-0195-jpg.webp\",\"contentUrl\":\"https:\\\/\\\/gloopbaby.com\\\/wp-content\\\/uploads\\\/2024\\\/02\\\/Gloop-SS24-0195-jpg.webp\",\"width\":1075,\"height\":1613,\"caption\":\"Capa de edredon para beb\u00e9 com fronha gloop baby em algod\u00e3o biol\u00f3gico\"},{\"@type\":\"BreadcrumbList\",\"@id\":\"https:\\\/\\\/gloopbaby.com\\\/fr\\\/produit\\\/collections-fr\\\/zebra-fr\\\/housse-de-couette-taie-doreiller-zebra\\\/#breadcrumb\",\"itemListElement\":[{\"@type\":\"ListItem\",\"position\":1,\"name\":\"In\u00edcio\",\"item\":\"https:\\\/\\\/gloopbaby.com\\\/fr\\\/\"},{\"@type\":\"ListItem\",\"position\":2,\"name\":\"Shop\",\"item\":\"https:\\\/\\\/gloopbaby.com\\\/loja\\\/\"},{\"@type\":\"ListItem\",\"position\":3,\"name\":\"Housse de couette + Taie d\u2019oreiller Zebra\"}]},{\"@type\":\"WebSite\",\"@id\":\"https:\\\/\\\/gloopbaby.com\\\/fr\\\/#website\",\"url\":\"https:\\\/\\\/gloopbaby.com\\\/fr\\\/\",\"name\":\"Gloop Baby\",\"description\":\"\",\"publisher\":{\"@id\":\"https:\\\/\\\/gloopbaby.com\\\/fr\\\/#organization\"},\"potentialAction\":[{\"@type\":\"SearchAction\",\"target\":{\"@type\":\"EntryPoint\",\"urlTemplate\":\"https:\\\/\\\/gloopbaby.com\\\/fr\\\/?s={search_term_string}\"},\"query-input\":{\"@type\":\"PropertyValueSpecification\",\"valueRequired\":true,\"valueName\":\"search_term_string\"}}],\"inLanguage\":\"fr-FR\"},{\"@type\":\"Organization\",\"@id\":\"https:\\\/\\\/gloopbaby.com\\\/fr\\\/#organization\",\"name\":\"Gloop Baby\",\"url\":\"https:\\\/\\\/gloopbaby.com\\\/fr\\\/\",\"logo\":{\"@type\":\"ImageObject\",\"inLanguage\":\"fr-FR\",\"@id\":\"https:\\\/\\\/gloopbaby.com\\\/fr\\\/#\\\/schema\\\/logo\\\/image\\\/\",\"url\":\"https:\\\/\\\/gloopbaby.com\\\/wp-content\\\/uploads\\\/2023\\\/06\\\/gloop-logo.svg\",\"contentUrl\":\"https:\\\/\\\/gloopbaby.com\\\/wp-content\\\/uploads\\\/2023\\\/06\\\/gloop-logo.svg\",\"width\":100,\"height\":100,\"caption\":\"Gloop Baby\"},\"image\":{\"@id\":\"https:\\\/\\\/gloopbaby.com\\\/fr\\\/#\\\/schema\\\/logo\\\/image\\\/\"}}]}<\/script>\n<!-- \/ Yoast SEO plugin. -->","yoast_head_json":{"title":"Housse de couette + Taie d\u2019oreiller Zebra - Gloop Baby","robots":{"index":"index","follow":"follow","max-snippet":"max-snippet:-1","max-image-preview":"max-image-preview:large","max-video-preview":"max-video-preview:-1"},"canonical":"https:\/\/gloopbaby.com\/fr\/produit\/collections-fr\/zebra-fr\/housse-de-couette-taie-doreiller-zebra\/","og_locale":"fr_FR","og_type":"article","og_title":"Housse de couette + Taie d\u2019oreiller Zebra - Gloop Baby","og_description":"La Housse de Couette et Taie d&rsquo;oreiller gloop! est id\u00e9ale pour assurer confort et bien-\u00eatre \u00e0 votre b\u00e9b\u00e9 pendant son sommeil. Gr\u00e2ce \u00e0 ses dimensions adapt\u00e9es \u00e0 la plupart des couettes et oreillers pour enfants, c&rsquo;est un choix pratique et \u00e9l\u00e9gant pour sa chambre. Confectionn\u00e9e en coton 100% biologique certifi\u00e9, cette parure est sp\u00e9cialement con\u00e7ue [&hellip;]","og_url":"https:\/\/gloopbaby.com\/fr\/produit\/collections-fr\/zebra-fr\/housse-de-couette-taie-doreiller-zebra\/","og_site_name":"Gloop Baby","article_modified_time":"2026-04-13T10:33:24+00:00","og_image":[{"width":1075,"height":1613,"url":"https:\/\/gloopbaby.com\/wp-content\/uploads\/2024\/02\/Gloop-SS24-0195-jpg.webp","type":"image\/jpeg"}],"twitter_card":"summary_large_image","twitter_misc":{"Dur\u00e9e de lecture estim\u00e9e":"1 minute"},"schema":{"@context":"https:\/\/schema.org","@graph":[{"@type":"WebPage","@id":"https:\/\/gloopbaby.com\/fr\/produit\/collections-fr\/zebra-fr\/housse-de-couette-taie-doreiller-zebra\/","url":"https:\/\/gloopbaby.com\/fr\/produit\/collections-fr\/zebra-fr\/housse-de-couette-taie-doreiller-zebra\/","name":"Housse de couette + Taie d\u2019oreiller Zebra - Gloop Baby","isPartOf":{"@id":"https:\/\/gloopbaby.com\/fr\/#website"},"primaryImageOfPage":{"@id":"https:\/\/gloopbaby.com\/fr\/produit\/collections-fr\/zebra-fr\/housse-de-couette-taie-doreiller-zebra\/#primaryimage"},"image":{"@id":"https:\/\/gloopbaby.com\/fr\/produit\/collections-fr\/zebra-fr\/housse-de-couette-taie-doreiller-zebra\/#primaryimage"},"thumbnailUrl":"https:\/\/gloopbaby.com\/wp-content\/uploads\/2024\/02\/Gloop-SS24-0195-jpg.webp","datePublished":"2024-02-08T09:43:50+00:00","dateModified":"2026-04-13T10:33:24+00:00","breadcrumb":{"@id":"https:\/\/gloopbaby.com\/fr\/produit\/collections-fr\/zebra-fr\/housse-de-couette-taie-doreiller-zebra\/#breadcrumb"},"inLanguage":"fr-FR","potentialAction":[{"@type":"ReadAction","target":["https:\/\/gloopbaby.com\/fr\/produit\/collections-fr\/zebra-fr\/housse-de-couette-taie-doreiller-zebra\/"]}]},{"@type":"ImageObject","inLanguage":"fr-FR","@id":"https:\/\/gloopbaby.com\/fr\/produit\/collections-fr\/zebra-fr\/housse-de-couette-taie-doreiller-zebra\/#primaryimage","url":"https:\/\/gloopbaby.com\/wp-content\/uploads\/2024\/02\/Gloop-SS24-0195-jpg.webp","contentUrl":"https:\/\/gloopbaby.com\/wp-content\/uploads\/2024\/02\/Gloop-SS24-0195-jpg.webp","width":1075,"height":1613,"caption":"Capa de edredon para beb\u00e9 com fronha gloop baby em algod\u00e3o biol\u00f3gico"},{"@type":"BreadcrumbList","@id":"https:\/\/gloopbaby.com\/fr\/produit\/collections-fr\/zebra-fr\/housse-de-couette-taie-doreiller-zebra\/#breadcrumb","itemListElement":[{"@type":"ListItem","position":1,"name":"In\u00edcio","item":"https:\/\/gloopbaby.com\/fr\/"},{"@type":"ListItem","position":2,"name":"Shop","item":"https:\/\/gloopbaby.com\/loja\/"},{"@type":"ListItem","position":3,"name":"Housse de couette + Taie d\u2019oreiller Zebra"}]},{"@type":"WebSite","@id":"https:\/\/gloopbaby.com\/fr\/#website","url":"https:\/\/gloopbaby.com\/fr\/","name":"Gloop Baby","description":"","publisher":{"@id":"https:\/\/gloopbaby.com\/fr\/#organization"},"potentialAction":[{"@type":"SearchAction","target":{"@type":"EntryPoint","urlTemplate":"https:\/\/gloopbaby.com\/fr\/?s={search_term_string}"},"query-input":{"@type":"PropertyValueSpecification","valueRequired":true,"valueName":"search_term_string"}}],"inLanguage":"fr-FR"},{"@type":"Organization","@id":"https:\/\/gloopbaby.com\/fr\/#organization","name":"Gloop Baby","url":"https:\/\/gloopbaby.com\/fr\/","logo":{"@type":"ImageObject","inLanguage":"fr-FR","@id":"https:\/\/gloopbaby.com\/fr\/#\/schema\/logo\/image\/","url":"https:\/\/gloopbaby.com\/wp-content\/uploads\/2023\/06\/gloop-logo.svg","contentUrl":"https:\/\/gloopbaby.com\/wp-content\/uploads\/2023\/06\/gloop-logo.svg","width":100,"height":100,"caption":"Gloop Baby"},"image":{"@id":"https:\/\/gloopbaby.com\/fr\/#\/schema\/logo\/image\/"}}]}},"_links":{"self":[{"href":"https:\/\/gloopbaby.com\/fr\/wp-json\/wp\/v2\/product\/108144","targetHints":{"allow":["GET"]}}],"collection":[{"href":"https:\/\/gloopbaby.com\/fr\/wp-json\/wp\/v2\/product"}],"about":[{"href":"https:\/\/gloopbaby.com\/fr\/wp-json\/wp\/v2\/types\/product"}],"replies":[{"embeddable":true,"href":"https:\/\/gloopbaby.com\/fr\/wp-json\/wp\/v2\/comments?post=108144"}],"wp:featuredmedia":[{"embeddable":true,"href":"https:\/\/gloopbaby.com\/fr\/wp-json\/wp\/v2\/media\/109784"}],"wp:attachment":[{"href":"https:\/\/gloopbaby.com\/fr\/wp-json\/wp\/v2\/media?parent=108144"}],"wp:term":[{"taxonomy":"product_brand","embeddable":true,"href":"https:\/\/gloopbaby.com\/fr\/wp-json\/wp\/v2\/product_brand?post=108144"},{"taxonomy":"product_cat","embeddable":true,"href":"https:\/\/gloopbaby.com\/fr\/wp-json\/wp\/v2\/product_cat?post=108144"},{"taxonomy":"product_tag","embeddable":true,"href":"https:\/\/gloopbaby.com\/fr\/wp-json\/wp\/v2\/product_tag?post=108144"}],"curies":[{"name":"wp","href":"https:\/\/api.w.org\/{rel}","templated":true}]}}