{"id":33239,"date":"2023-06-27T10:16:45","date_gmt":"2023-06-27T10:16:45","guid":{"rendered":"https:\/\/gloopbaby.com\/gloop\/"},"modified":"2023-11-24T12:34:20","modified_gmt":"2023-11-24T12:34:20","slug":"gloop","status":"publish","type":"page","link":"https:\/\/gloopbaby.com\/fr\/gloop\/","title":{"rendered":"\u00e0 propos de nous"},"content":{"rendered":"\t\t<div data-elementor-type=\"wp-page\" data-elementor-id=\"33239\" class=\"elementor elementor-33239 elementor-6101\" data-elementor-post-type=\"page\">\n\t\t\t\t<div class=\"elementor-element elementor-element-3ef0c58 e-flex e-con-boxed e-con e-parent\" data-id=\"3ef0c58\" data-element_type=\"container\" data-e-type=\"container\">\n\t\t\t\t\t<div class=\"e-con-inner\">\n\t\t<div class=\"elementor-element elementor-element-31bd52b e-flex e-con-boxed e-con e-child\" data-id=\"31bd52b\" data-element_type=\"container\" data-e-type=\"container\">\n\t\t\t\t\t<div class=\"e-con-inner\">\n\t\t<div class=\"elementor-element elementor-element-0f3b52e e-con-full e-flex e-con e-child\" data-id=\"0f3b52e\" data-element_type=\"container\" data-e-type=\"container\">\n\t\t\t\t<div class=\"elementor-element elementor-element-e7afb3f elementor-widget elementor-widget-image\" data-id=\"e7afb3f\" data-element_type=\"widget\" data-e-type=\"widget\" data-widget_type=\"image.default\">\n\t\t\t\t<div class=\"elementor-widget-container\">\n\t\t\t\t\t\t\t\t\t\t\t\t\t\t\t<img fetchpriority=\"high\" decoding=\"async\" width=\"683\" height=\"1024\" src=\"https:\/\/gloopbaby.com\/wp-content\/uploads\/2023\/09\/Gloop-baby-AW-24-0165-683x1024.jpg\" class=\"attachment-large size-large wp-image-101116\" alt=\"\" srcset=\"https:\/\/gloopbaby.com\/wp-content\/uploads\/2023\/09\/Gloop-baby-AW-24-0165-683x1024.jpg 683w, https:\/\/gloopbaby.com\/wp-content\/uploads\/2023\/09\/Gloop-baby-AW-24-0165-200x300.jpg 200w, https:\/\/gloopbaby.com\/wp-content\/uploads\/2023\/09\/Gloop-baby-AW-24-0165-768x1152.jpg 768w, https:\/\/gloopbaby.com\/wp-content\/uploads\/2023\/09\/Gloop-baby-AW-24-0165-600x900.jpg 600w, https:\/\/gloopbaby.com\/wp-content\/uploads\/2023\/09\/Gloop-baby-AW-24-0165-900x1350.jpg 900w, https:\/\/gloopbaby.com\/wp-content\/uploads\/2023\/09\/Gloop-baby-AW-24-0165.jpg 1000w\" sizes=\"(max-width: 683px) 100vw, 683px\" \/>\t\t\t\t\t\t\t\t\t\t\t\t\t\t\t<\/div>\n\t\t\t\t<\/div>\n\t\t\t\t<\/div>\n\t\t<div class=\"elementor-element elementor-element-8ae7824 e-flex e-con-boxed e-con e-child\" data-id=\"8ae7824\" data-element_type=\"container\" data-e-type=\"container\">\n\t\t\t\t\t<div class=\"e-con-inner\">\n\t\t\t\t<div class=\"elementor-element elementor-element-77a94a3 elementor-widget elementor-widget-heading\" data-id=\"77a94a3\" data-element_type=\"widget\" data-e-type=\"widget\" data-widget_type=\"heading.default\">\n\t\t\t\t<div class=\"elementor-widget-container\">\n\t\t\t\t\t<h2 class=\"elementor-heading-title elementor-size-default\">Nous sommes une marque portugaise<\/h2>\t\t\t\t<\/div>\n\t\t\t\t<\/div>\n\t\t\t\t<div class=\"elementor-element elementor-element-7a6a4fa elementor-widget elementor-widget-text-editor\" data-id=\"7a6a4fa\" data-element_type=\"widget\" data-e-type=\"widget\" data-widget_type=\"text-editor.default\">\n\t\t\t\t<div class=\"elementor-widget-container\">\n\t\t\t\t\t\t\t\t\t<p>Bas\u00e9e au Portugal, fabriquant ses propres produits, notre marque est enti\u00e8rement con\u00e7ue et pens\u00e9e par nos \u00e9quipes. La production de tissu et l\u2019impression sont r\u00e9alis\u00e9es dans le nord du Portugal.<\/p>\n<p>Avec l\u2019ensemble du processus de production g\u00e9ographiquement proche, et plus de 40 ans d\u2019exp\u00e9rience, nous sommes en mesure de garantir la plus haute qualit\u00e9 de nos produits et la disponibilit\u00e9 permanente de notre catalogue.<\/p>\n<p>Gloop ! est une entreprise qui se soucie beaucoup de l\u2019environnement et de la durabilit\u00e9 environnementale mondiale, mais \u00e9galement de la responsabilit\u00e9 sociale des entreprises. La conception de nos propres motifs imprim\u00e9s avec des encres \u00e0 base d\u2019eau, est d\u2019une grande importance pour notre marque. Nos produits \u00e9cologiquement correct, sain et favorisant le bien-\u00eatre sont au c\u0153ur des attentes de nos petits clients.<\/p>\n\t\t\t\t\t\t\t\t<\/div>\n\t\t\t\t<\/div>\n\t\t\t\t\t<\/div>\n\t\t\t\t<\/div>\n\t\t\t\t\t<\/div>\n\t\t\t\t<\/div>\n\t\t<div class=\"elementor-element elementor-element-95f8f78 e-flex e-con-boxed e-con e-child\" data-id=\"95f8f78\" data-element_type=\"container\" data-e-type=\"container\">\n\t\t\t\t\t<div class=\"e-con-inner\">\n\t\t<div class=\"elementor-element elementor-element-6a866df e-flex e-con-boxed e-con e-child\" data-id=\"6a866df\" data-element_type=\"container\" data-e-type=\"container\">\n\t\t\t\t\t<div class=\"e-con-inner\">\n\t\t\t\t<div class=\"elementor-element elementor-element-166b37b elementor-widget elementor-widget-heading\" data-id=\"166b37b\" data-element_type=\"widget\" data-e-type=\"widget\" data-widget_type=\"heading.default\">\n\t\t\t\t<div class=\"elementor-widget-container\">\n\t\t\t\t\t<h2 class=\"elementor-heading-title elementor-size-default\">Le coton biologique<\/h2>\t\t\t\t<\/div>\n\t\t\t\t<\/div>\n\t\t\t\t<div class=\"elementor-element elementor-element-6d82042 elementor-widget elementor-widget-text-editor\" data-id=\"6d82042\" data-element_type=\"widget\" data-e-type=\"widget\" data-widget_type=\"text-editor.default\">\n\t\t\t\t<div class=\"elementor-widget-container\">\n\t\t\t\t\t\t\t\t\t<p>est hypoallerg\u00e9nique car il ne subit aucun traitement chimique depuis sa production jusqu\u2019\u00e0 sa trasnformation en v\u00eatement.<\/p>\n<p>Sa culture, bas\u00e9e sur l\u2019agriculture biologique, est faite d\u2019engrais et de pesticides naturels, n\u00e9cessite moins d\u2019eau, pr\u00e9serve la facilit\u00e9 des sols en alternant avec d\u2019autres cultures, et permet un coton plus doux et plus r\u00e9sistant.<\/p>\n\t\t\t\t\t\t\t\t<\/div>\n\t\t\t\t<\/div>\n\t\t\t\t<div class=\"elementor-element elementor-element-07929c9 elementor-widget elementor-widget-image\" data-id=\"07929c9\" data-element_type=\"widget\" data-e-type=\"widget\" data-widget_type=\"image.default\">\n\t\t\t\t<div class=\"elementor-widget-container\">\n\t\t\t\t\t\t\t\t\t\t\t\t\t\t\t<img decoding=\"async\" width=\"768\" height=\"485\" src=\"https:\/\/gloopbaby.com\/wp-content\/uploads\/2023\/07\/bio-organic-cotton.jpg\" class=\"attachment-large size-large wp-image-36248\" alt=\"\" srcset=\"https:\/\/gloopbaby.com\/wp-content\/uploads\/2023\/07\/bio-organic-cotton.jpg 768w, https:\/\/gloopbaby.com\/wp-content\/uploads\/2023\/07\/bio-organic-cotton-300x189.jpg 300w\" sizes=\"(max-width: 768px) 100vw, 768px\" \/>\t\t\t\t\t\t\t\t\t\t\t\t\t\t\t<\/div>\n\t\t\t\t<\/div>\n\t\t\t\t\t<\/div>\n\t\t\t\t<\/div>\n\t\t<div class=\"elementor-element elementor-element-33c593d e-con-full e-flex e-con e-child\" data-id=\"33c593d\" data-element_type=\"container\" data-e-type=\"container\">\n\t\t\t\t<div class=\"elementor-element elementor-element-a5eee60 elementor-widget elementor-widget-image\" data-id=\"a5eee60\" data-element_type=\"widget\" data-e-type=\"widget\" data-widget_type=\"image.default\">\n\t\t\t\t<div class=\"elementor-widget-container\">\n\t\t\t\t\t\t\t\t\t\t\t\t\t\t\t<img decoding=\"async\" width=\"683\" height=\"1024\" src=\"https:\/\/gloopbaby.com\/wp-content\/uploads\/2023\/09\/Gloop-baby-AW-24-0282-683x1024.jpg\" class=\"attachment-large size-large wp-image-101532\" alt=\"\" srcset=\"https:\/\/gloopbaby.com\/wp-content\/uploads\/2023\/09\/Gloop-baby-AW-24-0282-683x1024.jpg 683w, https:\/\/gloopbaby.com\/wp-content\/uploads\/2023\/09\/Gloop-baby-AW-24-0282-200x300.jpg 200w, https:\/\/gloopbaby.com\/wp-content\/uploads\/2023\/09\/Gloop-baby-AW-24-0282-768x1152.jpg 768w, https:\/\/gloopbaby.com\/wp-content\/uploads\/2023\/09\/Gloop-baby-AW-24-0282-600x900.jpg 600w, https:\/\/gloopbaby.com\/wp-content\/uploads\/2023\/09\/Gloop-baby-AW-24-0282-900x1350.jpg 900w, https:\/\/gloopbaby.com\/wp-content\/uploads\/2023\/09\/Gloop-baby-AW-24-0282.jpg 1000w\" sizes=\"(max-width: 683px) 100vw, 683px\" \/>\t\t\t\t\t\t\t\t\t\t\t\t\t\t\t<\/div>\n\t\t\t\t<\/div>\n\t\t\t\t<\/div>\n\t\t\t\t\t<\/div>\n\t\t\t\t<\/div>\n\t\t\t\t\t<\/div>\n\t\t\t\t<\/div>\n\t\t<div class=\"elementor-element elementor-element-d2159f5 e-flex e-con-boxed e-con e-parent\" data-id=\"d2159f5\" data-element_type=\"container\" data-e-type=\"container\">\n\t\t\t\t\t<div class=\"e-con-inner\">\n\t\t<div class=\"elementor-element elementor-element-28bd75b e-flex e-con-boxed e-con e-child\" data-id=\"28bd75b\" data-element_type=\"container\" data-e-type=\"container\">\n\t\t\t\t\t<div class=\"e-con-inner\">\n\t\t\t\t<div class=\"elementor-element elementor-element-176d0b9 elementor-widget elementor-widget-heading\" data-id=\"176d0b9\" data-element_type=\"widget\" data-e-type=\"widget\" data-widget_type=\"heading.default\">\n\t\t\t\t<div class=\"elementor-widget-container\">\n\t\t\t\t\t<h2 class=\"elementor-heading-title elementor-size-default\">A nossa confec\u00e7\u00e3o<\/h2>\t\t\t\t<\/div>\n\t\t\t\t<\/div>\n\t\t\t\t<div class=\"elementor-element elementor-element-680a00f elementor-widget elementor-widget-jet-woo-product-gallery-grid\" data-id=\"680a00f\" data-element_type=\"widget\" data-e-type=\"widget\" data-widget_type=\"jet-woo-product-gallery-grid.default\">\n\t\t\t\t<div class=\"elementor-widget-container\">\n\t\t\t\t\t<div class=\"jet-woo-product-gallery\" data-gallery-settings=\"{&quot;enableGallery&quot;:false,&quot;enableZoom&quot;:false,&quot;zoomMagnify&quot;:1,&quot;caption&quot;:true,&quot;zoom&quot;:true,&quot;fullscreen&quot;:true,&quot;share&quot;:true,&quot;counter&quot;:true,&quot;arrows&quot;:true,&quot;hasVideo&quot;:false,&quot;videoType&quot;:&quot;&quot;,&quot;videoIn&quot;:&quot;content&quot;,&quot;videoAutoplay&quot;:false,&quot;videoLoop&quot;:false,&quot;videoFirst&quot;:false}\">\n<div class=\"jet-woo-product-gallery__content  jet-woo-product-gallery-grid-primary-\" data-featured-image=\"\">\n\t<div class=\"jet-woo-product-gallery-grid grid-col-desk-3 grid-col-tab-3 grid-col-mob-2\">\n\t\t\n\t\t\t\n<div class=\"jet-woo-product-gallery__image-item\">\n\t<div class=\"jet-woo-product-gallery__image\">\n\t\t<a class=\"jet-woo-product-gallery__image-link\" href=\"https:\/\/gloopbaby.com\/wp-content\/uploads\/2023\/10\/imagm1-site.jpg\" itemprop=\"image\" title=\"imagm1-site\" rel=\"prettyPhoto[jet-gallery]\" data-e-disable-page-transition=\"\"><img loading=\"lazy\" decoding=\"async\" width=\"630\" height=\"840\" src=\"https:\/\/gloopbaby.com\/wp-content\/uploads\/2023\/10\/imagm1-site.jpg\" class=\"wp-post-gallery\" alt=\"\" title=\"imagm1-site\" data-caption=\"\" data-src=\"https:\/\/gloopbaby.com\/wp-content\/uploads\/2023\/10\/imagm1-site.jpg\" data-large_image=\"https:\/\/gloopbaby.com\/wp-content\/uploads\/2023\/10\/imagm1-site.jpg\" data-large_image_width=\"630\" data-large_image_height=\"840\" \/><\/a>\t<\/div>\n<\/div>\n<div class=\"jet-woo-product-gallery__image-item\">\n\t<div class=\"jet-woo-product-gallery__image\">\n\t\t<a class=\"jet-woo-product-gallery__image-link\" href=\"https:\/\/gloopbaby.com\/wp-content\/uploads\/2023\/10\/iamgem5-site.jpg\" itemprop=\"image\" title=\"iamgem5-site\" rel=\"prettyPhoto[jet-gallery]\" data-e-disable-page-transition=\"\"><img loading=\"lazy\" decoding=\"async\" width=\"630\" height=\"840\" src=\"https:\/\/gloopbaby.com\/wp-content\/uploads\/2023\/10\/iamgem5-site.jpg\" class=\"wp-post-gallery\" alt=\"\" title=\"iamgem5-site\" data-caption=\"\" data-src=\"https:\/\/gloopbaby.com\/wp-content\/uploads\/2023\/10\/iamgem5-site.jpg\" data-large_image=\"https:\/\/gloopbaby.com\/wp-content\/uploads\/2023\/10\/iamgem5-site.jpg\" data-large_image_width=\"630\" data-large_image_height=\"840\" \/><\/a>\t<\/div>\n<\/div>\n<div class=\"jet-woo-product-gallery__image-item\">\n\t<div class=\"jet-woo-product-gallery__image\">\n\t\t<a class=\"jet-woo-product-gallery__image-link\" href=\"https:\/\/gloopbaby.com\/wp-content\/uploads\/2023\/10\/imagem2-site.jpg\" itemprop=\"image\" title=\"imagem2-site\" rel=\"prettyPhoto[jet-gallery]\" data-e-disable-page-transition=\"\"><img loading=\"lazy\" decoding=\"async\" width=\"630\" height=\"840\" src=\"https:\/\/gloopbaby.com\/wp-content\/uploads\/2023\/10\/imagem2-site.jpg\" class=\"wp-post-gallery\" alt=\"\" title=\"imagem2-site\" data-caption=\"\" data-src=\"https:\/\/gloopbaby.com\/wp-content\/uploads\/2023\/10\/imagem2-site.jpg\" data-large_image=\"https:\/\/gloopbaby.com\/wp-content\/uploads\/2023\/10\/imagem2-site.jpg\" data-large_image_width=\"630\" data-large_image_height=\"840\" \/><\/a>\t<\/div>\n<\/div>\n<div class=\"jet-woo-product-gallery__image-item\">\n\t<div class=\"jet-woo-product-gallery__image\">\n\t\t<a class=\"jet-woo-product-gallery__image-link\" href=\"https:\/\/gloopbaby.com\/wp-content\/uploads\/2023\/10\/imagem3-site.jpg\" itemprop=\"image\" title=\"imagem3-site\" rel=\"prettyPhoto[jet-gallery]\" data-e-disable-page-transition=\"\"><img loading=\"lazy\" decoding=\"async\" width=\"630\" height=\"840\" src=\"https:\/\/gloopbaby.com\/wp-content\/uploads\/2023\/10\/imagem3-site.jpg\" class=\"wp-post-gallery\" alt=\"\" title=\"imagem3-site\" data-caption=\"\" data-src=\"https:\/\/gloopbaby.com\/wp-content\/uploads\/2023\/10\/imagem3-site.jpg\" data-large_image=\"https:\/\/gloopbaby.com\/wp-content\/uploads\/2023\/10\/imagem3-site.jpg\" data-large_image_width=\"630\" data-large_image_height=\"840\" \/><a class=\"jet-woo-product-gallery__image-overlay\"><span>+ 2 More Images<\/span><\/a><\/a>\t<\/div>\n<\/div>\n<div class=\"jet-woo-product-gallery__image-item item-hidden\">\n\t<div class=\"jet-woo-product-gallery__image\">\n\t\t<a class=\"jet-woo-product-gallery__image-link\" href=\"https:\/\/gloopbaby.com\/wp-content\/uploads\/2023\/10\/imagem4-site.jpg\" itemprop=\"image\" title=\"imagem4-site\" rel=\"prettyPhoto[jet-gallery]\" data-e-disable-page-transition=\"\"><img loading=\"lazy\" decoding=\"async\" width=\"630\" height=\"840\" src=\"https:\/\/gloopbaby.com\/wp-content\/uploads\/2023\/10\/imagem4-site.jpg\" class=\"wp-post-gallery\" alt=\"\" title=\"imagem4-site\" data-caption=\"\" data-src=\"https:\/\/gloopbaby.com\/wp-content\/uploads\/2023\/10\/imagem4-site.jpg\" data-large_image=\"https:\/\/gloopbaby.com\/wp-content\/uploads\/2023\/10\/imagem4-site.jpg\" data-large_image_width=\"630\" data-large_image_height=\"840\" \/><\/a>\t<\/div>\n<\/div>\n<div class=\"jet-woo-product-gallery__image-item item-hidden\">\n\t<div class=\"jet-woo-product-gallery__image\">\n\t\t<a class=\"jet-woo-product-gallery__image-link\" href=\"https:\/\/gloopbaby.com\/wp-content\/uploads\/2023\/10\/imgem6-site.jpg\" itemprop=\"image\" title=\"imgem6-site\" rel=\"prettyPhoto[jet-gallery]\" data-e-disable-page-transition=\"\"><img loading=\"lazy\" decoding=\"async\" width=\"630\" height=\"840\" src=\"https:\/\/gloopbaby.com\/wp-content\/uploads\/2023\/10\/imgem6-site.jpg\" class=\"wp-post-gallery\" alt=\"\" title=\"imgem6-site\" data-caption=\"\" data-src=\"https:\/\/gloopbaby.com\/wp-content\/uploads\/2023\/10\/imgem6-site.jpg\" data-large_image=\"https:\/\/gloopbaby.com\/wp-content\/uploads\/2023\/10\/imgem6-site.jpg\" data-large_image_width=\"630\" data-large_image_height=\"840\" \/><\/a>\t<\/div>\n<\/div>\n\t\t\t<\/div>\n<\/div><\/div>\t\t\t\t<\/div>\n\t\t\t\t<\/div>\n\t\t\t\t\t<\/div>\n\t\t\t\t<\/div>\n\t\t\t\t\t<\/div>\n\t\t\t\t<\/div>\n\t\t\t\t<\/div>\n\t\t","protected":false},"excerpt":{"rendered":"<p>Nous sommes une marque portugaise Bas\u00e9e au Portugal, fabriquant ses propres produits, notre marque est enti\u00e8rement con\u00e7ue et pens\u00e9e par nos \u00e9quipes. La production de tissu et l\u2019impression sont r\u00e9alis\u00e9es dans le nord du Portugal. Avec l\u2019ensemble du processus de production g\u00e9ographiquement proche, et plus de 40 ans d\u2019exp\u00e9rience, nous sommes en mesure de garantir [&hellip;]<\/p>\n","protected":false},"author":1,"featured_media":0,"parent":0,"menu_order":0,"comment_status":"closed","ping_status":"closed","template":"","meta":{"_acf_changed":false,"footnotes":""},"class_list":["post-33239","page","type-page","status-publish","hentry"],"acf":[],"yoast_head":"<!-- This site is optimized with the Yoast SEO plugin v27.4 - https:\/\/yoast.com\/product\/yoast-seo-wordpress\/ -->\n<title>\u00e0 propos de nous - Gloop Baby<\/title>\n<meta name=\"robots\" content=\"index, follow, max-snippet:-1, max-image-preview:large, max-video-preview:-1\" \/>\n<link rel=\"canonical\" href=\"https:\/\/gloopbaby.com\/fr\/gloop\/\" \/>\n<meta property=\"og:locale\" content=\"fr_FR\" \/>\n<meta property=\"og:type\" content=\"article\" \/>\n<meta property=\"og:title\" content=\"\u00e0 propos de nous - Gloop Baby\" \/>\n<meta property=\"og:description\" content=\"Nous sommes une marque portugaise Bas\u00e9e au Portugal, fabriquant ses propres produits, notre marque est enti\u00e8rement con\u00e7ue et pens\u00e9e par nos \u00e9quipes. La production de tissu et l\u2019impression sont r\u00e9alis\u00e9es dans le nord du Portugal. Avec l\u2019ensemble du processus de production g\u00e9ographiquement proche, et plus de 40 ans d\u2019exp\u00e9rience, nous sommes en mesure de garantir [&hellip;]\" \/>\n<meta property=\"og:url\" content=\"https:\/\/gloopbaby.com\/fr\/gloop\/\" \/>\n<meta property=\"og:site_name\" content=\"Gloop Baby\" \/>\n<meta property=\"article:modified_time\" content=\"2023-11-24T12:34:20+00:00\" \/>\n<meta property=\"og:image\" content=\"https:\/\/gloopbaby.com\/wp-content\/uploads\/2023\/09\/Gloop-baby-AW-24-0165-683x1024.jpg\" \/>\n<meta name=\"twitter:card\" content=\"summary_large_image\" \/>\n<meta name=\"twitter:label1\" content=\"Dur\u00e9e de lecture estim\u00e9e\" \/>\n\t<meta name=\"twitter:data1\" content=\"1 minute\" \/>\n<script type=\"application\/ld+json\" class=\"yoast-schema-graph\">{\"@context\":\"https:\\\/\\\/schema.org\",\"@graph\":[{\"@type\":\"WebPage\",\"@id\":\"https:\\\/\\\/gloopbaby.com\\\/fr\\\/gloop\\\/\",\"url\":\"https:\\\/\\\/gloopbaby.com\\\/fr\\\/gloop\\\/\",\"name\":\"\u00e0 propos de nous - Gloop Baby\",\"isPartOf\":{\"@id\":\"https:\\\/\\\/gloopbaby.com\\\/fr\\\/#website\"},\"primaryImageOfPage\":{\"@id\":\"https:\\\/\\\/gloopbaby.com\\\/fr\\\/gloop\\\/#primaryimage\"},\"image\":{\"@id\":\"https:\\\/\\\/gloopbaby.com\\\/fr\\\/gloop\\\/#primaryimage\"},\"thumbnailUrl\":\"https:\\\/\\\/gloopbaby.com\\\/wp-content\\\/uploads\\\/2023\\\/09\\\/Gloop-baby-AW-24-0165-683x1024.jpg\",\"datePublished\":\"2023-06-27T10:16:45+00:00\",\"dateModified\":\"2023-11-24T12:34:20+00:00\",\"breadcrumb\":{\"@id\":\"https:\\\/\\\/gloopbaby.com\\\/fr\\\/gloop\\\/#breadcrumb\"},\"inLanguage\":\"fr-FR\",\"potentialAction\":[{\"@type\":\"ReadAction\",\"target\":[\"https:\\\/\\\/gloopbaby.com\\\/fr\\\/gloop\\\/\"]}]},{\"@type\":\"ImageObject\",\"inLanguage\":\"fr-FR\",\"@id\":\"https:\\\/\\\/gloopbaby.com\\\/fr\\\/gloop\\\/#primaryimage\",\"url\":\"https:\\\/\\\/gloopbaby.com\\\/wp-content\\\/uploads\\\/2023\\\/09\\\/Gloop-baby-AW-24-0165-683x1024.jpg\",\"contentUrl\":\"https:\\\/\\\/gloopbaby.com\\\/wp-content\\\/uploads\\\/2023\\\/09\\\/Gloop-baby-AW-24-0165-683x1024.jpg\"},{\"@type\":\"BreadcrumbList\",\"@id\":\"https:\\\/\\\/gloopbaby.com\\\/fr\\\/gloop\\\/#breadcrumb\",\"itemListElement\":[{\"@type\":\"ListItem\",\"position\":1,\"name\":\"In\u00edcio\",\"item\":\"https:\\\/\\\/gloopbaby.com\\\/fr\\\/\"},{\"@type\":\"ListItem\",\"position\":2,\"name\":\"\u00e0 propos de nous\"}]},{\"@type\":\"WebSite\",\"@id\":\"https:\\\/\\\/gloopbaby.com\\\/fr\\\/#website\",\"url\":\"https:\\\/\\\/gloopbaby.com\\\/fr\\\/\",\"name\":\"Gloop Baby\",\"description\":\"\",\"publisher\":{\"@id\":\"https:\\\/\\\/gloopbaby.com\\\/fr\\\/#organization\"},\"potentialAction\":[{\"@type\":\"SearchAction\",\"target\":{\"@type\":\"EntryPoint\",\"urlTemplate\":\"https:\\\/\\\/gloopbaby.com\\\/fr\\\/?s={search_term_string}\"},\"query-input\":{\"@type\":\"PropertyValueSpecification\",\"valueRequired\":true,\"valueName\":\"search_term_string\"}}],\"inLanguage\":\"fr-FR\"},{\"@type\":\"Organization\",\"@id\":\"https:\\\/\\\/gloopbaby.com\\\/fr\\\/#organization\",\"name\":\"Gloop Baby\",\"url\":\"https:\\\/\\\/gloopbaby.com\\\/fr\\\/\",\"logo\":{\"@type\":\"ImageObject\",\"inLanguage\":\"fr-FR\",\"@id\":\"https:\\\/\\\/gloopbaby.com\\\/fr\\\/#\\\/schema\\\/logo\\\/image\\\/\",\"url\":\"https:\\\/\\\/gloopbaby.com\\\/wp-content\\\/uploads\\\/2023\\\/06\\\/gloop-logo.svg\",\"contentUrl\":\"https:\\\/\\\/gloopbaby.com\\\/wp-content\\\/uploads\\\/2023\\\/06\\\/gloop-logo.svg\",\"width\":100,\"height\":100,\"caption\":\"Gloop Baby\"},\"image\":{\"@id\":\"https:\\\/\\\/gloopbaby.com\\\/fr\\\/#\\\/schema\\\/logo\\\/image\\\/\"}}]}<\/script>\n<!-- \/ Yoast SEO plugin. -->","yoast_head_json":{"title":"\u00e0 propos de nous - Gloop Baby","robots":{"index":"index","follow":"follow","max-snippet":"max-snippet:-1","max-image-preview":"max-image-preview:large","max-video-preview":"max-video-preview:-1"},"canonical":"https:\/\/gloopbaby.com\/fr\/gloop\/","og_locale":"fr_FR","og_type":"article","og_title":"\u00e0 propos de nous - Gloop Baby","og_description":"Nous sommes une marque portugaise Bas\u00e9e au Portugal, fabriquant ses propres produits, notre marque est enti\u00e8rement con\u00e7ue et pens\u00e9e par nos \u00e9quipes. La production de tissu et l\u2019impression sont r\u00e9alis\u00e9es dans le nord du Portugal. Avec l\u2019ensemble du processus de production g\u00e9ographiquement proche, et plus de 40 ans d\u2019exp\u00e9rience, nous sommes en mesure de garantir [&hellip;]","og_url":"https:\/\/gloopbaby.com\/fr\/gloop\/","og_site_name":"Gloop Baby","article_modified_time":"2023-11-24T12:34:20+00:00","og_image":[{"url":"https:\/\/gloopbaby.com\/wp-content\/uploads\/2023\/09\/Gloop-baby-AW-24-0165-683x1024.jpg","type":"","width":"","height":""}],"twitter_card":"summary_large_image","twitter_misc":{"Dur\u00e9e de lecture estim\u00e9e":"1 minute"},"schema":{"@context":"https:\/\/schema.org","@graph":[{"@type":"WebPage","@id":"https:\/\/gloopbaby.com\/fr\/gloop\/","url":"https:\/\/gloopbaby.com\/fr\/gloop\/","name":"\u00e0 propos de nous - Gloop Baby","isPartOf":{"@id":"https:\/\/gloopbaby.com\/fr\/#website"},"primaryImageOfPage":{"@id":"https:\/\/gloopbaby.com\/fr\/gloop\/#primaryimage"},"image":{"@id":"https:\/\/gloopbaby.com\/fr\/gloop\/#primaryimage"},"thumbnailUrl":"https:\/\/gloopbaby.com\/wp-content\/uploads\/2023\/09\/Gloop-baby-AW-24-0165-683x1024.jpg","datePublished":"2023-06-27T10:16:45+00:00","dateModified":"2023-11-24T12:34:20+00:00","breadcrumb":{"@id":"https:\/\/gloopbaby.com\/fr\/gloop\/#breadcrumb"},"inLanguage":"fr-FR","potentialAction":[{"@type":"ReadAction","target":["https:\/\/gloopbaby.com\/fr\/gloop\/"]}]},{"@type":"ImageObject","inLanguage":"fr-FR","@id":"https:\/\/gloopbaby.com\/fr\/gloop\/#primaryimage","url":"https:\/\/gloopbaby.com\/wp-content\/uploads\/2023\/09\/Gloop-baby-AW-24-0165-683x1024.jpg","contentUrl":"https:\/\/gloopbaby.com\/wp-content\/uploads\/2023\/09\/Gloop-baby-AW-24-0165-683x1024.jpg"},{"@type":"BreadcrumbList","@id":"https:\/\/gloopbaby.com\/fr\/gloop\/#breadcrumb","itemListElement":[{"@type":"ListItem","position":1,"name":"In\u00edcio","item":"https:\/\/gloopbaby.com\/fr\/"},{"@type":"ListItem","position":2,"name":"\u00e0 propos de nous"}]},{"@type":"WebSite","@id":"https:\/\/gloopbaby.com\/fr\/#website","url":"https:\/\/gloopbaby.com\/fr\/","name":"Gloop Baby","description":"","publisher":{"@id":"https:\/\/gloopbaby.com\/fr\/#organization"},"potentialAction":[{"@type":"SearchAction","target":{"@type":"EntryPoint","urlTemplate":"https:\/\/gloopbaby.com\/fr\/?s={search_term_string}"},"query-input":{"@type":"PropertyValueSpecification","valueRequired":true,"valueName":"search_term_string"}}],"inLanguage":"fr-FR"},{"@type":"Organization","@id":"https:\/\/gloopbaby.com\/fr\/#organization","name":"Gloop Baby","url":"https:\/\/gloopbaby.com\/fr\/","logo":{"@type":"ImageObject","inLanguage":"fr-FR","@id":"https:\/\/gloopbaby.com\/fr\/#\/schema\/logo\/image\/","url":"https:\/\/gloopbaby.com\/wp-content\/uploads\/2023\/06\/gloop-logo.svg","contentUrl":"https:\/\/gloopbaby.com\/wp-content\/uploads\/2023\/06\/gloop-logo.svg","width":100,"height":100,"caption":"Gloop Baby"},"image":{"@id":"https:\/\/gloopbaby.com\/fr\/#\/schema\/logo\/image\/"}}]}},"_links":{"self":[{"href":"https:\/\/gloopbaby.com\/fr\/wp-json\/wp\/v2\/pages\/33239","targetHints":{"allow":["GET"]}}],"collection":[{"href":"https:\/\/gloopbaby.com\/fr\/wp-json\/wp\/v2\/pages"}],"about":[{"href":"https:\/\/gloopbaby.com\/fr\/wp-json\/wp\/v2\/types\/page"}],"author":[{"embeddable":true,"href":"https:\/\/gloopbaby.com\/fr\/wp-json\/wp\/v2\/users\/1"}],"replies":[{"embeddable":true,"href":"https:\/\/gloopbaby.com\/fr\/wp-json\/wp\/v2\/comments?post=33239"}],"version-history":[{"count":0,"href":"https:\/\/gloopbaby.com\/fr\/wp-json\/wp\/v2\/pages\/33239\/revisions"}],"wp:attachment":[{"href":"https:\/\/gloopbaby.com\/fr\/wp-json\/wp\/v2\/media?parent=33239"}],"curies":[{"name":"wp","href":"https:\/\/api.w.org\/{rel}","templated":true}]}}