{"id":33233,"date":"2023-06-27T10:18:10","date_gmt":"2023-06-27T10:18:10","guid":{"rendered":"https:\/\/gloopbaby.com\/termes-et-conditions\/"},"modified":"2025-10-31T12:23:34","modified_gmt":"2025-10-31T12:23:34","slug":"termes-et-conditions","status":"publish","type":"page","link":"https:\/\/gloopbaby.com\/fr\/termes-et-conditions\/","title":{"rendered":"Termes et conditions"},"content":{"rendered":"\n<p><strong>COMMENT PASSER COMMANDE<\/strong><\/p>\n\n\n\n<p>Vous pouvez commander nos produits en naviguant sur notre site Web et en cliquant sur les articles que vous aimez.<\/p>\n\n\n\n<ul class=\"wp-block-list\">\n<li>Dans les page produit vous retrouverez toutes les informations dont vous avez besoin pour prendre votre d\u00e9cision.<\/li>\n\n\n\n<li>Pour acheter le produit, cliquez simplement sur \u201cAjouter au panier\u201d.<\/li>\n\n\n\n<li>Se quiser continuar a comprar, repita o processo;<\/li>\n\n\n\n<li>Ensuite, vous pouvez choisir soit de continuer vos achats sur notre site ou d\u2019aller directement dans votre panier o\u00f9 vous pourrez retrouver votre s\u00e9lection.<\/li>\n\n\n\n<li>Pour avoir acc\u00e8s \u00e0 votre panier il vous suffit de cliquer sur l\u2019ic\u00f4ne \u00ab&nbsp;chariot&nbsp;\u00bb en haut \u00e0 droite de l\u2019\u00e9cran.<\/li>\n\n\n\n<li>Pour acheter les articles s\u00e9lectionn\u00e9s, vous devez avoir un compte et un identifiant. Si vous ne l\u2019avez pas d\u00e9j\u00e0 fait, nous vous demanderons d\u2019enregistrer votre compte.<\/li>\n\n\n\n<li>Sur la page du panier, vous pouvez v\u00e9rifier votre s\u00e9lection, modifier les quantit\u00e9s ou supprimer des articles. \u00c0 la fin vous devez indiquer l\u2019adresse de livraison (qui peut \u00eatre diff\u00e9rente de l\u2019adresse d\u2019enregistrement), s\u00e9lectionner la m\u00e9thode de paiement et compl\u00e9ter la commande.<\/li>\n<\/ul>\n\n\n\n<p>Apr\u00e8s avoir soumis votre demande, vous recevrez un email de confirmation qui inclura le num\u00e9ro de commande, la r\u00e9f\u00e9rence des produits command\u00e9s, votre adresse de livraison et votre mode de paiement. En cas de doute, vous pouvez toujours nous contacter via notre email,&nbsp;<a href=\"mailto:encomendas@gloopbaby.com\">geral@gloopbaby.com<\/a>.<\/p>\n\n\n\n<p>Apr\u00e8s avoir pass\u00e9 votre commande, vous disposez de 5 jours pour effectuer le paiement, sinon il sera automatiquement annul\u00e9.<\/p>\n\n\n\n<p><strong>PAIEMENT<\/strong><\/p>\n\n\n\n<p>Tous les prix sont indiqu\u00e9s en EURO et comprennent la TVA au taux en vigueur. Les frais de transport ne sont pas inclus. Ceux-ci ne peuvent \u00eatre donn\u00e9s qu\u2019apr\u00e8s ex\u00e9cution de la commande.<\/p>\n\n\n\n<p>Votre facture accompagnera toujours votre commande.<\/p>\n\n\n\n<p>Gloop se r\u00e9serve le droit d\u2019ajuster, \u00e0 tout moment, ses prix, promotions, articles et fonctionnalit\u00e9s. Les prix qui sont r\u00e9duits lors des soldes et des promotions ne sont valables que pour la p\u00e9riode indiqu\u00e9e.<\/p>\n\n\n\n<p>Gloop accepte les modes de paiement suivants:<\/p>\n\n\n\n<ul class=\"wp-block-list\">\n<li><strong>Paypal<\/strong>&nbsp;\u2013 Si vous choisissez d\u2019utiliser une carte de cr\u00e9dit, vous pouvez payer via Paypal. Vous serez imm\u00e9diatement redirig\u00e9 vers leur site Web.<\/li>\n\n\n\n<li><strong>Virement<\/strong>&nbsp;\u2013 Vous pouvez \u00e9galement payer votre commande par virement bancaire. Notre IBAN sera fourni \u00e0 la fin du processus d\u2019achat. S\u2019il vous pla\u00eet entrer votre pr\u00e9nom et votre nom lors du t\u00e9l\u00e9chargement des \u00e9l\u00e9ments.<br>Vous devez nous envoyer une preuve de paiement \u00e0 l\u2019adresse e-mail&nbsp;<a href=\"mailto:encomendas@gloopbaby.com\">geral@gloopbaby.com<\/a>&nbsp;pour proc\u00e9der \u00e0 l\u2019exp\u00e9dition de votre commande le plus rapidement possible.<\/li>\n\n\n\n<li><strong>Carte de cr\u00e9dit \u2013 Visa\/MasterCard<\/strong>&nbsp;\u2013 Vous pouvez effectuer votre paiement de mani\u00e8re totalement s\u00e9curis\u00e9e en introduisant les donn\u00e9es de votre carte de cr\u00e9dit.<\/li>\n\n\n\n<li><strong>Apple Pay<\/strong>&nbsp;\u2013 Vous pouvez effectuer votre paiement de mani\u00e8re totalement s\u00e9curis\u00e9e en introduisant les donn\u00e9es de votre carte.<\/li>\n\n\n\n<li><strong>Google Pay<\/strong>&nbsp;\u2013 Vous pouvez effectuer votre paiement de mani\u00e8re totalement s\u00e9curis\u00e9e en introduisant les donn\u00e9es de votre carte.<\/li>\n<\/ul>\n\n\n\n<p><strong>LIVRAISON<\/strong><\/p>\n\n\n\n<p>Votre commande sera exp\u00e9di\u00e9e dans les 24 \u00e0 48 heures apr\u00e8s la confirmation du paiement. Si, pour une raison exceptionnelle, nous sommes en retard dans l\u2019envoi (par exemple en cas de gr\u00e8ves de transporteur, de perturbations inattendues de stock, etc.), nous vous contacterons imm\u00e9diatement.<\/p>\n\n\n\n<p>Selon le pays d\u2019acheminement, votre commande entra\u00eenera des frais suppl\u00e9mentaires pour l\u2019exp\u00e9dition, comme suit:<\/p>\n\n\n\n<ul class=\"wp-block-list\">\n<li>Portugal \u2013 4.99\u20ac<\/li>\n\n\n\n<li>Madeira\/A\u00e7ores \u2013 6.95\u20ac<\/li>\n\n\n\n<li>UE \u2013 9.95\u20ac (Livraison gratuite \u00e0 partir de 100\u20ac)<\/li>\n\n\n\n<li>UK \u2013 24.95\u20ac<\/li>\n\n\n\n<li>Suisse \u2013 24.90\u20ac<\/li>\n\n\n\n<li>Autres \u2013 9.90\u20ac<\/li>\n<\/ul>\n\n\n\n<p>Livraison gratuite \u00e0 partir de 100\u20ac (sauf Suisse et UK).<\/p>\n\n\n\n<p>Veuillez noter que les commandes internationales peuvent \u00eatre soumises \u00e0 des droits de douane ou \u00e0 des frais d\u2019importation au moment de l\u2019entr\u00e9e des actions dans votre pays.<\/p>\n\n\n\n<p>Nous ne sommes pas en mesure de connaitre ces charges et ne pouvons pas pr\u00e9dire sa valeur puisque les diff\u00e9rences entre les pays varient. Vous devriez contacter les autorit\u00e9s locales pour plus d\u2019informations.<\/p>\n\n\n\n<p>Nous vous sugg\u00e9rons d\u2019indiquer une adresse de livraison ou il y a le plus de chances que quelqu\u2019un soit disponible pour la recevoir.<\/p>\n\n\n\n<p>Les commandes sont livr\u00e9es via le transporteur DPD et BATCH.<\/p>\n\n\n\n<p><strong>RETOURS<\/strong><\/p>\n\n\n\n<p>D\u00e8s r\u00e9ception de votre commande, si pour une raison quelconque vous n\u2019\u00eates pas satisfait, vous disposez de 14 jours pour \u00e9changer ou retourner le produit achet\u00e9.<\/p>\n\n\n\n<p>Pour cela, veuillez nous contacter par courriel \u00e0&nbsp;<a href=\"mailto:geral@gloopbaby.com\">geral@gloopbaby.com<\/a>&nbsp;en indiquant la cause, le num\u00e9ro de la facture et le retour ou l\u2019\u00e9change du produit de r\u00e9f\u00e9rence.<\/p>\n\n\n\n<p>Les produits \u00e0 retourner ou \u00e0 \u00e9changer doivent \u00eatre accompagn\u00e9s de l\u2019emballage d\u2019origine avec leurs \u00e9tiquettes intactes et sans aucun signe d\u2019utilisation.<\/p>\n\n\n\n<p>Les produits doivent \u00eatre prot\u00e9g\u00e9 de mani\u00e8re ad\u00e9quate pour ne pas \u00eatre endommag\u00e9 pendant le transport. Les frais de transport et \/ ou de remboursement sont \u00e0 la charge du client.<\/p>\n\n\n\n<p>Politique d&rsquo;annulation et de retour avec d\u00e9lais et conditions (conform\u00e9ment au droit de libre r\u00e9solution dans les contrats conclus \u00e0 distance ou conclus en dehors de l&rsquo;\u00e9tablissement \u2013 \u200b\u200b\u200b\u200bD\u00e9cret-loi n\u00b0 24\/2014 \u2013 art 10).<\/p>\n\n\n\n<figure class=\"wp-block-image size-full is-resized\"><img fetchpriority=\"high\" decoding=\"async\" width=\"584\" height=\"110\" src=\"https:\/\/gloopbaby.com\/wp-content\/uploads\/2025\/07\/5-variantes-mb-mbw-cc-ap-gp.png\" alt=\"\" class=\"wp-image-135620\" style=\"width:580px;height:auto\" srcset=\"https:\/\/gloopbaby.com\/wp-content\/uploads\/2025\/07\/5-variantes-mb-mbw-cc-ap-gp.png 584w, https:\/\/gloopbaby.com\/wp-content\/uploads\/2025\/07\/5-variantes-mb-mbw-cc-ap-gp-300x57.png 300w\" sizes=\"(max-width: 584px) 100vw, 584px\" \/><\/figure>\n","protected":false},"excerpt":{"rendered":"<p>COMMENT PASSER COMMANDE Vous pouvez commander nos produits en naviguant sur notre site Web et en cliquant sur les articles que vous aimez. Apr\u00e8s avoir soumis votre demande, vous recevrez un email de confirmation qui inclura le num\u00e9ro de commande, la r\u00e9f\u00e9rence des produits command\u00e9s, votre adresse de livraison et votre mode de paiement. En [&hellip;]<\/p>\n","protected":false},"author":1,"featured_media":135620,"parent":0,"menu_order":0,"comment_status":"closed","ping_status":"closed","template":"","meta":{"_acf_changed":false,"footnotes":""},"class_list":["post-33233","page","type-page","status-publish","has-post-thumbnail","hentry"],"acf":[],"yoast_head":"<!-- This site is optimized with the Yoast SEO plugin v27.4 - https:\/\/yoast.com\/product\/yoast-seo-wordpress\/ -->\n<title>Termes et conditions - Gloop Baby<\/title>\n<meta name=\"robots\" content=\"index, follow, max-snippet:-1, max-image-preview:large, max-video-preview:-1\" \/>\n<link rel=\"canonical\" href=\"https:\/\/gloopbaby.com\/fr\/termes-et-conditions\/\" \/>\n<meta property=\"og:locale\" content=\"fr_FR\" \/>\n<meta property=\"og:type\" content=\"article\" \/>\n<meta property=\"og:title\" content=\"Termes et conditions - Gloop Baby\" \/>\n<meta property=\"og:description\" content=\"COMMENT PASSER COMMANDE Vous pouvez commander nos produits en naviguant sur notre site Web et en cliquant sur les articles que vous aimez. Apr\u00e8s avoir soumis votre demande, vous recevrez un email de confirmation qui inclura le num\u00e9ro de commande, la r\u00e9f\u00e9rence des produits command\u00e9s, votre adresse de livraison et votre mode de paiement. En [&hellip;]\" \/>\n<meta property=\"og:url\" content=\"https:\/\/gloopbaby.com\/fr\/termes-et-conditions\/\" \/>\n<meta property=\"og:site_name\" content=\"Gloop Baby\" \/>\n<meta property=\"article:modified_time\" content=\"2025-10-31T12:23:34+00:00\" \/>\n<meta property=\"og:image\" content=\"https:\/\/gloopbaby.com\/wp-content\/uploads\/2025\/07\/5-variantes-mb-mbw-cc-ap-gp.png\" \/>\n\t<meta property=\"og:image:width\" content=\"584\" \/>\n\t<meta property=\"og:image:height\" content=\"110\" \/>\n\t<meta property=\"og:image:type\" content=\"image\/png\" \/>\n<meta name=\"twitter:card\" content=\"summary_large_image\" \/>\n<meta name=\"twitter:label1\" content=\"Dur\u00e9e de lecture estim\u00e9e\" \/>\n\t<meta name=\"twitter:data1\" content=\"5 minutes\" \/>\n<script type=\"application\/ld+json\" class=\"yoast-schema-graph\">{\"@context\":\"https:\\\/\\\/schema.org\",\"@graph\":[{\"@type\":\"WebPage\",\"@id\":\"https:\\\/\\\/gloopbaby.com\\\/fr\\\/termes-et-conditions\\\/\",\"url\":\"https:\\\/\\\/gloopbaby.com\\\/fr\\\/termes-et-conditions\\\/\",\"name\":\"Termes et conditions - Gloop Baby\",\"isPartOf\":{\"@id\":\"https:\\\/\\\/gloopbaby.com\\\/fr\\\/#website\"},\"primaryImageOfPage\":{\"@id\":\"https:\\\/\\\/gloopbaby.com\\\/fr\\\/termes-et-conditions\\\/#primaryimage\"},\"image\":{\"@id\":\"https:\\\/\\\/gloopbaby.com\\\/fr\\\/termes-et-conditions\\\/#primaryimage\"},\"thumbnailUrl\":\"https:\\\/\\\/gloopbaby.com\\\/wp-content\\\/uploads\\\/2025\\\/07\\\/5-variantes-mb-mbw-cc-ap-gp.png\",\"datePublished\":\"2023-06-27T10:18:10+00:00\",\"dateModified\":\"2025-10-31T12:23:34+00:00\",\"breadcrumb\":{\"@id\":\"https:\\\/\\\/gloopbaby.com\\\/fr\\\/termes-et-conditions\\\/#breadcrumb\"},\"inLanguage\":\"fr-FR\",\"potentialAction\":[{\"@type\":\"ReadAction\",\"target\":[\"https:\\\/\\\/gloopbaby.com\\\/fr\\\/termes-et-conditions\\\/\"]}]},{\"@type\":\"ImageObject\",\"inLanguage\":\"fr-FR\",\"@id\":\"https:\\\/\\\/gloopbaby.com\\\/fr\\\/termes-et-conditions\\\/#primaryimage\",\"url\":\"https:\\\/\\\/gloopbaby.com\\\/wp-content\\\/uploads\\\/2025\\\/07\\\/5-variantes-mb-mbw-cc-ap-gp.png\",\"contentUrl\":\"https:\\\/\\\/gloopbaby.com\\\/wp-content\\\/uploads\\\/2025\\\/07\\\/5-variantes-mb-mbw-cc-ap-gp.png\",\"width\":584,\"height\":110},{\"@type\":\"BreadcrumbList\",\"@id\":\"https:\\\/\\\/gloopbaby.com\\\/fr\\\/termes-et-conditions\\\/#breadcrumb\",\"itemListElement\":[{\"@type\":\"ListItem\",\"position\":1,\"name\":\"In\u00edcio\",\"item\":\"https:\\\/\\\/gloopbaby.com\\\/fr\\\/\"},{\"@type\":\"ListItem\",\"position\":2,\"name\":\"Termes et conditions\"}]},{\"@type\":\"WebSite\",\"@id\":\"https:\\\/\\\/gloopbaby.com\\\/fr\\\/#website\",\"url\":\"https:\\\/\\\/gloopbaby.com\\\/fr\\\/\",\"name\":\"Gloop Baby\",\"description\":\"\",\"publisher\":{\"@id\":\"https:\\\/\\\/gloopbaby.com\\\/fr\\\/#organization\"},\"potentialAction\":[{\"@type\":\"SearchAction\",\"target\":{\"@type\":\"EntryPoint\",\"urlTemplate\":\"https:\\\/\\\/gloopbaby.com\\\/fr\\\/?s={search_term_string}\"},\"query-input\":{\"@type\":\"PropertyValueSpecification\",\"valueRequired\":true,\"valueName\":\"search_term_string\"}}],\"inLanguage\":\"fr-FR\"},{\"@type\":\"Organization\",\"@id\":\"https:\\\/\\\/gloopbaby.com\\\/fr\\\/#organization\",\"name\":\"Gloop Baby\",\"url\":\"https:\\\/\\\/gloopbaby.com\\\/fr\\\/\",\"logo\":{\"@type\":\"ImageObject\",\"inLanguage\":\"fr-FR\",\"@id\":\"https:\\\/\\\/gloopbaby.com\\\/fr\\\/#\\\/schema\\\/logo\\\/image\\\/\",\"url\":\"https:\\\/\\\/gloopbaby.com\\\/wp-content\\\/uploads\\\/2023\\\/06\\\/gloop-logo.svg\",\"contentUrl\":\"https:\\\/\\\/gloopbaby.com\\\/wp-content\\\/uploads\\\/2023\\\/06\\\/gloop-logo.svg\",\"width\":100,\"height\":100,\"caption\":\"Gloop Baby\"},\"image\":{\"@id\":\"https:\\\/\\\/gloopbaby.com\\\/fr\\\/#\\\/schema\\\/logo\\\/image\\\/\"}}]}<\/script>\n<!-- \/ Yoast SEO plugin. -->","yoast_head_json":{"title":"Termes et conditions - Gloop Baby","robots":{"index":"index","follow":"follow","max-snippet":"max-snippet:-1","max-image-preview":"max-image-preview:large","max-video-preview":"max-video-preview:-1"},"canonical":"https:\/\/gloopbaby.com\/fr\/termes-et-conditions\/","og_locale":"fr_FR","og_type":"article","og_title":"Termes et conditions - Gloop Baby","og_description":"COMMENT PASSER COMMANDE Vous pouvez commander nos produits en naviguant sur notre site Web et en cliquant sur les articles que vous aimez. Apr\u00e8s avoir soumis votre demande, vous recevrez un email de confirmation qui inclura le num\u00e9ro de commande, la r\u00e9f\u00e9rence des produits command\u00e9s, votre adresse de livraison et votre mode de paiement. En [&hellip;]","og_url":"https:\/\/gloopbaby.com\/fr\/termes-et-conditions\/","og_site_name":"Gloop Baby","article_modified_time":"2025-10-31T12:23:34+00:00","og_image":[{"width":584,"height":110,"url":"https:\/\/gloopbaby.com\/wp-content\/uploads\/2025\/07\/5-variantes-mb-mbw-cc-ap-gp.png","type":"image\/png"}],"twitter_card":"summary_large_image","twitter_misc":{"Dur\u00e9e de lecture estim\u00e9e":"5 minutes"},"schema":{"@context":"https:\/\/schema.org","@graph":[{"@type":"WebPage","@id":"https:\/\/gloopbaby.com\/fr\/termes-et-conditions\/","url":"https:\/\/gloopbaby.com\/fr\/termes-et-conditions\/","name":"Termes et conditions - Gloop Baby","isPartOf":{"@id":"https:\/\/gloopbaby.com\/fr\/#website"},"primaryImageOfPage":{"@id":"https:\/\/gloopbaby.com\/fr\/termes-et-conditions\/#primaryimage"},"image":{"@id":"https:\/\/gloopbaby.com\/fr\/termes-et-conditions\/#primaryimage"},"thumbnailUrl":"https:\/\/gloopbaby.com\/wp-content\/uploads\/2025\/07\/5-variantes-mb-mbw-cc-ap-gp.png","datePublished":"2023-06-27T10:18:10+00:00","dateModified":"2025-10-31T12:23:34+00:00","breadcrumb":{"@id":"https:\/\/gloopbaby.com\/fr\/termes-et-conditions\/#breadcrumb"},"inLanguage":"fr-FR","potentialAction":[{"@type":"ReadAction","target":["https:\/\/gloopbaby.com\/fr\/termes-et-conditions\/"]}]},{"@type":"ImageObject","inLanguage":"fr-FR","@id":"https:\/\/gloopbaby.com\/fr\/termes-et-conditions\/#primaryimage","url":"https:\/\/gloopbaby.com\/wp-content\/uploads\/2025\/07\/5-variantes-mb-mbw-cc-ap-gp.png","contentUrl":"https:\/\/gloopbaby.com\/wp-content\/uploads\/2025\/07\/5-variantes-mb-mbw-cc-ap-gp.png","width":584,"height":110},{"@type":"BreadcrumbList","@id":"https:\/\/gloopbaby.com\/fr\/termes-et-conditions\/#breadcrumb","itemListElement":[{"@type":"ListItem","position":1,"name":"In\u00edcio","item":"https:\/\/gloopbaby.com\/fr\/"},{"@type":"ListItem","position":2,"name":"Termes et conditions"}]},{"@type":"WebSite","@id":"https:\/\/gloopbaby.com\/fr\/#website","url":"https:\/\/gloopbaby.com\/fr\/","name":"Gloop Baby","description":"","publisher":{"@id":"https:\/\/gloopbaby.com\/fr\/#organization"},"potentialAction":[{"@type":"SearchAction","target":{"@type":"EntryPoint","urlTemplate":"https:\/\/gloopbaby.com\/fr\/?s={search_term_string}"},"query-input":{"@type":"PropertyValueSpecification","valueRequired":true,"valueName":"search_term_string"}}],"inLanguage":"fr-FR"},{"@type":"Organization","@id":"https:\/\/gloopbaby.com\/fr\/#organization","name":"Gloop Baby","url":"https:\/\/gloopbaby.com\/fr\/","logo":{"@type":"ImageObject","inLanguage":"fr-FR","@id":"https:\/\/gloopbaby.com\/fr\/#\/schema\/logo\/image\/","url":"https:\/\/gloopbaby.com\/wp-content\/uploads\/2023\/06\/gloop-logo.svg","contentUrl":"https:\/\/gloopbaby.com\/wp-content\/uploads\/2023\/06\/gloop-logo.svg","width":100,"height":100,"caption":"Gloop Baby"},"image":{"@id":"https:\/\/gloopbaby.com\/fr\/#\/schema\/logo\/image\/"}}]}},"_links":{"self":[{"href":"https:\/\/gloopbaby.com\/fr\/wp-json\/wp\/v2\/pages\/33233","targetHints":{"allow":["GET"]}}],"collection":[{"href":"https:\/\/gloopbaby.com\/fr\/wp-json\/wp\/v2\/pages"}],"about":[{"href":"https:\/\/gloopbaby.com\/fr\/wp-json\/wp\/v2\/types\/page"}],"author":[{"embeddable":true,"href":"https:\/\/gloopbaby.com\/fr\/wp-json\/wp\/v2\/users\/1"}],"replies":[{"embeddable":true,"href":"https:\/\/gloopbaby.com\/fr\/wp-json\/wp\/v2\/comments?post=33233"}],"version-history":[{"count":7,"href":"https:\/\/gloopbaby.com\/fr\/wp-json\/wp\/v2\/pages\/33233\/revisions"}],"predecessor-version":[{"id":139392,"href":"https:\/\/gloopbaby.com\/fr\/wp-json\/wp\/v2\/pages\/33233\/revisions\/139392"}],"wp:featuredmedia":[{"embeddable":true,"href":"https:\/\/gloopbaby.com\/fr\/wp-json\/wp\/v2\/media\/135620"}],"wp:attachment":[{"href":"https:\/\/gloopbaby.com\/fr\/wp-json\/wp\/v2\/media?parent=33233"}],"curies":[{"name":"wp","href":"https:\/\/api.w.org\/{rel}","templated":true}]}}