{"id":137648,"date":"2025-09-30T14:23:46","date_gmt":"2025-09-30T14:23:46","guid":{"rendered":"https:\/\/gloopbaby.com\/faqs\/"},"modified":"2025-10-31T12:25:31","modified_gmt":"2025-10-31T12:25:31","slug":"faqs","status":"publish","type":"page","link":"https:\/\/gloopbaby.com\/fr\/faqs\/","title":{"rendered":"FAQ&rsquo;s"},"content":{"rendered":"\t\t<div data-elementor-type=\"wp-page\" data-elementor-id=\"137648\" class=\"elementor elementor-137648 elementor-137639\" data-elementor-post-type=\"page\">\n\t\t\t\t<div class=\"elementor-element elementor-element-74939dd e-flex e-con-boxed e-con e-parent\" data-id=\"74939dd\" data-element_type=\"container\" data-e-type=\"container\">\n\t\t\t\t\t<div class=\"e-con-inner\">\n\t\t\t\t<div class=\"elementor-element elementor-element-442d12a8 elementor-widget elementor-widget-text-editor\" data-id=\"442d12a8\" data-element_type=\"widget\" data-e-type=\"widget\" data-widget_type=\"text-editor.default\">\n\t\t\t\t<div class=\"elementor-widget-container\">\n\t\t\t\t\t\t\t\t\t<h3><strong>Livraisons<\/strong><\/h3>\n<ul class=\"wp-block-list\">\n<li><strong>Quels sont les frais et d\u00e9lais de livraison?<\/strong><\/li>\n<\/ul>\n<figure class=\"wp-block-table\">\n<table class=\"has-fixed-layout\">\n<tbody>\n<tr>\n<td><strong>Livraison \u00e0 domicile<\/strong><\/td>\n<td><strong>Frais d&rsquo;exp\u00e9dition*<\/strong><\/td>\n<td><strong>D\u00e9lai de livraison<\/strong><\/td>\n<\/tr>\n<tr>\n<td>Portugal continental<\/td>\n<td>4,99\u20ac&nbsp;<\/td>\n<td>1 \u00e0 2 jours ouvrables<\/td>\n<\/tr>\n<tr>\n<td>\u00celes de Mad\u00e8re \/ A\u00e7ores<\/td>\n<td>6,95\u20ac<\/td>\n<td>2 \u00e0 5 jours ouvrables<\/td>\n<\/tr>\n<tr>\n<td>Espagne<\/td>\n<td>9.95\u20ac<\/td>\n<td>1 \u00e0 2 jours ouvrables<\/td>\n<\/tr>\n<tr>\n<td>Union Europ\u00e9enne<\/td>\n<td>9.95\u20ac<\/td>\n<td>2 \u00e0 5 jours ouvrables<\/td>\n<\/tr>\n<tr>\n<td>UK<\/td>\n<td>24.95\u20ac<\/td>\n<td>&nbsp;<\/td>\n<\/tr>\n<tr>\n<td>Suisse<\/td>\n<td>24.90\u20ac<\/td>\n<td>&nbsp;<\/td>\n<\/tr>\n<tr>\n<td>Autres<\/td>\n<td>9.90\u20ac<\/td>\n<td>&#8211; &#8211; &#8211;&nbsp;<\/td>\n<\/tr>\n<\/tbody>\n<\/table>\n<\/figure>\n<p>*Livraison gratuite \u00e0 partir de 100\u20ac (hors Suisse et Royaume-Uni).<\/p>\n<ul class=\"wp-block-list\">\n<li><strong>Comment fonctionne le service de livraison Gloop? <\/strong>Une fois votre commande pr\u00eate, vous recevrez un e-mail avec les informations de suivi.<br>Cet e-mail contiendra un code de suivi et un lien pour acc\u00e9der au site web du transporteur et suivre la livraison de votre commande \u00e0 l&rsquo;adresse souhait\u00e9e.<\/li>\n<li><strong>Ma commande peut-elle \u00eatre exp\u00e9di\u00e9e dans un autre pays?<\/strong><\/li>\n<\/ul>\n<p>Oui, indiquez simplement dans l&rsquo;adresse de livraison l&rsquo;adresse \u00e0 laquelle nous enverrons votre commande.<\/p>\n<h3><strong>\u00c9change et retour<\/strong><\/h3>\n<ul class=\"wp-block-list\">\n<li><strong>Quelles sont les conditions d&rsquo;\u00e9change ou de retour? <\/strong>Apr\u00e8s r\u00e9ception de votre commande, si l&rsquo;article pr\u00e9sente un probl\u00e8me ou un d\u00e9faut, ou si, pour une raison quelconque, vous n&rsquo;\u00eates pas satisfait, vous disposez de 14&nbsp;jours pour l&rsquo;\u00e9changer ou le retourner.<\/li>\n<\/ul>\n<p>Pour ce faire, vous devez contacter Gloop par email \u00e0 geral@gloopbaby.com en indiquant le motif, le num\u00e9ro de facture et la r\u00e9f\u00e9rence du produit \u00e0 retourner ou \u00e0 \u00e9changer.<\/p>\n<p>Les produits \u00e0 retourner ou \u00e0 \u00e9changer doivent \u00eatre accompagn\u00e9s de l&#8217;emballage d&rsquo;origine, avec leurs \u00e9tiquettes intactes et sans aucun signe d&rsquo;utilisation.<\/p>\n<p>Les articles doivent \u00eatre correctement prot\u00e9g\u00e9s pour \u00e9viter tout dommage pendant le transport. Les frais d&rsquo;exp\u00e9dition et\/ou de retour sont \u00e0 la charge exclusive du client. En cas de retour d\u00fb \u00e0 un article d\u00e9fectueux, Gloop prendra en charge les frais d&rsquo;exp\u00e9dition de l&rsquo;article retourn\u00e9.<\/p>\n<ul class=\"wp-block-list\">\n<li><strong>Comment et quand recevrai-je mon remboursement?<\/strong><br>Les remboursements sont toujours effectu\u00e9s sur le mode de paiement initial et trait\u00e9s dans les 14&nbsp;jours suivant la r\u00e9ception des articles au centre des retours.<\/li>\n<\/ul>\n<p>Vous recevrez une notification par e-mail confirmant l&rsquo;arriv\u00e9e de votre commande au centre de collecte et le remboursement du montant de la commande.<\/p>\n<h3>&nbsp;<\/h3>\n<h3><strong>Modes de paiement<\/strong><\/h3>\n<ul class=\"wp-block-list\">\n<li><strong>Quels sont les modes de paiement disponibles?<\/strong><\/li>\n<\/ul>\n<p>Nous avons les m\u00e9thodes de paiement suivantes disponibles:<\/p>\n<ul class=\"wp-block-list\">\n<li>MBWay<\/li>\n<li>Ref. Multibanco<\/li>\n<li>Visa<\/li>\n<li>Mastercard<\/li>\n<li>Apple Pay&nbsp;<\/li>\n<li>Google Pay<\/li>\n<li>Paypal<\/li>\n<li>Virement bancaire<\/li>\n<\/ul>\n<h3>&nbsp;<\/h3>\n<h3><strong>Commande<\/strong><\/h3>\n<ul class=\"wp-block-list\">\n<li><strong>Dois-je cr\u00e9er un compte? <\/strong>Vous n&rsquo;avez pas besoin de cr\u00e9er de compte sur notre site web pour passer commande.<br>Vous pouvez \u00e9galement effectuer un achat en tant qu&rsquo;invit\u00e9.<\/li>\n<li><strong>Comment effectuer un achat? <\/strong>Commencez par consulter les articles souhait\u00e9s. En naviguant dans les cat\u00e9gories de l&rsquo;en-t\u00eate, vous pourrez choisir le type de produit souhait\u00e9, par exemple&nbsp;: grenouill\u00e8res, couches, lits gigot, protections b\u00e9b\u00e9, etc.\n<p>En cliquant sur l&rsquo;article, la page produit s&rsquo;affichera et vous y trouverez son prix, sa r\u00e9f\u00e9rence, sa composition et ses conseils d&rsquo;entretien.<\/p>\n<\/li>\n<\/ul>\n<p>Choisissez une taille\/un article et cliquez sur \u00ab&nbsp;Ajouter&nbsp;\u00bb. Vous pouvez ensuite continuer \u00e0 consulter les articles comme pr\u00e9c\u00e9demment ou finaliser le processus de commande. Pour lancer le processus de commande, cliquez sur \u00ab&nbsp;Voir le panier&nbsp;\u00bb.<\/p>\n<p>Si vous disposez d&rsquo;un coupon ou d&rsquo;un code promotionnel dont vous souhaitez b\u00e9n\u00e9ficier, saisissez-le et cliquez sur \u00ab&nbsp;Appliquer le coupon&nbsp;\u00bb.<\/p>\n<p>Pour traiter votre commande, cliquez sur \u00ab&nbsp;Finaliser la commande&nbsp;\u00bb.<\/p>\n<p>Renseignez ensuite les informations n\u00e9cessaires \u00e0 l&rsquo;\u00e9mission de la facture, ainsi que le mode de paiement souhait\u00e9 (DAB, MBWay, Apple Pay, Google Pay, carte bancaire, PayPal ou virement bancaire).<\/p>\n<p>Confirmez votre achat. Une fois votre commande valid\u00e9e, vous recevrez un message vous informant qu&rsquo;elle a \u00e9t\u00e9 pass\u00e9e. Vous recevrez \u00e9galement un e-mail de confirmation sous peu.<\/p>\n<ul class=\"wp-block-list\">\n<li><strong>Puis-je suivre l&rsquo;\u00e9tat de ma commande? <\/strong>Si vous avez cr\u00e9\u00e9 un compte, vous pouvez consulter l&rsquo;\u00e9tat de votre commande dans \u00ab&nbsp;Mon compte&nbsp;\u00bb et suivre son suivi.<\/li>\n<\/ul>\n<p>Si vous avez des questions, veuillez nous contacter par e-mail \u00e0 geral@gloopbaby.com<\/p>\n<ul class=\"wp-block-list\">\n<li><strong>Puis-je annuler une commande? <\/strong>Si vous souhaitez annuler une commande, veuillez envoyer un e-mail \u00e0 geral@gloopbaby.com d\u00e8s que possible afin que nous puissions en discuter.\n<p>Si la commande a d\u00e9j\u00e0 \u00e9t\u00e9 trait\u00e9e, elle ne peut pas \u00eatre annul\u00e9e et vous pouvez la retourner conform\u00e9ment aux conditions g\u00e9n\u00e9rales.<\/p>\n<\/li>\n<\/ul>\n<ul class=\"wp-block-list\">\n<li><strong>Puis-je modifier l&rsquo;adresse de livraison d&rsquo;une commande d\u00e9j\u00e0 confirm\u00e9e?<\/strong><\/li>\n<\/ul>\n<p>Si vous souhaitez modifier l&rsquo;adresse d&rsquo;une commande, vous devrez enregistrer une nouvelle commande. Pour ce faire, veuillez envoyer un e-mail \u00e0 geral@gloopbaby.com d\u00e8s que possible afin que nous puissions v\u00e9rifier si la commande en cours peut \u00eatre annul\u00e9e.<\/p>\n<h3>&nbsp;<\/h3>\n<h3><strong>Produit<\/strong><\/h3>\n<ul class=\"wp-block-list\">\n<li><strong>Guide des tailles<\/strong><\/li>\n<\/ul>\n<figure class=\"wp-block-table\">\n<table class=\"has-fixed-layout\">\n<tbody>\n<tr>\n<td>\n<p><strong>\u00c2ge<\/strong><\/p>\n<\/td>\n<td><strong>Taille (cm)<\/strong><\/td>\n<td><strong>Tour de poitrine (cm)<\/strong><\/td>\n<td><strong>Tour de taille (cm)<\/strong><\/td>\n<\/tr>\n<tr>\n<td>0-1 mois<\/td>\n<td>50-55<\/td>\n<td>41<\/td>\n<td>40.5<\/td>\n<\/tr>\n<tr>\n<td>0-3 mois<\/td>\n<td>50-62<\/td>\n<td>43<\/td>\n<td>42.5<\/td>\n<\/tr>\n<tr>\n<td>0-6 mois<\/td>\n<td>50-68<\/td>\n<td>45<\/td>\n<td>44.5<\/td>\n<\/tr>\n<tr>\n<td>0-12 mois<\/td>\n<td>50-80<\/td>\n<td>49<\/td>\n<td>48.5<\/td>\n<\/tr>\n<tr>\n<td>1-3 mois<\/td>\n<td>55-62<\/td>\n<td>43<\/td>\n<td>42.5<\/td>\n<\/tr>\n<tr>\n<td>3-6 mois<\/td>\n<td>62-68<\/td>\n<td>45<\/td>\n<td>44.5<\/td>\n<\/tr>\n<tr>\n<td>6-9 mois<\/td>\n<td>68-74<\/td>\n<td>47<\/td>\n<td>46.5<\/td>\n<\/tr>\n<tr>\n<td>6-12 mois<\/td>\n<td>68-80<\/td>\n<td>49<\/td>\n<td>48.5<\/td>\n<\/tr>\n<tr>\n<td>9-12 mois<\/td>\n<td>74-80<\/td>\n<td>49<\/td>\n<td>48.5<\/td>\n<\/tr>\n<tr>\n<td>12-24 mois<\/td>\n<td>80-88<\/td>\n<td>53<\/td>\n<td>52.5<\/td>\n<\/tr>\n<\/tbody>\n<\/table>\n<\/figure>\n<ul class=\"wp-block-list\">\n<li><strong>Quel entretien dois-je apporter aux produits Gloop?<\/strong><\/li>\n<li>Nous vous recommandons de v\u00e9rifier les informations figurant sur les \u00e9tiquettes ou les pages produit concernant la composition et les instructions de lavage. Dans tous les cas, voici quelques recommandations:<\/li>\n<li>Lors du lavage, il est conseill\u00e9 de s\u00e9parer les v\u00eatements par couleur et selon leur degr\u00e9 de salet\u00e9, afin d&rsquo;\u00e9viter d&rsquo;exposer les articles \u00e0 des cycles plus longs que n\u00e9cessaire;<\/li>\n<li>Le lavage \u00e0 haute temp\u00e9rature endommage l&rsquo;int\u00e9grit\u00e9 des tissus et rend les couleurs moins vives, essayez donc de laver \u00e0 basse temp\u00e9rature;<\/li>\n<li>La lumi\u00e8re directe du soleil fait p\u00e2lir les couleurs, essayez donc de les laisser s\u00e9cher dans des environnements prot\u00e9g\u00e9s de la lumi\u00e8re du soleil;<\/li>\n<li>Le d\u00e9tergent est un agent nettoyant, mais il peut \u00e9galement provoquer une abrasion des tissus, essayez donc d&rsquo;utiliser les doses recommand\u00e9es et n&rsquo;en utilisez jamais trop;<\/li>\n<li>Pour de meilleurs r\u00e9sultats dans le cycle de lavage, essayez de ne pas remplir compl\u00e8tement le tambour, afin de permettre aux v\u00eatements de bouger librement, permettant une meilleure hygi\u00e8ne et un meilleur lavage.<\/li>\n<\/ul>\n<h3><strong>Le Gigoteuse id\u00e9al<\/strong><\/h3>\n<ul class=\"wp-block-list\">\n<li><strong>Comment choisir le TOG<\/strong><\/li>\n<\/ul>\n<figure class=\"wp-block-image size-large is-resized\"><img fetchpriority=\"high\" decoding=\"async\" width=\"818\" height=\"1024\" class=\"wp-image-137995\" style=\"width: 644px; height: auto;\" src=\"https:\/\/gloopbaby.com\/wp-content\/uploads\/2025\/10\/tabela-tog-fr-818x1024.jpg\" alt=\"\" srcset=\"https:\/\/gloopbaby.com\/wp-content\/uploads\/2025\/10\/tabela-tog-fr-818x1024.jpg 818w, https:\/\/gloopbaby.com\/wp-content\/uploads\/2025\/10\/tabela-tog-fr-240x300.jpg 240w, https:\/\/gloopbaby.com\/wp-content\/uploads\/2025\/10\/tabela-tog-fr-768x962.jpg 768w, https:\/\/gloopbaby.com\/wp-content\/uploads\/2025\/10\/tabela-tog-fr-900x1127.jpg 900w, https:\/\/gloopbaby.com\/wp-content\/uploads\/2025\/10\/tabela-tog-fr.jpg 962w\" sizes=\"(max-width: 818px) 100vw, 818px\" \/><\/figure>\t\t\t\t\t\t\t\t<\/div>\n\t\t\t\t<\/div>\n\t\t\t\t\t<\/div>\n\t\t\t\t<\/div>\n\t\t\t\t<\/div>\n\t\t","protected":false},"excerpt":{"rendered":"<p>Livraisons Quels sont les frais et d\u00e9lais de livraison? Livraison \u00e0 domicile Frais d&rsquo;exp\u00e9dition* D\u00e9lai de livraison Portugal continental 4,99\u20ac&nbsp; 1 \u00e0 2 jours ouvrables \u00celes de Mad\u00e8re \/ A\u00e7ores 6,95\u20ac 2 \u00e0 5 jours ouvrables Espagne 9.95\u20ac 1 \u00e0 2 jours ouvrables Union Europ\u00e9enne 9.95\u20ac 2 \u00e0 5 jours ouvrables UK 24.95\u20ac &nbsp; Suisse [&hellip;]<\/p>\n","protected":false},"author":2,"featured_media":0,"parent":0,"menu_order":0,"comment_status":"closed","ping_status":"closed","template":"","meta":{"_acf_changed":false,"footnotes":""},"class_list":["post-137648","page","type-page","status-publish","hentry"],"acf":[],"yoast_head":"<!-- This site is optimized with the Yoast SEO plugin v27.4 - https:\/\/yoast.com\/product\/yoast-seo-wordpress\/ -->\n<title>FAQ&#039;s | produits pour b\u00e9b\u00e9 en coton biologique - Gloop Baby<\/title>\n<meta name=\"description\" content=\"Besoin d&#039;aide avec votre commande ? Une fois votre commande pr\u00eate, vous recevrez les informations de suivi par e-mail.\" \/>\n<meta name=\"robots\" content=\"index, follow, max-snippet:-1, max-image-preview:large, max-video-preview:-1\" \/>\n<link rel=\"canonical\" href=\"https:\/\/gloopbaby.com\/fr\/faqs\/\" \/>\n<meta property=\"og:locale\" content=\"fr_FR\" \/>\n<meta property=\"og:type\" content=\"article\" \/>\n<meta property=\"og:title\" content=\"FAQ&#039;s | produits pour b\u00e9b\u00e9 en coton biologique - Gloop Baby\" \/>\n<meta property=\"og:description\" content=\"Besoin d&#039;aide avec votre commande ? Une fois votre commande pr\u00eate, vous recevrez les informations de suivi par e-mail.\" \/>\n<meta property=\"og:url\" content=\"https:\/\/gloopbaby.com\/fr\/faqs\/\" \/>\n<meta property=\"og:site_name\" content=\"Gloop Baby\" \/>\n<meta property=\"article:modified_time\" content=\"2025-10-31T12:25:31+00:00\" \/>\n<meta property=\"og:image\" content=\"https:\/\/gloopbaby.com\/wp-content\/uploads\/2025\/10\/tabela-tog-fr.jpg\" \/>\n\t<meta property=\"og:image:width\" content=\"962\" \/>\n\t<meta property=\"og:image:height\" content=\"1205\" \/>\n\t<meta property=\"og:image:type\" content=\"image\/jpeg\" \/>\n<meta name=\"twitter:card\" content=\"summary_large_image\" \/>\n<meta name=\"twitter:label1\" content=\"Dur\u00e9e de lecture estim\u00e9e\" \/>\n\t<meta name=\"twitter:data1\" content=\"6 minutes\" \/>\n<script type=\"application\/ld+json\" class=\"yoast-schema-graph\">{\"@context\":\"https:\\\/\\\/schema.org\",\"@graph\":[{\"@type\":\"WebPage\",\"@id\":\"https:\\\/\\\/gloopbaby.com\\\/fr\\\/faqs\\\/\",\"url\":\"https:\\\/\\\/gloopbaby.com\\\/fr\\\/faqs\\\/\",\"name\":\"FAQ's | produits pour b\u00e9b\u00e9 en coton biologique - Gloop Baby\",\"isPartOf\":{\"@id\":\"https:\\\/\\\/gloopbaby.com\\\/fr\\\/#website\"},\"primaryImageOfPage\":{\"@id\":\"https:\\\/\\\/gloopbaby.com\\\/fr\\\/faqs\\\/#primaryimage\"},\"image\":{\"@id\":\"https:\\\/\\\/gloopbaby.com\\\/fr\\\/faqs\\\/#primaryimage\"},\"thumbnailUrl\":\"https:\\\/\\\/gloopbaby.com\\\/wp-content\\\/uploads\\\/2025\\\/10\\\/tabela-tog-fr-818x1024.jpg\",\"datePublished\":\"2025-09-30T14:23:46+00:00\",\"dateModified\":\"2025-10-31T12:25:31+00:00\",\"description\":\"Besoin d'aide avec votre commande ? Une fois votre commande pr\u00eate, vous recevrez les informations de suivi par e-mail.\",\"breadcrumb\":{\"@id\":\"https:\\\/\\\/gloopbaby.com\\\/fr\\\/faqs\\\/#breadcrumb\"},\"inLanguage\":\"fr-FR\",\"potentialAction\":[{\"@type\":\"ReadAction\",\"target\":[\"https:\\\/\\\/gloopbaby.com\\\/fr\\\/faqs\\\/\"]}]},{\"@type\":\"ImageObject\",\"inLanguage\":\"fr-FR\",\"@id\":\"https:\\\/\\\/gloopbaby.com\\\/fr\\\/faqs\\\/#primaryimage\",\"url\":\"https:\\\/\\\/gloopbaby.com\\\/wp-content\\\/uploads\\\/2025\\\/10\\\/tabela-tog-fr-818x1024.jpg\",\"contentUrl\":\"https:\\\/\\\/gloopbaby.com\\\/wp-content\\\/uploads\\\/2025\\\/10\\\/tabela-tog-fr-818x1024.jpg\"},{\"@type\":\"BreadcrumbList\",\"@id\":\"https:\\\/\\\/gloopbaby.com\\\/fr\\\/faqs\\\/#breadcrumb\",\"itemListElement\":[{\"@type\":\"ListItem\",\"position\":1,\"name\":\"In\u00edcio\",\"item\":\"https:\\\/\\\/gloopbaby.com\\\/fr\\\/\"},{\"@type\":\"ListItem\",\"position\":2,\"name\":\"FAQ&#8217;s\"}]},{\"@type\":\"WebSite\",\"@id\":\"https:\\\/\\\/gloopbaby.com\\\/fr\\\/#website\",\"url\":\"https:\\\/\\\/gloopbaby.com\\\/fr\\\/\",\"name\":\"Gloop Baby\",\"description\":\"\",\"publisher\":{\"@id\":\"https:\\\/\\\/gloopbaby.com\\\/fr\\\/#organization\"},\"potentialAction\":[{\"@type\":\"SearchAction\",\"target\":{\"@type\":\"EntryPoint\",\"urlTemplate\":\"https:\\\/\\\/gloopbaby.com\\\/fr\\\/?s={search_term_string}\"},\"query-input\":{\"@type\":\"PropertyValueSpecification\",\"valueRequired\":true,\"valueName\":\"search_term_string\"}}],\"inLanguage\":\"fr-FR\"},{\"@type\":\"Organization\",\"@id\":\"https:\\\/\\\/gloopbaby.com\\\/fr\\\/#organization\",\"name\":\"Gloop Baby\",\"url\":\"https:\\\/\\\/gloopbaby.com\\\/fr\\\/\",\"logo\":{\"@type\":\"ImageObject\",\"inLanguage\":\"fr-FR\",\"@id\":\"https:\\\/\\\/gloopbaby.com\\\/fr\\\/#\\\/schema\\\/logo\\\/image\\\/\",\"url\":\"https:\\\/\\\/gloopbaby.com\\\/wp-content\\\/uploads\\\/2023\\\/06\\\/gloop-logo.svg\",\"contentUrl\":\"https:\\\/\\\/gloopbaby.com\\\/wp-content\\\/uploads\\\/2023\\\/06\\\/gloop-logo.svg\",\"width\":100,\"height\":100,\"caption\":\"Gloop Baby\"},\"image\":{\"@id\":\"https:\\\/\\\/gloopbaby.com\\\/fr\\\/#\\\/schema\\\/logo\\\/image\\\/\"}}]}<\/script>\n<!-- \/ Yoast SEO plugin. -->","yoast_head_json":{"title":"FAQ's | produits pour b\u00e9b\u00e9 en coton biologique - Gloop Baby","description":"Besoin d'aide avec votre commande ? Une fois votre commande pr\u00eate, vous recevrez les informations de suivi par e-mail.","robots":{"index":"index","follow":"follow","max-snippet":"max-snippet:-1","max-image-preview":"max-image-preview:large","max-video-preview":"max-video-preview:-1"},"canonical":"https:\/\/gloopbaby.com\/fr\/faqs\/","og_locale":"fr_FR","og_type":"article","og_title":"FAQ's | produits pour b\u00e9b\u00e9 en coton biologique - Gloop Baby","og_description":"Besoin d'aide avec votre commande ? Une fois votre commande pr\u00eate, vous recevrez les informations de suivi par e-mail.","og_url":"https:\/\/gloopbaby.com\/fr\/faqs\/","og_site_name":"Gloop Baby","article_modified_time":"2025-10-31T12:25:31+00:00","og_image":[{"width":962,"height":1205,"url":"https:\/\/gloopbaby.com\/wp-content\/uploads\/2025\/10\/tabela-tog-fr.jpg","type":"image\/jpeg"}],"twitter_card":"summary_large_image","twitter_misc":{"Dur\u00e9e de lecture estim\u00e9e":"6 minutes"},"schema":{"@context":"https:\/\/schema.org","@graph":[{"@type":"WebPage","@id":"https:\/\/gloopbaby.com\/fr\/faqs\/","url":"https:\/\/gloopbaby.com\/fr\/faqs\/","name":"FAQ's | produits pour b\u00e9b\u00e9 en coton biologique - Gloop Baby","isPartOf":{"@id":"https:\/\/gloopbaby.com\/fr\/#website"},"primaryImageOfPage":{"@id":"https:\/\/gloopbaby.com\/fr\/faqs\/#primaryimage"},"image":{"@id":"https:\/\/gloopbaby.com\/fr\/faqs\/#primaryimage"},"thumbnailUrl":"https:\/\/gloopbaby.com\/wp-content\/uploads\/2025\/10\/tabela-tog-fr-818x1024.jpg","datePublished":"2025-09-30T14:23:46+00:00","dateModified":"2025-10-31T12:25:31+00:00","description":"Besoin d'aide avec votre commande ? Une fois votre commande pr\u00eate, vous recevrez les informations de suivi par e-mail.","breadcrumb":{"@id":"https:\/\/gloopbaby.com\/fr\/faqs\/#breadcrumb"},"inLanguage":"fr-FR","potentialAction":[{"@type":"ReadAction","target":["https:\/\/gloopbaby.com\/fr\/faqs\/"]}]},{"@type":"ImageObject","inLanguage":"fr-FR","@id":"https:\/\/gloopbaby.com\/fr\/faqs\/#primaryimage","url":"https:\/\/gloopbaby.com\/wp-content\/uploads\/2025\/10\/tabela-tog-fr-818x1024.jpg","contentUrl":"https:\/\/gloopbaby.com\/wp-content\/uploads\/2025\/10\/tabela-tog-fr-818x1024.jpg"},{"@type":"BreadcrumbList","@id":"https:\/\/gloopbaby.com\/fr\/faqs\/#breadcrumb","itemListElement":[{"@type":"ListItem","position":1,"name":"In\u00edcio","item":"https:\/\/gloopbaby.com\/fr\/"},{"@type":"ListItem","position":2,"name":"FAQ&#8217;s"}]},{"@type":"WebSite","@id":"https:\/\/gloopbaby.com\/fr\/#website","url":"https:\/\/gloopbaby.com\/fr\/","name":"Gloop Baby","description":"","publisher":{"@id":"https:\/\/gloopbaby.com\/fr\/#organization"},"potentialAction":[{"@type":"SearchAction","target":{"@type":"EntryPoint","urlTemplate":"https:\/\/gloopbaby.com\/fr\/?s={search_term_string}"},"query-input":{"@type":"PropertyValueSpecification","valueRequired":true,"valueName":"search_term_string"}}],"inLanguage":"fr-FR"},{"@type":"Organization","@id":"https:\/\/gloopbaby.com\/fr\/#organization","name":"Gloop Baby","url":"https:\/\/gloopbaby.com\/fr\/","logo":{"@type":"ImageObject","inLanguage":"fr-FR","@id":"https:\/\/gloopbaby.com\/fr\/#\/schema\/logo\/image\/","url":"https:\/\/gloopbaby.com\/wp-content\/uploads\/2023\/06\/gloop-logo.svg","contentUrl":"https:\/\/gloopbaby.com\/wp-content\/uploads\/2023\/06\/gloop-logo.svg","width":100,"height":100,"caption":"Gloop Baby"},"image":{"@id":"https:\/\/gloopbaby.com\/fr\/#\/schema\/logo\/image\/"}}]}},"_links":{"self":[{"href":"https:\/\/gloopbaby.com\/fr\/wp-json\/wp\/v2\/pages\/137648","targetHints":{"allow":["GET"]}}],"collection":[{"href":"https:\/\/gloopbaby.com\/fr\/wp-json\/wp\/v2\/pages"}],"about":[{"href":"https:\/\/gloopbaby.com\/fr\/wp-json\/wp\/v2\/types\/page"}],"author":[{"embeddable":true,"href":"https:\/\/gloopbaby.com\/fr\/wp-json\/wp\/v2\/users\/2"}],"replies":[{"embeddable":true,"href":"https:\/\/gloopbaby.com\/fr\/wp-json\/wp\/v2\/comments?post=137648"}],"version-history":[{"count":8,"href":"https:\/\/gloopbaby.com\/fr\/wp-json\/wp\/v2\/pages\/137648\/revisions"}],"predecessor-version":[{"id":139395,"href":"https:\/\/gloopbaby.com\/fr\/wp-json\/wp\/v2\/pages\/137648\/revisions\/139395"}],"wp:attachment":[{"href":"https:\/\/gloopbaby.com\/fr\/wp-json\/wp\/v2\/media?parent=137648"}],"curies":[{"name":"wp","href":"https:\/\/api.w.org\/{rel}","templated":true}]}}