{"id":135686,"date":"2025-07-28T07:58:38","date_gmt":"2025-07-28T07:58:38","guid":{"rendered":"https:\/\/gloopbaby.com\/paiement\/"},"modified":"2025-07-28T09:02:21","modified_gmt":"2025-07-28T09:02:21","slug":"paiement","status":"publish","type":"page","link":"https:\/\/gloopbaby.com\/fr\/paiement\/","title":{"rendered":"PAIEMENT"},"content":{"rendered":"\n<p>Tous les prix sont indiqu\u00e9s en EURO et comprennent la TVA au taux en vigueur. Les frais de transport ne sont pas inclus. Ceux-ci ne peuvent \u00eatre donn\u00e9s qu\u2019apr\u00e8s ex\u00e9cution de la commande.<\/p>\n\n\n\n<p>Votre facture accompagnera toujours votre commande.<\/p>\n\n\n\n<p>Gloop se r\u00e9serve le droit d\u2019ajuster, \u00e0 tout moment, ses prix, promotions, articles et fonctionnalit\u00e9s. Les prix qui sont r\u00e9duits lors des soldes et des promotions ne sont valables que pour la p\u00e9riode indiqu\u00e9e.<\/p>\n\n\n\n<p>Gloop accepte les modes de paiement suivants:<\/p>\n\n\n\n<ul class=\"wp-block-list\">\n<li><strong>PAYPAL<\/strong>&nbsp;\u2013 Si vous choisissez d\u2019utiliser une carte de cr\u00e9dit, vous pouvez payer via Paypal. Vous serez imm\u00e9diatement redirig\u00e9 vers leur site Web.<\/li>\n\n\n\n<li><strong>VIREMENT<\/strong>&nbsp;\u2013 Vous pouvez \u00e9galement payer votre commande par virement bancaire. Notre IBAN sera fourni \u00e0 la fin du processus d\u2019achat. S\u2019il vous pla\u00eet entrer votre pr\u00e9nom et votre nom lors du t\u00e9l\u00e9chargement des \u00e9l\u00e9ments.<br>Vous devez nous envoyer une preuve de paiement \u00e0 l\u2019adresse e-mail&nbsp;<a href=\"mailto:encomendas@gloopbaby.com\">geral@gloopbaby.com<\/a>&nbsp;pour proc\u00e9der \u00e0 l\u2019exp\u00e9dition de votre commande le plus rapidement possible.<\/li>\n\n\n\n<li><strong>CARTE DE CR\u00c9DIT \u2013 VISA\/MASTERCARD<\/strong>&nbsp;\u2013 Vous pouvez effectuer votre paiement de mani\u00e8re totalement s\u00e9curis\u00e9e en introduisant les donn\u00e9es de votre carte de cr\u00e9dit.<\/li>\n\n\n\n<li><strong>APPLE PAY<\/strong>&nbsp;\u2013 Vous pouvez effectuer votre paiement de mani\u00e8re totalement s\u00e9curis\u00e9e en introduisant les donn\u00e9es de votre carte.<\/li>\n\n\n\n<li><strong>GOOGLE PAY<\/strong>\u00a0\u2013 Vous pouvez effectuer votre paiement de mani\u00e8re totalement s\u00e9curis\u00e9e en introduisant les donn\u00e9es de votre carte.<\/li>\n<\/ul>\n\n\n\n<p><\/p>\n","protected":false},"excerpt":{"rendered":"<p>Tous les prix sont indiqu\u00e9s en EURO et comprennent la TVA au taux en vigueur. Les frais de transport ne sont pas inclus. Ceux-ci ne peuvent \u00eatre donn\u00e9s qu\u2019apr\u00e8s ex\u00e9cution de la commande. Votre facture accompagnera toujours votre commande. Gloop se r\u00e9serve le droit d\u2019ajuster, \u00e0 tout moment, ses prix, promotions, articles et fonctionnalit\u00e9s. Les [&hellip;]<\/p>\n","protected":false},"author":2,"featured_media":0,"parent":0,"menu_order":0,"comment_status":"closed","ping_status":"closed","template":"","meta":{"_acf_changed":false,"footnotes":""},"class_list":["post-135686","page","type-page","status-publish","hentry"],"acf":[],"yoast_head":"<!-- This site is optimized with the Yoast SEO plugin v27.3 - https:\/\/yoast.com\/product\/yoast-seo-wordpress\/ -->\n<title>PAIEMENT - Gloop Baby<\/title>\n<meta name=\"robots\" content=\"index, follow, max-snippet:-1, max-image-preview:large, max-video-preview:-1\" \/>\n<link rel=\"canonical\" href=\"https:\/\/gloopbaby.com\/fr\/paiement\/\" \/>\n<meta property=\"og:locale\" content=\"fr_FR\" \/>\n<meta property=\"og:type\" content=\"article\" \/>\n<meta property=\"og:title\" content=\"PAIEMENT - Gloop Baby\" \/>\n<meta property=\"og:description\" content=\"Tous les prix sont indiqu\u00e9s en EURO et comprennent la TVA au taux en vigueur. Les frais de transport ne sont pas inclus. Ceux-ci ne peuvent \u00eatre donn\u00e9s qu\u2019apr\u00e8s ex\u00e9cution de la commande. Votre facture accompagnera toujours votre commande. Gloop se r\u00e9serve le droit d\u2019ajuster, \u00e0 tout moment, ses prix, promotions, articles et fonctionnalit\u00e9s. Les [&hellip;]\" \/>\n<meta property=\"og:url\" content=\"https:\/\/gloopbaby.com\/fr\/paiement\/\" \/>\n<meta property=\"og:site_name\" content=\"Gloop Baby\" \/>\n<meta property=\"article:modified_time\" content=\"2025-07-28T09:02:21+00:00\" \/>\n<meta property=\"og:image\" content=\"https:\/\/gloopbaby.com\/wp-content\/uploads\/2025\/09\/logo-insta-scaled.jpg\" \/>\n\t<meta property=\"og:image:width\" content=\"2560\" \/>\n\t<meta property=\"og:image:height\" content=\"2560\" \/>\n\t<meta property=\"og:image:type\" content=\"image\/jpeg\" \/>\n<meta name=\"twitter:card\" content=\"summary_large_image\" \/>\n<meta name=\"twitter:label1\" content=\"Dur\u00e9e de lecture estim\u00e9e\" \/>\n\t<meta name=\"twitter:data1\" content=\"2 minutes\" \/>\n<script type=\"application\/ld+json\" class=\"yoast-schema-graph\">{\"@context\":\"https:\\\/\\\/schema.org\",\"@graph\":[{\"@type\":\"WebPage\",\"@id\":\"https:\\\/\\\/gloopbaby.com\\\/fr\\\/paiement\\\/\",\"url\":\"https:\\\/\\\/gloopbaby.com\\\/fr\\\/paiement\\\/\",\"name\":\"PAIEMENT - Gloop Baby\",\"isPartOf\":{\"@id\":\"https:\\\/\\\/gloopbaby.com\\\/fr\\\/#website\"},\"datePublished\":\"2025-07-28T07:58:38+00:00\",\"dateModified\":\"2025-07-28T09:02:21+00:00\",\"breadcrumb\":{\"@id\":\"https:\\\/\\\/gloopbaby.com\\\/fr\\\/paiement\\\/#breadcrumb\"},\"inLanguage\":\"fr-FR\",\"potentialAction\":[{\"@type\":\"ReadAction\",\"target\":[\"https:\\\/\\\/gloopbaby.com\\\/fr\\\/paiement\\\/\"]}]},{\"@type\":\"BreadcrumbList\",\"@id\":\"https:\\\/\\\/gloopbaby.com\\\/fr\\\/paiement\\\/#breadcrumb\",\"itemListElement\":[{\"@type\":\"ListItem\",\"position\":1,\"name\":\"In\u00edcio\",\"item\":\"https:\\\/\\\/gloopbaby.com\\\/fr\\\/\"},{\"@type\":\"ListItem\",\"position\":2,\"name\":\"PAIEMENT\"}]},{\"@type\":\"WebSite\",\"@id\":\"https:\\\/\\\/gloopbaby.com\\\/fr\\\/#website\",\"url\":\"https:\\\/\\\/gloopbaby.com\\\/fr\\\/\",\"name\":\"Gloop Baby\",\"description\":\"\",\"publisher\":{\"@id\":\"https:\\\/\\\/gloopbaby.com\\\/fr\\\/#organization\"},\"potentialAction\":[{\"@type\":\"SearchAction\",\"target\":{\"@type\":\"EntryPoint\",\"urlTemplate\":\"https:\\\/\\\/gloopbaby.com\\\/fr\\\/?s={search_term_string}\"},\"query-input\":{\"@type\":\"PropertyValueSpecification\",\"valueRequired\":true,\"valueName\":\"search_term_string\"}}],\"inLanguage\":\"fr-FR\"},{\"@type\":\"Organization\",\"@id\":\"https:\\\/\\\/gloopbaby.com\\\/fr\\\/#organization\",\"name\":\"Gloop Baby\",\"url\":\"https:\\\/\\\/gloopbaby.com\\\/fr\\\/\",\"logo\":{\"@type\":\"ImageObject\",\"inLanguage\":\"fr-FR\",\"@id\":\"https:\\\/\\\/gloopbaby.com\\\/fr\\\/#\\\/schema\\\/logo\\\/image\\\/\",\"url\":\"https:\\\/\\\/gloopbaby.com\\\/wp-content\\\/uploads\\\/2023\\\/06\\\/gloop-logo.svg\",\"contentUrl\":\"https:\\\/\\\/gloopbaby.com\\\/wp-content\\\/uploads\\\/2023\\\/06\\\/gloop-logo.svg\",\"width\":100,\"height\":100,\"caption\":\"Gloop Baby\"},\"image\":{\"@id\":\"https:\\\/\\\/gloopbaby.com\\\/fr\\\/#\\\/schema\\\/logo\\\/image\\\/\"}}]}<\/script>\n<!-- \/ Yoast SEO plugin. -->","yoast_head_json":{"title":"PAIEMENT - Gloop Baby","robots":{"index":"index","follow":"follow","max-snippet":"max-snippet:-1","max-image-preview":"max-image-preview:large","max-video-preview":"max-video-preview:-1"},"canonical":"https:\/\/gloopbaby.com\/fr\/paiement\/","og_locale":"fr_FR","og_type":"article","og_title":"PAIEMENT - Gloop Baby","og_description":"Tous les prix sont indiqu\u00e9s en EURO et comprennent la TVA au taux en vigueur. Les frais de transport ne sont pas inclus. Ceux-ci ne peuvent \u00eatre donn\u00e9s qu\u2019apr\u00e8s ex\u00e9cution de la commande. Votre facture accompagnera toujours votre commande. Gloop se r\u00e9serve le droit d\u2019ajuster, \u00e0 tout moment, ses prix, promotions, articles et fonctionnalit\u00e9s. Les [&hellip;]","og_url":"https:\/\/gloopbaby.com\/fr\/paiement\/","og_site_name":"Gloop Baby","article_modified_time":"2025-07-28T09:02:21+00:00","og_image":[{"width":2560,"height":2560,"url":"https:\/\/gloopbaby.com\/wp-content\/uploads\/2025\/09\/logo-insta-scaled.jpg","type":"image\/jpeg"}],"twitter_card":"summary_large_image","twitter_misc":{"Dur\u00e9e de lecture estim\u00e9e":"2 minutes"},"schema":{"@context":"https:\/\/schema.org","@graph":[{"@type":"WebPage","@id":"https:\/\/gloopbaby.com\/fr\/paiement\/","url":"https:\/\/gloopbaby.com\/fr\/paiement\/","name":"PAIEMENT - Gloop Baby","isPartOf":{"@id":"https:\/\/gloopbaby.com\/fr\/#website"},"datePublished":"2025-07-28T07:58:38+00:00","dateModified":"2025-07-28T09:02:21+00:00","breadcrumb":{"@id":"https:\/\/gloopbaby.com\/fr\/paiement\/#breadcrumb"},"inLanguage":"fr-FR","potentialAction":[{"@type":"ReadAction","target":["https:\/\/gloopbaby.com\/fr\/paiement\/"]}]},{"@type":"BreadcrumbList","@id":"https:\/\/gloopbaby.com\/fr\/paiement\/#breadcrumb","itemListElement":[{"@type":"ListItem","position":1,"name":"In\u00edcio","item":"https:\/\/gloopbaby.com\/fr\/"},{"@type":"ListItem","position":2,"name":"PAIEMENT"}]},{"@type":"WebSite","@id":"https:\/\/gloopbaby.com\/fr\/#website","url":"https:\/\/gloopbaby.com\/fr\/","name":"Gloop Baby","description":"","publisher":{"@id":"https:\/\/gloopbaby.com\/fr\/#organization"},"potentialAction":[{"@type":"SearchAction","target":{"@type":"EntryPoint","urlTemplate":"https:\/\/gloopbaby.com\/fr\/?s={search_term_string}"},"query-input":{"@type":"PropertyValueSpecification","valueRequired":true,"valueName":"search_term_string"}}],"inLanguage":"fr-FR"},{"@type":"Organization","@id":"https:\/\/gloopbaby.com\/fr\/#organization","name":"Gloop Baby","url":"https:\/\/gloopbaby.com\/fr\/","logo":{"@type":"ImageObject","inLanguage":"fr-FR","@id":"https:\/\/gloopbaby.com\/fr\/#\/schema\/logo\/image\/","url":"https:\/\/gloopbaby.com\/wp-content\/uploads\/2023\/06\/gloop-logo.svg","contentUrl":"https:\/\/gloopbaby.com\/wp-content\/uploads\/2023\/06\/gloop-logo.svg","width":100,"height":100,"caption":"Gloop Baby"},"image":{"@id":"https:\/\/gloopbaby.com\/fr\/#\/schema\/logo\/image\/"}}]}},"_links":{"self":[{"href":"https:\/\/gloopbaby.com\/fr\/wp-json\/wp\/v2\/pages\/135686","targetHints":{"allow":["GET"]}}],"collection":[{"href":"https:\/\/gloopbaby.com\/fr\/wp-json\/wp\/v2\/pages"}],"about":[{"href":"https:\/\/gloopbaby.com\/fr\/wp-json\/wp\/v2\/types\/page"}],"author":[{"embeddable":true,"href":"https:\/\/gloopbaby.com\/fr\/wp-json\/wp\/v2\/users\/2"}],"replies":[{"embeddable":true,"href":"https:\/\/gloopbaby.com\/fr\/wp-json\/wp\/v2\/comments?post=135686"}],"version-history":[{"count":2,"href":"https:\/\/gloopbaby.com\/fr\/wp-json\/wp\/v2\/pages\/135686\/revisions"}],"predecessor-version":[{"id":135688,"href":"https:\/\/gloopbaby.com\/fr\/wp-json\/wp\/v2\/pages\/135686\/revisions\/135688"}],"wp:attachment":[{"href":"https:\/\/gloopbaby.com\/fr\/wp-json\/wp\/v2\/media?parent=135686"}],"curies":[{"name":"wp","href":"https:\/\/api.w.org\/{rel}","templated":true}]}}