{"id":135646,"date":"2025-07-25T14:55:04","date_gmt":"2025-07-25T14:55:04","guid":{"rendered":"https:\/\/gloopbaby.com\/resolution-alternative-des-litiges\/"},"modified":"2025-07-25T15:08:28","modified_gmt":"2025-07-25T15:08:28","slug":"resolution-alternative-des-litiges","status":"publish","type":"page","link":"https:\/\/gloopbaby.com\/fr\/resolution-alternative-des-litiges\/","title":{"rendered":"R\u00e9solution alternative des litiges"},"content":{"rendered":"\n<p>Le r\u00e8glement alternatif de litiges consiste \u00e0 la possibilit\u00e9 que tous les consommateurs ont \u00e0 leur disposition pour faire appel \u00e0 des entit\u00e9s officielles qui les aident au r\u00e8glement ou \u00e0 l\u2019orientation concernant un quelconque conflit. Le site R\u00e8glement en Ligne des Litiges est un site officiel g\u00e9r\u00e9 par la Commission europ\u00e9enne, qui est d\u00e9di\u00e9 \u00e0 aider les consommateurs et les commer\u00e7ants \u00e0 r\u00e9soudre leurs litiges en dehors des tribunaux: <a href=\"https:\/\/webgate.ec.europa.eu\/odr\/main\/index.cfm?event=main.home.chooseLanguage\">https:\/\/webgate.ec.europa.eu\/odr\/main\/index.cfm?event=main.home.chooseLanguage<\/a><\/p>\n\n<p>Les clients qui soient d\u00e9finis en tant que consommateurs par la loi n\u00ba 144\/2015 et qui aient conclus des contrats d\u2019achat et de vente et\/ou de prestations de services ont le droit de faire appel \u00e0 des entit\u00e9s officielles qui les aident au r\u00e8glement de quelconque litige qui ait pour objet tels contrats, sans pr\u00e9judice du recours aux Tribunaux Judiciaires. La liste mise \u00e0 jour des entit\u00e9s de R\u00e8glement Alternatif de Litiges disponibles conform\u00e9ment \u00e0 l\u2019article 17 de la loi n\u00ba 144\/2015, du 8 septembre, sont \u00e9num\u00e9r\u00e9es sur le Portail du Consommateur qui est accessible par le biais du site Internet <a href=\"https:\/\/www.shaecoshop.com\/fr\/www.consumidor.pt\">www.consumidor.pt<\/a>. Pour plus d\u2019informations, vous pourrez \u00e9galement consulter la loi n\u00ba 144\/2015. De plus, pour statuer des litiges qui d\u00e9coulent d\u2019achats en ligne, nous informons que vous pourrez faire appel \u00e0 un syst\u00e8me de r\u00e8glement d\u00e9nomm\u00e9 \u00ab Plateforme ODR &#8211; Online Dispute Resolution\/ RLL \u00bb, cr\u00e9\u00e9e par l\u2019UE.<\/p>\n\n<p>Dans tous les cas, vous pourrez prendre contact avec l\u2019un des centres ci-dessous d\u00e9nomm\u00e9s.<\/p>\n\n<p>Entit\u00e9s pour le R\u00e8glement Alternatif de Litiges<\/p>\n\n<p>CNIACC \u2013 Centre National d\u2019Information et d\u2019Arbitrage de Litiges de Consommation<\/p>\n\n<p><\/p>\n\n<p>http:\/\/www.arbitragemdeconsumo.org<\/p>\n\n<p>CIMAAL &#8211; Centre d\u2019Information, de M\u00e9diation et d\u2019Arbitrage de Litiges de Consommation de l\u2019Algarve<\/p>\n\n<p><a href=\"https:\/\/www.consumidoronline.pt\/pt\">https:\/\/www.consumidoronline.pt\/pt<\/a><\/p>\n\n<p>Centre d\u2019Arbitrage de Litiges de Consommation du District de Coimbra<\/p>\n\n<p>http:\/\/www.centrodearbitragemdecoimbra.com<\/p>\n\n<p>Centre d\u2019Arbitrage de Litiges de Consommation de Lisbonne<\/p>\n\n<p>http:\/\/www.centroarbitragemlisboa.pt<\/p>\n\n<p>Centre d\u2019Information de Consommation et d\u2019arbitrage du Porto<\/p>\n\n<p><a href=\"http:\/\/www.cicap.pt\/\">http:\/\/www.cicap.pt\/<\/a><\/p>\n\n<p>Centre d\u2019Arbitrage de Litiges de Consommation du Vale do Ave \/ Tribunal Arbitral<\/p>\n\n<p><a href=\"http:\/\/www.triave.pt\/\">http:\/\/www.triave.pt\/<\/a><\/p>\n\n<p>Plateforme Europ\u00e9enne de R\u00e8glement en Ligne de Litiges:<\/p>\n\n<p><a href=\"https:\/\/ec.europa.eu\/consumers\/odr\/main\/index.cfm?event=main.home.chooseLanguage\">https:\/\/ec.europa.eu\/consumers\/odr\/main\/index.cfm?event=main.home.chooseLanguage<\/a><\/p>\n","protected":false},"excerpt":{"rendered":"<p>Le r\u00e8glement alternatif de litiges consiste \u00e0 la possibilit\u00e9 que tous les consommateurs ont \u00e0 leur disposition pour faire appel \u00e0 des entit\u00e9s officielles qui les aident au r\u00e8glement ou \u00e0 l\u2019orientation concernant un quelconque conflit. Le site R\u00e8glement en Ligne des Litiges est un site officiel g\u00e9r\u00e9 par la Commission europ\u00e9enne, qui est d\u00e9di\u00e9 [&hellip;]<\/p>\n","protected":false},"author":2,"featured_media":135620,"parent":0,"menu_order":0,"comment_status":"closed","ping_status":"closed","template":"","meta":{"_acf_changed":false,"footnotes":""},"class_list":["post-135646","page","type-page","status-publish","has-post-thumbnail","hentry"],"acf":[],"yoast_head":"<!-- This site is optimized with the Yoast SEO plugin v27.4 - https:\/\/yoast.com\/product\/yoast-seo-wordpress\/ -->\n<title>R\u00e9solution alternative des litiges - Gloop Baby<\/title>\n<meta name=\"robots\" content=\"index, follow, max-snippet:-1, max-image-preview:large, max-video-preview:-1\" \/>\n<link rel=\"canonical\" href=\"https:\/\/gloopbaby.com\/fr\/resolution-alternative-des-litiges\/\" \/>\n<meta property=\"og:locale\" content=\"fr_FR\" \/>\n<meta property=\"og:type\" content=\"article\" \/>\n<meta property=\"og:title\" content=\"R\u00e9solution alternative des litiges - Gloop Baby\" \/>\n<meta property=\"og:description\" content=\"Le r\u00e8glement alternatif de litiges consiste \u00e0 la possibilit\u00e9 que tous les consommateurs ont \u00e0 leur disposition pour faire appel \u00e0 des entit\u00e9s officielles qui les aident au r\u00e8glement ou \u00e0 l\u2019orientation concernant un quelconque conflit. Le site R\u00e8glement en Ligne des Litiges est un site officiel g\u00e9r\u00e9 par la Commission europ\u00e9enne, qui est d\u00e9di\u00e9 [&hellip;]\" \/>\n<meta property=\"og:url\" content=\"https:\/\/gloopbaby.com\/fr\/resolution-alternative-des-litiges\/\" \/>\n<meta property=\"og:site_name\" content=\"Gloop Baby\" \/>\n<meta property=\"article:modified_time\" content=\"2025-07-25T15:08:28+00:00\" \/>\n<meta property=\"og:image\" content=\"https:\/\/gloopbaby.com\/wp-content\/uploads\/2025\/07\/5-variantes-mb-mbw-cc-ap-gp.png\" \/>\n\t<meta property=\"og:image:width\" content=\"584\" \/>\n\t<meta property=\"og:image:height\" content=\"110\" \/>\n\t<meta property=\"og:image:type\" content=\"image\/png\" \/>\n<meta name=\"twitter:card\" content=\"summary_large_image\" \/>\n<meta name=\"twitter:label1\" content=\"Dur\u00e9e de lecture estim\u00e9e\" \/>\n\t<meta name=\"twitter:data1\" content=\"2 minutes\" \/>\n<script type=\"application\/ld+json\" class=\"yoast-schema-graph\">{\"@context\":\"https:\\\/\\\/schema.org\",\"@graph\":[{\"@type\":\"WebPage\",\"@id\":\"https:\\\/\\\/gloopbaby.com\\\/fr\\\/resolution-alternative-des-litiges\\\/\",\"url\":\"https:\\\/\\\/gloopbaby.com\\\/fr\\\/resolution-alternative-des-litiges\\\/\",\"name\":\"R\u00e9solution alternative des litiges - Gloop Baby\",\"isPartOf\":{\"@id\":\"https:\\\/\\\/gloopbaby.com\\\/fr\\\/#website\"},\"primaryImageOfPage\":{\"@id\":\"https:\\\/\\\/gloopbaby.com\\\/fr\\\/resolution-alternative-des-litiges\\\/#primaryimage\"},\"image\":{\"@id\":\"https:\\\/\\\/gloopbaby.com\\\/fr\\\/resolution-alternative-des-litiges\\\/#primaryimage\"},\"thumbnailUrl\":\"https:\\\/\\\/gloopbaby.com\\\/wp-content\\\/uploads\\\/2025\\\/07\\\/5-variantes-mb-mbw-cc-ap-gp.png\",\"datePublished\":\"2025-07-25T14:55:04+00:00\",\"dateModified\":\"2025-07-25T15:08:28+00:00\",\"breadcrumb\":{\"@id\":\"https:\\\/\\\/gloopbaby.com\\\/fr\\\/resolution-alternative-des-litiges\\\/#breadcrumb\"},\"inLanguage\":\"fr-FR\",\"potentialAction\":[{\"@type\":\"ReadAction\",\"target\":[\"https:\\\/\\\/gloopbaby.com\\\/fr\\\/resolution-alternative-des-litiges\\\/\"]}]},{\"@type\":\"ImageObject\",\"inLanguage\":\"fr-FR\",\"@id\":\"https:\\\/\\\/gloopbaby.com\\\/fr\\\/resolution-alternative-des-litiges\\\/#primaryimage\",\"url\":\"https:\\\/\\\/gloopbaby.com\\\/wp-content\\\/uploads\\\/2025\\\/07\\\/5-variantes-mb-mbw-cc-ap-gp.png\",\"contentUrl\":\"https:\\\/\\\/gloopbaby.com\\\/wp-content\\\/uploads\\\/2025\\\/07\\\/5-variantes-mb-mbw-cc-ap-gp.png\",\"width\":584,\"height\":110},{\"@type\":\"BreadcrumbList\",\"@id\":\"https:\\\/\\\/gloopbaby.com\\\/fr\\\/resolution-alternative-des-litiges\\\/#breadcrumb\",\"itemListElement\":[{\"@type\":\"ListItem\",\"position\":1,\"name\":\"In\u00edcio\",\"item\":\"https:\\\/\\\/gloopbaby.com\\\/fr\\\/\"},{\"@type\":\"ListItem\",\"position\":2,\"name\":\"R\u00e9solution alternative des litiges\"}]},{\"@type\":\"WebSite\",\"@id\":\"https:\\\/\\\/gloopbaby.com\\\/fr\\\/#website\",\"url\":\"https:\\\/\\\/gloopbaby.com\\\/fr\\\/\",\"name\":\"Gloop Baby\",\"description\":\"\",\"publisher\":{\"@id\":\"https:\\\/\\\/gloopbaby.com\\\/fr\\\/#organization\"},\"potentialAction\":[{\"@type\":\"SearchAction\",\"target\":{\"@type\":\"EntryPoint\",\"urlTemplate\":\"https:\\\/\\\/gloopbaby.com\\\/fr\\\/?s={search_term_string}\"},\"query-input\":{\"@type\":\"PropertyValueSpecification\",\"valueRequired\":true,\"valueName\":\"search_term_string\"}}],\"inLanguage\":\"fr-FR\"},{\"@type\":\"Organization\",\"@id\":\"https:\\\/\\\/gloopbaby.com\\\/fr\\\/#organization\",\"name\":\"Gloop Baby\",\"url\":\"https:\\\/\\\/gloopbaby.com\\\/fr\\\/\",\"logo\":{\"@type\":\"ImageObject\",\"inLanguage\":\"fr-FR\",\"@id\":\"https:\\\/\\\/gloopbaby.com\\\/fr\\\/#\\\/schema\\\/logo\\\/image\\\/\",\"url\":\"https:\\\/\\\/gloopbaby.com\\\/wp-content\\\/uploads\\\/2023\\\/06\\\/gloop-logo.svg\",\"contentUrl\":\"https:\\\/\\\/gloopbaby.com\\\/wp-content\\\/uploads\\\/2023\\\/06\\\/gloop-logo.svg\",\"width\":100,\"height\":100,\"caption\":\"Gloop Baby\"},\"image\":{\"@id\":\"https:\\\/\\\/gloopbaby.com\\\/fr\\\/#\\\/schema\\\/logo\\\/image\\\/\"}}]}<\/script>\n<!-- \/ Yoast SEO plugin. -->","yoast_head_json":{"title":"R\u00e9solution alternative des litiges - Gloop Baby","robots":{"index":"index","follow":"follow","max-snippet":"max-snippet:-1","max-image-preview":"max-image-preview:large","max-video-preview":"max-video-preview:-1"},"canonical":"https:\/\/gloopbaby.com\/fr\/resolution-alternative-des-litiges\/","og_locale":"fr_FR","og_type":"article","og_title":"R\u00e9solution alternative des litiges - Gloop Baby","og_description":"Le r\u00e8glement alternatif de litiges consiste \u00e0 la possibilit\u00e9 que tous les consommateurs ont \u00e0 leur disposition pour faire appel \u00e0 des entit\u00e9s officielles qui les aident au r\u00e8glement ou \u00e0 l\u2019orientation concernant un quelconque conflit. Le site R\u00e8glement en Ligne des Litiges est un site officiel g\u00e9r\u00e9 par la Commission europ\u00e9enne, qui est d\u00e9di\u00e9 [&hellip;]","og_url":"https:\/\/gloopbaby.com\/fr\/resolution-alternative-des-litiges\/","og_site_name":"Gloop Baby","article_modified_time":"2025-07-25T15:08:28+00:00","og_image":[{"width":584,"height":110,"url":"https:\/\/gloopbaby.com\/wp-content\/uploads\/2025\/07\/5-variantes-mb-mbw-cc-ap-gp.png","type":"image\/png"}],"twitter_card":"summary_large_image","twitter_misc":{"Dur\u00e9e de lecture estim\u00e9e":"2 minutes"},"schema":{"@context":"https:\/\/schema.org","@graph":[{"@type":"WebPage","@id":"https:\/\/gloopbaby.com\/fr\/resolution-alternative-des-litiges\/","url":"https:\/\/gloopbaby.com\/fr\/resolution-alternative-des-litiges\/","name":"R\u00e9solution alternative des litiges - Gloop Baby","isPartOf":{"@id":"https:\/\/gloopbaby.com\/fr\/#website"},"primaryImageOfPage":{"@id":"https:\/\/gloopbaby.com\/fr\/resolution-alternative-des-litiges\/#primaryimage"},"image":{"@id":"https:\/\/gloopbaby.com\/fr\/resolution-alternative-des-litiges\/#primaryimage"},"thumbnailUrl":"https:\/\/gloopbaby.com\/wp-content\/uploads\/2025\/07\/5-variantes-mb-mbw-cc-ap-gp.png","datePublished":"2025-07-25T14:55:04+00:00","dateModified":"2025-07-25T15:08:28+00:00","breadcrumb":{"@id":"https:\/\/gloopbaby.com\/fr\/resolution-alternative-des-litiges\/#breadcrumb"},"inLanguage":"fr-FR","potentialAction":[{"@type":"ReadAction","target":["https:\/\/gloopbaby.com\/fr\/resolution-alternative-des-litiges\/"]}]},{"@type":"ImageObject","inLanguage":"fr-FR","@id":"https:\/\/gloopbaby.com\/fr\/resolution-alternative-des-litiges\/#primaryimage","url":"https:\/\/gloopbaby.com\/wp-content\/uploads\/2025\/07\/5-variantes-mb-mbw-cc-ap-gp.png","contentUrl":"https:\/\/gloopbaby.com\/wp-content\/uploads\/2025\/07\/5-variantes-mb-mbw-cc-ap-gp.png","width":584,"height":110},{"@type":"BreadcrumbList","@id":"https:\/\/gloopbaby.com\/fr\/resolution-alternative-des-litiges\/#breadcrumb","itemListElement":[{"@type":"ListItem","position":1,"name":"In\u00edcio","item":"https:\/\/gloopbaby.com\/fr\/"},{"@type":"ListItem","position":2,"name":"R\u00e9solution alternative des litiges"}]},{"@type":"WebSite","@id":"https:\/\/gloopbaby.com\/fr\/#website","url":"https:\/\/gloopbaby.com\/fr\/","name":"Gloop Baby","description":"","publisher":{"@id":"https:\/\/gloopbaby.com\/fr\/#organization"},"potentialAction":[{"@type":"SearchAction","target":{"@type":"EntryPoint","urlTemplate":"https:\/\/gloopbaby.com\/fr\/?s={search_term_string}"},"query-input":{"@type":"PropertyValueSpecification","valueRequired":true,"valueName":"search_term_string"}}],"inLanguage":"fr-FR"},{"@type":"Organization","@id":"https:\/\/gloopbaby.com\/fr\/#organization","name":"Gloop Baby","url":"https:\/\/gloopbaby.com\/fr\/","logo":{"@type":"ImageObject","inLanguage":"fr-FR","@id":"https:\/\/gloopbaby.com\/fr\/#\/schema\/logo\/image\/","url":"https:\/\/gloopbaby.com\/wp-content\/uploads\/2023\/06\/gloop-logo.svg","contentUrl":"https:\/\/gloopbaby.com\/wp-content\/uploads\/2023\/06\/gloop-logo.svg","width":100,"height":100,"caption":"Gloop Baby"},"image":{"@id":"https:\/\/gloopbaby.com\/fr\/#\/schema\/logo\/image\/"}}]}},"_links":{"self":[{"href":"https:\/\/gloopbaby.com\/fr\/wp-json\/wp\/v2\/pages\/135646","targetHints":{"allow":["GET"]}}],"collection":[{"href":"https:\/\/gloopbaby.com\/fr\/wp-json\/wp\/v2\/pages"}],"about":[{"href":"https:\/\/gloopbaby.com\/fr\/wp-json\/wp\/v2\/types\/page"}],"author":[{"embeddable":true,"href":"https:\/\/gloopbaby.com\/fr\/wp-json\/wp\/v2\/users\/2"}],"replies":[{"embeddable":true,"href":"https:\/\/gloopbaby.com\/fr\/wp-json\/wp\/v2\/comments?post=135646"}],"version-history":[{"count":1,"href":"https:\/\/gloopbaby.com\/fr\/wp-json\/wp\/v2\/pages\/135646\/revisions"}],"predecessor-version":[{"id":135647,"href":"https:\/\/gloopbaby.com\/fr\/wp-json\/wp\/v2\/pages\/135646\/revisions\/135647"}],"wp:featuredmedia":[{"embeddable":true,"href":"https:\/\/gloopbaby.com\/fr\/wp-json\/wp\/v2\/media\/135620"}],"wp:attachment":[{"href":"https:\/\/gloopbaby.com\/fr\/wp-json\/wp\/v2\/media?parent=135646"}],"curies":[{"name":"wp","href":"https:\/\/api.w.org\/{rel}","templated":true}]}}