{"id":40902,"date":"2023-09-05T07:40:26","date_gmt":"2023-09-05T07:40:26","guid":{"rendered":"https:\/\/gloopbaby.com\/?post_type=product&#038;p=40902"},"modified":"2025-04-30T14:29:33","modified_gmt":"2025-04-30T14:29:33","slug":"manta-sheep-100x70cm","status":"publish","type":"product","link":"https:\/\/gloopbaby.com\/es\/producto\/outlet-es\/cama-outlet-es\/manta-sheep-100x70cm\/","title":{"rendered":"Manta Sheep 100x70cm"},"content":{"rendered":"<p>La Manta gloop! con textura es pr\u00e1ctica y c\u00f3moda.Es ideal para acompa\u00f1ar al beb\u00e9 en las noches de sue\u00f1o o durante el d\u00eda para sentirse c\u00f3modo. El exterior est\u00e1 hecho de nuestro tejido de algod\u00f3n org\u00e1nico 100% certificado y el interior de poli\u00e9ster. Fabricado en Portugal Tama\u00f1o: 100x70cm<\/p>\n","protected":false},"excerpt":{"rendered":"<p>La Manta gloop! con textura es pr\u00e1ctica y c\u00f3moda.Es ideal para acompa\u00f1ar al beb\u00e9 en las noches de sue\u00f1o o durante el d\u00eda para sentirse c\u00f3modo. El exterior est\u00e1 hecho de nuestro tejido de algod\u00f3n org\u00e1nico 100% certificado y el interior de poli\u00e9ster. Fabricado en Portugal Tama\u00f1o: 100x70cm<\/p>\n","protected":false},"featured_media":126407,"comment_status":"closed","ping_status":"closed","template":"","meta":{"_acf_changed":false},"product_brand":[],"product_cat":[1207,1206],"product_tag":[],"class_list":{"0":"post-40902","1":"product","2":"type-product","3":"status-publish","4":"has-post-thumbnail","6":"product_cat-cama-outlet-es","7":"product_cat-outlet-es","9":"first","10":"instock","11":"sale","12":"taxable","13":"shipping-taxable","14":"purchasable","15":"product-type-simple"},"acf":[],"yoast_head":"<!-- This site is optimized with the Yoast SEO plugin v27.3 - https:\/\/yoast.com\/product\/yoast-seo-wordpress\/ -->\n<title>Manta Sheep 100x70cm - Gloop Baby<\/title>\n<meta name=\"robots\" content=\"index, follow, max-snippet:-1, max-image-preview:large, max-video-preview:-1\" \/>\n<link rel=\"canonical\" href=\"https:\/\/gloopbaby.com\/es\/producto\/outlet-es\/cama-outlet-es\/manta-sheep-100x70cm\/\" \/>\n<meta property=\"og:locale\" content=\"es_ES\" \/>\n<meta property=\"og:type\" content=\"article\" \/>\n<meta property=\"og:title\" content=\"Manta Sheep 100x70cm - Gloop Baby\" \/>\n<meta property=\"og:description\" content=\"La Manta gloop! con textura es pr\u00e1ctica y c\u00f3moda.Es ideal para acompa\u00f1ar al beb\u00e9 en las noches de sue\u00f1o o durante el d\u00eda para sentirse c\u00f3modo. El exterior est\u00e1 hecho de nuestro tejido de algod\u00f3n org\u00e1nico 100% certificado y el interior de poli\u00e9ster. Fabricado en Portugal Tama\u00f1o: 100x70cm\" \/>\n<meta property=\"og:url\" content=\"https:\/\/gloopbaby.com\/es\/producto\/outlet-es\/cama-outlet-es\/manta-sheep-100x70cm\/\" \/>\n<meta property=\"og:site_name\" content=\"Gloop Baby\" \/>\n<meta property=\"article:modified_time\" content=\"2025-04-30T14:29:33+00:00\" \/>\n<meta property=\"og:image\" content=\"https:\/\/gloopbaby.com\/wp-content\/uploads\/2023\/09\/Gloop-baby-AW-24-0102.jpg\" \/>\n\t<meta property=\"og:image:width\" content=\"1000\" \/>\n\t<meta property=\"og:image:height\" content=\"1500\" \/>\n\t<meta property=\"og:image:type\" content=\"image\/jpeg\" \/>\n<meta name=\"twitter:card\" content=\"summary_large_image\" \/>\n<script type=\"application\/ld+json\" class=\"yoast-schema-graph\">{\"@context\":\"https:\\\/\\\/schema.org\",\"@graph\":[{\"@type\":\"WebPage\",\"@id\":\"https:\\\/\\\/gloopbaby.com\\\/es\\\/producto\\\/outlet-es\\\/cama-outlet-es\\\/manta-sheep-100x70cm\\\/\",\"url\":\"https:\\\/\\\/gloopbaby.com\\\/es\\\/producto\\\/outlet-es\\\/cama-outlet-es\\\/manta-sheep-100x70cm\\\/\",\"name\":\"Manta Sheep 100x70cm - Gloop Baby\",\"isPartOf\":{\"@id\":\"https:\\\/\\\/gloopbaby.com\\\/es\\\/#website\"},\"primaryImageOfPage\":{\"@id\":\"https:\\\/\\\/gloopbaby.com\\\/es\\\/producto\\\/outlet-es\\\/cama-outlet-es\\\/manta-sheep-100x70cm\\\/#primaryimage\"},\"image\":{\"@id\":\"https:\\\/\\\/gloopbaby.com\\\/es\\\/producto\\\/outlet-es\\\/cama-outlet-es\\\/manta-sheep-100x70cm\\\/#primaryimage\"},\"thumbnailUrl\":\"https:\\\/\\\/gloopbaby.com\\\/wp-content\\\/uploads\\\/2023\\\/09\\\/Gloop-baby-AW-24-0102.jpg\",\"datePublished\":\"2023-09-05T07:40:26+00:00\",\"dateModified\":\"2025-04-30T14:29:33+00:00\",\"breadcrumb\":{\"@id\":\"https:\\\/\\\/gloopbaby.com\\\/es\\\/producto\\\/outlet-es\\\/cama-outlet-es\\\/manta-sheep-100x70cm\\\/#breadcrumb\"},\"inLanguage\":\"es\",\"potentialAction\":[{\"@type\":\"ReadAction\",\"target\":[\"https:\\\/\\\/gloopbaby.com\\\/es\\\/producto\\\/outlet-es\\\/cama-outlet-es\\\/manta-sheep-100x70cm\\\/\"]}]},{\"@type\":\"ImageObject\",\"inLanguage\":\"es\",\"@id\":\"https:\\\/\\\/gloopbaby.com\\\/es\\\/producto\\\/outlet-es\\\/cama-outlet-es\\\/manta-sheep-100x70cm\\\/#primaryimage\",\"url\":\"https:\\\/\\\/gloopbaby.com\\\/wp-content\\\/uploads\\\/2023\\\/09\\\/Gloop-baby-AW-24-0102.jpg\",\"contentUrl\":\"https:\\\/\\\/gloopbaby.com\\\/wp-content\\\/uploads\\\/2023\\\/09\\\/Gloop-baby-AW-24-0102.jpg\",\"width\":1000,\"height\":1500},{\"@type\":\"BreadcrumbList\",\"@id\":\"https:\\\/\\\/gloopbaby.com\\\/es\\\/producto\\\/outlet-es\\\/cama-outlet-es\\\/manta-sheep-100x70cm\\\/#breadcrumb\",\"itemListElement\":[{\"@type\":\"ListItem\",\"position\":1,\"name\":\"In\u00edcio\",\"item\":\"https:\\\/\\\/gloopbaby.com\\\/es\\\/\"},{\"@type\":\"ListItem\",\"position\":2,\"name\":\"Shop\",\"item\":\"https:\\\/\\\/gloopbaby.com\\\/loja\\\/\"},{\"@type\":\"ListItem\",\"position\":3,\"name\":\"Manta Sheep 100x70cm\"}]},{\"@type\":\"WebSite\",\"@id\":\"https:\\\/\\\/gloopbaby.com\\\/es\\\/#website\",\"url\":\"https:\\\/\\\/gloopbaby.com\\\/es\\\/\",\"name\":\"Gloop Baby\",\"description\":\"\",\"publisher\":{\"@id\":\"https:\\\/\\\/gloopbaby.com\\\/es\\\/#organization\"},\"potentialAction\":[{\"@type\":\"SearchAction\",\"target\":{\"@type\":\"EntryPoint\",\"urlTemplate\":\"https:\\\/\\\/gloopbaby.com\\\/es\\\/?s={search_term_string}\"},\"query-input\":{\"@type\":\"PropertyValueSpecification\",\"valueRequired\":true,\"valueName\":\"search_term_string\"}}],\"inLanguage\":\"es\"},{\"@type\":\"Organization\",\"@id\":\"https:\\\/\\\/gloopbaby.com\\\/es\\\/#organization\",\"name\":\"Gloop Baby\",\"url\":\"https:\\\/\\\/gloopbaby.com\\\/es\\\/\",\"logo\":{\"@type\":\"ImageObject\",\"inLanguage\":\"es\",\"@id\":\"https:\\\/\\\/gloopbaby.com\\\/es\\\/#\\\/schema\\\/logo\\\/image\\\/\",\"url\":\"https:\\\/\\\/gloopbaby.com\\\/wp-content\\\/uploads\\\/2023\\\/06\\\/gloop-logo.svg\",\"contentUrl\":\"https:\\\/\\\/gloopbaby.com\\\/wp-content\\\/uploads\\\/2023\\\/06\\\/gloop-logo.svg\",\"width\":100,\"height\":100,\"caption\":\"Gloop Baby\"},\"image\":{\"@id\":\"https:\\\/\\\/gloopbaby.com\\\/es\\\/#\\\/schema\\\/logo\\\/image\\\/\"}}]}<\/script>\n<!-- \/ Yoast SEO plugin. -->","yoast_head_json":{"title":"Manta Sheep 100x70cm - Gloop Baby","robots":{"index":"index","follow":"follow","max-snippet":"max-snippet:-1","max-image-preview":"max-image-preview:large","max-video-preview":"max-video-preview:-1"},"canonical":"https:\/\/gloopbaby.com\/es\/producto\/outlet-es\/cama-outlet-es\/manta-sheep-100x70cm\/","og_locale":"es_ES","og_type":"article","og_title":"Manta Sheep 100x70cm - Gloop Baby","og_description":"La Manta gloop! con textura es pr\u00e1ctica y c\u00f3moda.Es ideal para acompa\u00f1ar al beb\u00e9 en las noches de sue\u00f1o o durante el d\u00eda para sentirse c\u00f3modo. El exterior est\u00e1 hecho de nuestro tejido de algod\u00f3n org\u00e1nico 100% certificado y el interior de poli\u00e9ster. Fabricado en Portugal Tama\u00f1o: 100x70cm","og_url":"https:\/\/gloopbaby.com\/es\/producto\/outlet-es\/cama-outlet-es\/manta-sheep-100x70cm\/","og_site_name":"Gloop Baby","article_modified_time":"2025-04-30T14:29:33+00:00","og_image":[{"width":1000,"height":1500,"url":"https:\/\/gloopbaby.com\/wp-content\/uploads\/2023\/09\/Gloop-baby-AW-24-0102.jpg","type":"image\/jpeg"}],"twitter_card":"summary_large_image","schema":{"@context":"https:\/\/schema.org","@graph":[{"@type":"WebPage","@id":"https:\/\/gloopbaby.com\/es\/producto\/outlet-es\/cama-outlet-es\/manta-sheep-100x70cm\/","url":"https:\/\/gloopbaby.com\/es\/producto\/outlet-es\/cama-outlet-es\/manta-sheep-100x70cm\/","name":"Manta Sheep 100x70cm - Gloop Baby","isPartOf":{"@id":"https:\/\/gloopbaby.com\/es\/#website"},"primaryImageOfPage":{"@id":"https:\/\/gloopbaby.com\/es\/producto\/outlet-es\/cama-outlet-es\/manta-sheep-100x70cm\/#primaryimage"},"image":{"@id":"https:\/\/gloopbaby.com\/es\/producto\/outlet-es\/cama-outlet-es\/manta-sheep-100x70cm\/#primaryimage"},"thumbnailUrl":"https:\/\/gloopbaby.com\/wp-content\/uploads\/2023\/09\/Gloop-baby-AW-24-0102.jpg","datePublished":"2023-09-05T07:40:26+00:00","dateModified":"2025-04-30T14:29:33+00:00","breadcrumb":{"@id":"https:\/\/gloopbaby.com\/es\/producto\/outlet-es\/cama-outlet-es\/manta-sheep-100x70cm\/#breadcrumb"},"inLanguage":"es","potentialAction":[{"@type":"ReadAction","target":["https:\/\/gloopbaby.com\/es\/producto\/outlet-es\/cama-outlet-es\/manta-sheep-100x70cm\/"]}]},{"@type":"ImageObject","inLanguage":"es","@id":"https:\/\/gloopbaby.com\/es\/producto\/outlet-es\/cama-outlet-es\/manta-sheep-100x70cm\/#primaryimage","url":"https:\/\/gloopbaby.com\/wp-content\/uploads\/2023\/09\/Gloop-baby-AW-24-0102.jpg","contentUrl":"https:\/\/gloopbaby.com\/wp-content\/uploads\/2023\/09\/Gloop-baby-AW-24-0102.jpg","width":1000,"height":1500},{"@type":"BreadcrumbList","@id":"https:\/\/gloopbaby.com\/es\/producto\/outlet-es\/cama-outlet-es\/manta-sheep-100x70cm\/#breadcrumb","itemListElement":[{"@type":"ListItem","position":1,"name":"In\u00edcio","item":"https:\/\/gloopbaby.com\/es\/"},{"@type":"ListItem","position":2,"name":"Shop","item":"https:\/\/gloopbaby.com\/loja\/"},{"@type":"ListItem","position":3,"name":"Manta Sheep 100x70cm"}]},{"@type":"WebSite","@id":"https:\/\/gloopbaby.com\/es\/#website","url":"https:\/\/gloopbaby.com\/es\/","name":"Gloop Baby","description":"","publisher":{"@id":"https:\/\/gloopbaby.com\/es\/#organization"},"potentialAction":[{"@type":"SearchAction","target":{"@type":"EntryPoint","urlTemplate":"https:\/\/gloopbaby.com\/es\/?s={search_term_string}"},"query-input":{"@type":"PropertyValueSpecification","valueRequired":true,"valueName":"search_term_string"}}],"inLanguage":"es"},{"@type":"Organization","@id":"https:\/\/gloopbaby.com\/es\/#organization","name":"Gloop Baby","url":"https:\/\/gloopbaby.com\/es\/","logo":{"@type":"ImageObject","inLanguage":"es","@id":"https:\/\/gloopbaby.com\/es\/#\/schema\/logo\/image\/","url":"https:\/\/gloopbaby.com\/wp-content\/uploads\/2023\/06\/gloop-logo.svg","contentUrl":"https:\/\/gloopbaby.com\/wp-content\/uploads\/2023\/06\/gloop-logo.svg","width":100,"height":100,"caption":"Gloop Baby"},"image":{"@id":"https:\/\/gloopbaby.com\/es\/#\/schema\/logo\/image\/"}}]}},"_links":{"self":[{"href":"https:\/\/gloopbaby.com\/es\/wp-json\/wp\/v2\/product\/40902","targetHints":{"allow":["GET"]}}],"collection":[{"href":"https:\/\/gloopbaby.com\/es\/wp-json\/wp\/v2\/product"}],"about":[{"href":"https:\/\/gloopbaby.com\/es\/wp-json\/wp\/v2\/types\/product"}],"replies":[{"embeddable":true,"href":"https:\/\/gloopbaby.com\/es\/wp-json\/wp\/v2\/comments?post=40902"}],"wp:featuredmedia":[{"embeddable":true,"href":"https:\/\/gloopbaby.com\/es\/wp-json\/wp\/v2\/media\/126407"}],"wp:attachment":[{"href":"https:\/\/gloopbaby.com\/es\/wp-json\/wp\/v2\/media?parent=40902"}],"wp:term":[{"taxonomy":"product_brand","embeddable":true,"href":"https:\/\/gloopbaby.com\/es\/wp-json\/wp\/v2\/product_brand?post=40902"},{"taxonomy":"product_cat","embeddable":true,"href":"https:\/\/gloopbaby.com\/es\/wp-json\/wp\/v2\/product_cat?post=40902"},{"taxonomy":"product_tag","embeddable":true,"href":"https:\/\/gloopbaby.com\/es\/wp-json\/wp\/v2\/product_tag?post=40902"}],"curies":[{"name":"wp","href":"https:\/\/api.w.org\/{rel}","templated":true}]}}