{"id":19325,"date":"2023-06-20T14:57:56","date_gmt":"2023-06-20T14:57:56","guid":{"rendered":"https:\/\/gloopbaby.com\/produto\/pack-de-2-fraldas-gloop-110x110cm-estrelas-rosa\/"},"modified":"2026-01-14T12:03:43","modified_gmt":"2026-01-14T12:03:43","slug":"pack-de-2-fraldas-gloop-110x110cm-estrelas-rosa","status":"publish","type":"product","link":"https:\/\/gloopbaby.com\/es\/producto\/outlet-es\/muselinas-es\/pack-de-2-fraldas-gloop-110x110cm-estrelas-rosa\/","title":{"rendered":"Pack de 2 Muselinas gloop! 100x100cm Estrellas Rosa"},"content":{"rendered":"<p>La muselina gloop! 100x100cm gran tama\u00f1o y su fuerte resistencia hacen que este pa\u00f1al sea \u00fatil para muchas aplicaciones, adem\u00e1s de ser el tama\u00f1o perfecto para envolver. 100% algod\u00f3n org\u00e1nico y fabricado en Portugal<\/p>\n","protected":false},"excerpt":{"rendered":"<p>La muselina gloop! 100x100cm gran tama\u00f1o y su fuerte resistencia hacen que este pa\u00f1al sea \u00fatil para muchas aplicaciones, adem\u00e1s de ser el tama\u00f1o perfecto para envolver. 100% algod\u00f3n org\u00e1nico y fabricado en Portugal<\/p>\n","protected":false},"featured_media":105777,"comment_status":"closed","ping_status":"closed","template":"","meta":{"_acf_changed":false},"product_brand":[],"product_cat":[1209,1206],"product_tag":[],"class_list":{"0":"post-19325","1":"product","2":"type-product","3":"status-publish","4":"has-post-thumbnail","6":"product_cat-muselinas-es","7":"product_cat-outlet-es","9":"first","10":"instock","11":"sale","12":"taxable","13":"shipping-taxable","14":"purchasable","15":"product-type-simple"},"acf":[],"yoast_head":"<!-- This site is optimized with the Yoast SEO plugin v27.3 - https:\/\/yoast.com\/product\/yoast-seo-wordpress\/ -->\n<title>Pack de 2 Muselinas gloop! 100x100cm Estrellas Rosa - Gloop Baby<\/title>\n<meta name=\"robots\" content=\"index, follow, max-snippet:-1, max-image-preview:large, max-video-preview:-1\" \/>\n<link rel=\"canonical\" href=\"https:\/\/gloopbaby.com\/es\/producto\/outlet-es\/muselinas-es\/pack-de-2-fraldas-gloop-110x110cm-estrelas-rosa\/\" \/>\n<meta property=\"og:locale\" content=\"es_ES\" \/>\n<meta property=\"og:type\" content=\"article\" \/>\n<meta property=\"og:title\" content=\"Pack de 2 Muselinas gloop! 100x100cm Estrellas Rosa - Gloop Baby\" \/>\n<meta property=\"og:description\" content=\"La muselina gloop! 100x100cm gran tama\u00f1o y su fuerte resistencia hacen que este pa\u00f1al sea \u00fatil para muchas aplicaciones, adem\u00e1s de ser el tama\u00f1o perfecto para envolver. 100% algod\u00f3n org\u00e1nico y fabricado en Portugal\" \/>\n<meta property=\"og:url\" content=\"https:\/\/gloopbaby.com\/es\/producto\/outlet-es\/muselinas-es\/pack-de-2-fraldas-gloop-110x110cm-estrelas-rosa\/\" \/>\n<meta property=\"og:site_name\" content=\"Gloop Baby\" \/>\n<meta property=\"article:modified_time\" content=\"2026-01-14T12:03:43+00:00\" \/>\n<meta property=\"og:image\" content=\"https:\/\/gloopbaby.com\/wp-content\/uploads\/2023\/06\/fralda-2-16-jpg.webp\" \/>\n\t<meta property=\"og:image:width\" content=\"1444\" \/>\n\t<meta property=\"og:image:height\" content=\"2167\" \/>\n\t<meta property=\"og:image:type\" content=\"image\/jpeg\" \/>\n<meta name=\"twitter:card\" content=\"summary_large_image\" \/>\n<meta name=\"twitter:label1\" content=\"Tiempo de lectura\" \/>\n\t<meta name=\"twitter:data1\" content=\"1 minuto\" \/>\n<script type=\"application\/ld+json\" class=\"yoast-schema-graph\">{\"@context\":\"https:\\\/\\\/schema.org\",\"@graph\":[{\"@type\":\"WebPage\",\"@id\":\"https:\\\/\\\/gloopbaby.com\\\/es\\\/producto\\\/outlet-es\\\/muselinas-es\\\/pack-de-2-fraldas-gloop-110x110cm-estrelas-rosa\\\/\",\"url\":\"https:\\\/\\\/gloopbaby.com\\\/es\\\/producto\\\/outlet-es\\\/muselinas-es\\\/pack-de-2-fraldas-gloop-110x110cm-estrelas-rosa\\\/\",\"name\":\"Pack de 2 Muselinas gloop! 100x100cm Estrellas Rosa - Gloop Baby\",\"isPartOf\":{\"@id\":\"https:\\\/\\\/gloopbaby.com\\\/es\\\/#website\"},\"primaryImageOfPage\":{\"@id\":\"https:\\\/\\\/gloopbaby.com\\\/es\\\/producto\\\/outlet-es\\\/muselinas-es\\\/pack-de-2-fraldas-gloop-110x110cm-estrelas-rosa\\\/#primaryimage\"},\"image\":{\"@id\":\"https:\\\/\\\/gloopbaby.com\\\/es\\\/producto\\\/outlet-es\\\/muselinas-es\\\/pack-de-2-fraldas-gloop-110x110cm-estrelas-rosa\\\/#primaryimage\"},\"thumbnailUrl\":\"https:\\\/\\\/gloopbaby.com\\\/wp-content\\\/uploads\\\/2023\\\/06\\\/fralda-2-16-jpg.webp\",\"datePublished\":\"2023-06-20T14:57:56+00:00\",\"dateModified\":\"2026-01-14T12:03:43+00:00\",\"breadcrumb\":{\"@id\":\"https:\\\/\\\/gloopbaby.com\\\/es\\\/producto\\\/outlet-es\\\/muselinas-es\\\/pack-de-2-fraldas-gloop-110x110cm-estrelas-rosa\\\/#breadcrumb\"},\"inLanguage\":\"es\",\"potentialAction\":[{\"@type\":\"ReadAction\",\"target\":[\"https:\\\/\\\/gloopbaby.com\\\/es\\\/producto\\\/outlet-es\\\/muselinas-es\\\/pack-de-2-fraldas-gloop-110x110cm-estrelas-rosa\\\/\"]}]},{\"@type\":\"ImageObject\",\"inLanguage\":\"es\",\"@id\":\"https:\\\/\\\/gloopbaby.com\\\/es\\\/producto\\\/outlet-es\\\/muselinas-es\\\/pack-de-2-fraldas-gloop-110x110cm-estrelas-rosa\\\/#primaryimage\",\"url\":\"https:\\\/\\\/gloopbaby.com\\\/wp-content\\\/uploads\\\/2023\\\/06\\\/fralda-2-16-jpg.webp\",\"contentUrl\":\"https:\\\/\\\/gloopbaby.com\\\/wp-content\\\/uploads\\\/2023\\\/06\\\/fralda-2-16-jpg.webp\",\"width\":1444,\"height\":2167},{\"@type\":\"BreadcrumbList\",\"@id\":\"https:\\\/\\\/gloopbaby.com\\\/es\\\/producto\\\/outlet-es\\\/muselinas-es\\\/pack-de-2-fraldas-gloop-110x110cm-estrelas-rosa\\\/#breadcrumb\",\"itemListElement\":[{\"@type\":\"ListItem\",\"position\":1,\"name\":\"In\u00edcio\",\"item\":\"https:\\\/\\\/gloopbaby.com\\\/es\\\/\"},{\"@type\":\"ListItem\",\"position\":2,\"name\":\"Shop\",\"item\":\"https:\\\/\\\/gloopbaby.com\\\/loja\\\/\"},{\"@type\":\"ListItem\",\"position\":3,\"name\":\"Pack de 2 Muselinas gloop! 100x100cm Estrellas Rosa\"}]},{\"@type\":\"WebSite\",\"@id\":\"https:\\\/\\\/gloopbaby.com\\\/es\\\/#website\",\"url\":\"https:\\\/\\\/gloopbaby.com\\\/es\\\/\",\"name\":\"Gloop Baby\",\"description\":\"\",\"publisher\":{\"@id\":\"https:\\\/\\\/gloopbaby.com\\\/es\\\/#organization\"},\"potentialAction\":[{\"@type\":\"SearchAction\",\"target\":{\"@type\":\"EntryPoint\",\"urlTemplate\":\"https:\\\/\\\/gloopbaby.com\\\/es\\\/?s={search_term_string}\"},\"query-input\":{\"@type\":\"PropertyValueSpecification\",\"valueRequired\":true,\"valueName\":\"search_term_string\"}}],\"inLanguage\":\"es\"},{\"@type\":\"Organization\",\"@id\":\"https:\\\/\\\/gloopbaby.com\\\/es\\\/#organization\",\"name\":\"Gloop Baby\",\"url\":\"https:\\\/\\\/gloopbaby.com\\\/es\\\/\",\"logo\":{\"@type\":\"ImageObject\",\"inLanguage\":\"es\",\"@id\":\"https:\\\/\\\/gloopbaby.com\\\/es\\\/#\\\/schema\\\/logo\\\/image\\\/\",\"url\":\"https:\\\/\\\/gloopbaby.com\\\/wp-content\\\/uploads\\\/2023\\\/06\\\/gloop-logo.svg\",\"contentUrl\":\"https:\\\/\\\/gloopbaby.com\\\/wp-content\\\/uploads\\\/2023\\\/06\\\/gloop-logo.svg\",\"width\":100,\"height\":100,\"caption\":\"Gloop Baby\"},\"image\":{\"@id\":\"https:\\\/\\\/gloopbaby.com\\\/es\\\/#\\\/schema\\\/logo\\\/image\\\/\"}}]}<\/script>\n<!-- \/ Yoast SEO plugin. -->","yoast_head_json":{"title":"Pack de 2 Muselinas gloop! 100x100cm Estrellas Rosa - Gloop Baby","robots":{"index":"index","follow":"follow","max-snippet":"max-snippet:-1","max-image-preview":"max-image-preview:large","max-video-preview":"max-video-preview:-1"},"canonical":"https:\/\/gloopbaby.com\/es\/producto\/outlet-es\/muselinas-es\/pack-de-2-fraldas-gloop-110x110cm-estrelas-rosa\/","og_locale":"es_ES","og_type":"article","og_title":"Pack de 2 Muselinas gloop! 100x100cm Estrellas Rosa - Gloop Baby","og_description":"La muselina gloop! 100x100cm gran tama\u00f1o y su fuerte resistencia hacen que este pa\u00f1al sea \u00fatil para muchas aplicaciones, adem\u00e1s de ser el tama\u00f1o perfecto para envolver. 100% algod\u00f3n org\u00e1nico y fabricado en Portugal","og_url":"https:\/\/gloopbaby.com\/es\/producto\/outlet-es\/muselinas-es\/pack-de-2-fraldas-gloop-110x110cm-estrelas-rosa\/","og_site_name":"Gloop Baby","article_modified_time":"2026-01-14T12:03:43+00:00","og_image":[{"width":1444,"height":2167,"url":"https:\/\/gloopbaby.com\/wp-content\/uploads\/2023\/06\/fralda-2-16-jpg.webp","type":"image\/jpeg"}],"twitter_card":"summary_large_image","twitter_misc":{"Tiempo de lectura":"1 minuto"},"schema":{"@context":"https:\/\/schema.org","@graph":[{"@type":"WebPage","@id":"https:\/\/gloopbaby.com\/es\/producto\/outlet-es\/muselinas-es\/pack-de-2-fraldas-gloop-110x110cm-estrelas-rosa\/","url":"https:\/\/gloopbaby.com\/es\/producto\/outlet-es\/muselinas-es\/pack-de-2-fraldas-gloop-110x110cm-estrelas-rosa\/","name":"Pack de 2 Muselinas gloop! 100x100cm Estrellas Rosa - Gloop Baby","isPartOf":{"@id":"https:\/\/gloopbaby.com\/es\/#website"},"primaryImageOfPage":{"@id":"https:\/\/gloopbaby.com\/es\/producto\/outlet-es\/muselinas-es\/pack-de-2-fraldas-gloop-110x110cm-estrelas-rosa\/#primaryimage"},"image":{"@id":"https:\/\/gloopbaby.com\/es\/producto\/outlet-es\/muselinas-es\/pack-de-2-fraldas-gloop-110x110cm-estrelas-rosa\/#primaryimage"},"thumbnailUrl":"https:\/\/gloopbaby.com\/wp-content\/uploads\/2023\/06\/fralda-2-16-jpg.webp","datePublished":"2023-06-20T14:57:56+00:00","dateModified":"2026-01-14T12:03:43+00:00","breadcrumb":{"@id":"https:\/\/gloopbaby.com\/es\/producto\/outlet-es\/muselinas-es\/pack-de-2-fraldas-gloop-110x110cm-estrelas-rosa\/#breadcrumb"},"inLanguage":"es","potentialAction":[{"@type":"ReadAction","target":["https:\/\/gloopbaby.com\/es\/producto\/outlet-es\/muselinas-es\/pack-de-2-fraldas-gloop-110x110cm-estrelas-rosa\/"]}]},{"@type":"ImageObject","inLanguage":"es","@id":"https:\/\/gloopbaby.com\/es\/producto\/outlet-es\/muselinas-es\/pack-de-2-fraldas-gloop-110x110cm-estrelas-rosa\/#primaryimage","url":"https:\/\/gloopbaby.com\/wp-content\/uploads\/2023\/06\/fralda-2-16-jpg.webp","contentUrl":"https:\/\/gloopbaby.com\/wp-content\/uploads\/2023\/06\/fralda-2-16-jpg.webp","width":1444,"height":2167},{"@type":"BreadcrumbList","@id":"https:\/\/gloopbaby.com\/es\/producto\/outlet-es\/muselinas-es\/pack-de-2-fraldas-gloop-110x110cm-estrelas-rosa\/#breadcrumb","itemListElement":[{"@type":"ListItem","position":1,"name":"In\u00edcio","item":"https:\/\/gloopbaby.com\/es\/"},{"@type":"ListItem","position":2,"name":"Shop","item":"https:\/\/gloopbaby.com\/loja\/"},{"@type":"ListItem","position":3,"name":"Pack de 2 Muselinas gloop! 100x100cm Estrellas Rosa"}]},{"@type":"WebSite","@id":"https:\/\/gloopbaby.com\/es\/#website","url":"https:\/\/gloopbaby.com\/es\/","name":"Gloop Baby","description":"","publisher":{"@id":"https:\/\/gloopbaby.com\/es\/#organization"},"potentialAction":[{"@type":"SearchAction","target":{"@type":"EntryPoint","urlTemplate":"https:\/\/gloopbaby.com\/es\/?s={search_term_string}"},"query-input":{"@type":"PropertyValueSpecification","valueRequired":true,"valueName":"search_term_string"}}],"inLanguage":"es"},{"@type":"Organization","@id":"https:\/\/gloopbaby.com\/es\/#organization","name":"Gloop Baby","url":"https:\/\/gloopbaby.com\/es\/","logo":{"@type":"ImageObject","inLanguage":"es","@id":"https:\/\/gloopbaby.com\/es\/#\/schema\/logo\/image\/","url":"https:\/\/gloopbaby.com\/wp-content\/uploads\/2023\/06\/gloop-logo.svg","contentUrl":"https:\/\/gloopbaby.com\/wp-content\/uploads\/2023\/06\/gloop-logo.svg","width":100,"height":100,"caption":"Gloop Baby"},"image":{"@id":"https:\/\/gloopbaby.com\/es\/#\/schema\/logo\/image\/"}}]}},"_links":{"self":[{"href":"https:\/\/gloopbaby.com\/es\/wp-json\/wp\/v2\/product\/19325","targetHints":{"allow":["GET"]}}],"collection":[{"href":"https:\/\/gloopbaby.com\/es\/wp-json\/wp\/v2\/product"}],"about":[{"href":"https:\/\/gloopbaby.com\/es\/wp-json\/wp\/v2\/types\/product"}],"replies":[{"embeddable":true,"href":"https:\/\/gloopbaby.com\/es\/wp-json\/wp\/v2\/comments?post=19325"}],"wp:featuredmedia":[{"embeddable":true,"href":"https:\/\/gloopbaby.com\/es\/wp-json\/wp\/v2\/media\/105777"}],"wp:attachment":[{"href":"https:\/\/gloopbaby.com\/es\/wp-json\/wp\/v2\/media?parent=19325"}],"wp:term":[{"taxonomy":"product_brand","embeddable":true,"href":"https:\/\/gloopbaby.com\/es\/wp-json\/wp\/v2\/product_brand?post=19325"},{"taxonomy":"product_cat","embeddable":true,"href":"https:\/\/gloopbaby.com\/es\/wp-json\/wp\/v2\/product_cat?post=19325"},{"taxonomy":"product_tag","embeddable":true,"href":"https:\/\/gloopbaby.com\/es\/wp-json\/wp\/v2\/product_tag?post=19325"}],"curies":[{"name":"wp","href":"https:\/\/api.w.org\/{rel}","templated":true}]}}