{"id":19204,"date":"2023-06-20T15:09:34","date_gmt":"2023-06-20T15:09:34","guid":{"rendered":"https:\/\/gloopbaby.com\/produto\/edredon-branco-enchimento\/"},"modified":"2023-07-18T13:21:32","modified_gmt":"2023-07-18T13:21:32","slug":"edredon-branco-enchimento","status":"publish","type":"product","link":"https:\/\/gloopbaby.com\/es\/producto\/home-and-sleep-es\/cama-es\/funda-nordica-es\/pack-funda-nordica\/edredon-branco-enchimento\/","title":{"rendered":"Funda Blanco (Relleno)"},"content":{"rendered":"<p>El Funda Blanco gloop! es perfecto para mantener a tu beb\u00e9 caliente por la noche. Es bastante f\u00e1cil separar las piezas a lavar. El exterior est\u00e1 hecho de nuestro tejido de algod\u00f3n org\u00e1nico 100% certificado y el interior de poli\u00e9ster. Fabricado en Portugal Tama\u00f1o: 100x140cm<\/p>\n","protected":false},"excerpt":{"rendered":"<p>El Funda Blanco gloop! es perfecto para mantener a tu beb\u00e9 caliente por la noche. Es bastante f\u00e1cil separar las piezas a lavar. El exterior est\u00e1 hecho de nuestro tejido de algod\u00f3n org\u00e1nico 100% certificado y el interior de poli\u00e9ster. Fabricado en Portugal Tama\u00f1o: 100x140cm<\/p>\n","protected":false},"featured_media":13413,"comment_status":"open","ping_status":"closed","template":"","meta":{"_acf_changed":false},"product_brand":[],"product_cat":[1287,1270,1290,1291],"product_tag":[],"class_list":{"0":"post-19204","1":"product","2":"type-product","3":"status-publish","4":"has-post-thumbnail","6":"product_cat-cama-es","7":"product_cat-home-and-sleep-es","8":"product_cat-funda-nordica-es","9":"product_cat-pack-funda-nordica","11":"first","12":"instock","13":"taxable","14":"shipping-taxable","15":"purchasable","16":"product-type-simple"},"acf":[],"yoast_head":"<!-- This site is optimized with the Yoast SEO plugin v27.3 - https:\/\/yoast.com\/product\/yoast-seo-wordpress\/ -->\n<title>Funda Blanco (Relleno) - Gloop Baby<\/title>\n<meta name=\"robots\" content=\"index, follow, max-snippet:-1, max-image-preview:large, max-video-preview:-1\" \/>\n<link rel=\"canonical\" href=\"https:\/\/gloopbaby.com\/es\/producto\/home-and-sleep-es\/cama-es\/funda-nordica-es\/pack-funda-nordica\/edredon-branco-enchimento\/\" \/>\n<meta property=\"og:locale\" content=\"es_ES\" \/>\n<meta property=\"og:type\" content=\"article\" \/>\n<meta property=\"og:title\" content=\"Funda Blanco (Relleno) - Gloop Baby\" \/>\n<meta property=\"og:description\" content=\"El Funda Blanco gloop! es perfecto para mantener a tu beb\u00e9 caliente por la noche. Es bastante f\u00e1cil separar las piezas a lavar. El exterior est\u00e1 hecho de nuestro tejido de algod\u00f3n org\u00e1nico 100% certificado y el interior de poli\u00e9ster. Fabricado en Portugal Tama\u00f1o: 100x140cm\" \/>\n<meta property=\"og:url\" content=\"https:\/\/gloopbaby.com\/es\/producto\/home-and-sleep-es\/cama-es\/funda-nordica-es\/pack-funda-nordica\/edredon-branco-enchimento\/\" \/>\n<meta property=\"og:site_name\" content=\"Gloop Baby\" \/>\n<meta property=\"article:modified_time\" content=\"2023-07-18T13:21:32+00:00\" \/>\n<meta property=\"og:image\" content=\"https:\/\/gloopbaby.com\/wp-content\/uploads\/2023\/06\/5600353192695.MAIN_-scaled-1.jpg\" \/>\n\t<meta property=\"og:image:width\" content=\"2560\" \/>\n\t<meta property=\"og:image:height\" content=\"2560\" \/>\n\t<meta property=\"og:image:type\" content=\"image\/jpeg\" \/>\n<meta name=\"twitter:card\" content=\"summary_large_image\" \/>\n<script type=\"application\/ld+json\" class=\"yoast-schema-graph\">{\"@context\":\"https:\\\/\\\/schema.org\",\"@graph\":[{\"@type\":\"WebPage\",\"@id\":\"https:\\\/\\\/gloopbaby.com\\\/es\\\/producto\\\/home-and-sleep-es\\\/cama-es\\\/funda-nordica-es\\\/pack-funda-nordica\\\/edredon-branco-enchimento\\\/\",\"url\":\"https:\\\/\\\/gloopbaby.com\\\/es\\\/producto\\\/home-and-sleep-es\\\/cama-es\\\/funda-nordica-es\\\/pack-funda-nordica\\\/edredon-branco-enchimento\\\/\",\"name\":\"Funda Blanco (Relleno) - Gloop Baby\",\"isPartOf\":{\"@id\":\"https:\\\/\\\/gloopbaby.com\\\/es\\\/#website\"},\"primaryImageOfPage\":{\"@id\":\"https:\\\/\\\/gloopbaby.com\\\/es\\\/producto\\\/home-and-sleep-es\\\/cama-es\\\/funda-nordica-es\\\/pack-funda-nordica\\\/edredon-branco-enchimento\\\/#primaryimage\"},\"image\":{\"@id\":\"https:\\\/\\\/gloopbaby.com\\\/es\\\/producto\\\/home-and-sleep-es\\\/cama-es\\\/funda-nordica-es\\\/pack-funda-nordica\\\/edredon-branco-enchimento\\\/#primaryimage\"},\"thumbnailUrl\":\"https:\\\/\\\/gloopbaby.com\\\/wp-content\\\/uploads\\\/2023\\\/06\\\/5600353192695.MAIN_-scaled-1.jpg\",\"datePublished\":\"2023-06-20T15:09:34+00:00\",\"dateModified\":\"2023-07-18T13:21:32+00:00\",\"breadcrumb\":{\"@id\":\"https:\\\/\\\/gloopbaby.com\\\/es\\\/producto\\\/home-and-sleep-es\\\/cama-es\\\/funda-nordica-es\\\/pack-funda-nordica\\\/edredon-branco-enchimento\\\/#breadcrumb\"},\"inLanguage\":\"es\",\"potentialAction\":[{\"@type\":\"ReadAction\",\"target\":[\"https:\\\/\\\/gloopbaby.com\\\/es\\\/producto\\\/home-and-sleep-es\\\/cama-es\\\/funda-nordica-es\\\/pack-funda-nordica\\\/edredon-branco-enchimento\\\/\"]}]},{\"@type\":\"ImageObject\",\"inLanguage\":\"es\",\"@id\":\"https:\\\/\\\/gloopbaby.com\\\/es\\\/producto\\\/home-and-sleep-es\\\/cama-es\\\/funda-nordica-es\\\/pack-funda-nordica\\\/edredon-branco-enchimento\\\/#primaryimage\",\"url\":\"https:\\\/\\\/gloopbaby.com\\\/wp-content\\\/uploads\\\/2023\\\/06\\\/5600353192695.MAIN_-scaled-1.jpg\",\"contentUrl\":\"https:\\\/\\\/gloopbaby.com\\\/wp-content\\\/uploads\\\/2023\\\/06\\\/5600353192695.MAIN_-scaled-1.jpg\",\"width\":2560,\"height\":2560},{\"@type\":\"BreadcrumbList\",\"@id\":\"https:\\\/\\\/gloopbaby.com\\\/es\\\/producto\\\/home-and-sleep-es\\\/cama-es\\\/funda-nordica-es\\\/pack-funda-nordica\\\/edredon-branco-enchimento\\\/#breadcrumb\",\"itemListElement\":[{\"@type\":\"ListItem\",\"position\":1,\"name\":\"In\u00edcio\",\"item\":\"https:\\\/\\\/gloopbaby.com\\\/es\\\/\"},{\"@type\":\"ListItem\",\"position\":2,\"name\":\"Shop\",\"item\":\"https:\\\/\\\/gloopbaby.com\\\/loja\\\/\"},{\"@type\":\"ListItem\",\"position\":3,\"name\":\"Funda Blanco (Relleno)\"}]},{\"@type\":\"WebSite\",\"@id\":\"https:\\\/\\\/gloopbaby.com\\\/es\\\/#website\",\"url\":\"https:\\\/\\\/gloopbaby.com\\\/es\\\/\",\"name\":\"Gloop Baby\",\"description\":\"\",\"publisher\":{\"@id\":\"https:\\\/\\\/gloopbaby.com\\\/es\\\/#organization\"},\"potentialAction\":[{\"@type\":\"SearchAction\",\"target\":{\"@type\":\"EntryPoint\",\"urlTemplate\":\"https:\\\/\\\/gloopbaby.com\\\/es\\\/?s={search_term_string}\"},\"query-input\":{\"@type\":\"PropertyValueSpecification\",\"valueRequired\":true,\"valueName\":\"search_term_string\"}}],\"inLanguage\":\"es\"},{\"@type\":\"Organization\",\"@id\":\"https:\\\/\\\/gloopbaby.com\\\/es\\\/#organization\",\"name\":\"Gloop Baby\",\"url\":\"https:\\\/\\\/gloopbaby.com\\\/es\\\/\",\"logo\":{\"@type\":\"ImageObject\",\"inLanguage\":\"es\",\"@id\":\"https:\\\/\\\/gloopbaby.com\\\/es\\\/#\\\/schema\\\/logo\\\/image\\\/\",\"url\":\"https:\\\/\\\/gloopbaby.com\\\/wp-content\\\/uploads\\\/2023\\\/06\\\/gloop-logo.svg\",\"contentUrl\":\"https:\\\/\\\/gloopbaby.com\\\/wp-content\\\/uploads\\\/2023\\\/06\\\/gloop-logo.svg\",\"width\":100,\"height\":100,\"caption\":\"Gloop Baby\"},\"image\":{\"@id\":\"https:\\\/\\\/gloopbaby.com\\\/es\\\/#\\\/schema\\\/logo\\\/image\\\/\"}}]}<\/script>\n<!-- \/ Yoast SEO plugin. -->","yoast_head_json":{"title":"Funda Blanco (Relleno) - Gloop Baby","robots":{"index":"index","follow":"follow","max-snippet":"max-snippet:-1","max-image-preview":"max-image-preview:large","max-video-preview":"max-video-preview:-1"},"canonical":"https:\/\/gloopbaby.com\/es\/producto\/home-and-sleep-es\/cama-es\/funda-nordica-es\/pack-funda-nordica\/edredon-branco-enchimento\/","og_locale":"es_ES","og_type":"article","og_title":"Funda Blanco (Relleno) - Gloop Baby","og_description":"El Funda Blanco gloop! es perfecto para mantener a tu beb\u00e9 caliente por la noche. Es bastante f\u00e1cil separar las piezas a lavar. El exterior est\u00e1 hecho de nuestro tejido de algod\u00f3n org\u00e1nico 100% certificado y el interior de poli\u00e9ster. Fabricado en Portugal Tama\u00f1o: 100x140cm","og_url":"https:\/\/gloopbaby.com\/es\/producto\/home-and-sleep-es\/cama-es\/funda-nordica-es\/pack-funda-nordica\/edredon-branco-enchimento\/","og_site_name":"Gloop Baby","article_modified_time":"2023-07-18T13:21:32+00:00","og_image":[{"width":2560,"height":2560,"url":"https:\/\/gloopbaby.com\/wp-content\/uploads\/2023\/06\/5600353192695.MAIN_-scaled-1.jpg","type":"image\/jpeg"}],"twitter_card":"summary_large_image","schema":{"@context":"https:\/\/schema.org","@graph":[{"@type":"WebPage","@id":"https:\/\/gloopbaby.com\/es\/producto\/home-and-sleep-es\/cama-es\/funda-nordica-es\/pack-funda-nordica\/edredon-branco-enchimento\/","url":"https:\/\/gloopbaby.com\/es\/producto\/home-and-sleep-es\/cama-es\/funda-nordica-es\/pack-funda-nordica\/edredon-branco-enchimento\/","name":"Funda Blanco (Relleno) - Gloop Baby","isPartOf":{"@id":"https:\/\/gloopbaby.com\/es\/#website"},"primaryImageOfPage":{"@id":"https:\/\/gloopbaby.com\/es\/producto\/home-and-sleep-es\/cama-es\/funda-nordica-es\/pack-funda-nordica\/edredon-branco-enchimento\/#primaryimage"},"image":{"@id":"https:\/\/gloopbaby.com\/es\/producto\/home-and-sleep-es\/cama-es\/funda-nordica-es\/pack-funda-nordica\/edredon-branco-enchimento\/#primaryimage"},"thumbnailUrl":"https:\/\/gloopbaby.com\/wp-content\/uploads\/2023\/06\/5600353192695.MAIN_-scaled-1.jpg","datePublished":"2023-06-20T15:09:34+00:00","dateModified":"2023-07-18T13:21:32+00:00","breadcrumb":{"@id":"https:\/\/gloopbaby.com\/es\/producto\/home-and-sleep-es\/cama-es\/funda-nordica-es\/pack-funda-nordica\/edredon-branco-enchimento\/#breadcrumb"},"inLanguage":"es","potentialAction":[{"@type":"ReadAction","target":["https:\/\/gloopbaby.com\/es\/producto\/home-and-sleep-es\/cama-es\/funda-nordica-es\/pack-funda-nordica\/edredon-branco-enchimento\/"]}]},{"@type":"ImageObject","inLanguage":"es","@id":"https:\/\/gloopbaby.com\/es\/producto\/home-and-sleep-es\/cama-es\/funda-nordica-es\/pack-funda-nordica\/edredon-branco-enchimento\/#primaryimage","url":"https:\/\/gloopbaby.com\/wp-content\/uploads\/2023\/06\/5600353192695.MAIN_-scaled-1.jpg","contentUrl":"https:\/\/gloopbaby.com\/wp-content\/uploads\/2023\/06\/5600353192695.MAIN_-scaled-1.jpg","width":2560,"height":2560},{"@type":"BreadcrumbList","@id":"https:\/\/gloopbaby.com\/es\/producto\/home-and-sleep-es\/cama-es\/funda-nordica-es\/pack-funda-nordica\/edredon-branco-enchimento\/#breadcrumb","itemListElement":[{"@type":"ListItem","position":1,"name":"In\u00edcio","item":"https:\/\/gloopbaby.com\/es\/"},{"@type":"ListItem","position":2,"name":"Shop","item":"https:\/\/gloopbaby.com\/loja\/"},{"@type":"ListItem","position":3,"name":"Funda Blanco (Relleno)"}]},{"@type":"WebSite","@id":"https:\/\/gloopbaby.com\/es\/#website","url":"https:\/\/gloopbaby.com\/es\/","name":"Gloop Baby","description":"","publisher":{"@id":"https:\/\/gloopbaby.com\/es\/#organization"},"potentialAction":[{"@type":"SearchAction","target":{"@type":"EntryPoint","urlTemplate":"https:\/\/gloopbaby.com\/es\/?s={search_term_string}"},"query-input":{"@type":"PropertyValueSpecification","valueRequired":true,"valueName":"search_term_string"}}],"inLanguage":"es"},{"@type":"Organization","@id":"https:\/\/gloopbaby.com\/es\/#organization","name":"Gloop Baby","url":"https:\/\/gloopbaby.com\/es\/","logo":{"@type":"ImageObject","inLanguage":"es","@id":"https:\/\/gloopbaby.com\/es\/#\/schema\/logo\/image\/","url":"https:\/\/gloopbaby.com\/wp-content\/uploads\/2023\/06\/gloop-logo.svg","contentUrl":"https:\/\/gloopbaby.com\/wp-content\/uploads\/2023\/06\/gloop-logo.svg","width":100,"height":100,"caption":"Gloop Baby"},"image":{"@id":"https:\/\/gloopbaby.com\/es\/#\/schema\/logo\/image\/"}}]}},"_links":{"self":[{"href":"https:\/\/gloopbaby.com\/es\/wp-json\/wp\/v2\/product\/19204","targetHints":{"allow":["GET"]}}],"collection":[{"href":"https:\/\/gloopbaby.com\/es\/wp-json\/wp\/v2\/product"}],"about":[{"href":"https:\/\/gloopbaby.com\/es\/wp-json\/wp\/v2\/types\/product"}],"replies":[{"embeddable":true,"href":"https:\/\/gloopbaby.com\/es\/wp-json\/wp\/v2\/comments?post=19204"}],"wp:featuredmedia":[{"embeddable":true,"href":"https:\/\/gloopbaby.com\/es\/wp-json\/wp\/v2\/media\/13413"}],"wp:attachment":[{"href":"https:\/\/gloopbaby.com\/es\/wp-json\/wp\/v2\/media?parent=19204"}],"wp:term":[{"taxonomy":"product_brand","embeddable":true,"href":"https:\/\/gloopbaby.com\/es\/wp-json\/wp\/v2\/product_brand?post=19204"},{"taxonomy":"product_cat","embeddable":true,"href":"https:\/\/gloopbaby.com\/es\/wp-json\/wp\/v2\/product_cat?post=19204"},{"taxonomy":"product_tag","embeddable":true,"href":"https:\/\/gloopbaby.com\/es\/wp-json\/wp\/v2\/product_tag?post=19204"}],"curies":[{"name":"wp","href":"https:\/\/api.w.org\/{rel}","templated":true}]}}