{"id":19161,"date":"2023-06-20T15:13:15","date_gmt":"2023-06-20T15:13:15","guid":{"rendered":"https:\/\/gloopbaby.com\/produto\/set-de-lencois-nuvens-azuis-3-pecas-bar\/"},"modified":"2024-05-16T15:31:46","modified_gmt":"2024-05-16T15:31:46","slug":"set-de-lencois-nuvens-azuis-3-pecas-bar","status":"publish","type":"product","link":"https:\/\/gloopbaby.com\/es\/producto\/outlet-es\/cama-outlet-es\/set-de-lencois-nuvens-azuis-3-pecas-bar\/","title":{"rendered":"Juego de S\u00e1banas Nubes Azules 3 piezas (Bar)"},"content":{"rendered":"<p>Las s\u00e1banas gloop! permita que su beb\u00e9 descanse tranquilo por la noche. Este juego incluye 3 piezas, s\u00e1bana encimera, s\u00e1bana bajera ajustable y funda de almohada. El sistema el\u00e1stico hace que sea muy f\u00e1cil de ajustar y se ajusta completamente al colch\u00f3n, lo que aumenta la comodidad durante el sue\u00f1o. Tambi\u00e9n incluye la funda de almohada para la almohada de 30&#215;50 cm y la s\u00e1bana encimera para hacer el conjunto m\u00e1s hermoso para la habitaci\u00f3n de tu beb\u00e9. 100% algod\u00f3n org\u00e1nico y fabricado en Portugal Tama\u00f1o: 60x120cm | 110x150cm |30x50cm<\/p>\n","protected":false},"excerpt":{"rendered":"<p>Las s\u00e1banas gloop! permita que su beb\u00e9 descanse tranquilo por la noche. Este juego incluye 3 piezas, s\u00e1bana encimera, s\u00e1bana bajera ajustable y funda de almohada. El sistema el\u00e1stico hace que sea muy f\u00e1cil de ajustar y se ajusta completamente al colch\u00f3n, lo que aumenta la comodidad durante el sue\u00f1o. Tambi\u00e9n incluye la funda de [&hellip;]<\/p>\n","protected":false},"featured_media":40653,"comment_status":"closed","ping_status":"closed","template":"","meta":{"_acf_changed":false},"product_brand":[],"product_cat":[1207,1206],"product_tag":[],"class_list":{"0":"post-19161","1":"product","2":"type-product","3":"status-publish","4":"has-post-thumbnail","6":"product_cat-cama-outlet-es","7":"product_cat-outlet-es","9":"first","10":"instock","11":"sale","12":"taxable","13":"shipping-taxable","14":"purchasable","15":"product-type-simple"},"acf":[],"yoast_head":"<!-- This site is optimized with the Yoast SEO plugin v27.3 - https:\/\/yoast.com\/product\/yoast-seo-wordpress\/ -->\n<title>Juego de S\u00e1banas Nubes Azules 3 piezas (Bar) - Gloop Baby<\/title>\n<meta name=\"robots\" content=\"index, follow, max-snippet:-1, max-image-preview:large, max-video-preview:-1\" \/>\n<link rel=\"canonical\" href=\"https:\/\/gloopbaby.com\/es\/producto\/outlet-es\/cama-outlet-es\/set-de-lencois-nuvens-azuis-3-pecas-bar\/\" \/>\n<meta property=\"og:locale\" content=\"es_ES\" \/>\n<meta property=\"og:type\" content=\"article\" \/>\n<meta property=\"og:title\" content=\"Juego de S\u00e1banas Nubes Azules 3 piezas (Bar) - Gloop Baby\" \/>\n<meta property=\"og:description\" content=\"Las s\u00e1banas gloop! permita que su beb\u00e9 descanse tranquilo por la noche. Este juego incluye 3 piezas, s\u00e1bana encimera, s\u00e1bana bajera ajustable y funda de almohada. El sistema el\u00e1stico hace que sea muy f\u00e1cil de ajustar y se ajusta completamente al colch\u00f3n, lo que aumenta la comodidad durante el sue\u00f1o. Tambi\u00e9n incluye la funda de [&hellip;]\" \/>\n<meta property=\"og:url\" content=\"https:\/\/gloopbaby.com\/es\/producto\/outlet-es\/cama-outlet-es\/set-de-lencois-nuvens-azuis-3-pecas-bar\/\" \/>\n<meta property=\"og:site_name\" content=\"Gloop Baby\" \/>\n<meta property=\"article:modified_time\" content=\"2024-05-16T15:31:46+00:00\" \/>\n<meta property=\"og:image\" content=\"https:\/\/gloopbaby.com\/wp-content\/uploads\/2023\/06\/lencol-nuvens.jpg\" \/>\n\t<meta property=\"og:image:width\" content=\"1444\" \/>\n\t<meta property=\"og:image:height\" content=\"2167\" \/>\n\t<meta property=\"og:image:type\" content=\"image\/jpeg\" \/>\n<meta name=\"twitter:card\" content=\"summary_large_image\" \/>\n<meta name=\"twitter:label1\" content=\"Tiempo de lectura\" \/>\n\t<meta name=\"twitter:data1\" content=\"1 minuto\" \/>\n<script type=\"application\/ld+json\" class=\"yoast-schema-graph\">{\"@context\":\"https:\\\/\\\/schema.org\",\"@graph\":[{\"@type\":\"WebPage\",\"@id\":\"https:\\\/\\\/gloopbaby.com\\\/es\\\/producto\\\/outlet-es\\\/cama-outlet-es\\\/set-de-lencois-nuvens-azuis-3-pecas-bar\\\/\",\"url\":\"https:\\\/\\\/gloopbaby.com\\\/es\\\/producto\\\/outlet-es\\\/cama-outlet-es\\\/set-de-lencois-nuvens-azuis-3-pecas-bar\\\/\",\"name\":\"Juego de S\u00e1banas Nubes Azules 3 piezas (Bar) - Gloop Baby\",\"isPartOf\":{\"@id\":\"https:\\\/\\\/gloopbaby.com\\\/es\\\/#website\"},\"primaryImageOfPage\":{\"@id\":\"https:\\\/\\\/gloopbaby.com\\\/es\\\/producto\\\/outlet-es\\\/cama-outlet-es\\\/set-de-lencois-nuvens-azuis-3-pecas-bar\\\/#primaryimage\"},\"image\":{\"@id\":\"https:\\\/\\\/gloopbaby.com\\\/es\\\/producto\\\/outlet-es\\\/cama-outlet-es\\\/set-de-lencois-nuvens-azuis-3-pecas-bar\\\/#primaryimage\"},\"thumbnailUrl\":\"https:\\\/\\\/gloopbaby.com\\\/wp-content\\\/uploads\\\/2023\\\/06\\\/lencol-nuvens.jpg\",\"datePublished\":\"2023-06-20T15:13:15+00:00\",\"dateModified\":\"2024-05-16T15:31:46+00:00\",\"breadcrumb\":{\"@id\":\"https:\\\/\\\/gloopbaby.com\\\/es\\\/producto\\\/outlet-es\\\/cama-outlet-es\\\/set-de-lencois-nuvens-azuis-3-pecas-bar\\\/#breadcrumb\"},\"inLanguage\":\"es\",\"potentialAction\":[{\"@type\":\"ReadAction\",\"target\":[\"https:\\\/\\\/gloopbaby.com\\\/es\\\/producto\\\/outlet-es\\\/cama-outlet-es\\\/set-de-lencois-nuvens-azuis-3-pecas-bar\\\/\"]}]},{\"@type\":\"ImageObject\",\"inLanguage\":\"es\",\"@id\":\"https:\\\/\\\/gloopbaby.com\\\/es\\\/producto\\\/outlet-es\\\/cama-outlet-es\\\/set-de-lencois-nuvens-azuis-3-pecas-bar\\\/#primaryimage\",\"url\":\"https:\\\/\\\/gloopbaby.com\\\/wp-content\\\/uploads\\\/2023\\\/06\\\/lencol-nuvens.jpg\",\"contentUrl\":\"https:\\\/\\\/gloopbaby.com\\\/wp-content\\\/uploads\\\/2023\\\/06\\\/lencol-nuvens.jpg\",\"width\":1444,\"height\":2167},{\"@type\":\"BreadcrumbList\",\"@id\":\"https:\\\/\\\/gloopbaby.com\\\/es\\\/producto\\\/outlet-es\\\/cama-outlet-es\\\/set-de-lencois-nuvens-azuis-3-pecas-bar\\\/#breadcrumb\",\"itemListElement\":[{\"@type\":\"ListItem\",\"position\":1,\"name\":\"In\u00edcio\",\"item\":\"https:\\\/\\\/gloopbaby.com\\\/es\\\/\"},{\"@type\":\"ListItem\",\"position\":2,\"name\":\"Shop\",\"item\":\"https:\\\/\\\/gloopbaby.com\\\/loja\\\/\"},{\"@type\":\"ListItem\",\"position\":3,\"name\":\"Juego de S\u00e1banas Nubes Azules 3 piezas (Bar)\"}]},{\"@type\":\"WebSite\",\"@id\":\"https:\\\/\\\/gloopbaby.com\\\/es\\\/#website\",\"url\":\"https:\\\/\\\/gloopbaby.com\\\/es\\\/\",\"name\":\"Gloop Baby\",\"description\":\"\",\"publisher\":{\"@id\":\"https:\\\/\\\/gloopbaby.com\\\/es\\\/#organization\"},\"potentialAction\":[{\"@type\":\"SearchAction\",\"target\":{\"@type\":\"EntryPoint\",\"urlTemplate\":\"https:\\\/\\\/gloopbaby.com\\\/es\\\/?s={search_term_string}\"},\"query-input\":{\"@type\":\"PropertyValueSpecification\",\"valueRequired\":true,\"valueName\":\"search_term_string\"}}],\"inLanguage\":\"es\"},{\"@type\":\"Organization\",\"@id\":\"https:\\\/\\\/gloopbaby.com\\\/es\\\/#organization\",\"name\":\"Gloop Baby\",\"url\":\"https:\\\/\\\/gloopbaby.com\\\/es\\\/\",\"logo\":{\"@type\":\"ImageObject\",\"inLanguage\":\"es\",\"@id\":\"https:\\\/\\\/gloopbaby.com\\\/es\\\/#\\\/schema\\\/logo\\\/image\\\/\",\"url\":\"https:\\\/\\\/gloopbaby.com\\\/wp-content\\\/uploads\\\/2023\\\/06\\\/gloop-logo.svg\",\"contentUrl\":\"https:\\\/\\\/gloopbaby.com\\\/wp-content\\\/uploads\\\/2023\\\/06\\\/gloop-logo.svg\",\"width\":100,\"height\":100,\"caption\":\"Gloop Baby\"},\"image\":{\"@id\":\"https:\\\/\\\/gloopbaby.com\\\/es\\\/#\\\/schema\\\/logo\\\/image\\\/\"}}]}<\/script>\n<!-- \/ Yoast SEO plugin. -->","yoast_head_json":{"title":"Juego de S\u00e1banas Nubes Azules 3 piezas (Bar) - Gloop Baby","robots":{"index":"index","follow":"follow","max-snippet":"max-snippet:-1","max-image-preview":"max-image-preview:large","max-video-preview":"max-video-preview:-1"},"canonical":"https:\/\/gloopbaby.com\/es\/producto\/outlet-es\/cama-outlet-es\/set-de-lencois-nuvens-azuis-3-pecas-bar\/","og_locale":"es_ES","og_type":"article","og_title":"Juego de S\u00e1banas Nubes Azules 3 piezas (Bar) - Gloop Baby","og_description":"Las s\u00e1banas gloop! permita que su beb\u00e9 descanse tranquilo por la noche. Este juego incluye 3 piezas, s\u00e1bana encimera, s\u00e1bana bajera ajustable y funda de almohada. El sistema el\u00e1stico hace que sea muy f\u00e1cil de ajustar y se ajusta completamente al colch\u00f3n, lo que aumenta la comodidad durante el sue\u00f1o. Tambi\u00e9n incluye la funda de [&hellip;]","og_url":"https:\/\/gloopbaby.com\/es\/producto\/outlet-es\/cama-outlet-es\/set-de-lencois-nuvens-azuis-3-pecas-bar\/","og_site_name":"Gloop Baby","article_modified_time":"2024-05-16T15:31:46+00:00","og_image":[{"width":1444,"height":2167,"url":"https:\/\/gloopbaby.com\/wp-content\/uploads\/2023\/06\/lencol-nuvens.jpg","type":"image\/jpeg"}],"twitter_card":"summary_large_image","twitter_misc":{"Tiempo de lectura":"1 minuto"},"schema":{"@context":"https:\/\/schema.org","@graph":[{"@type":"WebPage","@id":"https:\/\/gloopbaby.com\/es\/producto\/outlet-es\/cama-outlet-es\/set-de-lencois-nuvens-azuis-3-pecas-bar\/","url":"https:\/\/gloopbaby.com\/es\/producto\/outlet-es\/cama-outlet-es\/set-de-lencois-nuvens-azuis-3-pecas-bar\/","name":"Juego de S\u00e1banas Nubes Azules 3 piezas (Bar) - Gloop Baby","isPartOf":{"@id":"https:\/\/gloopbaby.com\/es\/#website"},"primaryImageOfPage":{"@id":"https:\/\/gloopbaby.com\/es\/producto\/outlet-es\/cama-outlet-es\/set-de-lencois-nuvens-azuis-3-pecas-bar\/#primaryimage"},"image":{"@id":"https:\/\/gloopbaby.com\/es\/producto\/outlet-es\/cama-outlet-es\/set-de-lencois-nuvens-azuis-3-pecas-bar\/#primaryimage"},"thumbnailUrl":"https:\/\/gloopbaby.com\/wp-content\/uploads\/2023\/06\/lencol-nuvens.jpg","datePublished":"2023-06-20T15:13:15+00:00","dateModified":"2024-05-16T15:31:46+00:00","breadcrumb":{"@id":"https:\/\/gloopbaby.com\/es\/producto\/outlet-es\/cama-outlet-es\/set-de-lencois-nuvens-azuis-3-pecas-bar\/#breadcrumb"},"inLanguage":"es","potentialAction":[{"@type":"ReadAction","target":["https:\/\/gloopbaby.com\/es\/producto\/outlet-es\/cama-outlet-es\/set-de-lencois-nuvens-azuis-3-pecas-bar\/"]}]},{"@type":"ImageObject","inLanguage":"es","@id":"https:\/\/gloopbaby.com\/es\/producto\/outlet-es\/cama-outlet-es\/set-de-lencois-nuvens-azuis-3-pecas-bar\/#primaryimage","url":"https:\/\/gloopbaby.com\/wp-content\/uploads\/2023\/06\/lencol-nuvens.jpg","contentUrl":"https:\/\/gloopbaby.com\/wp-content\/uploads\/2023\/06\/lencol-nuvens.jpg","width":1444,"height":2167},{"@type":"BreadcrumbList","@id":"https:\/\/gloopbaby.com\/es\/producto\/outlet-es\/cama-outlet-es\/set-de-lencois-nuvens-azuis-3-pecas-bar\/#breadcrumb","itemListElement":[{"@type":"ListItem","position":1,"name":"In\u00edcio","item":"https:\/\/gloopbaby.com\/es\/"},{"@type":"ListItem","position":2,"name":"Shop","item":"https:\/\/gloopbaby.com\/loja\/"},{"@type":"ListItem","position":3,"name":"Juego de S\u00e1banas Nubes Azules 3 piezas (Bar)"}]},{"@type":"WebSite","@id":"https:\/\/gloopbaby.com\/es\/#website","url":"https:\/\/gloopbaby.com\/es\/","name":"Gloop Baby","description":"","publisher":{"@id":"https:\/\/gloopbaby.com\/es\/#organization"},"potentialAction":[{"@type":"SearchAction","target":{"@type":"EntryPoint","urlTemplate":"https:\/\/gloopbaby.com\/es\/?s={search_term_string}"},"query-input":{"@type":"PropertyValueSpecification","valueRequired":true,"valueName":"search_term_string"}}],"inLanguage":"es"},{"@type":"Organization","@id":"https:\/\/gloopbaby.com\/es\/#organization","name":"Gloop Baby","url":"https:\/\/gloopbaby.com\/es\/","logo":{"@type":"ImageObject","inLanguage":"es","@id":"https:\/\/gloopbaby.com\/es\/#\/schema\/logo\/image\/","url":"https:\/\/gloopbaby.com\/wp-content\/uploads\/2023\/06\/gloop-logo.svg","contentUrl":"https:\/\/gloopbaby.com\/wp-content\/uploads\/2023\/06\/gloop-logo.svg","width":100,"height":100,"caption":"Gloop Baby"},"image":{"@id":"https:\/\/gloopbaby.com\/es\/#\/schema\/logo\/image\/"}}]}},"_links":{"self":[{"href":"https:\/\/gloopbaby.com\/es\/wp-json\/wp\/v2\/product\/19161","targetHints":{"allow":["GET"]}}],"collection":[{"href":"https:\/\/gloopbaby.com\/es\/wp-json\/wp\/v2\/product"}],"about":[{"href":"https:\/\/gloopbaby.com\/es\/wp-json\/wp\/v2\/types\/product"}],"replies":[{"embeddable":true,"href":"https:\/\/gloopbaby.com\/es\/wp-json\/wp\/v2\/comments?post=19161"}],"wp:featuredmedia":[{"embeddable":true,"href":"https:\/\/gloopbaby.com\/es\/wp-json\/wp\/v2\/media\/40653"}],"wp:attachment":[{"href":"https:\/\/gloopbaby.com\/es\/wp-json\/wp\/v2\/media?parent=19161"}],"wp:term":[{"taxonomy":"product_brand","embeddable":true,"href":"https:\/\/gloopbaby.com\/es\/wp-json\/wp\/v2\/product_brand?post=19161"},{"taxonomy":"product_cat","embeddable":true,"href":"https:\/\/gloopbaby.com\/es\/wp-json\/wp\/v2\/product_cat?post=19161"},{"taxonomy":"product_tag","embeddable":true,"href":"https:\/\/gloopbaby.com\/es\/wp-json\/wp\/v2\/product_tag?post=19161"}],"curies":[{"name":"wp","href":"https:\/\/api.w.org\/{rel}","templated":true}]}}