{"id":18000,"date":"2023-06-20T16:54:43","date_gmt":"2023-06-20T16:54:43","guid":{"rendered":"https:\/\/gloopbaby.com\/produto\/pack-2-chupetas-porta-chupetas-rose-pink\/"},"modified":"2024-05-15T08:16:04","modified_gmt":"2024-05-15T08:16:04","slug":"pack-2-chupetas-porta-chupetas-rose-pink","status":"publish","type":"product","link":"https:\/\/gloopbaby.com\/es\/producto\/bath-and-nursery-es\/chupetes\/set-2-chupetes-funda-de-silicona-es\/pack-2-chupetas-porta-chupetas-rose-pink\/","title":{"rendered":"Set 2 Chupetes + Funda Rose Pink"},"content":{"rendered":"<p>Nuestros chupetes de silicona se adaptan a la boca del beb\u00e9 y siguen los movimientos naturales. Su dise\u00f1o se adapta a la forma del rostro, lo que aumenta su tolerancia y comodidad. Nuestra funda de chupetes tiene un asa resistente y espacio para almacenar hasta tres chupetes, se puede guardar f\u00e1cilmente en una maleta. Hecho de silicona de grado alimenticio y apto para lavavajillas para una f\u00e1cil limpieza. Cada set viene con dos chupetes de silicone y una funda de chupetes.Limpieza: Antes de cada uso, el chupete de silicona debe esterilizarse r\u00e1pidamente vertiendo agua hirviendo sobre \u00e9l. Antes de usar el chupete por primera vez, col\u00f3quelo en agua hirviendo durante 5 minutos.<\/p>\n","protected":false},"excerpt":{"rendered":"<p>Nuestros chupetes de silicona se adaptan a la boca del beb\u00e9 y siguen los movimientos naturales. Su dise\u00f1o se adapta a la forma del rostro, lo que aumenta su tolerancia y comodidad. Nuestra funda de chupetes tiene un asa resistente y espacio para almacenar hasta tres chupetes, se puede guardar f\u00e1cilmente en una maleta. Hecho [&hellip;]<\/p>\n","protected":false},"featured_media":38859,"comment_status":"closed","ping_status":"closed","template":"","meta":{"_acf_changed":false},"product_brand":[],"product_cat":[1233,1302,1326],"product_tag":[],"class_list":{"0":"post-18000","1":"product","2":"type-product","3":"status-publish","4":"has-post-thumbnail","6":"product_cat-bath-and-nursery-es","7":"product_cat-chupetes","8":"product_cat-set-2-chupetes-funda-de-silicona-es","10":"first","11":"instock","12":"sale","13":"taxable","14":"shipping-taxable","15":"purchasable","16":"product-type-simple"},"acf":[],"yoast_head":"<!-- This site is optimized with the Yoast SEO plugin v27.3 - https:\/\/yoast.com\/product\/yoast-seo-wordpress\/ -->\n<title>Set 2 Chupetes + Funda Rose Pink - Gloop Baby<\/title>\n<meta name=\"robots\" content=\"index, follow, max-snippet:-1, max-image-preview:large, max-video-preview:-1\" \/>\n<link rel=\"canonical\" href=\"https:\/\/gloopbaby.com\/es\/producto\/bath-and-nursery-es\/chupetes\/set-2-chupetes-funda-de-silicona-es\/pack-2-chupetas-porta-chupetas-rose-pink\/\" \/>\n<meta property=\"og:locale\" content=\"es_ES\" \/>\n<meta property=\"og:type\" content=\"article\" \/>\n<meta property=\"og:title\" content=\"Set 2 Chupetes + Funda Rose Pink - Gloop Baby\" \/>\n<meta property=\"og:description\" content=\"Nuestros chupetes de silicona se adaptan a la boca del beb\u00e9 y siguen los movimientos naturales. Su dise\u00f1o se adapta a la forma del rostro, lo que aumenta su tolerancia y comodidad. Nuestra funda de chupetes tiene un asa resistente y espacio para almacenar hasta tres chupetes, se puede guardar f\u00e1cilmente en una maleta. Hecho [&hellip;]\" \/>\n<meta property=\"og:url\" content=\"https:\/\/gloopbaby.com\/es\/producto\/bath-and-nursery-es\/chupetes\/set-2-chupetes-funda-de-silicona-es\/pack-2-chupetas-porta-chupetas-rose-pink\/\" \/>\n<meta property=\"og:site_name\" content=\"Gloop Baby\" \/>\n<meta property=\"article:modified_time\" content=\"2024-05-15T08:16:04+00:00\" \/>\n<meta property=\"og:image\" content=\"https:\/\/gloopbaby.com\/wp-content\/uploads\/2023\/06\/porta-chupta-rosa2.jpg\" \/>\n\t<meta property=\"og:image:width\" content=\"1000\" \/>\n\t<meta property=\"og:image:height\" content=\"1500\" \/>\n\t<meta property=\"og:image:type\" content=\"image\/jpeg\" \/>\n<meta name=\"twitter:card\" content=\"summary_large_image\" \/>\n<meta name=\"twitter:label1\" content=\"Tiempo de lectura\" \/>\n\t<meta name=\"twitter:data1\" content=\"1 minuto\" \/>\n<script type=\"application\/ld+json\" class=\"yoast-schema-graph\">{\"@context\":\"https:\\\/\\\/schema.org\",\"@graph\":[{\"@type\":\"WebPage\",\"@id\":\"https:\\\/\\\/gloopbaby.com\\\/es\\\/producto\\\/bath-and-nursery-es\\\/chupetes\\\/set-2-chupetes-funda-de-silicona-es\\\/pack-2-chupetas-porta-chupetas-rose-pink\\\/\",\"url\":\"https:\\\/\\\/gloopbaby.com\\\/es\\\/producto\\\/bath-and-nursery-es\\\/chupetes\\\/set-2-chupetes-funda-de-silicona-es\\\/pack-2-chupetas-porta-chupetas-rose-pink\\\/\",\"name\":\"Set 2 Chupetes + Funda Rose Pink - Gloop Baby\",\"isPartOf\":{\"@id\":\"https:\\\/\\\/gloopbaby.com\\\/es\\\/#website\"},\"primaryImageOfPage\":{\"@id\":\"https:\\\/\\\/gloopbaby.com\\\/es\\\/producto\\\/bath-and-nursery-es\\\/chupetes\\\/set-2-chupetes-funda-de-silicona-es\\\/pack-2-chupetas-porta-chupetas-rose-pink\\\/#primaryimage\"},\"image\":{\"@id\":\"https:\\\/\\\/gloopbaby.com\\\/es\\\/producto\\\/bath-and-nursery-es\\\/chupetes\\\/set-2-chupetes-funda-de-silicona-es\\\/pack-2-chupetas-porta-chupetas-rose-pink\\\/#primaryimage\"},\"thumbnailUrl\":\"https:\\\/\\\/gloopbaby.com\\\/wp-content\\\/uploads\\\/2023\\\/06\\\/porta-chupta-rosa2.jpg\",\"datePublished\":\"2023-06-20T16:54:43+00:00\",\"dateModified\":\"2024-05-15T08:16:04+00:00\",\"breadcrumb\":{\"@id\":\"https:\\\/\\\/gloopbaby.com\\\/es\\\/producto\\\/bath-and-nursery-es\\\/chupetes\\\/set-2-chupetes-funda-de-silicona-es\\\/pack-2-chupetas-porta-chupetas-rose-pink\\\/#breadcrumb\"},\"inLanguage\":\"es\",\"potentialAction\":[{\"@type\":\"ReadAction\",\"target\":[\"https:\\\/\\\/gloopbaby.com\\\/es\\\/producto\\\/bath-and-nursery-es\\\/chupetes\\\/set-2-chupetes-funda-de-silicona-es\\\/pack-2-chupetas-porta-chupetas-rose-pink\\\/\"]}]},{\"@type\":\"ImageObject\",\"inLanguage\":\"es\",\"@id\":\"https:\\\/\\\/gloopbaby.com\\\/es\\\/producto\\\/bath-and-nursery-es\\\/chupetes\\\/set-2-chupetes-funda-de-silicona-es\\\/pack-2-chupetas-porta-chupetas-rose-pink\\\/#primaryimage\",\"url\":\"https:\\\/\\\/gloopbaby.com\\\/wp-content\\\/uploads\\\/2023\\\/06\\\/porta-chupta-rosa2.jpg\",\"contentUrl\":\"https:\\\/\\\/gloopbaby.com\\\/wp-content\\\/uploads\\\/2023\\\/06\\\/porta-chupta-rosa2.jpg\",\"width\":1000,\"height\":1500},{\"@type\":\"BreadcrumbList\",\"@id\":\"https:\\\/\\\/gloopbaby.com\\\/es\\\/producto\\\/bath-and-nursery-es\\\/chupetes\\\/set-2-chupetes-funda-de-silicona-es\\\/pack-2-chupetas-porta-chupetas-rose-pink\\\/#breadcrumb\",\"itemListElement\":[{\"@type\":\"ListItem\",\"position\":1,\"name\":\"In\u00edcio\",\"item\":\"https:\\\/\\\/gloopbaby.com\\\/es\\\/\"},{\"@type\":\"ListItem\",\"position\":2,\"name\":\"Shop\",\"item\":\"https:\\\/\\\/gloopbaby.com\\\/loja\\\/\"},{\"@type\":\"ListItem\",\"position\":3,\"name\":\"Set 2 Chupetes + Funda Rose Pink\"}]},{\"@type\":\"WebSite\",\"@id\":\"https:\\\/\\\/gloopbaby.com\\\/es\\\/#website\",\"url\":\"https:\\\/\\\/gloopbaby.com\\\/es\\\/\",\"name\":\"Gloop Baby\",\"description\":\"\",\"publisher\":{\"@id\":\"https:\\\/\\\/gloopbaby.com\\\/es\\\/#organization\"},\"potentialAction\":[{\"@type\":\"SearchAction\",\"target\":{\"@type\":\"EntryPoint\",\"urlTemplate\":\"https:\\\/\\\/gloopbaby.com\\\/es\\\/?s={search_term_string}\"},\"query-input\":{\"@type\":\"PropertyValueSpecification\",\"valueRequired\":true,\"valueName\":\"search_term_string\"}}],\"inLanguage\":\"es\"},{\"@type\":\"Organization\",\"@id\":\"https:\\\/\\\/gloopbaby.com\\\/es\\\/#organization\",\"name\":\"Gloop Baby\",\"url\":\"https:\\\/\\\/gloopbaby.com\\\/es\\\/\",\"logo\":{\"@type\":\"ImageObject\",\"inLanguage\":\"es\",\"@id\":\"https:\\\/\\\/gloopbaby.com\\\/es\\\/#\\\/schema\\\/logo\\\/image\\\/\",\"url\":\"https:\\\/\\\/gloopbaby.com\\\/wp-content\\\/uploads\\\/2023\\\/06\\\/gloop-logo.svg\",\"contentUrl\":\"https:\\\/\\\/gloopbaby.com\\\/wp-content\\\/uploads\\\/2023\\\/06\\\/gloop-logo.svg\",\"width\":100,\"height\":100,\"caption\":\"Gloop Baby\"},\"image\":{\"@id\":\"https:\\\/\\\/gloopbaby.com\\\/es\\\/#\\\/schema\\\/logo\\\/image\\\/\"}}]}<\/script>\n<!-- \/ Yoast SEO plugin. -->","yoast_head_json":{"title":"Set 2 Chupetes + Funda Rose Pink - Gloop Baby","robots":{"index":"index","follow":"follow","max-snippet":"max-snippet:-1","max-image-preview":"max-image-preview:large","max-video-preview":"max-video-preview:-1"},"canonical":"https:\/\/gloopbaby.com\/es\/producto\/bath-and-nursery-es\/chupetes\/set-2-chupetes-funda-de-silicona-es\/pack-2-chupetas-porta-chupetas-rose-pink\/","og_locale":"es_ES","og_type":"article","og_title":"Set 2 Chupetes + Funda Rose Pink - Gloop Baby","og_description":"Nuestros chupetes de silicona se adaptan a la boca del beb\u00e9 y siguen los movimientos naturales. Su dise\u00f1o se adapta a la forma del rostro, lo que aumenta su tolerancia y comodidad. Nuestra funda de chupetes tiene un asa resistente y espacio para almacenar hasta tres chupetes, se puede guardar f\u00e1cilmente en una maleta. Hecho [&hellip;]","og_url":"https:\/\/gloopbaby.com\/es\/producto\/bath-and-nursery-es\/chupetes\/set-2-chupetes-funda-de-silicona-es\/pack-2-chupetas-porta-chupetas-rose-pink\/","og_site_name":"Gloop Baby","article_modified_time":"2024-05-15T08:16:04+00:00","og_image":[{"width":1000,"height":1500,"url":"https:\/\/gloopbaby.com\/wp-content\/uploads\/2023\/06\/porta-chupta-rosa2.jpg","type":"image\/jpeg"}],"twitter_card":"summary_large_image","twitter_misc":{"Tiempo de lectura":"1 minuto"},"schema":{"@context":"https:\/\/schema.org","@graph":[{"@type":"WebPage","@id":"https:\/\/gloopbaby.com\/es\/producto\/bath-and-nursery-es\/chupetes\/set-2-chupetes-funda-de-silicona-es\/pack-2-chupetas-porta-chupetas-rose-pink\/","url":"https:\/\/gloopbaby.com\/es\/producto\/bath-and-nursery-es\/chupetes\/set-2-chupetes-funda-de-silicona-es\/pack-2-chupetas-porta-chupetas-rose-pink\/","name":"Set 2 Chupetes + Funda Rose Pink - Gloop Baby","isPartOf":{"@id":"https:\/\/gloopbaby.com\/es\/#website"},"primaryImageOfPage":{"@id":"https:\/\/gloopbaby.com\/es\/producto\/bath-and-nursery-es\/chupetes\/set-2-chupetes-funda-de-silicona-es\/pack-2-chupetas-porta-chupetas-rose-pink\/#primaryimage"},"image":{"@id":"https:\/\/gloopbaby.com\/es\/producto\/bath-and-nursery-es\/chupetes\/set-2-chupetes-funda-de-silicona-es\/pack-2-chupetas-porta-chupetas-rose-pink\/#primaryimage"},"thumbnailUrl":"https:\/\/gloopbaby.com\/wp-content\/uploads\/2023\/06\/porta-chupta-rosa2.jpg","datePublished":"2023-06-20T16:54:43+00:00","dateModified":"2024-05-15T08:16:04+00:00","breadcrumb":{"@id":"https:\/\/gloopbaby.com\/es\/producto\/bath-and-nursery-es\/chupetes\/set-2-chupetes-funda-de-silicona-es\/pack-2-chupetas-porta-chupetas-rose-pink\/#breadcrumb"},"inLanguage":"es","potentialAction":[{"@type":"ReadAction","target":["https:\/\/gloopbaby.com\/es\/producto\/bath-and-nursery-es\/chupetes\/set-2-chupetes-funda-de-silicona-es\/pack-2-chupetas-porta-chupetas-rose-pink\/"]}]},{"@type":"ImageObject","inLanguage":"es","@id":"https:\/\/gloopbaby.com\/es\/producto\/bath-and-nursery-es\/chupetes\/set-2-chupetes-funda-de-silicona-es\/pack-2-chupetas-porta-chupetas-rose-pink\/#primaryimage","url":"https:\/\/gloopbaby.com\/wp-content\/uploads\/2023\/06\/porta-chupta-rosa2.jpg","contentUrl":"https:\/\/gloopbaby.com\/wp-content\/uploads\/2023\/06\/porta-chupta-rosa2.jpg","width":1000,"height":1500},{"@type":"BreadcrumbList","@id":"https:\/\/gloopbaby.com\/es\/producto\/bath-and-nursery-es\/chupetes\/set-2-chupetes-funda-de-silicona-es\/pack-2-chupetas-porta-chupetas-rose-pink\/#breadcrumb","itemListElement":[{"@type":"ListItem","position":1,"name":"In\u00edcio","item":"https:\/\/gloopbaby.com\/es\/"},{"@type":"ListItem","position":2,"name":"Shop","item":"https:\/\/gloopbaby.com\/loja\/"},{"@type":"ListItem","position":3,"name":"Set 2 Chupetes + Funda Rose Pink"}]},{"@type":"WebSite","@id":"https:\/\/gloopbaby.com\/es\/#website","url":"https:\/\/gloopbaby.com\/es\/","name":"Gloop Baby","description":"","publisher":{"@id":"https:\/\/gloopbaby.com\/es\/#organization"},"potentialAction":[{"@type":"SearchAction","target":{"@type":"EntryPoint","urlTemplate":"https:\/\/gloopbaby.com\/es\/?s={search_term_string}"},"query-input":{"@type":"PropertyValueSpecification","valueRequired":true,"valueName":"search_term_string"}}],"inLanguage":"es"},{"@type":"Organization","@id":"https:\/\/gloopbaby.com\/es\/#organization","name":"Gloop Baby","url":"https:\/\/gloopbaby.com\/es\/","logo":{"@type":"ImageObject","inLanguage":"es","@id":"https:\/\/gloopbaby.com\/es\/#\/schema\/logo\/image\/","url":"https:\/\/gloopbaby.com\/wp-content\/uploads\/2023\/06\/gloop-logo.svg","contentUrl":"https:\/\/gloopbaby.com\/wp-content\/uploads\/2023\/06\/gloop-logo.svg","width":100,"height":100,"caption":"Gloop Baby"},"image":{"@id":"https:\/\/gloopbaby.com\/es\/#\/schema\/logo\/image\/"}}]}},"_links":{"self":[{"href":"https:\/\/gloopbaby.com\/es\/wp-json\/wp\/v2\/product\/18000","targetHints":{"allow":["GET"]}}],"collection":[{"href":"https:\/\/gloopbaby.com\/es\/wp-json\/wp\/v2\/product"}],"about":[{"href":"https:\/\/gloopbaby.com\/es\/wp-json\/wp\/v2\/types\/product"}],"replies":[{"embeddable":true,"href":"https:\/\/gloopbaby.com\/es\/wp-json\/wp\/v2\/comments?post=18000"}],"wp:featuredmedia":[{"embeddable":true,"href":"https:\/\/gloopbaby.com\/es\/wp-json\/wp\/v2\/media\/38859"}],"wp:attachment":[{"href":"https:\/\/gloopbaby.com\/es\/wp-json\/wp\/v2\/media?parent=18000"}],"wp:term":[{"taxonomy":"product_brand","embeddable":true,"href":"https:\/\/gloopbaby.com\/es\/wp-json\/wp\/v2\/product_brand?post=18000"},{"taxonomy":"product_cat","embeddable":true,"href":"https:\/\/gloopbaby.com\/es\/wp-json\/wp\/v2\/product_cat?post=18000"},{"taxonomy":"product_tag","embeddable":true,"href":"https:\/\/gloopbaby.com\/es\/wp-json\/wp\/v2\/product_tag?post=18000"}],"curies":[{"name":"wp","href":"https:\/\/api.w.org\/{rel}","templated":true}]}}