{"id":17535,"date":"2023-06-21T09:07:10","date_gmt":"2023-06-21T09:07:10","guid":{"rendered":"https:\/\/gloopbaby.com\/produto\/porta-chupetas-em-tecido-organic-green\/"},"modified":"2024-05-14T15:26:42","modified_gmt":"2024-05-14T15:26:42","slug":"porta-chupetas-em-tecido-organic-green","status":"publish","type":"product","link":"https:\/\/gloopbaby.com\/es\/producto\/collections-es\/organic-green-es\/porta-chupetas-em-tecido-organic-green\/","title":{"rendered":"Porta chupetes de tela Organic Green"},"content":{"rendered":"<p>Un lindo y pr\u00e1ctico accesorio para los beb\u00e9s que usan chupete. Protege el chupete de la suciedad o p\u00e9rdida. Se sujeta f\u00e1cilmente a la ropa del beb\u00e9 gracias al pr\u00e1ctico clip. 100% algod\u00f3n org\u00e1nico y fabricado en Portugal. Tama\u00f1o: 30x7cm<\/p>\n","protected":false},"excerpt":{"rendered":"<p>Un lindo y pr\u00e1ctico accesorio para los beb\u00e9s que usan chupete. Protege el chupete de la suciedad o p\u00e9rdida. Se sujeta f\u00e1cilmente a la ropa del beb\u00e9 gracias al pr\u00e1ctico clip. 100% algod\u00f3n org\u00e1nico y fabricado en Portugal. Tama\u00f1o: 30x7cm<\/p>\n","protected":false},"featured_media":38692,"comment_status":"closed","ping_status":"closed","template":"","meta":{"_acf_changed":false},"product_brand":[],"product_cat":[1233,1302,1339,1317,1303],"product_tag":[],"class_list":{"0":"post-17535","1":"product","2":"type-product","3":"status-publish","4":"has-post-thumbnail","6":"product_cat-bath-and-nursery-es","7":"product_cat-chupetes","8":"product_cat-collections-es","9":"product_cat-organic-green-es","10":"product_cat-porta-chupetes-de-tela-es","12":"first","13":"instock","14":"taxable","15":"shipping-taxable","16":"purchasable","17":"product-type-simple"},"acf":[],"yoast_head":"<!-- This site is optimized with the Yoast SEO plugin v27.3 - https:\/\/yoast.com\/product\/yoast-seo-wordpress\/ -->\n<title>Porta chupetes de tela Organic Green - Gloop Baby<\/title>\n<meta name=\"robots\" content=\"index, follow, max-snippet:-1, max-image-preview:large, max-video-preview:-1\" \/>\n<link rel=\"canonical\" href=\"https:\/\/gloopbaby.com\/es\/producto\/collections-es\/organic-green-es\/porta-chupetas-em-tecido-organic-green\/\" \/>\n<meta property=\"og:locale\" content=\"es_ES\" \/>\n<meta property=\"og:type\" content=\"article\" \/>\n<meta property=\"og:title\" content=\"Porta chupetes de tela Organic Green - Gloop Baby\" \/>\n<meta property=\"og:description\" content=\"Un lindo y pr\u00e1ctico accesorio para los beb\u00e9s que usan chupete. Protege el chupete de la suciedad o p\u00e9rdida. Se sujeta f\u00e1cilmente a la ropa del beb\u00e9 gracias al pr\u00e1ctico clip. 100% algod\u00f3n org\u00e1nico y fabricado en Portugal. Tama\u00f1o: 30x7cm\" \/>\n<meta property=\"og:url\" content=\"https:\/\/gloopbaby.com\/es\/producto\/collections-es\/organic-green-es\/porta-chupetas-em-tecido-organic-green\/\" \/>\n<meta property=\"og:site_name\" content=\"Gloop Baby\" \/>\n<meta property=\"article:modified_time\" content=\"2024-05-14T15:26:42+00:00\" \/>\n<meta property=\"og:image\" content=\"https:\/\/gloopbaby.com\/wp-content\/uploads\/2023\/06\/porta-chupeta-tecido-organic-green.jpg\" \/>\n\t<meta property=\"og:image:width\" content=\"667\" \/>\n\t<meta property=\"og:image:height\" content=\"1000\" \/>\n\t<meta property=\"og:image:type\" content=\"image\/jpeg\" \/>\n<meta name=\"twitter:card\" content=\"summary_large_image\" \/>\n<script type=\"application\/ld+json\" class=\"yoast-schema-graph\">{\"@context\":\"https:\\\/\\\/schema.org\",\"@graph\":[{\"@type\":\"WebPage\",\"@id\":\"https:\\\/\\\/gloopbaby.com\\\/es\\\/producto\\\/collections-es\\\/organic-green-es\\\/porta-chupetas-em-tecido-organic-green\\\/\",\"url\":\"https:\\\/\\\/gloopbaby.com\\\/es\\\/producto\\\/collections-es\\\/organic-green-es\\\/porta-chupetas-em-tecido-organic-green\\\/\",\"name\":\"Porta chupetes de tela Organic Green - Gloop Baby\",\"isPartOf\":{\"@id\":\"https:\\\/\\\/gloopbaby.com\\\/es\\\/#website\"},\"primaryImageOfPage\":{\"@id\":\"https:\\\/\\\/gloopbaby.com\\\/es\\\/producto\\\/collections-es\\\/organic-green-es\\\/porta-chupetas-em-tecido-organic-green\\\/#primaryimage\"},\"image\":{\"@id\":\"https:\\\/\\\/gloopbaby.com\\\/es\\\/producto\\\/collections-es\\\/organic-green-es\\\/porta-chupetas-em-tecido-organic-green\\\/#primaryimage\"},\"thumbnailUrl\":\"https:\\\/\\\/gloopbaby.com\\\/wp-content\\\/uploads\\\/2023\\\/06\\\/porta-chupeta-tecido-organic-green.jpg\",\"datePublished\":\"2023-06-21T09:07:10+00:00\",\"dateModified\":\"2024-05-14T15:26:42+00:00\",\"breadcrumb\":{\"@id\":\"https:\\\/\\\/gloopbaby.com\\\/es\\\/producto\\\/collections-es\\\/organic-green-es\\\/porta-chupetas-em-tecido-organic-green\\\/#breadcrumb\"},\"inLanguage\":\"es\",\"potentialAction\":[{\"@type\":\"ReadAction\",\"target\":[\"https:\\\/\\\/gloopbaby.com\\\/es\\\/producto\\\/collections-es\\\/organic-green-es\\\/porta-chupetas-em-tecido-organic-green\\\/\"]}]},{\"@type\":\"ImageObject\",\"inLanguage\":\"es\",\"@id\":\"https:\\\/\\\/gloopbaby.com\\\/es\\\/producto\\\/collections-es\\\/organic-green-es\\\/porta-chupetas-em-tecido-organic-green\\\/#primaryimage\",\"url\":\"https:\\\/\\\/gloopbaby.com\\\/wp-content\\\/uploads\\\/2023\\\/06\\\/porta-chupeta-tecido-organic-green.jpg\",\"contentUrl\":\"https:\\\/\\\/gloopbaby.com\\\/wp-content\\\/uploads\\\/2023\\\/06\\\/porta-chupeta-tecido-organic-green.jpg\",\"width\":667,\"height\":1000,\"caption\":\"porta-chupetas para beb\u00e9 em algod\u00e3o org\u00e2nico Organic Green\"},{\"@type\":\"BreadcrumbList\",\"@id\":\"https:\\\/\\\/gloopbaby.com\\\/es\\\/producto\\\/collections-es\\\/organic-green-es\\\/porta-chupetas-em-tecido-organic-green\\\/#breadcrumb\",\"itemListElement\":[{\"@type\":\"ListItem\",\"position\":1,\"name\":\"In\u00edcio\",\"item\":\"https:\\\/\\\/gloopbaby.com\\\/es\\\/\"},{\"@type\":\"ListItem\",\"position\":2,\"name\":\"Shop\",\"item\":\"https:\\\/\\\/gloopbaby.com\\\/loja\\\/\"},{\"@type\":\"ListItem\",\"position\":3,\"name\":\"Porta chupetes de tela Organic Green\"}]},{\"@type\":\"WebSite\",\"@id\":\"https:\\\/\\\/gloopbaby.com\\\/es\\\/#website\",\"url\":\"https:\\\/\\\/gloopbaby.com\\\/es\\\/\",\"name\":\"Gloop Baby\",\"description\":\"\",\"publisher\":{\"@id\":\"https:\\\/\\\/gloopbaby.com\\\/es\\\/#organization\"},\"potentialAction\":[{\"@type\":\"SearchAction\",\"target\":{\"@type\":\"EntryPoint\",\"urlTemplate\":\"https:\\\/\\\/gloopbaby.com\\\/es\\\/?s={search_term_string}\"},\"query-input\":{\"@type\":\"PropertyValueSpecification\",\"valueRequired\":true,\"valueName\":\"search_term_string\"}}],\"inLanguage\":\"es\"},{\"@type\":\"Organization\",\"@id\":\"https:\\\/\\\/gloopbaby.com\\\/es\\\/#organization\",\"name\":\"Gloop Baby\",\"url\":\"https:\\\/\\\/gloopbaby.com\\\/es\\\/\",\"logo\":{\"@type\":\"ImageObject\",\"inLanguage\":\"es\",\"@id\":\"https:\\\/\\\/gloopbaby.com\\\/es\\\/#\\\/schema\\\/logo\\\/image\\\/\",\"url\":\"https:\\\/\\\/gloopbaby.com\\\/wp-content\\\/uploads\\\/2023\\\/06\\\/gloop-logo.svg\",\"contentUrl\":\"https:\\\/\\\/gloopbaby.com\\\/wp-content\\\/uploads\\\/2023\\\/06\\\/gloop-logo.svg\",\"width\":100,\"height\":100,\"caption\":\"Gloop Baby\"},\"image\":{\"@id\":\"https:\\\/\\\/gloopbaby.com\\\/es\\\/#\\\/schema\\\/logo\\\/image\\\/\"}}]}<\/script>\n<!-- \/ Yoast SEO plugin. -->","yoast_head_json":{"title":"Porta chupetes de tela Organic Green - Gloop Baby","robots":{"index":"index","follow":"follow","max-snippet":"max-snippet:-1","max-image-preview":"max-image-preview:large","max-video-preview":"max-video-preview:-1"},"canonical":"https:\/\/gloopbaby.com\/es\/producto\/collections-es\/organic-green-es\/porta-chupetas-em-tecido-organic-green\/","og_locale":"es_ES","og_type":"article","og_title":"Porta chupetes de tela Organic Green - Gloop Baby","og_description":"Un lindo y pr\u00e1ctico accesorio para los beb\u00e9s que usan chupete. Protege el chupete de la suciedad o p\u00e9rdida. Se sujeta f\u00e1cilmente a la ropa del beb\u00e9 gracias al pr\u00e1ctico clip. 100% algod\u00f3n org\u00e1nico y fabricado en Portugal. Tama\u00f1o: 30x7cm","og_url":"https:\/\/gloopbaby.com\/es\/producto\/collections-es\/organic-green-es\/porta-chupetas-em-tecido-organic-green\/","og_site_name":"Gloop Baby","article_modified_time":"2024-05-14T15:26:42+00:00","og_image":[{"width":667,"height":1000,"url":"https:\/\/gloopbaby.com\/wp-content\/uploads\/2023\/06\/porta-chupeta-tecido-organic-green.jpg","type":"image\/jpeg"}],"twitter_card":"summary_large_image","schema":{"@context":"https:\/\/schema.org","@graph":[{"@type":"WebPage","@id":"https:\/\/gloopbaby.com\/es\/producto\/collections-es\/organic-green-es\/porta-chupetas-em-tecido-organic-green\/","url":"https:\/\/gloopbaby.com\/es\/producto\/collections-es\/organic-green-es\/porta-chupetas-em-tecido-organic-green\/","name":"Porta chupetes de tela Organic Green - Gloop Baby","isPartOf":{"@id":"https:\/\/gloopbaby.com\/es\/#website"},"primaryImageOfPage":{"@id":"https:\/\/gloopbaby.com\/es\/producto\/collections-es\/organic-green-es\/porta-chupetas-em-tecido-organic-green\/#primaryimage"},"image":{"@id":"https:\/\/gloopbaby.com\/es\/producto\/collections-es\/organic-green-es\/porta-chupetas-em-tecido-organic-green\/#primaryimage"},"thumbnailUrl":"https:\/\/gloopbaby.com\/wp-content\/uploads\/2023\/06\/porta-chupeta-tecido-organic-green.jpg","datePublished":"2023-06-21T09:07:10+00:00","dateModified":"2024-05-14T15:26:42+00:00","breadcrumb":{"@id":"https:\/\/gloopbaby.com\/es\/producto\/collections-es\/organic-green-es\/porta-chupetas-em-tecido-organic-green\/#breadcrumb"},"inLanguage":"es","potentialAction":[{"@type":"ReadAction","target":["https:\/\/gloopbaby.com\/es\/producto\/collections-es\/organic-green-es\/porta-chupetas-em-tecido-organic-green\/"]}]},{"@type":"ImageObject","inLanguage":"es","@id":"https:\/\/gloopbaby.com\/es\/producto\/collections-es\/organic-green-es\/porta-chupetas-em-tecido-organic-green\/#primaryimage","url":"https:\/\/gloopbaby.com\/wp-content\/uploads\/2023\/06\/porta-chupeta-tecido-organic-green.jpg","contentUrl":"https:\/\/gloopbaby.com\/wp-content\/uploads\/2023\/06\/porta-chupeta-tecido-organic-green.jpg","width":667,"height":1000,"caption":"porta-chupetas para beb\u00e9 em algod\u00e3o org\u00e2nico Organic Green"},{"@type":"BreadcrumbList","@id":"https:\/\/gloopbaby.com\/es\/producto\/collections-es\/organic-green-es\/porta-chupetas-em-tecido-organic-green\/#breadcrumb","itemListElement":[{"@type":"ListItem","position":1,"name":"In\u00edcio","item":"https:\/\/gloopbaby.com\/es\/"},{"@type":"ListItem","position":2,"name":"Shop","item":"https:\/\/gloopbaby.com\/loja\/"},{"@type":"ListItem","position":3,"name":"Porta chupetes de tela Organic Green"}]},{"@type":"WebSite","@id":"https:\/\/gloopbaby.com\/es\/#website","url":"https:\/\/gloopbaby.com\/es\/","name":"Gloop Baby","description":"","publisher":{"@id":"https:\/\/gloopbaby.com\/es\/#organization"},"potentialAction":[{"@type":"SearchAction","target":{"@type":"EntryPoint","urlTemplate":"https:\/\/gloopbaby.com\/es\/?s={search_term_string}"},"query-input":{"@type":"PropertyValueSpecification","valueRequired":true,"valueName":"search_term_string"}}],"inLanguage":"es"},{"@type":"Organization","@id":"https:\/\/gloopbaby.com\/es\/#organization","name":"Gloop Baby","url":"https:\/\/gloopbaby.com\/es\/","logo":{"@type":"ImageObject","inLanguage":"es","@id":"https:\/\/gloopbaby.com\/es\/#\/schema\/logo\/image\/","url":"https:\/\/gloopbaby.com\/wp-content\/uploads\/2023\/06\/gloop-logo.svg","contentUrl":"https:\/\/gloopbaby.com\/wp-content\/uploads\/2023\/06\/gloop-logo.svg","width":100,"height":100,"caption":"Gloop Baby"},"image":{"@id":"https:\/\/gloopbaby.com\/es\/#\/schema\/logo\/image\/"}}]}},"_links":{"self":[{"href":"https:\/\/gloopbaby.com\/es\/wp-json\/wp\/v2\/product\/17535","targetHints":{"allow":["GET"]}}],"collection":[{"href":"https:\/\/gloopbaby.com\/es\/wp-json\/wp\/v2\/product"}],"about":[{"href":"https:\/\/gloopbaby.com\/es\/wp-json\/wp\/v2\/types\/product"}],"replies":[{"embeddable":true,"href":"https:\/\/gloopbaby.com\/es\/wp-json\/wp\/v2\/comments?post=17535"}],"wp:featuredmedia":[{"embeddable":true,"href":"https:\/\/gloopbaby.com\/es\/wp-json\/wp\/v2\/media\/38692"}],"wp:attachment":[{"href":"https:\/\/gloopbaby.com\/es\/wp-json\/wp\/v2\/media?parent=17535"}],"wp:term":[{"taxonomy":"product_brand","embeddable":true,"href":"https:\/\/gloopbaby.com\/es\/wp-json\/wp\/v2\/product_brand?post=17535"},{"taxonomy":"product_cat","embeddable":true,"href":"https:\/\/gloopbaby.com\/es\/wp-json\/wp\/v2\/product_cat?post=17535"},{"taxonomy":"product_tag","embeddable":true,"href":"https:\/\/gloopbaby.com\/es\/wp-json\/wp\/v2\/product_tag?post=17535"}],"curies":[{"name":"wp","href":"https:\/\/api.w.org\/{rel}","templated":true}]}}