{"id":17190,"date":"2023-06-21T09:29:14","date_gmt":"2023-06-21T09:29:14","guid":{"rendered":"https:\/\/gloopbaby.com\/produto\/caneca-3-em-1-rose-pink\/"},"modified":"2024-05-13T11:44:17","modified_gmt":"2024-05-13T11:44:17","slug":"caneca-3-em-1-rose-pink","status":"publish","type":"product","link":"https:\/\/gloopbaby.com\/es\/producto\/mealtime-es\/caneca-3-em-1-rose-pink\/","title":{"rendered":"Vaso de silicona 3 en 1 Rose Pink"},"content":{"rendered":"<p>Nuestro vaso de silicona 3 en 1 es muy pr\u00e1ctico y suave, perfecto para que los m\u00e1s peque\u00f1os aprendan a beber\/comer de forma aut\u00f3noma. F\u00e1cil de limpiar, apto para lavavajillas.<br \/>\nNuestro vaso de silicona es duradero, puedes llevarla donde quieras.<br \/>\nCapacidad 250ml. Se puede colocar en el microondas. Sin BPA.<br \/>\nNuestro vaso tiene 3 opciones de uso:<br \/>\nSin tapa. Asas ergon\u00f3micas para un excelente manejo para facilitar que el beb\u00e9 beba solo.<br \/>\nTapa con pajita. Vaso de silicona con pajita y asas para beb\u00e9s que est\u00e1n aprendiendo a beber solos.<br \/>\nTapa de bocadillos. Un accesorio muy pr\u00e1ctico para que los m\u00e1s peque\u00f1os salgan a la calle, lo vaso tiene una apertura suave que permite que el beb\u00e9 coma con facilidad sin riesgo de que se derrame. Los bocaditos se quedan adentro, incluso si lo vaso se cae o se vuelca. La apertura flexible permite que el ni\u00f1o manipule f\u00e1cilmente los elementos de su merienda o comida.<\/p>\n","protected":false},"excerpt":{"rendered":"<p>Nuestro vaso de silicona 3 en 1 es muy pr\u00e1ctico y suave, perfecto para que los m\u00e1s peque\u00f1os aprendan a beber\/comer de forma aut\u00f3noma. F\u00e1cil de limpiar, apto para lavavajillas. Nuestro vaso de silicona es duradero, puedes llevarla donde quieras. Capacidad 250ml. Se puede colocar en el microondas. Sin BPA. Nuestro vaso tiene 3 opciones [&hellip;]<\/p>\n","protected":false},"featured_media":38110,"comment_status":"closed","ping_status":"closed","template":"","meta":{"_acf_changed":false},"product_brand":[],"product_cat":[1259,1310],"product_tag":[],"class_list":{"0":"post-17190","1":"product","2":"type-product","3":"status-publish","4":"has-post-thumbnail","6":"product_cat-mealtime-es","7":"product_cat-vaso-3-en-1","9":"first","10":"instock","11":"sale","12":"taxable","13":"shipping-taxable","14":"purchasable","15":"product-type-simple"},"acf":[],"yoast_head":"<!-- This site is optimized with the Yoast SEO plugin v27.3 - https:\/\/yoast.com\/product\/yoast-seo-wordpress\/ -->\n<title>Vaso de silicona 3 en 1 Rose Pink - Gloop Baby<\/title>\n<meta name=\"robots\" content=\"index, follow, max-snippet:-1, max-image-preview:large, max-video-preview:-1\" \/>\n<link rel=\"canonical\" href=\"https:\/\/gloopbaby.com\/es\/producto\/mealtime-es\/caneca-3-em-1-rose-pink\/\" \/>\n<meta property=\"og:locale\" content=\"es_ES\" \/>\n<meta property=\"og:type\" content=\"article\" \/>\n<meta property=\"og:title\" content=\"Vaso de silicona 3 en 1 Rose Pink - Gloop Baby\" \/>\n<meta property=\"og:description\" content=\"Nuestro vaso de silicona 3 en 1 es muy pr\u00e1ctico y suave, perfecto para que los m\u00e1s peque\u00f1os aprendan a beber\/comer de forma aut\u00f3noma. F\u00e1cil de limpiar, apto para lavavajillas. Nuestro vaso de silicona es duradero, puedes llevarla donde quieras. Capacidad 250ml. Se puede colocar en el microondas. Sin BPA. Nuestro vaso tiene 3 opciones [&hellip;]\" \/>\n<meta property=\"og:url\" content=\"https:\/\/gloopbaby.com\/es\/producto\/mealtime-es\/caneca-3-em-1-rose-pink\/\" \/>\n<meta property=\"og:site_name\" content=\"Gloop Baby\" \/>\n<meta property=\"article:modified_time\" content=\"2024-05-13T11:44:17+00:00\" \/>\n<meta property=\"og:image\" content=\"https:\/\/gloopbaby.com\/wp-content\/uploads\/2023\/06\/caneca-3in1-rosa2.jpg\" \/>\n\t<meta property=\"og:image:width\" content=\"1000\" \/>\n\t<meta property=\"og:image:height\" content=\"1500\" \/>\n\t<meta property=\"og:image:type\" content=\"image\/jpeg\" \/>\n<meta name=\"twitter:card\" content=\"summary_large_image\" \/>\n<meta name=\"twitter:label1\" content=\"Tiempo de lectura\" \/>\n\t<meta name=\"twitter:data1\" content=\"1 minuto\" \/>\n<script type=\"application\/ld+json\" class=\"yoast-schema-graph\">{\"@context\":\"https:\\\/\\\/schema.org\",\"@graph\":[{\"@type\":\"WebPage\",\"@id\":\"https:\\\/\\\/gloopbaby.com\\\/es\\\/producto\\\/mealtime-es\\\/caneca-3-em-1-rose-pink\\\/\",\"url\":\"https:\\\/\\\/gloopbaby.com\\\/es\\\/producto\\\/mealtime-es\\\/caneca-3-em-1-rose-pink\\\/\",\"name\":\"Vaso de silicona 3 en 1 Rose Pink - Gloop Baby\",\"isPartOf\":{\"@id\":\"https:\\\/\\\/gloopbaby.com\\\/es\\\/#website\"},\"primaryImageOfPage\":{\"@id\":\"https:\\\/\\\/gloopbaby.com\\\/es\\\/producto\\\/mealtime-es\\\/caneca-3-em-1-rose-pink\\\/#primaryimage\"},\"image\":{\"@id\":\"https:\\\/\\\/gloopbaby.com\\\/es\\\/producto\\\/mealtime-es\\\/caneca-3-em-1-rose-pink\\\/#primaryimage\"},\"thumbnailUrl\":\"https:\\\/\\\/gloopbaby.com\\\/wp-content\\\/uploads\\\/2023\\\/06\\\/caneca-3in1-rosa2.jpg\",\"datePublished\":\"2023-06-21T09:29:14+00:00\",\"dateModified\":\"2024-05-13T11:44:17+00:00\",\"breadcrumb\":{\"@id\":\"https:\\\/\\\/gloopbaby.com\\\/es\\\/producto\\\/mealtime-es\\\/caneca-3-em-1-rose-pink\\\/#breadcrumb\"},\"inLanguage\":\"es\",\"potentialAction\":[{\"@type\":\"ReadAction\",\"target\":[\"https:\\\/\\\/gloopbaby.com\\\/es\\\/producto\\\/mealtime-es\\\/caneca-3-em-1-rose-pink\\\/\"]}]},{\"@type\":\"ImageObject\",\"inLanguage\":\"es\",\"@id\":\"https:\\\/\\\/gloopbaby.com\\\/es\\\/producto\\\/mealtime-es\\\/caneca-3-em-1-rose-pink\\\/#primaryimage\",\"url\":\"https:\\\/\\\/gloopbaby.com\\\/wp-content\\\/uploads\\\/2023\\\/06\\\/caneca-3in1-rosa2.jpg\",\"contentUrl\":\"https:\\\/\\\/gloopbaby.com\\\/wp-content\\\/uploads\\\/2023\\\/06\\\/caneca-3in1-rosa2.jpg\",\"width\":1000,\"height\":1500},{\"@type\":\"BreadcrumbList\",\"@id\":\"https:\\\/\\\/gloopbaby.com\\\/es\\\/producto\\\/mealtime-es\\\/caneca-3-em-1-rose-pink\\\/#breadcrumb\",\"itemListElement\":[{\"@type\":\"ListItem\",\"position\":1,\"name\":\"In\u00edcio\",\"item\":\"https:\\\/\\\/gloopbaby.com\\\/es\\\/\"},{\"@type\":\"ListItem\",\"position\":2,\"name\":\"Shop\",\"item\":\"https:\\\/\\\/gloopbaby.com\\\/loja\\\/\"},{\"@type\":\"ListItem\",\"position\":3,\"name\":\"Vaso de silicona 3 en 1 Rose Pink\"}]},{\"@type\":\"WebSite\",\"@id\":\"https:\\\/\\\/gloopbaby.com\\\/es\\\/#website\",\"url\":\"https:\\\/\\\/gloopbaby.com\\\/es\\\/\",\"name\":\"Gloop Baby\",\"description\":\"\",\"publisher\":{\"@id\":\"https:\\\/\\\/gloopbaby.com\\\/es\\\/#organization\"},\"potentialAction\":[{\"@type\":\"SearchAction\",\"target\":{\"@type\":\"EntryPoint\",\"urlTemplate\":\"https:\\\/\\\/gloopbaby.com\\\/es\\\/?s={search_term_string}\"},\"query-input\":{\"@type\":\"PropertyValueSpecification\",\"valueRequired\":true,\"valueName\":\"search_term_string\"}}],\"inLanguage\":\"es\"},{\"@type\":\"Organization\",\"@id\":\"https:\\\/\\\/gloopbaby.com\\\/es\\\/#organization\",\"name\":\"Gloop Baby\",\"url\":\"https:\\\/\\\/gloopbaby.com\\\/es\\\/\",\"logo\":{\"@type\":\"ImageObject\",\"inLanguage\":\"es\",\"@id\":\"https:\\\/\\\/gloopbaby.com\\\/es\\\/#\\\/schema\\\/logo\\\/image\\\/\",\"url\":\"https:\\\/\\\/gloopbaby.com\\\/wp-content\\\/uploads\\\/2023\\\/06\\\/gloop-logo.svg\",\"contentUrl\":\"https:\\\/\\\/gloopbaby.com\\\/wp-content\\\/uploads\\\/2023\\\/06\\\/gloop-logo.svg\",\"width\":100,\"height\":100,\"caption\":\"Gloop Baby\"},\"image\":{\"@id\":\"https:\\\/\\\/gloopbaby.com\\\/es\\\/#\\\/schema\\\/logo\\\/image\\\/\"}}]}<\/script>\n<!-- \/ Yoast SEO plugin. -->","yoast_head_json":{"title":"Vaso de silicona 3 en 1 Rose Pink - Gloop Baby","robots":{"index":"index","follow":"follow","max-snippet":"max-snippet:-1","max-image-preview":"max-image-preview:large","max-video-preview":"max-video-preview:-1"},"canonical":"https:\/\/gloopbaby.com\/es\/producto\/mealtime-es\/caneca-3-em-1-rose-pink\/","og_locale":"es_ES","og_type":"article","og_title":"Vaso de silicona 3 en 1 Rose Pink - Gloop Baby","og_description":"Nuestro vaso de silicona 3 en 1 es muy pr\u00e1ctico y suave, perfecto para que los m\u00e1s peque\u00f1os aprendan a beber\/comer de forma aut\u00f3noma. F\u00e1cil de limpiar, apto para lavavajillas. Nuestro vaso de silicona es duradero, puedes llevarla donde quieras. Capacidad 250ml. Se puede colocar en el microondas. Sin BPA. Nuestro vaso tiene 3 opciones [&hellip;]","og_url":"https:\/\/gloopbaby.com\/es\/producto\/mealtime-es\/caneca-3-em-1-rose-pink\/","og_site_name":"Gloop Baby","article_modified_time":"2024-05-13T11:44:17+00:00","og_image":[{"width":1000,"height":1500,"url":"https:\/\/gloopbaby.com\/wp-content\/uploads\/2023\/06\/caneca-3in1-rosa2.jpg","type":"image\/jpeg"}],"twitter_card":"summary_large_image","twitter_misc":{"Tiempo de lectura":"1 minuto"},"schema":{"@context":"https:\/\/schema.org","@graph":[{"@type":"WebPage","@id":"https:\/\/gloopbaby.com\/es\/producto\/mealtime-es\/caneca-3-em-1-rose-pink\/","url":"https:\/\/gloopbaby.com\/es\/producto\/mealtime-es\/caneca-3-em-1-rose-pink\/","name":"Vaso de silicona 3 en 1 Rose Pink - Gloop Baby","isPartOf":{"@id":"https:\/\/gloopbaby.com\/es\/#website"},"primaryImageOfPage":{"@id":"https:\/\/gloopbaby.com\/es\/producto\/mealtime-es\/caneca-3-em-1-rose-pink\/#primaryimage"},"image":{"@id":"https:\/\/gloopbaby.com\/es\/producto\/mealtime-es\/caneca-3-em-1-rose-pink\/#primaryimage"},"thumbnailUrl":"https:\/\/gloopbaby.com\/wp-content\/uploads\/2023\/06\/caneca-3in1-rosa2.jpg","datePublished":"2023-06-21T09:29:14+00:00","dateModified":"2024-05-13T11:44:17+00:00","breadcrumb":{"@id":"https:\/\/gloopbaby.com\/es\/producto\/mealtime-es\/caneca-3-em-1-rose-pink\/#breadcrumb"},"inLanguage":"es","potentialAction":[{"@type":"ReadAction","target":["https:\/\/gloopbaby.com\/es\/producto\/mealtime-es\/caneca-3-em-1-rose-pink\/"]}]},{"@type":"ImageObject","inLanguage":"es","@id":"https:\/\/gloopbaby.com\/es\/producto\/mealtime-es\/caneca-3-em-1-rose-pink\/#primaryimage","url":"https:\/\/gloopbaby.com\/wp-content\/uploads\/2023\/06\/caneca-3in1-rosa2.jpg","contentUrl":"https:\/\/gloopbaby.com\/wp-content\/uploads\/2023\/06\/caneca-3in1-rosa2.jpg","width":1000,"height":1500},{"@type":"BreadcrumbList","@id":"https:\/\/gloopbaby.com\/es\/producto\/mealtime-es\/caneca-3-em-1-rose-pink\/#breadcrumb","itemListElement":[{"@type":"ListItem","position":1,"name":"In\u00edcio","item":"https:\/\/gloopbaby.com\/es\/"},{"@type":"ListItem","position":2,"name":"Shop","item":"https:\/\/gloopbaby.com\/loja\/"},{"@type":"ListItem","position":3,"name":"Vaso de silicona 3 en 1 Rose Pink"}]},{"@type":"WebSite","@id":"https:\/\/gloopbaby.com\/es\/#website","url":"https:\/\/gloopbaby.com\/es\/","name":"Gloop Baby","description":"","publisher":{"@id":"https:\/\/gloopbaby.com\/es\/#organization"},"potentialAction":[{"@type":"SearchAction","target":{"@type":"EntryPoint","urlTemplate":"https:\/\/gloopbaby.com\/es\/?s={search_term_string}"},"query-input":{"@type":"PropertyValueSpecification","valueRequired":true,"valueName":"search_term_string"}}],"inLanguage":"es"},{"@type":"Organization","@id":"https:\/\/gloopbaby.com\/es\/#organization","name":"Gloop Baby","url":"https:\/\/gloopbaby.com\/es\/","logo":{"@type":"ImageObject","inLanguage":"es","@id":"https:\/\/gloopbaby.com\/es\/#\/schema\/logo\/image\/","url":"https:\/\/gloopbaby.com\/wp-content\/uploads\/2023\/06\/gloop-logo.svg","contentUrl":"https:\/\/gloopbaby.com\/wp-content\/uploads\/2023\/06\/gloop-logo.svg","width":100,"height":100,"caption":"Gloop Baby"},"image":{"@id":"https:\/\/gloopbaby.com\/es\/#\/schema\/logo\/image\/"}}]}},"_links":{"self":[{"href":"https:\/\/gloopbaby.com\/es\/wp-json\/wp\/v2\/product\/17190","targetHints":{"allow":["GET"]}}],"collection":[{"href":"https:\/\/gloopbaby.com\/es\/wp-json\/wp\/v2\/product"}],"about":[{"href":"https:\/\/gloopbaby.com\/es\/wp-json\/wp\/v2\/types\/product"}],"replies":[{"embeddable":true,"href":"https:\/\/gloopbaby.com\/es\/wp-json\/wp\/v2\/comments?post=17190"}],"wp:featuredmedia":[{"embeddable":true,"href":"https:\/\/gloopbaby.com\/es\/wp-json\/wp\/v2\/media\/38110"}],"wp:attachment":[{"href":"https:\/\/gloopbaby.com\/es\/wp-json\/wp\/v2\/media?parent=17190"}],"wp:term":[{"taxonomy":"product_brand","embeddable":true,"href":"https:\/\/gloopbaby.com\/es\/wp-json\/wp\/v2\/product_brand?post=17190"},{"taxonomy":"product_cat","embeddable":true,"href":"https:\/\/gloopbaby.com\/es\/wp-json\/wp\/v2\/product_cat?post=17190"},{"taxonomy":"product_tag","embeddable":true,"href":"https:\/\/gloopbaby.com\/es\/wp-json\/wp\/v2\/product_tag?post=17190"}],"curies":[{"name":"wp","href":"https:\/\/api.w.org\/{rel}","templated":true}]}}