{"id":14683,"date":"2023-06-21T12:50:45","date_gmt":"2023-06-21T12:50:45","guid":{"rendered":"https:\/\/gloopbaby.com\/produto\/capa-para-muda-fraldas-farm-65x50cm\/"},"modified":"2024-09-20T09:54:14","modified_gmt":"2024-09-20T09:54:14","slug":"capa-para-muda-fraldas-farm-65x50cm","status":"publish","type":"product","link":"https:\/\/gloopbaby.com\/es\/producto\/collections-es\/farm-es\/capa-para-muda-fraldas-farm-65x50cm\/","title":{"rendered":"Funda para Cambiador Farm 65X50cm"},"content":{"rendered":"<p>La Funda para Cambiador gloop! es ajustable (tiene el\u00e1sticos de cuatro puntos) y puede adaptarse a la mayor\u00eda de colchones del mercado. Se compone de 3 capas de tela y acolchado, lo que lo hace muy c\u00f3modo y lindo. 100% algod\u00f3n org\u00e1nico y fabricado en Portugal. Tama\u00f1o: 65x50cm<\/p>\n","protected":false},"excerpt":{"rendered":"<p>La Funda para Cambiador gloop! es ajustable (tiene el\u00e1sticos de cuatro puntos) y puede adaptarse a la mayor\u00eda de colchones del mercado. Se compone de 3 capas de tela y acolchado, lo que lo hace muy c\u00f3modo y lindo. 100% algod\u00f3n org\u00e1nico y fabricado en Portugal. Tama\u00f1o: 65x50cm<\/p>\n","protected":false},"featured_media":113348,"comment_status":"closed","ping_status":"closed","template":"","meta":{"_acf_changed":false},"product_brand":[],"product_cat":[1233,1281,1218,1283],"product_tag":[],"class_list":{"0":"post-14683","1":"product","2":"type-product","3":"status-publish","4":"has-post-thumbnail","6":"product_cat-bath-and-nursery-es","7":"product_cat-cambiador-muselinas","8":"product_cat-farm-es","9":"product_cat-funda-para-cambiador","11":"first","12":"instock","13":"taxable","14":"shipping-taxable","15":"purchasable","16":"product-type-simple"},"acf":[],"yoast_head":"<!-- This site is optimized with the Yoast SEO plugin v27.3 - https:\/\/yoast.com\/product\/yoast-seo-wordpress\/ -->\n<title>Funda para Cambiador Farm 65X50cm - Gloop Baby<\/title>\n<meta name=\"robots\" content=\"index, follow, max-snippet:-1, max-image-preview:large, max-video-preview:-1\" \/>\n<link rel=\"canonical\" href=\"https:\/\/gloopbaby.com\/es\/producto\/collections-es\/farm-es\/capa-para-muda-fraldas-farm-65x50cm\/\" \/>\n<meta property=\"og:locale\" content=\"es_ES\" \/>\n<meta property=\"og:type\" content=\"article\" \/>\n<meta property=\"og:title\" content=\"Funda para Cambiador Farm 65X50cm - Gloop Baby\" \/>\n<meta property=\"og:description\" content=\"La Funda para Cambiador gloop! es ajustable (tiene el\u00e1sticos de cuatro puntos) y puede adaptarse a la mayor\u00eda de colchones del mercado. Se compone de 3 capas de tela y acolchado, lo que lo hace muy c\u00f3modo y lindo. 100% algod\u00f3n org\u00e1nico y fabricado en Portugal. Tama\u00f1o: 65x50cm\" \/>\n<meta property=\"og:url\" content=\"https:\/\/gloopbaby.com\/es\/producto\/collections-es\/farm-es\/capa-para-muda-fraldas-farm-65x50cm\/\" \/>\n<meta property=\"og:site_name\" content=\"Gloop Baby\" \/>\n<meta property=\"article:modified_time\" content=\"2024-09-20T09:54:14+00:00\" \/>\n<meta property=\"og:image\" content=\"https:\/\/gloopbaby.com\/wp-content\/uploads\/2023\/06\/muda-fraldas4.jpg\" \/>\n\t<meta property=\"og:image:width\" content=\"600\" \/>\n\t<meta property=\"og:image:height\" content=\"900\" \/>\n\t<meta property=\"og:image:type\" content=\"image\/jpeg\" \/>\n<meta name=\"twitter:card\" content=\"summary_large_image\" \/>\n<script type=\"application\/ld+json\" class=\"yoast-schema-graph\">{\"@context\":\"https:\\\/\\\/schema.org\",\"@graph\":[{\"@type\":\"WebPage\",\"@id\":\"https:\\\/\\\/gloopbaby.com\\\/es\\\/producto\\\/collections-es\\\/farm-es\\\/capa-para-muda-fraldas-farm-65x50cm\\\/\",\"url\":\"https:\\\/\\\/gloopbaby.com\\\/es\\\/producto\\\/collections-es\\\/farm-es\\\/capa-para-muda-fraldas-farm-65x50cm\\\/\",\"name\":\"Funda para Cambiador Farm 65X50cm - Gloop Baby\",\"isPartOf\":{\"@id\":\"https:\\\/\\\/gloopbaby.com\\\/es\\\/#website\"},\"primaryImageOfPage\":{\"@id\":\"https:\\\/\\\/gloopbaby.com\\\/es\\\/producto\\\/collections-es\\\/farm-es\\\/capa-para-muda-fraldas-farm-65x50cm\\\/#primaryimage\"},\"image\":{\"@id\":\"https:\\\/\\\/gloopbaby.com\\\/es\\\/producto\\\/collections-es\\\/farm-es\\\/capa-para-muda-fraldas-farm-65x50cm\\\/#primaryimage\"},\"thumbnailUrl\":\"https:\\\/\\\/gloopbaby.com\\\/wp-content\\\/uploads\\\/2023\\\/06\\\/muda-fraldas4.jpg\",\"datePublished\":\"2023-06-21T12:50:45+00:00\",\"dateModified\":\"2024-09-20T09:54:14+00:00\",\"breadcrumb\":{\"@id\":\"https:\\\/\\\/gloopbaby.com\\\/es\\\/producto\\\/collections-es\\\/farm-es\\\/capa-para-muda-fraldas-farm-65x50cm\\\/#breadcrumb\"},\"inLanguage\":\"es\",\"potentialAction\":[{\"@type\":\"ReadAction\",\"target\":[\"https:\\\/\\\/gloopbaby.com\\\/es\\\/producto\\\/collections-es\\\/farm-es\\\/capa-para-muda-fraldas-farm-65x50cm\\\/\"]}]},{\"@type\":\"ImageObject\",\"inLanguage\":\"es\",\"@id\":\"https:\\\/\\\/gloopbaby.com\\\/es\\\/producto\\\/collections-es\\\/farm-es\\\/capa-para-muda-fraldas-farm-65x50cm\\\/#primaryimage\",\"url\":\"https:\\\/\\\/gloopbaby.com\\\/wp-content\\\/uploads\\\/2023\\\/06\\\/muda-fraldas4.jpg\",\"contentUrl\":\"https:\\\/\\\/gloopbaby.com\\\/wp-content\\\/uploads\\\/2023\\\/06\\\/muda-fraldas4.jpg\",\"width\":600,\"height\":900,\"caption\":\"capa muda fraldas beb\u00e9 em algod\u00e3o org\u00e2nico farm\"},{\"@type\":\"BreadcrumbList\",\"@id\":\"https:\\\/\\\/gloopbaby.com\\\/es\\\/producto\\\/collections-es\\\/farm-es\\\/capa-para-muda-fraldas-farm-65x50cm\\\/#breadcrumb\",\"itemListElement\":[{\"@type\":\"ListItem\",\"position\":1,\"name\":\"In\u00edcio\",\"item\":\"https:\\\/\\\/gloopbaby.com\\\/es\\\/\"},{\"@type\":\"ListItem\",\"position\":2,\"name\":\"Shop\",\"item\":\"https:\\\/\\\/gloopbaby.com\\\/loja\\\/\"},{\"@type\":\"ListItem\",\"position\":3,\"name\":\"Funda para Cambiador Farm 65X50cm\"}]},{\"@type\":\"WebSite\",\"@id\":\"https:\\\/\\\/gloopbaby.com\\\/es\\\/#website\",\"url\":\"https:\\\/\\\/gloopbaby.com\\\/es\\\/\",\"name\":\"Gloop Baby\",\"description\":\"\",\"publisher\":{\"@id\":\"https:\\\/\\\/gloopbaby.com\\\/es\\\/#organization\"},\"potentialAction\":[{\"@type\":\"SearchAction\",\"target\":{\"@type\":\"EntryPoint\",\"urlTemplate\":\"https:\\\/\\\/gloopbaby.com\\\/es\\\/?s={search_term_string}\"},\"query-input\":{\"@type\":\"PropertyValueSpecification\",\"valueRequired\":true,\"valueName\":\"search_term_string\"}}],\"inLanguage\":\"es\"},{\"@type\":\"Organization\",\"@id\":\"https:\\\/\\\/gloopbaby.com\\\/es\\\/#organization\",\"name\":\"Gloop Baby\",\"url\":\"https:\\\/\\\/gloopbaby.com\\\/es\\\/\",\"logo\":{\"@type\":\"ImageObject\",\"inLanguage\":\"es\",\"@id\":\"https:\\\/\\\/gloopbaby.com\\\/es\\\/#\\\/schema\\\/logo\\\/image\\\/\",\"url\":\"https:\\\/\\\/gloopbaby.com\\\/wp-content\\\/uploads\\\/2023\\\/06\\\/gloop-logo.svg\",\"contentUrl\":\"https:\\\/\\\/gloopbaby.com\\\/wp-content\\\/uploads\\\/2023\\\/06\\\/gloop-logo.svg\",\"width\":100,\"height\":100,\"caption\":\"Gloop Baby\"},\"image\":{\"@id\":\"https:\\\/\\\/gloopbaby.com\\\/es\\\/#\\\/schema\\\/logo\\\/image\\\/\"}}]}<\/script>\n<!-- \/ Yoast SEO plugin. -->","yoast_head_json":{"title":"Funda para Cambiador Farm 65X50cm - Gloop Baby","robots":{"index":"index","follow":"follow","max-snippet":"max-snippet:-1","max-image-preview":"max-image-preview:large","max-video-preview":"max-video-preview:-1"},"canonical":"https:\/\/gloopbaby.com\/es\/producto\/collections-es\/farm-es\/capa-para-muda-fraldas-farm-65x50cm\/","og_locale":"es_ES","og_type":"article","og_title":"Funda para Cambiador Farm 65X50cm - Gloop Baby","og_description":"La Funda para Cambiador gloop! es ajustable (tiene el\u00e1sticos de cuatro puntos) y puede adaptarse a la mayor\u00eda de colchones del mercado. Se compone de 3 capas de tela y acolchado, lo que lo hace muy c\u00f3modo y lindo. 100% algod\u00f3n org\u00e1nico y fabricado en Portugal. Tama\u00f1o: 65x50cm","og_url":"https:\/\/gloopbaby.com\/es\/producto\/collections-es\/farm-es\/capa-para-muda-fraldas-farm-65x50cm\/","og_site_name":"Gloop Baby","article_modified_time":"2024-09-20T09:54:14+00:00","og_image":[{"width":600,"height":900,"url":"https:\/\/gloopbaby.com\/wp-content\/uploads\/2023\/06\/muda-fraldas4.jpg","type":"image\/jpeg"}],"twitter_card":"summary_large_image","schema":{"@context":"https:\/\/schema.org","@graph":[{"@type":"WebPage","@id":"https:\/\/gloopbaby.com\/es\/producto\/collections-es\/farm-es\/capa-para-muda-fraldas-farm-65x50cm\/","url":"https:\/\/gloopbaby.com\/es\/producto\/collections-es\/farm-es\/capa-para-muda-fraldas-farm-65x50cm\/","name":"Funda para Cambiador Farm 65X50cm - Gloop Baby","isPartOf":{"@id":"https:\/\/gloopbaby.com\/es\/#website"},"primaryImageOfPage":{"@id":"https:\/\/gloopbaby.com\/es\/producto\/collections-es\/farm-es\/capa-para-muda-fraldas-farm-65x50cm\/#primaryimage"},"image":{"@id":"https:\/\/gloopbaby.com\/es\/producto\/collections-es\/farm-es\/capa-para-muda-fraldas-farm-65x50cm\/#primaryimage"},"thumbnailUrl":"https:\/\/gloopbaby.com\/wp-content\/uploads\/2023\/06\/muda-fraldas4.jpg","datePublished":"2023-06-21T12:50:45+00:00","dateModified":"2024-09-20T09:54:14+00:00","breadcrumb":{"@id":"https:\/\/gloopbaby.com\/es\/producto\/collections-es\/farm-es\/capa-para-muda-fraldas-farm-65x50cm\/#breadcrumb"},"inLanguage":"es","potentialAction":[{"@type":"ReadAction","target":["https:\/\/gloopbaby.com\/es\/producto\/collections-es\/farm-es\/capa-para-muda-fraldas-farm-65x50cm\/"]}]},{"@type":"ImageObject","inLanguage":"es","@id":"https:\/\/gloopbaby.com\/es\/producto\/collections-es\/farm-es\/capa-para-muda-fraldas-farm-65x50cm\/#primaryimage","url":"https:\/\/gloopbaby.com\/wp-content\/uploads\/2023\/06\/muda-fraldas4.jpg","contentUrl":"https:\/\/gloopbaby.com\/wp-content\/uploads\/2023\/06\/muda-fraldas4.jpg","width":600,"height":900,"caption":"capa muda fraldas beb\u00e9 em algod\u00e3o org\u00e2nico farm"},{"@type":"BreadcrumbList","@id":"https:\/\/gloopbaby.com\/es\/producto\/collections-es\/farm-es\/capa-para-muda-fraldas-farm-65x50cm\/#breadcrumb","itemListElement":[{"@type":"ListItem","position":1,"name":"In\u00edcio","item":"https:\/\/gloopbaby.com\/es\/"},{"@type":"ListItem","position":2,"name":"Shop","item":"https:\/\/gloopbaby.com\/loja\/"},{"@type":"ListItem","position":3,"name":"Funda para Cambiador Farm 65X50cm"}]},{"@type":"WebSite","@id":"https:\/\/gloopbaby.com\/es\/#website","url":"https:\/\/gloopbaby.com\/es\/","name":"Gloop Baby","description":"","publisher":{"@id":"https:\/\/gloopbaby.com\/es\/#organization"},"potentialAction":[{"@type":"SearchAction","target":{"@type":"EntryPoint","urlTemplate":"https:\/\/gloopbaby.com\/es\/?s={search_term_string}"},"query-input":{"@type":"PropertyValueSpecification","valueRequired":true,"valueName":"search_term_string"}}],"inLanguage":"es"},{"@type":"Organization","@id":"https:\/\/gloopbaby.com\/es\/#organization","name":"Gloop Baby","url":"https:\/\/gloopbaby.com\/es\/","logo":{"@type":"ImageObject","inLanguage":"es","@id":"https:\/\/gloopbaby.com\/es\/#\/schema\/logo\/image\/","url":"https:\/\/gloopbaby.com\/wp-content\/uploads\/2023\/06\/gloop-logo.svg","contentUrl":"https:\/\/gloopbaby.com\/wp-content\/uploads\/2023\/06\/gloop-logo.svg","width":100,"height":100,"caption":"Gloop Baby"},"image":{"@id":"https:\/\/gloopbaby.com\/es\/#\/schema\/logo\/image\/"}}]}},"_links":{"self":[{"href":"https:\/\/gloopbaby.com\/es\/wp-json\/wp\/v2\/product\/14683","targetHints":{"allow":["GET"]}}],"collection":[{"href":"https:\/\/gloopbaby.com\/es\/wp-json\/wp\/v2\/product"}],"about":[{"href":"https:\/\/gloopbaby.com\/es\/wp-json\/wp\/v2\/types\/product"}],"replies":[{"embeddable":true,"href":"https:\/\/gloopbaby.com\/es\/wp-json\/wp\/v2\/comments?post=14683"}],"wp:featuredmedia":[{"embeddable":true,"href":"https:\/\/gloopbaby.com\/es\/wp-json\/wp\/v2\/media\/113348"}],"wp:attachment":[{"href":"https:\/\/gloopbaby.com\/es\/wp-json\/wp\/v2\/media?parent=14683"}],"wp:term":[{"taxonomy":"product_brand","embeddable":true,"href":"https:\/\/gloopbaby.com\/es\/wp-json\/wp\/v2\/product_brand?post=14683"},{"taxonomy":"product_cat","embeddable":true,"href":"https:\/\/gloopbaby.com\/es\/wp-json\/wp\/v2\/product_cat?post=14683"},{"taxonomy":"product_tag","embeddable":true,"href":"https:\/\/gloopbaby.com\/es\/wp-json\/wp\/v2\/product_tag?post=14683"}],"curies":[{"name":"wp","href":"https:\/\/api.w.org\/{rel}","templated":true}]}}