{"id":145272,"date":"2026-04-23T13:26:29","date_gmt":"2026-04-23T13:26:29","guid":{"rendered":"https:\/\/gloopbaby.com\/?post_type=product&#038;p=145272"},"modified":"2026-04-24T08:22:34","modified_gmt":"2026-04-24T08:22:34","slug":"mono-bebe-algodon-organico-organic-green","status":"publish","type":"product","link":"https:\/\/gloopbaby.com\/es\/producto\/collections-es\/organic-green-es\/mono-bebe-algodon-organico-organic-green\/","title":{"rendered":"Mono de playa beb\u00e9 algod\u00f3n org\u00e1nico Organic Green"},"content":{"rendered":"<pre id=\"tw-target-text\" class=\"tw-data-text tw-text-large tw-ta\" dir=\"ltr\" tabindex=\"-1\" role=\"text\" data-placeholder=\"Tradu\u00e7\u00e3o\" data-ved=\"2ahUKEwjjyrff24OUAxUdUqQEHatbJDcQ3ewLegQIDRAV\" aria-label=\"Texto traduzido: Pelele corto de playa de algod\u00f3n 100% org\u00e1nico con capucha para beb\u00e9s y ni\u00f1os de hasta 7 a\u00f1os. Este pelele de manga y pierna corta est\u00e1 confeccionado en tejido de rizo absorbente y es f\u00e1cil de poner gracias a su cremallera frontal. La capucha ayuda a secar r\u00e1pidamente el cabello y mantiene al beb\u00e9 o ni\u00f1o abrigado en la playa.\r\n\r\nFabricado con algod\u00f3n 100% org\u00e1nico certificado, el tejido es ultrasuave y delicado con la piel sensible de los beb\u00e9s.\r\n\r\nCaracter\u00edsticas principales:\r\n\r\nTejido de rizo y algod\u00f3n 100% org\u00e1nico certificado\r\n\r\nTallas: 1 a\u00f1o (48x32 cm), 2-3 a\u00f1os (54x34 cm), 4-5 a\u00f1os (60x36 cm), 6-7 a\u00f1os (65x38 cm)\r\n\r\nHecho en Portugal\r\n\r\nProducto ecol\u00f3gico, libre de qu\u00edmicos da\u00f1inos, ideal para padres que valoran el bienestar de su beb\u00e9 y el planeta.\"><span class=\"Y2IQFc\" lang=\"es\">Mono corto de playa de algod\u00f3n 100% org\u00e1nico con capucha para beb\u00e9s y ni\u00f1os de hasta 7 a\u00f1os. Este pelele de manga y pierna corta est\u00e1 confeccionado en tejido de rizo absorbente y es f\u00e1cil de poner gracias a su cremallera frontal. La capucha ayuda a secar r\u00e1pidamente el cabello y mantiene al beb\u00e9 o ni\u00f1o abrigado en la playa.\r\n\r\nFabricado con algod\u00f3n 100% org\u00e1nico certificado, el tejido es ultrasuave y delicado con la piel sensible de los beb\u00e9s.\r\n\r\n<strong>Caracter\u00edsticas principales:<\/strong>\r\n\r\n- Tejido de rizo y algod\u00f3n 100% org\u00e1nico certificado\r\n\r\n- Tallas: 1 a\u00f1o (48x32 cm), 2-3 a\u00f1os (54x34 cm), 4-5 a\u00f1os (60x36 cm), 6-7 a\u00f1os (65x38 cm)\r\n\r\n- Hecho en Portugal\r\n\r\nProducto ecol\u00f3gico, libre de qu\u00edmicos da\u00f1inos, ideal para padres que valoran el bienestar de su beb\u00e9 y el planeta.<\/span><\/pre>\n","protected":false},"excerpt":{"rendered":"<p>Mono corto de playa de algod\u00f3n 100% org\u00e1nico con capucha para beb\u00e9s y ni\u00f1os de hasta 7 a\u00f1os. Este pelele de manga y pierna corta est\u00e1 confeccionado en tejido de rizo absorbente y es f\u00e1cil de poner gracias a su cremallera frontal. La capucha ayuda a secar r\u00e1pidamente el cabello y mantiene al beb\u00e9 o [&hellip;]<\/p>\n","protected":false},"featured_media":145305,"comment_status":"closed","ping_status":"closed","template":"","meta":{"_acf_changed":false},"product_brand":[],"product_cat":[1339,1317,1999],"product_tag":[],"class_list":{"0":"post-145272","1":"product","2":"type-product","3":"status-publish","4":"has-post-thumbnail","6":"product_cat-collections-es","7":"product_cat-organic-green-es","8":"product_cat-playa","10":"first","11":"instock","12":"taxable","13":"shipping-taxable","14":"purchasable","15":"product-type-variable"},"acf":[],"yoast_head":"<!-- This site is optimized with the Yoast SEO plugin v27.4 - https:\/\/yoast.com\/product\/yoast-seo-wordpress\/ -->\n<title>Mono de playa beb\u00e9 algod\u00f3n org\u00e1nico Organic Green - Gloop Baby<\/title>\n<meta name=\"robots\" content=\"index, follow, max-snippet:-1, max-image-preview:large, max-video-preview:-1\" \/>\n<link rel=\"canonical\" href=\"https:\/\/gloopbaby.com\/es\/producto\/collections-es\/organic-green-es\/mono-bebe-algodon-organico-organic-green\/\" \/>\n<meta property=\"og:locale\" content=\"es_ES\" \/>\n<meta property=\"og:type\" content=\"article\" \/>\n<meta property=\"og:title\" content=\"Mono de playa beb\u00e9 algod\u00f3n org\u00e1nico Organic Green - Gloop Baby\" \/>\n<meta property=\"og:description\" content=\"Mono corto de playa de algod\u00f3n 100% org\u00e1nico con capucha para beb\u00e9s y ni\u00f1os de hasta 7 a\u00f1os. Este pelele de manga y pierna corta est\u00e1 confeccionado en tejido de rizo absorbente y es f\u00e1cil de poner gracias a su cremallera frontal. La capucha ayuda a secar r\u00e1pidamente el cabello y mantiene al beb\u00e9 o [&hellip;]\" \/>\n<meta property=\"og:url\" content=\"https:\/\/gloopbaby.com\/es\/producto\/collections-es\/organic-green-es\/mono-bebe-algodon-organico-organic-green\/\" \/>\n<meta property=\"og:site_name\" content=\"Gloop Baby\" \/>\n<meta property=\"article:modified_time\" content=\"2026-04-24T08:22:34+00:00\" \/>\n<meta property=\"og:image\" content=\"https:\/\/gloopbaby.com\/wp-content\/uploads\/2026\/04\/IMG_5592.jpg\" \/>\n\t<meta property=\"og:image:width\" content=\"512\" \/>\n\t<meta property=\"og:image:height\" content=\"768\" \/>\n\t<meta property=\"og:image:type\" content=\"image\/jpeg\" \/>\n<meta name=\"twitter:card\" content=\"summary_large_image\" \/>\n<meta name=\"twitter:label1\" content=\"Tiempo de lectura\" \/>\n\t<meta name=\"twitter:data1\" content=\"1 minuto\" \/>\n<script type=\"application\/ld+json\" class=\"yoast-schema-graph\">{\"@context\":\"https:\\\/\\\/schema.org\",\"@graph\":[{\"@type\":\"WebPage\",\"@id\":\"https:\\\/\\\/gloopbaby.com\\\/es\\\/producto\\\/collections-es\\\/organic-green-es\\\/mono-bebe-algodon-organico-organic-green\\\/\",\"url\":\"https:\\\/\\\/gloopbaby.com\\\/es\\\/producto\\\/collections-es\\\/organic-green-es\\\/mono-bebe-algodon-organico-organic-green\\\/\",\"name\":\"Mono de playa beb\u00e9 algod\u00f3n org\u00e1nico Organic Green - Gloop Baby\",\"isPartOf\":{\"@id\":\"https:\\\/\\\/gloopbaby.com\\\/es\\\/#website\"},\"primaryImageOfPage\":{\"@id\":\"https:\\\/\\\/gloopbaby.com\\\/es\\\/producto\\\/collections-es\\\/organic-green-es\\\/mono-bebe-algodon-organico-organic-green\\\/#primaryimage\"},\"image\":{\"@id\":\"https:\\\/\\\/gloopbaby.com\\\/es\\\/producto\\\/collections-es\\\/organic-green-es\\\/mono-bebe-algodon-organico-organic-green\\\/#primaryimage\"},\"thumbnailUrl\":\"https:\\\/\\\/gloopbaby.com\\\/wp-content\\\/uploads\\\/2026\\\/04\\\/IMG_5592.jpg\",\"datePublished\":\"2026-04-23T13:26:29+00:00\",\"dateModified\":\"2026-04-24T08:22:34+00:00\",\"breadcrumb\":{\"@id\":\"https:\\\/\\\/gloopbaby.com\\\/es\\\/producto\\\/collections-es\\\/organic-green-es\\\/mono-bebe-algodon-organico-organic-green\\\/#breadcrumb\"},\"inLanguage\":\"es\",\"potentialAction\":[{\"@type\":\"ReadAction\",\"target\":[\"https:\\\/\\\/gloopbaby.com\\\/es\\\/producto\\\/collections-es\\\/organic-green-es\\\/mono-bebe-algodon-organico-organic-green\\\/\"]}]},{\"@type\":\"ImageObject\",\"inLanguage\":\"es\",\"@id\":\"https:\\\/\\\/gloopbaby.com\\\/es\\\/producto\\\/collections-es\\\/organic-green-es\\\/mono-bebe-algodon-organico-organic-green\\\/#primaryimage\",\"url\":\"https:\\\/\\\/gloopbaby.com\\\/wp-content\\\/uploads\\\/2026\\\/04\\\/IMG_5592.jpg\",\"contentUrl\":\"https:\\\/\\\/gloopbaby.com\\\/wp-content\\\/uploads\\\/2026\\\/04\\\/IMG_5592.jpg\",\"width\":512,\"height\":768},{\"@type\":\"BreadcrumbList\",\"@id\":\"https:\\\/\\\/gloopbaby.com\\\/es\\\/producto\\\/collections-es\\\/organic-green-es\\\/mono-bebe-algodon-organico-organic-green\\\/#breadcrumb\",\"itemListElement\":[{\"@type\":\"ListItem\",\"position\":1,\"name\":\"In\u00edcio\",\"item\":\"https:\\\/\\\/gloopbaby.com\\\/es\\\/\"},{\"@type\":\"ListItem\",\"position\":2,\"name\":\"Shop\",\"item\":\"https:\\\/\\\/gloopbaby.com\\\/loja\\\/\"},{\"@type\":\"ListItem\",\"position\":3,\"name\":\"Mono de playa beb\u00e9 algod\u00f3n org\u00e1nico Organic Green\"}]},{\"@type\":\"WebSite\",\"@id\":\"https:\\\/\\\/gloopbaby.com\\\/es\\\/#website\",\"url\":\"https:\\\/\\\/gloopbaby.com\\\/es\\\/\",\"name\":\"Gloop Baby\",\"description\":\"\",\"publisher\":{\"@id\":\"https:\\\/\\\/gloopbaby.com\\\/es\\\/#organization\"},\"potentialAction\":[{\"@type\":\"SearchAction\",\"target\":{\"@type\":\"EntryPoint\",\"urlTemplate\":\"https:\\\/\\\/gloopbaby.com\\\/es\\\/?s={search_term_string}\"},\"query-input\":{\"@type\":\"PropertyValueSpecification\",\"valueRequired\":true,\"valueName\":\"search_term_string\"}}],\"inLanguage\":\"es\"},{\"@type\":\"Organization\",\"@id\":\"https:\\\/\\\/gloopbaby.com\\\/es\\\/#organization\",\"name\":\"Gloop Baby\",\"url\":\"https:\\\/\\\/gloopbaby.com\\\/es\\\/\",\"logo\":{\"@type\":\"ImageObject\",\"inLanguage\":\"es\",\"@id\":\"https:\\\/\\\/gloopbaby.com\\\/es\\\/#\\\/schema\\\/logo\\\/image\\\/\",\"url\":\"https:\\\/\\\/gloopbaby.com\\\/wp-content\\\/uploads\\\/2023\\\/06\\\/gloop-logo.svg\",\"contentUrl\":\"https:\\\/\\\/gloopbaby.com\\\/wp-content\\\/uploads\\\/2023\\\/06\\\/gloop-logo.svg\",\"width\":100,\"height\":100,\"caption\":\"Gloop Baby\"},\"image\":{\"@id\":\"https:\\\/\\\/gloopbaby.com\\\/es\\\/#\\\/schema\\\/logo\\\/image\\\/\"}}]}<\/script>\n<!-- \/ Yoast SEO plugin. -->","yoast_head_json":{"title":"Mono de playa beb\u00e9 algod\u00f3n org\u00e1nico Organic Green - Gloop Baby","robots":{"index":"index","follow":"follow","max-snippet":"max-snippet:-1","max-image-preview":"max-image-preview:large","max-video-preview":"max-video-preview:-1"},"canonical":"https:\/\/gloopbaby.com\/es\/producto\/collections-es\/organic-green-es\/mono-bebe-algodon-organico-organic-green\/","og_locale":"es_ES","og_type":"article","og_title":"Mono de playa beb\u00e9 algod\u00f3n org\u00e1nico Organic Green - Gloop Baby","og_description":"Mono corto de playa de algod\u00f3n 100% org\u00e1nico con capucha para beb\u00e9s y ni\u00f1os de hasta 7 a\u00f1os. Este pelele de manga y pierna corta est\u00e1 confeccionado en tejido de rizo absorbente y es f\u00e1cil de poner gracias a su cremallera frontal. La capucha ayuda a secar r\u00e1pidamente el cabello y mantiene al beb\u00e9 o [&hellip;]","og_url":"https:\/\/gloopbaby.com\/es\/producto\/collections-es\/organic-green-es\/mono-bebe-algodon-organico-organic-green\/","og_site_name":"Gloop Baby","article_modified_time":"2026-04-24T08:22:34+00:00","og_image":[{"width":512,"height":768,"url":"https:\/\/gloopbaby.com\/wp-content\/uploads\/2026\/04\/IMG_5592.jpg","type":"image\/jpeg"}],"twitter_card":"summary_large_image","twitter_misc":{"Tiempo de lectura":"1 minuto"},"schema":{"@context":"https:\/\/schema.org","@graph":[{"@type":"WebPage","@id":"https:\/\/gloopbaby.com\/es\/producto\/collections-es\/organic-green-es\/mono-bebe-algodon-organico-organic-green\/","url":"https:\/\/gloopbaby.com\/es\/producto\/collections-es\/organic-green-es\/mono-bebe-algodon-organico-organic-green\/","name":"Mono de playa beb\u00e9 algod\u00f3n org\u00e1nico Organic Green - Gloop Baby","isPartOf":{"@id":"https:\/\/gloopbaby.com\/es\/#website"},"primaryImageOfPage":{"@id":"https:\/\/gloopbaby.com\/es\/producto\/collections-es\/organic-green-es\/mono-bebe-algodon-organico-organic-green\/#primaryimage"},"image":{"@id":"https:\/\/gloopbaby.com\/es\/producto\/collections-es\/organic-green-es\/mono-bebe-algodon-organico-organic-green\/#primaryimage"},"thumbnailUrl":"https:\/\/gloopbaby.com\/wp-content\/uploads\/2026\/04\/IMG_5592.jpg","datePublished":"2026-04-23T13:26:29+00:00","dateModified":"2026-04-24T08:22:34+00:00","breadcrumb":{"@id":"https:\/\/gloopbaby.com\/es\/producto\/collections-es\/organic-green-es\/mono-bebe-algodon-organico-organic-green\/#breadcrumb"},"inLanguage":"es","potentialAction":[{"@type":"ReadAction","target":["https:\/\/gloopbaby.com\/es\/producto\/collections-es\/organic-green-es\/mono-bebe-algodon-organico-organic-green\/"]}]},{"@type":"ImageObject","inLanguage":"es","@id":"https:\/\/gloopbaby.com\/es\/producto\/collections-es\/organic-green-es\/mono-bebe-algodon-organico-organic-green\/#primaryimage","url":"https:\/\/gloopbaby.com\/wp-content\/uploads\/2026\/04\/IMG_5592.jpg","contentUrl":"https:\/\/gloopbaby.com\/wp-content\/uploads\/2026\/04\/IMG_5592.jpg","width":512,"height":768},{"@type":"BreadcrumbList","@id":"https:\/\/gloopbaby.com\/es\/producto\/collections-es\/organic-green-es\/mono-bebe-algodon-organico-organic-green\/#breadcrumb","itemListElement":[{"@type":"ListItem","position":1,"name":"In\u00edcio","item":"https:\/\/gloopbaby.com\/es\/"},{"@type":"ListItem","position":2,"name":"Shop","item":"https:\/\/gloopbaby.com\/loja\/"},{"@type":"ListItem","position":3,"name":"Mono de playa beb\u00e9 algod\u00f3n org\u00e1nico Organic Green"}]},{"@type":"WebSite","@id":"https:\/\/gloopbaby.com\/es\/#website","url":"https:\/\/gloopbaby.com\/es\/","name":"Gloop Baby","description":"","publisher":{"@id":"https:\/\/gloopbaby.com\/es\/#organization"},"potentialAction":[{"@type":"SearchAction","target":{"@type":"EntryPoint","urlTemplate":"https:\/\/gloopbaby.com\/es\/?s={search_term_string}"},"query-input":{"@type":"PropertyValueSpecification","valueRequired":true,"valueName":"search_term_string"}}],"inLanguage":"es"},{"@type":"Organization","@id":"https:\/\/gloopbaby.com\/es\/#organization","name":"Gloop Baby","url":"https:\/\/gloopbaby.com\/es\/","logo":{"@type":"ImageObject","inLanguage":"es","@id":"https:\/\/gloopbaby.com\/es\/#\/schema\/logo\/image\/","url":"https:\/\/gloopbaby.com\/wp-content\/uploads\/2023\/06\/gloop-logo.svg","contentUrl":"https:\/\/gloopbaby.com\/wp-content\/uploads\/2023\/06\/gloop-logo.svg","width":100,"height":100,"caption":"Gloop Baby"},"image":{"@id":"https:\/\/gloopbaby.com\/es\/#\/schema\/logo\/image\/"}}]}},"_links":{"self":[{"href":"https:\/\/gloopbaby.com\/es\/wp-json\/wp\/v2\/product\/145272","targetHints":{"allow":["GET"]}}],"collection":[{"href":"https:\/\/gloopbaby.com\/es\/wp-json\/wp\/v2\/product"}],"about":[{"href":"https:\/\/gloopbaby.com\/es\/wp-json\/wp\/v2\/types\/product"}],"replies":[{"embeddable":true,"href":"https:\/\/gloopbaby.com\/es\/wp-json\/wp\/v2\/comments?post=145272"}],"wp:featuredmedia":[{"embeddable":true,"href":"https:\/\/gloopbaby.com\/es\/wp-json\/wp\/v2\/media\/145305"}],"wp:attachment":[{"href":"https:\/\/gloopbaby.com\/es\/wp-json\/wp\/v2\/media?parent=145272"}],"wp:term":[{"taxonomy":"product_brand","embeddable":true,"href":"https:\/\/gloopbaby.com\/es\/wp-json\/wp\/v2\/product_brand?post=145272"},{"taxonomy":"product_cat","embeddable":true,"href":"https:\/\/gloopbaby.com\/es\/wp-json\/wp\/v2\/product_cat?post=145272"},{"taxonomy":"product_tag","embeddable":true,"href":"https:\/\/gloopbaby.com\/es\/wp-json\/wp\/v2\/product_tag?post=145272"}],"curies":[{"name":"wp","href":"https:\/\/api.w.org\/{rel}","templated":true}]}}