{"id":144994,"date":"2026-04-23T10:00:36","date_gmt":"2026-04-23T10:00:36","guid":{"rendered":"https:\/\/gloopbaby.com\/?post_type=product&#038;p=144994"},"modified":"2026-04-23T10:42:32","modified_gmt":"2026-04-23T10:42:32","slug":"sombrero-bebe-organic-green","status":"publish","type":"product","link":"https:\/\/gloopbaby.com\/es\/producto\/collections-es\/organic-green-es\/sombrero-bebe-organic-green\/","title":{"rendered":"Sombrero beb\u00e9 algod\u00f3n org\u00e1nico Organic Green"},"content":{"rendered":"<pre id=\"tw-target-text\" class=\"tw-data-text tw-text-large tw-ta\" dir=\"ltr\" tabindex=\"-1\" role=\"text\" data-placeholder=\"Tradu\u00e7\u00e3o\" data-ved=\"2ahUKEwjjyrff24OUAxUdUqQEHatbJDcQ3ewLegQIDRAV\" aria-label=\"Texto traduzido: Combina protecci\u00f3n y comodidad con este sombrero de sol de algod\u00f3n 100% org\u00e1nico, un imprescindible para el verano. Confeccionado con algod\u00f3n 100% org\u00e1nico certificado, su tejido es ultrasuave y delicado con la piel sensible de los beb\u00e9s. Caracter\u00edsticas principales: Ideal para beb\u00e9s de 0 a 6 meses Talla \u00fanica Exterior y forro de algod\u00f3n 100% org\u00e1nico certificado Hecho en Portugal Producto ecol\u00f3gico, libre de qu\u00edmicos da\u00f1inos, ideal para padres que se preocupan por el bienestar de su beb\u00e9 y del planeta.\"><span class=\"Y2IQFc\" lang=\"es\">Combina protecci\u00f3n y comodidad con este sombrero de sol de algod\u00f3n 100% org\u00e1nico, un imprescindible para el verano.\r\n\r\nConfeccionado con algod\u00f3n 100% org\u00e1nico certificado, su tejido es ultrasuave y delicado con la piel sensible de los beb\u00e9s.\r\n\r\n<strong>Caracter\u00edsticas principales:<\/strong>\r\n\r\n- Talla \u00fanica\r\n- Di\u00e1metro: 25cm\r\n- Exterior y forro de algod\u00f3n 100% org\u00e1nico certificado\r\n- Hecho en Portugal\r\n\r\nProducto ecol\u00f3gico, libre de qu\u00edmicos da\u00f1inos, ideal para padres que se preocupan por el bienestar de su beb\u00e9 y del planeta.<\/span><\/pre>\n","protected":false},"excerpt":{"rendered":"<p>Combina protecci\u00f3n y comodidad con este sombrero de sol de algod\u00f3n 100% org\u00e1nico, un imprescindible para el verano. Confeccionado con algod\u00f3n 100% org\u00e1nico certificado, su tejido es ultrasuave y delicado con la piel sensible de los beb\u00e9s. Caracter\u00edsticas principales: &#8211; Talla \u00fanica &#8211; Di\u00e1metro: 25cm &#8211; Exterior y forro de algod\u00f3n 100% org\u00e1nico certificado &#8211; [&hellip;]<\/p>\n","protected":false},"featured_media":145006,"comment_status":"closed","ping_status":"closed","template":"","meta":{"_acf_changed":false},"product_brand":[],"product_cat":[1339,1317,1999],"product_tag":[],"class_list":{"0":"post-144994","1":"product","2":"type-product","3":"status-publish","4":"has-post-thumbnail","6":"product_cat-collections-es","7":"product_cat-organic-green-es","8":"product_cat-playa","10":"first","11":"instock","12":"taxable","13":"shipping-taxable","14":"purchasable","15":"product-type-simple"},"acf":[],"yoast_head":"<!-- This site is optimized with the Yoast SEO plugin v27.4 - https:\/\/yoast.com\/product\/yoast-seo-wordpress\/ -->\n<title>Sombrero beb\u00e9 algod\u00f3n org\u00e1nico Organic Green - Gloop Baby<\/title>\n<meta name=\"robots\" content=\"index, follow, max-snippet:-1, max-image-preview:large, max-video-preview:-1\" \/>\n<link rel=\"canonical\" href=\"https:\/\/gloopbaby.com\/es\/producto\/collections-es\/organic-green-es\/sombrero-bebe-organic-green\/\" \/>\n<meta property=\"og:locale\" content=\"es_ES\" \/>\n<meta property=\"og:type\" content=\"article\" \/>\n<meta property=\"og:title\" content=\"Sombrero beb\u00e9 algod\u00f3n org\u00e1nico Organic Green - Gloop Baby\" \/>\n<meta property=\"og:description\" content=\"Combina protecci\u00f3n y comodidad con este sombrero de sol de algod\u00f3n 100% org\u00e1nico, un imprescindible para el verano. Confeccionado con algod\u00f3n 100% org\u00e1nico certificado, su tejido es ultrasuave y delicado con la piel sensible de los beb\u00e9s. Caracter\u00edsticas principales: - Talla \u00fanica - Di\u00e1metro: 25cm - Exterior y forro de algod\u00f3n 100% org\u00e1nico certificado - [&hellip;]\" \/>\n<meta property=\"og:url\" content=\"https:\/\/gloopbaby.com\/es\/producto\/collections-es\/organic-green-es\/sombrero-bebe-organic-green\/\" \/>\n<meta property=\"og:site_name\" content=\"Gloop Baby\" \/>\n<meta property=\"article:modified_time\" content=\"2026-04-23T10:42:32+00:00\" \/>\n<meta property=\"og:image\" content=\"https:\/\/gloopbaby.com\/wp-content\/uploads\/2026\/04\/IMG_5601.jpg\" \/>\n\t<meta property=\"og:image:width\" content=\"512\" \/>\n\t<meta property=\"og:image:height\" content=\"768\" \/>\n\t<meta property=\"og:image:type\" content=\"image\/jpeg\" \/>\n<meta name=\"twitter:card\" content=\"summary_large_image\" \/>\n<meta name=\"twitter:label1\" content=\"Tiempo de lectura\" \/>\n\t<meta name=\"twitter:data1\" content=\"1 minuto\" \/>\n<script type=\"application\/ld+json\" class=\"yoast-schema-graph\">{\"@context\":\"https:\\\/\\\/schema.org\",\"@graph\":[{\"@type\":\"WebPage\",\"@id\":\"https:\\\/\\\/gloopbaby.com\\\/es\\\/producto\\\/collections-es\\\/organic-green-es\\\/sombrero-bebe-organic-green\\\/\",\"url\":\"https:\\\/\\\/gloopbaby.com\\\/es\\\/producto\\\/collections-es\\\/organic-green-es\\\/sombrero-bebe-organic-green\\\/\",\"name\":\"Sombrero beb\u00e9 algod\u00f3n org\u00e1nico Organic Green - Gloop Baby\",\"isPartOf\":{\"@id\":\"https:\\\/\\\/gloopbaby.com\\\/es\\\/#website\"},\"primaryImageOfPage\":{\"@id\":\"https:\\\/\\\/gloopbaby.com\\\/es\\\/producto\\\/collections-es\\\/organic-green-es\\\/sombrero-bebe-organic-green\\\/#primaryimage\"},\"image\":{\"@id\":\"https:\\\/\\\/gloopbaby.com\\\/es\\\/producto\\\/collections-es\\\/organic-green-es\\\/sombrero-bebe-organic-green\\\/#primaryimage\"},\"thumbnailUrl\":\"https:\\\/\\\/gloopbaby.com\\\/wp-content\\\/uploads\\\/2026\\\/04\\\/IMG_5601.jpg\",\"datePublished\":\"2026-04-23T10:00:36+00:00\",\"dateModified\":\"2026-04-23T10:42:32+00:00\",\"breadcrumb\":{\"@id\":\"https:\\\/\\\/gloopbaby.com\\\/es\\\/producto\\\/collections-es\\\/organic-green-es\\\/sombrero-bebe-organic-green\\\/#breadcrumb\"},\"inLanguage\":\"es\",\"potentialAction\":[{\"@type\":\"ReadAction\",\"target\":[\"https:\\\/\\\/gloopbaby.com\\\/es\\\/producto\\\/collections-es\\\/organic-green-es\\\/sombrero-bebe-organic-green\\\/\"]}]},{\"@type\":\"ImageObject\",\"inLanguage\":\"es\",\"@id\":\"https:\\\/\\\/gloopbaby.com\\\/es\\\/producto\\\/collections-es\\\/organic-green-es\\\/sombrero-bebe-organic-green\\\/#primaryimage\",\"url\":\"https:\\\/\\\/gloopbaby.com\\\/wp-content\\\/uploads\\\/2026\\\/04\\\/IMG_5601.jpg\",\"contentUrl\":\"https:\\\/\\\/gloopbaby.com\\\/wp-content\\\/uploads\\\/2026\\\/04\\\/IMG_5601.jpg\",\"width\":512,\"height\":768},{\"@type\":\"BreadcrumbList\",\"@id\":\"https:\\\/\\\/gloopbaby.com\\\/es\\\/producto\\\/collections-es\\\/organic-green-es\\\/sombrero-bebe-organic-green\\\/#breadcrumb\",\"itemListElement\":[{\"@type\":\"ListItem\",\"position\":1,\"name\":\"In\u00edcio\",\"item\":\"https:\\\/\\\/gloopbaby.com\\\/es\\\/\"},{\"@type\":\"ListItem\",\"position\":2,\"name\":\"Shop\",\"item\":\"https:\\\/\\\/gloopbaby.com\\\/loja\\\/\"},{\"@type\":\"ListItem\",\"position\":3,\"name\":\"Sombrero beb\u00e9 algod\u00f3n org\u00e1nico Organic Green\"}]},{\"@type\":\"WebSite\",\"@id\":\"https:\\\/\\\/gloopbaby.com\\\/es\\\/#website\",\"url\":\"https:\\\/\\\/gloopbaby.com\\\/es\\\/\",\"name\":\"Gloop Baby\",\"description\":\"\",\"publisher\":{\"@id\":\"https:\\\/\\\/gloopbaby.com\\\/es\\\/#organization\"},\"potentialAction\":[{\"@type\":\"SearchAction\",\"target\":{\"@type\":\"EntryPoint\",\"urlTemplate\":\"https:\\\/\\\/gloopbaby.com\\\/es\\\/?s={search_term_string}\"},\"query-input\":{\"@type\":\"PropertyValueSpecification\",\"valueRequired\":true,\"valueName\":\"search_term_string\"}}],\"inLanguage\":\"es\"},{\"@type\":\"Organization\",\"@id\":\"https:\\\/\\\/gloopbaby.com\\\/es\\\/#organization\",\"name\":\"Gloop Baby\",\"url\":\"https:\\\/\\\/gloopbaby.com\\\/es\\\/\",\"logo\":{\"@type\":\"ImageObject\",\"inLanguage\":\"es\",\"@id\":\"https:\\\/\\\/gloopbaby.com\\\/es\\\/#\\\/schema\\\/logo\\\/image\\\/\",\"url\":\"https:\\\/\\\/gloopbaby.com\\\/wp-content\\\/uploads\\\/2023\\\/06\\\/gloop-logo.svg\",\"contentUrl\":\"https:\\\/\\\/gloopbaby.com\\\/wp-content\\\/uploads\\\/2023\\\/06\\\/gloop-logo.svg\",\"width\":100,\"height\":100,\"caption\":\"Gloop Baby\"},\"image\":{\"@id\":\"https:\\\/\\\/gloopbaby.com\\\/es\\\/#\\\/schema\\\/logo\\\/image\\\/\"}}]}<\/script>\n<!-- \/ Yoast SEO plugin. -->","yoast_head_json":{"title":"Sombrero beb\u00e9 algod\u00f3n org\u00e1nico Organic Green - Gloop Baby","robots":{"index":"index","follow":"follow","max-snippet":"max-snippet:-1","max-image-preview":"max-image-preview:large","max-video-preview":"max-video-preview:-1"},"canonical":"https:\/\/gloopbaby.com\/es\/producto\/collections-es\/organic-green-es\/sombrero-bebe-organic-green\/","og_locale":"es_ES","og_type":"article","og_title":"Sombrero beb\u00e9 algod\u00f3n org\u00e1nico Organic Green - Gloop Baby","og_description":"Combina protecci\u00f3n y comodidad con este sombrero de sol de algod\u00f3n 100% org\u00e1nico, un imprescindible para el verano. Confeccionado con algod\u00f3n 100% org\u00e1nico certificado, su tejido es ultrasuave y delicado con la piel sensible de los beb\u00e9s. Caracter\u00edsticas principales: - Talla \u00fanica - Di\u00e1metro: 25cm - Exterior y forro de algod\u00f3n 100% org\u00e1nico certificado - [&hellip;]","og_url":"https:\/\/gloopbaby.com\/es\/producto\/collections-es\/organic-green-es\/sombrero-bebe-organic-green\/","og_site_name":"Gloop Baby","article_modified_time":"2026-04-23T10:42:32+00:00","og_image":[{"width":512,"height":768,"url":"https:\/\/gloopbaby.com\/wp-content\/uploads\/2026\/04\/IMG_5601.jpg","type":"image\/jpeg"}],"twitter_card":"summary_large_image","twitter_misc":{"Tiempo de lectura":"1 minuto"},"schema":{"@context":"https:\/\/schema.org","@graph":[{"@type":"WebPage","@id":"https:\/\/gloopbaby.com\/es\/producto\/collections-es\/organic-green-es\/sombrero-bebe-organic-green\/","url":"https:\/\/gloopbaby.com\/es\/producto\/collections-es\/organic-green-es\/sombrero-bebe-organic-green\/","name":"Sombrero beb\u00e9 algod\u00f3n org\u00e1nico Organic Green - Gloop Baby","isPartOf":{"@id":"https:\/\/gloopbaby.com\/es\/#website"},"primaryImageOfPage":{"@id":"https:\/\/gloopbaby.com\/es\/producto\/collections-es\/organic-green-es\/sombrero-bebe-organic-green\/#primaryimage"},"image":{"@id":"https:\/\/gloopbaby.com\/es\/producto\/collections-es\/organic-green-es\/sombrero-bebe-organic-green\/#primaryimage"},"thumbnailUrl":"https:\/\/gloopbaby.com\/wp-content\/uploads\/2026\/04\/IMG_5601.jpg","datePublished":"2026-04-23T10:00:36+00:00","dateModified":"2026-04-23T10:42:32+00:00","breadcrumb":{"@id":"https:\/\/gloopbaby.com\/es\/producto\/collections-es\/organic-green-es\/sombrero-bebe-organic-green\/#breadcrumb"},"inLanguage":"es","potentialAction":[{"@type":"ReadAction","target":["https:\/\/gloopbaby.com\/es\/producto\/collections-es\/organic-green-es\/sombrero-bebe-organic-green\/"]}]},{"@type":"ImageObject","inLanguage":"es","@id":"https:\/\/gloopbaby.com\/es\/producto\/collections-es\/organic-green-es\/sombrero-bebe-organic-green\/#primaryimage","url":"https:\/\/gloopbaby.com\/wp-content\/uploads\/2026\/04\/IMG_5601.jpg","contentUrl":"https:\/\/gloopbaby.com\/wp-content\/uploads\/2026\/04\/IMG_5601.jpg","width":512,"height":768},{"@type":"BreadcrumbList","@id":"https:\/\/gloopbaby.com\/es\/producto\/collections-es\/organic-green-es\/sombrero-bebe-organic-green\/#breadcrumb","itemListElement":[{"@type":"ListItem","position":1,"name":"In\u00edcio","item":"https:\/\/gloopbaby.com\/es\/"},{"@type":"ListItem","position":2,"name":"Shop","item":"https:\/\/gloopbaby.com\/loja\/"},{"@type":"ListItem","position":3,"name":"Sombrero beb\u00e9 algod\u00f3n org\u00e1nico Organic Green"}]},{"@type":"WebSite","@id":"https:\/\/gloopbaby.com\/es\/#website","url":"https:\/\/gloopbaby.com\/es\/","name":"Gloop Baby","description":"","publisher":{"@id":"https:\/\/gloopbaby.com\/es\/#organization"},"potentialAction":[{"@type":"SearchAction","target":{"@type":"EntryPoint","urlTemplate":"https:\/\/gloopbaby.com\/es\/?s={search_term_string}"},"query-input":{"@type":"PropertyValueSpecification","valueRequired":true,"valueName":"search_term_string"}}],"inLanguage":"es"},{"@type":"Organization","@id":"https:\/\/gloopbaby.com\/es\/#organization","name":"Gloop Baby","url":"https:\/\/gloopbaby.com\/es\/","logo":{"@type":"ImageObject","inLanguage":"es","@id":"https:\/\/gloopbaby.com\/es\/#\/schema\/logo\/image\/","url":"https:\/\/gloopbaby.com\/wp-content\/uploads\/2023\/06\/gloop-logo.svg","contentUrl":"https:\/\/gloopbaby.com\/wp-content\/uploads\/2023\/06\/gloop-logo.svg","width":100,"height":100,"caption":"Gloop Baby"},"image":{"@id":"https:\/\/gloopbaby.com\/es\/#\/schema\/logo\/image\/"}}]}},"_links":{"self":[{"href":"https:\/\/gloopbaby.com\/es\/wp-json\/wp\/v2\/product\/144994","targetHints":{"allow":["GET"]}}],"collection":[{"href":"https:\/\/gloopbaby.com\/es\/wp-json\/wp\/v2\/product"}],"about":[{"href":"https:\/\/gloopbaby.com\/es\/wp-json\/wp\/v2\/types\/product"}],"replies":[{"embeddable":true,"href":"https:\/\/gloopbaby.com\/es\/wp-json\/wp\/v2\/comments?post=144994"}],"wp:featuredmedia":[{"embeddable":true,"href":"https:\/\/gloopbaby.com\/es\/wp-json\/wp\/v2\/media\/145006"}],"wp:attachment":[{"href":"https:\/\/gloopbaby.com\/es\/wp-json\/wp\/v2\/media?parent=144994"}],"wp:term":[{"taxonomy":"product_brand","embeddable":true,"href":"https:\/\/gloopbaby.com\/es\/wp-json\/wp\/v2\/product_brand?post=144994"},{"taxonomy":"product_cat","embeddable":true,"href":"https:\/\/gloopbaby.com\/es\/wp-json\/wp\/v2\/product_cat?post=144994"},{"taxonomy":"product_tag","embeddable":true,"href":"https:\/\/gloopbaby.com\/es\/wp-json\/wp\/v2\/product_tag?post=144994"}],"curies":[{"name":"wp","href":"https:\/\/api.w.org\/{rel}","templated":true}]}}