{"id":144063,"date":"2026-03-10T15:50:36","date_gmt":"2026-03-10T15:50:36","guid":{"rendered":"https:\/\/gloopbaby.com\/?post_type=product&#038;p=144063"},"modified":"2026-03-11T14:38:39","modified_gmt":"2026-03-11T14:38:39","slug":"bolsa-organizadora-cochecito-soft-sky","status":"publish","type":"product","link":"https:\/\/gloopbaby.com\/es\/producto\/collections-es\/soft-sky-es\/bolsa-organizadora-cochecito-soft-sky\/","title":{"rendered":"Bolsa Organizadora Cochecito Soft Sky"},"content":{"rendered":"<pre id=\"tw-target-text\" class=\"tw-data-text tw-text-large tw-ta\" dir=\"ltr\" tabindex=\"-1\" role=\"text\" data-placeholder=\"Tradu\u00e7\u00e3o\" data-ved=\"2ahUKEwjJ0v20iJWTAxWAgf0HHdwPICoQ3ewLegQIDBAW\" aria-label=\"Texto traduzido: El bolso organizador para cochecito gloop! es la soluci\u00f3n ideal para mantener todos los art\u00edculos esenciales de tu beb\u00e9 organizados durante las salidas. Se adapta f\u00e1cilmente al cochecito gracias a su cierre de velcro ajustable y ofrece suficiente espacio para pa\u00f1ales, toallitas y otros accesorios. Hecho 100 % con algod\u00f3n org\u00e1nico certificado, este bolso organizador combina sostenibilidad, calidad y comodidad. El forro impermeable protege el interior y facilita la limpieza. Caracter\u00edsticas principales: Forro impermeable para mayor protecci\u00f3n. Dos cierres de velcro ajustables para fijar al cochecito. Tama\u00f1o: 45 x 25 cm. Algod\u00f3n org\u00e1nico certificado. Hecho en Portugal. Una pieza vers\u00e1til e imprescindible para la canastilla de tu beb\u00e9, que combina dise\u00f1o exclusivo, calidad y sostenibilidad. Producto ecol\u00f3gico, libre de qu\u00edmicos nocivos. Ideal para padres que valoran el bienestar de su beb\u00e9 y del planeta. Bolso organizador para cochecito Gloop! de algod\u00f3n org\u00e1nico con forro impermeable. Pr\u00e1ctico, espacioso e ideal para llevar los art\u00edculos esenciales de tu beb\u00e9 y los tuyos.\"><span class=\"Y2IQFc\" lang=\"es\">El <strong>bolsa organizadora para cochecito<\/strong> gloop! es la soluci\u00f3n ideal para mantener todos los art\u00edculos esenciales de tu beb\u00e9 organizados durante las salidas. Se adapta f\u00e1cilmente al cochecito gracias a su cierre de velcro ajustable y ofrece suficiente espacio para pa\u00f1ales, toallitas y otros accesorios.\r\n\r\nHecho con <strong>100% algod\u00f3n org\u00e1nico certificado<\/strong>, este bolso organizador combina sostenibilidad, calidad y comodidad. El forro impermeable protege el interior y facilita la limpieza.\r\n\r\n<strong>Caracter\u00edsticas principales:<\/strong><\/span><\/pre>\n<ul>\n<li>\n<pre id=\"tw-target-text\" class=\"tw-data-text tw-text-large tw-ta\" dir=\"ltr\" tabindex=\"-1\" role=\"text\" data-placeholder=\"Tradu\u00e7\u00e3o\" data-ved=\"2ahUKEwjJ0v20iJWTAxWAgf0HHdwPICoQ3ewLegQIDBAW\" aria-label=\"Texto traduzido: El bolso organizador para cochecito gloop! es la soluci\u00f3n ideal para mantener todos los art\u00edculos esenciales de tu beb\u00e9 organizados durante las salidas. Se adapta f\u00e1cilmente al cochecito gracias a su cierre de velcro ajustable y ofrece suficiente espacio para pa\u00f1ales, toallitas y otros accesorios. Hecho 100 % con algod\u00f3n org\u00e1nico certificado, este bolso organizador combina sostenibilidad, calidad y comodidad. El forro impermeable protege el interior y facilita la limpieza. Caracter\u00edsticas principales: Forro impermeable para mayor protecci\u00f3n. Dos cierres de velcro ajustables para fijar al cochecito. Tama\u00f1o: 45 x 25 cm. Algod\u00f3n org\u00e1nico certificado. Hecho en Portugal. Una pieza vers\u00e1til e imprescindible para la canastilla de tu beb\u00e9, que combina dise\u00f1o exclusivo, calidad y sostenibilidad. Producto ecol\u00f3gico, libre de qu\u00edmicos nocivos. Ideal para padres que valoran el bienestar de su beb\u00e9 y del planeta. Bolso organizador para cochecito Gloop! de algod\u00f3n org\u00e1nico con forro impermeable. Pr\u00e1ctico, espacioso e ideal para llevar los art\u00edculos esenciales de tu beb\u00e9 y los tuyos.\"><span class=\"Y2IQFc\" lang=\"es\">Forro impermeable para mayor protecci\u00f3n<\/span><\/pre>\n<\/li>\n<li>\n<pre id=\"tw-target-text\" class=\"tw-data-text tw-text-large tw-ta\" dir=\"ltr\" tabindex=\"-1\" role=\"text\" data-placeholder=\"Tradu\u00e7\u00e3o\" data-ved=\"2ahUKEwjJ0v20iJWTAxWAgf0HHdwPICoQ3ewLegQIDBAW\" aria-label=\"Texto traduzido: El bolso organizador para cochecito gloop! es la soluci\u00f3n ideal para mantener todos los art\u00edculos esenciales de tu beb\u00e9 organizados durante las salidas. Se adapta f\u00e1cilmente al cochecito gracias a su cierre de velcro ajustable y ofrece suficiente espacio para pa\u00f1ales, toallitas y otros accesorios. Hecho 100 % con algod\u00f3n org\u00e1nico certificado, este bolso organizador combina sostenibilidad, calidad y comodidad. El forro impermeable protege el interior y facilita la limpieza. Caracter\u00edsticas principales: Forro impermeable para mayor protecci\u00f3n. Dos cierres de velcro ajustables para fijar al cochecito. Tama\u00f1o: 45 x 25 cm. Algod\u00f3n org\u00e1nico certificado. Hecho en Portugal. Una pieza vers\u00e1til e imprescindible para la canastilla de tu beb\u00e9, que combina dise\u00f1o exclusivo, calidad y sostenibilidad. Producto ecol\u00f3gico, libre de qu\u00edmicos nocivos. Ideal para padres que valoran el bienestar de su beb\u00e9 y del planeta. Bolso organizador para cochecito Gloop! de algod\u00f3n org\u00e1nico con forro impermeable. Pr\u00e1ctico, espacioso e ideal para llevar los art\u00edculos esenciales de tu beb\u00e9 y los tuyos.\"><span class=\"Y2IQFc\" lang=\"es\">Dos cierres de velcro ajustables para fijar al cochecito<\/span><\/pre>\n<\/li>\n<li>\n<pre id=\"tw-target-text\" class=\"tw-data-text tw-text-large tw-ta\" dir=\"ltr\" tabindex=\"-1\" role=\"text\" data-placeholder=\"Tradu\u00e7\u00e3o\" data-ved=\"2ahUKEwjJ0v20iJWTAxWAgf0HHdwPICoQ3ewLegQIDBAW\" aria-label=\"Texto traduzido: El bolso organizador para cochecito gloop! es la soluci\u00f3n ideal para mantener todos los art\u00edculos esenciales de tu beb\u00e9 organizados durante las salidas. Se adapta f\u00e1cilmente al cochecito gracias a su cierre de velcro ajustable y ofrece suficiente espacio para pa\u00f1ales, toallitas y otros accesorios. Hecho 100 % con algod\u00f3n org\u00e1nico certificado, este bolso organizador combina sostenibilidad, calidad y comodidad. El forro impermeable protege el interior y facilita la limpieza. Caracter\u00edsticas principales: Forro impermeable para mayor protecci\u00f3n. Dos cierres de velcro ajustables para fijar al cochecito. Tama\u00f1o: 45 x 25 cm. Algod\u00f3n org\u00e1nico certificado. Hecho en Portugal. Una pieza vers\u00e1til e imprescindible para la canastilla de tu beb\u00e9, que combina dise\u00f1o exclusivo, calidad y sostenibilidad. Producto ecol\u00f3gico, libre de qu\u00edmicos nocivos. Ideal para padres que valoran el bienestar de su beb\u00e9 y del planeta. Bolso organizador para cochecito Gloop! de algod\u00f3n org\u00e1nico con forro impermeable. Pr\u00e1ctico, espacioso e ideal para llevar los art\u00edculos esenciales de tu beb\u00e9 y los tuyos.\"><span class=\"Y2IQFc\" lang=\"es\">Tama\u00f1o:<\/span> 45x25cm<\/pre>\n<\/li>\n<li>\n<pre id=\"tw-target-text\" class=\"tw-data-text tw-text-large tw-ta\" dir=\"ltr\" tabindex=\"-1\" role=\"text\" data-placeholder=\"Tradu\u00e7\u00e3o\" data-ved=\"2ahUKEwjJ0v20iJWTAxWAgf0HHdwPICoQ3ewLegQIDBAW\" aria-label=\"Texto traduzido: El bolso organizador para cochecito gloop! es la soluci\u00f3n ideal para mantener todos los art\u00edculos esenciales de tu beb\u00e9 organizados durante las salidas. Se adapta f\u00e1cilmente al cochecito gracias a su cierre de velcro ajustable y ofrece suficiente espacio para pa\u00f1ales, toallitas y otros accesorios. Hecho 100 % con algod\u00f3n org\u00e1nico certificado, este bolso organizador combina sostenibilidad, calidad y comodidad. El forro impermeable protege el interior y facilita la limpieza. Caracter\u00edsticas principales: Forro impermeable para mayor protecci\u00f3n. Dos cierres de velcro ajustables para fijar al cochecito. Tama\u00f1o: 45 x 25 cm. Algod\u00f3n org\u00e1nico certificado. Hecho en Portugal. Una pieza vers\u00e1til e imprescindible para la canastilla de tu beb\u00e9, que combina dise\u00f1o exclusivo, calidad y sostenibilidad. Producto ecol\u00f3gico, libre de qu\u00edmicos nocivos. Ideal para padres que valoran el bienestar de su beb\u00e9 y del planeta. Bolso organizador para cochecito Gloop! de algod\u00f3n org\u00e1nico con forro impermeable. Pr\u00e1ctico, espacioso e ideal para llevar los art\u00edculos esenciales de tu beb\u00e9 y los tuyos.\"><span class=\"Y2IQFc\" lang=\"es\">Algod\u00f3n org\u00e1nico certificado<\/span><\/pre>\n<\/li>\n<li>\n<pre id=\"tw-target-text\" class=\"tw-data-text tw-text-large tw-ta\" dir=\"ltr\" tabindex=\"-1\" role=\"text\" data-placeholder=\"Tradu\u00e7\u00e3o\" data-ved=\"2ahUKEwjJ0v20iJWTAxWAgf0HHdwPICoQ3ewLegQIDBAW\" aria-label=\"Texto traduzido: El bolso organizador para cochecito gloop! es la soluci\u00f3n ideal para mantener todos los art\u00edculos esenciales de tu beb\u00e9 organizados durante las salidas. Se adapta f\u00e1cilmente al cochecito gracias a su cierre de velcro ajustable y ofrece suficiente espacio para pa\u00f1ales, toallitas y otros accesorios. Hecho 100 % con algod\u00f3n org\u00e1nico certificado, este bolso organizador combina sostenibilidad, calidad y comodidad. El forro impermeable protege el interior y facilita la limpieza. Caracter\u00edsticas principales: Forro impermeable para mayor protecci\u00f3n. Dos cierres de velcro ajustables para fijar al cochecito. Tama\u00f1o: 45 x 25 cm. Algod\u00f3n org\u00e1nico certificado. Hecho en Portugal. Una pieza vers\u00e1til e imprescindible para la canastilla de tu beb\u00e9, que combina dise\u00f1o exclusivo, calidad y sostenibilidad. Producto ecol\u00f3gico, libre de qu\u00edmicos nocivos. Ideal para padres que valoran el bienestar de su beb\u00e9 y del planeta. Bolso organizador para cochecito Gloop! de algod\u00f3n org\u00e1nico con forro impermeable. Pr\u00e1ctico, espacioso e ideal para llevar los art\u00edculos esenciales de tu beb\u00e9 y los tuyos.\"><span class=\"Y2IQFc\" lang=\"es\">Hecho en Portugal<\/span><\/pre>\n<\/li>\n<\/ul>\n<pre id=\"tw-target-text\" class=\"tw-data-text tw-text-large tw-ta\" dir=\"ltr\" tabindex=\"-1\" role=\"text\" data-placeholder=\"Tradu\u00e7\u00e3o\" data-ved=\"2ahUKEwjJ0v20iJWTAxWAgf0HHdwPICoQ3ewLegQIDBAW\" aria-label=\"Texto traduzido: El bolso organizador para cochecito gloop! es la soluci\u00f3n ideal para mantener todos los art\u00edculos esenciales de tu beb\u00e9 organizados durante las salidas. Se adapta f\u00e1cilmente al cochecito gracias a su cierre de velcro ajustable y ofrece suficiente espacio para pa\u00f1ales, toallitas y otros accesorios. Hecho 100 % con algod\u00f3n org\u00e1nico certificado, este bolso organizador combina sostenibilidad, calidad y comodidad. El forro impermeable protege el interior y facilita la limpieza. Caracter\u00edsticas principales: Forro impermeable para mayor protecci\u00f3n. Dos cierres de velcro ajustables para fijar al cochecito. Tama\u00f1o: 45 x 25 cm. Algod\u00f3n org\u00e1nico certificado. Hecho en Portugal. Una pieza vers\u00e1til e imprescindible para la canastilla de tu beb\u00e9, que combina dise\u00f1o exclusivo, calidad y sostenibilidad. Producto ecol\u00f3gico, libre de qu\u00edmicos nocivos. Ideal para padres que valoran el bienestar de su beb\u00e9 y del planeta. Bolso organizador para cochecito Gloop! de algod\u00f3n org\u00e1nico con forro impermeable. Pr\u00e1ctico, espacioso e ideal para llevar los art\u00edculos esenciales de tu beb\u00e9 y los tuyos.\"><span class=\"Y2IQFc\" lang=\"es\">Una pieza vers\u00e1til e imprescindible para la canastilla de tu beb\u00e9, que combina dise\u00f1o exclusivo, calidad y sostenibilidad.\r\n\r\nProducto ecol\u00f3gico, libre de qu\u00edmicos nocivos. Ideal para padres que valoran el bienestar de su beb\u00e9 y del planeta.<\/span><\/pre>\n","protected":false},"excerpt":{"rendered":"<p>El bolsa organizadora para cochecito gloop! es la soluci\u00f3n ideal para mantener todos los art\u00edculos esenciales de tu beb\u00e9 organizados durante las salidas. Se adapta f\u00e1cilmente al cochecito gracias a su cierre de velcro ajustable y ofrece suficiente espacio para pa\u00f1ales, toallitas y otros accesorios. Hecho con 100% algod\u00f3n org\u00e1nico certificado, este bolso organizador combina [&hellip;]<\/p>\n","protected":false},"featured_media":144231,"comment_status":"closed","ping_status":"closed","template":"","meta":{"_acf_changed":false},"product_brand":[],"product_cat":[1994,1339,1907,1243,1308],"product_tag":[],"class_list":{"0":"post-144063","1":"product","2":"type-product","3":"status-publish","4":"has-post-thumbnail","6":"product_cat-bolsa-organizadora-cochecito","7":"product_cat-collections-es","8":"product_cat-paseo","9":"product_cat-on-the-go-es","10":"product_cat-soft-sky-es","12":"first","13":"instock","14":"taxable","15":"shipping-taxable","16":"purchasable","17":"product-type-simple"},"acf":[],"yoast_head":"<!-- This site is optimized with the Yoast SEO plugin v27.4 - https:\/\/yoast.com\/product\/yoast-seo-wordpress\/ -->\n<title>Bolsa Organizadora Cochecito Soft Sky - Gloop Baby<\/title>\n<meta name=\"description\" content=\"Bolsa organizadora para cochecito Gloop! de algod\u00f3n org\u00e1nico con forro impermeable. Pr\u00e1ctico e ideal para llevar los esenciales de tu beb\u00e9 y los tuyos.\" \/>\n<meta name=\"robots\" content=\"index, follow, max-snippet:-1, max-image-preview:large, max-video-preview:-1\" \/>\n<link rel=\"canonical\" href=\"https:\/\/gloopbaby.com\/es\/producto\/collections-es\/soft-sky-es\/bolsa-organizadora-cochecito-soft-sky\/\" \/>\n<meta property=\"og:locale\" content=\"es_ES\" \/>\n<meta property=\"og:type\" content=\"article\" \/>\n<meta property=\"og:title\" content=\"Bolsa Organizadora Cochecito Soft Sky - Gloop Baby\" \/>\n<meta property=\"og:description\" content=\"Bolsa organizadora para cochecito Gloop! de algod\u00f3n org\u00e1nico con forro impermeable. Pr\u00e1ctico e ideal para llevar los esenciales de tu beb\u00e9 y los tuyos.\" \/>\n<meta property=\"og:url\" content=\"https:\/\/gloopbaby.com\/es\/producto\/collections-es\/soft-sky-es\/bolsa-organizadora-cochecito-soft-sky\/\" \/>\n<meta property=\"og:site_name\" content=\"Gloop Baby\" \/>\n<meta property=\"article:modified_time\" content=\"2026-03-11T14:38:39+00:00\" \/>\n<meta property=\"og:image\" content=\"https:\/\/gloopbaby.com\/wp-content\/uploads\/2026\/03\/soft-sky-4.jpg\" \/>\n\t<meta property=\"og:image:width\" content=\"600\" \/>\n\t<meta property=\"og:image:height\" content=\"900\" \/>\n\t<meta property=\"og:image:type\" content=\"image\/jpeg\" \/>\n<meta name=\"twitter:card\" content=\"summary_large_image\" \/>\n<script type=\"application\/ld+json\" class=\"yoast-schema-graph\">{\"@context\":\"https:\\\/\\\/schema.org\",\"@graph\":[{\"@type\":\"WebPage\",\"@id\":\"https:\\\/\\\/gloopbaby.com\\\/es\\\/producto\\\/collections-es\\\/soft-sky-es\\\/bolsa-organizadora-cochecito-soft-sky\\\/\",\"url\":\"https:\\\/\\\/gloopbaby.com\\\/es\\\/producto\\\/collections-es\\\/soft-sky-es\\\/bolsa-organizadora-cochecito-soft-sky\\\/\",\"name\":\"Bolsa Organizadora Cochecito Soft Sky - Gloop Baby\",\"isPartOf\":{\"@id\":\"https:\\\/\\\/gloopbaby.com\\\/es\\\/#website\"},\"primaryImageOfPage\":{\"@id\":\"https:\\\/\\\/gloopbaby.com\\\/es\\\/producto\\\/collections-es\\\/soft-sky-es\\\/bolsa-organizadora-cochecito-soft-sky\\\/#primaryimage\"},\"image\":{\"@id\":\"https:\\\/\\\/gloopbaby.com\\\/es\\\/producto\\\/collections-es\\\/soft-sky-es\\\/bolsa-organizadora-cochecito-soft-sky\\\/#primaryimage\"},\"thumbnailUrl\":\"https:\\\/\\\/gloopbaby.com\\\/wp-content\\\/uploads\\\/2026\\\/03\\\/soft-sky-4.jpg\",\"datePublished\":\"2026-03-10T15:50:36+00:00\",\"dateModified\":\"2026-03-11T14:38:39+00:00\",\"description\":\"Bolsa organizadora para cochecito Gloop! de algod\u00f3n org\u00e1nico con forro impermeable. Pr\u00e1ctico e ideal para llevar los esenciales de tu beb\u00e9 y los tuyos.\",\"breadcrumb\":{\"@id\":\"https:\\\/\\\/gloopbaby.com\\\/es\\\/producto\\\/collections-es\\\/soft-sky-es\\\/bolsa-organizadora-cochecito-soft-sky\\\/#breadcrumb\"},\"inLanguage\":\"es\",\"potentialAction\":[{\"@type\":\"ReadAction\",\"target\":[\"https:\\\/\\\/gloopbaby.com\\\/es\\\/producto\\\/collections-es\\\/soft-sky-es\\\/bolsa-organizadora-cochecito-soft-sky\\\/\"]}]},{\"@type\":\"ImageObject\",\"inLanguage\":\"es\",\"@id\":\"https:\\\/\\\/gloopbaby.com\\\/es\\\/producto\\\/collections-es\\\/soft-sky-es\\\/bolsa-organizadora-cochecito-soft-sky\\\/#primaryimage\",\"url\":\"https:\\\/\\\/gloopbaby.com\\\/wp-content\\\/uploads\\\/2026\\\/03\\\/soft-sky-4.jpg\",\"contentUrl\":\"https:\\\/\\\/gloopbaby.com\\\/wp-content\\\/uploads\\\/2026\\\/03\\\/soft-sky-4.jpg\",\"width\":600,\"height\":900},{\"@type\":\"BreadcrumbList\",\"@id\":\"https:\\\/\\\/gloopbaby.com\\\/es\\\/producto\\\/collections-es\\\/soft-sky-es\\\/bolsa-organizadora-cochecito-soft-sky\\\/#breadcrumb\",\"itemListElement\":[{\"@type\":\"ListItem\",\"position\":1,\"name\":\"In\u00edcio\",\"item\":\"https:\\\/\\\/gloopbaby.com\\\/es\\\/\"},{\"@type\":\"ListItem\",\"position\":2,\"name\":\"Shop\",\"item\":\"https:\\\/\\\/gloopbaby.com\\\/loja\\\/\"},{\"@type\":\"ListItem\",\"position\":3,\"name\":\"Bolsa Organizadora Cochecito Soft Sky\"}]},{\"@type\":\"WebSite\",\"@id\":\"https:\\\/\\\/gloopbaby.com\\\/es\\\/#website\",\"url\":\"https:\\\/\\\/gloopbaby.com\\\/es\\\/\",\"name\":\"Gloop Baby\",\"description\":\"\",\"publisher\":{\"@id\":\"https:\\\/\\\/gloopbaby.com\\\/es\\\/#organization\"},\"potentialAction\":[{\"@type\":\"SearchAction\",\"target\":{\"@type\":\"EntryPoint\",\"urlTemplate\":\"https:\\\/\\\/gloopbaby.com\\\/es\\\/?s={search_term_string}\"},\"query-input\":{\"@type\":\"PropertyValueSpecification\",\"valueRequired\":true,\"valueName\":\"search_term_string\"}}],\"inLanguage\":\"es\"},{\"@type\":\"Organization\",\"@id\":\"https:\\\/\\\/gloopbaby.com\\\/es\\\/#organization\",\"name\":\"Gloop Baby\",\"url\":\"https:\\\/\\\/gloopbaby.com\\\/es\\\/\",\"logo\":{\"@type\":\"ImageObject\",\"inLanguage\":\"es\",\"@id\":\"https:\\\/\\\/gloopbaby.com\\\/es\\\/#\\\/schema\\\/logo\\\/image\\\/\",\"url\":\"https:\\\/\\\/gloopbaby.com\\\/wp-content\\\/uploads\\\/2023\\\/06\\\/gloop-logo.svg\",\"contentUrl\":\"https:\\\/\\\/gloopbaby.com\\\/wp-content\\\/uploads\\\/2023\\\/06\\\/gloop-logo.svg\",\"width\":100,\"height\":100,\"caption\":\"Gloop Baby\"},\"image\":{\"@id\":\"https:\\\/\\\/gloopbaby.com\\\/es\\\/#\\\/schema\\\/logo\\\/image\\\/\"}}]}<\/script>\n<!-- \/ Yoast SEO plugin. -->","yoast_head_json":{"title":"Bolsa Organizadora Cochecito Soft Sky - Gloop Baby","description":"Bolsa organizadora para cochecito Gloop! de algod\u00f3n org\u00e1nico con forro impermeable. Pr\u00e1ctico e ideal para llevar los esenciales de tu beb\u00e9 y los tuyos.","robots":{"index":"index","follow":"follow","max-snippet":"max-snippet:-1","max-image-preview":"max-image-preview:large","max-video-preview":"max-video-preview:-1"},"canonical":"https:\/\/gloopbaby.com\/es\/producto\/collections-es\/soft-sky-es\/bolsa-organizadora-cochecito-soft-sky\/","og_locale":"es_ES","og_type":"article","og_title":"Bolsa Organizadora Cochecito Soft Sky - Gloop Baby","og_description":"Bolsa organizadora para cochecito Gloop! de algod\u00f3n org\u00e1nico con forro impermeable. Pr\u00e1ctico e ideal para llevar los esenciales de tu beb\u00e9 y los tuyos.","og_url":"https:\/\/gloopbaby.com\/es\/producto\/collections-es\/soft-sky-es\/bolsa-organizadora-cochecito-soft-sky\/","og_site_name":"Gloop Baby","article_modified_time":"2026-03-11T14:38:39+00:00","og_image":[{"width":600,"height":900,"url":"https:\/\/gloopbaby.com\/wp-content\/uploads\/2026\/03\/soft-sky-4.jpg","type":"image\/jpeg"}],"twitter_card":"summary_large_image","schema":{"@context":"https:\/\/schema.org","@graph":[{"@type":"WebPage","@id":"https:\/\/gloopbaby.com\/es\/producto\/collections-es\/soft-sky-es\/bolsa-organizadora-cochecito-soft-sky\/","url":"https:\/\/gloopbaby.com\/es\/producto\/collections-es\/soft-sky-es\/bolsa-organizadora-cochecito-soft-sky\/","name":"Bolsa Organizadora Cochecito Soft Sky - Gloop Baby","isPartOf":{"@id":"https:\/\/gloopbaby.com\/es\/#website"},"primaryImageOfPage":{"@id":"https:\/\/gloopbaby.com\/es\/producto\/collections-es\/soft-sky-es\/bolsa-organizadora-cochecito-soft-sky\/#primaryimage"},"image":{"@id":"https:\/\/gloopbaby.com\/es\/producto\/collections-es\/soft-sky-es\/bolsa-organizadora-cochecito-soft-sky\/#primaryimage"},"thumbnailUrl":"https:\/\/gloopbaby.com\/wp-content\/uploads\/2026\/03\/soft-sky-4.jpg","datePublished":"2026-03-10T15:50:36+00:00","dateModified":"2026-03-11T14:38:39+00:00","description":"Bolsa organizadora para cochecito Gloop! de algod\u00f3n org\u00e1nico con forro impermeable. Pr\u00e1ctico e ideal para llevar los esenciales de tu beb\u00e9 y los tuyos.","breadcrumb":{"@id":"https:\/\/gloopbaby.com\/es\/producto\/collections-es\/soft-sky-es\/bolsa-organizadora-cochecito-soft-sky\/#breadcrumb"},"inLanguage":"es","potentialAction":[{"@type":"ReadAction","target":["https:\/\/gloopbaby.com\/es\/producto\/collections-es\/soft-sky-es\/bolsa-organizadora-cochecito-soft-sky\/"]}]},{"@type":"ImageObject","inLanguage":"es","@id":"https:\/\/gloopbaby.com\/es\/producto\/collections-es\/soft-sky-es\/bolsa-organizadora-cochecito-soft-sky\/#primaryimage","url":"https:\/\/gloopbaby.com\/wp-content\/uploads\/2026\/03\/soft-sky-4.jpg","contentUrl":"https:\/\/gloopbaby.com\/wp-content\/uploads\/2026\/03\/soft-sky-4.jpg","width":600,"height":900},{"@type":"BreadcrumbList","@id":"https:\/\/gloopbaby.com\/es\/producto\/collections-es\/soft-sky-es\/bolsa-organizadora-cochecito-soft-sky\/#breadcrumb","itemListElement":[{"@type":"ListItem","position":1,"name":"In\u00edcio","item":"https:\/\/gloopbaby.com\/es\/"},{"@type":"ListItem","position":2,"name":"Shop","item":"https:\/\/gloopbaby.com\/loja\/"},{"@type":"ListItem","position":3,"name":"Bolsa Organizadora Cochecito Soft Sky"}]},{"@type":"WebSite","@id":"https:\/\/gloopbaby.com\/es\/#website","url":"https:\/\/gloopbaby.com\/es\/","name":"Gloop Baby","description":"","publisher":{"@id":"https:\/\/gloopbaby.com\/es\/#organization"},"potentialAction":[{"@type":"SearchAction","target":{"@type":"EntryPoint","urlTemplate":"https:\/\/gloopbaby.com\/es\/?s={search_term_string}"},"query-input":{"@type":"PropertyValueSpecification","valueRequired":true,"valueName":"search_term_string"}}],"inLanguage":"es"},{"@type":"Organization","@id":"https:\/\/gloopbaby.com\/es\/#organization","name":"Gloop Baby","url":"https:\/\/gloopbaby.com\/es\/","logo":{"@type":"ImageObject","inLanguage":"es","@id":"https:\/\/gloopbaby.com\/es\/#\/schema\/logo\/image\/","url":"https:\/\/gloopbaby.com\/wp-content\/uploads\/2023\/06\/gloop-logo.svg","contentUrl":"https:\/\/gloopbaby.com\/wp-content\/uploads\/2023\/06\/gloop-logo.svg","width":100,"height":100,"caption":"Gloop Baby"},"image":{"@id":"https:\/\/gloopbaby.com\/es\/#\/schema\/logo\/image\/"}}]}},"_links":{"self":[{"href":"https:\/\/gloopbaby.com\/es\/wp-json\/wp\/v2\/product\/144063","targetHints":{"allow":["GET"]}}],"collection":[{"href":"https:\/\/gloopbaby.com\/es\/wp-json\/wp\/v2\/product"}],"about":[{"href":"https:\/\/gloopbaby.com\/es\/wp-json\/wp\/v2\/types\/product"}],"replies":[{"embeddable":true,"href":"https:\/\/gloopbaby.com\/es\/wp-json\/wp\/v2\/comments?post=144063"}],"wp:featuredmedia":[{"embeddable":true,"href":"https:\/\/gloopbaby.com\/es\/wp-json\/wp\/v2\/media\/144231"}],"wp:attachment":[{"href":"https:\/\/gloopbaby.com\/es\/wp-json\/wp\/v2\/media?parent=144063"}],"wp:term":[{"taxonomy":"product_brand","embeddable":true,"href":"https:\/\/gloopbaby.com\/es\/wp-json\/wp\/v2\/product_brand?post=144063"},{"taxonomy":"product_cat","embeddable":true,"href":"https:\/\/gloopbaby.com\/es\/wp-json\/wp\/v2\/product_cat?post=144063"},{"taxonomy":"product_tag","embeddable":true,"href":"https:\/\/gloopbaby.com\/es\/wp-json\/wp\/v2\/product_tag?post=144063"}],"curies":[{"name":"wp","href":"https:\/\/api.w.org\/{rel}","templated":true}]}}