{"id":143682,"date":"2026-03-03T08:55:10","date_gmt":"2026-03-03T08:55:10","guid":{"rendered":"https:\/\/gloopbaby.com\/?post_type=product&#038;p=143682"},"modified":"2026-03-04T08:43:14","modified_gmt":"2026-03-04T08:43:14","slug":"almohada-de-embarazo-colorful-stars-copia","status":"publish","type":"product","link":"https:\/\/gloopbaby.com\/es\/producto\/collections-es\/sleepy-es\/almohada-de-embarazo-colorful-stars-copia\/","title":{"rendered":"Almohada de Embarazo Sleepy"},"content":{"rendered":"<pre id=\"tw-target-text\" class=\"tw-data-text tw-text-large tw-ta\" dir=\"ltr\" tabindex=\"-1\" role=\"text\" data-placeholder=\"Tradu\u00e7\u00e3o\" data-ved=\"2ahUKEwj71Oua5YCTAxWMhv0HHT56MK0Q3ewLegQIDBAW\" aria-label=\"Texto traduzido: Almohada de Embarazo La almohada de embarazo envuelve el cuerpo, ofreciendo estabilidad y bienestar: para dormir, relajarse en el sof\u00e1 o simplemente disfrutar de un momento de tranquilidad. Productos para beb\u00e9s de algod\u00f3n org\u00e1nico La almohada de embarazo gloop! ofrece el equilibrio perfecto entre comodidad, soporte y funcionalidad. Dise\u00f1ada teniendo en cuenta las curvas \u00fanicas de la embarazada, se adapta a cualquier cuerpo sin dejar huecos. Ajustable con velcro para proporcionar un soporte ergon\u00f3mico y envolvente desde los primeros meses hasta el final del embarazo. Sus amplias dimensiones y su mayor comodidad ofrecen estabilidad y bienestar en cada momento de descanso, ya sea durmiendo o relaj\u00e1ndose en el sof\u00e1. Tama\u00f1o: 75 cm (largo m\u00e1ximo) x 40 cm Con un ingenioso dise\u00f1o en forma de W, esta almohada ofrece soporte simult\u00e1neo para el abdomen, la espalda y las caderas, ayudando a mantener la posici\u00f3n lateral recomendada por los profesionales de la salud. Ideal para aliviar la presi\u00f3n, reducir el dolor lumbar y p\u00e9lvico y promover un descanso m\u00e1s profundo y reparador. Fabricada en algod\u00f3n 100 % org\u00e1nico, suave al tacto y transpirable, respeta la piel sensible de la futura mam\u00e1 y garantiza frescura durante toda la noche. El interior de fibra de poli\u00e9ster de alta calidad garantiza una firmeza y durabilidad equilibradas, adapt\u00e1ndose suavemente a los contornos del cuerpo. Beneficios clave: Ajustable con velcro Soporte ergon\u00f3mico para abdomen, espalda y caderas Ayuda a aliviar el dolor y la tensi\u00f3n muscular Promueve la posici\u00f3n lateral recomendada Funda de algod\u00f3n 100 % org\u00e1nico, transpirable y suave Interior de poli\u00e9ster c\u00f3modo y estructurado Ideal para el descanso diario durante el embarazo Si\u00e9ntete apoyada. Si\u00e9ntete c\u00f3moda. Si\u00e9ntete preparada. Con gloop!, cada detalle est\u00e1 dise\u00f1ado para cuidarte mientras esperas a tu beb\u00e9.\"><span class=\"Y2IQFc\" lang=\"es\">La almohada de embarazo gloop! ofrece el equilibrio perfecto entre comodidad, soporte y funcionalidad. Dise\u00f1ada teniendo en cuenta las curvas \u00fanicas de la embarazada, se adapta a cualquier cuerpo sin dejar huecos. Ajustable con velcro para proporcionar un soporte ergon\u00f3mico y envolvente desde los primeros meses hasta el final del embarazo. Sus amplias dimensiones y su mayor comodidad ofrecen estabilidad y bienestar en cada momento de descanso, ya sea durmiendo o relaj\u00e1ndose en el sof\u00e1.\r\n\r\nTama\u00f1o: 75 cm (largo m\u00e1ximo) x 40 cm\r\n\r\nCon un ingenioso dise\u00f1o en forma de W, esta almohada ofrece soporte simult\u00e1neo para el abdomen, la espalda y las caderas, ayudando a mantener la posici\u00f3n lateral recomendada por los profesionales de la salud. Ideal para aliviar la presi\u00f3n, reducir el dolor lumbar y p\u00e9lvico y promover un descanso m\u00e1s profundo y reparador.\r\n\r\nFabricada en algod\u00f3n 100 % org\u00e1nico, suave al tacto y transpirable, respeta la piel sensible de la futura mam\u00e1 y garantiza frescura durante toda la noche. El interior de fibra de poli\u00e9ster de alta calidad garantiza una firmeza y durabilidad equilibradas, adapt\u00e1ndose suavemente a los contornos del cuerpo.\r\n\r\n<strong>Beneficios clave:<\/strong>\r\nAjustable con velcro\r\nSoporte ergon\u00f3mico para abdomen, espalda y caderas\r\nAyuda a aliviar el dolor y la tensi\u00f3n muscular\r\nPromueve la posici\u00f3n lateral recomendada\r\nFunda de algod\u00f3n 100 % org\u00e1nico, transpirable y suave\r\nInterior de poli\u00e9ster c\u00f3modo y estructurado\r\nIdeal para el descanso diario durante el embarazo\r\nSi\u00e9ntete apoyada. Si\u00e9ntete c\u00f3moda. Si\u00e9ntete preparada.\r\n\r\nCon gloop!, cada detalle est\u00e1 dise\u00f1ado para cuidarte mientras esperas a tu beb\u00e9.<\/span><\/pre>\n","protected":false},"excerpt":{"rendered":"<p>La almohada de embarazo gloop! ofrece el equilibrio perfecto entre comodidad, soporte y funcionalidad. Dise\u00f1ada teniendo en cuenta las curvas \u00fanicas de la embarazada, se adapta a cualquier cuerpo sin dejar huecos. Ajustable con velcro para proporcionar un soporte ergon\u00f3mico y envolvente desde los primeros meses hasta el final del embarazo. Sus amplias dimensiones y [&hellip;]<\/p>\n","protected":false},"featured_media":143738,"comment_status":"closed","ping_status":"closed","template":"","meta":{"_acf_changed":false},"product_brand":[],"product_cat":[1990,1270,1339,1785],"product_tag":[],"class_list":{"0":"post-143682","1":"product","2":"type-product","3":"status-publish","4":"has-post-thumbnail","6":"product_cat-almohada-de-embarazo","7":"product_cat-home-and-sleep-es","8":"product_cat-collections-es","9":"product_cat-sleepy-es","11":"first","12":"instock","13":"taxable","14":"shipping-taxable","15":"purchasable","16":"product-type-simple"},"acf":[],"yoast_head":"<!-- This site is optimized with the Yoast SEO plugin v27.3 - https:\/\/yoast.com\/product\/yoast-seo-wordpress\/ -->\n<title>Almohada de Embarazo Sleepy algod\u00f3n org\u00e1nico - Gloop Baby<\/title>\n<meta name=\"description\" content=\"La almohada de embarazo en algod\u00f3n org\u00e1nico envuelve el cuerpo, ofreciendo estabilidad y bienestar: para dormir o relajarse en el sof\u00e1.\" \/>\n<meta name=\"robots\" content=\"index, follow, max-snippet:-1, max-image-preview:large, max-video-preview:-1\" \/>\n<link rel=\"canonical\" href=\"https:\/\/gloopbaby.com\/es\/producto\/collections-es\/sleepy-es\/almohada-de-embarazo-colorful-stars-copia\/\" \/>\n<meta property=\"og:locale\" content=\"es_ES\" \/>\n<meta property=\"og:type\" content=\"article\" \/>\n<meta property=\"og:title\" content=\"Almohada de Embarazo Sleepy algod\u00f3n org\u00e1nico - Gloop Baby\" \/>\n<meta property=\"og:description\" content=\"La almohada de embarazo en algod\u00f3n org\u00e1nico envuelve el cuerpo, ofreciendo estabilidad y bienestar: para dormir o relajarse en el sof\u00e1.\" \/>\n<meta property=\"og:url\" content=\"https:\/\/gloopbaby.com\/es\/producto\/collections-es\/sleepy-es\/almohada-de-embarazo-colorful-stars-copia\/\" \/>\n<meta property=\"og:site_name\" content=\"Gloop Baby\" \/>\n<meta property=\"article:modified_time\" content=\"2026-03-04T08:43:14+00:00\" \/>\n<meta property=\"og:image\" content=\"https:\/\/gloopbaby.com\/wp-content\/uploads\/2026\/03\/IMG_5053-scaled.jpg\" \/>\n\t<meta property=\"og:image:width\" content=\"1707\" \/>\n\t<meta property=\"og:image:height\" content=\"2560\" \/>\n\t<meta property=\"og:image:type\" content=\"image\/jpeg\" \/>\n<meta name=\"twitter:card\" content=\"summary_large_image\" \/>\n<script type=\"application\/ld+json\" class=\"yoast-schema-graph\">{\"@context\":\"https:\\\/\\\/schema.org\",\"@graph\":[{\"@type\":\"WebPage\",\"@id\":\"https:\\\/\\\/gloopbaby.com\\\/es\\\/producto\\\/collections-es\\\/sleepy-es\\\/almohada-de-embarazo-colorful-stars-copia\\\/\",\"url\":\"https:\\\/\\\/gloopbaby.com\\\/es\\\/producto\\\/collections-es\\\/sleepy-es\\\/almohada-de-embarazo-colorful-stars-copia\\\/\",\"name\":\"Almohada de Embarazo Sleepy algod\u00f3n org\u00e1nico - Gloop Baby\",\"isPartOf\":{\"@id\":\"https:\\\/\\\/gloopbaby.com\\\/es\\\/#website\"},\"primaryImageOfPage\":{\"@id\":\"https:\\\/\\\/gloopbaby.com\\\/es\\\/producto\\\/collections-es\\\/sleepy-es\\\/almohada-de-embarazo-colorful-stars-copia\\\/#primaryimage\"},\"image\":{\"@id\":\"https:\\\/\\\/gloopbaby.com\\\/es\\\/producto\\\/collections-es\\\/sleepy-es\\\/almohada-de-embarazo-colorful-stars-copia\\\/#primaryimage\"},\"thumbnailUrl\":\"https:\\\/\\\/gloopbaby.com\\\/wp-content\\\/uploads\\\/2026\\\/03\\\/IMG_5053-scaled.jpg\",\"datePublished\":\"2026-03-03T08:55:10+00:00\",\"dateModified\":\"2026-03-04T08:43:14+00:00\",\"description\":\"La almohada de embarazo en algod\u00f3n org\u00e1nico envuelve el cuerpo, ofreciendo estabilidad y bienestar: para dormir o relajarse en el sof\u00e1.\",\"breadcrumb\":{\"@id\":\"https:\\\/\\\/gloopbaby.com\\\/es\\\/producto\\\/collections-es\\\/sleepy-es\\\/almohada-de-embarazo-colorful-stars-copia\\\/#breadcrumb\"},\"inLanguage\":\"es\",\"potentialAction\":[{\"@type\":\"ReadAction\",\"target\":[\"https:\\\/\\\/gloopbaby.com\\\/es\\\/producto\\\/collections-es\\\/sleepy-es\\\/almohada-de-embarazo-colorful-stars-copia\\\/\"]}]},{\"@type\":\"ImageObject\",\"inLanguage\":\"es\",\"@id\":\"https:\\\/\\\/gloopbaby.com\\\/es\\\/producto\\\/collections-es\\\/sleepy-es\\\/almohada-de-embarazo-colorful-stars-copia\\\/#primaryimage\",\"url\":\"https:\\\/\\\/gloopbaby.com\\\/wp-content\\\/uploads\\\/2026\\\/03\\\/IMG_5053-scaled.jpg\",\"contentUrl\":\"https:\\\/\\\/gloopbaby.com\\\/wp-content\\\/uploads\\\/2026\\\/03\\\/IMG_5053-scaled.jpg\",\"width\":1707,\"height\":2560},{\"@type\":\"BreadcrumbList\",\"@id\":\"https:\\\/\\\/gloopbaby.com\\\/es\\\/producto\\\/collections-es\\\/sleepy-es\\\/almohada-de-embarazo-colorful-stars-copia\\\/#breadcrumb\",\"itemListElement\":[{\"@type\":\"ListItem\",\"position\":1,\"name\":\"In\u00edcio\",\"item\":\"https:\\\/\\\/gloopbaby.com\\\/es\\\/\"},{\"@type\":\"ListItem\",\"position\":2,\"name\":\"Shop\",\"item\":\"https:\\\/\\\/gloopbaby.com\\\/loja\\\/\"},{\"@type\":\"ListItem\",\"position\":3,\"name\":\"Almohada de Embarazo Sleepy\"}]},{\"@type\":\"WebSite\",\"@id\":\"https:\\\/\\\/gloopbaby.com\\\/es\\\/#website\",\"url\":\"https:\\\/\\\/gloopbaby.com\\\/es\\\/\",\"name\":\"Gloop Baby\",\"description\":\"\",\"publisher\":{\"@id\":\"https:\\\/\\\/gloopbaby.com\\\/es\\\/#organization\"},\"potentialAction\":[{\"@type\":\"SearchAction\",\"target\":{\"@type\":\"EntryPoint\",\"urlTemplate\":\"https:\\\/\\\/gloopbaby.com\\\/es\\\/?s={search_term_string}\"},\"query-input\":{\"@type\":\"PropertyValueSpecification\",\"valueRequired\":true,\"valueName\":\"search_term_string\"}}],\"inLanguage\":\"es\"},{\"@type\":\"Organization\",\"@id\":\"https:\\\/\\\/gloopbaby.com\\\/es\\\/#organization\",\"name\":\"Gloop Baby\",\"url\":\"https:\\\/\\\/gloopbaby.com\\\/es\\\/\",\"logo\":{\"@type\":\"ImageObject\",\"inLanguage\":\"es\",\"@id\":\"https:\\\/\\\/gloopbaby.com\\\/es\\\/#\\\/schema\\\/logo\\\/image\\\/\",\"url\":\"https:\\\/\\\/gloopbaby.com\\\/wp-content\\\/uploads\\\/2023\\\/06\\\/gloop-logo.svg\",\"contentUrl\":\"https:\\\/\\\/gloopbaby.com\\\/wp-content\\\/uploads\\\/2023\\\/06\\\/gloop-logo.svg\",\"width\":100,\"height\":100,\"caption\":\"Gloop Baby\"},\"image\":{\"@id\":\"https:\\\/\\\/gloopbaby.com\\\/es\\\/#\\\/schema\\\/logo\\\/image\\\/\"}}]}<\/script>\n<!-- \/ Yoast SEO plugin. -->","yoast_head_json":{"title":"Almohada de Embarazo Sleepy algod\u00f3n org\u00e1nico - Gloop Baby","description":"La almohada de embarazo en algod\u00f3n org\u00e1nico envuelve el cuerpo, ofreciendo estabilidad y bienestar: para dormir o relajarse en el sof\u00e1.","robots":{"index":"index","follow":"follow","max-snippet":"max-snippet:-1","max-image-preview":"max-image-preview:large","max-video-preview":"max-video-preview:-1"},"canonical":"https:\/\/gloopbaby.com\/es\/producto\/collections-es\/sleepy-es\/almohada-de-embarazo-colorful-stars-copia\/","og_locale":"es_ES","og_type":"article","og_title":"Almohada de Embarazo Sleepy algod\u00f3n org\u00e1nico - Gloop Baby","og_description":"La almohada de embarazo en algod\u00f3n org\u00e1nico envuelve el cuerpo, ofreciendo estabilidad y bienestar: para dormir o relajarse en el sof\u00e1.","og_url":"https:\/\/gloopbaby.com\/es\/producto\/collections-es\/sleepy-es\/almohada-de-embarazo-colorful-stars-copia\/","og_site_name":"Gloop Baby","article_modified_time":"2026-03-04T08:43:14+00:00","og_image":[{"width":1707,"height":2560,"url":"https:\/\/gloopbaby.com\/wp-content\/uploads\/2026\/03\/IMG_5053-scaled.jpg","type":"image\/jpeg"}],"twitter_card":"summary_large_image","schema":{"@context":"https:\/\/schema.org","@graph":[{"@type":"WebPage","@id":"https:\/\/gloopbaby.com\/es\/producto\/collections-es\/sleepy-es\/almohada-de-embarazo-colorful-stars-copia\/","url":"https:\/\/gloopbaby.com\/es\/producto\/collections-es\/sleepy-es\/almohada-de-embarazo-colorful-stars-copia\/","name":"Almohada de Embarazo Sleepy algod\u00f3n org\u00e1nico - Gloop Baby","isPartOf":{"@id":"https:\/\/gloopbaby.com\/es\/#website"},"primaryImageOfPage":{"@id":"https:\/\/gloopbaby.com\/es\/producto\/collections-es\/sleepy-es\/almohada-de-embarazo-colorful-stars-copia\/#primaryimage"},"image":{"@id":"https:\/\/gloopbaby.com\/es\/producto\/collections-es\/sleepy-es\/almohada-de-embarazo-colorful-stars-copia\/#primaryimage"},"thumbnailUrl":"https:\/\/gloopbaby.com\/wp-content\/uploads\/2026\/03\/IMG_5053-scaled.jpg","datePublished":"2026-03-03T08:55:10+00:00","dateModified":"2026-03-04T08:43:14+00:00","description":"La almohada de embarazo en algod\u00f3n org\u00e1nico envuelve el cuerpo, ofreciendo estabilidad y bienestar: para dormir o relajarse en el sof\u00e1.","breadcrumb":{"@id":"https:\/\/gloopbaby.com\/es\/producto\/collections-es\/sleepy-es\/almohada-de-embarazo-colorful-stars-copia\/#breadcrumb"},"inLanguage":"es","potentialAction":[{"@type":"ReadAction","target":["https:\/\/gloopbaby.com\/es\/producto\/collections-es\/sleepy-es\/almohada-de-embarazo-colorful-stars-copia\/"]}]},{"@type":"ImageObject","inLanguage":"es","@id":"https:\/\/gloopbaby.com\/es\/producto\/collections-es\/sleepy-es\/almohada-de-embarazo-colorful-stars-copia\/#primaryimage","url":"https:\/\/gloopbaby.com\/wp-content\/uploads\/2026\/03\/IMG_5053-scaled.jpg","contentUrl":"https:\/\/gloopbaby.com\/wp-content\/uploads\/2026\/03\/IMG_5053-scaled.jpg","width":1707,"height":2560},{"@type":"BreadcrumbList","@id":"https:\/\/gloopbaby.com\/es\/producto\/collections-es\/sleepy-es\/almohada-de-embarazo-colorful-stars-copia\/#breadcrumb","itemListElement":[{"@type":"ListItem","position":1,"name":"In\u00edcio","item":"https:\/\/gloopbaby.com\/es\/"},{"@type":"ListItem","position":2,"name":"Shop","item":"https:\/\/gloopbaby.com\/loja\/"},{"@type":"ListItem","position":3,"name":"Almohada de Embarazo Sleepy"}]},{"@type":"WebSite","@id":"https:\/\/gloopbaby.com\/es\/#website","url":"https:\/\/gloopbaby.com\/es\/","name":"Gloop Baby","description":"","publisher":{"@id":"https:\/\/gloopbaby.com\/es\/#organization"},"potentialAction":[{"@type":"SearchAction","target":{"@type":"EntryPoint","urlTemplate":"https:\/\/gloopbaby.com\/es\/?s={search_term_string}"},"query-input":{"@type":"PropertyValueSpecification","valueRequired":true,"valueName":"search_term_string"}}],"inLanguage":"es"},{"@type":"Organization","@id":"https:\/\/gloopbaby.com\/es\/#organization","name":"Gloop Baby","url":"https:\/\/gloopbaby.com\/es\/","logo":{"@type":"ImageObject","inLanguage":"es","@id":"https:\/\/gloopbaby.com\/es\/#\/schema\/logo\/image\/","url":"https:\/\/gloopbaby.com\/wp-content\/uploads\/2023\/06\/gloop-logo.svg","contentUrl":"https:\/\/gloopbaby.com\/wp-content\/uploads\/2023\/06\/gloop-logo.svg","width":100,"height":100,"caption":"Gloop Baby"},"image":{"@id":"https:\/\/gloopbaby.com\/es\/#\/schema\/logo\/image\/"}}]}},"_links":{"self":[{"href":"https:\/\/gloopbaby.com\/es\/wp-json\/wp\/v2\/product\/143682","targetHints":{"allow":["GET"]}}],"collection":[{"href":"https:\/\/gloopbaby.com\/es\/wp-json\/wp\/v2\/product"}],"about":[{"href":"https:\/\/gloopbaby.com\/es\/wp-json\/wp\/v2\/types\/product"}],"replies":[{"embeddable":true,"href":"https:\/\/gloopbaby.com\/es\/wp-json\/wp\/v2\/comments?post=143682"}],"wp:featuredmedia":[{"embeddable":true,"href":"https:\/\/gloopbaby.com\/es\/wp-json\/wp\/v2\/media\/143738"}],"wp:attachment":[{"href":"https:\/\/gloopbaby.com\/es\/wp-json\/wp\/v2\/media?parent=143682"}],"wp:term":[{"taxonomy":"product_brand","embeddable":true,"href":"https:\/\/gloopbaby.com\/es\/wp-json\/wp\/v2\/product_brand?post=143682"},{"taxonomy":"product_cat","embeddable":true,"href":"https:\/\/gloopbaby.com\/es\/wp-json\/wp\/v2\/product_cat?post=143682"},{"taxonomy":"product_tag","embeddable":true,"href":"https:\/\/gloopbaby.com\/es\/wp-json\/wp\/v2\/product_tag?post=143682"}],"curies":[{"name":"wp","href":"https:\/\/api.w.org\/{rel}","templated":true}]}}