{"id":143277,"date":"2026-02-11T16:07:23","date_gmt":"2026-02-11T16:07:23","guid":{"rendered":"https:\/\/gloopbaby.com\/?post_type=product&#038;p=143277"},"modified":"2026-02-12T09:35:57","modified_gmt":"2026-02-12T09:35:57","slug":"manta-gloop-2-en-1-soft-sky","status":"publish","type":"product","link":"https:\/\/gloopbaby.com\/es\/producto\/collections-es\/soft-sky-es\/manta-gloop-2-en-1-soft-sky\/","title":{"rendered":"Manta gloop! 2 en 1 Soft Sky"},"content":{"rendered":"<pre id=\"tw-target-text\" class=\"tw-data-text tw-text-large tw-ta\" dir=\"ltr\" tabindex=\"-1\" role=\"text\" data-placeholder=\"Tradu\u00e7\u00e3o\" data-ved=\"2ahUKEwi6nJ3q29GSAxW5NfsDHc_pC74Q3ewLegQIDBAW\" aria-label=\"Texto traduzido: La manta gloop! 2 en 1 es ideal para acompa\u00f1ar a tu beb\u00e9. Vers\u00e1til y c\u00f3moda, se puede usar en la cuna o como soporte adicional durante el d\u00eda. Art\u00edculos para beb\u00e9 en algod\u00f3n org\u00e1nico La manta gloop! 2 en 1 fue dise\u00f1ada para ofrecer comodidad, practicidad y versatilidad en el d\u00eda a d\u00eda de las familias. Gracias a su dise\u00f1o funcional, puede usarse como una manta tradicional o como soporte acolchado, adapt\u00e1ndose f\u00e1cilmente a las diferentes necesidades del beb\u00e9. Ideal para usar en la cuna, el cochecito o el parque, la manta gloop! proporciona un tacto suave y acogedor, ayudando a mantener al beb\u00e9 c\u00f3modo en cualquier entorno. Fabricada en Portugal con 100% algod\u00f3n org\u00e1nico certificado, la manta gloop! es suave, transpirable e ideal para la delicada piel del beb\u00e9. Caracter\u00edsticas: Tejido: 100% algod\u00f3n org\u00e1nico certificado Tama\u00f1o: Manta: 100x74cm | Coj\u00edn: 37x25cm Hecho en Portugal C\u00f3moda, ligera y transpirable\"><span class=\"Y2IQFc\" lang=\"es\">La <strong>manta gloop! 2 en 1<\/strong> fue dise\u00f1ada para ofrecer comodidad, practicidad y versatilidad en el d\u00eda a d\u00eda de las familias. Gracias a su dise\u00f1o funcional, puede usarse como una manta tradicional o como soporte acolchado, adapt\u00e1ndose f\u00e1cilmente a las diferentes necesidades del beb\u00e9.\r\n\r\nIdeal para usar en la <strong>cuna, el cochecito o el parque<\/strong>, la manta gloop! proporciona un tacto suave y acogedor, ayudando a mantener al beb\u00e9 c\u00f3modo en cualquier entorno. Fabricada en Portugal con <strong>100% algod\u00f3n org\u00e1nico certificado<\/strong>, la manta gloop! es suave, transpirable e ideal para la delicada piel del beb\u00e9.\r\n\r\n<\/span><\/pre>\n<p data-start=\"922\" data-end=\"942\"><strong data-start=\"922\" data-end=\"942\">Caracter\u00edsticas:<\/strong><\/p>\n<ul data-start=\"943\" data-end=\"1100\">\n<li data-start=\"943\" data-end=\"989\">\n<p data-start=\"945\" data-end=\"989\"><span class=\"Y2IQFc\" lang=\"es\">Tejido: 100% algod\u00f3n org\u00e1nico certificado<\/span><\/p>\n<\/li>\n<li data-start=\"990\" data-end=\"1011\">\n<p data-start=\"992\" data-end=\"1011\"><span class=\"Y2IQFc\" lang=\"es\">Tama\u00f1o: Manta: 100x74cm | Coj\u00edn: 37x25cm<\/span><\/p>\n<\/li>\n<li data-start=\"1012\" data-end=\"1037\">\n<p data-start=\"1014\" data-end=\"1037\"><span class=\"Y2IQFc\" lang=\"es\">Hecho en Portugal<\/span><\/p>\n<\/li>\n<li data-start=\"1066\" data-end=\"1100\">\n<p data-start=\"1068\" data-end=\"1100\"><span class=\"Y2IQFc\" lang=\"es\">C\u00f3moda, ligera y transpirable<\/span><\/p>\n<\/li>\n<\/ul>\n","protected":false},"excerpt":{"rendered":"<p>La manta gloop! 2 en 1 fue dise\u00f1ada para ofrecer comodidad, practicidad y versatilidad en el d\u00eda a d\u00eda de las familias. Gracias a su dise\u00f1o funcional, puede usarse como una manta tradicional o como soporte acolchado, adapt\u00e1ndose f\u00e1cilmente a las diferentes necesidades del beb\u00e9. Ideal para usar en la cuna, el cochecito o el [&hellip;]<\/p>\n","protected":false},"featured_media":143295,"comment_status":"closed","ping_status":"closed","template":"","meta":{"_acf_changed":false},"product_brand":[],"product_cat":[1287,1270,1339,1981,1288,1308],"product_tag":[],"class_list":{"0":"post-143277","1":"product","2":"type-product","3":"status-publish","4":"has-post-thumbnail","6":"product_cat-cama-es","7":"product_cat-home-and-sleep-es","8":"product_cat-collections-es","9":"product_cat-manta-gloop-2-en-1","10":"product_cat-mantas-es","11":"product_cat-soft-sky-es","13":"first","14":"instock","15":"taxable","16":"shipping-taxable","17":"purchasable","18":"product-type-simple"},"acf":[],"yoast_head":"<!-- This site is optimized with the Yoast SEO plugin v27.4 - https:\/\/yoast.com\/product\/yoast-seo-wordpress\/ -->\n<title>Manta gloop! 2 en 1 Soft Sky - Gloop Baby<\/title>\n<meta name=\"description\" content=\"La manta gloop! 2 en 1 es ideal para acompa\u00f1ar a tu beb\u00e9. Vers\u00e1til y c\u00f3moda, se puede usar en la cuna o como soporte adicional durante el d\u00eda.\" \/>\n<meta name=\"robots\" content=\"index, follow, max-snippet:-1, max-image-preview:large, max-video-preview:-1\" \/>\n<link rel=\"canonical\" href=\"https:\/\/gloopbaby.com\/es\/producto\/collections-es\/soft-sky-es\/manta-gloop-2-en-1-soft-sky\/\" \/>\n<meta property=\"og:locale\" content=\"es_ES\" \/>\n<meta property=\"og:type\" content=\"article\" \/>\n<meta property=\"og:title\" content=\"Manta gloop! 2 en 1 Soft Sky - Gloop Baby\" \/>\n<meta property=\"og:description\" content=\"La manta gloop! 2 en 1 es ideal para acompa\u00f1ar a tu beb\u00e9. Vers\u00e1til y c\u00f3moda, se puede usar en la cuna o como soporte adicional durante el d\u00eda.\" \/>\n<meta property=\"og:url\" content=\"https:\/\/gloopbaby.com\/es\/producto\/collections-es\/soft-sky-es\/manta-gloop-2-en-1-soft-sky\/\" \/>\n<meta property=\"og:site_name\" content=\"Gloop Baby\" \/>\n<meta property=\"article:modified_time\" content=\"2026-02-12T09:35:57+00:00\" \/>\n<meta property=\"og:image\" content=\"https:\/\/gloopbaby.com\/wp-content\/uploads\/2026\/02\/Gloop-2025-293.jpg\" \/>\n\t<meta property=\"og:image:width\" content=\"1075\" \/>\n\t<meta property=\"og:image:height\" content=\"1613\" \/>\n\t<meta property=\"og:image:type\" content=\"image\/jpeg\" \/>\n<meta name=\"twitter:card\" content=\"summary_large_image\" \/>\n<meta name=\"twitter:label1\" content=\"Tiempo de lectura\" \/>\n\t<meta name=\"twitter:data1\" content=\"1 minuto\" \/>\n<script type=\"application\/ld+json\" class=\"yoast-schema-graph\">{\"@context\":\"https:\\\/\\\/schema.org\",\"@graph\":[{\"@type\":\"WebPage\",\"@id\":\"https:\\\/\\\/gloopbaby.com\\\/es\\\/producto\\\/collections-es\\\/soft-sky-es\\\/manta-gloop-2-en-1-soft-sky\\\/\",\"url\":\"https:\\\/\\\/gloopbaby.com\\\/es\\\/producto\\\/collections-es\\\/soft-sky-es\\\/manta-gloop-2-en-1-soft-sky\\\/\",\"name\":\"Manta gloop! 2 en 1 Soft Sky - Gloop Baby\",\"isPartOf\":{\"@id\":\"https:\\\/\\\/gloopbaby.com\\\/es\\\/#website\"},\"primaryImageOfPage\":{\"@id\":\"https:\\\/\\\/gloopbaby.com\\\/es\\\/producto\\\/collections-es\\\/soft-sky-es\\\/manta-gloop-2-en-1-soft-sky\\\/#primaryimage\"},\"image\":{\"@id\":\"https:\\\/\\\/gloopbaby.com\\\/es\\\/producto\\\/collections-es\\\/soft-sky-es\\\/manta-gloop-2-en-1-soft-sky\\\/#primaryimage\"},\"thumbnailUrl\":\"https:\\\/\\\/gloopbaby.com\\\/wp-content\\\/uploads\\\/2026\\\/02\\\/20251130_GLOOP_038.jpg\",\"datePublished\":\"2026-02-11T16:07:23+00:00\",\"dateModified\":\"2026-02-12T09:35:57+00:00\",\"description\":\"La manta gloop! 2 en 1 es ideal para acompa\u00f1ar a tu beb\u00e9. Vers\u00e1til y c\u00f3moda, se puede usar en la cuna o como soporte adicional durante el d\u00eda.\",\"breadcrumb\":{\"@id\":\"https:\\\/\\\/gloopbaby.com\\\/es\\\/producto\\\/collections-es\\\/soft-sky-es\\\/manta-gloop-2-en-1-soft-sky\\\/#breadcrumb\"},\"inLanguage\":\"es\",\"potentialAction\":[{\"@type\":\"ReadAction\",\"target\":[\"https:\\\/\\\/gloopbaby.com\\\/es\\\/producto\\\/collections-es\\\/soft-sky-es\\\/manta-gloop-2-en-1-soft-sky\\\/\"]}]},{\"@type\":\"ImageObject\",\"inLanguage\":\"es\",\"@id\":\"https:\\\/\\\/gloopbaby.com\\\/es\\\/producto\\\/collections-es\\\/soft-sky-es\\\/manta-gloop-2-en-1-soft-sky\\\/#primaryimage\",\"url\":\"https:\\\/\\\/gloopbaby.com\\\/wp-content\\\/uploads\\\/2026\\\/02\\\/20251130_GLOOP_038.jpg\",\"contentUrl\":\"https:\\\/\\\/gloopbaby.com\\\/wp-content\\\/uploads\\\/2026\\\/02\\\/20251130_GLOOP_038.jpg\",\"width\":1000,\"height\":1500},{\"@type\":\"BreadcrumbList\",\"@id\":\"https:\\\/\\\/gloopbaby.com\\\/es\\\/producto\\\/collections-es\\\/soft-sky-es\\\/manta-gloop-2-en-1-soft-sky\\\/#breadcrumb\",\"itemListElement\":[{\"@type\":\"ListItem\",\"position\":1,\"name\":\"In\u00edcio\",\"item\":\"https:\\\/\\\/gloopbaby.com\\\/es\\\/\"},{\"@type\":\"ListItem\",\"position\":2,\"name\":\"Shop\",\"item\":\"https:\\\/\\\/gloopbaby.com\\\/loja\\\/\"},{\"@type\":\"ListItem\",\"position\":3,\"name\":\"Manta gloop! 2 en 1 Soft Sky\"}]},{\"@type\":\"WebSite\",\"@id\":\"https:\\\/\\\/gloopbaby.com\\\/es\\\/#website\",\"url\":\"https:\\\/\\\/gloopbaby.com\\\/es\\\/\",\"name\":\"Gloop Baby\",\"description\":\"\",\"publisher\":{\"@id\":\"https:\\\/\\\/gloopbaby.com\\\/es\\\/#organization\"},\"potentialAction\":[{\"@type\":\"SearchAction\",\"target\":{\"@type\":\"EntryPoint\",\"urlTemplate\":\"https:\\\/\\\/gloopbaby.com\\\/es\\\/?s={search_term_string}\"},\"query-input\":{\"@type\":\"PropertyValueSpecification\",\"valueRequired\":true,\"valueName\":\"search_term_string\"}}],\"inLanguage\":\"es\"},{\"@type\":\"Organization\",\"@id\":\"https:\\\/\\\/gloopbaby.com\\\/es\\\/#organization\",\"name\":\"Gloop Baby\",\"url\":\"https:\\\/\\\/gloopbaby.com\\\/es\\\/\",\"logo\":{\"@type\":\"ImageObject\",\"inLanguage\":\"es\",\"@id\":\"https:\\\/\\\/gloopbaby.com\\\/es\\\/#\\\/schema\\\/logo\\\/image\\\/\",\"url\":\"https:\\\/\\\/gloopbaby.com\\\/wp-content\\\/uploads\\\/2023\\\/06\\\/gloop-logo.svg\",\"contentUrl\":\"https:\\\/\\\/gloopbaby.com\\\/wp-content\\\/uploads\\\/2023\\\/06\\\/gloop-logo.svg\",\"width\":100,\"height\":100,\"caption\":\"Gloop Baby\"},\"image\":{\"@id\":\"https:\\\/\\\/gloopbaby.com\\\/es\\\/#\\\/schema\\\/logo\\\/image\\\/\"}}]}<\/script>\n<!-- \/ Yoast SEO plugin. -->","yoast_head_json":{"title":"Manta gloop! 2 en 1 Soft Sky - Gloop Baby","description":"La manta gloop! 2 en 1 es ideal para acompa\u00f1ar a tu beb\u00e9. Vers\u00e1til y c\u00f3moda, se puede usar en la cuna o como soporte adicional durante el d\u00eda.","robots":{"index":"index","follow":"follow","max-snippet":"max-snippet:-1","max-image-preview":"max-image-preview:large","max-video-preview":"max-video-preview:-1"},"canonical":"https:\/\/gloopbaby.com\/es\/producto\/collections-es\/soft-sky-es\/manta-gloop-2-en-1-soft-sky\/","og_locale":"es_ES","og_type":"article","og_title":"Manta gloop! 2 en 1 Soft Sky - Gloop Baby","og_description":"La manta gloop! 2 en 1 es ideal para acompa\u00f1ar a tu beb\u00e9. Vers\u00e1til y c\u00f3moda, se puede usar en la cuna o como soporte adicional durante el d\u00eda.","og_url":"https:\/\/gloopbaby.com\/es\/producto\/collections-es\/soft-sky-es\/manta-gloop-2-en-1-soft-sky\/","og_site_name":"Gloop Baby","article_modified_time":"2026-02-12T09:35:57+00:00","og_image":[{"width":1075,"height":1613,"url":"https:\/\/gloopbaby.com\/wp-content\/uploads\/2026\/02\/Gloop-2025-293.jpg","type":"image\/jpeg"}],"twitter_card":"summary_large_image","twitter_misc":{"Tiempo de lectura":"1 minuto"},"schema":{"@context":"https:\/\/schema.org","@graph":[{"@type":"WebPage","@id":"https:\/\/gloopbaby.com\/es\/producto\/collections-es\/soft-sky-es\/manta-gloop-2-en-1-soft-sky\/","url":"https:\/\/gloopbaby.com\/es\/producto\/collections-es\/soft-sky-es\/manta-gloop-2-en-1-soft-sky\/","name":"Manta gloop! 2 en 1 Soft Sky - Gloop Baby","isPartOf":{"@id":"https:\/\/gloopbaby.com\/es\/#website"},"primaryImageOfPage":{"@id":"https:\/\/gloopbaby.com\/es\/producto\/collections-es\/soft-sky-es\/manta-gloop-2-en-1-soft-sky\/#primaryimage"},"image":{"@id":"https:\/\/gloopbaby.com\/es\/producto\/collections-es\/soft-sky-es\/manta-gloop-2-en-1-soft-sky\/#primaryimage"},"thumbnailUrl":"https:\/\/gloopbaby.com\/wp-content\/uploads\/2026\/02\/20251130_GLOOP_038.jpg","datePublished":"2026-02-11T16:07:23+00:00","dateModified":"2026-02-12T09:35:57+00:00","description":"La manta gloop! 2 en 1 es ideal para acompa\u00f1ar a tu beb\u00e9. Vers\u00e1til y c\u00f3moda, se puede usar en la cuna o como soporte adicional durante el d\u00eda.","breadcrumb":{"@id":"https:\/\/gloopbaby.com\/es\/producto\/collections-es\/soft-sky-es\/manta-gloop-2-en-1-soft-sky\/#breadcrumb"},"inLanguage":"es","potentialAction":[{"@type":"ReadAction","target":["https:\/\/gloopbaby.com\/es\/producto\/collections-es\/soft-sky-es\/manta-gloop-2-en-1-soft-sky\/"]}]},{"@type":"ImageObject","inLanguage":"es","@id":"https:\/\/gloopbaby.com\/es\/producto\/collections-es\/soft-sky-es\/manta-gloop-2-en-1-soft-sky\/#primaryimage","url":"https:\/\/gloopbaby.com\/wp-content\/uploads\/2026\/02\/20251130_GLOOP_038.jpg","contentUrl":"https:\/\/gloopbaby.com\/wp-content\/uploads\/2026\/02\/20251130_GLOOP_038.jpg","width":1000,"height":1500},{"@type":"BreadcrumbList","@id":"https:\/\/gloopbaby.com\/es\/producto\/collections-es\/soft-sky-es\/manta-gloop-2-en-1-soft-sky\/#breadcrumb","itemListElement":[{"@type":"ListItem","position":1,"name":"In\u00edcio","item":"https:\/\/gloopbaby.com\/es\/"},{"@type":"ListItem","position":2,"name":"Shop","item":"https:\/\/gloopbaby.com\/loja\/"},{"@type":"ListItem","position":3,"name":"Manta gloop! 2 en 1 Soft Sky"}]},{"@type":"WebSite","@id":"https:\/\/gloopbaby.com\/es\/#website","url":"https:\/\/gloopbaby.com\/es\/","name":"Gloop Baby","description":"","publisher":{"@id":"https:\/\/gloopbaby.com\/es\/#organization"},"potentialAction":[{"@type":"SearchAction","target":{"@type":"EntryPoint","urlTemplate":"https:\/\/gloopbaby.com\/es\/?s={search_term_string}"},"query-input":{"@type":"PropertyValueSpecification","valueRequired":true,"valueName":"search_term_string"}}],"inLanguage":"es"},{"@type":"Organization","@id":"https:\/\/gloopbaby.com\/es\/#organization","name":"Gloop Baby","url":"https:\/\/gloopbaby.com\/es\/","logo":{"@type":"ImageObject","inLanguage":"es","@id":"https:\/\/gloopbaby.com\/es\/#\/schema\/logo\/image\/","url":"https:\/\/gloopbaby.com\/wp-content\/uploads\/2023\/06\/gloop-logo.svg","contentUrl":"https:\/\/gloopbaby.com\/wp-content\/uploads\/2023\/06\/gloop-logo.svg","width":100,"height":100,"caption":"Gloop Baby"},"image":{"@id":"https:\/\/gloopbaby.com\/es\/#\/schema\/logo\/image\/"}}]}},"_links":{"self":[{"href":"https:\/\/gloopbaby.com\/es\/wp-json\/wp\/v2\/product\/143277","targetHints":{"allow":["GET"]}}],"collection":[{"href":"https:\/\/gloopbaby.com\/es\/wp-json\/wp\/v2\/product"}],"about":[{"href":"https:\/\/gloopbaby.com\/es\/wp-json\/wp\/v2\/types\/product"}],"replies":[{"embeddable":true,"href":"https:\/\/gloopbaby.com\/es\/wp-json\/wp\/v2\/comments?post=143277"}],"wp:featuredmedia":[{"embeddable":true,"href":"https:\/\/gloopbaby.com\/es\/wp-json\/wp\/v2\/media\/143295"}],"wp:attachment":[{"href":"https:\/\/gloopbaby.com\/es\/wp-json\/wp\/v2\/media?parent=143277"}],"wp:term":[{"taxonomy":"product_brand","embeddable":true,"href":"https:\/\/gloopbaby.com\/es\/wp-json\/wp\/v2\/product_brand?post=143277"},{"taxonomy":"product_cat","embeddable":true,"href":"https:\/\/gloopbaby.com\/es\/wp-json\/wp\/v2\/product_cat?post=143277"},{"taxonomy":"product_tag","embeddable":true,"href":"https:\/\/gloopbaby.com\/es\/wp-json\/wp\/v2\/product_tag?post=143277"}],"curies":[{"name":"wp","href":"https:\/\/api.w.org\/{rel}","templated":true}]}}