{"id":142853,"date":"2026-01-26T08:10:37","date_gmt":"2026-01-26T08:10:37","guid":{"rendered":"https:\/\/gloopbaby.com\/?post_type=product&#038;p=142853"},"modified":"2026-02-06T08:16:01","modified_gmt":"2026-02-06T08:16:01","slug":"babero-de-hombro-bebe-organic-green-copia","status":"publish","type":"product","link":"https:\/\/gloopbaby.com\/es\/producto\/collections-es\/organic-green-es\/babero-de-hombro-bebe-organic-green-copia\/","title":{"rendered":"Cesta Cambiador beb\u00e9 Organic Green"},"content":{"rendered":"<p><span class=\"Y2IQFc\" lang=\"es\">La <strong>cesta cambiadora de mimbre con colch\u00f3n<\/strong> gloop! es la soluci\u00f3n perfecta para que los cambios de pa\u00f1al sean m\u00e1s pr\u00e1cticos, organizados y acogedores. Esta cesta artesanal, elaborada con mimbre natural, combina funcionalidad, est\u00e9tica y sostenibilidad, adapt\u00e1ndose f\u00e1cilmente a cualquier habitaci\u00f3n de beb\u00e9. Su dise\u00f1o natural y atemporal encaja a la perfecci\u00f3n en ambientes modernos, bohemios o cl\u00e1sicos. Ideal para usar en casa o para llevar de una habitaci\u00f3n a otra, la cesta cambiadora de mimbre es un art\u00edculo esencial para los primeros meses del beb\u00e9 y una excelente opci\u00f3n de regalo. <\/span><\/p>\n<p><strong>Caracter\u00edsticas principales:<\/strong><\/p>\n<ul>\n<li><span class=\"Y2IQFc\" lang=\"es\">Cesta de mimbre natural + colch\u00f3n y forro de algod\u00f3n 100 % org\u00e1nico<\/span><\/li>\n<li><span class=\"Y2IQFc\" lang=\"es\">Suave y delicado con la piel del beb\u00e9<\/span><\/li>\n<li>Tama\u00f1o: <span class=\"Y2IQFc\" lang=\"es\">78x45cm<\/span><\/li>\n<li>Hecho en Portugal<\/li>\n<li>Producto ecol\u00f3gico, libre de qu\u00edmicos nocivos<\/li>\n<\/ul>\n<pre id=\"tw-target-text\" class=\"tw-data-text tw-text-large tw-ta\" dir=\"ltr\" tabindex=\"-1\" role=\"text\" data-placeholder=\"Tradu\u00e7\u00e3o\" data-ved=\"2ahUKEwigxIi26KiSAxUYRaQEHQceM-kQ3ewLegQIBBAW\" aria-label=\"Texto traduzido: La cesta cambiadora de mimbre con colch\u00f3n gloop! es la soluci\u00f3n perfecta para que los cambios de pa\u00f1al sean m\u00e1s pr\u00e1cticos, organizados y acogedores. Esta cesta artesanal, elaborada con mimbre natural, combina funcionalidad, est\u00e9tica y sostenibilidad, adapt\u00e1ndose f\u00e1cilmente a cualquier habitaci\u00f3n de beb\u00e9. Su dise\u00f1o natural y atemporal encaja a la perfecci\u00f3n en ambientes modernos, bohemios o cl\u00e1sicos. Ideal para usar en casa o para llevar de una habitaci\u00f3n a otra, la cesta cambiadora de mimbre es un art\u00edculo esencial para los primeros meses del beb\u00e9 y una excelente opci\u00f3n de regalo. Caracter\u00edsticas principales: Cesta de mimbre natural + colch\u00f3n y forro de algod\u00f3n 100 % org\u00e1nico Suave y delicado con la piel del beb\u00e9 Tama\u00f1o: 75 x 35 cm Hecho en Portugal\"><\/pre>\n","protected":false},"excerpt":{"rendered":"<p>La cesta cambiadora de mimbre con colch\u00f3n gloop! es la soluci\u00f3n perfecta para que los cambios de pa\u00f1al sean m\u00e1s pr\u00e1cticos, organizados y acogedores. Esta cesta artesanal, elaborada con mimbre natural, combina funcionalidad, est\u00e9tica y sostenibilidad, adapt\u00e1ndose f\u00e1cilmente a cualquier habitaci\u00f3n de beb\u00e9. Su dise\u00f1o natural y atemporal encaja a la perfecci\u00f3n en ambientes modernos, [&hellip;]<\/p>\n","protected":false},"featured_media":142868,"comment_status":"closed","ping_status":"closed","template":"","meta":{"_acf_changed":false},"product_brand":[],"product_cat":[1281,1973,1339,1317],"product_tag":[],"class_list":{"0":"post-142853","1":"product","2":"type-product","3":"status-publish","4":"has-post-thumbnail","6":"product_cat-cambiador-muselinas","7":"product_cat-cesta-cambiador","8":"product_cat-collections-es","9":"product_cat-organic-green-es","11":"first","12":"instock","13":"taxable","14":"shipping-taxable","15":"purchasable","16":"product-type-simple"},"acf":[],"yoast_head":"<!-- This site is optimized with the Yoast SEO plugin v27.3 - https:\/\/yoast.com\/product\/yoast-seo-wordpress\/ -->\n<title>Cesta Cambiador beb\u00e9 Organic Green - Gloop Baby<\/title>\n<meta name=\"description\" content=\"Cesta cambiadora de mimbre natural, hecha 100% de algod\u00f3n org\u00e1nico. Pr\u00e1ctica, sostenible y c\u00f3moda, ideal para cambiar pa\u00f1ales.\" \/>\n<meta name=\"robots\" content=\"index, follow, max-snippet:-1, max-image-preview:large, max-video-preview:-1\" \/>\n<link rel=\"canonical\" href=\"https:\/\/gloopbaby.com\/es\/producto\/collections-es\/organic-green-es\/babero-de-hombro-bebe-organic-green-copia\/\" \/>\n<meta property=\"og:locale\" content=\"es_ES\" \/>\n<meta property=\"og:type\" content=\"article\" \/>\n<meta property=\"og:title\" content=\"Cesta Cambiador beb\u00e9 Organic Green - Gloop Baby\" \/>\n<meta property=\"og:description\" content=\"Cesta cambiadora de mimbre natural, hecha 100% de algod\u00f3n org\u00e1nico. Pr\u00e1ctica, sostenible y c\u00f3moda, ideal para cambiar pa\u00f1ales.\" \/>\n<meta property=\"og:url\" content=\"https:\/\/gloopbaby.com\/es\/producto\/collections-es\/organic-green-es\/babero-de-hombro-bebe-organic-green-copia\/\" \/>\n<meta property=\"og:site_name\" content=\"Gloop Baby\" \/>\n<meta property=\"article:modified_time\" content=\"2026-02-06T08:16:01+00:00\" \/>\n<meta property=\"og:image\" content=\"https:\/\/gloopbaby.com\/wp-content\/uploads\/2026\/01\/20251130_GLOOP_003.jpg\" \/>\n\t<meta property=\"og:image:width\" content=\"1000\" \/>\n\t<meta property=\"og:image:height\" content=\"1500\" \/>\n\t<meta property=\"og:image:type\" content=\"image\/jpeg\" \/>\n<meta name=\"twitter:card\" content=\"summary_large_image\" \/>\n<meta name=\"twitter:label1\" content=\"Tiempo de lectura\" \/>\n\t<meta name=\"twitter:data1\" content=\"1 minuto\" \/>\n<script type=\"application\/ld+json\" class=\"yoast-schema-graph\">{\"@context\":\"https:\\\/\\\/schema.org\",\"@graph\":[{\"@type\":\"WebPage\",\"@id\":\"https:\\\/\\\/gloopbaby.com\\\/es\\\/producto\\\/collections-es\\\/organic-green-es\\\/babero-de-hombro-bebe-organic-green-copia\\\/\",\"url\":\"https:\\\/\\\/gloopbaby.com\\\/es\\\/producto\\\/collections-es\\\/organic-green-es\\\/babero-de-hombro-bebe-organic-green-copia\\\/\",\"name\":\"Cesta Cambiador beb\u00e9 Organic Green - Gloop Baby\",\"isPartOf\":{\"@id\":\"https:\\\/\\\/gloopbaby.com\\\/es\\\/#website\"},\"primaryImageOfPage\":{\"@id\":\"https:\\\/\\\/gloopbaby.com\\\/es\\\/producto\\\/collections-es\\\/organic-green-es\\\/babero-de-hombro-bebe-organic-green-copia\\\/#primaryimage\"},\"image\":{\"@id\":\"https:\\\/\\\/gloopbaby.com\\\/es\\\/producto\\\/collections-es\\\/organic-green-es\\\/babero-de-hombro-bebe-organic-green-copia\\\/#primaryimage\"},\"thumbnailUrl\":\"https:\\\/\\\/gloopbaby.com\\\/wp-content\\\/uploads\\\/2026\\\/01\\\/20251130_GLOOP_003.jpg\",\"datePublished\":\"2026-01-26T08:10:37+00:00\",\"dateModified\":\"2026-02-06T08:16:01+00:00\",\"description\":\"Cesta cambiadora de mimbre natural, hecha 100% de algod\u00f3n org\u00e1nico. Pr\u00e1ctica, sostenible y c\u00f3moda, ideal para cambiar pa\u00f1ales.\",\"breadcrumb\":{\"@id\":\"https:\\\/\\\/gloopbaby.com\\\/es\\\/producto\\\/collections-es\\\/organic-green-es\\\/babero-de-hombro-bebe-organic-green-copia\\\/#breadcrumb\"},\"inLanguage\":\"es\",\"potentialAction\":[{\"@type\":\"ReadAction\",\"target\":[\"https:\\\/\\\/gloopbaby.com\\\/es\\\/producto\\\/collections-es\\\/organic-green-es\\\/babero-de-hombro-bebe-organic-green-copia\\\/\"]}]},{\"@type\":\"ImageObject\",\"inLanguage\":\"es\",\"@id\":\"https:\\\/\\\/gloopbaby.com\\\/es\\\/producto\\\/collections-es\\\/organic-green-es\\\/babero-de-hombro-bebe-organic-green-copia\\\/#primaryimage\",\"url\":\"https:\\\/\\\/gloopbaby.com\\\/wp-content\\\/uploads\\\/2026\\\/01\\\/20251130_GLOOP_003.jpg\",\"contentUrl\":\"https:\\\/\\\/gloopbaby.com\\\/wp-content\\\/uploads\\\/2026\\\/01\\\/20251130_GLOOP_003.jpg\",\"width\":1000,\"height\":1500},{\"@type\":\"BreadcrumbList\",\"@id\":\"https:\\\/\\\/gloopbaby.com\\\/es\\\/producto\\\/collections-es\\\/organic-green-es\\\/babero-de-hombro-bebe-organic-green-copia\\\/#breadcrumb\",\"itemListElement\":[{\"@type\":\"ListItem\",\"position\":1,\"name\":\"In\u00edcio\",\"item\":\"https:\\\/\\\/gloopbaby.com\\\/es\\\/\"},{\"@type\":\"ListItem\",\"position\":2,\"name\":\"Shop\",\"item\":\"https:\\\/\\\/gloopbaby.com\\\/loja\\\/\"},{\"@type\":\"ListItem\",\"position\":3,\"name\":\"Cesta Cambiador beb\u00e9 Organic Green\"}]},{\"@type\":\"WebSite\",\"@id\":\"https:\\\/\\\/gloopbaby.com\\\/es\\\/#website\",\"url\":\"https:\\\/\\\/gloopbaby.com\\\/es\\\/\",\"name\":\"Gloop Baby\",\"description\":\"\",\"publisher\":{\"@id\":\"https:\\\/\\\/gloopbaby.com\\\/es\\\/#organization\"},\"potentialAction\":[{\"@type\":\"SearchAction\",\"target\":{\"@type\":\"EntryPoint\",\"urlTemplate\":\"https:\\\/\\\/gloopbaby.com\\\/es\\\/?s={search_term_string}\"},\"query-input\":{\"@type\":\"PropertyValueSpecification\",\"valueRequired\":true,\"valueName\":\"search_term_string\"}}],\"inLanguage\":\"es\"},{\"@type\":\"Organization\",\"@id\":\"https:\\\/\\\/gloopbaby.com\\\/es\\\/#organization\",\"name\":\"Gloop Baby\",\"url\":\"https:\\\/\\\/gloopbaby.com\\\/es\\\/\",\"logo\":{\"@type\":\"ImageObject\",\"inLanguage\":\"es\",\"@id\":\"https:\\\/\\\/gloopbaby.com\\\/es\\\/#\\\/schema\\\/logo\\\/image\\\/\",\"url\":\"https:\\\/\\\/gloopbaby.com\\\/wp-content\\\/uploads\\\/2023\\\/06\\\/gloop-logo.svg\",\"contentUrl\":\"https:\\\/\\\/gloopbaby.com\\\/wp-content\\\/uploads\\\/2023\\\/06\\\/gloop-logo.svg\",\"width\":100,\"height\":100,\"caption\":\"Gloop Baby\"},\"image\":{\"@id\":\"https:\\\/\\\/gloopbaby.com\\\/es\\\/#\\\/schema\\\/logo\\\/image\\\/\"}}]}<\/script>\n<!-- \/ Yoast SEO plugin. -->","yoast_head_json":{"title":"Cesta Cambiador beb\u00e9 Organic Green - Gloop Baby","description":"Cesta cambiadora de mimbre natural, hecha 100% de algod\u00f3n org\u00e1nico. Pr\u00e1ctica, sostenible y c\u00f3moda, ideal para cambiar pa\u00f1ales.","robots":{"index":"index","follow":"follow","max-snippet":"max-snippet:-1","max-image-preview":"max-image-preview:large","max-video-preview":"max-video-preview:-1"},"canonical":"https:\/\/gloopbaby.com\/es\/producto\/collections-es\/organic-green-es\/babero-de-hombro-bebe-organic-green-copia\/","og_locale":"es_ES","og_type":"article","og_title":"Cesta Cambiador beb\u00e9 Organic Green - Gloop Baby","og_description":"Cesta cambiadora de mimbre natural, hecha 100% de algod\u00f3n org\u00e1nico. Pr\u00e1ctica, sostenible y c\u00f3moda, ideal para cambiar pa\u00f1ales.","og_url":"https:\/\/gloopbaby.com\/es\/producto\/collections-es\/organic-green-es\/babero-de-hombro-bebe-organic-green-copia\/","og_site_name":"Gloop Baby","article_modified_time":"2026-02-06T08:16:01+00:00","og_image":[{"width":1000,"height":1500,"url":"https:\/\/gloopbaby.com\/wp-content\/uploads\/2026\/01\/20251130_GLOOP_003.jpg","type":"image\/jpeg"}],"twitter_card":"summary_large_image","twitter_misc":{"Tiempo de lectura":"1 minuto"},"schema":{"@context":"https:\/\/schema.org","@graph":[{"@type":"WebPage","@id":"https:\/\/gloopbaby.com\/es\/producto\/collections-es\/organic-green-es\/babero-de-hombro-bebe-organic-green-copia\/","url":"https:\/\/gloopbaby.com\/es\/producto\/collections-es\/organic-green-es\/babero-de-hombro-bebe-organic-green-copia\/","name":"Cesta Cambiador beb\u00e9 Organic Green - Gloop Baby","isPartOf":{"@id":"https:\/\/gloopbaby.com\/es\/#website"},"primaryImageOfPage":{"@id":"https:\/\/gloopbaby.com\/es\/producto\/collections-es\/organic-green-es\/babero-de-hombro-bebe-organic-green-copia\/#primaryimage"},"image":{"@id":"https:\/\/gloopbaby.com\/es\/producto\/collections-es\/organic-green-es\/babero-de-hombro-bebe-organic-green-copia\/#primaryimage"},"thumbnailUrl":"https:\/\/gloopbaby.com\/wp-content\/uploads\/2026\/01\/20251130_GLOOP_003.jpg","datePublished":"2026-01-26T08:10:37+00:00","dateModified":"2026-02-06T08:16:01+00:00","description":"Cesta cambiadora de mimbre natural, hecha 100% de algod\u00f3n org\u00e1nico. Pr\u00e1ctica, sostenible y c\u00f3moda, ideal para cambiar pa\u00f1ales.","breadcrumb":{"@id":"https:\/\/gloopbaby.com\/es\/producto\/collections-es\/organic-green-es\/babero-de-hombro-bebe-organic-green-copia\/#breadcrumb"},"inLanguage":"es","potentialAction":[{"@type":"ReadAction","target":["https:\/\/gloopbaby.com\/es\/producto\/collections-es\/organic-green-es\/babero-de-hombro-bebe-organic-green-copia\/"]}]},{"@type":"ImageObject","inLanguage":"es","@id":"https:\/\/gloopbaby.com\/es\/producto\/collections-es\/organic-green-es\/babero-de-hombro-bebe-organic-green-copia\/#primaryimage","url":"https:\/\/gloopbaby.com\/wp-content\/uploads\/2026\/01\/20251130_GLOOP_003.jpg","contentUrl":"https:\/\/gloopbaby.com\/wp-content\/uploads\/2026\/01\/20251130_GLOOP_003.jpg","width":1000,"height":1500},{"@type":"BreadcrumbList","@id":"https:\/\/gloopbaby.com\/es\/producto\/collections-es\/organic-green-es\/babero-de-hombro-bebe-organic-green-copia\/#breadcrumb","itemListElement":[{"@type":"ListItem","position":1,"name":"In\u00edcio","item":"https:\/\/gloopbaby.com\/es\/"},{"@type":"ListItem","position":2,"name":"Shop","item":"https:\/\/gloopbaby.com\/loja\/"},{"@type":"ListItem","position":3,"name":"Cesta Cambiador beb\u00e9 Organic Green"}]},{"@type":"WebSite","@id":"https:\/\/gloopbaby.com\/es\/#website","url":"https:\/\/gloopbaby.com\/es\/","name":"Gloop Baby","description":"","publisher":{"@id":"https:\/\/gloopbaby.com\/es\/#organization"},"potentialAction":[{"@type":"SearchAction","target":{"@type":"EntryPoint","urlTemplate":"https:\/\/gloopbaby.com\/es\/?s={search_term_string}"},"query-input":{"@type":"PropertyValueSpecification","valueRequired":true,"valueName":"search_term_string"}}],"inLanguage":"es"},{"@type":"Organization","@id":"https:\/\/gloopbaby.com\/es\/#organization","name":"Gloop Baby","url":"https:\/\/gloopbaby.com\/es\/","logo":{"@type":"ImageObject","inLanguage":"es","@id":"https:\/\/gloopbaby.com\/es\/#\/schema\/logo\/image\/","url":"https:\/\/gloopbaby.com\/wp-content\/uploads\/2023\/06\/gloop-logo.svg","contentUrl":"https:\/\/gloopbaby.com\/wp-content\/uploads\/2023\/06\/gloop-logo.svg","width":100,"height":100,"caption":"Gloop Baby"},"image":{"@id":"https:\/\/gloopbaby.com\/es\/#\/schema\/logo\/image\/"}}]}},"_links":{"self":[{"href":"https:\/\/gloopbaby.com\/es\/wp-json\/wp\/v2\/product\/142853","targetHints":{"allow":["GET"]}}],"collection":[{"href":"https:\/\/gloopbaby.com\/es\/wp-json\/wp\/v2\/product"}],"about":[{"href":"https:\/\/gloopbaby.com\/es\/wp-json\/wp\/v2\/types\/product"}],"replies":[{"embeddable":true,"href":"https:\/\/gloopbaby.com\/es\/wp-json\/wp\/v2\/comments?post=142853"}],"wp:featuredmedia":[{"embeddable":true,"href":"https:\/\/gloopbaby.com\/es\/wp-json\/wp\/v2\/media\/142868"}],"wp:attachment":[{"href":"https:\/\/gloopbaby.com\/es\/wp-json\/wp\/v2\/media?parent=142853"}],"wp:term":[{"taxonomy":"product_brand","embeddable":true,"href":"https:\/\/gloopbaby.com\/es\/wp-json\/wp\/v2\/product_brand?post=142853"},{"taxonomy":"product_cat","embeddable":true,"href":"https:\/\/gloopbaby.com\/es\/wp-json\/wp\/v2\/product_cat?post=142853"},{"taxonomy":"product_tag","embeddable":true,"href":"https:\/\/gloopbaby.com\/es\/wp-json\/wp\/v2\/product_tag?post=142853"}],"curies":[{"name":"wp","href":"https:\/\/api.w.org\/{rel}","templated":true}]}}