{"id":142668,"date":"2026-01-22T08:22:54","date_gmt":"2026-01-22T08:22:54","guid":{"rendered":"https:\/\/gloopbaby.com\/?post_type=product&#038;p=142668"},"modified":"2026-02-03T08:49:12","modified_gmt":"2026-02-03T08:49:12","slug":"babero-de-hombro-bebe-farm","status":"publish","type":"product","link":"https:\/\/gloopbaby.com\/es\/producto\/collections-es\/farm-es\/babero-de-hombro-bebe-farm\/","title":{"rendered":"Babero de hombro beb\u00e9 Farm"},"content":{"rendered":"<p><strong>Babero de hombro<\/strong> Gloop! de algod\u00f3n org\u00e1nico, ideal para proteger la ropa durante la lactancia, el biber\u00f3n o las regurgitaciones. Extremadamente suave, pr\u00e1ctico y s\u00faper absorbente, cuida la piel sensible del beb\u00e9 desde los primeros d\u00edas de vida.<\/p>\n<p>Hecho con 100% algod\u00f3n org\u00e1nico certificado, este babero de hombro es una opci\u00f3n segura y ecol\u00f3gica para padres que valoran la calidad, la sostenibilidad y la comodidad. Fabricado en Portugal, garantiza altos est\u00e1ndares de producci\u00f3n y durabilidad.<\/p>\n<p>Con un tama\u00f1o ideal de 42 x 26 cm, se adapta f\u00e1cilmente al hombro del adulto, ofreciendo protecci\u00f3n y comodidad efectivas en el d\u00eda a d\u00eda.<\/p>\n<p><strong>Caracter\u00edsticas principales:<\/strong><\/p>\n<ul>\n<li>Babero de hombro s\u00faper absorbente<\/li>\n<li>100% algod\u00f3n org\u00e1nico certificado<\/li>\n<li>Suave y delicado con la piel del beb\u00e9<\/li>\n<li>Tama\u00f1o: 42 x 26 cm<\/li>\n<li>Hecho en Portugal<\/li>\n<li>Producto ecol\u00f3gico, libre de qu\u00edmicos nocivos<\/li>\n<\/ul>\n<p>Un babero sostenible, pr\u00e1ctico e imprescindible para la rutina del beb\u00e9.<\/p>\n","protected":false},"excerpt":{"rendered":"<p>Babero de hombro Gloop! de algod\u00f3n org\u00e1nico, ideal para proteger la ropa durante la lactancia, el biber\u00f3n o las regurgitaciones. Extremadamente suave, pr\u00e1ctico y s\u00faper absorbente, cuida la piel sensible del beb\u00e9 desde los primeros d\u00edas de vida. Hecho con 100% algod\u00f3n org\u00e1nico certificado, este babero de hombro es una opci\u00f3n segura y ecol\u00f3gica para [&hellip;]<\/p>\n","protected":false},"featured_media":142688,"comment_status":"closed","ping_status":"closed","template":"","meta":{"_acf_changed":false},"product_brand":[],"product_cat":[1260,1969,1339,1218,1259],"product_tag":[],"class_list":{"0":"post-142668","1":"product","2":"type-product","3":"status-publish","4":"has-post-thumbnail","6":"product_cat-babero","7":"product_cat-babero-de-hombro","8":"product_cat-collections-es","9":"product_cat-farm-es","10":"product_cat-mealtime-es","12":"first","13":"instock","14":"taxable","15":"shipping-taxable","16":"purchasable","17":"product-type-simple"},"acf":[],"yoast_head":"<!-- This site is optimized with the Yoast SEO plugin v27.3 - https:\/\/yoast.com\/product\/yoast-seo-wordpress\/ -->\n<title>Babero de hombro beb\u00e9 Farm - Gloop Baby<\/title>\n<meta name=\"description\" content=\"Babero hombro para beb\u00e9 en 100% algod\u00f3n org\u00e1nico. Suave, superabsorbente y ecol\u00f3gico. Fabricado en Portugal, ideal desde el nacimiento. Tama\u00f1o: 42x26cm.\" \/>\n<meta name=\"robots\" content=\"index, follow, max-snippet:-1, max-image-preview:large, max-video-preview:-1\" \/>\n<link rel=\"canonical\" href=\"https:\/\/gloopbaby.com\/es\/producto\/collections-es\/farm-es\/babero-de-hombro-bebe-farm\/\" \/>\n<meta property=\"og:locale\" content=\"es_ES\" \/>\n<meta property=\"og:type\" content=\"article\" \/>\n<meta property=\"og:title\" content=\"Babero de hombro beb\u00e9 Farm - Gloop Baby\" \/>\n<meta property=\"og:description\" content=\"Babero hombro para beb\u00e9 en 100% algod\u00f3n org\u00e1nico. Suave, superabsorbente y ecol\u00f3gico. Fabricado en Portugal, ideal desde el nacimiento. Tama\u00f1o: 42x26cm.\" \/>\n<meta property=\"og:url\" content=\"https:\/\/gloopbaby.com\/es\/producto\/collections-es\/farm-es\/babero-de-hombro-bebe-farm\/\" \/>\n<meta property=\"og:site_name\" content=\"Gloop Baby\" \/>\n<meta property=\"article:modified_time\" content=\"2026-02-03T08:49:12+00:00\" \/>\n<meta property=\"og:image\" content=\"https:\/\/gloopbaby.com\/wp-content\/uploads\/2026\/01\/IMG_4833-scaled.jpg\" \/>\n\t<meta property=\"og:image:width\" content=\"1707\" \/>\n\t<meta property=\"og:image:height\" content=\"2560\" \/>\n\t<meta property=\"og:image:type\" content=\"image\/jpeg\" \/>\n<meta name=\"twitter:card\" content=\"summary_large_image\" \/>\n<meta name=\"twitter:label1\" content=\"Tiempo de lectura\" \/>\n\t<meta name=\"twitter:data1\" content=\"2 minutos\" \/>\n<script type=\"application\/ld+json\" class=\"yoast-schema-graph\">{\"@context\":\"https:\\\/\\\/schema.org\",\"@graph\":[{\"@type\":\"WebPage\",\"@id\":\"https:\\\/\\\/gloopbaby.com\\\/es\\\/producto\\\/collections-es\\\/farm-es\\\/babero-de-hombro-bebe-farm\\\/\",\"url\":\"https:\\\/\\\/gloopbaby.com\\\/es\\\/producto\\\/collections-es\\\/farm-es\\\/babero-de-hombro-bebe-farm\\\/\",\"name\":\"Babero de hombro beb\u00e9 Farm - Gloop Baby\",\"isPartOf\":{\"@id\":\"https:\\\/\\\/gloopbaby.com\\\/es\\\/#website\"},\"primaryImageOfPage\":{\"@id\":\"https:\\\/\\\/gloopbaby.com\\\/es\\\/producto\\\/collections-es\\\/farm-es\\\/babero-de-hombro-bebe-farm\\\/#primaryimage\"},\"image\":{\"@id\":\"https:\\\/\\\/gloopbaby.com\\\/es\\\/producto\\\/collections-es\\\/farm-es\\\/babero-de-hombro-bebe-farm\\\/#primaryimage\"},\"thumbnailUrl\":\"https:\\\/\\\/gloopbaby.com\\\/wp-content\\\/uploads\\\/2026\\\/01\\\/IMG_4833-scaled.jpg\",\"datePublished\":\"2026-01-22T08:22:54+00:00\",\"dateModified\":\"2026-02-03T08:49:12+00:00\",\"description\":\"Babero hombro para beb\u00e9 en 100% algod\u00f3n org\u00e1nico. Suave, superabsorbente y ecol\u00f3gico. Fabricado en Portugal, ideal desde el nacimiento. Tama\u00f1o: 42x26cm.\",\"breadcrumb\":{\"@id\":\"https:\\\/\\\/gloopbaby.com\\\/es\\\/producto\\\/collections-es\\\/farm-es\\\/babero-de-hombro-bebe-farm\\\/#breadcrumb\"},\"inLanguage\":\"es\",\"potentialAction\":[{\"@type\":\"ReadAction\",\"target\":[\"https:\\\/\\\/gloopbaby.com\\\/es\\\/producto\\\/collections-es\\\/farm-es\\\/babero-de-hombro-bebe-farm\\\/\"]}]},{\"@type\":\"ImageObject\",\"inLanguage\":\"es\",\"@id\":\"https:\\\/\\\/gloopbaby.com\\\/es\\\/producto\\\/collections-es\\\/farm-es\\\/babero-de-hombro-bebe-farm\\\/#primaryimage\",\"url\":\"https:\\\/\\\/gloopbaby.com\\\/wp-content\\\/uploads\\\/2026\\\/01\\\/IMG_4833-scaled.jpg\",\"contentUrl\":\"https:\\\/\\\/gloopbaby.com\\\/wp-content\\\/uploads\\\/2026\\\/01\\\/IMG_4833-scaled.jpg\",\"width\":1707,\"height\":2560},{\"@type\":\"BreadcrumbList\",\"@id\":\"https:\\\/\\\/gloopbaby.com\\\/es\\\/producto\\\/collections-es\\\/farm-es\\\/babero-de-hombro-bebe-farm\\\/#breadcrumb\",\"itemListElement\":[{\"@type\":\"ListItem\",\"position\":1,\"name\":\"In\u00edcio\",\"item\":\"https:\\\/\\\/gloopbaby.com\\\/es\\\/\"},{\"@type\":\"ListItem\",\"position\":2,\"name\":\"Shop\",\"item\":\"https:\\\/\\\/gloopbaby.com\\\/loja\\\/\"},{\"@type\":\"ListItem\",\"position\":3,\"name\":\"Babero de hombro beb\u00e9 Farm\"}]},{\"@type\":\"WebSite\",\"@id\":\"https:\\\/\\\/gloopbaby.com\\\/es\\\/#website\",\"url\":\"https:\\\/\\\/gloopbaby.com\\\/es\\\/\",\"name\":\"Gloop Baby\",\"description\":\"\",\"publisher\":{\"@id\":\"https:\\\/\\\/gloopbaby.com\\\/es\\\/#organization\"},\"potentialAction\":[{\"@type\":\"SearchAction\",\"target\":{\"@type\":\"EntryPoint\",\"urlTemplate\":\"https:\\\/\\\/gloopbaby.com\\\/es\\\/?s={search_term_string}\"},\"query-input\":{\"@type\":\"PropertyValueSpecification\",\"valueRequired\":true,\"valueName\":\"search_term_string\"}}],\"inLanguage\":\"es\"},{\"@type\":\"Organization\",\"@id\":\"https:\\\/\\\/gloopbaby.com\\\/es\\\/#organization\",\"name\":\"Gloop Baby\",\"url\":\"https:\\\/\\\/gloopbaby.com\\\/es\\\/\",\"logo\":{\"@type\":\"ImageObject\",\"inLanguage\":\"es\",\"@id\":\"https:\\\/\\\/gloopbaby.com\\\/es\\\/#\\\/schema\\\/logo\\\/image\\\/\",\"url\":\"https:\\\/\\\/gloopbaby.com\\\/wp-content\\\/uploads\\\/2023\\\/06\\\/gloop-logo.svg\",\"contentUrl\":\"https:\\\/\\\/gloopbaby.com\\\/wp-content\\\/uploads\\\/2023\\\/06\\\/gloop-logo.svg\",\"width\":100,\"height\":100,\"caption\":\"Gloop Baby\"},\"image\":{\"@id\":\"https:\\\/\\\/gloopbaby.com\\\/es\\\/#\\\/schema\\\/logo\\\/image\\\/\"}}]}<\/script>\n<!-- \/ Yoast SEO plugin. -->","yoast_head_json":{"title":"Babero de hombro beb\u00e9 Farm - Gloop Baby","description":"Babero hombro para beb\u00e9 en 100% algod\u00f3n org\u00e1nico. Suave, superabsorbente y ecol\u00f3gico. Fabricado en Portugal, ideal desde el nacimiento. Tama\u00f1o: 42x26cm.","robots":{"index":"index","follow":"follow","max-snippet":"max-snippet:-1","max-image-preview":"max-image-preview:large","max-video-preview":"max-video-preview:-1"},"canonical":"https:\/\/gloopbaby.com\/es\/producto\/collections-es\/farm-es\/babero-de-hombro-bebe-farm\/","og_locale":"es_ES","og_type":"article","og_title":"Babero de hombro beb\u00e9 Farm - Gloop Baby","og_description":"Babero hombro para beb\u00e9 en 100% algod\u00f3n org\u00e1nico. Suave, superabsorbente y ecol\u00f3gico. Fabricado en Portugal, ideal desde el nacimiento. Tama\u00f1o: 42x26cm.","og_url":"https:\/\/gloopbaby.com\/es\/producto\/collections-es\/farm-es\/babero-de-hombro-bebe-farm\/","og_site_name":"Gloop Baby","article_modified_time":"2026-02-03T08:49:12+00:00","og_image":[{"width":1707,"height":2560,"url":"https:\/\/gloopbaby.com\/wp-content\/uploads\/2026\/01\/IMG_4833-scaled.jpg","type":"image\/jpeg"}],"twitter_card":"summary_large_image","twitter_misc":{"Tiempo de lectura":"2 minutos"},"schema":{"@context":"https:\/\/schema.org","@graph":[{"@type":"WebPage","@id":"https:\/\/gloopbaby.com\/es\/producto\/collections-es\/farm-es\/babero-de-hombro-bebe-farm\/","url":"https:\/\/gloopbaby.com\/es\/producto\/collections-es\/farm-es\/babero-de-hombro-bebe-farm\/","name":"Babero de hombro beb\u00e9 Farm - Gloop Baby","isPartOf":{"@id":"https:\/\/gloopbaby.com\/es\/#website"},"primaryImageOfPage":{"@id":"https:\/\/gloopbaby.com\/es\/producto\/collections-es\/farm-es\/babero-de-hombro-bebe-farm\/#primaryimage"},"image":{"@id":"https:\/\/gloopbaby.com\/es\/producto\/collections-es\/farm-es\/babero-de-hombro-bebe-farm\/#primaryimage"},"thumbnailUrl":"https:\/\/gloopbaby.com\/wp-content\/uploads\/2026\/01\/IMG_4833-scaled.jpg","datePublished":"2026-01-22T08:22:54+00:00","dateModified":"2026-02-03T08:49:12+00:00","description":"Babero hombro para beb\u00e9 en 100% algod\u00f3n org\u00e1nico. Suave, superabsorbente y ecol\u00f3gico. Fabricado en Portugal, ideal desde el nacimiento. Tama\u00f1o: 42x26cm.","breadcrumb":{"@id":"https:\/\/gloopbaby.com\/es\/producto\/collections-es\/farm-es\/babero-de-hombro-bebe-farm\/#breadcrumb"},"inLanguage":"es","potentialAction":[{"@type":"ReadAction","target":["https:\/\/gloopbaby.com\/es\/producto\/collections-es\/farm-es\/babero-de-hombro-bebe-farm\/"]}]},{"@type":"ImageObject","inLanguage":"es","@id":"https:\/\/gloopbaby.com\/es\/producto\/collections-es\/farm-es\/babero-de-hombro-bebe-farm\/#primaryimage","url":"https:\/\/gloopbaby.com\/wp-content\/uploads\/2026\/01\/IMG_4833-scaled.jpg","contentUrl":"https:\/\/gloopbaby.com\/wp-content\/uploads\/2026\/01\/IMG_4833-scaled.jpg","width":1707,"height":2560},{"@type":"BreadcrumbList","@id":"https:\/\/gloopbaby.com\/es\/producto\/collections-es\/farm-es\/babero-de-hombro-bebe-farm\/#breadcrumb","itemListElement":[{"@type":"ListItem","position":1,"name":"In\u00edcio","item":"https:\/\/gloopbaby.com\/es\/"},{"@type":"ListItem","position":2,"name":"Shop","item":"https:\/\/gloopbaby.com\/loja\/"},{"@type":"ListItem","position":3,"name":"Babero de hombro beb\u00e9 Farm"}]},{"@type":"WebSite","@id":"https:\/\/gloopbaby.com\/es\/#website","url":"https:\/\/gloopbaby.com\/es\/","name":"Gloop Baby","description":"","publisher":{"@id":"https:\/\/gloopbaby.com\/es\/#organization"},"potentialAction":[{"@type":"SearchAction","target":{"@type":"EntryPoint","urlTemplate":"https:\/\/gloopbaby.com\/es\/?s={search_term_string}"},"query-input":{"@type":"PropertyValueSpecification","valueRequired":true,"valueName":"search_term_string"}}],"inLanguage":"es"},{"@type":"Organization","@id":"https:\/\/gloopbaby.com\/es\/#organization","name":"Gloop Baby","url":"https:\/\/gloopbaby.com\/es\/","logo":{"@type":"ImageObject","inLanguage":"es","@id":"https:\/\/gloopbaby.com\/es\/#\/schema\/logo\/image\/","url":"https:\/\/gloopbaby.com\/wp-content\/uploads\/2023\/06\/gloop-logo.svg","contentUrl":"https:\/\/gloopbaby.com\/wp-content\/uploads\/2023\/06\/gloop-logo.svg","width":100,"height":100,"caption":"Gloop Baby"},"image":{"@id":"https:\/\/gloopbaby.com\/es\/#\/schema\/logo\/image\/"}}]}},"_links":{"self":[{"href":"https:\/\/gloopbaby.com\/es\/wp-json\/wp\/v2\/product\/142668","targetHints":{"allow":["GET"]}}],"collection":[{"href":"https:\/\/gloopbaby.com\/es\/wp-json\/wp\/v2\/product"}],"about":[{"href":"https:\/\/gloopbaby.com\/es\/wp-json\/wp\/v2\/types\/product"}],"replies":[{"embeddable":true,"href":"https:\/\/gloopbaby.com\/es\/wp-json\/wp\/v2\/comments?post=142668"}],"wp:featuredmedia":[{"embeddable":true,"href":"https:\/\/gloopbaby.com\/es\/wp-json\/wp\/v2\/media\/142688"}],"wp:attachment":[{"href":"https:\/\/gloopbaby.com\/es\/wp-json\/wp\/v2\/media?parent=142668"}],"wp:term":[{"taxonomy":"product_brand","embeddable":true,"href":"https:\/\/gloopbaby.com\/es\/wp-json\/wp\/v2\/product_brand?post=142668"},{"taxonomy":"product_cat","embeddable":true,"href":"https:\/\/gloopbaby.com\/es\/wp-json\/wp\/v2\/product_cat?post=142668"},{"taxonomy":"product_tag","embeddable":true,"href":"https:\/\/gloopbaby.com\/es\/wp-json\/wp\/v2\/product_tag?post=142668"}],"curies":[{"name":"wp","href":"https:\/\/api.w.org\/{rel}","templated":true}]}}