{"id":14257,"date":"2023-06-21T12:56:40","date_gmt":"2023-06-21T12:56:40","guid":{"rendered":"https:\/\/gloopbaby.com\/produto\/capa-de-ovo-farm\/"},"modified":"2024-05-09T15:38:33","modified_gmt":"2024-05-09T15:38:33","slug":"capa-de-ovo-farm","status":"publish","type":"product","link":"https:\/\/gloopbaby.com\/es\/producto\/on-the-go-es\/accesorios-para-cochecitos\/funda-asiento-de-coche-es\/capa-de-ovo-farm\/","title":{"rendered":"Funda Asiento de coche Farm"},"content":{"rendered":"<p>La Funda Asiento de coche gloop! se adapta a la mayor\u00eda de los autom\u00f3viles en el mercado, permite que su beb\u00e9 tenga un viaje m\u00e1s c\u00f3modo. Nuestra pr\u00e1ctica funda har\u00e1 que su silla de paseo se vea m\u00e1s linda. 100% algod\u00f3n org\u00e1nico y fabricado en Portugal. 100x75cm<\/p>\n","protected":false},"excerpt":{"rendered":"<p>La Funda Asiento de coche gloop! se adapta a la mayor\u00eda de los autom\u00f3viles en el mercado, permite que su beb\u00e9 tenga un viaje m\u00e1s c\u00f3modo. Nuestra pr\u00e1ctica funda har\u00e1 que su silla de paseo se vea m\u00e1s linda. 100% algod\u00f3n org\u00e1nico y fabricado en Portugal. 100x75cm<\/p>\n","protected":false},"featured_media":112985,"comment_status":"closed","ping_status":"closed","template":"","meta":{"_acf_changed":false},"product_brand":[],"product_cat":[1910,1218,1249,1243],"product_tag":[],"class_list":{"0":"post-14257","1":"product","2":"type-product","3":"status-publish","4":"has-post-thumbnail","6":"product_cat-accesorios-para-cochecitos","7":"product_cat-farm-es","8":"product_cat-funda-asiento-de-coche-es","9":"product_cat-on-the-go-es","11":"first","12":"instock","13":"sale","14":"taxable","15":"shipping-taxable","16":"purchasable","17":"product-type-simple"},"acf":[],"yoast_head":"<!-- This site is optimized with the Yoast SEO plugin v27.5 - https:\/\/yoast.com\/product\/yoast-seo-wordpress\/ -->\n<title>Funda Asiento de coche Farm - Gloop Baby<\/title>\n<meta name=\"robots\" content=\"index, follow, max-snippet:-1, max-image-preview:large, max-video-preview:-1\" \/>\n<link rel=\"canonical\" href=\"https:\/\/gloopbaby.com\/es\/producto\/on-the-go-es\/accesorios-para-cochecitos\/funda-asiento-de-coche-es\/capa-de-ovo-farm\/\" \/>\n<meta property=\"og:locale\" content=\"es_ES\" \/>\n<meta property=\"og:type\" content=\"article\" \/>\n<meta property=\"og:title\" content=\"Funda Asiento de coche Farm - Gloop Baby\" \/>\n<meta property=\"og:description\" content=\"La Funda Asiento de coche gloop! se adapta a la mayor\u00eda de los autom\u00f3viles en el mercado, permite que su beb\u00e9 tenga un viaje m\u00e1s c\u00f3modo. Nuestra pr\u00e1ctica funda har\u00e1 que su silla de paseo se vea m\u00e1s linda. 100% algod\u00f3n org\u00e1nico y fabricado en Portugal. 100x75cm\" \/>\n<meta property=\"og:url\" content=\"https:\/\/gloopbaby.com\/es\/producto\/on-the-go-es\/accesorios-para-cochecitos\/funda-asiento-de-coche-es\/capa-de-ovo-farm\/\" \/>\n<meta property=\"og:site_name\" content=\"Gloop Baby\" \/>\n<meta property=\"article:modified_time\" content=\"2024-05-09T15:38:33+00:00\" \/>\n<meta property=\"og:image\" content=\"https:\/\/gloopbaby.com\/wp-content\/uploads\/2023\/06\/capa-ovo5.jpg\" \/>\n\t<meta property=\"og:image:width\" content=\"600\" \/>\n\t<meta property=\"og:image:height\" content=\"900\" \/>\n\t<meta property=\"og:image:type\" content=\"image\/jpeg\" \/>\n<meta name=\"twitter:card\" content=\"summary_large_image\" \/>\n<script type=\"application\/ld+json\" class=\"yoast-schema-graph\">{\"@context\":\"https:\\\/\\\/schema.org\",\"@graph\":[{\"@type\":\"WebPage\",\"@id\":\"https:\\\/\\\/gloopbaby.com\\\/es\\\/producto\\\/on-the-go-es\\\/accesorios-para-cochecitos\\\/funda-asiento-de-coche-es\\\/capa-de-ovo-farm\\\/\",\"url\":\"https:\\\/\\\/gloopbaby.com\\\/es\\\/producto\\\/on-the-go-es\\\/accesorios-para-cochecitos\\\/funda-asiento-de-coche-es\\\/capa-de-ovo-farm\\\/\",\"name\":\"Funda Asiento de coche Farm - Gloop Baby\",\"isPartOf\":{\"@id\":\"https:\\\/\\\/gloopbaby.com\\\/es\\\/#website\"},\"primaryImageOfPage\":{\"@id\":\"https:\\\/\\\/gloopbaby.com\\\/es\\\/producto\\\/on-the-go-es\\\/accesorios-para-cochecitos\\\/funda-asiento-de-coche-es\\\/capa-de-ovo-farm\\\/#primaryimage\"},\"image\":{\"@id\":\"https:\\\/\\\/gloopbaby.com\\\/es\\\/producto\\\/on-the-go-es\\\/accesorios-para-cochecitos\\\/funda-asiento-de-coche-es\\\/capa-de-ovo-farm\\\/#primaryimage\"},\"thumbnailUrl\":\"https:\\\/\\\/gloopbaby.com\\\/wp-content\\\/uploads\\\/2023\\\/06\\\/capa-ovo5.jpg\",\"datePublished\":\"2023-06-21T12:56:40+00:00\",\"dateModified\":\"2024-05-09T15:38:33+00:00\",\"breadcrumb\":{\"@id\":\"https:\\\/\\\/gloopbaby.com\\\/es\\\/producto\\\/on-the-go-es\\\/accesorios-para-cochecitos\\\/funda-asiento-de-coche-es\\\/capa-de-ovo-farm\\\/#breadcrumb\"},\"inLanguage\":\"es\",\"potentialAction\":[{\"@type\":\"ReadAction\",\"target\":[\"https:\\\/\\\/gloopbaby.com\\\/es\\\/producto\\\/on-the-go-es\\\/accesorios-para-cochecitos\\\/funda-asiento-de-coche-es\\\/capa-de-ovo-farm\\\/\"]}]},{\"@type\":\"ImageObject\",\"inLanguage\":\"es\",\"@id\":\"https:\\\/\\\/gloopbaby.com\\\/es\\\/producto\\\/on-the-go-es\\\/accesorios-para-cochecitos\\\/funda-asiento-de-coche-es\\\/capa-de-ovo-farm\\\/#primaryimage\",\"url\":\"https:\\\/\\\/gloopbaby.com\\\/wp-content\\\/uploads\\\/2023\\\/06\\\/capa-ovo5.jpg\",\"contentUrl\":\"https:\\\/\\\/gloopbaby.com\\\/wp-content\\\/uploads\\\/2023\\\/06\\\/capa-ovo5.jpg\",\"width\":600,\"height\":900,\"caption\":\"Capa de ovo em algod\u00e3o org\u00e2nico farm\"},{\"@type\":\"BreadcrumbList\",\"@id\":\"https:\\\/\\\/gloopbaby.com\\\/es\\\/producto\\\/on-the-go-es\\\/accesorios-para-cochecitos\\\/funda-asiento-de-coche-es\\\/capa-de-ovo-farm\\\/#breadcrumb\",\"itemListElement\":[{\"@type\":\"ListItem\",\"position\":1,\"name\":\"In\u00edcio\",\"item\":\"https:\\\/\\\/gloopbaby.com\\\/es\\\/\"},{\"@type\":\"ListItem\",\"position\":2,\"name\":\"Shop\",\"item\":\"https:\\\/\\\/gloopbaby.com\\\/loja\\\/\"},{\"@type\":\"ListItem\",\"position\":3,\"name\":\"Funda Asiento de coche Farm\"}]},{\"@type\":\"WebSite\",\"@id\":\"https:\\\/\\\/gloopbaby.com\\\/es\\\/#website\",\"url\":\"https:\\\/\\\/gloopbaby.com\\\/es\\\/\",\"name\":\"Gloop Baby\",\"description\":\"\",\"publisher\":{\"@id\":\"https:\\\/\\\/gloopbaby.com\\\/es\\\/#organization\"},\"potentialAction\":[{\"@type\":\"SearchAction\",\"target\":{\"@type\":\"EntryPoint\",\"urlTemplate\":\"https:\\\/\\\/gloopbaby.com\\\/es\\\/?s={search_term_string}\"},\"query-input\":{\"@type\":\"PropertyValueSpecification\",\"valueRequired\":true,\"valueName\":\"search_term_string\"}}],\"inLanguage\":\"es\"},{\"@type\":\"Organization\",\"@id\":\"https:\\\/\\\/gloopbaby.com\\\/es\\\/#organization\",\"name\":\"Gloop Baby\",\"url\":\"https:\\\/\\\/gloopbaby.com\\\/es\\\/\",\"logo\":{\"@type\":\"ImageObject\",\"inLanguage\":\"es\",\"@id\":\"https:\\\/\\\/gloopbaby.com\\\/es\\\/#\\\/schema\\\/logo\\\/image\\\/\",\"url\":\"https:\\\/\\\/gloopbaby.com\\\/wp-content\\\/uploads\\\/2023\\\/06\\\/gloop-logo.svg\",\"contentUrl\":\"https:\\\/\\\/gloopbaby.com\\\/wp-content\\\/uploads\\\/2023\\\/06\\\/gloop-logo.svg\",\"width\":100,\"height\":100,\"caption\":\"Gloop Baby\"},\"image\":{\"@id\":\"https:\\\/\\\/gloopbaby.com\\\/es\\\/#\\\/schema\\\/logo\\\/image\\\/\"}}]}<\/script>\n<!-- \/ Yoast SEO plugin. -->","yoast_head_json":{"title":"Funda Asiento de coche Farm - Gloop Baby","robots":{"index":"index","follow":"follow","max-snippet":"max-snippet:-1","max-image-preview":"max-image-preview:large","max-video-preview":"max-video-preview:-1"},"canonical":"https:\/\/gloopbaby.com\/es\/producto\/on-the-go-es\/accesorios-para-cochecitos\/funda-asiento-de-coche-es\/capa-de-ovo-farm\/","og_locale":"es_ES","og_type":"article","og_title":"Funda Asiento de coche Farm - Gloop Baby","og_description":"La Funda Asiento de coche gloop! se adapta a la mayor\u00eda de los autom\u00f3viles en el mercado, permite que su beb\u00e9 tenga un viaje m\u00e1s c\u00f3modo. Nuestra pr\u00e1ctica funda har\u00e1 que su silla de paseo se vea m\u00e1s linda. 100% algod\u00f3n org\u00e1nico y fabricado en Portugal. 100x75cm","og_url":"https:\/\/gloopbaby.com\/es\/producto\/on-the-go-es\/accesorios-para-cochecitos\/funda-asiento-de-coche-es\/capa-de-ovo-farm\/","og_site_name":"Gloop Baby","article_modified_time":"2024-05-09T15:38:33+00:00","og_image":[{"width":600,"height":900,"url":"https:\/\/gloopbaby.com\/wp-content\/uploads\/2023\/06\/capa-ovo5.jpg","type":"image\/jpeg"}],"twitter_card":"summary_large_image","schema":{"@context":"https:\/\/schema.org","@graph":[{"@type":"WebPage","@id":"https:\/\/gloopbaby.com\/es\/producto\/on-the-go-es\/accesorios-para-cochecitos\/funda-asiento-de-coche-es\/capa-de-ovo-farm\/","url":"https:\/\/gloopbaby.com\/es\/producto\/on-the-go-es\/accesorios-para-cochecitos\/funda-asiento-de-coche-es\/capa-de-ovo-farm\/","name":"Funda Asiento de coche Farm - Gloop Baby","isPartOf":{"@id":"https:\/\/gloopbaby.com\/es\/#website"},"primaryImageOfPage":{"@id":"https:\/\/gloopbaby.com\/es\/producto\/on-the-go-es\/accesorios-para-cochecitos\/funda-asiento-de-coche-es\/capa-de-ovo-farm\/#primaryimage"},"image":{"@id":"https:\/\/gloopbaby.com\/es\/producto\/on-the-go-es\/accesorios-para-cochecitos\/funda-asiento-de-coche-es\/capa-de-ovo-farm\/#primaryimage"},"thumbnailUrl":"https:\/\/gloopbaby.com\/wp-content\/uploads\/2023\/06\/capa-ovo5.jpg","datePublished":"2023-06-21T12:56:40+00:00","dateModified":"2024-05-09T15:38:33+00:00","breadcrumb":{"@id":"https:\/\/gloopbaby.com\/es\/producto\/on-the-go-es\/accesorios-para-cochecitos\/funda-asiento-de-coche-es\/capa-de-ovo-farm\/#breadcrumb"},"inLanguage":"es","potentialAction":[{"@type":"ReadAction","target":["https:\/\/gloopbaby.com\/es\/producto\/on-the-go-es\/accesorios-para-cochecitos\/funda-asiento-de-coche-es\/capa-de-ovo-farm\/"]}]},{"@type":"ImageObject","inLanguage":"es","@id":"https:\/\/gloopbaby.com\/es\/producto\/on-the-go-es\/accesorios-para-cochecitos\/funda-asiento-de-coche-es\/capa-de-ovo-farm\/#primaryimage","url":"https:\/\/gloopbaby.com\/wp-content\/uploads\/2023\/06\/capa-ovo5.jpg","contentUrl":"https:\/\/gloopbaby.com\/wp-content\/uploads\/2023\/06\/capa-ovo5.jpg","width":600,"height":900,"caption":"Capa de ovo em algod\u00e3o org\u00e2nico farm"},{"@type":"BreadcrumbList","@id":"https:\/\/gloopbaby.com\/es\/producto\/on-the-go-es\/accesorios-para-cochecitos\/funda-asiento-de-coche-es\/capa-de-ovo-farm\/#breadcrumb","itemListElement":[{"@type":"ListItem","position":1,"name":"In\u00edcio","item":"https:\/\/gloopbaby.com\/es\/"},{"@type":"ListItem","position":2,"name":"Shop","item":"https:\/\/gloopbaby.com\/loja\/"},{"@type":"ListItem","position":3,"name":"Funda Asiento de coche Farm"}]},{"@type":"WebSite","@id":"https:\/\/gloopbaby.com\/es\/#website","url":"https:\/\/gloopbaby.com\/es\/","name":"Gloop Baby","description":"","publisher":{"@id":"https:\/\/gloopbaby.com\/es\/#organization"},"potentialAction":[{"@type":"SearchAction","target":{"@type":"EntryPoint","urlTemplate":"https:\/\/gloopbaby.com\/es\/?s={search_term_string}"},"query-input":{"@type":"PropertyValueSpecification","valueRequired":true,"valueName":"search_term_string"}}],"inLanguage":"es"},{"@type":"Organization","@id":"https:\/\/gloopbaby.com\/es\/#organization","name":"Gloop Baby","url":"https:\/\/gloopbaby.com\/es\/","logo":{"@type":"ImageObject","inLanguage":"es","@id":"https:\/\/gloopbaby.com\/es\/#\/schema\/logo\/image\/","url":"https:\/\/gloopbaby.com\/wp-content\/uploads\/2023\/06\/gloop-logo.svg","contentUrl":"https:\/\/gloopbaby.com\/wp-content\/uploads\/2023\/06\/gloop-logo.svg","width":100,"height":100,"caption":"Gloop Baby"},"image":{"@id":"https:\/\/gloopbaby.com\/es\/#\/schema\/logo\/image\/"}}]}},"_links":{"self":[{"href":"https:\/\/gloopbaby.com\/es\/wp-json\/wp\/v2\/product\/14257","targetHints":{"allow":["GET"]}}],"collection":[{"href":"https:\/\/gloopbaby.com\/es\/wp-json\/wp\/v2\/product"}],"about":[{"href":"https:\/\/gloopbaby.com\/es\/wp-json\/wp\/v2\/types\/product"}],"replies":[{"embeddable":true,"href":"https:\/\/gloopbaby.com\/es\/wp-json\/wp\/v2\/comments?post=14257"}],"wp:featuredmedia":[{"embeddable":true,"href":"https:\/\/gloopbaby.com\/es\/wp-json\/wp\/v2\/media\/112985"}],"wp:attachment":[{"href":"https:\/\/gloopbaby.com\/es\/wp-json\/wp\/v2\/media?parent=14257"}],"wp:term":[{"taxonomy":"product_brand","embeddable":true,"href":"https:\/\/gloopbaby.com\/es\/wp-json\/wp\/v2\/product_brand?post=14257"},{"taxonomy":"product_cat","embeddable":true,"href":"https:\/\/gloopbaby.com\/es\/wp-json\/wp\/v2\/product_cat?post=14257"},{"taxonomy":"product_tag","embeddable":true,"href":"https:\/\/gloopbaby.com\/es\/wp-json\/wp\/v2\/product_tag?post=14257"}],"curies":[{"name":"wp","href":"https:\/\/api.w.org\/{rel}","templated":true}]}}