{"id":140580,"date":"2025-11-13T12:41:24","date_gmt":"2025-11-13T12:41:24","guid":{"rendered":"https:\/\/gloopbaby.com\/?post_type=product&#038;p=140580"},"modified":"2025-11-14T09:05:14","modified_gmt":"2025-11-14T09:05:14","slug":"topponcino-farm","status":"publish","type":"product","link":"https:\/\/gloopbaby.com\/es\/producto\/montessori\/topponcino\/topponcino-farm\/","title":{"rendered":"Topponcino Farm"},"content":{"rendered":"<pre id=\"tw-target-text\" class=\"tw-data-text tw-text-large tw-ta\" dir=\"ltr\" tabindex=\"-1\" role=\"text\" data-placeholder=\"Tradu\u00e7\u00e3o\" data-ved=\"2ahUKEwjj89qt7-6QAxWLVaQEHZPaCbkQ3ewLegQIDBAV\" aria-label=\"Texto traduzido: Descubre el Topponcino gloop!, una almohada de apoyo para beb\u00e9s que ofrece comodidad y soporte a tu peque\u00f1o. Fabricada en Portugal con algod\u00f3n 100% org\u00e1nico. Productos para beb\u00e9s de algod\u00f3n org\u00e1nico El Topponcino gloop! es el accesorio ideal para brindarle a tu beb\u00e9 un ambiente acogedor y tranquilo desde su nacimiento. Inspirado en el m\u00e9todo Montessori, el Topponcino gloop! es una almohada de apoyo para beb\u00e9s que ofrece soporte, con el grosor y la seguridad adecuados para proporcionar comodidad durante los primeros meses de vida. Confeccionada con suave y transpirable tela de pa\u00f1al de algod\u00f3n 100% org\u00e1nico, el Topponcino es perfecto para usar en tu regazo, en la cama, en el cochecito o durante la lactancia. Beneficios: Exterior de algod\u00f3n 100% org\u00e1nico, suave para la piel sensible del beb\u00e9, e interior de poli\u00e9ster. Ayuda al beb\u00e9 a dormir mejor y a sentirse protegido. F\u00e1cil de lavar y mantener limpio. Ideal para amamantar, sostener y transportar de forma segura y c\u00f3moda. Tama\u00f1o: 65x40cm El Topponcino es el regalo perfecto para reci\u00e9n nacidos y un elemento esencial para padres que valoran la comodidad, la est\u00e9tica y el bienestar.\"><span class=\"Y2IQFc\" lang=\"es\">El <strong>Topponcino<\/strong> gloop! es el accesorio ideal para brindarle a tu beb\u00e9 un ambiente acogedor y tranquilo desde su nacimiento. Inspirado en el m\u00e9todo Montessori, el Topponcino gloop! es una almohada de apoyo para beb\u00e9s que ofrece soporte, con el grosor y la seguridad adecuados para proporcionar comodidad durante los primeros meses de vida.\r\n\r\nConfeccionada con suave y transpirable tela de pa\u00f1al de <strong>algod\u00f3n 100% org\u00e1nico<\/strong>, el Topponcino es perfecto para usar en tu regazo, en la cama, en el cochecito o durante la lactancia.\r\n\r\n<strong>Beneficios:<\/strong>\r\n\r\n- Exterior de algod\u00f3n 100% org\u00e1nico, suave para la piel sensible del beb\u00e9, e interior de poli\u00e9ster.\r\n\r\n- Ayuda al beb\u00e9 a dormir mejor y a sentirse protegido.\r\n\r\n- F\u00e1cil de lavar y mantener limpio.\r\n\r\n-Ideal para amamantar, sostener y transportar de forma segura y c\u00f3moda.\r\n\r\n- Tama\u00f1o: 65x40cm\r\nEl Topponcino es el regalo perfecto para reci\u00e9n nacidos y un elemento esencial para padres que valoran la comodidad, la est\u00e9tica y el bienestar.<\/span><\/pre>\n","protected":false},"excerpt":{"rendered":"<p>El Topponcino gloop! es el accesorio ideal para brindarle a tu beb\u00e9 un ambiente acogedor y tranquilo desde su nacimiento. Inspirado en el m\u00e9todo Montessori, el Topponcino gloop! es una almohada de apoyo para beb\u00e9s que ofrece soporte, con el grosor y la seguridad adecuados para proporcionar comodidad durante los primeros meses de vida. Confeccionada [&hellip;]<\/p>\n","protected":false},"featured_media":140593,"comment_status":"closed","ping_status":"closed","template":"","meta":{"_acf_changed":false},"product_brand":[],"product_cat":[1270,1339,1218,1962,1965],"product_tag":[],"class_list":{"0":"post-140580","1":"product","2":"type-product","3":"status-publish","4":"has-post-thumbnail","6":"product_cat-home-and-sleep-es","7":"product_cat-collections-es","8":"product_cat-farm-es","9":"product_cat-montessori","10":"product_cat-topponcino","12":"first","13":"instock","14":"taxable","15":"shipping-taxable","16":"purchasable","17":"product-type-simple"},"acf":[],"yoast_head":"<!-- This site is optimized with the Yoast SEO plugin v27.3 - https:\/\/yoast.com\/product\/yoast-seo-wordpress\/ -->\n<title>Topponcino Farm | Productos beb\u00e9s de algod\u00f3n org\u00e1nico - Gloop Baby<\/title>\n<meta name=\"description\" content=\"Descubre el Topponcino gloop! una almohada de apoyo para beb\u00e9s que ofrece comodidad y soporte a tu peque\u00f1o. Fabricada en Portugal con algod\u00f3n 100% org\u00e1nico.\" \/>\n<meta name=\"robots\" content=\"index, follow, max-snippet:-1, max-image-preview:large, max-video-preview:-1\" \/>\n<link rel=\"canonical\" href=\"https:\/\/gloopbaby.com\/es\/producto\/montessori\/topponcino\/topponcino-farm\/\" \/>\n<meta property=\"og:locale\" content=\"es_ES\" \/>\n<meta property=\"og:type\" content=\"article\" \/>\n<meta property=\"og:title\" content=\"Topponcino Farm | Productos beb\u00e9s de algod\u00f3n org\u00e1nico - Gloop Baby\" \/>\n<meta property=\"og:description\" content=\"Descubre el Topponcino gloop! una almohada de apoyo para beb\u00e9s que ofrece comodidad y soporte a tu peque\u00f1o. Fabricada en Portugal con algod\u00f3n 100% org\u00e1nico.\" \/>\n<meta property=\"og:url\" content=\"https:\/\/gloopbaby.com\/es\/producto\/montessori\/topponcino\/topponcino-farm\/\" \/>\n<meta property=\"og:site_name\" content=\"Gloop Baby\" \/>\n<meta property=\"article:modified_time\" content=\"2025-11-14T09:05:14+00:00\" \/>\n<meta property=\"og:image\" content=\"https:\/\/gloopbaby.com\/wp-content\/uploads\/2025\/11\/topponcino-farm-5.jpg\" \/>\n\t<meta property=\"og:image:width\" content=\"600\" \/>\n\t<meta property=\"og:image:height\" content=\"900\" \/>\n\t<meta property=\"og:image:type\" content=\"image\/jpeg\" \/>\n<meta name=\"twitter:card\" content=\"summary_large_image\" \/>\n<meta name=\"twitter:label1\" content=\"Tiempo de lectura\" \/>\n\t<meta name=\"twitter:data1\" content=\"1 minuto\" \/>\n<script type=\"application\/ld+json\" class=\"yoast-schema-graph\">{\"@context\":\"https:\\\/\\\/schema.org\",\"@graph\":[{\"@type\":\"WebPage\",\"@id\":\"https:\\\/\\\/gloopbaby.com\\\/es\\\/producto\\\/montessori\\\/topponcino\\\/topponcino-farm\\\/\",\"url\":\"https:\\\/\\\/gloopbaby.com\\\/es\\\/producto\\\/montessori\\\/topponcino\\\/topponcino-farm\\\/\",\"name\":\"Topponcino Farm | Productos beb\u00e9s de algod\u00f3n org\u00e1nico - Gloop Baby\",\"isPartOf\":{\"@id\":\"https:\\\/\\\/gloopbaby.com\\\/es\\\/#website\"},\"primaryImageOfPage\":{\"@id\":\"https:\\\/\\\/gloopbaby.com\\\/es\\\/producto\\\/montessori\\\/topponcino\\\/topponcino-farm\\\/#primaryimage\"},\"image\":{\"@id\":\"https:\\\/\\\/gloopbaby.com\\\/es\\\/producto\\\/montessori\\\/topponcino\\\/topponcino-farm\\\/#primaryimage\"},\"thumbnailUrl\":\"https:\\\/\\\/gloopbaby.com\\\/wp-content\\\/uploads\\\/2025\\\/11\\\/topponcino-farm-5.jpg\",\"datePublished\":\"2025-11-13T12:41:24+00:00\",\"dateModified\":\"2025-11-14T09:05:14+00:00\",\"description\":\"Descubre el Topponcino gloop! una almohada de apoyo para beb\u00e9s que ofrece comodidad y soporte a tu peque\u00f1o. Fabricada en Portugal con algod\u00f3n 100% org\u00e1nico.\",\"breadcrumb\":{\"@id\":\"https:\\\/\\\/gloopbaby.com\\\/es\\\/producto\\\/montessori\\\/topponcino\\\/topponcino-farm\\\/#breadcrumb\"},\"inLanguage\":\"es\",\"potentialAction\":[{\"@type\":\"ReadAction\",\"target\":[\"https:\\\/\\\/gloopbaby.com\\\/es\\\/producto\\\/montessori\\\/topponcino\\\/topponcino-farm\\\/\"]}]},{\"@type\":\"ImageObject\",\"inLanguage\":\"es\",\"@id\":\"https:\\\/\\\/gloopbaby.com\\\/es\\\/producto\\\/montessori\\\/topponcino\\\/topponcino-farm\\\/#primaryimage\",\"url\":\"https:\\\/\\\/gloopbaby.com\\\/wp-content\\\/uploads\\\/2025\\\/11\\\/topponcino-farm-5.jpg\",\"contentUrl\":\"https:\\\/\\\/gloopbaby.com\\\/wp-content\\\/uploads\\\/2025\\\/11\\\/topponcino-farm-5.jpg\",\"width\":600,\"height\":900},{\"@type\":\"BreadcrumbList\",\"@id\":\"https:\\\/\\\/gloopbaby.com\\\/es\\\/producto\\\/montessori\\\/topponcino\\\/topponcino-farm\\\/#breadcrumb\",\"itemListElement\":[{\"@type\":\"ListItem\",\"position\":1,\"name\":\"In\u00edcio\",\"item\":\"https:\\\/\\\/gloopbaby.com\\\/es\\\/\"},{\"@type\":\"ListItem\",\"position\":2,\"name\":\"Shop\",\"item\":\"https:\\\/\\\/gloopbaby.com\\\/loja\\\/\"},{\"@type\":\"ListItem\",\"position\":3,\"name\":\"Topponcino Farm\"}]},{\"@type\":\"WebSite\",\"@id\":\"https:\\\/\\\/gloopbaby.com\\\/es\\\/#website\",\"url\":\"https:\\\/\\\/gloopbaby.com\\\/es\\\/\",\"name\":\"Gloop Baby\",\"description\":\"\",\"publisher\":{\"@id\":\"https:\\\/\\\/gloopbaby.com\\\/es\\\/#organization\"},\"potentialAction\":[{\"@type\":\"SearchAction\",\"target\":{\"@type\":\"EntryPoint\",\"urlTemplate\":\"https:\\\/\\\/gloopbaby.com\\\/es\\\/?s={search_term_string}\"},\"query-input\":{\"@type\":\"PropertyValueSpecification\",\"valueRequired\":true,\"valueName\":\"search_term_string\"}}],\"inLanguage\":\"es\"},{\"@type\":\"Organization\",\"@id\":\"https:\\\/\\\/gloopbaby.com\\\/es\\\/#organization\",\"name\":\"Gloop Baby\",\"url\":\"https:\\\/\\\/gloopbaby.com\\\/es\\\/\",\"logo\":{\"@type\":\"ImageObject\",\"inLanguage\":\"es\",\"@id\":\"https:\\\/\\\/gloopbaby.com\\\/es\\\/#\\\/schema\\\/logo\\\/image\\\/\",\"url\":\"https:\\\/\\\/gloopbaby.com\\\/wp-content\\\/uploads\\\/2023\\\/06\\\/gloop-logo.svg\",\"contentUrl\":\"https:\\\/\\\/gloopbaby.com\\\/wp-content\\\/uploads\\\/2023\\\/06\\\/gloop-logo.svg\",\"width\":100,\"height\":100,\"caption\":\"Gloop Baby\"},\"image\":{\"@id\":\"https:\\\/\\\/gloopbaby.com\\\/es\\\/#\\\/schema\\\/logo\\\/image\\\/\"}}]}<\/script>\n<!-- \/ Yoast SEO plugin. -->","yoast_head_json":{"title":"Topponcino Farm | Productos beb\u00e9s de algod\u00f3n org\u00e1nico - Gloop Baby","description":"Descubre el Topponcino gloop! una almohada de apoyo para beb\u00e9s que ofrece comodidad y soporte a tu peque\u00f1o. Fabricada en Portugal con algod\u00f3n 100% org\u00e1nico.","robots":{"index":"index","follow":"follow","max-snippet":"max-snippet:-1","max-image-preview":"max-image-preview:large","max-video-preview":"max-video-preview:-1"},"canonical":"https:\/\/gloopbaby.com\/es\/producto\/montessori\/topponcino\/topponcino-farm\/","og_locale":"es_ES","og_type":"article","og_title":"Topponcino Farm | Productos beb\u00e9s de algod\u00f3n org\u00e1nico - Gloop Baby","og_description":"Descubre el Topponcino gloop! una almohada de apoyo para beb\u00e9s que ofrece comodidad y soporte a tu peque\u00f1o. Fabricada en Portugal con algod\u00f3n 100% org\u00e1nico.","og_url":"https:\/\/gloopbaby.com\/es\/producto\/montessori\/topponcino\/topponcino-farm\/","og_site_name":"Gloop Baby","article_modified_time":"2025-11-14T09:05:14+00:00","og_image":[{"width":600,"height":900,"url":"https:\/\/gloopbaby.com\/wp-content\/uploads\/2025\/11\/topponcino-farm-5.jpg","type":"image\/jpeg"}],"twitter_card":"summary_large_image","twitter_misc":{"Tiempo de lectura":"1 minuto"},"schema":{"@context":"https:\/\/schema.org","@graph":[{"@type":"WebPage","@id":"https:\/\/gloopbaby.com\/es\/producto\/montessori\/topponcino\/topponcino-farm\/","url":"https:\/\/gloopbaby.com\/es\/producto\/montessori\/topponcino\/topponcino-farm\/","name":"Topponcino Farm | Productos beb\u00e9s de algod\u00f3n org\u00e1nico - Gloop Baby","isPartOf":{"@id":"https:\/\/gloopbaby.com\/es\/#website"},"primaryImageOfPage":{"@id":"https:\/\/gloopbaby.com\/es\/producto\/montessori\/topponcino\/topponcino-farm\/#primaryimage"},"image":{"@id":"https:\/\/gloopbaby.com\/es\/producto\/montessori\/topponcino\/topponcino-farm\/#primaryimage"},"thumbnailUrl":"https:\/\/gloopbaby.com\/wp-content\/uploads\/2025\/11\/topponcino-farm-5.jpg","datePublished":"2025-11-13T12:41:24+00:00","dateModified":"2025-11-14T09:05:14+00:00","description":"Descubre el Topponcino gloop! una almohada de apoyo para beb\u00e9s que ofrece comodidad y soporte a tu peque\u00f1o. Fabricada en Portugal con algod\u00f3n 100% org\u00e1nico.","breadcrumb":{"@id":"https:\/\/gloopbaby.com\/es\/producto\/montessori\/topponcino\/topponcino-farm\/#breadcrumb"},"inLanguage":"es","potentialAction":[{"@type":"ReadAction","target":["https:\/\/gloopbaby.com\/es\/producto\/montessori\/topponcino\/topponcino-farm\/"]}]},{"@type":"ImageObject","inLanguage":"es","@id":"https:\/\/gloopbaby.com\/es\/producto\/montessori\/topponcino\/topponcino-farm\/#primaryimage","url":"https:\/\/gloopbaby.com\/wp-content\/uploads\/2025\/11\/topponcino-farm-5.jpg","contentUrl":"https:\/\/gloopbaby.com\/wp-content\/uploads\/2025\/11\/topponcino-farm-5.jpg","width":600,"height":900},{"@type":"BreadcrumbList","@id":"https:\/\/gloopbaby.com\/es\/producto\/montessori\/topponcino\/topponcino-farm\/#breadcrumb","itemListElement":[{"@type":"ListItem","position":1,"name":"In\u00edcio","item":"https:\/\/gloopbaby.com\/es\/"},{"@type":"ListItem","position":2,"name":"Shop","item":"https:\/\/gloopbaby.com\/loja\/"},{"@type":"ListItem","position":3,"name":"Topponcino Farm"}]},{"@type":"WebSite","@id":"https:\/\/gloopbaby.com\/es\/#website","url":"https:\/\/gloopbaby.com\/es\/","name":"Gloop Baby","description":"","publisher":{"@id":"https:\/\/gloopbaby.com\/es\/#organization"},"potentialAction":[{"@type":"SearchAction","target":{"@type":"EntryPoint","urlTemplate":"https:\/\/gloopbaby.com\/es\/?s={search_term_string}"},"query-input":{"@type":"PropertyValueSpecification","valueRequired":true,"valueName":"search_term_string"}}],"inLanguage":"es"},{"@type":"Organization","@id":"https:\/\/gloopbaby.com\/es\/#organization","name":"Gloop Baby","url":"https:\/\/gloopbaby.com\/es\/","logo":{"@type":"ImageObject","inLanguage":"es","@id":"https:\/\/gloopbaby.com\/es\/#\/schema\/logo\/image\/","url":"https:\/\/gloopbaby.com\/wp-content\/uploads\/2023\/06\/gloop-logo.svg","contentUrl":"https:\/\/gloopbaby.com\/wp-content\/uploads\/2023\/06\/gloop-logo.svg","width":100,"height":100,"caption":"Gloop Baby"},"image":{"@id":"https:\/\/gloopbaby.com\/es\/#\/schema\/logo\/image\/"}}]}},"_links":{"self":[{"href":"https:\/\/gloopbaby.com\/es\/wp-json\/wp\/v2\/product\/140580","targetHints":{"allow":["GET"]}}],"collection":[{"href":"https:\/\/gloopbaby.com\/es\/wp-json\/wp\/v2\/product"}],"about":[{"href":"https:\/\/gloopbaby.com\/es\/wp-json\/wp\/v2\/types\/product"}],"replies":[{"embeddable":true,"href":"https:\/\/gloopbaby.com\/es\/wp-json\/wp\/v2\/comments?post=140580"}],"wp:featuredmedia":[{"embeddable":true,"href":"https:\/\/gloopbaby.com\/es\/wp-json\/wp\/v2\/media\/140593"}],"wp:attachment":[{"href":"https:\/\/gloopbaby.com\/es\/wp-json\/wp\/v2\/media?parent=140580"}],"wp:term":[{"taxonomy":"product_brand","embeddable":true,"href":"https:\/\/gloopbaby.com\/es\/wp-json\/wp\/v2\/product_brand?post=140580"},{"taxonomy":"product_cat","embeddable":true,"href":"https:\/\/gloopbaby.com\/es\/wp-json\/wp\/v2\/product_cat?post=140580"},{"taxonomy":"product_tag","embeddable":true,"href":"https:\/\/gloopbaby.com\/es\/wp-json\/wp\/v2\/product_tag?post=140580"}],"curies":[{"name":"wp","href":"https:\/\/api.w.org\/{rel}","templated":true}]}}