{"id":140343,"date":"2025-11-12T14:18:13","date_gmt":"2025-11-12T14:18:13","guid":{"rendered":"https:\/\/gloopbaby.com\/?post_type=product&#038;p=140343"},"modified":"2025-11-12T14:46:17","modified_gmt":"2025-11-12T14:46:17","slug":"dispensador-de-toallitas-soft-sky","status":"publish","type":"product","link":"https:\/\/gloopbaby.com\/es\/producto\/on-the-go-es\/paseo\/dispensador-de-toallitas\/dispensador-de-toallitas-soft-sky\/","title":{"rendered":"Dispensador de Toallitas Soft Sky"},"content":{"rendered":"<pre id=\"tw-target-text\" class=\"tw-data-text tw-text-large tw-ta\" dir=\"ltr\" tabindex=\"-1\" role=\"text\" data-placeholder=\"Tradu\u00e7\u00e3o\" data-ved=\"2ahUKEwj6p8HDneyQAxXGTKQEHS-ENWsQ3ewLegQIDBAV\" aria-label=\"Texto traduzido: El dispensador de toallitas Gloop! es ideal para que tu rutina sea m\u00e1s pr\u00e1ctica y organizada. Perfecto para guardar toallitas h\u00famedas, este accesorio es ideal para llevar en el bolso, el carrito o de viaje. Cuenta con un dise\u00f1o de f\u00e1cil apertura para sacar las toallitas con facilidad y un bolsillo adicional para guardar pa\u00f1ales, cremas u otros art\u00edculos esenciales. Confeccionado con algod\u00f3n 100% org\u00e1nico, el dispensador de toallitas es suave, resistente y seguro para la piel del beb\u00e9. Beneficios: Hecho de algod\u00f3n 100% org\u00e1nico y fabricado en Portugal Compacto y f\u00e1cil de llevar Ideal para paseos y cambios de pa\u00f1al r\u00e1pidos Lavable y reutilizable Productos para beb\u00e9s de algod\u00f3n org\u00e1nico\"><span class=\"Y2IQFc\" lang=\"es\">El <strong>Dispensador de toallitas<\/strong> Gloop! es ideal para que tu rutina sea m\u00e1s pr\u00e1ctica y organizada. Perfecto para guardar toallitas h\u00famedas, este accesorio es ideal para llevar en la bolsa de maternidad, el carrito o de viaje. Cuenta con un dise\u00f1o de f\u00e1cil apertura para sacar las toallitas con facilidad y un bolsillo adicional para guardar pa\u00f1ales, cremas u otros art\u00edculos esenciales.\r\n\r\nConfeccionado con algod\u00f3n 100% org\u00e1nico, el dispensador de toallitas es suave, resistente y seguro para la piel del beb\u00e9.\r\n\r\n<strong>Beneficios:<\/strong>\r\n\r\n- Hecho de algod\u00f3n 100% org\u00e1nico y fabricado en Portugal\r\n\r\n- Compacto y f\u00e1cil de llevar\r\n\r\n- Ideal para paseos y cambios de pa\u00f1al r\u00e1pidos\r\n\r\n- Lavable y reutilizable<\/span><\/pre>\n","protected":false},"excerpt":{"rendered":"<p>El Dispensador de toallitas Gloop! es ideal para que tu rutina sea m\u00e1s pr\u00e1ctica y organizada. Perfecto para guardar toallitas h\u00famedas, este accesorio es ideal para llevar en la bolsa de maternidad, el carrito o de viaje. Cuenta con un dise\u00f1o de f\u00e1cil apertura para sacar las toallitas con facilidad y un bolsillo adicional para [&hellip;]<\/p>\n","protected":false},"featured_media":140352,"comment_status":"closed","ping_status":"closed","template":"","meta":{"_acf_changed":false},"product_brand":[],"product_cat":[1339,1955,1907,1243,1308],"product_tag":[],"class_list":{"0":"post-140343","1":"product","2":"type-product","3":"status-publish","4":"has-post-thumbnail","6":"product_cat-collections-es","7":"product_cat-dispensador-de-toallitas","8":"product_cat-paseo","9":"product_cat-on-the-go-es","10":"product_cat-soft-sky-es","12":"first","13":"instock","14":"taxable","15":"shipping-taxable","16":"purchasable","17":"product-type-simple"},"acf":[],"yoast_head":"<!-- This site is optimized with the Yoast SEO plugin v27.3 - https:\/\/yoast.com\/product\/yoast-seo-wordpress\/ -->\n<title>Dispensador de Toallitas Soft Sky - Gloop Baby<\/title>\n<meta name=\"description\" content=\"El Dispensador de toallitas Gloop! es ideal para guardar toallitas h\u00famedas, es ideal para llevar en la bolsa de maternidad. Hecho con algod\u00f3n 100% org\u00e1nico.\" \/>\n<meta name=\"robots\" content=\"index, follow, max-snippet:-1, max-image-preview:large, max-video-preview:-1\" \/>\n<link rel=\"canonical\" href=\"https:\/\/gloopbaby.com\/es\/producto\/on-the-go-es\/paseo\/dispensador-de-toallitas\/dispensador-de-toallitas-soft-sky\/\" \/>\n<meta property=\"og:locale\" content=\"es_ES\" \/>\n<meta property=\"og:type\" content=\"article\" \/>\n<meta property=\"og:title\" content=\"Dispensador de Toallitas Soft Sky - Gloop Baby\" \/>\n<meta property=\"og:description\" content=\"El Dispensador de toallitas Gloop! es ideal para guardar toallitas h\u00famedas, es ideal para llevar en la bolsa de maternidad. Hecho con algod\u00f3n 100% org\u00e1nico.\" \/>\n<meta property=\"og:url\" content=\"https:\/\/gloopbaby.com\/es\/producto\/on-the-go-es\/paseo\/dispensador-de-toallitas\/dispensador-de-toallitas-soft-sky\/\" \/>\n<meta property=\"og:site_name\" content=\"Gloop Baby\" \/>\n<meta property=\"article:modified_time\" content=\"2025-11-12T14:46:17+00:00\" \/>\n<meta property=\"og:image\" content=\"https:\/\/gloopbaby.com\/wp-content\/uploads\/2025\/11\/porta-toalhitas-soft-sky-4.jpg\" \/>\n\t<meta property=\"og:image:width\" content=\"600\" \/>\n\t<meta property=\"og:image:height\" content=\"900\" \/>\n\t<meta property=\"og:image:type\" content=\"image\/jpeg\" \/>\n<meta name=\"twitter:card\" content=\"summary_large_image\" \/>\n<meta name=\"twitter:label1\" content=\"Tiempo de lectura\" \/>\n\t<meta name=\"twitter:data1\" content=\"1 minuto\" \/>\n<script type=\"application\/ld+json\" class=\"yoast-schema-graph\">{\"@context\":\"https:\\\/\\\/schema.org\",\"@graph\":[{\"@type\":\"WebPage\",\"@id\":\"https:\\\/\\\/gloopbaby.com\\\/es\\\/producto\\\/on-the-go-es\\\/paseo\\\/dispensador-de-toallitas\\\/dispensador-de-toallitas-soft-sky\\\/\",\"url\":\"https:\\\/\\\/gloopbaby.com\\\/es\\\/producto\\\/on-the-go-es\\\/paseo\\\/dispensador-de-toallitas\\\/dispensador-de-toallitas-soft-sky\\\/\",\"name\":\"Dispensador de Toallitas Soft Sky - Gloop Baby\",\"isPartOf\":{\"@id\":\"https:\\\/\\\/gloopbaby.com\\\/es\\\/#website\"},\"primaryImageOfPage\":{\"@id\":\"https:\\\/\\\/gloopbaby.com\\\/es\\\/producto\\\/on-the-go-es\\\/paseo\\\/dispensador-de-toallitas\\\/dispensador-de-toallitas-soft-sky\\\/#primaryimage\"},\"image\":{\"@id\":\"https:\\\/\\\/gloopbaby.com\\\/es\\\/producto\\\/on-the-go-es\\\/paseo\\\/dispensador-de-toallitas\\\/dispensador-de-toallitas-soft-sky\\\/#primaryimage\"},\"thumbnailUrl\":\"https:\\\/\\\/gloopbaby.com\\\/wp-content\\\/uploads\\\/2025\\\/11\\\/porta-toalhitas-soft-sky-4.jpg\",\"datePublished\":\"2025-11-12T14:18:13+00:00\",\"dateModified\":\"2025-11-12T14:46:17+00:00\",\"description\":\"El Dispensador de toallitas Gloop! es ideal para guardar toallitas h\u00famedas, es ideal para llevar en la bolsa de maternidad. Hecho con algod\u00f3n 100% org\u00e1nico.\",\"breadcrumb\":{\"@id\":\"https:\\\/\\\/gloopbaby.com\\\/es\\\/producto\\\/on-the-go-es\\\/paseo\\\/dispensador-de-toallitas\\\/dispensador-de-toallitas-soft-sky\\\/#breadcrumb\"},\"inLanguage\":\"es\",\"potentialAction\":[{\"@type\":\"ReadAction\",\"target\":[\"https:\\\/\\\/gloopbaby.com\\\/es\\\/producto\\\/on-the-go-es\\\/paseo\\\/dispensador-de-toallitas\\\/dispensador-de-toallitas-soft-sky\\\/\"]}]},{\"@type\":\"ImageObject\",\"inLanguage\":\"es\",\"@id\":\"https:\\\/\\\/gloopbaby.com\\\/es\\\/producto\\\/on-the-go-es\\\/paseo\\\/dispensador-de-toallitas\\\/dispensador-de-toallitas-soft-sky\\\/#primaryimage\",\"url\":\"https:\\\/\\\/gloopbaby.com\\\/wp-content\\\/uploads\\\/2025\\\/11\\\/porta-toalhitas-soft-sky-4.jpg\",\"contentUrl\":\"https:\\\/\\\/gloopbaby.com\\\/wp-content\\\/uploads\\\/2025\\\/11\\\/porta-toalhitas-soft-sky-4.jpg\",\"width\":600,\"height\":900},{\"@type\":\"BreadcrumbList\",\"@id\":\"https:\\\/\\\/gloopbaby.com\\\/es\\\/producto\\\/on-the-go-es\\\/paseo\\\/dispensador-de-toallitas\\\/dispensador-de-toallitas-soft-sky\\\/#breadcrumb\",\"itemListElement\":[{\"@type\":\"ListItem\",\"position\":1,\"name\":\"In\u00edcio\",\"item\":\"https:\\\/\\\/gloopbaby.com\\\/es\\\/\"},{\"@type\":\"ListItem\",\"position\":2,\"name\":\"Shop\",\"item\":\"https:\\\/\\\/gloopbaby.com\\\/loja\\\/\"},{\"@type\":\"ListItem\",\"position\":3,\"name\":\"Dispensador de Toallitas Soft Sky\"}]},{\"@type\":\"WebSite\",\"@id\":\"https:\\\/\\\/gloopbaby.com\\\/es\\\/#website\",\"url\":\"https:\\\/\\\/gloopbaby.com\\\/es\\\/\",\"name\":\"Gloop Baby\",\"description\":\"\",\"publisher\":{\"@id\":\"https:\\\/\\\/gloopbaby.com\\\/es\\\/#organization\"},\"potentialAction\":[{\"@type\":\"SearchAction\",\"target\":{\"@type\":\"EntryPoint\",\"urlTemplate\":\"https:\\\/\\\/gloopbaby.com\\\/es\\\/?s={search_term_string}\"},\"query-input\":{\"@type\":\"PropertyValueSpecification\",\"valueRequired\":true,\"valueName\":\"search_term_string\"}}],\"inLanguage\":\"es\"},{\"@type\":\"Organization\",\"@id\":\"https:\\\/\\\/gloopbaby.com\\\/es\\\/#organization\",\"name\":\"Gloop Baby\",\"url\":\"https:\\\/\\\/gloopbaby.com\\\/es\\\/\",\"logo\":{\"@type\":\"ImageObject\",\"inLanguage\":\"es\",\"@id\":\"https:\\\/\\\/gloopbaby.com\\\/es\\\/#\\\/schema\\\/logo\\\/image\\\/\",\"url\":\"https:\\\/\\\/gloopbaby.com\\\/wp-content\\\/uploads\\\/2023\\\/06\\\/gloop-logo.svg\",\"contentUrl\":\"https:\\\/\\\/gloopbaby.com\\\/wp-content\\\/uploads\\\/2023\\\/06\\\/gloop-logo.svg\",\"width\":100,\"height\":100,\"caption\":\"Gloop Baby\"},\"image\":{\"@id\":\"https:\\\/\\\/gloopbaby.com\\\/es\\\/#\\\/schema\\\/logo\\\/image\\\/\"}}]}<\/script>\n<!-- \/ Yoast SEO plugin. -->","yoast_head_json":{"title":"Dispensador de Toallitas Soft Sky - Gloop Baby","description":"El Dispensador de toallitas Gloop! es ideal para guardar toallitas h\u00famedas, es ideal para llevar en la bolsa de maternidad. Hecho con algod\u00f3n 100% org\u00e1nico.","robots":{"index":"index","follow":"follow","max-snippet":"max-snippet:-1","max-image-preview":"max-image-preview:large","max-video-preview":"max-video-preview:-1"},"canonical":"https:\/\/gloopbaby.com\/es\/producto\/on-the-go-es\/paseo\/dispensador-de-toallitas\/dispensador-de-toallitas-soft-sky\/","og_locale":"es_ES","og_type":"article","og_title":"Dispensador de Toallitas Soft Sky - Gloop Baby","og_description":"El Dispensador de toallitas Gloop! es ideal para guardar toallitas h\u00famedas, es ideal para llevar en la bolsa de maternidad. Hecho con algod\u00f3n 100% org\u00e1nico.","og_url":"https:\/\/gloopbaby.com\/es\/producto\/on-the-go-es\/paseo\/dispensador-de-toallitas\/dispensador-de-toallitas-soft-sky\/","og_site_name":"Gloop Baby","article_modified_time":"2025-11-12T14:46:17+00:00","og_image":[{"width":600,"height":900,"url":"https:\/\/gloopbaby.com\/wp-content\/uploads\/2025\/11\/porta-toalhitas-soft-sky-4.jpg","type":"image\/jpeg"}],"twitter_card":"summary_large_image","twitter_misc":{"Tiempo de lectura":"1 minuto"},"schema":{"@context":"https:\/\/schema.org","@graph":[{"@type":"WebPage","@id":"https:\/\/gloopbaby.com\/es\/producto\/on-the-go-es\/paseo\/dispensador-de-toallitas\/dispensador-de-toallitas-soft-sky\/","url":"https:\/\/gloopbaby.com\/es\/producto\/on-the-go-es\/paseo\/dispensador-de-toallitas\/dispensador-de-toallitas-soft-sky\/","name":"Dispensador de Toallitas Soft Sky - Gloop Baby","isPartOf":{"@id":"https:\/\/gloopbaby.com\/es\/#website"},"primaryImageOfPage":{"@id":"https:\/\/gloopbaby.com\/es\/producto\/on-the-go-es\/paseo\/dispensador-de-toallitas\/dispensador-de-toallitas-soft-sky\/#primaryimage"},"image":{"@id":"https:\/\/gloopbaby.com\/es\/producto\/on-the-go-es\/paseo\/dispensador-de-toallitas\/dispensador-de-toallitas-soft-sky\/#primaryimage"},"thumbnailUrl":"https:\/\/gloopbaby.com\/wp-content\/uploads\/2025\/11\/porta-toalhitas-soft-sky-4.jpg","datePublished":"2025-11-12T14:18:13+00:00","dateModified":"2025-11-12T14:46:17+00:00","description":"El Dispensador de toallitas Gloop! es ideal para guardar toallitas h\u00famedas, es ideal para llevar en la bolsa de maternidad. Hecho con algod\u00f3n 100% org\u00e1nico.","breadcrumb":{"@id":"https:\/\/gloopbaby.com\/es\/producto\/on-the-go-es\/paseo\/dispensador-de-toallitas\/dispensador-de-toallitas-soft-sky\/#breadcrumb"},"inLanguage":"es","potentialAction":[{"@type":"ReadAction","target":["https:\/\/gloopbaby.com\/es\/producto\/on-the-go-es\/paseo\/dispensador-de-toallitas\/dispensador-de-toallitas-soft-sky\/"]}]},{"@type":"ImageObject","inLanguage":"es","@id":"https:\/\/gloopbaby.com\/es\/producto\/on-the-go-es\/paseo\/dispensador-de-toallitas\/dispensador-de-toallitas-soft-sky\/#primaryimage","url":"https:\/\/gloopbaby.com\/wp-content\/uploads\/2025\/11\/porta-toalhitas-soft-sky-4.jpg","contentUrl":"https:\/\/gloopbaby.com\/wp-content\/uploads\/2025\/11\/porta-toalhitas-soft-sky-4.jpg","width":600,"height":900},{"@type":"BreadcrumbList","@id":"https:\/\/gloopbaby.com\/es\/producto\/on-the-go-es\/paseo\/dispensador-de-toallitas\/dispensador-de-toallitas-soft-sky\/#breadcrumb","itemListElement":[{"@type":"ListItem","position":1,"name":"In\u00edcio","item":"https:\/\/gloopbaby.com\/es\/"},{"@type":"ListItem","position":2,"name":"Shop","item":"https:\/\/gloopbaby.com\/loja\/"},{"@type":"ListItem","position":3,"name":"Dispensador de Toallitas Soft Sky"}]},{"@type":"WebSite","@id":"https:\/\/gloopbaby.com\/es\/#website","url":"https:\/\/gloopbaby.com\/es\/","name":"Gloop Baby","description":"","publisher":{"@id":"https:\/\/gloopbaby.com\/es\/#organization"},"potentialAction":[{"@type":"SearchAction","target":{"@type":"EntryPoint","urlTemplate":"https:\/\/gloopbaby.com\/es\/?s={search_term_string}"},"query-input":{"@type":"PropertyValueSpecification","valueRequired":true,"valueName":"search_term_string"}}],"inLanguage":"es"},{"@type":"Organization","@id":"https:\/\/gloopbaby.com\/es\/#organization","name":"Gloop Baby","url":"https:\/\/gloopbaby.com\/es\/","logo":{"@type":"ImageObject","inLanguage":"es","@id":"https:\/\/gloopbaby.com\/es\/#\/schema\/logo\/image\/","url":"https:\/\/gloopbaby.com\/wp-content\/uploads\/2023\/06\/gloop-logo.svg","contentUrl":"https:\/\/gloopbaby.com\/wp-content\/uploads\/2023\/06\/gloop-logo.svg","width":100,"height":100,"caption":"Gloop Baby"},"image":{"@id":"https:\/\/gloopbaby.com\/es\/#\/schema\/logo\/image\/"}}]}},"_links":{"self":[{"href":"https:\/\/gloopbaby.com\/es\/wp-json\/wp\/v2\/product\/140343","targetHints":{"allow":["GET"]}}],"collection":[{"href":"https:\/\/gloopbaby.com\/es\/wp-json\/wp\/v2\/product"}],"about":[{"href":"https:\/\/gloopbaby.com\/es\/wp-json\/wp\/v2\/types\/product"}],"replies":[{"embeddable":true,"href":"https:\/\/gloopbaby.com\/es\/wp-json\/wp\/v2\/comments?post=140343"}],"wp:featuredmedia":[{"embeddable":true,"href":"https:\/\/gloopbaby.com\/es\/wp-json\/wp\/v2\/media\/140352"}],"wp:attachment":[{"href":"https:\/\/gloopbaby.com\/es\/wp-json\/wp\/v2\/media?parent=140343"}],"wp:term":[{"taxonomy":"product_brand","embeddable":true,"href":"https:\/\/gloopbaby.com\/es\/wp-json\/wp\/v2\/product_brand?post=140343"},{"taxonomy":"product_cat","embeddable":true,"href":"https:\/\/gloopbaby.com\/es\/wp-json\/wp\/v2\/product_cat?post=140343"},{"taxonomy":"product_tag","embeddable":true,"href":"https:\/\/gloopbaby.com\/es\/wp-json\/wp\/v2\/product_tag?post=140343"}],"curies":[{"name":"wp","href":"https:\/\/api.w.org\/{rel}","templated":true}]}}