{"id":140080,"date":"2025-11-11T09:16:17","date_gmt":"2025-11-11T09:16:17","guid":{"rendered":"https:\/\/gloopbaby.com\/?post_type=product&#038;p=140080"},"modified":"2025-11-14T15:39:47","modified_gmt":"2025-11-14T15:39:47","slug":"kit-paseo-organic-green","status":"publish","type":"product","link":"https:\/\/gloopbaby.com\/es\/producto\/kit-gloop\/kit-paseo-organic-green\/","title":{"rendered":"Kit Paseo Organic Green"},"content":{"rendered":"<pre id=\"tw-target-text\" class=\"tw-data-text tw-text-large tw-ta\" dir=\"ltr\" tabindex=\"-1\" role=\"text\" data-placeholder=\"Tradu\u00e7\u00e3o\" data-ved=\"2ahUKEwiOiMvfzeeQAxVfTaQEHfq9MpYQ3ewLegQIDBAV\" aria-label=\"Texto traduzido: El Kit para Cochecito es la opci\u00f3n perfecta para quienes buscan calidad y comodidad al pasear a su beb\u00e9. Este conjunto incluye un cambiador port\u00e1til, un porta toallitas y un porta chupetes de tela, todos elaborados con algod\u00f3n 100% org\u00e1nico, lo que garantiza un tacto suave y natural para la delicada piel del beb\u00e9. Ideal para el uso diario o como regalo, estos productos esenciales, duraderos y sostenibles son perfectos para tu beb\u00e9. El algod\u00f3n org\u00e1nico se cultiva sin pesticidas ni qu\u00edmicos, lo que hace que el kit no solo sea m\u00e1s seguro para tu beb\u00e9, sino tambi\u00e9n m\u00e1s ecol\u00f3gico. Cochecito\"><span class=\"Y2IQFc\" lang=\"es\">El Kit para Paseo es la opci\u00f3n perfecta para quienes buscan calidad y comodidad al pasear a su beb\u00e9. Este conjunto incluye un cambiador port\u00e1til, un porta toallitas y un porta chupetes de tela, todos elaborados con algod\u00f3n 100% org\u00e1nico, lo que garantiza un tacto suave y natural para la delicada piel del beb\u00e9.\r\n\r\nIdeal para el uso diario o como regalo, estos productos esenciales, duraderos y sostenibles son perfectos para tu beb\u00e9. El algod\u00f3n org\u00e1nico se cultiva sin pesticidas ni qu\u00edmicos, lo que hace que el kit no solo sea m\u00e1s seguro para tu beb\u00e9, sino tambi\u00e9n m\u00e1s ecol\u00f3gico.<\/span><\/pre>\n","protected":false},"excerpt":{"rendered":"<p>El Kit para Paseo es la opci\u00f3n perfecta para quienes buscan calidad y comodidad al pasear a su beb\u00e9. Este conjunto incluye un cambiador port\u00e1til, un porta toallitas y un porta chupetes de tela, todos elaborados con algod\u00f3n 100% org\u00e1nico, lo que garantiza un tacto suave y natural para la delicada piel del beb\u00e9. Ideal [&hellip;]<\/p>\n","protected":false},"featured_media":140093,"comment_status":"closed","ping_status":"closed","template":"","meta":{"_acf_changed":false},"product_brand":[],"product_cat":[1951],"product_tag":[],"class_list":{"0":"post-140080","1":"product","2":"type-product","3":"status-publish","4":"has-post-thumbnail","6":"product_cat-kit-gloop","8":"first","9":"instock","10":"taxable","11":"shipping-taxable","12":"purchasable","13":"product-type-simple"},"acf":[],"yoast_head":"<!-- This site is optimized with the Yoast SEO plugin v27.3 - https:\/\/yoast.com\/product\/yoast-seo-wordpress\/ -->\n<title>Kit Paseo Organic Green | Productos para beb\u00e9s algod\u00f3n org\u00e1nico - Gloop Baby<\/title>\n<meta name=\"description\" content=\"El kit para Paseo es la opci\u00f3n ideal para quienes buscan calidad y comodidad al pasear con su beb\u00e9. 100% algod\u00f3n org\u00e1nico, hecho en Portugal.\" \/>\n<meta name=\"robots\" content=\"index, follow, max-snippet:-1, max-image-preview:large, max-video-preview:-1\" \/>\n<link rel=\"canonical\" href=\"https:\/\/gloopbaby.com\/es\/producto\/kit-gloop\/kit-paseo-organic-green\/\" \/>\n<meta property=\"og:locale\" content=\"es_ES\" \/>\n<meta property=\"og:type\" content=\"article\" \/>\n<meta property=\"og:title\" content=\"Kit Paseo Organic Green | Productos para beb\u00e9s algod\u00f3n org\u00e1nico - Gloop Baby\" \/>\n<meta property=\"og:description\" content=\"El kit para Paseo es la opci\u00f3n ideal para quienes buscan calidad y comodidad al pasear con su beb\u00e9. 100% algod\u00f3n org\u00e1nico, hecho en Portugal.\" \/>\n<meta property=\"og:url\" content=\"https:\/\/gloopbaby.com\/es\/producto\/kit-gloop\/kit-paseo-organic-green\/\" \/>\n<meta property=\"og:site_name\" content=\"Gloop Baby\" \/>\n<meta property=\"article:modified_time\" content=\"2025-11-14T15:39:47+00:00\" \/>\n<meta property=\"og:image\" content=\"https:\/\/gloopbaby.com\/wp-content\/uploads\/2025\/11\/kit-passeio-organic-green-4.jpg\" \/>\n\t<meta property=\"og:image:width\" content=\"600\" \/>\n\t<meta property=\"og:image:height\" content=\"900\" \/>\n\t<meta property=\"og:image:type\" content=\"image\/jpeg\" \/>\n<meta name=\"twitter:card\" content=\"summary_large_image\" \/>\n<meta name=\"twitter:label1\" content=\"Tiempo de lectura\" \/>\n\t<meta name=\"twitter:data1\" content=\"1 minuto\" \/>\n<script type=\"application\/ld+json\" class=\"yoast-schema-graph\">{\"@context\":\"https:\\\/\\\/schema.org\",\"@graph\":[{\"@type\":\"WebPage\",\"@id\":\"https:\\\/\\\/gloopbaby.com\\\/es\\\/producto\\\/kit-gloop\\\/kit-paseo-organic-green\\\/\",\"url\":\"https:\\\/\\\/gloopbaby.com\\\/es\\\/producto\\\/kit-gloop\\\/kit-paseo-organic-green\\\/\",\"name\":\"Kit Paseo Organic Green | Productos para beb\u00e9s algod\u00f3n org\u00e1nico - Gloop Baby\",\"isPartOf\":{\"@id\":\"https:\\\/\\\/gloopbaby.com\\\/es\\\/#website\"},\"primaryImageOfPage\":{\"@id\":\"https:\\\/\\\/gloopbaby.com\\\/es\\\/producto\\\/kit-gloop\\\/kit-paseo-organic-green\\\/#primaryimage\"},\"image\":{\"@id\":\"https:\\\/\\\/gloopbaby.com\\\/es\\\/producto\\\/kit-gloop\\\/kit-paseo-organic-green\\\/#primaryimage\"},\"thumbnailUrl\":\"https:\\\/\\\/gloopbaby.com\\\/wp-content\\\/uploads\\\/2025\\\/11\\\/kit-passeio-organic-green-4.jpg\",\"datePublished\":\"2025-11-11T09:16:17+00:00\",\"dateModified\":\"2025-11-14T15:39:47+00:00\",\"description\":\"El kit para Paseo es la opci\u00f3n ideal para quienes buscan calidad y comodidad al pasear con su beb\u00e9. 100% algod\u00f3n org\u00e1nico, hecho en Portugal.\",\"breadcrumb\":{\"@id\":\"https:\\\/\\\/gloopbaby.com\\\/es\\\/producto\\\/kit-gloop\\\/kit-paseo-organic-green\\\/#breadcrumb\"},\"inLanguage\":\"es\",\"potentialAction\":[{\"@type\":\"ReadAction\",\"target\":[\"https:\\\/\\\/gloopbaby.com\\\/es\\\/producto\\\/kit-gloop\\\/kit-paseo-organic-green\\\/\"]}]},{\"@type\":\"ImageObject\",\"inLanguage\":\"es\",\"@id\":\"https:\\\/\\\/gloopbaby.com\\\/es\\\/producto\\\/kit-gloop\\\/kit-paseo-organic-green\\\/#primaryimage\",\"url\":\"https:\\\/\\\/gloopbaby.com\\\/wp-content\\\/uploads\\\/2025\\\/11\\\/kit-passeio-organic-green-4.jpg\",\"contentUrl\":\"https:\\\/\\\/gloopbaby.com\\\/wp-content\\\/uploads\\\/2025\\\/11\\\/kit-passeio-organic-green-4.jpg\",\"width\":600,\"height\":900},{\"@type\":\"BreadcrumbList\",\"@id\":\"https:\\\/\\\/gloopbaby.com\\\/es\\\/producto\\\/kit-gloop\\\/kit-paseo-organic-green\\\/#breadcrumb\",\"itemListElement\":[{\"@type\":\"ListItem\",\"position\":1,\"name\":\"In\u00edcio\",\"item\":\"https:\\\/\\\/gloopbaby.com\\\/es\\\/\"},{\"@type\":\"ListItem\",\"position\":2,\"name\":\"Shop\",\"item\":\"https:\\\/\\\/gloopbaby.com\\\/loja\\\/\"},{\"@type\":\"ListItem\",\"position\":3,\"name\":\"Kit Paseo Organic Green\"}]},{\"@type\":\"WebSite\",\"@id\":\"https:\\\/\\\/gloopbaby.com\\\/es\\\/#website\",\"url\":\"https:\\\/\\\/gloopbaby.com\\\/es\\\/\",\"name\":\"Gloop Baby\",\"description\":\"\",\"publisher\":{\"@id\":\"https:\\\/\\\/gloopbaby.com\\\/es\\\/#organization\"},\"potentialAction\":[{\"@type\":\"SearchAction\",\"target\":{\"@type\":\"EntryPoint\",\"urlTemplate\":\"https:\\\/\\\/gloopbaby.com\\\/es\\\/?s={search_term_string}\"},\"query-input\":{\"@type\":\"PropertyValueSpecification\",\"valueRequired\":true,\"valueName\":\"search_term_string\"}}],\"inLanguage\":\"es\"},{\"@type\":\"Organization\",\"@id\":\"https:\\\/\\\/gloopbaby.com\\\/es\\\/#organization\",\"name\":\"Gloop Baby\",\"url\":\"https:\\\/\\\/gloopbaby.com\\\/es\\\/\",\"logo\":{\"@type\":\"ImageObject\",\"inLanguage\":\"es\",\"@id\":\"https:\\\/\\\/gloopbaby.com\\\/es\\\/#\\\/schema\\\/logo\\\/image\\\/\",\"url\":\"https:\\\/\\\/gloopbaby.com\\\/wp-content\\\/uploads\\\/2023\\\/06\\\/gloop-logo.svg\",\"contentUrl\":\"https:\\\/\\\/gloopbaby.com\\\/wp-content\\\/uploads\\\/2023\\\/06\\\/gloop-logo.svg\",\"width\":100,\"height\":100,\"caption\":\"Gloop Baby\"},\"image\":{\"@id\":\"https:\\\/\\\/gloopbaby.com\\\/es\\\/#\\\/schema\\\/logo\\\/image\\\/\"}}]}<\/script>\n<!-- \/ Yoast SEO plugin. -->","yoast_head_json":{"title":"Kit Paseo Organic Green | Productos para beb\u00e9s algod\u00f3n org\u00e1nico - Gloop Baby","description":"El kit para Paseo es la opci\u00f3n ideal para quienes buscan calidad y comodidad al pasear con su beb\u00e9. 100% algod\u00f3n org\u00e1nico, hecho en Portugal.","robots":{"index":"index","follow":"follow","max-snippet":"max-snippet:-1","max-image-preview":"max-image-preview:large","max-video-preview":"max-video-preview:-1"},"canonical":"https:\/\/gloopbaby.com\/es\/producto\/kit-gloop\/kit-paseo-organic-green\/","og_locale":"es_ES","og_type":"article","og_title":"Kit Paseo Organic Green | Productos para beb\u00e9s algod\u00f3n org\u00e1nico - Gloop Baby","og_description":"El kit para Paseo es la opci\u00f3n ideal para quienes buscan calidad y comodidad al pasear con su beb\u00e9. 100% algod\u00f3n org\u00e1nico, hecho en Portugal.","og_url":"https:\/\/gloopbaby.com\/es\/producto\/kit-gloop\/kit-paseo-organic-green\/","og_site_name":"Gloop Baby","article_modified_time":"2025-11-14T15:39:47+00:00","og_image":[{"width":600,"height":900,"url":"https:\/\/gloopbaby.com\/wp-content\/uploads\/2025\/11\/kit-passeio-organic-green-4.jpg","type":"image\/jpeg"}],"twitter_card":"summary_large_image","twitter_misc":{"Tiempo de lectura":"1 minuto"},"schema":{"@context":"https:\/\/schema.org","@graph":[{"@type":"WebPage","@id":"https:\/\/gloopbaby.com\/es\/producto\/kit-gloop\/kit-paseo-organic-green\/","url":"https:\/\/gloopbaby.com\/es\/producto\/kit-gloop\/kit-paseo-organic-green\/","name":"Kit Paseo Organic Green | Productos para beb\u00e9s algod\u00f3n org\u00e1nico - Gloop Baby","isPartOf":{"@id":"https:\/\/gloopbaby.com\/es\/#website"},"primaryImageOfPage":{"@id":"https:\/\/gloopbaby.com\/es\/producto\/kit-gloop\/kit-paseo-organic-green\/#primaryimage"},"image":{"@id":"https:\/\/gloopbaby.com\/es\/producto\/kit-gloop\/kit-paseo-organic-green\/#primaryimage"},"thumbnailUrl":"https:\/\/gloopbaby.com\/wp-content\/uploads\/2025\/11\/kit-passeio-organic-green-4.jpg","datePublished":"2025-11-11T09:16:17+00:00","dateModified":"2025-11-14T15:39:47+00:00","description":"El kit para Paseo es la opci\u00f3n ideal para quienes buscan calidad y comodidad al pasear con su beb\u00e9. 100% algod\u00f3n org\u00e1nico, hecho en Portugal.","breadcrumb":{"@id":"https:\/\/gloopbaby.com\/es\/producto\/kit-gloop\/kit-paseo-organic-green\/#breadcrumb"},"inLanguage":"es","potentialAction":[{"@type":"ReadAction","target":["https:\/\/gloopbaby.com\/es\/producto\/kit-gloop\/kit-paseo-organic-green\/"]}]},{"@type":"ImageObject","inLanguage":"es","@id":"https:\/\/gloopbaby.com\/es\/producto\/kit-gloop\/kit-paseo-organic-green\/#primaryimage","url":"https:\/\/gloopbaby.com\/wp-content\/uploads\/2025\/11\/kit-passeio-organic-green-4.jpg","contentUrl":"https:\/\/gloopbaby.com\/wp-content\/uploads\/2025\/11\/kit-passeio-organic-green-4.jpg","width":600,"height":900},{"@type":"BreadcrumbList","@id":"https:\/\/gloopbaby.com\/es\/producto\/kit-gloop\/kit-paseo-organic-green\/#breadcrumb","itemListElement":[{"@type":"ListItem","position":1,"name":"In\u00edcio","item":"https:\/\/gloopbaby.com\/es\/"},{"@type":"ListItem","position":2,"name":"Shop","item":"https:\/\/gloopbaby.com\/loja\/"},{"@type":"ListItem","position":3,"name":"Kit Paseo Organic Green"}]},{"@type":"WebSite","@id":"https:\/\/gloopbaby.com\/es\/#website","url":"https:\/\/gloopbaby.com\/es\/","name":"Gloop Baby","description":"","publisher":{"@id":"https:\/\/gloopbaby.com\/es\/#organization"},"potentialAction":[{"@type":"SearchAction","target":{"@type":"EntryPoint","urlTemplate":"https:\/\/gloopbaby.com\/es\/?s={search_term_string}"},"query-input":{"@type":"PropertyValueSpecification","valueRequired":true,"valueName":"search_term_string"}}],"inLanguage":"es"},{"@type":"Organization","@id":"https:\/\/gloopbaby.com\/es\/#organization","name":"Gloop Baby","url":"https:\/\/gloopbaby.com\/es\/","logo":{"@type":"ImageObject","inLanguage":"es","@id":"https:\/\/gloopbaby.com\/es\/#\/schema\/logo\/image\/","url":"https:\/\/gloopbaby.com\/wp-content\/uploads\/2023\/06\/gloop-logo.svg","contentUrl":"https:\/\/gloopbaby.com\/wp-content\/uploads\/2023\/06\/gloop-logo.svg","width":100,"height":100,"caption":"Gloop Baby"},"image":{"@id":"https:\/\/gloopbaby.com\/es\/#\/schema\/logo\/image\/"}}]}},"_links":{"self":[{"href":"https:\/\/gloopbaby.com\/es\/wp-json\/wp\/v2\/product\/140080","targetHints":{"allow":["GET"]}}],"collection":[{"href":"https:\/\/gloopbaby.com\/es\/wp-json\/wp\/v2\/product"}],"about":[{"href":"https:\/\/gloopbaby.com\/es\/wp-json\/wp\/v2\/types\/product"}],"replies":[{"embeddable":true,"href":"https:\/\/gloopbaby.com\/es\/wp-json\/wp\/v2\/comments?post=140080"}],"wp:featuredmedia":[{"embeddable":true,"href":"https:\/\/gloopbaby.com\/es\/wp-json\/wp\/v2\/media\/140093"}],"wp:attachment":[{"href":"https:\/\/gloopbaby.com\/es\/wp-json\/wp\/v2\/media?parent=140080"}],"wp:term":[{"taxonomy":"product_brand","embeddable":true,"href":"https:\/\/gloopbaby.com\/es\/wp-json\/wp\/v2\/product_brand?post=140080"},{"taxonomy":"product_cat","embeddable":true,"href":"https:\/\/gloopbaby.com\/es\/wp-json\/wp\/v2\/product_cat?post=140080"},{"taxonomy":"product_tag","embeddable":true,"href":"https:\/\/gloopbaby.com\/es\/wp-json\/wp\/v2\/product_tag?post=140080"}],"curies":[{"name":"wp","href":"https:\/\/api.w.org\/{rel}","templated":true}]}}