{"id":139775,"date":"2025-11-10T15:32:32","date_gmt":"2025-11-10T15:32:32","guid":{"rendered":"https:\/\/gloopbaby.com\/?post_type=product&#038;p=139775"},"modified":"2025-11-10T15:45:35","modified_gmt":"2025-11-10T15:45:35","slug":"kit-recien-nacido-zebra","status":"publish","type":"product","link":"https:\/\/gloopbaby.com\/es\/producto\/kit-gloop\/kit-recien-nacido-zebra\/","title":{"rendered":"Kit Reci\u00e9n nacido Zebra"},"content":{"rendered":"<pre id=\"tw-target-text\" class=\"tw-data-text tw-text-large tw-ta\" dir=\"ltr\" tabindex=\"-1\" role=\"text\" data-placeholder=\"Tradu\u00e7\u00e3o\" data-ved=\"2ahUKEwiOiMvfzeeQAxVfTaQEHfq9MpYQ3ewLegQIDBAV\" aria-label=\"Texto traduzido: Un par de calcetines El kit gloop! es la opci\u00f3n perfecta para quienes buscan calidad y comodidad en los primeros cuidados de su beb\u00e9. Este conjunto incluye 1 pa\u00f1al gloop! (110x110 cm), 1 babero triangular, 1 sujetachupetes de tela y un par de calcetines, todos elaborados con algod\u00f3n 100% org\u00e1nico, lo que garantiza un tacto suave y natural para la delicada piel del beb\u00e9. Ideal para el uso diario o como regalo, este kit para beb\u00e9s ofrece productos esenciales, duraderos y sostenibles, perfectos para reci\u00e9n nacidos. El algod\u00f3n org\u00e1nico se cultiva sin pesticidas ni productos qu\u00edmicos, lo que hace que el kit no solo sea m\u00e1s seguro para tu beb\u00e9, sino tambi\u00e9n m\u00e1s respetuoso con el medio ambiente.\"><span class=\"Y2IQFc\" lang=\"es\">El kit para Reci\u00e9n nacido es la opci\u00f3n perfecta para quienes buscan calidad y comodidad en los primeros cuidados de su beb\u00e9. Este conjunto incluye 1 bolsa de tela, 1 babygrow 1-3 meses, 1 pantalones interiores 1-3 meses, 1 body cruzado 1-3 meses, 1 gorro y guantes, todos elaborados con algod\u00f3n 100% org\u00e1nico, lo que garantiza un tacto suave y natural para la delicada piel del beb\u00e9.\r\n\r\nIdeal para el uso diario o como regalo, este kit para beb\u00e9s ofrece productos esenciales, duraderos y sostenibles, perfectos para reci\u00e9n nacidos. El algod\u00f3n org\u00e1nico se cultiva sin pesticidas ni productos qu\u00edmicos, lo que hace que el kit no solo sea m\u00e1s seguro para tu beb\u00e9, sino tambi\u00e9n m\u00e1s respetuoso con el medio ambiente.<\/span><\/pre>\n","protected":false},"excerpt":{"rendered":"<p>El kit para Reci\u00e9n nacido es la opci\u00f3n perfecta para quienes buscan calidad y comodidad en los primeros cuidados de su beb\u00e9. Este conjunto incluye 1 bolsa de tela, 1 babygrow 1-3 meses, 1 pantalones interiores 1-3 meses, 1 body cruzado 1-3 meses, 1 gorro y guantes, todos elaborados con algod\u00f3n 100% org\u00e1nico, lo que [&hellip;]<\/p>\n","protected":false},"featured_media":139792,"comment_status":"closed","ping_status":"closed","template":"","meta":{"_acf_changed":false},"product_brand":[],"product_cat":[1951],"product_tag":[],"class_list":{"0":"post-139775","1":"product","2":"type-product","3":"status-publish","4":"has-post-thumbnail","6":"product_cat-kit-gloop","8":"first","9":"instock","10":"taxable","11":"shipping-taxable","12":"purchasable","13":"product-type-simple"},"acf":[],"yoast_head":"<!-- This site is optimized with the Yoast SEO plugin v27.3 - https:\/\/yoast.com\/product\/yoast-seo-wordpress\/ -->\n<title>Kit Reci\u00e9n nacido Zebra - Gloop Baby<\/title>\n<meta name=\"robots\" content=\"index, follow, max-snippet:-1, max-image-preview:large, max-video-preview:-1\" \/>\n<link rel=\"canonical\" href=\"https:\/\/gloopbaby.com\/es\/producto\/kit-gloop\/kit-recien-nacido-zebra\/\" \/>\n<meta property=\"og:locale\" content=\"es_ES\" \/>\n<meta property=\"og:type\" content=\"article\" \/>\n<meta property=\"og:title\" content=\"Kit Reci\u00e9n nacido Zebra - Gloop Baby\" \/>\n<meta property=\"og:description\" content=\"El kit para Reci\u00e9n nacido es la opci\u00f3n perfecta para quienes buscan calidad y comodidad en los primeros cuidados de su beb\u00e9. Este conjunto incluye 1 bolsa de tela, 1 babygrow 1-3 meses, 1 pantalones interiores 1-3 meses, 1 body cruzado 1-3 meses, 1 gorro y guantes, todos elaborados con algod\u00f3n 100% org\u00e1nico, lo que [&hellip;]\" \/>\n<meta property=\"og:url\" content=\"https:\/\/gloopbaby.com\/es\/producto\/kit-gloop\/kit-recien-nacido-zebra\/\" \/>\n<meta property=\"og:site_name\" content=\"Gloop Baby\" \/>\n<meta property=\"article:modified_time\" content=\"2025-11-10T15:45:35+00:00\" \/>\n<meta property=\"og:image\" content=\"https:\/\/gloopbaby.com\/wp-content\/uploads\/2025\/11\/kit-recem-zebra-5.jpg\" \/>\n\t<meta property=\"og:image:width\" content=\"600\" \/>\n\t<meta property=\"og:image:height\" content=\"900\" \/>\n\t<meta property=\"og:image:type\" content=\"image\/jpeg\" \/>\n<meta name=\"twitter:card\" content=\"summary_large_image\" \/>\n<meta name=\"twitter:label1\" content=\"Tiempo de lectura\" \/>\n\t<meta name=\"twitter:data1\" content=\"1 minuto\" \/>\n<script type=\"application\/ld+json\" class=\"yoast-schema-graph\">{\"@context\":\"https:\\\/\\\/schema.org\",\"@graph\":[{\"@type\":\"WebPage\",\"@id\":\"https:\\\/\\\/gloopbaby.com\\\/es\\\/producto\\\/kit-gloop\\\/kit-recien-nacido-zebra\\\/\",\"url\":\"https:\\\/\\\/gloopbaby.com\\\/es\\\/producto\\\/kit-gloop\\\/kit-recien-nacido-zebra\\\/\",\"name\":\"Kit Reci\u00e9n nacido Zebra - Gloop Baby\",\"isPartOf\":{\"@id\":\"https:\\\/\\\/gloopbaby.com\\\/es\\\/#website\"},\"primaryImageOfPage\":{\"@id\":\"https:\\\/\\\/gloopbaby.com\\\/es\\\/producto\\\/kit-gloop\\\/kit-recien-nacido-zebra\\\/#primaryimage\"},\"image\":{\"@id\":\"https:\\\/\\\/gloopbaby.com\\\/es\\\/producto\\\/kit-gloop\\\/kit-recien-nacido-zebra\\\/#primaryimage\"},\"thumbnailUrl\":\"https:\\\/\\\/gloopbaby.com\\\/wp-content\\\/uploads\\\/2025\\\/11\\\/kit-recem-zebra-5.jpg\",\"datePublished\":\"2025-11-10T15:32:32+00:00\",\"dateModified\":\"2025-11-10T15:45:35+00:00\",\"breadcrumb\":{\"@id\":\"https:\\\/\\\/gloopbaby.com\\\/es\\\/producto\\\/kit-gloop\\\/kit-recien-nacido-zebra\\\/#breadcrumb\"},\"inLanguage\":\"es\",\"potentialAction\":[{\"@type\":\"ReadAction\",\"target\":[\"https:\\\/\\\/gloopbaby.com\\\/es\\\/producto\\\/kit-gloop\\\/kit-recien-nacido-zebra\\\/\"]}]},{\"@type\":\"ImageObject\",\"inLanguage\":\"es\",\"@id\":\"https:\\\/\\\/gloopbaby.com\\\/es\\\/producto\\\/kit-gloop\\\/kit-recien-nacido-zebra\\\/#primaryimage\",\"url\":\"https:\\\/\\\/gloopbaby.com\\\/wp-content\\\/uploads\\\/2025\\\/11\\\/kit-recem-zebra-5.jpg\",\"contentUrl\":\"https:\\\/\\\/gloopbaby.com\\\/wp-content\\\/uploads\\\/2025\\\/11\\\/kit-recem-zebra-5.jpg\",\"width\":600,\"height\":900},{\"@type\":\"BreadcrumbList\",\"@id\":\"https:\\\/\\\/gloopbaby.com\\\/es\\\/producto\\\/kit-gloop\\\/kit-recien-nacido-zebra\\\/#breadcrumb\",\"itemListElement\":[{\"@type\":\"ListItem\",\"position\":1,\"name\":\"In\u00edcio\",\"item\":\"https:\\\/\\\/gloopbaby.com\\\/es\\\/\"},{\"@type\":\"ListItem\",\"position\":2,\"name\":\"Shop\",\"item\":\"https:\\\/\\\/gloopbaby.com\\\/loja\\\/\"},{\"@type\":\"ListItem\",\"position\":3,\"name\":\"Kit Reci\u00e9n nacido Zebra\"}]},{\"@type\":\"WebSite\",\"@id\":\"https:\\\/\\\/gloopbaby.com\\\/es\\\/#website\",\"url\":\"https:\\\/\\\/gloopbaby.com\\\/es\\\/\",\"name\":\"Gloop Baby\",\"description\":\"\",\"publisher\":{\"@id\":\"https:\\\/\\\/gloopbaby.com\\\/es\\\/#organization\"},\"potentialAction\":[{\"@type\":\"SearchAction\",\"target\":{\"@type\":\"EntryPoint\",\"urlTemplate\":\"https:\\\/\\\/gloopbaby.com\\\/es\\\/?s={search_term_string}\"},\"query-input\":{\"@type\":\"PropertyValueSpecification\",\"valueRequired\":true,\"valueName\":\"search_term_string\"}}],\"inLanguage\":\"es\"},{\"@type\":\"Organization\",\"@id\":\"https:\\\/\\\/gloopbaby.com\\\/es\\\/#organization\",\"name\":\"Gloop Baby\",\"url\":\"https:\\\/\\\/gloopbaby.com\\\/es\\\/\",\"logo\":{\"@type\":\"ImageObject\",\"inLanguage\":\"es\",\"@id\":\"https:\\\/\\\/gloopbaby.com\\\/es\\\/#\\\/schema\\\/logo\\\/image\\\/\",\"url\":\"https:\\\/\\\/gloopbaby.com\\\/wp-content\\\/uploads\\\/2023\\\/06\\\/gloop-logo.svg\",\"contentUrl\":\"https:\\\/\\\/gloopbaby.com\\\/wp-content\\\/uploads\\\/2023\\\/06\\\/gloop-logo.svg\",\"width\":100,\"height\":100,\"caption\":\"Gloop Baby\"},\"image\":{\"@id\":\"https:\\\/\\\/gloopbaby.com\\\/es\\\/#\\\/schema\\\/logo\\\/image\\\/\"}}]}<\/script>\n<!-- \/ Yoast SEO plugin. -->","yoast_head_json":{"title":"Kit Reci\u00e9n nacido Zebra - Gloop Baby","robots":{"index":"index","follow":"follow","max-snippet":"max-snippet:-1","max-image-preview":"max-image-preview:large","max-video-preview":"max-video-preview:-1"},"canonical":"https:\/\/gloopbaby.com\/es\/producto\/kit-gloop\/kit-recien-nacido-zebra\/","og_locale":"es_ES","og_type":"article","og_title":"Kit Reci\u00e9n nacido Zebra - Gloop Baby","og_description":"El kit para Reci\u00e9n nacido es la opci\u00f3n perfecta para quienes buscan calidad y comodidad en los primeros cuidados de su beb\u00e9. Este conjunto incluye 1 bolsa de tela, 1 babygrow 1-3 meses, 1 pantalones interiores 1-3 meses, 1 body cruzado 1-3 meses, 1 gorro y guantes, todos elaborados con algod\u00f3n 100% org\u00e1nico, lo que [&hellip;]","og_url":"https:\/\/gloopbaby.com\/es\/producto\/kit-gloop\/kit-recien-nacido-zebra\/","og_site_name":"Gloop Baby","article_modified_time":"2025-11-10T15:45:35+00:00","og_image":[{"width":600,"height":900,"url":"https:\/\/gloopbaby.com\/wp-content\/uploads\/2025\/11\/kit-recem-zebra-5.jpg","type":"image\/jpeg"}],"twitter_card":"summary_large_image","twitter_misc":{"Tiempo de lectura":"1 minuto"},"schema":{"@context":"https:\/\/schema.org","@graph":[{"@type":"WebPage","@id":"https:\/\/gloopbaby.com\/es\/producto\/kit-gloop\/kit-recien-nacido-zebra\/","url":"https:\/\/gloopbaby.com\/es\/producto\/kit-gloop\/kit-recien-nacido-zebra\/","name":"Kit Reci\u00e9n nacido Zebra - Gloop Baby","isPartOf":{"@id":"https:\/\/gloopbaby.com\/es\/#website"},"primaryImageOfPage":{"@id":"https:\/\/gloopbaby.com\/es\/producto\/kit-gloop\/kit-recien-nacido-zebra\/#primaryimage"},"image":{"@id":"https:\/\/gloopbaby.com\/es\/producto\/kit-gloop\/kit-recien-nacido-zebra\/#primaryimage"},"thumbnailUrl":"https:\/\/gloopbaby.com\/wp-content\/uploads\/2025\/11\/kit-recem-zebra-5.jpg","datePublished":"2025-11-10T15:32:32+00:00","dateModified":"2025-11-10T15:45:35+00:00","breadcrumb":{"@id":"https:\/\/gloopbaby.com\/es\/producto\/kit-gloop\/kit-recien-nacido-zebra\/#breadcrumb"},"inLanguage":"es","potentialAction":[{"@type":"ReadAction","target":["https:\/\/gloopbaby.com\/es\/producto\/kit-gloop\/kit-recien-nacido-zebra\/"]}]},{"@type":"ImageObject","inLanguage":"es","@id":"https:\/\/gloopbaby.com\/es\/producto\/kit-gloop\/kit-recien-nacido-zebra\/#primaryimage","url":"https:\/\/gloopbaby.com\/wp-content\/uploads\/2025\/11\/kit-recem-zebra-5.jpg","contentUrl":"https:\/\/gloopbaby.com\/wp-content\/uploads\/2025\/11\/kit-recem-zebra-5.jpg","width":600,"height":900},{"@type":"BreadcrumbList","@id":"https:\/\/gloopbaby.com\/es\/producto\/kit-gloop\/kit-recien-nacido-zebra\/#breadcrumb","itemListElement":[{"@type":"ListItem","position":1,"name":"In\u00edcio","item":"https:\/\/gloopbaby.com\/es\/"},{"@type":"ListItem","position":2,"name":"Shop","item":"https:\/\/gloopbaby.com\/loja\/"},{"@type":"ListItem","position":3,"name":"Kit Reci\u00e9n nacido Zebra"}]},{"@type":"WebSite","@id":"https:\/\/gloopbaby.com\/es\/#website","url":"https:\/\/gloopbaby.com\/es\/","name":"Gloop Baby","description":"","publisher":{"@id":"https:\/\/gloopbaby.com\/es\/#organization"},"potentialAction":[{"@type":"SearchAction","target":{"@type":"EntryPoint","urlTemplate":"https:\/\/gloopbaby.com\/es\/?s={search_term_string}"},"query-input":{"@type":"PropertyValueSpecification","valueRequired":true,"valueName":"search_term_string"}}],"inLanguage":"es"},{"@type":"Organization","@id":"https:\/\/gloopbaby.com\/es\/#organization","name":"Gloop Baby","url":"https:\/\/gloopbaby.com\/es\/","logo":{"@type":"ImageObject","inLanguage":"es","@id":"https:\/\/gloopbaby.com\/es\/#\/schema\/logo\/image\/","url":"https:\/\/gloopbaby.com\/wp-content\/uploads\/2023\/06\/gloop-logo.svg","contentUrl":"https:\/\/gloopbaby.com\/wp-content\/uploads\/2023\/06\/gloop-logo.svg","width":100,"height":100,"caption":"Gloop Baby"},"image":{"@id":"https:\/\/gloopbaby.com\/es\/#\/schema\/logo\/image\/"}}]}},"_links":{"self":[{"href":"https:\/\/gloopbaby.com\/es\/wp-json\/wp\/v2\/product\/139775","targetHints":{"allow":["GET"]}}],"collection":[{"href":"https:\/\/gloopbaby.com\/es\/wp-json\/wp\/v2\/product"}],"about":[{"href":"https:\/\/gloopbaby.com\/es\/wp-json\/wp\/v2\/types\/product"}],"replies":[{"embeddable":true,"href":"https:\/\/gloopbaby.com\/es\/wp-json\/wp\/v2\/comments?post=139775"}],"wp:featuredmedia":[{"embeddable":true,"href":"https:\/\/gloopbaby.com\/es\/wp-json\/wp\/v2\/media\/139792"}],"wp:attachment":[{"href":"https:\/\/gloopbaby.com\/es\/wp-json\/wp\/v2\/media?parent=139775"}],"wp:term":[{"taxonomy":"product_brand","embeddable":true,"href":"https:\/\/gloopbaby.com\/es\/wp-json\/wp\/v2\/product_brand?post=139775"},{"taxonomy":"product_cat","embeddable":true,"href":"https:\/\/gloopbaby.com\/es\/wp-json\/wp\/v2\/product_cat?post=139775"},{"taxonomy":"product_tag","embeddable":true,"href":"https:\/\/gloopbaby.com\/es\/wp-json\/wp\/v2\/product_tag?post=139775"}],"curies":[{"name":"wp","href":"https:\/\/api.w.org\/{rel}","templated":true}]}}