{"id":139183,"date":"2025-10-23T13:20:05","date_gmt":"2025-10-23T13:20:05","guid":{"rendered":"https:\/\/gloopbaby.com\/?post_type=product&#038;p=139183"},"modified":"2025-12-03T08:27:03","modified_gmt":"2025-12-03T08:27:03","slug":"albornoz-sleepy-12-24-meses-copia","status":"publish","type":"product","link":"https:\/\/gloopbaby.com\/es\/producto\/collections-es\/little-garden-es\/albornoz-sleepy-12-24-meses-copia\/","title":{"rendered":"Albornoz Little Garden 12-24 meses"},"content":{"rendered":"<p>Elegante y pr\u00e1ctico el Albornoz gloop! est\u00e1 destinado a evitar que el beb\u00e9 sienta fr\u00edo despu\u00e9s del ba\u00f1o. Colocado justo despu\u00e9s del ba\u00f1o el Albornoz gloop! Se seca y abraza al beb\u00e9 con su material s\u00faper absorbente. 100% algod\u00f3n org\u00e1nico y fabricado en Portugal Tama\u00f1o: 55x86cm<\/p>\n","protected":false},"excerpt":{"rendered":"<p>Elegante y pr\u00e1ctico el Albornoz gloop! est\u00e1 destinado a evitar que el beb\u00e9 sienta fr\u00edo despu\u00e9s del ba\u00f1o. Colocado justo despu\u00e9s del ba\u00f1o el Albornoz gloop! Se seca y abraza al beb\u00e9 con su material s\u00faper absorbente. 100% algod\u00f3n org\u00e1nico y fabricado en Portugal Tama\u00f1o: 55x86cm<\/p>\n","protected":false},"featured_media":141090,"comment_status":"closed","ping_status":"closed","template":"","meta":{"_acf_changed":false},"product_brand":[],"product_cat":[1266,1267,1265,1233,1339,1943],"product_tag":[],"class_list":{"0":"post-139183","1":"product","2":"type-product","3":"status-publish","4":"has-post-thumbnail","6":"product_cat-albornoz-es","7":"product_cat-albornoz-12-24m-es","8":"product_cat-bano-es","9":"product_cat-bath-and-nursery-es","10":"product_cat-collections-es","11":"product_cat-little-garden-es","13":"first","14":"instock","15":"taxable","16":"shipping-taxable","17":"purchasable","18":"product-type-simple"},"acf":[],"yoast_head":"<!-- This site is optimized with the Yoast SEO plugin v27.3 - https:\/\/yoast.com\/product\/yoast-seo-wordpress\/ -->\n<title>Albornoz Little Garden 12-24 meses - Gloop Baby<\/title>\n<meta name=\"robots\" content=\"index, follow, max-snippet:-1, max-image-preview:large, max-video-preview:-1\" \/>\n<link rel=\"canonical\" href=\"https:\/\/gloopbaby.com\/es\/producto\/collections-es\/little-garden-es\/albornoz-sleepy-12-24-meses-copia\/\" \/>\n<meta property=\"og:locale\" content=\"es_ES\" \/>\n<meta property=\"og:type\" content=\"article\" \/>\n<meta property=\"og:title\" content=\"Albornoz Little Garden 12-24 meses - Gloop Baby\" \/>\n<meta property=\"og:description\" content=\"Elegante y pr\u00e1ctico el Albornoz gloop! est\u00e1 destinado a evitar que el beb\u00e9 sienta fr\u00edo despu\u00e9s del ba\u00f1o. Colocado justo despu\u00e9s del ba\u00f1o el Albornoz gloop! Se seca y abraza al beb\u00e9 con su material s\u00faper absorbente. 100% algod\u00f3n org\u00e1nico y fabricado en Portugal Tama\u00f1o: 55x86cm\" \/>\n<meta property=\"og:url\" content=\"https:\/\/gloopbaby.com\/es\/producto\/collections-es\/little-garden-es\/albornoz-sleepy-12-24-meses-copia\/\" \/>\n<meta property=\"og:site_name\" content=\"Gloop Baby\" \/>\n<meta property=\"article:modified_time\" content=\"2025-12-03T08:27:03+00:00\" \/>\n<meta property=\"og:image\" content=\"https:\/\/gloopbaby.com\/wp-content\/uploads\/2025\/10\/robe-little-garden-3.jpg\" \/>\n\t<meta property=\"og:image:width\" content=\"600\" \/>\n\t<meta property=\"og:image:height\" content=\"900\" \/>\n\t<meta property=\"og:image:type\" content=\"image\/jpeg\" \/>\n<meta name=\"twitter:card\" content=\"summary_large_image\" \/>\n<meta name=\"twitter:label1\" content=\"Tiempo de lectura\" \/>\n\t<meta name=\"twitter:data1\" content=\"1 minuto\" \/>\n<script type=\"application\/ld+json\" class=\"yoast-schema-graph\">{\"@context\":\"https:\\\/\\\/schema.org\",\"@graph\":[{\"@type\":\"WebPage\",\"@id\":\"https:\\\/\\\/gloopbaby.com\\\/es\\\/producto\\\/collections-es\\\/little-garden-es\\\/albornoz-sleepy-12-24-meses-copia\\\/\",\"url\":\"https:\\\/\\\/gloopbaby.com\\\/es\\\/producto\\\/collections-es\\\/little-garden-es\\\/albornoz-sleepy-12-24-meses-copia\\\/\",\"name\":\"Albornoz Little Garden 12-24 meses - Gloop Baby\",\"isPartOf\":{\"@id\":\"https:\\\/\\\/gloopbaby.com\\\/es\\\/#website\"},\"primaryImageOfPage\":{\"@id\":\"https:\\\/\\\/gloopbaby.com\\\/es\\\/producto\\\/collections-es\\\/little-garden-es\\\/albornoz-sleepy-12-24-meses-copia\\\/#primaryimage\"},\"image\":{\"@id\":\"https:\\\/\\\/gloopbaby.com\\\/es\\\/producto\\\/collections-es\\\/little-garden-es\\\/albornoz-sleepy-12-24-meses-copia\\\/#primaryimage\"},\"thumbnailUrl\":\"https:\\\/\\\/gloopbaby.com\\\/wp-content\\\/uploads\\\/2025\\\/10\\\/robe-little-garden-3.jpg\",\"datePublished\":\"2025-10-23T13:20:05+00:00\",\"dateModified\":\"2025-12-03T08:27:03+00:00\",\"breadcrumb\":{\"@id\":\"https:\\\/\\\/gloopbaby.com\\\/es\\\/producto\\\/collections-es\\\/little-garden-es\\\/albornoz-sleepy-12-24-meses-copia\\\/#breadcrumb\"},\"inLanguage\":\"es\",\"potentialAction\":[{\"@type\":\"ReadAction\",\"target\":[\"https:\\\/\\\/gloopbaby.com\\\/es\\\/producto\\\/collections-es\\\/little-garden-es\\\/albornoz-sleepy-12-24-meses-copia\\\/\"]}]},{\"@type\":\"ImageObject\",\"inLanguage\":\"es\",\"@id\":\"https:\\\/\\\/gloopbaby.com\\\/es\\\/producto\\\/collections-es\\\/little-garden-es\\\/albornoz-sleepy-12-24-meses-copia\\\/#primaryimage\",\"url\":\"https:\\\/\\\/gloopbaby.com\\\/wp-content\\\/uploads\\\/2025\\\/10\\\/robe-little-garden-3.jpg\",\"contentUrl\":\"https:\\\/\\\/gloopbaby.com\\\/wp-content\\\/uploads\\\/2025\\\/10\\\/robe-little-garden-3.jpg\",\"width\":600,\"height\":900},{\"@type\":\"BreadcrumbList\",\"@id\":\"https:\\\/\\\/gloopbaby.com\\\/es\\\/producto\\\/collections-es\\\/little-garden-es\\\/albornoz-sleepy-12-24-meses-copia\\\/#breadcrumb\",\"itemListElement\":[{\"@type\":\"ListItem\",\"position\":1,\"name\":\"In\u00edcio\",\"item\":\"https:\\\/\\\/gloopbaby.com\\\/es\\\/\"},{\"@type\":\"ListItem\",\"position\":2,\"name\":\"Shop\",\"item\":\"https:\\\/\\\/gloopbaby.com\\\/loja\\\/\"},{\"@type\":\"ListItem\",\"position\":3,\"name\":\"Albornoz Little Garden 12-24 meses\"}]},{\"@type\":\"WebSite\",\"@id\":\"https:\\\/\\\/gloopbaby.com\\\/es\\\/#website\",\"url\":\"https:\\\/\\\/gloopbaby.com\\\/es\\\/\",\"name\":\"Gloop Baby\",\"description\":\"\",\"publisher\":{\"@id\":\"https:\\\/\\\/gloopbaby.com\\\/es\\\/#organization\"},\"potentialAction\":[{\"@type\":\"SearchAction\",\"target\":{\"@type\":\"EntryPoint\",\"urlTemplate\":\"https:\\\/\\\/gloopbaby.com\\\/es\\\/?s={search_term_string}\"},\"query-input\":{\"@type\":\"PropertyValueSpecification\",\"valueRequired\":true,\"valueName\":\"search_term_string\"}}],\"inLanguage\":\"es\"},{\"@type\":\"Organization\",\"@id\":\"https:\\\/\\\/gloopbaby.com\\\/es\\\/#organization\",\"name\":\"Gloop Baby\",\"url\":\"https:\\\/\\\/gloopbaby.com\\\/es\\\/\",\"logo\":{\"@type\":\"ImageObject\",\"inLanguage\":\"es\",\"@id\":\"https:\\\/\\\/gloopbaby.com\\\/es\\\/#\\\/schema\\\/logo\\\/image\\\/\",\"url\":\"https:\\\/\\\/gloopbaby.com\\\/wp-content\\\/uploads\\\/2023\\\/06\\\/gloop-logo.svg\",\"contentUrl\":\"https:\\\/\\\/gloopbaby.com\\\/wp-content\\\/uploads\\\/2023\\\/06\\\/gloop-logo.svg\",\"width\":100,\"height\":100,\"caption\":\"Gloop Baby\"},\"image\":{\"@id\":\"https:\\\/\\\/gloopbaby.com\\\/es\\\/#\\\/schema\\\/logo\\\/image\\\/\"}}]}<\/script>\n<!-- \/ Yoast SEO plugin. -->","yoast_head_json":{"title":"Albornoz Little Garden 12-24 meses - Gloop Baby","robots":{"index":"index","follow":"follow","max-snippet":"max-snippet:-1","max-image-preview":"max-image-preview:large","max-video-preview":"max-video-preview:-1"},"canonical":"https:\/\/gloopbaby.com\/es\/producto\/collections-es\/little-garden-es\/albornoz-sleepy-12-24-meses-copia\/","og_locale":"es_ES","og_type":"article","og_title":"Albornoz Little Garden 12-24 meses - Gloop Baby","og_description":"Elegante y pr\u00e1ctico el Albornoz gloop! est\u00e1 destinado a evitar que el beb\u00e9 sienta fr\u00edo despu\u00e9s del ba\u00f1o. Colocado justo despu\u00e9s del ba\u00f1o el Albornoz gloop! Se seca y abraza al beb\u00e9 con su material s\u00faper absorbente. 100% algod\u00f3n org\u00e1nico y fabricado en Portugal Tama\u00f1o: 55x86cm","og_url":"https:\/\/gloopbaby.com\/es\/producto\/collections-es\/little-garden-es\/albornoz-sleepy-12-24-meses-copia\/","og_site_name":"Gloop Baby","article_modified_time":"2025-12-03T08:27:03+00:00","og_image":[{"width":600,"height":900,"url":"https:\/\/gloopbaby.com\/wp-content\/uploads\/2025\/10\/robe-little-garden-3.jpg","type":"image\/jpeg"}],"twitter_card":"summary_large_image","twitter_misc":{"Tiempo de lectura":"1 minuto"},"schema":{"@context":"https:\/\/schema.org","@graph":[{"@type":"WebPage","@id":"https:\/\/gloopbaby.com\/es\/producto\/collections-es\/little-garden-es\/albornoz-sleepy-12-24-meses-copia\/","url":"https:\/\/gloopbaby.com\/es\/producto\/collections-es\/little-garden-es\/albornoz-sleepy-12-24-meses-copia\/","name":"Albornoz Little Garden 12-24 meses - Gloop Baby","isPartOf":{"@id":"https:\/\/gloopbaby.com\/es\/#website"},"primaryImageOfPage":{"@id":"https:\/\/gloopbaby.com\/es\/producto\/collections-es\/little-garden-es\/albornoz-sleepy-12-24-meses-copia\/#primaryimage"},"image":{"@id":"https:\/\/gloopbaby.com\/es\/producto\/collections-es\/little-garden-es\/albornoz-sleepy-12-24-meses-copia\/#primaryimage"},"thumbnailUrl":"https:\/\/gloopbaby.com\/wp-content\/uploads\/2025\/10\/robe-little-garden-3.jpg","datePublished":"2025-10-23T13:20:05+00:00","dateModified":"2025-12-03T08:27:03+00:00","breadcrumb":{"@id":"https:\/\/gloopbaby.com\/es\/producto\/collections-es\/little-garden-es\/albornoz-sleepy-12-24-meses-copia\/#breadcrumb"},"inLanguage":"es","potentialAction":[{"@type":"ReadAction","target":["https:\/\/gloopbaby.com\/es\/producto\/collections-es\/little-garden-es\/albornoz-sleepy-12-24-meses-copia\/"]}]},{"@type":"ImageObject","inLanguage":"es","@id":"https:\/\/gloopbaby.com\/es\/producto\/collections-es\/little-garden-es\/albornoz-sleepy-12-24-meses-copia\/#primaryimage","url":"https:\/\/gloopbaby.com\/wp-content\/uploads\/2025\/10\/robe-little-garden-3.jpg","contentUrl":"https:\/\/gloopbaby.com\/wp-content\/uploads\/2025\/10\/robe-little-garden-3.jpg","width":600,"height":900},{"@type":"BreadcrumbList","@id":"https:\/\/gloopbaby.com\/es\/producto\/collections-es\/little-garden-es\/albornoz-sleepy-12-24-meses-copia\/#breadcrumb","itemListElement":[{"@type":"ListItem","position":1,"name":"In\u00edcio","item":"https:\/\/gloopbaby.com\/es\/"},{"@type":"ListItem","position":2,"name":"Shop","item":"https:\/\/gloopbaby.com\/loja\/"},{"@type":"ListItem","position":3,"name":"Albornoz Little Garden 12-24 meses"}]},{"@type":"WebSite","@id":"https:\/\/gloopbaby.com\/es\/#website","url":"https:\/\/gloopbaby.com\/es\/","name":"Gloop Baby","description":"","publisher":{"@id":"https:\/\/gloopbaby.com\/es\/#organization"},"potentialAction":[{"@type":"SearchAction","target":{"@type":"EntryPoint","urlTemplate":"https:\/\/gloopbaby.com\/es\/?s={search_term_string}"},"query-input":{"@type":"PropertyValueSpecification","valueRequired":true,"valueName":"search_term_string"}}],"inLanguage":"es"},{"@type":"Organization","@id":"https:\/\/gloopbaby.com\/es\/#organization","name":"Gloop Baby","url":"https:\/\/gloopbaby.com\/es\/","logo":{"@type":"ImageObject","inLanguage":"es","@id":"https:\/\/gloopbaby.com\/es\/#\/schema\/logo\/image\/","url":"https:\/\/gloopbaby.com\/wp-content\/uploads\/2023\/06\/gloop-logo.svg","contentUrl":"https:\/\/gloopbaby.com\/wp-content\/uploads\/2023\/06\/gloop-logo.svg","width":100,"height":100,"caption":"Gloop Baby"},"image":{"@id":"https:\/\/gloopbaby.com\/es\/#\/schema\/logo\/image\/"}}]}},"_links":{"self":[{"href":"https:\/\/gloopbaby.com\/es\/wp-json\/wp\/v2\/product\/139183","targetHints":{"allow":["GET"]}}],"collection":[{"href":"https:\/\/gloopbaby.com\/es\/wp-json\/wp\/v2\/product"}],"about":[{"href":"https:\/\/gloopbaby.com\/es\/wp-json\/wp\/v2\/types\/product"}],"replies":[{"embeddable":true,"href":"https:\/\/gloopbaby.com\/es\/wp-json\/wp\/v2\/comments?post=139183"}],"wp:featuredmedia":[{"embeddable":true,"href":"https:\/\/gloopbaby.com\/es\/wp-json\/wp\/v2\/media\/141090"}],"wp:attachment":[{"href":"https:\/\/gloopbaby.com\/es\/wp-json\/wp\/v2\/media?parent=139183"}],"wp:term":[{"taxonomy":"product_brand","embeddable":true,"href":"https:\/\/gloopbaby.com\/es\/wp-json\/wp\/v2\/product_brand?post=139183"},{"taxonomy":"product_cat","embeddable":true,"href":"https:\/\/gloopbaby.com\/es\/wp-json\/wp\/v2\/product_cat?post=139183"},{"taxonomy":"product_tag","embeddable":true,"href":"https:\/\/gloopbaby.com\/es\/wp-json\/wp\/v2\/product_tag?post=139183"}],"curies":[{"name":"wp","href":"https:\/\/api.w.org\/{rel}","templated":true}]}}