{"id":138168,"date":"2025-10-07T15:33:59","date_gmt":"2025-10-07T15:33:59","guid":{"rendered":"https:\/\/gloopbaby.com\/?post_type=product&#038;p=138168"},"modified":"2025-10-09T13:37:43","modified_gmt":"2025-10-09T13:37:43","slug":"almohada-de-posicionamiento-bebe-soft-sky","status":"publish","type":"product","link":"https:\/\/gloopbaby.com\/es\/producto\/collections-es\/soft-sky-es\/almohada-de-posicionamiento-bebe-soft-sky\/","title":{"rendered":"Almohada de Posicionamiento Beb\u00e9 Soft Sky"},"content":{"rendered":"<p>La Almohada de Posicionamiento (antivuelco) Gloop! para beb\u00e9s est\u00e1 dise\u00f1ada para que tu beb\u00e9 se mantenga de lado de forma c\u00f3moda y segura. Evita que se d\u00e9 la vuelta mientras duerme, a la vez que garantiza su libertad de movimiento. Para alternar el lado de sue\u00f1o de tu beb\u00e9, gira el posicionador lateral de modo que el lado m\u00e1s grande siempre quede boca arriba.<\/p>\n<p>Apta para todos los tama\u00f1os de cama y solo debe usarse hasta que tu beb\u00e9 pueda darse la vuelta por s\u00ed solo.<\/p>\n<p>Exterior de algod\u00f3n org\u00e1nico e interior de poli\u00e9ster suave y c\u00f3modo. Hecho en Portugal. Talla: 35x27cm<\/p>\n<p>Con un dise\u00f1o moderno y neutro, combina con cualquier decoraci\u00f3n. Una opci\u00f3n segura, ecol\u00f3gica y elegante para tu beb\u00e9.<\/p>\n","protected":false},"excerpt":{"rendered":"<p>La Almohada de Posicionamiento (antivuelco) Gloop! para beb\u00e9s est\u00e1 dise\u00f1ada para que tu beb\u00e9 se mantenga de lado de forma c\u00f3moda y segura. Evita que se d\u00e9 la vuelta mientras duerme, a la vez que garantiza su libertad de movimiento. Para alternar el lado de sue\u00f1o de tu beb\u00e9, gira el posicionador lateral de modo [&hellip;]<\/p>\n","protected":false},"featured_media":138266,"comment_status":"closed","ping_status":"closed","template":"","meta":{"_acf_changed":false},"product_brand":[],"product_cat":[1920,1270,1339,1308],"product_tag":[],"class_list":{"0":"post-138168","1":"product","2":"type-product","3":"status-publish","4":"has-post-thumbnail","6":"product_cat-almohada-de-posicionamiento-del-bebe","7":"product_cat-home-and-sleep-es","8":"product_cat-collections-es","9":"product_cat-soft-sky-es","11":"first","12":"instock","13":"taxable","14":"shipping-taxable","15":"purchasable","16":"product-type-simple"},"acf":[],"yoast_head":"<!-- This site is optimized with the Yoast SEO plugin v27.3 - https:\/\/yoast.com\/product\/yoast-seo-wordpress\/ -->\n<title>Almohada de Posicionamiento Beb\u00e9 Soft Sky algod\u00f3n org\u00e1nico - Gloop Baby<\/title>\n<meta name=\"description\" content=\"Almohada Posicionamiento (antivuelco) Gloop! para beb\u00e9s est\u00e1 dise\u00f1ada para que tu beb\u00e9 se mantenga de lado de forma c\u00f3moda y segura. 100% algod\u00f3n org\u00e1nico.\" \/>\n<meta name=\"robots\" content=\"index, follow, max-snippet:-1, max-image-preview:large, max-video-preview:-1\" \/>\n<link rel=\"canonical\" href=\"https:\/\/gloopbaby.com\/es\/producto\/collections-es\/soft-sky-es\/almohada-de-posicionamiento-bebe-soft-sky\/\" \/>\n<meta property=\"og:locale\" content=\"es_ES\" \/>\n<meta property=\"og:type\" content=\"article\" \/>\n<meta property=\"og:title\" content=\"Almohada de Posicionamiento Beb\u00e9 Soft Sky algod\u00f3n org\u00e1nico - Gloop Baby\" \/>\n<meta property=\"og:description\" content=\"Almohada Posicionamiento (antivuelco) Gloop! para beb\u00e9s est\u00e1 dise\u00f1ada para que tu beb\u00e9 se mantenga de lado de forma c\u00f3moda y segura. 100% algod\u00f3n org\u00e1nico.\" \/>\n<meta property=\"og:url\" content=\"https:\/\/gloopbaby.com\/es\/producto\/collections-es\/soft-sky-es\/almohada-de-posicionamiento-bebe-soft-sky\/\" \/>\n<meta property=\"og:site_name\" content=\"Gloop Baby\" \/>\n<meta property=\"article:modified_time\" content=\"2025-10-09T13:37:43+00:00\" \/>\n<meta property=\"og:image\" content=\"https:\/\/gloopbaby.com\/wp-content\/uploads\/2025\/10\/almofada-posi-44-5.jpg\" \/>\n\t<meta property=\"og:image:width\" content=\"600\" \/>\n\t<meta property=\"og:image:height\" content=\"900\" \/>\n\t<meta property=\"og:image:type\" content=\"image\/jpeg\" \/>\n<meta name=\"twitter:card\" content=\"summary_large_image\" \/>\n<meta name=\"twitter:label1\" content=\"Tiempo de lectura\" \/>\n\t<meta name=\"twitter:data1\" content=\"1 minuto\" \/>\n<script type=\"application\/ld+json\" class=\"yoast-schema-graph\">{\"@context\":\"https:\\\/\\\/schema.org\",\"@graph\":[{\"@type\":\"WebPage\",\"@id\":\"https:\\\/\\\/gloopbaby.com\\\/es\\\/producto\\\/collections-es\\\/soft-sky-es\\\/almohada-de-posicionamiento-bebe-soft-sky\\\/\",\"url\":\"https:\\\/\\\/gloopbaby.com\\\/es\\\/producto\\\/collections-es\\\/soft-sky-es\\\/almohada-de-posicionamiento-bebe-soft-sky\\\/\",\"name\":\"Almohada de Posicionamiento Beb\u00e9 Soft Sky algod\u00f3n org\u00e1nico - Gloop Baby\",\"isPartOf\":{\"@id\":\"https:\\\/\\\/gloopbaby.com\\\/es\\\/#website\"},\"primaryImageOfPage\":{\"@id\":\"https:\\\/\\\/gloopbaby.com\\\/es\\\/producto\\\/collections-es\\\/soft-sky-es\\\/almohada-de-posicionamiento-bebe-soft-sky\\\/#primaryimage\"},\"image\":{\"@id\":\"https:\\\/\\\/gloopbaby.com\\\/es\\\/producto\\\/collections-es\\\/soft-sky-es\\\/almohada-de-posicionamiento-bebe-soft-sky\\\/#primaryimage\"},\"thumbnailUrl\":\"https:\\\/\\\/gloopbaby.com\\\/wp-content\\\/uploads\\\/2025\\\/10\\\/almofada-posi-44-5.jpg\",\"datePublished\":\"2025-10-07T15:33:59+00:00\",\"dateModified\":\"2025-10-09T13:37:43+00:00\",\"description\":\"Almohada Posicionamiento (antivuelco) Gloop! para beb\u00e9s est\u00e1 dise\u00f1ada para que tu beb\u00e9 se mantenga de lado de forma c\u00f3moda y segura. 100% algod\u00f3n org\u00e1nico.\",\"breadcrumb\":{\"@id\":\"https:\\\/\\\/gloopbaby.com\\\/es\\\/producto\\\/collections-es\\\/soft-sky-es\\\/almohada-de-posicionamiento-bebe-soft-sky\\\/#breadcrumb\"},\"inLanguage\":\"es\",\"potentialAction\":[{\"@type\":\"ReadAction\",\"target\":[\"https:\\\/\\\/gloopbaby.com\\\/es\\\/producto\\\/collections-es\\\/soft-sky-es\\\/almohada-de-posicionamiento-bebe-soft-sky\\\/\"]}]},{\"@type\":\"ImageObject\",\"inLanguage\":\"es\",\"@id\":\"https:\\\/\\\/gloopbaby.com\\\/es\\\/producto\\\/collections-es\\\/soft-sky-es\\\/almohada-de-posicionamiento-bebe-soft-sky\\\/#primaryimage\",\"url\":\"https:\\\/\\\/gloopbaby.com\\\/wp-content\\\/uploads\\\/2025\\\/10\\\/almofada-posi-44-5.jpg\",\"contentUrl\":\"https:\\\/\\\/gloopbaby.com\\\/wp-content\\\/uploads\\\/2025\\\/10\\\/almofada-posi-44-5.jpg\",\"width\":600,\"height\":900,\"caption\":\"Almofada posicionamento beb\u00e9 gloop em algod\u00e3o org\u00e2nico\"},{\"@type\":\"BreadcrumbList\",\"@id\":\"https:\\\/\\\/gloopbaby.com\\\/es\\\/producto\\\/collections-es\\\/soft-sky-es\\\/almohada-de-posicionamiento-bebe-soft-sky\\\/#breadcrumb\",\"itemListElement\":[{\"@type\":\"ListItem\",\"position\":1,\"name\":\"In\u00edcio\",\"item\":\"https:\\\/\\\/gloopbaby.com\\\/es\\\/\"},{\"@type\":\"ListItem\",\"position\":2,\"name\":\"Shop\",\"item\":\"https:\\\/\\\/gloopbaby.com\\\/loja\\\/\"},{\"@type\":\"ListItem\",\"position\":3,\"name\":\"Almohada de Posicionamiento Beb\u00e9 Soft Sky\"}]},{\"@type\":\"WebSite\",\"@id\":\"https:\\\/\\\/gloopbaby.com\\\/es\\\/#website\",\"url\":\"https:\\\/\\\/gloopbaby.com\\\/es\\\/\",\"name\":\"Gloop Baby\",\"description\":\"\",\"publisher\":{\"@id\":\"https:\\\/\\\/gloopbaby.com\\\/es\\\/#organization\"},\"potentialAction\":[{\"@type\":\"SearchAction\",\"target\":{\"@type\":\"EntryPoint\",\"urlTemplate\":\"https:\\\/\\\/gloopbaby.com\\\/es\\\/?s={search_term_string}\"},\"query-input\":{\"@type\":\"PropertyValueSpecification\",\"valueRequired\":true,\"valueName\":\"search_term_string\"}}],\"inLanguage\":\"es\"},{\"@type\":\"Organization\",\"@id\":\"https:\\\/\\\/gloopbaby.com\\\/es\\\/#organization\",\"name\":\"Gloop Baby\",\"url\":\"https:\\\/\\\/gloopbaby.com\\\/es\\\/\",\"logo\":{\"@type\":\"ImageObject\",\"inLanguage\":\"es\",\"@id\":\"https:\\\/\\\/gloopbaby.com\\\/es\\\/#\\\/schema\\\/logo\\\/image\\\/\",\"url\":\"https:\\\/\\\/gloopbaby.com\\\/wp-content\\\/uploads\\\/2023\\\/06\\\/gloop-logo.svg\",\"contentUrl\":\"https:\\\/\\\/gloopbaby.com\\\/wp-content\\\/uploads\\\/2023\\\/06\\\/gloop-logo.svg\",\"width\":100,\"height\":100,\"caption\":\"Gloop Baby\"},\"image\":{\"@id\":\"https:\\\/\\\/gloopbaby.com\\\/es\\\/#\\\/schema\\\/logo\\\/image\\\/\"}}]}<\/script>\n<!-- \/ Yoast SEO plugin. -->","yoast_head_json":{"title":"Almohada de Posicionamiento Beb\u00e9 Soft Sky algod\u00f3n org\u00e1nico - Gloop Baby","description":"Almohada Posicionamiento (antivuelco) Gloop! para beb\u00e9s est\u00e1 dise\u00f1ada para que tu beb\u00e9 se mantenga de lado de forma c\u00f3moda y segura. 100% algod\u00f3n org\u00e1nico.","robots":{"index":"index","follow":"follow","max-snippet":"max-snippet:-1","max-image-preview":"max-image-preview:large","max-video-preview":"max-video-preview:-1"},"canonical":"https:\/\/gloopbaby.com\/es\/producto\/collections-es\/soft-sky-es\/almohada-de-posicionamiento-bebe-soft-sky\/","og_locale":"es_ES","og_type":"article","og_title":"Almohada de Posicionamiento Beb\u00e9 Soft Sky algod\u00f3n org\u00e1nico - Gloop Baby","og_description":"Almohada Posicionamiento (antivuelco) Gloop! para beb\u00e9s est\u00e1 dise\u00f1ada para que tu beb\u00e9 se mantenga de lado de forma c\u00f3moda y segura. 100% algod\u00f3n org\u00e1nico.","og_url":"https:\/\/gloopbaby.com\/es\/producto\/collections-es\/soft-sky-es\/almohada-de-posicionamiento-bebe-soft-sky\/","og_site_name":"Gloop Baby","article_modified_time":"2025-10-09T13:37:43+00:00","og_image":[{"width":600,"height":900,"url":"https:\/\/gloopbaby.com\/wp-content\/uploads\/2025\/10\/almofada-posi-44-5.jpg","type":"image\/jpeg"}],"twitter_card":"summary_large_image","twitter_misc":{"Tiempo de lectura":"1 minuto"},"schema":{"@context":"https:\/\/schema.org","@graph":[{"@type":"WebPage","@id":"https:\/\/gloopbaby.com\/es\/producto\/collections-es\/soft-sky-es\/almohada-de-posicionamiento-bebe-soft-sky\/","url":"https:\/\/gloopbaby.com\/es\/producto\/collections-es\/soft-sky-es\/almohada-de-posicionamiento-bebe-soft-sky\/","name":"Almohada de Posicionamiento Beb\u00e9 Soft Sky algod\u00f3n org\u00e1nico - Gloop Baby","isPartOf":{"@id":"https:\/\/gloopbaby.com\/es\/#website"},"primaryImageOfPage":{"@id":"https:\/\/gloopbaby.com\/es\/producto\/collections-es\/soft-sky-es\/almohada-de-posicionamiento-bebe-soft-sky\/#primaryimage"},"image":{"@id":"https:\/\/gloopbaby.com\/es\/producto\/collections-es\/soft-sky-es\/almohada-de-posicionamiento-bebe-soft-sky\/#primaryimage"},"thumbnailUrl":"https:\/\/gloopbaby.com\/wp-content\/uploads\/2025\/10\/almofada-posi-44-5.jpg","datePublished":"2025-10-07T15:33:59+00:00","dateModified":"2025-10-09T13:37:43+00:00","description":"Almohada Posicionamiento (antivuelco) Gloop! para beb\u00e9s est\u00e1 dise\u00f1ada para que tu beb\u00e9 se mantenga de lado de forma c\u00f3moda y segura. 100% algod\u00f3n org\u00e1nico.","breadcrumb":{"@id":"https:\/\/gloopbaby.com\/es\/producto\/collections-es\/soft-sky-es\/almohada-de-posicionamiento-bebe-soft-sky\/#breadcrumb"},"inLanguage":"es","potentialAction":[{"@type":"ReadAction","target":["https:\/\/gloopbaby.com\/es\/producto\/collections-es\/soft-sky-es\/almohada-de-posicionamiento-bebe-soft-sky\/"]}]},{"@type":"ImageObject","inLanguage":"es","@id":"https:\/\/gloopbaby.com\/es\/producto\/collections-es\/soft-sky-es\/almohada-de-posicionamiento-bebe-soft-sky\/#primaryimage","url":"https:\/\/gloopbaby.com\/wp-content\/uploads\/2025\/10\/almofada-posi-44-5.jpg","contentUrl":"https:\/\/gloopbaby.com\/wp-content\/uploads\/2025\/10\/almofada-posi-44-5.jpg","width":600,"height":900,"caption":"Almofada posicionamento beb\u00e9 gloop em algod\u00e3o org\u00e2nico"},{"@type":"BreadcrumbList","@id":"https:\/\/gloopbaby.com\/es\/producto\/collections-es\/soft-sky-es\/almohada-de-posicionamiento-bebe-soft-sky\/#breadcrumb","itemListElement":[{"@type":"ListItem","position":1,"name":"In\u00edcio","item":"https:\/\/gloopbaby.com\/es\/"},{"@type":"ListItem","position":2,"name":"Shop","item":"https:\/\/gloopbaby.com\/loja\/"},{"@type":"ListItem","position":3,"name":"Almohada de Posicionamiento Beb\u00e9 Soft Sky"}]},{"@type":"WebSite","@id":"https:\/\/gloopbaby.com\/es\/#website","url":"https:\/\/gloopbaby.com\/es\/","name":"Gloop Baby","description":"","publisher":{"@id":"https:\/\/gloopbaby.com\/es\/#organization"},"potentialAction":[{"@type":"SearchAction","target":{"@type":"EntryPoint","urlTemplate":"https:\/\/gloopbaby.com\/es\/?s={search_term_string}"},"query-input":{"@type":"PropertyValueSpecification","valueRequired":true,"valueName":"search_term_string"}}],"inLanguage":"es"},{"@type":"Organization","@id":"https:\/\/gloopbaby.com\/es\/#organization","name":"Gloop Baby","url":"https:\/\/gloopbaby.com\/es\/","logo":{"@type":"ImageObject","inLanguage":"es","@id":"https:\/\/gloopbaby.com\/es\/#\/schema\/logo\/image\/","url":"https:\/\/gloopbaby.com\/wp-content\/uploads\/2023\/06\/gloop-logo.svg","contentUrl":"https:\/\/gloopbaby.com\/wp-content\/uploads\/2023\/06\/gloop-logo.svg","width":100,"height":100,"caption":"Gloop Baby"},"image":{"@id":"https:\/\/gloopbaby.com\/es\/#\/schema\/logo\/image\/"}}]}},"_links":{"self":[{"href":"https:\/\/gloopbaby.com\/es\/wp-json\/wp\/v2\/product\/138168","targetHints":{"allow":["GET"]}}],"collection":[{"href":"https:\/\/gloopbaby.com\/es\/wp-json\/wp\/v2\/product"}],"about":[{"href":"https:\/\/gloopbaby.com\/es\/wp-json\/wp\/v2\/types\/product"}],"replies":[{"embeddable":true,"href":"https:\/\/gloopbaby.com\/es\/wp-json\/wp\/v2\/comments?post=138168"}],"wp:featuredmedia":[{"embeddable":true,"href":"https:\/\/gloopbaby.com\/es\/wp-json\/wp\/v2\/media\/138266"}],"wp:attachment":[{"href":"https:\/\/gloopbaby.com\/es\/wp-json\/wp\/v2\/media?parent=138168"}],"wp:term":[{"taxonomy":"product_brand","embeddable":true,"href":"https:\/\/gloopbaby.com\/es\/wp-json\/wp\/v2\/product_brand?post=138168"},{"taxonomy":"product_cat","embeddable":true,"href":"https:\/\/gloopbaby.com\/es\/wp-json\/wp\/v2\/product_cat?post=138168"},{"taxonomy":"product_tag","embeddable":true,"href":"https:\/\/gloopbaby.com\/es\/wp-json\/wp\/v2\/product_tag?post=138168"}],"curies":[{"name":"wp","href":"https:\/\/api.w.org\/{rel}","templated":true}]}}