{"id":133489,"date":"2025-07-01T08:10:04","date_gmt":"2025-07-01T08:10:04","guid":{"rendered":"https:\/\/gloopbaby.com\/?post_type=product&#038;p=133489"},"modified":"2025-07-01T08:22:44","modified_gmt":"2025-07-01T08:22:44","slug":"porta-documentos-soft-grey","status":"publish","type":"product","link":"https:\/\/gloopbaby.com\/es\/producto\/outlet-es\/on-the-go-outlet-es\/porta-documentos-soft-grey\/","title":{"rendered":"Porta Documentos Soft Grey"},"content":{"rendered":"<p>El porta documentos gloop! es una parte esencial de la vida cotidiana. Ligero y muy hermoso le permite poner todos los documentos del beb\u00e9. El exterior est\u00e1 hecho de nuestro tejido de algod\u00f3n org\u00e1nico 100% certificado y el interior de poli\u00e9ster. Fabricado en Portugal Tama\u00f1o: 22x16cm<\/p>\n","protected":false},"excerpt":{"rendered":"<p>El porta documentos gloop! es una parte esencial de la vida cotidiana. Ligero y muy hermoso le permite poner todos los documentos del beb\u00e9. El exterior est\u00e1 hecho de nuestro tejido de algod\u00f3n org\u00e1nico 100% certificado y el interior de poli\u00e9ster. Fabricado en Portugal Tama\u00f1o: 22x16cm<\/p>\n","protected":false},"featured_media":133500,"comment_status":"closed","ping_status":"closed","template":"","meta":{"_acf_changed":false},"product_brand":[],"product_cat":[1206,1210],"product_tag":[],"class_list":{"0":"post-133489","1":"product","2":"type-product","3":"status-publish","4":"has-post-thumbnail","6":"product_cat-outlet-es","7":"product_cat-on-the-go-outlet-es","9":"first","10":"instock","11":"sale","12":"taxable","13":"shipping-taxable","14":"purchasable","15":"product-type-simple"},"acf":[],"yoast_head":"<!-- This site is optimized with the Yoast SEO plugin v27.3 - https:\/\/yoast.com\/product\/yoast-seo-wordpress\/ -->\n<title>Porta Documentos Soft Grey - Gloop Baby<\/title>\n<meta name=\"robots\" content=\"index, follow, max-snippet:-1, max-image-preview:large, max-video-preview:-1\" \/>\n<link rel=\"canonical\" href=\"https:\/\/gloopbaby.com\/es\/producto\/outlet-es\/on-the-go-outlet-es\/porta-documentos-soft-grey\/\" \/>\n<meta property=\"og:locale\" content=\"es_ES\" \/>\n<meta property=\"og:type\" content=\"article\" \/>\n<meta property=\"og:title\" content=\"Porta Documentos Soft Grey - Gloop Baby\" \/>\n<meta property=\"og:description\" content=\"El porta documentos gloop! es una parte esencial de la vida cotidiana. Ligero y muy hermoso le permite poner todos los documentos del beb\u00e9. El exterior est\u00e1 hecho de nuestro tejido de algod\u00f3n org\u00e1nico 100% certificado y el interior de poli\u00e9ster. Fabricado en Portugal Tama\u00f1o: 22x16cm\" \/>\n<meta property=\"og:url\" content=\"https:\/\/gloopbaby.com\/es\/producto\/outlet-es\/on-the-go-outlet-es\/porta-documentos-soft-grey\/\" \/>\n<meta property=\"og:site_name\" content=\"Gloop Baby\" \/>\n<meta property=\"article:modified_time\" content=\"2025-07-01T08:22:44+00:00\" \/>\n<meta property=\"og:image\" content=\"https:\/\/gloopbaby.com\/wp-content\/uploads\/2025\/07\/porta-docume-18-2.jpg\" \/>\n\t<meta property=\"og:image:width\" content=\"600\" \/>\n\t<meta property=\"og:image:height\" content=\"900\" \/>\n\t<meta property=\"og:image:type\" content=\"image\/jpeg\" \/>\n<meta name=\"twitter:card\" content=\"summary_large_image\" \/>\n<script type=\"application\/ld+json\" class=\"yoast-schema-graph\">{\"@context\":\"https:\\\/\\\/schema.org\",\"@graph\":[{\"@type\":\"WebPage\",\"@id\":\"https:\\\/\\\/gloopbaby.com\\\/es\\\/producto\\\/outlet-es\\\/on-the-go-outlet-es\\\/porta-documentos-soft-grey\\\/\",\"url\":\"https:\\\/\\\/gloopbaby.com\\\/es\\\/producto\\\/outlet-es\\\/on-the-go-outlet-es\\\/porta-documentos-soft-grey\\\/\",\"name\":\"Porta Documentos Soft Grey - Gloop Baby\",\"isPartOf\":{\"@id\":\"https:\\\/\\\/gloopbaby.com\\\/es\\\/#website\"},\"primaryImageOfPage\":{\"@id\":\"https:\\\/\\\/gloopbaby.com\\\/es\\\/producto\\\/outlet-es\\\/on-the-go-outlet-es\\\/porta-documentos-soft-grey\\\/#primaryimage\"},\"image\":{\"@id\":\"https:\\\/\\\/gloopbaby.com\\\/es\\\/producto\\\/outlet-es\\\/on-the-go-outlet-es\\\/porta-documentos-soft-grey\\\/#primaryimage\"},\"thumbnailUrl\":\"https:\\\/\\\/gloopbaby.com\\\/wp-content\\\/uploads\\\/2025\\\/07\\\/porta-docume-18-2.jpg\",\"datePublished\":\"2025-07-01T08:10:04+00:00\",\"dateModified\":\"2025-07-01T08:22:44+00:00\",\"breadcrumb\":{\"@id\":\"https:\\\/\\\/gloopbaby.com\\\/es\\\/producto\\\/outlet-es\\\/on-the-go-outlet-es\\\/porta-documentos-soft-grey\\\/#breadcrumb\"},\"inLanguage\":\"es\",\"potentialAction\":[{\"@type\":\"ReadAction\",\"target\":[\"https:\\\/\\\/gloopbaby.com\\\/es\\\/producto\\\/outlet-es\\\/on-the-go-outlet-es\\\/porta-documentos-soft-grey\\\/\"]}]},{\"@type\":\"ImageObject\",\"inLanguage\":\"es\",\"@id\":\"https:\\\/\\\/gloopbaby.com\\\/es\\\/producto\\\/outlet-es\\\/on-the-go-outlet-es\\\/porta-documentos-soft-grey\\\/#primaryimage\",\"url\":\"https:\\\/\\\/gloopbaby.com\\\/wp-content\\\/uploads\\\/2025\\\/07\\\/porta-docume-18-2.jpg\",\"contentUrl\":\"https:\\\/\\\/gloopbaby.com\\\/wp-content\\\/uploads\\\/2025\\\/07\\\/porta-docume-18-2.jpg\",\"width\":600,\"height\":900},{\"@type\":\"BreadcrumbList\",\"@id\":\"https:\\\/\\\/gloopbaby.com\\\/es\\\/producto\\\/outlet-es\\\/on-the-go-outlet-es\\\/porta-documentos-soft-grey\\\/#breadcrumb\",\"itemListElement\":[{\"@type\":\"ListItem\",\"position\":1,\"name\":\"In\u00edcio\",\"item\":\"https:\\\/\\\/gloopbaby.com\\\/es\\\/\"},{\"@type\":\"ListItem\",\"position\":2,\"name\":\"Shop\",\"item\":\"https:\\\/\\\/gloopbaby.com\\\/loja\\\/\"},{\"@type\":\"ListItem\",\"position\":3,\"name\":\"Porta Documentos Soft Grey\"}]},{\"@type\":\"WebSite\",\"@id\":\"https:\\\/\\\/gloopbaby.com\\\/es\\\/#website\",\"url\":\"https:\\\/\\\/gloopbaby.com\\\/es\\\/\",\"name\":\"Gloop Baby\",\"description\":\"\",\"publisher\":{\"@id\":\"https:\\\/\\\/gloopbaby.com\\\/es\\\/#organization\"},\"potentialAction\":[{\"@type\":\"SearchAction\",\"target\":{\"@type\":\"EntryPoint\",\"urlTemplate\":\"https:\\\/\\\/gloopbaby.com\\\/es\\\/?s={search_term_string}\"},\"query-input\":{\"@type\":\"PropertyValueSpecification\",\"valueRequired\":true,\"valueName\":\"search_term_string\"}}],\"inLanguage\":\"es\"},{\"@type\":\"Organization\",\"@id\":\"https:\\\/\\\/gloopbaby.com\\\/es\\\/#organization\",\"name\":\"Gloop Baby\",\"url\":\"https:\\\/\\\/gloopbaby.com\\\/es\\\/\",\"logo\":{\"@type\":\"ImageObject\",\"inLanguage\":\"es\",\"@id\":\"https:\\\/\\\/gloopbaby.com\\\/es\\\/#\\\/schema\\\/logo\\\/image\\\/\",\"url\":\"https:\\\/\\\/gloopbaby.com\\\/wp-content\\\/uploads\\\/2023\\\/06\\\/gloop-logo.svg\",\"contentUrl\":\"https:\\\/\\\/gloopbaby.com\\\/wp-content\\\/uploads\\\/2023\\\/06\\\/gloop-logo.svg\",\"width\":100,\"height\":100,\"caption\":\"Gloop Baby\"},\"image\":{\"@id\":\"https:\\\/\\\/gloopbaby.com\\\/es\\\/#\\\/schema\\\/logo\\\/image\\\/\"}}]}<\/script>\n<!-- \/ Yoast SEO plugin. -->","yoast_head_json":{"title":"Porta Documentos Soft Grey - Gloop Baby","robots":{"index":"index","follow":"follow","max-snippet":"max-snippet:-1","max-image-preview":"max-image-preview:large","max-video-preview":"max-video-preview:-1"},"canonical":"https:\/\/gloopbaby.com\/es\/producto\/outlet-es\/on-the-go-outlet-es\/porta-documentos-soft-grey\/","og_locale":"es_ES","og_type":"article","og_title":"Porta Documentos Soft Grey - Gloop Baby","og_description":"El porta documentos gloop! es una parte esencial de la vida cotidiana. Ligero y muy hermoso le permite poner todos los documentos del beb\u00e9. El exterior est\u00e1 hecho de nuestro tejido de algod\u00f3n org\u00e1nico 100% certificado y el interior de poli\u00e9ster. Fabricado en Portugal Tama\u00f1o: 22x16cm","og_url":"https:\/\/gloopbaby.com\/es\/producto\/outlet-es\/on-the-go-outlet-es\/porta-documentos-soft-grey\/","og_site_name":"Gloop Baby","article_modified_time":"2025-07-01T08:22:44+00:00","og_image":[{"width":600,"height":900,"url":"https:\/\/gloopbaby.com\/wp-content\/uploads\/2025\/07\/porta-docume-18-2.jpg","type":"image\/jpeg"}],"twitter_card":"summary_large_image","schema":{"@context":"https:\/\/schema.org","@graph":[{"@type":"WebPage","@id":"https:\/\/gloopbaby.com\/es\/producto\/outlet-es\/on-the-go-outlet-es\/porta-documentos-soft-grey\/","url":"https:\/\/gloopbaby.com\/es\/producto\/outlet-es\/on-the-go-outlet-es\/porta-documentos-soft-grey\/","name":"Porta Documentos Soft Grey - Gloop Baby","isPartOf":{"@id":"https:\/\/gloopbaby.com\/es\/#website"},"primaryImageOfPage":{"@id":"https:\/\/gloopbaby.com\/es\/producto\/outlet-es\/on-the-go-outlet-es\/porta-documentos-soft-grey\/#primaryimage"},"image":{"@id":"https:\/\/gloopbaby.com\/es\/producto\/outlet-es\/on-the-go-outlet-es\/porta-documentos-soft-grey\/#primaryimage"},"thumbnailUrl":"https:\/\/gloopbaby.com\/wp-content\/uploads\/2025\/07\/porta-docume-18-2.jpg","datePublished":"2025-07-01T08:10:04+00:00","dateModified":"2025-07-01T08:22:44+00:00","breadcrumb":{"@id":"https:\/\/gloopbaby.com\/es\/producto\/outlet-es\/on-the-go-outlet-es\/porta-documentos-soft-grey\/#breadcrumb"},"inLanguage":"es","potentialAction":[{"@type":"ReadAction","target":["https:\/\/gloopbaby.com\/es\/producto\/outlet-es\/on-the-go-outlet-es\/porta-documentos-soft-grey\/"]}]},{"@type":"ImageObject","inLanguage":"es","@id":"https:\/\/gloopbaby.com\/es\/producto\/outlet-es\/on-the-go-outlet-es\/porta-documentos-soft-grey\/#primaryimage","url":"https:\/\/gloopbaby.com\/wp-content\/uploads\/2025\/07\/porta-docume-18-2.jpg","contentUrl":"https:\/\/gloopbaby.com\/wp-content\/uploads\/2025\/07\/porta-docume-18-2.jpg","width":600,"height":900},{"@type":"BreadcrumbList","@id":"https:\/\/gloopbaby.com\/es\/producto\/outlet-es\/on-the-go-outlet-es\/porta-documentos-soft-grey\/#breadcrumb","itemListElement":[{"@type":"ListItem","position":1,"name":"In\u00edcio","item":"https:\/\/gloopbaby.com\/es\/"},{"@type":"ListItem","position":2,"name":"Shop","item":"https:\/\/gloopbaby.com\/loja\/"},{"@type":"ListItem","position":3,"name":"Porta Documentos Soft Grey"}]},{"@type":"WebSite","@id":"https:\/\/gloopbaby.com\/es\/#website","url":"https:\/\/gloopbaby.com\/es\/","name":"Gloop Baby","description":"","publisher":{"@id":"https:\/\/gloopbaby.com\/es\/#organization"},"potentialAction":[{"@type":"SearchAction","target":{"@type":"EntryPoint","urlTemplate":"https:\/\/gloopbaby.com\/es\/?s={search_term_string}"},"query-input":{"@type":"PropertyValueSpecification","valueRequired":true,"valueName":"search_term_string"}}],"inLanguage":"es"},{"@type":"Organization","@id":"https:\/\/gloopbaby.com\/es\/#organization","name":"Gloop Baby","url":"https:\/\/gloopbaby.com\/es\/","logo":{"@type":"ImageObject","inLanguage":"es","@id":"https:\/\/gloopbaby.com\/es\/#\/schema\/logo\/image\/","url":"https:\/\/gloopbaby.com\/wp-content\/uploads\/2023\/06\/gloop-logo.svg","contentUrl":"https:\/\/gloopbaby.com\/wp-content\/uploads\/2023\/06\/gloop-logo.svg","width":100,"height":100,"caption":"Gloop Baby"},"image":{"@id":"https:\/\/gloopbaby.com\/es\/#\/schema\/logo\/image\/"}}]}},"_links":{"self":[{"href":"https:\/\/gloopbaby.com\/es\/wp-json\/wp\/v2\/product\/133489","targetHints":{"allow":["GET"]}}],"collection":[{"href":"https:\/\/gloopbaby.com\/es\/wp-json\/wp\/v2\/product"}],"about":[{"href":"https:\/\/gloopbaby.com\/es\/wp-json\/wp\/v2\/types\/product"}],"replies":[{"embeddable":true,"href":"https:\/\/gloopbaby.com\/es\/wp-json\/wp\/v2\/comments?post=133489"}],"wp:featuredmedia":[{"embeddable":true,"href":"https:\/\/gloopbaby.com\/es\/wp-json\/wp\/v2\/media\/133500"}],"wp:attachment":[{"href":"https:\/\/gloopbaby.com\/es\/wp-json\/wp\/v2\/media?parent=133489"}],"wp:term":[{"taxonomy":"product_brand","embeddable":true,"href":"https:\/\/gloopbaby.com\/es\/wp-json\/wp\/v2\/product_brand?post=133489"},{"taxonomy":"product_cat","embeddable":true,"href":"https:\/\/gloopbaby.com\/es\/wp-json\/wp\/v2\/product_cat?post=133489"},{"taxonomy":"product_tag","embeddable":true,"href":"https:\/\/gloopbaby.com\/es\/wp-json\/wp\/v2\/product_tag?post=133489"}],"curies":[{"name":"wp","href":"https:\/\/api.w.org\/{rel}","templated":true}]}}