{"id":131452,"date":"2025-05-09T10:41:59","date_gmt":"2025-05-09T10:41:59","guid":{"rendered":"https:\/\/gloopbaby.com\/?post_type=product&#038;p=131452"},"modified":"2025-05-09T10:56:43","modified_gmt":"2025-05-09T10:56:43","slug":"luna-babero-con-mangas-sand-panda","status":"publish","type":"product","link":"https:\/\/gloopbaby.com\/es\/producto\/nuuroo-brand-es\/luna-babero-con-mangas-sand-panda\/","title":{"rendered":"Luna babero con mangas sand panda"},"content":{"rendered":"<p>BABERO DE MANGA LARGA<\/p>\n<p>Pr\u00e1ctico babero de manga larga para ni\u00f1os que est\u00e1n aprendiendo a comer. Cubre la frente y ambos brazos del beb\u00e9, evitando que la comida se manche la ropa. El poli\u00e9ster reciclado facilita la limpieza con un pa\u00f1o, listo para la siguiente comida. Imprescindible para familias con beb\u00e9s y ni\u00f1os peque\u00f1os.<\/p>\n<p>SOBRE:<\/p>\n<p>Color: Sand &#8211; Panda<\/p>\n<p>Calidad: 68 % poli\u00e9ster reciclado \/ 32 % poliuretano<\/p>\n<p>Dimensiones: 78 cm x 42 cm<\/p>\n","protected":false},"excerpt":{"rendered":"<p>BABERO DE MANGA LARGA Pr\u00e1ctico babero de manga larga para ni\u00f1os que est\u00e1n aprendiendo a comer. Cubre la frente y ambos brazos del beb\u00e9, evitando que la comida se manche la ropa. El poli\u00e9ster reciclado facilita la limpieza con un pa\u00f1o, listo para la siguiente comida. Imprescindible para familias con beb\u00e9s y ni\u00f1os peque\u00f1os. SOBRE: [&hellip;]<\/p>\n","protected":false},"featured_media":131463,"comment_status":"closed","ping_status":"closed","template":"","meta":{"_acf_changed":false},"product_brand":[],"product_cat":[1746],"product_tag":[],"class_list":{"0":"post-131452","1":"product","2":"type-product","3":"status-publish","4":"has-post-thumbnail","6":"product_cat-nuuroo-brand-es","8":"first","9":"instock","10":"sale","11":"taxable","12":"shipping-taxable","13":"purchasable","14":"product-type-simple"},"acf":[],"yoast_head":"<!-- This site is optimized with the Yoast SEO plugin v27.3 - https:\/\/yoast.com\/product\/yoast-seo-wordpress\/ -->\n<title>Luna babero con mangas sand panda - Gloop Baby<\/title>\n<meta name=\"robots\" content=\"index, follow, max-snippet:-1, max-image-preview:large, max-video-preview:-1\" \/>\n<link rel=\"canonical\" href=\"https:\/\/gloopbaby.com\/es\/producto\/nuuroo-brand-es\/luna-babero-con-mangas-sand-panda\/\" \/>\n<meta property=\"og:locale\" content=\"es_ES\" \/>\n<meta property=\"og:type\" content=\"article\" \/>\n<meta property=\"og:title\" content=\"Luna babero con mangas sand panda - Gloop Baby\" \/>\n<meta property=\"og:description\" content=\"BABERO DE MANGA LARGA Pr\u00e1ctico babero de manga larga para ni\u00f1os que est\u00e1n aprendiendo a comer. Cubre la frente y ambos brazos del beb\u00e9, evitando que la comida se manche la ropa. El poli\u00e9ster reciclado facilita la limpieza con un pa\u00f1o, listo para la siguiente comida. Imprescindible para familias con beb\u00e9s y ni\u00f1os peque\u00f1os. SOBRE: [&hellip;]\" \/>\n<meta property=\"og:url\" content=\"https:\/\/gloopbaby.com\/es\/producto\/nuuroo-brand-es\/luna-babero-con-mangas-sand-panda\/\" \/>\n<meta property=\"og:site_name\" content=\"Gloop Baby\" \/>\n<meta property=\"article:modified_time\" content=\"2025-05-09T10:56:43+00:00\" \/>\n<meta property=\"og:image\" content=\"https:\/\/gloopbaby.com\/wp-content\/uploads\/2025\/05\/NU214.jpg\" \/>\n\t<meta property=\"og:image:width\" content=\"600\" \/>\n\t<meta property=\"og:image:height\" content=\"900\" \/>\n\t<meta property=\"og:image:type\" content=\"image\/jpeg\" \/>\n<meta name=\"twitter:card\" content=\"summary_large_image\" \/>\n<script type=\"application\/ld+json\" class=\"yoast-schema-graph\">{\"@context\":\"https:\\\/\\\/schema.org\",\"@graph\":[{\"@type\":\"WebPage\",\"@id\":\"https:\\\/\\\/gloopbaby.com\\\/es\\\/producto\\\/nuuroo-brand-es\\\/luna-babero-con-mangas-sand-panda\\\/\",\"url\":\"https:\\\/\\\/gloopbaby.com\\\/es\\\/producto\\\/nuuroo-brand-es\\\/luna-babero-con-mangas-sand-panda\\\/\",\"name\":\"Luna babero con mangas sand panda - Gloop Baby\",\"isPartOf\":{\"@id\":\"https:\\\/\\\/gloopbaby.com\\\/es\\\/#website\"},\"primaryImageOfPage\":{\"@id\":\"https:\\\/\\\/gloopbaby.com\\\/es\\\/producto\\\/nuuroo-brand-es\\\/luna-babero-con-mangas-sand-panda\\\/#primaryimage\"},\"image\":{\"@id\":\"https:\\\/\\\/gloopbaby.com\\\/es\\\/producto\\\/nuuroo-brand-es\\\/luna-babero-con-mangas-sand-panda\\\/#primaryimage\"},\"thumbnailUrl\":\"https:\\\/\\\/gloopbaby.com\\\/wp-content\\\/uploads\\\/2025\\\/05\\\/NU214.jpg\",\"datePublished\":\"2025-05-09T10:41:59+00:00\",\"dateModified\":\"2025-05-09T10:56:43+00:00\",\"breadcrumb\":{\"@id\":\"https:\\\/\\\/gloopbaby.com\\\/es\\\/producto\\\/nuuroo-brand-es\\\/luna-babero-con-mangas-sand-panda\\\/#breadcrumb\"},\"inLanguage\":\"es\",\"potentialAction\":[{\"@type\":\"ReadAction\",\"target\":[\"https:\\\/\\\/gloopbaby.com\\\/es\\\/producto\\\/nuuroo-brand-es\\\/luna-babero-con-mangas-sand-panda\\\/\"]}]},{\"@type\":\"ImageObject\",\"inLanguage\":\"es\",\"@id\":\"https:\\\/\\\/gloopbaby.com\\\/es\\\/producto\\\/nuuroo-brand-es\\\/luna-babero-con-mangas-sand-panda\\\/#primaryimage\",\"url\":\"https:\\\/\\\/gloopbaby.com\\\/wp-content\\\/uploads\\\/2025\\\/05\\\/NU214.jpg\",\"contentUrl\":\"https:\\\/\\\/gloopbaby.com\\\/wp-content\\\/uploads\\\/2025\\\/05\\\/NU214.jpg\",\"width\":600,\"height\":900},{\"@type\":\"BreadcrumbList\",\"@id\":\"https:\\\/\\\/gloopbaby.com\\\/es\\\/producto\\\/nuuroo-brand-es\\\/luna-babero-con-mangas-sand-panda\\\/#breadcrumb\",\"itemListElement\":[{\"@type\":\"ListItem\",\"position\":1,\"name\":\"In\u00edcio\",\"item\":\"https:\\\/\\\/gloopbaby.com\\\/es\\\/\"},{\"@type\":\"ListItem\",\"position\":2,\"name\":\"Shop\",\"item\":\"https:\\\/\\\/gloopbaby.com\\\/loja\\\/\"},{\"@type\":\"ListItem\",\"position\":3,\"name\":\"Luna babero con mangas sand panda\"}]},{\"@type\":\"WebSite\",\"@id\":\"https:\\\/\\\/gloopbaby.com\\\/es\\\/#website\",\"url\":\"https:\\\/\\\/gloopbaby.com\\\/es\\\/\",\"name\":\"Gloop Baby\",\"description\":\"\",\"publisher\":{\"@id\":\"https:\\\/\\\/gloopbaby.com\\\/es\\\/#organization\"},\"potentialAction\":[{\"@type\":\"SearchAction\",\"target\":{\"@type\":\"EntryPoint\",\"urlTemplate\":\"https:\\\/\\\/gloopbaby.com\\\/es\\\/?s={search_term_string}\"},\"query-input\":{\"@type\":\"PropertyValueSpecification\",\"valueRequired\":true,\"valueName\":\"search_term_string\"}}],\"inLanguage\":\"es\"},{\"@type\":\"Organization\",\"@id\":\"https:\\\/\\\/gloopbaby.com\\\/es\\\/#organization\",\"name\":\"Gloop Baby\",\"url\":\"https:\\\/\\\/gloopbaby.com\\\/es\\\/\",\"logo\":{\"@type\":\"ImageObject\",\"inLanguage\":\"es\",\"@id\":\"https:\\\/\\\/gloopbaby.com\\\/es\\\/#\\\/schema\\\/logo\\\/image\\\/\",\"url\":\"https:\\\/\\\/gloopbaby.com\\\/wp-content\\\/uploads\\\/2023\\\/06\\\/gloop-logo.svg\",\"contentUrl\":\"https:\\\/\\\/gloopbaby.com\\\/wp-content\\\/uploads\\\/2023\\\/06\\\/gloop-logo.svg\",\"width\":100,\"height\":100,\"caption\":\"Gloop Baby\"},\"image\":{\"@id\":\"https:\\\/\\\/gloopbaby.com\\\/es\\\/#\\\/schema\\\/logo\\\/image\\\/\"}}]}<\/script>\n<!-- \/ Yoast SEO plugin. -->","yoast_head_json":{"title":"Luna babero con mangas sand panda - Gloop Baby","robots":{"index":"index","follow":"follow","max-snippet":"max-snippet:-1","max-image-preview":"max-image-preview:large","max-video-preview":"max-video-preview:-1"},"canonical":"https:\/\/gloopbaby.com\/es\/producto\/nuuroo-brand-es\/luna-babero-con-mangas-sand-panda\/","og_locale":"es_ES","og_type":"article","og_title":"Luna babero con mangas sand panda - Gloop Baby","og_description":"BABERO DE MANGA LARGA Pr\u00e1ctico babero de manga larga para ni\u00f1os que est\u00e1n aprendiendo a comer. Cubre la frente y ambos brazos del beb\u00e9, evitando que la comida se manche la ropa. El poli\u00e9ster reciclado facilita la limpieza con un pa\u00f1o, listo para la siguiente comida. Imprescindible para familias con beb\u00e9s y ni\u00f1os peque\u00f1os. SOBRE: [&hellip;]","og_url":"https:\/\/gloopbaby.com\/es\/producto\/nuuroo-brand-es\/luna-babero-con-mangas-sand-panda\/","og_site_name":"Gloop Baby","article_modified_time":"2025-05-09T10:56:43+00:00","og_image":[{"width":600,"height":900,"url":"https:\/\/gloopbaby.com\/wp-content\/uploads\/2025\/05\/NU214.jpg","type":"image\/jpeg"}],"twitter_card":"summary_large_image","schema":{"@context":"https:\/\/schema.org","@graph":[{"@type":"WebPage","@id":"https:\/\/gloopbaby.com\/es\/producto\/nuuroo-brand-es\/luna-babero-con-mangas-sand-panda\/","url":"https:\/\/gloopbaby.com\/es\/producto\/nuuroo-brand-es\/luna-babero-con-mangas-sand-panda\/","name":"Luna babero con mangas sand panda - Gloop Baby","isPartOf":{"@id":"https:\/\/gloopbaby.com\/es\/#website"},"primaryImageOfPage":{"@id":"https:\/\/gloopbaby.com\/es\/producto\/nuuroo-brand-es\/luna-babero-con-mangas-sand-panda\/#primaryimage"},"image":{"@id":"https:\/\/gloopbaby.com\/es\/producto\/nuuroo-brand-es\/luna-babero-con-mangas-sand-panda\/#primaryimage"},"thumbnailUrl":"https:\/\/gloopbaby.com\/wp-content\/uploads\/2025\/05\/NU214.jpg","datePublished":"2025-05-09T10:41:59+00:00","dateModified":"2025-05-09T10:56:43+00:00","breadcrumb":{"@id":"https:\/\/gloopbaby.com\/es\/producto\/nuuroo-brand-es\/luna-babero-con-mangas-sand-panda\/#breadcrumb"},"inLanguage":"es","potentialAction":[{"@type":"ReadAction","target":["https:\/\/gloopbaby.com\/es\/producto\/nuuroo-brand-es\/luna-babero-con-mangas-sand-panda\/"]}]},{"@type":"ImageObject","inLanguage":"es","@id":"https:\/\/gloopbaby.com\/es\/producto\/nuuroo-brand-es\/luna-babero-con-mangas-sand-panda\/#primaryimage","url":"https:\/\/gloopbaby.com\/wp-content\/uploads\/2025\/05\/NU214.jpg","contentUrl":"https:\/\/gloopbaby.com\/wp-content\/uploads\/2025\/05\/NU214.jpg","width":600,"height":900},{"@type":"BreadcrumbList","@id":"https:\/\/gloopbaby.com\/es\/producto\/nuuroo-brand-es\/luna-babero-con-mangas-sand-panda\/#breadcrumb","itemListElement":[{"@type":"ListItem","position":1,"name":"In\u00edcio","item":"https:\/\/gloopbaby.com\/es\/"},{"@type":"ListItem","position":2,"name":"Shop","item":"https:\/\/gloopbaby.com\/loja\/"},{"@type":"ListItem","position":3,"name":"Luna babero con mangas sand panda"}]},{"@type":"WebSite","@id":"https:\/\/gloopbaby.com\/es\/#website","url":"https:\/\/gloopbaby.com\/es\/","name":"Gloop Baby","description":"","publisher":{"@id":"https:\/\/gloopbaby.com\/es\/#organization"},"potentialAction":[{"@type":"SearchAction","target":{"@type":"EntryPoint","urlTemplate":"https:\/\/gloopbaby.com\/es\/?s={search_term_string}"},"query-input":{"@type":"PropertyValueSpecification","valueRequired":true,"valueName":"search_term_string"}}],"inLanguage":"es"},{"@type":"Organization","@id":"https:\/\/gloopbaby.com\/es\/#organization","name":"Gloop Baby","url":"https:\/\/gloopbaby.com\/es\/","logo":{"@type":"ImageObject","inLanguage":"es","@id":"https:\/\/gloopbaby.com\/es\/#\/schema\/logo\/image\/","url":"https:\/\/gloopbaby.com\/wp-content\/uploads\/2023\/06\/gloop-logo.svg","contentUrl":"https:\/\/gloopbaby.com\/wp-content\/uploads\/2023\/06\/gloop-logo.svg","width":100,"height":100,"caption":"Gloop Baby"},"image":{"@id":"https:\/\/gloopbaby.com\/es\/#\/schema\/logo\/image\/"}}]}},"_links":{"self":[{"href":"https:\/\/gloopbaby.com\/es\/wp-json\/wp\/v2\/product\/131452","targetHints":{"allow":["GET"]}}],"collection":[{"href":"https:\/\/gloopbaby.com\/es\/wp-json\/wp\/v2\/product"}],"about":[{"href":"https:\/\/gloopbaby.com\/es\/wp-json\/wp\/v2\/types\/product"}],"replies":[{"embeddable":true,"href":"https:\/\/gloopbaby.com\/es\/wp-json\/wp\/v2\/comments?post=131452"}],"wp:featuredmedia":[{"embeddable":true,"href":"https:\/\/gloopbaby.com\/es\/wp-json\/wp\/v2\/media\/131463"}],"wp:attachment":[{"href":"https:\/\/gloopbaby.com\/es\/wp-json\/wp\/v2\/media?parent=131452"}],"wp:term":[{"taxonomy":"product_brand","embeddable":true,"href":"https:\/\/gloopbaby.com\/es\/wp-json\/wp\/v2\/product_brand?post=131452"},{"taxonomy":"product_cat","embeddable":true,"href":"https:\/\/gloopbaby.com\/es\/wp-json\/wp\/v2\/product_cat?post=131452"},{"taxonomy":"product_tag","embeddable":true,"href":"https:\/\/gloopbaby.com\/es\/wp-json\/wp\/v2\/product_tag?post=131452"}],"curies":[{"name":"wp","href":"https:\/\/api.w.org\/{rel}","templated":true}]}}