{"id":131300,"date":"2025-05-09T07:57:24","date_gmt":"2025-05-09T07:57:24","guid":{"rendered":"https:\/\/gloopbaby.com\/?post_type=product&#038;p=131300"},"modified":"2026-02-02T15:38:13","modified_gmt":"2026-02-02T15:38:13","slug":"bera-linea-de-cama-bebe-crema-circo","status":"publish","type":"product","link":"https:\/\/gloopbaby.com\/es\/producto\/nuuroo-brand-es\/bera-linea-de-cama-bebe-crema-circo\/","title":{"rendered":"Bera l\u00ednea de cama beb\u00e9 crema circo"},"content":{"rendered":"<pre id=\"tw-target-text\" class=\"tw-data-text tw-text-large tw-ta\" dir=\"ltr\" data-placeholder=\"Tradu\u00e7\u00e3o\" data-ved=\"2ahUKEwievvOe-ZWNAxU-QvEDHcXTHNQQ3ewLegQICRAV\" aria-label=\"Texto traduzido: ROPA DE CAMA ORG\u00c1NICA - JUNIOR\r\nLa ropa de cama Bera Junior est\u00e1 confeccionada con el exclusivo percal de algod\u00f3n org\u00e1nico. El percal es un tejido \u00fanico que la hace m\u00e1s transpirable y suave. La ropa de cama se cierra con una cremallera invisible.\r\n\r\nSOBRE:\r\n\r\nColor: Arena - Abeja\r\nCalidad: 100 % algod\u00f3n org\u00e1nico\r\nDimensiones: 100 x 140 + 40 x 45 cm\"><span class=\"Y2IQFc\" lang=\"es\">ROPA DE CAMA ORG\u00c1NICA - JUNIOR\r\nLa ropa de cama Bera Junior est\u00e1 confeccionada con el exclusivo percal de algod\u00f3n org\u00e1nico. El percal es un tejido \u00fanico que la hace m\u00e1s transpirable y suave. La ropa de cama se cierra con una cremallera invisible.\r\n\r\nSOBRE:\r\n\r\nColor: Cream - Circus\r\nCalidad: 100 % algod\u00f3n org\u00e1nico\r\nDimensiones: 100 x 140 + 40 x 45 cm<\/span><\/pre>\n","protected":false},"excerpt":{"rendered":"<p>ROPA DE CAMA ORG\u00c1NICA &#8211; JUNIOR La ropa de cama Bera Junior est\u00e1 confeccionada con el exclusivo percal de algod\u00f3n org\u00e1nico. El percal es un tejido \u00fanico que la hace m\u00e1s transpirable y suave. La ropa de cama se cierra con una cremallera invisible. SOBRE: Color: Cream &#8211; Circus Calidad: 100 % algod\u00f3n org\u00e1nico Dimensiones: [&hellip;]<\/p>\n","protected":false},"featured_media":131311,"comment_status":"closed","ping_status":"closed","template":"","meta":{"_acf_changed":false},"product_brand":[],"product_cat":[1746],"product_tag":[],"class_list":{"0":"post-131300","1":"product","2":"type-product","3":"status-publish","4":"has-post-thumbnail","6":"product_cat-nuuroo-brand-es","8":"first","9":"instock","10":"sale","11":"taxable","12":"shipping-taxable","13":"purchasable","14":"product-type-simple"},"acf":[],"yoast_head":"<!-- This site is optimized with the Yoast SEO plugin v27.3 - https:\/\/yoast.com\/product\/yoast-seo-wordpress\/ -->\n<title>Bera l\u00ednea de cama beb\u00e9 crema circo - Gloop Baby<\/title>\n<meta name=\"robots\" content=\"index, follow, max-snippet:-1, max-image-preview:large, max-video-preview:-1\" \/>\n<link rel=\"canonical\" href=\"https:\/\/gloopbaby.com\/es\/producto\/nuuroo-brand-es\/bera-linea-de-cama-bebe-crema-circo\/\" \/>\n<meta property=\"og:locale\" content=\"es_ES\" \/>\n<meta property=\"og:type\" content=\"article\" \/>\n<meta property=\"og:title\" content=\"Bera l\u00ednea de cama beb\u00e9 crema circo - Gloop Baby\" \/>\n<meta property=\"og:description\" content=\"ROPA DE CAMA ORG\u00c1NICA - JUNIOR La ropa de cama Bera Junior est\u00e1 confeccionada con el exclusivo percal de algod\u00f3n org\u00e1nico. El percal es un tejido \u00fanico que la hace m\u00e1s transpirable y suave. La ropa de cama se cierra con una cremallera invisible. SOBRE: Color: Cream - Circus Calidad: 100 % algod\u00f3n org\u00e1nico Dimensiones: [&hellip;]\" \/>\n<meta property=\"og:url\" content=\"https:\/\/gloopbaby.com\/es\/producto\/nuuroo-brand-es\/bera-linea-de-cama-bebe-crema-circo\/\" \/>\n<meta property=\"og:site_name\" content=\"Gloop Baby\" \/>\n<meta property=\"article:modified_time\" content=\"2026-02-02T15:38:13+00:00\" \/>\n<meta property=\"og:image\" content=\"https:\/\/gloopbaby.com\/wp-content\/uploads\/2025\/05\/NU226.jpg\" \/>\n\t<meta property=\"og:image:width\" content=\"600\" \/>\n\t<meta property=\"og:image:height\" content=\"900\" \/>\n\t<meta property=\"og:image:type\" content=\"image\/jpeg\" \/>\n<meta name=\"twitter:card\" content=\"summary_large_image\" \/>\n<script type=\"application\/ld+json\" class=\"yoast-schema-graph\">{\"@context\":\"https:\\\/\\\/schema.org\",\"@graph\":[{\"@type\":\"WebPage\",\"@id\":\"https:\\\/\\\/gloopbaby.com\\\/es\\\/producto\\\/nuuroo-brand-es\\\/bera-linea-de-cama-bebe-crema-circo\\\/\",\"url\":\"https:\\\/\\\/gloopbaby.com\\\/es\\\/producto\\\/nuuroo-brand-es\\\/bera-linea-de-cama-bebe-crema-circo\\\/\",\"name\":\"Bera l\u00ednea de cama beb\u00e9 crema circo - Gloop Baby\",\"isPartOf\":{\"@id\":\"https:\\\/\\\/gloopbaby.com\\\/es\\\/#website\"},\"primaryImageOfPage\":{\"@id\":\"https:\\\/\\\/gloopbaby.com\\\/es\\\/producto\\\/nuuroo-brand-es\\\/bera-linea-de-cama-bebe-crema-circo\\\/#primaryimage\"},\"image\":{\"@id\":\"https:\\\/\\\/gloopbaby.com\\\/es\\\/producto\\\/nuuroo-brand-es\\\/bera-linea-de-cama-bebe-crema-circo\\\/#primaryimage\"},\"thumbnailUrl\":\"https:\\\/\\\/gloopbaby.com\\\/wp-content\\\/uploads\\\/2025\\\/05\\\/NU226.jpg\",\"datePublished\":\"2025-05-09T07:57:24+00:00\",\"dateModified\":\"2026-02-02T15:38:13+00:00\",\"breadcrumb\":{\"@id\":\"https:\\\/\\\/gloopbaby.com\\\/es\\\/producto\\\/nuuroo-brand-es\\\/bera-linea-de-cama-bebe-crema-circo\\\/#breadcrumb\"},\"inLanguage\":\"es\",\"potentialAction\":[{\"@type\":\"ReadAction\",\"target\":[\"https:\\\/\\\/gloopbaby.com\\\/es\\\/producto\\\/nuuroo-brand-es\\\/bera-linea-de-cama-bebe-crema-circo\\\/\"]}]},{\"@type\":\"ImageObject\",\"inLanguage\":\"es\",\"@id\":\"https:\\\/\\\/gloopbaby.com\\\/es\\\/producto\\\/nuuroo-brand-es\\\/bera-linea-de-cama-bebe-crema-circo\\\/#primaryimage\",\"url\":\"https:\\\/\\\/gloopbaby.com\\\/wp-content\\\/uploads\\\/2025\\\/05\\\/NU226.jpg\",\"contentUrl\":\"https:\\\/\\\/gloopbaby.com\\\/wp-content\\\/uploads\\\/2025\\\/05\\\/NU226.jpg\",\"width\":600,\"height\":900},{\"@type\":\"BreadcrumbList\",\"@id\":\"https:\\\/\\\/gloopbaby.com\\\/es\\\/producto\\\/nuuroo-brand-es\\\/bera-linea-de-cama-bebe-crema-circo\\\/#breadcrumb\",\"itemListElement\":[{\"@type\":\"ListItem\",\"position\":1,\"name\":\"In\u00edcio\",\"item\":\"https:\\\/\\\/gloopbaby.com\\\/es\\\/\"},{\"@type\":\"ListItem\",\"position\":2,\"name\":\"Shop\",\"item\":\"https:\\\/\\\/gloopbaby.com\\\/loja\\\/\"},{\"@type\":\"ListItem\",\"position\":3,\"name\":\"Bera l\u00ednea de cama beb\u00e9 crema circo\"}]},{\"@type\":\"WebSite\",\"@id\":\"https:\\\/\\\/gloopbaby.com\\\/es\\\/#website\",\"url\":\"https:\\\/\\\/gloopbaby.com\\\/es\\\/\",\"name\":\"Gloop Baby\",\"description\":\"\",\"publisher\":{\"@id\":\"https:\\\/\\\/gloopbaby.com\\\/es\\\/#organization\"},\"potentialAction\":[{\"@type\":\"SearchAction\",\"target\":{\"@type\":\"EntryPoint\",\"urlTemplate\":\"https:\\\/\\\/gloopbaby.com\\\/es\\\/?s={search_term_string}\"},\"query-input\":{\"@type\":\"PropertyValueSpecification\",\"valueRequired\":true,\"valueName\":\"search_term_string\"}}],\"inLanguage\":\"es\"},{\"@type\":\"Organization\",\"@id\":\"https:\\\/\\\/gloopbaby.com\\\/es\\\/#organization\",\"name\":\"Gloop Baby\",\"url\":\"https:\\\/\\\/gloopbaby.com\\\/es\\\/\",\"logo\":{\"@type\":\"ImageObject\",\"inLanguage\":\"es\",\"@id\":\"https:\\\/\\\/gloopbaby.com\\\/es\\\/#\\\/schema\\\/logo\\\/image\\\/\",\"url\":\"https:\\\/\\\/gloopbaby.com\\\/wp-content\\\/uploads\\\/2023\\\/06\\\/gloop-logo.svg\",\"contentUrl\":\"https:\\\/\\\/gloopbaby.com\\\/wp-content\\\/uploads\\\/2023\\\/06\\\/gloop-logo.svg\",\"width\":100,\"height\":100,\"caption\":\"Gloop Baby\"},\"image\":{\"@id\":\"https:\\\/\\\/gloopbaby.com\\\/es\\\/#\\\/schema\\\/logo\\\/image\\\/\"}}]}<\/script>\n<!-- \/ Yoast SEO plugin. -->","yoast_head_json":{"title":"Bera l\u00ednea de cama beb\u00e9 crema circo - Gloop Baby","robots":{"index":"index","follow":"follow","max-snippet":"max-snippet:-1","max-image-preview":"max-image-preview:large","max-video-preview":"max-video-preview:-1"},"canonical":"https:\/\/gloopbaby.com\/es\/producto\/nuuroo-brand-es\/bera-linea-de-cama-bebe-crema-circo\/","og_locale":"es_ES","og_type":"article","og_title":"Bera l\u00ednea de cama beb\u00e9 crema circo - Gloop Baby","og_description":"ROPA DE CAMA ORG\u00c1NICA - JUNIOR La ropa de cama Bera Junior est\u00e1 confeccionada con el exclusivo percal de algod\u00f3n org\u00e1nico. El percal es un tejido \u00fanico que la hace m\u00e1s transpirable y suave. La ropa de cama se cierra con una cremallera invisible. SOBRE: Color: Cream - Circus Calidad: 100 % algod\u00f3n org\u00e1nico Dimensiones: [&hellip;]","og_url":"https:\/\/gloopbaby.com\/es\/producto\/nuuroo-brand-es\/bera-linea-de-cama-bebe-crema-circo\/","og_site_name":"Gloop Baby","article_modified_time":"2026-02-02T15:38:13+00:00","og_image":[{"width":600,"height":900,"url":"https:\/\/gloopbaby.com\/wp-content\/uploads\/2025\/05\/NU226.jpg","type":"image\/jpeg"}],"twitter_card":"summary_large_image","schema":{"@context":"https:\/\/schema.org","@graph":[{"@type":"WebPage","@id":"https:\/\/gloopbaby.com\/es\/producto\/nuuroo-brand-es\/bera-linea-de-cama-bebe-crema-circo\/","url":"https:\/\/gloopbaby.com\/es\/producto\/nuuroo-brand-es\/bera-linea-de-cama-bebe-crema-circo\/","name":"Bera l\u00ednea de cama beb\u00e9 crema circo - Gloop Baby","isPartOf":{"@id":"https:\/\/gloopbaby.com\/es\/#website"},"primaryImageOfPage":{"@id":"https:\/\/gloopbaby.com\/es\/producto\/nuuroo-brand-es\/bera-linea-de-cama-bebe-crema-circo\/#primaryimage"},"image":{"@id":"https:\/\/gloopbaby.com\/es\/producto\/nuuroo-brand-es\/bera-linea-de-cama-bebe-crema-circo\/#primaryimage"},"thumbnailUrl":"https:\/\/gloopbaby.com\/wp-content\/uploads\/2025\/05\/NU226.jpg","datePublished":"2025-05-09T07:57:24+00:00","dateModified":"2026-02-02T15:38:13+00:00","breadcrumb":{"@id":"https:\/\/gloopbaby.com\/es\/producto\/nuuroo-brand-es\/bera-linea-de-cama-bebe-crema-circo\/#breadcrumb"},"inLanguage":"es","potentialAction":[{"@type":"ReadAction","target":["https:\/\/gloopbaby.com\/es\/producto\/nuuroo-brand-es\/bera-linea-de-cama-bebe-crema-circo\/"]}]},{"@type":"ImageObject","inLanguage":"es","@id":"https:\/\/gloopbaby.com\/es\/producto\/nuuroo-brand-es\/bera-linea-de-cama-bebe-crema-circo\/#primaryimage","url":"https:\/\/gloopbaby.com\/wp-content\/uploads\/2025\/05\/NU226.jpg","contentUrl":"https:\/\/gloopbaby.com\/wp-content\/uploads\/2025\/05\/NU226.jpg","width":600,"height":900},{"@type":"BreadcrumbList","@id":"https:\/\/gloopbaby.com\/es\/producto\/nuuroo-brand-es\/bera-linea-de-cama-bebe-crema-circo\/#breadcrumb","itemListElement":[{"@type":"ListItem","position":1,"name":"In\u00edcio","item":"https:\/\/gloopbaby.com\/es\/"},{"@type":"ListItem","position":2,"name":"Shop","item":"https:\/\/gloopbaby.com\/loja\/"},{"@type":"ListItem","position":3,"name":"Bera l\u00ednea de cama beb\u00e9 crema circo"}]},{"@type":"WebSite","@id":"https:\/\/gloopbaby.com\/es\/#website","url":"https:\/\/gloopbaby.com\/es\/","name":"Gloop Baby","description":"","publisher":{"@id":"https:\/\/gloopbaby.com\/es\/#organization"},"potentialAction":[{"@type":"SearchAction","target":{"@type":"EntryPoint","urlTemplate":"https:\/\/gloopbaby.com\/es\/?s={search_term_string}"},"query-input":{"@type":"PropertyValueSpecification","valueRequired":true,"valueName":"search_term_string"}}],"inLanguage":"es"},{"@type":"Organization","@id":"https:\/\/gloopbaby.com\/es\/#organization","name":"Gloop Baby","url":"https:\/\/gloopbaby.com\/es\/","logo":{"@type":"ImageObject","inLanguage":"es","@id":"https:\/\/gloopbaby.com\/es\/#\/schema\/logo\/image\/","url":"https:\/\/gloopbaby.com\/wp-content\/uploads\/2023\/06\/gloop-logo.svg","contentUrl":"https:\/\/gloopbaby.com\/wp-content\/uploads\/2023\/06\/gloop-logo.svg","width":100,"height":100,"caption":"Gloop Baby"},"image":{"@id":"https:\/\/gloopbaby.com\/es\/#\/schema\/logo\/image\/"}}]}},"_links":{"self":[{"href":"https:\/\/gloopbaby.com\/es\/wp-json\/wp\/v2\/product\/131300","targetHints":{"allow":["GET"]}}],"collection":[{"href":"https:\/\/gloopbaby.com\/es\/wp-json\/wp\/v2\/product"}],"about":[{"href":"https:\/\/gloopbaby.com\/es\/wp-json\/wp\/v2\/types\/product"}],"replies":[{"embeddable":true,"href":"https:\/\/gloopbaby.com\/es\/wp-json\/wp\/v2\/comments?post=131300"}],"wp:featuredmedia":[{"embeddable":true,"href":"https:\/\/gloopbaby.com\/es\/wp-json\/wp\/v2\/media\/131311"}],"wp:attachment":[{"href":"https:\/\/gloopbaby.com\/es\/wp-json\/wp\/v2\/media?parent=131300"}],"wp:term":[{"taxonomy":"product_brand","embeddable":true,"href":"https:\/\/gloopbaby.com\/es\/wp-json\/wp\/v2\/product_brand?post=131300"},{"taxonomy":"product_cat","embeddable":true,"href":"https:\/\/gloopbaby.com\/es\/wp-json\/wp\/v2\/product_cat?post=131300"},{"taxonomy":"product_tag","embeddable":true,"href":"https:\/\/gloopbaby.com\/es\/wp-json\/wp\/v2\/product_tag?post=131300"}],"curies":[{"name":"wp","href":"https:\/\/api.w.org\/{rel}","templated":true}]}}