{"id":131258,"date":"2025-05-08T14:19:28","date_gmt":"2025-05-08T14:19:28","guid":{"rendered":"https:\/\/gloopbaby.com\/?post_type=product&#038;p=131258"},"modified":"2025-05-08T14:32:00","modified_gmt":"2025-05-08T14:32:00","slug":"fille-muneca-de-punto-elefante","status":"publish","type":"product","link":"https:\/\/gloopbaby.com\/es\/producto\/nuuroo-brand-es\/fille-muneca-de-punto-elefante\/","title":{"rendered":"Fille mu\u00f1eca de punto elefante"},"content":{"rendered":"<p>MUNECA DE PUNTO ELEFANTE DE ALGOD\u00d3N ORG\u00c1NICO<\/p>\n<p>Adorable y juguet\u00f3n, listo para volver a casa con su nuevo mejor amigo. Fille est\u00e1 hecho de algod\u00f3n org\u00e1nico de punto 100 % con relleno de poli\u00e9ster reciclado.<\/p>\n<p>El producto cuenta con certificaci\u00f3n CE.<\/p>\n<p>INFORMACI\u00d3N SOBRE:<\/p>\n<p>Color: Gris<\/p>\n<p>Calidad: 100 % algod\u00f3n org\u00e1nico<\/p>\n<p>Dimensiones: 29 x 12 cm<\/p>\n","protected":false},"excerpt":{"rendered":"<p>MUNECA DE PUNTO ELEFANTE DE ALGOD\u00d3N ORG\u00c1NICO Adorable y juguet\u00f3n, listo para volver a casa con su nuevo mejor amigo. Fille est\u00e1 hecho de algod\u00f3n org\u00e1nico de punto 100 % con relleno de poli\u00e9ster reciclado. El producto cuenta con certificaci\u00f3n CE. INFORMACI\u00d3N SOBRE: Color: Gris Calidad: 100 % algod\u00f3n org\u00e1nico Dimensiones: 29 x 12 cm<\/p>\n","protected":false},"featured_media":131274,"comment_status":"closed","ping_status":"closed","template":"","meta":{"_acf_changed":false},"product_brand":[],"product_cat":[1746],"product_tag":[],"class_list":{"0":"post-131258","1":"product","2":"type-product","3":"status-publish","4":"has-post-thumbnail","6":"product_cat-nuuroo-brand-es","8":"first","9":"instock","10":"sale","11":"taxable","12":"shipping-taxable","13":"purchasable","14":"product-type-simple"},"acf":[],"yoast_head":"<!-- This site is optimized with the Yoast SEO plugin v27.3 - https:\/\/yoast.com\/product\/yoast-seo-wordpress\/ -->\n<title>Fille mu\u00f1eca de punto elefante - Gloop Baby<\/title>\n<meta name=\"robots\" content=\"index, follow, max-snippet:-1, max-image-preview:large, max-video-preview:-1\" \/>\n<link rel=\"canonical\" href=\"https:\/\/gloopbaby.com\/es\/producto\/nuuroo-brand-es\/fille-muneca-de-punto-elefante\/\" \/>\n<meta property=\"og:locale\" content=\"es_ES\" \/>\n<meta property=\"og:type\" content=\"article\" \/>\n<meta property=\"og:title\" content=\"Fille mu\u00f1eca de punto elefante - Gloop Baby\" \/>\n<meta property=\"og:description\" content=\"MUNECA DE PUNTO ELEFANTE DE ALGOD\u00d3N ORG\u00c1NICO Adorable y juguet\u00f3n, listo para volver a casa con su nuevo mejor amigo. Fille est\u00e1 hecho de algod\u00f3n org\u00e1nico de punto 100 % con relleno de poli\u00e9ster reciclado. El producto cuenta con certificaci\u00f3n CE. INFORMACI\u00d3N SOBRE: Color: Gris Calidad: 100 % algod\u00f3n org\u00e1nico Dimensiones: 29 x 12 cm\" \/>\n<meta property=\"og:url\" content=\"https:\/\/gloopbaby.com\/es\/producto\/nuuroo-brand-es\/fille-muneca-de-punto-elefante\/\" \/>\n<meta property=\"og:site_name\" content=\"Gloop Baby\" \/>\n<meta property=\"article:modified_time\" content=\"2025-05-08T14:32:00+00:00\" \/>\n<meta property=\"og:image\" content=\"https:\/\/gloopbaby.com\/wp-content\/uploads\/2025\/05\/NU255.jpg\" \/>\n\t<meta property=\"og:image:width\" content=\"600\" \/>\n\t<meta property=\"og:image:height\" content=\"900\" \/>\n\t<meta property=\"og:image:type\" content=\"image\/jpeg\" \/>\n<meta name=\"twitter:card\" content=\"summary_large_image\" \/>\n<script type=\"application\/ld+json\" class=\"yoast-schema-graph\">{\"@context\":\"https:\\\/\\\/schema.org\",\"@graph\":[{\"@type\":\"WebPage\",\"@id\":\"https:\\\/\\\/gloopbaby.com\\\/es\\\/producto\\\/nuuroo-brand-es\\\/fille-muneca-de-punto-elefante\\\/\",\"url\":\"https:\\\/\\\/gloopbaby.com\\\/es\\\/producto\\\/nuuroo-brand-es\\\/fille-muneca-de-punto-elefante\\\/\",\"name\":\"Fille mu\u00f1eca de punto elefante - Gloop Baby\",\"isPartOf\":{\"@id\":\"https:\\\/\\\/gloopbaby.com\\\/es\\\/#website\"},\"primaryImageOfPage\":{\"@id\":\"https:\\\/\\\/gloopbaby.com\\\/es\\\/producto\\\/nuuroo-brand-es\\\/fille-muneca-de-punto-elefante\\\/#primaryimage\"},\"image\":{\"@id\":\"https:\\\/\\\/gloopbaby.com\\\/es\\\/producto\\\/nuuroo-brand-es\\\/fille-muneca-de-punto-elefante\\\/#primaryimage\"},\"thumbnailUrl\":\"https:\\\/\\\/gloopbaby.com\\\/wp-content\\\/uploads\\\/2025\\\/05\\\/NU255.jpg\",\"datePublished\":\"2025-05-08T14:19:28+00:00\",\"dateModified\":\"2025-05-08T14:32:00+00:00\",\"breadcrumb\":{\"@id\":\"https:\\\/\\\/gloopbaby.com\\\/es\\\/producto\\\/nuuroo-brand-es\\\/fille-muneca-de-punto-elefante\\\/#breadcrumb\"},\"inLanguage\":\"es\",\"potentialAction\":[{\"@type\":\"ReadAction\",\"target\":[\"https:\\\/\\\/gloopbaby.com\\\/es\\\/producto\\\/nuuroo-brand-es\\\/fille-muneca-de-punto-elefante\\\/\"]}]},{\"@type\":\"ImageObject\",\"inLanguage\":\"es\",\"@id\":\"https:\\\/\\\/gloopbaby.com\\\/es\\\/producto\\\/nuuroo-brand-es\\\/fille-muneca-de-punto-elefante\\\/#primaryimage\",\"url\":\"https:\\\/\\\/gloopbaby.com\\\/wp-content\\\/uploads\\\/2025\\\/05\\\/NU255.jpg\",\"contentUrl\":\"https:\\\/\\\/gloopbaby.com\\\/wp-content\\\/uploads\\\/2025\\\/05\\\/NU255.jpg\",\"width\":600,\"height\":900},{\"@type\":\"BreadcrumbList\",\"@id\":\"https:\\\/\\\/gloopbaby.com\\\/es\\\/producto\\\/nuuroo-brand-es\\\/fille-muneca-de-punto-elefante\\\/#breadcrumb\",\"itemListElement\":[{\"@type\":\"ListItem\",\"position\":1,\"name\":\"In\u00edcio\",\"item\":\"https:\\\/\\\/gloopbaby.com\\\/es\\\/\"},{\"@type\":\"ListItem\",\"position\":2,\"name\":\"Shop\",\"item\":\"https:\\\/\\\/gloopbaby.com\\\/loja\\\/\"},{\"@type\":\"ListItem\",\"position\":3,\"name\":\"Fille mu\u00f1eca de punto elefante\"}]},{\"@type\":\"WebSite\",\"@id\":\"https:\\\/\\\/gloopbaby.com\\\/es\\\/#website\",\"url\":\"https:\\\/\\\/gloopbaby.com\\\/es\\\/\",\"name\":\"Gloop Baby\",\"description\":\"\",\"publisher\":{\"@id\":\"https:\\\/\\\/gloopbaby.com\\\/es\\\/#organization\"},\"potentialAction\":[{\"@type\":\"SearchAction\",\"target\":{\"@type\":\"EntryPoint\",\"urlTemplate\":\"https:\\\/\\\/gloopbaby.com\\\/es\\\/?s={search_term_string}\"},\"query-input\":{\"@type\":\"PropertyValueSpecification\",\"valueRequired\":true,\"valueName\":\"search_term_string\"}}],\"inLanguage\":\"es\"},{\"@type\":\"Organization\",\"@id\":\"https:\\\/\\\/gloopbaby.com\\\/es\\\/#organization\",\"name\":\"Gloop Baby\",\"url\":\"https:\\\/\\\/gloopbaby.com\\\/es\\\/\",\"logo\":{\"@type\":\"ImageObject\",\"inLanguage\":\"es\",\"@id\":\"https:\\\/\\\/gloopbaby.com\\\/es\\\/#\\\/schema\\\/logo\\\/image\\\/\",\"url\":\"https:\\\/\\\/gloopbaby.com\\\/wp-content\\\/uploads\\\/2023\\\/06\\\/gloop-logo.svg\",\"contentUrl\":\"https:\\\/\\\/gloopbaby.com\\\/wp-content\\\/uploads\\\/2023\\\/06\\\/gloop-logo.svg\",\"width\":100,\"height\":100,\"caption\":\"Gloop Baby\"},\"image\":{\"@id\":\"https:\\\/\\\/gloopbaby.com\\\/es\\\/#\\\/schema\\\/logo\\\/image\\\/\"}}]}<\/script>\n<!-- \/ Yoast SEO plugin. -->","yoast_head_json":{"title":"Fille mu\u00f1eca de punto elefante - Gloop Baby","robots":{"index":"index","follow":"follow","max-snippet":"max-snippet:-1","max-image-preview":"max-image-preview:large","max-video-preview":"max-video-preview:-1"},"canonical":"https:\/\/gloopbaby.com\/es\/producto\/nuuroo-brand-es\/fille-muneca-de-punto-elefante\/","og_locale":"es_ES","og_type":"article","og_title":"Fille mu\u00f1eca de punto elefante - Gloop Baby","og_description":"MUNECA DE PUNTO ELEFANTE DE ALGOD\u00d3N ORG\u00c1NICO Adorable y juguet\u00f3n, listo para volver a casa con su nuevo mejor amigo. Fille est\u00e1 hecho de algod\u00f3n org\u00e1nico de punto 100 % con relleno de poli\u00e9ster reciclado. El producto cuenta con certificaci\u00f3n CE. INFORMACI\u00d3N SOBRE: Color: Gris Calidad: 100 % algod\u00f3n org\u00e1nico Dimensiones: 29 x 12 cm","og_url":"https:\/\/gloopbaby.com\/es\/producto\/nuuroo-brand-es\/fille-muneca-de-punto-elefante\/","og_site_name":"Gloop Baby","article_modified_time":"2025-05-08T14:32:00+00:00","og_image":[{"width":600,"height":900,"url":"https:\/\/gloopbaby.com\/wp-content\/uploads\/2025\/05\/NU255.jpg","type":"image\/jpeg"}],"twitter_card":"summary_large_image","schema":{"@context":"https:\/\/schema.org","@graph":[{"@type":"WebPage","@id":"https:\/\/gloopbaby.com\/es\/producto\/nuuroo-brand-es\/fille-muneca-de-punto-elefante\/","url":"https:\/\/gloopbaby.com\/es\/producto\/nuuroo-brand-es\/fille-muneca-de-punto-elefante\/","name":"Fille mu\u00f1eca de punto elefante - Gloop Baby","isPartOf":{"@id":"https:\/\/gloopbaby.com\/es\/#website"},"primaryImageOfPage":{"@id":"https:\/\/gloopbaby.com\/es\/producto\/nuuroo-brand-es\/fille-muneca-de-punto-elefante\/#primaryimage"},"image":{"@id":"https:\/\/gloopbaby.com\/es\/producto\/nuuroo-brand-es\/fille-muneca-de-punto-elefante\/#primaryimage"},"thumbnailUrl":"https:\/\/gloopbaby.com\/wp-content\/uploads\/2025\/05\/NU255.jpg","datePublished":"2025-05-08T14:19:28+00:00","dateModified":"2025-05-08T14:32:00+00:00","breadcrumb":{"@id":"https:\/\/gloopbaby.com\/es\/producto\/nuuroo-brand-es\/fille-muneca-de-punto-elefante\/#breadcrumb"},"inLanguage":"es","potentialAction":[{"@type":"ReadAction","target":["https:\/\/gloopbaby.com\/es\/producto\/nuuroo-brand-es\/fille-muneca-de-punto-elefante\/"]}]},{"@type":"ImageObject","inLanguage":"es","@id":"https:\/\/gloopbaby.com\/es\/producto\/nuuroo-brand-es\/fille-muneca-de-punto-elefante\/#primaryimage","url":"https:\/\/gloopbaby.com\/wp-content\/uploads\/2025\/05\/NU255.jpg","contentUrl":"https:\/\/gloopbaby.com\/wp-content\/uploads\/2025\/05\/NU255.jpg","width":600,"height":900},{"@type":"BreadcrumbList","@id":"https:\/\/gloopbaby.com\/es\/producto\/nuuroo-brand-es\/fille-muneca-de-punto-elefante\/#breadcrumb","itemListElement":[{"@type":"ListItem","position":1,"name":"In\u00edcio","item":"https:\/\/gloopbaby.com\/es\/"},{"@type":"ListItem","position":2,"name":"Shop","item":"https:\/\/gloopbaby.com\/loja\/"},{"@type":"ListItem","position":3,"name":"Fille mu\u00f1eca de punto elefante"}]},{"@type":"WebSite","@id":"https:\/\/gloopbaby.com\/es\/#website","url":"https:\/\/gloopbaby.com\/es\/","name":"Gloop Baby","description":"","publisher":{"@id":"https:\/\/gloopbaby.com\/es\/#organization"},"potentialAction":[{"@type":"SearchAction","target":{"@type":"EntryPoint","urlTemplate":"https:\/\/gloopbaby.com\/es\/?s={search_term_string}"},"query-input":{"@type":"PropertyValueSpecification","valueRequired":true,"valueName":"search_term_string"}}],"inLanguage":"es"},{"@type":"Organization","@id":"https:\/\/gloopbaby.com\/es\/#organization","name":"Gloop Baby","url":"https:\/\/gloopbaby.com\/es\/","logo":{"@type":"ImageObject","inLanguage":"es","@id":"https:\/\/gloopbaby.com\/es\/#\/schema\/logo\/image\/","url":"https:\/\/gloopbaby.com\/wp-content\/uploads\/2023\/06\/gloop-logo.svg","contentUrl":"https:\/\/gloopbaby.com\/wp-content\/uploads\/2023\/06\/gloop-logo.svg","width":100,"height":100,"caption":"Gloop Baby"},"image":{"@id":"https:\/\/gloopbaby.com\/es\/#\/schema\/logo\/image\/"}}]}},"_links":{"self":[{"href":"https:\/\/gloopbaby.com\/es\/wp-json\/wp\/v2\/product\/131258","targetHints":{"allow":["GET"]}}],"collection":[{"href":"https:\/\/gloopbaby.com\/es\/wp-json\/wp\/v2\/product"}],"about":[{"href":"https:\/\/gloopbaby.com\/es\/wp-json\/wp\/v2\/types\/product"}],"replies":[{"embeddable":true,"href":"https:\/\/gloopbaby.com\/es\/wp-json\/wp\/v2\/comments?post=131258"}],"wp:featuredmedia":[{"embeddable":true,"href":"https:\/\/gloopbaby.com\/es\/wp-json\/wp\/v2\/media\/131274"}],"wp:attachment":[{"href":"https:\/\/gloopbaby.com\/es\/wp-json\/wp\/v2\/media?parent=131258"}],"wp:term":[{"taxonomy":"product_brand","embeddable":true,"href":"https:\/\/gloopbaby.com\/es\/wp-json\/wp\/v2\/product_brand?post=131258"},{"taxonomy":"product_cat","embeddable":true,"href":"https:\/\/gloopbaby.com\/es\/wp-json\/wp\/v2\/product_cat?post=131258"},{"taxonomy":"product_tag","embeddable":true,"href":"https:\/\/gloopbaby.com\/es\/wp-json\/wp\/v2\/product_tag?post=131258"}],"curies":[{"name":"wp","href":"https:\/\/api.w.org\/{rel}","templated":true}]}}