{"id":131227,"date":"2025-05-08T10:26:06","date_gmt":"2025-05-08T10:26:06","guid":{"rendered":"https:\/\/gloopbaby.com\/?post_type=product&#038;p=131227"},"modified":"2025-10-12T21:51:14","modified_gmt":"2025-10-12T21:51:14","slug":"leslie-protector-de-cuna-circus","status":"publish","type":"product","link":"https:\/\/gloopbaby.com\/es\/producto\/nuuroo-brand-es\/leslie-protector-de-cuna-circus\/","title":{"rendered":"Leslie protector de cuna Circus"},"content":{"rendered":"<pre id=\"tw-target-text\" class=\"tw-data-text tw-text-large tw-ta\" dir=\"ltr\" data-placeholder=\"Tradu\u00e7\u00e3o\" data-ved=\"2ahUKEwjnge2TgJSNAxU2KvsDHWwQGMAQ3ewLegQICRAV\" aria-label=\"Texto traduzido: PROTECTOR DE Cuna de algod\u00f3n org\u00e1nico\r\nEl protector de cuna Leslie proporciona seguridad y protecci\u00f3n a tu beb\u00e9 mientras duerme gracias a su suave acolchado. Est\u00e1 hecho de algod\u00f3n 100 % org\u00e1nico y tiene un n\u00facleo de espuma suave.\r\n\r\nSe entrega en una bolsa de algod\u00f3n org\u00e1nico con el mismo dise\u00f1o, que posteriormente puede usarse para guardar juguetes u otros objetos. Las correas de sujeci\u00f3n facilitan su fijaci\u00f3n a la barandilla. NOTA: Retirar la espuma antes de lavar.\r\n\r\nSOBRE:\r\n\r\nColor: Arena - Abeja\r\nCalidad: 100 % algod\u00f3n org\u00e1nico\r\nDimensiones: 360 x 30 cm\"><span class=\"Y2IQFc\" lang=\"es\">PROTECTOR DE CUNA de algod\u00f3n org\u00e1nico\r\nEl protector de cuna Leslie proporciona seguridad y protecci\u00f3n a tu beb\u00e9 mientras duerme gracias a su suave acolchado. Est\u00e1 hecho de algod\u00f3n 100% org\u00e1nico y espuma suave.\r\n\r\nSe entrega en una bolsa de algod\u00f3n org\u00e1nico con el mismo dise\u00f1o, que posteriormente puede usarse para guardar juguetes u otros objetos. Las correas de sujeci\u00f3n facilitan su fijaci\u00f3n a la barandilla. NOTA: Retirar la espuma antes de lavar.\r\n\r\nSOBRE:\r\n\r\nColor: Cream - Circus \r\nCalidad: 100 % algod\u00f3n org\u00e1nico\r\nDimensiones: 360 x 30 cm<\/span><\/pre>\n","protected":false},"excerpt":{"rendered":"<p>PROTECTOR DE CUNA de algod\u00f3n org\u00e1nico El protector de cuna Leslie proporciona seguridad y protecci\u00f3n a tu beb\u00e9 mientras duerme gracias a su suave acolchado. Est\u00e1 hecho de algod\u00f3n 100% org\u00e1nico y espuma suave. Se entrega en una bolsa de algod\u00f3n org\u00e1nico con el mismo dise\u00f1o, que posteriormente puede usarse para guardar juguetes u otros [&hellip;]<\/p>\n","protected":false},"featured_media":131234,"comment_status":"closed","ping_status":"closed","template":"","meta":{"_acf_changed":false},"product_brand":[],"product_cat":[1746],"product_tag":[],"class_list":{"0":"post-131227","1":"product","2":"type-product","3":"status-publish","4":"has-post-thumbnail","6":"product_cat-nuuroo-brand-es","8":"first","9":"instock","10":"sale","11":"taxable","12":"shipping-taxable","13":"purchasable","14":"product-type-simple"},"acf":[],"yoast_head":"<!-- This site is optimized with the Yoast SEO plugin v27.3 - https:\/\/yoast.com\/product\/yoast-seo-wordpress\/ -->\n<title>Leslie protector de cuna Circus - Gloop Baby<\/title>\n<meta name=\"robots\" content=\"index, follow, max-snippet:-1, max-image-preview:large, max-video-preview:-1\" \/>\n<link rel=\"canonical\" href=\"https:\/\/gloopbaby.com\/es\/producto\/nuuroo-brand-es\/leslie-protector-de-cuna-circus\/\" \/>\n<meta property=\"og:locale\" content=\"es_ES\" \/>\n<meta property=\"og:type\" content=\"article\" \/>\n<meta property=\"og:title\" content=\"Leslie protector de cuna Circus - Gloop Baby\" \/>\n<meta property=\"og:description\" content=\"PROTECTOR DE CUNA de algod\u00f3n org\u00e1nico El protector de cuna Leslie proporciona seguridad y protecci\u00f3n a tu beb\u00e9 mientras duerme gracias a su suave acolchado. Est\u00e1 hecho de algod\u00f3n 100% org\u00e1nico y espuma suave. Se entrega en una bolsa de algod\u00f3n org\u00e1nico con el mismo dise\u00f1o, que posteriormente puede usarse para guardar juguetes u otros [&hellip;]\" \/>\n<meta property=\"og:url\" content=\"https:\/\/gloopbaby.com\/es\/producto\/nuuroo-brand-es\/leslie-protector-de-cuna-circus\/\" \/>\n<meta property=\"og:site_name\" content=\"Gloop Baby\" \/>\n<meta property=\"article:modified_time\" content=\"2025-10-12T21:51:14+00:00\" \/>\n<meta property=\"og:image\" content=\"https:\/\/gloopbaby.com\/wp-content\/uploads\/2025\/05\/NU265_2.jpg\" \/>\n\t<meta property=\"og:image:width\" content=\"600\" \/>\n\t<meta property=\"og:image:height\" content=\"900\" \/>\n\t<meta property=\"og:image:type\" content=\"image\/jpeg\" \/>\n<meta name=\"twitter:card\" content=\"summary_large_image\" \/>\n<script type=\"application\/ld+json\" class=\"yoast-schema-graph\">{\"@context\":\"https:\\\/\\\/schema.org\",\"@graph\":[{\"@type\":\"WebPage\",\"@id\":\"https:\\\/\\\/gloopbaby.com\\\/es\\\/producto\\\/nuuroo-brand-es\\\/leslie-protector-de-cuna-circus\\\/\",\"url\":\"https:\\\/\\\/gloopbaby.com\\\/es\\\/producto\\\/nuuroo-brand-es\\\/leslie-protector-de-cuna-circus\\\/\",\"name\":\"Leslie protector de cuna Circus - Gloop Baby\",\"isPartOf\":{\"@id\":\"https:\\\/\\\/gloopbaby.com\\\/es\\\/#website\"},\"primaryImageOfPage\":{\"@id\":\"https:\\\/\\\/gloopbaby.com\\\/es\\\/producto\\\/nuuroo-brand-es\\\/leslie-protector-de-cuna-circus\\\/#primaryimage\"},\"image\":{\"@id\":\"https:\\\/\\\/gloopbaby.com\\\/es\\\/producto\\\/nuuroo-brand-es\\\/leslie-protector-de-cuna-circus\\\/#primaryimage\"},\"thumbnailUrl\":\"https:\\\/\\\/gloopbaby.com\\\/wp-content\\\/uploads\\\/2025\\\/05\\\/NU265_2.jpg\",\"datePublished\":\"2025-05-08T10:26:06+00:00\",\"dateModified\":\"2025-10-12T21:51:14+00:00\",\"breadcrumb\":{\"@id\":\"https:\\\/\\\/gloopbaby.com\\\/es\\\/producto\\\/nuuroo-brand-es\\\/leslie-protector-de-cuna-circus\\\/#breadcrumb\"},\"inLanguage\":\"es\",\"potentialAction\":[{\"@type\":\"ReadAction\",\"target\":[\"https:\\\/\\\/gloopbaby.com\\\/es\\\/producto\\\/nuuroo-brand-es\\\/leslie-protector-de-cuna-circus\\\/\"]}]},{\"@type\":\"ImageObject\",\"inLanguage\":\"es\",\"@id\":\"https:\\\/\\\/gloopbaby.com\\\/es\\\/producto\\\/nuuroo-brand-es\\\/leslie-protector-de-cuna-circus\\\/#primaryimage\",\"url\":\"https:\\\/\\\/gloopbaby.com\\\/wp-content\\\/uploads\\\/2025\\\/05\\\/NU265_2.jpg\",\"contentUrl\":\"https:\\\/\\\/gloopbaby.com\\\/wp-content\\\/uploads\\\/2025\\\/05\\\/NU265_2.jpg\",\"width\":600,\"height\":900},{\"@type\":\"BreadcrumbList\",\"@id\":\"https:\\\/\\\/gloopbaby.com\\\/es\\\/producto\\\/nuuroo-brand-es\\\/leslie-protector-de-cuna-circus\\\/#breadcrumb\",\"itemListElement\":[{\"@type\":\"ListItem\",\"position\":1,\"name\":\"In\u00edcio\",\"item\":\"https:\\\/\\\/gloopbaby.com\\\/es\\\/\"},{\"@type\":\"ListItem\",\"position\":2,\"name\":\"Shop\",\"item\":\"https:\\\/\\\/gloopbaby.com\\\/loja\\\/\"},{\"@type\":\"ListItem\",\"position\":3,\"name\":\"Leslie protector de cuna Circus\"}]},{\"@type\":\"WebSite\",\"@id\":\"https:\\\/\\\/gloopbaby.com\\\/es\\\/#website\",\"url\":\"https:\\\/\\\/gloopbaby.com\\\/es\\\/\",\"name\":\"Gloop Baby\",\"description\":\"\",\"publisher\":{\"@id\":\"https:\\\/\\\/gloopbaby.com\\\/es\\\/#organization\"},\"potentialAction\":[{\"@type\":\"SearchAction\",\"target\":{\"@type\":\"EntryPoint\",\"urlTemplate\":\"https:\\\/\\\/gloopbaby.com\\\/es\\\/?s={search_term_string}\"},\"query-input\":{\"@type\":\"PropertyValueSpecification\",\"valueRequired\":true,\"valueName\":\"search_term_string\"}}],\"inLanguage\":\"es\"},{\"@type\":\"Organization\",\"@id\":\"https:\\\/\\\/gloopbaby.com\\\/es\\\/#organization\",\"name\":\"Gloop Baby\",\"url\":\"https:\\\/\\\/gloopbaby.com\\\/es\\\/\",\"logo\":{\"@type\":\"ImageObject\",\"inLanguage\":\"es\",\"@id\":\"https:\\\/\\\/gloopbaby.com\\\/es\\\/#\\\/schema\\\/logo\\\/image\\\/\",\"url\":\"https:\\\/\\\/gloopbaby.com\\\/wp-content\\\/uploads\\\/2023\\\/06\\\/gloop-logo.svg\",\"contentUrl\":\"https:\\\/\\\/gloopbaby.com\\\/wp-content\\\/uploads\\\/2023\\\/06\\\/gloop-logo.svg\",\"width\":100,\"height\":100,\"caption\":\"Gloop Baby\"},\"image\":{\"@id\":\"https:\\\/\\\/gloopbaby.com\\\/es\\\/#\\\/schema\\\/logo\\\/image\\\/\"}}]}<\/script>\n<!-- \/ Yoast SEO plugin. -->","yoast_head_json":{"title":"Leslie protector de cuna Circus - Gloop Baby","robots":{"index":"index","follow":"follow","max-snippet":"max-snippet:-1","max-image-preview":"max-image-preview:large","max-video-preview":"max-video-preview:-1"},"canonical":"https:\/\/gloopbaby.com\/es\/producto\/nuuroo-brand-es\/leslie-protector-de-cuna-circus\/","og_locale":"es_ES","og_type":"article","og_title":"Leslie protector de cuna Circus - Gloop Baby","og_description":"PROTECTOR DE CUNA de algod\u00f3n org\u00e1nico El protector de cuna Leslie proporciona seguridad y protecci\u00f3n a tu beb\u00e9 mientras duerme gracias a su suave acolchado. Est\u00e1 hecho de algod\u00f3n 100% org\u00e1nico y espuma suave. Se entrega en una bolsa de algod\u00f3n org\u00e1nico con el mismo dise\u00f1o, que posteriormente puede usarse para guardar juguetes u otros [&hellip;]","og_url":"https:\/\/gloopbaby.com\/es\/producto\/nuuroo-brand-es\/leslie-protector-de-cuna-circus\/","og_site_name":"Gloop Baby","article_modified_time":"2025-10-12T21:51:14+00:00","og_image":[{"width":600,"height":900,"url":"https:\/\/gloopbaby.com\/wp-content\/uploads\/2025\/05\/NU265_2.jpg","type":"image\/jpeg"}],"twitter_card":"summary_large_image","schema":{"@context":"https:\/\/schema.org","@graph":[{"@type":"WebPage","@id":"https:\/\/gloopbaby.com\/es\/producto\/nuuroo-brand-es\/leslie-protector-de-cuna-circus\/","url":"https:\/\/gloopbaby.com\/es\/producto\/nuuroo-brand-es\/leslie-protector-de-cuna-circus\/","name":"Leslie protector de cuna Circus - Gloop Baby","isPartOf":{"@id":"https:\/\/gloopbaby.com\/es\/#website"},"primaryImageOfPage":{"@id":"https:\/\/gloopbaby.com\/es\/producto\/nuuroo-brand-es\/leslie-protector-de-cuna-circus\/#primaryimage"},"image":{"@id":"https:\/\/gloopbaby.com\/es\/producto\/nuuroo-brand-es\/leslie-protector-de-cuna-circus\/#primaryimage"},"thumbnailUrl":"https:\/\/gloopbaby.com\/wp-content\/uploads\/2025\/05\/NU265_2.jpg","datePublished":"2025-05-08T10:26:06+00:00","dateModified":"2025-10-12T21:51:14+00:00","breadcrumb":{"@id":"https:\/\/gloopbaby.com\/es\/producto\/nuuroo-brand-es\/leslie-protector-de-cuna-circus\/#breadcrumb"},"inLanguage":"es","potentialAction":[{"@type":"ReadAction","target":["https:\/\/gloopbaby.com\/es\/producto\/nuuroo-brand-es\/leslie-protector-de-cuna-circus\/"]}]},{"@type":"ImageObject","inLanguage":"es","@id":"https:\/\/gloopbaby.com\/es\/producto\/nuuroo-brand-es\/leslie-protector-de-cuna-circus\/#primaryimage","url":"https:\/\/gloopbaby.com\/wp-content\/uploads\/2025\/05\/NU265_2.jpg","contentUrl":"https:\/\/gloopbaby.com\/wp-content\/uploads\/2025\/05\/NU265_2.jpg","width":600,"height":900},{"@type":"BreadcrumbList","@id":"https:\/\/gloopbaby.com\/es\/producto\/nuuroo-brand-es\/leslie-protector-de-cuna-circus\/#breadcrumb","itemListElement":[{"@type":"ListItem","position":1,"name":"In\u00edcio","item":"https:\/\/gloopbaby.com\/es\/"},{"@type":"ListItem","position":2,"name":"Shop","item":"https:\/\/gloopbaby.com\/loja\/"},{"@type":"ListItem","position":3,"name":"Leslie protector de cuna Circus"}]},{"@type":"WebSite","@id":"https:\/\/gloopbaby.com\/es\/#website","url":"https:\/\/gloopbaby.com\/es\/","name":"Gloop Baby","description":"","publisher":{"@id":"https:\/\/gloopbaby.com\/es\/#organization"},"potentialAction":[{"@type":"SearchAction","target":{"@type":"EntryPoint","urlTemplate":"https:\/\/gloopbaby.com\/es\/?s={search_term_string}"},"query-input":{"@type":"PropertyValueSpecification","valueRequired":true,"valueName":"search_term_string"}}],"inLanguage":"es"},{"@type":"Organization","@id":"https:\/\/gloopbaby.com\/es\/#organization","name":"Gloop Baby","url":"https:\/\/gloopbaby.com\/es\/","logo":{"@type":"ImageObject","inLanguage":"es","@id":"https:\/\/gloopbaby.com\/es\/#\/schema\/logo\/image\/","url":"https:\/\/gloopbaby.com\/wp-content\/uploads\/2023\/06\/gloop-logo.svg","contentUrl":"https:\/\/gloopbaby.com\/wp-content\/uploads\/2023\/06\/gloop-logo.svg","width":100,"height":100,"caption":"Gloop Baby"},"image":{"@id":"https:\/\/gloopbaby.com\/es\/#\/schema\/logo\/image\/"}}]}},"_links":{"self":[{"href":"https:\/\/gloopbaby.com\/es\/wp-json\/wp\/v2\/product\/131227","targetHints":{"allow":["GET"]}}],"collection":[{"href":"https:\/\/gloopbaby.com\/es\/wp-json\/wp\/v2\/product"}],"about":[{"href":"https:\/\/gloopbaby.com\/es\/wp-json\/wp\/v2\/types\/product"}],"replies":[{"embeddable":true,"href":"https:\/\/gloopbaby.com\/es\/wp-json\/wp\/v2\/comments?post=131227"}],"wp:featuredmedia":[{"embeddable":true,"href":"https:\/\/gloopbaby.com\/es\/wp-json\/wp\/v2\/media\/131234"}],"wp:attachment":[{"href":"https:\/\/gloopbaby.com\/es\/wp-json\/wp\/v2\/media?parent=131227"}],"wp:term":[{"taxonomy":"product_brand","embeddable":true,"href":"https:\/\/gloopbaby.com\/es\/wp-json\/wp\/v2\/product_brand?post=131227"},{"taxonomy":"product_cat","embeddable":true,"href":"https:\/\/gloopbaby.com\/es\/wp-json\/wp\/v2\/product_cat?post=131227"},{"taxonomy":"product_tag","embeddable":true,"href":"https:\/\/gloopbaby.com\/es\/wp-json\/wp\/v2\/product_tag?post=131227"}],"curies":[{"name":"wp","href":"https:\/\/api.w.org\/{rel}","templated":true}]}}